{"id":21560,"date":"2021-03-17T15:18:07","date_gmt":"2021-03-17T13:18:07","guid":{"rendered":"https:\/\/blowbar.ee\/toode\/import-placeholder-for-393\/"},"modified":"2025-03-18T19:22:42","modified_gmt":"2025-03-18T19:22:42","slug":"balmain-hobesprei-200-ml-ash-toner","status":"publish","type":"product","link":"https:\/\/hairdeluxe.ee\/en\/product\/balmain-hobesprei-200-ml-ash-toner\/","title":{"rendered":"BALMAIN HAIR h\u00f5besprei \/ ASH Toner 200ml"},"content":{"rendered":"<div class=\"woocommerce-tabs wc-tabs-wrapper\">\n<div id=\"tab-description\" class=\"woocommerce-Tabs-panel woocommerce-Tabs-panel--description panel entry-content wc-tab\" role=\"tabpanel\" aria-labelledby=\"tab-title-description\">\n<div class=\"page\" title=\"Page 28\">\n<div class=\"section\">\n<div class=\"layoutArea\">\n<div class=\"column\">\n<p><strong>ASH Toner<\/strong> (h\u00f5besprei) neuraliseerib edukalt kollased ja soojad toonid. Toote efektiivsus on suurem, kui ASH Tonerit kasutatakse ennetava meetmena, et s\u00e4ilitada kahe juuste v\u00e4rvimise vahel \u00f5ige blond toon.<\/p>\n<p>Pihustage ASH Tonerit 20cm kauguselt r\u00e4tikukuivadele v\u00f5i kuivadele juustele. Kui h\u00f5besprei kanda r\u00e4tikukuivadele juustele, soodustab toote hajutamist ja v\u00e4heneb plekilise l\u00f5pptulemuse v\u00f5imalust.<\/p>\n<p>\u00c4rge loputage toodet maha. Toode on kiiresti mahapestav, kuna ei lukustu juukse karva.<br \/>\nParema tulemuse saavutamiseks v\u00f5ite paar korda korrata protsessi. Toode on ohutu nahale.<\/p>\n<p>Violetsete pigmentidega juustesse j\u00e4etav valem aitab v\u00e4ltida p\u00e4ikesest v\u00f5i muudest v\u00e4lism\u00f5judest tingitud soovimatuid kollaseid ja\/v\u00f5i sooje toone.<br \/>\nBlondid juuksed n\u00f5uavad palju hooldust ja igan\u00e4dalast parandamist, eriti suvel. Soojade, kollaste\/oran\u017eide v\u00f5i soojade toonide eemaldamiseks soovitatakse parima tulemuse saavutamiseks igap\u00e4evaselt kasutada s\u00fcgava pigmendiga violetset toonerit. Toode ei kuivata juukseid.<\/p>\n<p>ASH Toner on rikastatud argaaniaekstrakti ja siidiproteiiniga mis kaitseb, pehmendab ja toidab juukseid, tuues esile samal ajal blondi jahedat tooni.<br \/>\nLiigne kasutamine ei ole soovitatav, kuna toode on loodud kohese efekti saavutamiseks. Liigne kasutus ja \u00fcledoseerimine ei pruugi juustele h\u00e4sti m\u00f5juda.<\/p>\n<p><em><strong>Koostis:<\/strong> Aqua, Alcohol Denat., Peg-7 Glyceryl Cocoate, Glycerin, Argania Spinosa Kernel Extract, Silk Amino Acids, Panthenol, Stearamidopropyl Dimethylamine, Cetrimonium Chloride, Ethylhexyl Methoxycinnamate, Benzophenone-4, Butylene Glycol, Parfum, Lactic Acid, Phenoxyethanol, Ethylhexylglycerin, Basic Blue 99, Basic Red 51, Benzoic Acid<\/em><\/p>\n<\/div>\n<div class=\"column\"><\/div>\n<\/div>\n<\/div>\n<\/div>\n<\/div>\n<\/div>\n","protected":false},"excerpt":{"rendered":"<p>Juustesse j\u00e4etav h\u00f5besprei ASH Toner on s\u00fcgava lilla tooniga, v\u00e4hendab juustes soovimatuid kollaseid toone. Ideaalne kasutamiseks blondidel juustel v\u00e4rske ja s\u00e4rava tooni v\u00e4rskendamiseks v\u00e4rvimise kordade vahel. Toode on rikastatud orgaanilise argaania\u00f5li ja siidiproteiiniga, mis niisutavad juukseid, j\u00e4ttes need meeldivalt pehmeks, niisutatuks ja s\u00e4ravaks.<br \/>\n&#8211; Neutraliseerib kollaseid ja sooje toone<br \/>\n&#8211; Ajutine efekt<br \/>\n&#8211; Kergelt v\u00e4ljapestav<br \/>\n&#8211; Niisutav ja kaitsev<br \/>\n&#8211; Kerge koostisega, juustesse j\u00e4etav<\/p>\n<p><strong>Kasutamine:<\/strong> Piserdada toodet 20cm kauguselt niisketele v\u00f5i kuivadele juustele. lasta toimida 10-15min, parema efekti saavutamiseks, korrata protsessi. Parima tulemuse saavutamiseks piserdada toodet niisketesse juustesse \u2013 nii jaotub toode \u00fchtlasemalt. Lisada toodet kuni olete saavutanud soovitud tulemuse. Mitte loputada. Kuna toode annab ajutist tulemust e. on mahapestav, siis soovitame seda mitte igap\u00e4evaselt kasutada.<\/p>\n<p><strong>Soovitame:<\/strong>\u00a0Kasutada toodet triibutatud, blondidel, v\u00e4rvitud ja hallidel juustel. Sellega saab v\u00e4rskendada ka naturaalsetest juustest juuksepikendusi.<\/p>\n<p>Kogus: 200ml<\/p>\n<p>https:\/\/www.youtube.com\/watch?v=aliBVn-KbN0<\/p>\n","protected":false},"featured_media":21631,"template":"","meta":[],"product_brand":[464],"product_cat":[266,231,265,208,121,155,282],"product_tag":[],"class_list":{"0":"post-21560","1":"product","2":"type-product","3":"status-publish","4":"has-post-thumbnail","6":"product_brand-balmain-hair","7":"product_cat-balmain-hair","8":"product_cat-blondeeritud-juustele","9":"product_cat-brandid","10":"product_cat-juuksehooldus","11":"product_cat-koik-tooted","12":"product_cat-pikenduste-jarelehoolitsus","13":"product_cat-varvitud-juustele-couleurs-couture","15":"first","16":"instock","17":"taxable","18":"shipping-taxable","19":"purchasable","20":"product-type-simple","21":"add-to-wishlist-after_add_to_cart"},"yoast_head":"<!-- This site is optimized with the Yoast SEO plugin v27.3 - https:\/\/yoast.com\/product\/yoast-seo-wordpress\/ -->\n<title>BALMAIN HAIR h\u00f5besprei \/ ASH Toner 200ml - Hair Deluxe<\/title>\n<meta name=\"robots\" content=\"index, follow, max-snippet:-1, max-image-preview:large, max-video-preview:-1\" \/>\n<link rel=\"canonical\" href=\"https:\/\/hairdeluxe.ee\/en\/product\/balmain-hobesprei-200-ml-ash-toner\/\" \/>\n<meta property=\"og:locale\" content=\"en_US\" \/>\n<meta property=\"og:type\" content=\"article\" \/>\n<meta property=\"og:title\" content=\"BALMAIN HAIR h\u00f5besprei \/ ASH Toner 200ml - Hair Deluxe\" \/>\n<meta property=\"og:description\" content=\"Juustesse j\u00e4etav h\u00f5besprei ASH Toner on s\u00fcgava lilla tooniga, v\u00e4hendab juustes soovimatuid kollaseid toone. Ideaalne kasutamiseks blondidel juustel v\u00e4rske ja s\u00e4rava tooni v\u00e4rskendamiseks v\u00e4rvimise kordade vahel. Toode on rikastatud orgaanilise argaania\u00f5li ja siidiproteiiniga, mis niisutavad juukseid, j\u00e4ttes need meeldivalt pehmeks, niisutatuks ja s\u00e4ravaks. - Neutraliseerib kollaseid ja sooje toone - Ajutine efekt - Kergelt v\u00e4ljapestav - Niisutav ja kaitsev - Kerge koostisega, juustesse j\u00e4etav  Kasutamine: Piserdada toodet 20cm kauguselt niisketele v\u00f5i kuivadele juustele. lasta toimida 10-15min, parema efekti saavutamiseks, korrata protsessi. Parima tulemuse saavutamiseks piserdada toodet niisketesse juustesse \u2013 nii jaotub toode \u00fchtlasemalt. Lisada toodet kuni olete saavutanud soovitud tulemuse. Mitte loputada. Kuna toode annab ajutist tulemust e. on mahapestav, siis soovitame seda mitte igap\u00e4evaselt kasutada.  Soovitame:\u00a0Kasutada toodet triibutatud, blondidel, v\u00e4rvitud ja hallidel juustel. Sellega saab v\u00e4rskendada ka naturaalsetest juustest juuksepikendusi.  Kogus: 200ml  https:\/\/www.youtube.com\/watch?v=aliBVn-KbN0\" \/>\n<meta property=\"og:url\" content=\"https:\/\/hairdeluxe.ee\/en\/product\/balmain-hobesprei-200-ml-ash-toner\/\" \/>\n<meta property=\"og:site_name\" content=\"Hair Deluxe\" \/>\n<meta property=\"article:publisher\" content=\"https:\/\/www.facebook.com\/blowbartallinn\" \/>\n<meta property=\"article:modified_time\" content=\"2025-03-18T19:22:42+00:00\" \/>\n<meta property=\"og:image\" content=\"https:\/\/hairdeluxe.ee\/wp-content\/uploads\/2021\/03\/ash-toner-scaled-1.jpg\" \/>\n\t<meta property=\"og:image:width\" content=\"2560\" \/>\n\t<meta property=\"og:image:height\" content=\"2560\" \/>\n\t<meta property=\"og:image:type\" content=\"image\/jpeg\" \/>\n<meta name=\"twitter:card\" content=\"summary_large_image\" \/>\n<script type=\"application\/ld+json\" class=\"yoast-schema-graph\">{\"@context\":\"https:\\\/\\\/schema.org\",\"@graph\":[{\"@type\":\"WebPage\",\"@id\":\"https:\\\/\\\/hairdeluxe.ee\\\/en\\\/product\\\/balmain-hobesprei-200-ml-ash-toner\\\/\",\"url\":\"https:\\\/\\\/hairdeluxe.ee\\\/en\\\/product\\\/balmain-hobesprei-200-ml-ash-toner\\\/\",\"name\":\"BALMAIN HAIR h\u00f5besprei \\\/ ASH Toner 200ml - Hair Deluxe\",\"isPartOf\":{\"@id\":\"https:\\\/\\\/hairdeluxe.ee\\\/en\\\/#website\"},\"primaryImageOfPage\":{\"@id\":\"https:\\\/\\\/hairdeluxe.ee\\\/en\\\/product\\\/balmain-hobesprei-200-ml-ash-toner\\\/#primaryimage\"},\"image\":{\"@id\":\"https:\\\/\\\/hairdeluxe.ee\\\/en\\\/product\\\/balmain-hobesprei-200-ml-ash-toner\\\/#primaryimage\"},\"thumbnailUrl\":\"https:\\\/\\\/hairdeluxe.ee\\\/wp-content\\\/uploads\\\/2021\\\/03\\\/ash-toner-scaled-1.jpg\",\"datePublished\":\"2021-03-17T13:18:07+00:00\",\"dateModified\":\"2025-03-18T19:22:42+00:00\",\"breadcrumb\":{\"@id\":\"https:\\\/\\\/hairdeluxe.ee\\\/en\\\/product\\\/balmain-hobesprei-200-ml-ash-toner\\\/#breadcrumb\"},\"inLanguage\":\"en-US\",\"potentialAction\":[{\"@type\":\"ReadAction\",\"target\":[\"https:\\\/\\\/hairdeluxe.ee\\\/en\\\/product\\\/balmain-hobesprei-200-ml-ash-toner\\\/\"]}]},{\"@type\":\"ImageObject\",\"inLanguage\":\"en-US\",\"@id\":\"https:\\\/\\\/hairdeluxe.ee\\\/en\\\/product\\\/balmain-hobesprei-200-ml-ash-toner\\\/#primaryimage\",\"url\":\"https:\\\/\\\/hairdeluxe.ee\\\/wp-content\\\/uploads\\\/2021\\\/03\\\/ash-toner-scaled-1.jpg\",\"contentUrl\":\"https:\\\/\\\/hairdeluxe.ee\\\/wp-content\\\/uploads\\\/2021\\\/03\\\/ash-toner-scaled-1.jpg\",\"width\":2560,\"height\":2560},{\"@type\":\"BreadcrumbList\",\"@id\":\"https:\\\/\\\/hairdeluxe.ee\\\/en\\\/product\\\/balmain-hobesprei-200-ml-ash-toner\\\/#breadcrumb\",\"itemListElement\":[{\"@type\":\"ListItem\",\"position\":1,\"name\":\"Home\",\"item\":\"https:\\\/\\\/hairdeluxe.ee\\\/en\\\/\"},{\"@type\":\"ListItem\",\"position\":2,\"name\":\"Shop\",\"item\":\"https:\\\/\\\/hairdeluxe.ee\\\/en\\\/shop\\\/\"},{\"@type\":\"ListItem\",\"position\":3,\"name\":\"BALMAIN HAIR h\u00f5besprei \\\/ ASH Toner 200ml\"}]},{\"@type\":\"WebSite\",\"@id\":\"https:\\\/\\\/hairdeluxe.ee\\\/en\\\/#website\",\"url\":\"https:\\\/\\\/hairdeluxe.ee\\\/en\\\/\",\"name\":\"Hair Deluxe\",\"description\":\"Highlight your natural beauty\",\"publisher\":{\"@id\":\"https:\\\/\\\/hairdeluxe.ee\\\/en\\\/#organization\"},\"potentialAction\":[{\"@type\":\"SearchAction\",\"target\":{\"@type\":\"EntryPoint\",\"urlTemplate\":\"https:\\\/\\\/hairdeluxe.ee\\\/en\\\/?s={search_term_string}\"},\"query-input\":{\"@type\":\"PropertyValueSpecification\",\"valueRequired\":true,\"valueName\":\"search_term_string\"}}],\"inLanguage\":\"en-US\"},{\"@type\":\"Organization\",\"@id\":\"https:\\\/\\\/hairdeluxe.ee\\\/en\\\/#organization\",\"name\":\"Hair Deluxe\",\"url\":\"https:\\\/\\\/hairdeluxe.ee\\\/en\\\/\",\"logo\":{\"@type\":\"ImageObject\",\"inLanguage\":\"en-US\",\"@id\":\"https:\\\/\\\/hairdeluxe.ee\\\/en\\\/#\\\/schema\\\/logo\\\/image\\\/\",\"url\":\"https:\\\/\\\/hairdeluxe.ee\\\/wp-content\\\/uploads\\\/2024\\\/06\\\/Hair-Deluxe-Logo-Dark-font.png\",\"contentUrl\":\"https:\\\/\\\/hairdeluxe.ee\\\/wp-content\\\/uploads\\\/2024\\\/06\\\/Hair-Deluxe-Logo-Dark-font.png\",\"width\":467,\"height\":177,\"caption\":\"Hair Deluxe\"},\"image\":{\"@id\":\"https:\\\/\\\/hairdeluxe.ee\\\/en\\\/#\\\/schema\\\/logo\\\/image\\\/\"},\"sameAs\":[\"https:\\\/\\\/www.facebook.com\\\/blowbartallinn\",\"https:\\\/\\\/www.instagram.com\\\/blowbar_tallinn\"]}]}<\/script>\n<!-- \/ Yoast SEO plugin. -->","yoast_head_json":{"title":"BALMAIN HAIR h\u00f5besprei \/ ASH Toner 200ml - Hair Deluxe","robots":{"index":"index","follow":"follow","max-snippet":"max-snippet:-1","max-image-preview":"max-image-preview:large","max-video-preview":"max-video-preview:-1"},"canonical":"https:\/\/hairdeluxe.ee\/en\/product\/balmain-hobesprei-200-ml-ash-toner\/","og_locale":"en_US","og_type":"article","og_title":"BALMAIN HAIR h\u00f5besprei \/ ASH Toner 200ml - Hair Deluxe","og_description":"Juustesse j\u00e4etav h\u00f5besprei ASH Toner on s\u00fcgava lilla tooniga, v\u00e4hendab juustes soovimatuid kollaseid toone. Ideaalne kasutamiseks blondidel juustel v\u00e4rske ja s\u00e4rava tooni v\u00e4rskendamiseks v\u00e4rvimise kordade vahel. Toode on rikastatud orgaanilise argaania\u00f5li ja siidiproteiiniga, mis niisutavad juukseid, j\u00e4ttes need meeldivalt pehmeks, niisutatuks ja s\u00e4ravaks. - Neutraliseerib kollaseid ja sooje toone - Ajutine efekt - Kergelt v\u00e4ljapestav - Niisutav ja kaitsev - Kerge koostisega, juustesse j\u00e4etav  Kasutamine: Piserdada toodet 20cm kauguselt niisketele v\u00f5i kuivadele juustele. lasta toimida 10-15min, parema efekti saavutamiseks, korrata protsessi. Parima tulemuse saavutamiseks piserdada toodet niisketesse juustesse \u2013 nii jaotub toode \u00fchtlasemalt. Lisada toodet kuni olete saavutanud soovitud tulemuse. Mitte loputada. Kuna toode annab ajutist tulemust e. on mahapestav, siis soovitame seda mitte igap\u00e4evaselt kasutada.  Soovitame:\u00a0Kasutada toodet triibutatud, blondidel, v\u00e4rvitud ja hallidel juustel. Sellega saab v\u00e4rskendada ka naturaalsetest juustest juuksepikendusi.  Kogus: 200ml  https:\/\/www.youtube.com\/watch?v=aliBVn-KbN0","og_url":"https:\/\/hairdeluxe.ee\/en\/product\/balmain-hobesprei-200-ml-ash-toner\/","og_site_name":"Hair Deluxe","article_publisher":"https:\/\/www.facebook.com\/blowbartallinn","article_modified_time":"2025-03-18T19:22:42+00:00","og_image":[{"width":2560,"height":2560,"url":"https:\/\/hairdeluxe.ee\/wp-content\/uploads\/2021\/03\/ash-toner-scaled-1.jpg","type":"image\/jpeg"}],"twitter_card":"summary_large_image","schema":{"@context":"https:\/\/schema.org","@graph":[{"@type":"WebPage","@id":"https:\/\/hairdeluxe.ee\/en\/product\/balmain-hobesprei-200-ml-ash-toner\/","url":"https:\/\/hairdeluxe.ee\/en\/product\/balmain-hobesprei-200-ml-ash-toner\/","name":"BALMAIN HAIR h\u00f5besprei \/ ASH Toner 200ml - Hair Deluxe","isPartOf":{"@id":"https:\/\/hairdeluxe.ee\/en\/#website"},"primaryImageOfPage":{"@id":"https:\/\/hairdeluxe.ee\/en\/product\/balmain-hobesprei-200-ml-ash-toner\/#primaryimage"},"image":{"@id":"https:\/\/hairdeluxe.ee\/en\/product\/balmain-hobesprei-200-ml-ash-toner\/#primaryimage"},"thumbnailUrl":"https:\/\/hairdeluxe.ee\/wp-content\/uploads\/2021\/03\/ash-toner-scaled-1.jpg","datePublished":"2021-03-17T13:18:07+00:00","dateModified":"2025-03-18T19:22:42+00:00","breadcrumb":{"@id":"https:\/\/hairdeluxe.ee\/en\/product\/balmain-hobesprei-200-ml-ash-toner\/#breadcrumb"},"inLanguage":"en-US","potentialAction":[{"@type":"ReadAction","target":["https:\/\/hairdeluxe.ee\/en\/product\/balmain-hobesprei-200-ml-ash-toner\/"]}]},{"@type":"ImageObject","inLanguage":"en-US","@id":"https:\/\/hairdeluxe.ee\/en\/product\/balmain-hobesprei-200-ml-ash-toner\/#primaryimage","url":"https:\/\/hairdeluxe.ee\/wp-content\/uploads\/2021\/03\/ash-toner-scaled-1.jpg","contentUrl":"https:\/\/hairdeluxe.ee\/wp-content\/uploads\/2021\/03\/ash-toner-scaled-1.jpg","width":2560,"height":2560},{"@type":"BreadcrumbList","@id":"https:\/\/hairdeluxe.ee\/en\/product\/balmain-hobesprei-200-ml-ash-toner\/#breadcrumb","itemListElement":[{"@type":"ListItem","position":1,"name":"Home","item":"https:\/\/hairdeluxe.ee\/en\/"},{"@type":"ListItem","position":2,"name":"Shop","item":"https:\/\/hairdeluxe.ee\/en\/shop\/"},{"@type":"ListItem","position":3,"name":"BALMAIN HAIR h\u00f5besprei \/ ASH Toner 200ml"}]},{"@type":"WebSite","@id":"https:\/\/hairdeluxe.ee\/en\/#website","url":"https:\/\/hairdeluxe.ee\/en\/","name":"Hair Deluxe","description":"Highlight your natural beauty","publisher":{"@id":"https:\/\/hairdeluxe.ee\/en\/#organization"},"potentialAction":[{"@type":"SearchAction","target":{"@type":"EntryPoint","urlTemplate":"https:\/\/hairdeluxe.ee\/en\/?s={search_term_string}"},"query-input":{"@type":"PropertyValueSpecification","valueRequired":true,"valueName":"search_term_string"}}],"inLanguage":"en-US"},{"@type":"Organization","@id":"https:\/\/hairdeluxe.ee\/en\/#organization","name":"Hair Deluxe","url":"https:\/\/hairdeluxe.ee\/en\/","logo":{"@type":"ImageObject","inLanguage":"en-US","@id":"https:\/\/hairdeluxe.ee\/en\/#\/schema\/logo\/image\/","url":"https:\/\/hairdeluxe.ee\/wp-content\/uploads\/2024\/06\/Hair-Deluxe-Logo-Dark-font.png","contentUrl":"https:\/\/hairdeluxe.ee\/wp-content\/uploads\/2024\/06\/Hair-Deluxe-Logo-Dark-font.png","width":467,"height":177,"caption":"Hair Deluxe"},"image":{"@id":"https:\/\/hairdeluxe.ee\/en\/#\/schema\/logo\/image\/"},"sameAs":["https:\/\/www.facebook.com\/blowbartallinn","https:\/\/www.instagram.com\/blowbar_tallinn"]}]}},"_links":{"self":[{"href":"https:\/\/hairdeluxe.ee\/en\/wp-json\/wp\/v2\/product\/21560","targetHints":{"allow":["GET"]}}],"collection":[{"href":"https:\/\/hairdeluxe.ee\/en\/wp-json\/wp\/v2\/product"}],"about":[{"href":"https:\/\/hairdeluxe.ee\/en\/wp-json\/wp\/v2\/types\/product"}],"wp:featuredmedia":[{"embeddable":true,"href":"https:\/\/hairdeluxe.ee\/en\/wp-json\/wp\/v2\/media\/21631"}],"wp:attachment":[{"href":"https:\/\/hairdeluxe.ee\/en\/wp-json\/wp\/v2\/media?parent=21560"}],"wp:term":[{"taxonomy":"product_brand","embeddable":true,"href":"https:\/\/hairdeluxe.ee\/en\/wp-json\/wp\/v2\/product_brand?post=21560"},{"taxonomy":"product_cat","embeddable":true,"href":"https:\/\/hairdeluxe.ee\/en\/wp-json\/wp\/v2\/product_cat?post=21560"},{"taxonomy":"product_tag","embeddable":true,"href":"https:\/\/hairdeluxe.ee\/en\/wp-json\/wp\/v2\/product_tag?post=21560"}],"curies":[{"name":"wp","href":"https:\/\/api.w.org\/{rel}","templated":true}]}}