{"id":21595,"date":"2021-03-17T15:18:52","date_gmt":"2021-03-17T13:18:52","guid":{"rendered":"https:\/\/blowbar.ee\/toode\/import-placeholder-for-417\/"},"modified":"2025-03-18T19:22:41","modified_gmt":"2025-03-18T19:22:41","slug":"balmain-naturaalsetest-harjastest-tupeerimishari","status":"publish","type":"product","link":"https:\/\/hairdeluxe.ee\/en\/product\/balmain-naturaalsetest-harjastest-tupeerimishari\/","title":{"rendered":"BALMAIN HAIR naturaalsetest harjastest tupeerimishari must \/ Boar Hair Backcomb Brush Black"},"content":{"rendered":"","protected":false},"excerpt":{"rendered":"<p>Balmain Hair naturaalsetest harjastest tupeerimisharjaga saate lisada juustele lihtsasti ja mugavalt vol\u00fc\u00fcmi, \u00fchtlasi silute juukse pinda. Harja kuumakindla sabaga saate luua afrolokke, keerates juuksed \u00fcmber kammi saba ja <a href=\"https:\/\/www.balmainhair.ee\/toode\/balmain-cordless-titanium-straightener\/\">kuumutades juukseid sirgendajaga.<\/a><\/p>\n<p>&#8211; Kohene vol\u00fc\u00fcm<br \/>\n&#8211; Naturaalsed harjased<br \/>\n&#8211; Kuumakindel kammi saba<\/p>\n<p>https:\/\/youtu.be\/W7-Sqed4_Z4<\/p>\n","protected":false},"featured_media":39265,"template":"","meta":[],"product_brand":[464],"product_cat":[96,266,265,128,121],"product_tag":[],"class_list":{"0":"post-21595","1":"product","2":"type-product","3":"status-publish","4":"has-post-thumbnail","6":"product_brand-balmain-hair","7":"product_cat-aksessuaarid","8":"product_cat-balmain-hair","9":"product_cat-brandid","10":"product_cat-kammid-harjad","11":"product_cat-koik-tooted","13":"first","14":"instock","15":"taxable","16":"shipping-taxable","17":"purchasable","18":"product-type-simple","19":"add-to-wishlist-after_add_to_cart"},"yoast_head":"<!-- This site is optimized with the Yoast SEO plugin v27.5 - https:\/\/yoast.com\/product\/yoast-seo-wordpress\/ -->\n<title>BALMAIN HAIR naturaalsetest harjastest tupeerimishari must \/ Boar Hair Backcomb Brush Black - Hair Deluxe<\/title>\n<meta name=\"robots\" content=\"index, follow, max-snippet:-1, max-image-preview:large, max-video-preview:-1\" \/>\n<link rel=\"canonical\" href=\"https:\/\/hairdeluxe.ee\/en\/product\/balmain-naturaalsetest-harjastest-tupeerimishari\/\" \/>\n<meta property=\"og:locale\" content=\"en_US\" \/>\n<meta property=\"og:type\" content=\"article\" \/>\n<meta property=\"og:title\" content=\"BALMAIN HAIR naturaalsetest harjastest tupeerimishari must \/ Boar Hair Backcomb Brush Black - Hair Deluxe\" \/>\n<meta property=\"og:description\" content=\"Balmain Hair naturaalsetest harjastest tupeerimisharjaga saate lisada juustele lihtsasti ja mugavalt vol\u00fc\u00fcmi, \u00fchtlasi silute juukse pinda. Harja kuumakindla sabaga saate luua afrolokke, keerates juuksed \u00fcmber kammi saba ja kuumutades juukseid sirgendajaga. - Kohene vol\u00fc\u00fcm - Naturaalsed harjased - Kuumakindel kammi saba https:\/\/youtu.be\/W7-Sqed4_Z4\" \/>\n<meta property=\"og:url\" content=\"https:\/\/hairdeluxe.ee\/en\/product\/balmain-naturaalsetest-harjastest-tupeerimishari\/\" \/>\n<meta property=\"og:site_name\" content=\"Hair Deluxe\" \/>\n<meta property=\"article:publisher\" content=\"https:\/\/www.facebook.com\/blowbartallinn\" \/>\n<meta property=\"article:modified_time\" content=\"2025-03-18T19:22:41+00:00\" \/>\n<meta property=\"og:image\" content=\"https:\/\/hairdeluxe.ee\/wp-content\/uploads\/2024\/02\/balmainhair_tools_backcombbrush_sidetop_straight_2019_800x800_38d7-1.jpeg\" \/>\n\t<meta property=\"og:image:width\" content=\"740\" \/>\n\t<meta property=\"og:image:height\" content=\"740\" \/>\n\t<meta property=\"og:image:type\" content=\"image\/jpeg\" \/>\n<meta name=\"twitter:card\" content=\"summary_large_image\" \/>\n<meta name=\"twitter:label1\" content=\"Est. reading time\" \/>\n\t<meta name=\"twitter:data1\" content=\"1 minute\" \/>\n<script type=\"application\/ld+json\" class=\"yoast-schema-graph\">{\"@context\":\"https:\\\/\\\/schema.org\",\"@graph\":[{\"@type\":\"WebPage\",\"@id\":\"https:\\\/\\\/hairdeluxe.ee\\\/en\\\/product\\\/balmain-naturaalsetest-harjastest-tupeerimishari\\\/\",\"url\":\"https:\\\/\\\/hairdeluxe.ee\\\/en\\\/product\\\/balmain-naturaalsetest-harjastest-tupeerimishari\\\/\",\"name\":\"BALMAIN HAIR naturaalsetest harjastest tupeerimishari must \\\/ Boar Hair Backcomb Brush Black - Hair Deluxe\",\"isPartOf\":{\"@id\":\"https:\\\/\\\/hairdeluxe.ee\\\/en\\\/#website\"},\"primaryImageOfPage\":{\"@id\":\"https:\\\/\\\/hairdeluxe.ee\\\/en\\\/product\\\/balmain-naturaalsetest-harjastest-tupeerimishari\\\/#primaryimage\"},\"image\":{\"@id\":\"https:\\\/\\\/hairdeluxe.ee\\\/en\\\/product\\\/balmain-naturaalsetest-harjastest-tupeerimishari\\\/#primaryimage\"},\"thumbnailUrl\":\"https:\\\/\\\/hairdeluxe.ee\\\/wp-content\\\/uploads\\\/2024\\\/02\\\/balmainhair_tools_backcombbrush_sidetop_straight_2019_800x800_38d7-1.jpeg\",\"datePublished\":\"2021-03-17T13:18:52+00:00\",\"dateModified\":\"2025-03-18T19:22:41+00:00\",\"breadcrumb\":{\"@id\":\"https:\\\/\\\/hairdeluxe.ee\\\/en\\\/product\\\/balmain-naturaalsetest-harjastest-tupeerimishari\\\/#breadcrumb\"},\"inLanguage\":\"en-US\",\"potentialAction\":[{\"@type\":\"ReadAction\",\"target\":[\"https:\\\/\\\/hairdeluxe.ee\\\/en\\\/product\\\/balmain-naturaalsetest-harjastest-tupeerimishari\\\/\"]}]},{\"@type\":\"ImageObject\",\"inLanguage\":\"en-US\",\"@id\":\"https:\\\/\\\/hairdeluxe.ee\\\/en\\\/product\\\/balmain-naturaalsetest-harjastest-tupeerimishari\\\/#primaryimage\",\"url\":\"https:\\\/\\\/hairdeluxe.ee\\\/wp-content\\\/uploads\\\/2024\\\/02\\\/balmainhair_tools_backcombbrush_sidetop_straight_2019_800x800_38d7-1.jpeg\",\"contentUrl\":\"https:\\\/\\\/hairdeluxe.ee\\\/wp-content\\\/uploads\\\/2024\\\/02\\\/balmainhair_tools_backcombbrush_sidetop_straight_2019_800x800_38d7-1.jpeg\",\"width\":740,\"height\":740},{\"@type\":\"BreadcrumbList\",\"@id\":\"https:\\\/\\\/hairdeluxe.ee\\\/en\\\/product\\\/balmain-naturaalsetest-harjastest-tupeerimishari\\\/#breadcrumb\",\"itemListElement\":[{\"@type\":\"ListItem\",\"position\":1,\"name\":\"Home\",\"item\":\"https:\\\/\\\/hairdeluxe.ee\\\/en\\\/\"},{\"@type\":\"ListItem\",\"position\":2,\"name\":\"Shop\",\"item\":\"https:\\\/\\\/hairdeluxe.ee\\\/en\\\/shop\\\/\"},{\"@type\":\"ListItem\",\"position\":3,\"name\":\"BALMAIN HAIR naturaalsetest harjastest tupeerimishari must \\\/ Boar Hair Backcomb Brush Black\"}]},{\"@type\":\"WebSite\",\"@id\":\"https:\\\/\\\/hairdeluxe.ee\\\/en\\\/#website\",\"url\":\"https:\\\/\\\/hairdeluxe.ee\\\/en\\\/\",\"name\":\"Hair Deluxe\",\"description\":\"Highlight your natural beauty\",\"publisher\":{\"@id\":\"https:\\\/\\\/hairdeluxe.ee\\\/en\\\/#organization\"},\"potentialAction\":[{\"@type\":\"SearchAction\",\"target\":{\"@type\":\"EntryPoint\",\"urlTemplate\":\"https:\\\/\\\/hairdeluxe.ee\\\/en\\\/?s={search_term_string}\"},\"query-input\":{\"@type\":\"PropertyValueSpecification\",\"valueRequired\":true,\"valueName\":\"search_term_string\"}}],\"inLanguage\":\"en-US\"},{\"@type\":\"Organization\",\"@id\":\"https:\\\/\\\/hairdeluxe.ee\\\/en\\\/#organization\",\"name\":\"Hair Deluxe\",\"url\":\"https:\\\/\\\/hairdeluxe.ee\\\/en\\\/\",\"logo\":{\"@type\":\"ImageObject\",\"inLanguage\":\"en-US\",\"@id\":\"https:\\\/\\\/hairdeluxe.ee\\\/en\\\/#\\\/schema\\\/logo\\\/image\\\/\",\"url\":\"https:\\\/\\\/hairdeluxe.ee\\\/wp-content\\\/uploads\\\/2024\\\/06\\\/Hair-Deluxe-Logo-Dark-font.png\",\"contentUrl\":\"https:\\\/\\\/hairdeluxe.ee\\\/wp-content\\\/uploads\\\/2024\\\/06\\\/Hair-Deluxe-Logo-Dark-font.png\",\"width\":467,\"height\":177,\"caption\":\"Hair Deluxe\"},\"image\":{\"@id\":\"https:\\\/\\\/hairdeluxe.ee\\\/en\\\/#\\\/schema\\\/logo\\\/image\\\/\"},\"sameAs\":[\"https:\\\/\\\/www.facebook.com\\\/blowbartallinn\",\"https:\\\/\\\/www.instagram.com\\\/blowbar_tallinn\"]}]}<\/script>\n<!-- \/ Yoast SEO plugin. -->","yoast_head_json":{"title":"BALMAIN HAIR naturaalsetest harjastest tupeerimishari must \/ Boar Hair Backcomb Brush Black - Hair Deluxe","robots":{"index":"index","follow":"follow","max-snippet":"max-snippet:-1","max-image-preview":"max-image-preview:large","max-video-preview":"max-video-preview:-1"},"canonical":"https:\/\/hairdeluxe.ee\/en\/product\/balmain-naturaalsetest-harjastest-tupeerimishari\/","og_locale":"en_US","og_type":"article","og_title":"BALMAIN HAIR naturaalsetest harjastest tupeerimishari must \/ Boar Hair Backcomb Brush Black - Hair Deluxe","og_description":"Balmain Hair naturaalsetest harjastest tupeerimisharjaga saate lisada juustele lihtsasti ja mugavalt vol\u00fc\u00fcmi, \u00fchtlasi silute juukse pinda. Harja kuumakindla sabaga saate luua afrolokke, keerates juuksed \u00fcmber kammi saba ja kuumutades juukseid sirgendajaga. - Kohene vol\u00fc\u00fcm - Naturaalsed harjased - Kuumakindel kammi saba https:\/\/youtu.be\/W7-Sqed4_Z4","og_url":"https:\/\/hairdeluxe.ee\/en\/product\/balmain-naturaalsetest-harjastest-tupeerimishari\/","og_site_name":"Hair Deluxe","article_publisher":"https:\/\/www.facebook.com\/blowbartallinn","article_modified_time":"2025-03-18T19:22:41+00:00","og_image":[{"width":740,"height":740,"url":"https:\/\/hairdeluxe.ee\/wp-content\/uploads\/2024\/02\/balmainhair_tools_backcombbrush_sidetop_straight_2019_800x800_38d7-1.jpeg","type":"image\/jpeg"}],"twitter_card":"summary_large_image","twitter_misc":{"Est. reading time":"1 minute"},"schema":{"@context":"https:\/\/schema.org","@graph":[{"@type":"WebPage","@id":"https:\/\/hairdeluxe.ee\/en\/product\/balmain-naturaalsetest-harjastest-tupeerimishari\/","url":"https:\/\/hairdeluxe.ee\/en\/product\/balmain-naturaalsetest-harjastest-tupeerimishari\/","name":"BALMAIN HAIR naturaalsetest harjastest tupeerimishari must \/ Boar Hair Backcomb Brush Black - Hair Deluxe","isPartOf":{"@id":"https:\/\/hairdeluxe.ee\/en\/#website"},"primaryImageOfPage":{"@id":"https:\/\/hairdeluxe.ee\/en\/product\/balmain-naturaalsetest-harjastest-tupeerimishari\/#primaryimage"},"image":{"@id":"https:\/\/hairdeluxe.ee\/en\/product\/balmain-naturaalsetest-harjastest-tupeerimishari\/#primaryimage"},"thumbnailUrl":"https:\/\/hairdeluxe.ee\/wp-content\/uploads\/2024\/02\/balmainhair_tools_backcombbrush_sidetop_straight_2019_800x800_38d7-1.jpeg","datePublished":"2021-03-17T13:18:52+00:00","dateModified":"2025-03-18T19:22:41+00:00","breadcrumb":{"@id":"https:\/\/hairdeluxe.ee\/en\/product\/balmain-naturaalsetest-harjastest-tupeerimishari\/#breadcrumb"},"inLanguage":"en-US","potentialAction":[{"@type":"ReadAction","target":["https:\/\/hairdeluxe.ee\/en\/product\/balmain-naturaalsetest-harjastest-tupeerimishari\/"]}]},{"@type":"ImageObject","inLanguage":"en-US","@id":"https:\/\/hairdeluxe.ee\/en\/product\/balmain-naturaalsetest-harjastest-tupeerimishari\/#primaryimage","url":"https:\/\/hairdeluxe.ee\/wp-content\/uploads\/2024\/02\/balmainhair_tools_backcombbrush_sidetop_straight_2019_800x800_38d7-1.jpeg","contentUrl":"https:\/\/hairdeluxe.ee\/wp-content\/uploads\/2024\/02\/balmainhair_tools_backcombbrush_sidetop_straight_2019_800x800_38d7-1.jpeg","width":740,"height":740},{"@type":"BreadcrumbList","@id":"https:\/\/hairdeluxe.ee\/en\/product\/balmain-naturaalsetest-harjastest-tupeerimishari\/#breadcrumb","itemListElement":[{"@type":"ListItem","position":1,"name":"Home","item":"https:\/\/hairdeluxe.ee\/en\/"},{"@type":"ListItem","position":2,"name":"Shop","item":"https:\/\/hairdeluxe.ee\/en\/shop\/"},{"@type":"ListItem","position":3,"name":"BALMAIN HAIR naturaalsetest harjastest tupeerimishari must \/ Boar Hair Backcomb Brush Black"}]},{"@type":"WebSite","@id":"https:\/\/hairdeluxe.ee\/en\/#website","url":"https:\/\/hairdeluxe.ee\/en\/","name":"Hair Deluxe","description":"Highlight your natural beauty","publisher":{"@id":"https:\/\/hairdeluxe.ee\/en\/#organization"},"potentialAction":[{"@type":"SearchAction","target":{"@type":"EntryPoint","urlTemplate":"https:\/\/hairdeluxe.ee\/en\/?s={search_term_string}"},"query-input":{"@type":"PropertyValueSpecification","valueRequired":true,"valueName":"search_term_string"}}],"inLanguage":"en-US"},{"@type":"Organization","@id":"https:\/\/hairdeluxe.ee\/en\/#organization","name":"Hair Deluxe","url":"https:\/\/hairdeluxe.ee\/en\/","logo":{"@type":"ImageObject","inLanguage":"en-US","@id":"https:\/\/hairdeluxe.ee\/en\/#\/schema\/logo\/image\/","url":"https:\/\/hairdeluxe.ee\/wp-content\/uploads\/2024\/06\/Hair-Deluxe-Logo-Dark-font.png","contentUrl":"https:\/\/hairdeluxe.ee\/wp-content\/uploads\/2024\/06\/Hair-Deluxe-Logo-Dark-font.png","width":467,"height":177,"caption":"Hair Deluxe"},"image":{"@id":"https:\/\/hairdeluxe.ee\/en\/#\/schema\/logo\/image\/"},"sameAs":["https:\/\/www.facebook.com\/blowbartallinn","https:\/\/www.instagram.com\/blowbar_tallinn"]}]}},"_links":{"self":[{"href":"https:\/\/hairdeluxe.ee\/en\/wp-json\/wp\/v2\/product\/21595","targetHints":{"allow":["GET"]}}],"collection":[{"href":"https:\/\/hairdeluxe.ee\/en\/wp-json\/wp\/v2\/product"}],"about":[{"href":"https:\/\/hairdeluxe.ee\/en\/wp-json\/wp\/v2\/types\/product"}],"wp:featuredmedia":[{"embeddable":true,"href":"https:\/\/hairdeluxe.ee\/en\/wp-json\/wp\/v2\/media\/39265"}],"wp:attachment":[{"href":"https:\/\/hairdeluxe.ee\/en\/wp-json\/wp\/v2\/media?parent=21595"}],"wp:term":[{"taxonomy":"product_brand","embeddable":true,"href":"https:\/\/hairdeluxe.ee\/en\/wp-json\/wp\/v2\/product_brand?post=21595"},{"taxonomy":"product_cat","embeddable":true,"href":"https:\/\/hairdeluxe.ee\/en\/wp-json\/wp\/v2\/product_cat?post=21595"},{"taxonomy":"product_tag","embeddable":true,"href":"https:\/\/hairdeluxe.ee\/en\/wp-json\/wp\/v2\/product_tag?post=21595"}],"curies":[{"name":"wp","href":"https:\/\/api.w.org\/{rel}","templated":true}]}}