{"id":21648,"date":"2021-03-17T15:19:44","date_gmt":"2021-03-17T13:19:44","guid":{"rendered":"https:\/\/blowbar.ee\/toode\/import-placeholder-for-474\/"},"modified":"2025-03-18T19:22:39","modified_gmt":"2025-03-18T19:22:39","slug":"balmain-pusahari-pusadevastane","status":"publish","type":"product","link":"https:\/\/hairdeluxe.ee\/en\/product\/balmain-pusahari-pusadevastane\/","title":{"rendered":"BALMAIN HAIR pusadevastane juuksehari \/ Detangling Brush White"},"content":{"rendered":"<p><strong>KUIDAS KASUTADA:<\/strong><\/p>\n<p>Pusadevastast juukseharja soovitame kasutada kuivadel, niisketel v\u00f5i m\u00e4rgadel juustel. Oma spetsiaalelt v\u00e4ljat\u00f6\u00f6tatud tootedisiniga harutab see juuksehari lahti ka k\u00f5ige keerukamad pusad sinu juustes. Juuksehari ei kahjusta ega rebi juukseid. Soovitav eelnevalt juukseid t\u00f6\u00f6delda Detangling Spray v\u00f5i Leave In Conditioneriga.<br \/>\nAlustage juuste harjamisest keskpikkustest kuni otsteni v\u00e4ikeste osadena ja liikuge peanaha poole, et v\u00e4ltida juuste rebimist ja murdumist.<\/p>\n<p><strong>Pusadevastase juukseharja omadused:<br \/>\n<\/strong>&#8211; \u00dclipehmed ja painduvad piid<br \/>\n&#8211; V\u00e4ga kerge<br \/>\n&#8211; Sobib nii kuivadele kui m\u00e4rgadele juustele<br \/>\n&#8211; Hoiab \u00e4ra juuste murdumise ja juuste kahjustamisest.<\/p>\n<p>Detangling Brush sisaldab pehmeid harjaseid, mis libisevad kergesti l\u00e4bi juuste ja k\u00f5rvaldavad pusad ilma juukseid rebimata.<br \/>\nHari on piisavalt tugev, et pusad t\u00f5husaltt l\u00e4bi harjata ja samas piisavalt elaststiline, et mitte kahjustada peanahka ja juuksekarvu.<br \/>\nRegulaarne harjamine loob tugevad ja elastsed juuksed, tihendab juukseid ning loob kaunilt lahtiharutatud ja terve s\u00e4raga juuksed.<br \/>\nT\u00e4nu painduvatele harjastele sobib see juuksehari ideaalselt ka pikendustega juustele. Detangling Brush libiseb kergesti l\u00e4bi juuste ilma juuksepikenduste sidemeid kahjustamata.<\/p>\n","protected":false},"excerpt":{"rendered":"<p>See imeline pusadevastane juuksehari aitab kiirelt ja valutult eemaldada juustest k\u00f5ik soovimatud pusad. T\u00e4nu oma veekindlale omadusele sobib hari kasutamiseks nii m\u00e4rgadel kui kuivadel juustel. Harja eriti pehmed ja paindlikud harjased ei kahjusta juukseid ning v\u00e4ldivad nende katkemist. Kerge ja ergonoomiline disain.<br \/>\n&#8211; \u00dclimalt pehmed ja paindlikud harjased<br \/>\n&#8211; Saab kasutada nii m\u00e4rjal kui kuival juuksel<br \/>\n&#8211; Hoiab \u00e4ra juuste katkemist ja kahjustumist<\/p>\n<p><strong>Sobib kasutamiseks igap\u00e4evaselt k\u00f5igil juukset\u00fc\u00fcpidel, samuti juuksepikenduse kandjatel.<\/strong><\/p>\n","protected":false},"featured_media":32693,"template":"","meta":[],"product_brand":[464],"product_cat":[266,265,126,128,121,220,155,223,184],"product_tag":[],"class_list":{"0":"post-21648","1":"product","2":"type-product","3":"status-publish","4":"has-post-thumbnail","6":"product_brand-balmain-hair","7":"product_cat-balmain-hair","8":"product_cat-brandid","9":"product_cat-juuksepikendused","10":"product_cat-kammid-harjad","11":"product_cat-koik-tooted","12":"product_cat-pehmed-kahuvabad","13":"product_cat-pikenduste-jarelehoolitsus","14":"product_cat-pusadevastane","15":"product_cat-toovahendid-pikendustele","17":"first","18":"instock","19":"taxable","20":"shipping-taxable","21":"purchasable","22":"product-type-simple","23":"add-to-wishlist-after_add_to_cart"},"yoast_head":"<!-- This site is optimized with the Yoast SEO plugin v27.3 - https:\/\/yoast.com\/product\/yoast-seo-wordpress\/ -->\n<title>BALMAIN HAIR pusadevastane juuksehari \/ Detangling Brush White - Hair Deluxe<\/title>\n<meta name=\"robots\" content=\"index, follow, max-snippet:-1, max-image-preview:large, max-video-preview:-1\" \/>\n<link rel=\"canonical\" href=\"https:\/\/hairdeluxe.ee\/en\/product\/balmain-pusahari-pusadevastane\/\" \/>\n<meta property=\"og:locale\" content=\"en_US\" \/>\n<meta property=\"og:type\" content=\"article\" \/>\n<meta property=\"og:title\" content=\"BALMAIN HAIR pusadevastane juuksehari \/ Detangling Brush White - Hair Deluxe\" \/>\n<meta property=\"og:description\" content=\"See imeline pusadevastane juuksehari aitab kiirelt ja valutult eemaldada juustest k\u00f5ik soovimatud pusad. T\u00e4nu oma veekindlale omadusele sobib hari kasutamiseks nii m\u00e4rgadel kui kuivadel juustel. Harja eriti pehmed ja paindlikud harjased ei kahjusta juukseid ning v\u00e4ldivad nende katkemist. Kerge ja ergonoomiline disain. - \u00dclimalt pehmed ja paindlikud harjased - Saab kasutada nii m\u00e4rjal kui kuival juuksel - Hoiab \u00e4ra juuste katkemist ja kahjustumist  Sobib kasutamiseks igap\u00e4evaselt k\u00f5igil juukset\u00fc\u00fcpidel, samuti juuksepikenduse kandjatel.\" \/>\n<meta property=\"og:url\" content=\"https:\/\/hairdeluxe.ee\/en\/product\/balmain-pusahari-pusadevastane\/\" \/>\n<meta property=\"og:site_name\" content=\"Hair Deluxe\" \/>\n<meta property=\"article:publisher\" content=\"https:\/\/www.facebook.com\/blowbartallinn\" \/>\n<meta property=\"article:modified_time\" content=\"2025-03-18T19:22:39+00:00\" \/>\n<meta property=\"og:image\" content=\"https:\/\/hairdeluxe.ee\/wp-content\/uploads\/2021\/03\/balmain-hair-detangling-brush-pusade-hari-lahti-kammine-juuksed-soeng.jpg\" \/>\n\t<meta property=\"og:image:width\" content=\"600\" \/>\n\t<meta property=\"og:image:height\" content=\"600\" \/>\n\t<meta property=\"og:image:type\" content=\"image\/jpeg\" \/>\n<meta name=\"twitter:card\" content=\"summary_large_image\" \/>\n<script type=\"application\/ld+json\" class=\"yoast-schema-graph\">{\"@context\":\"https:\\\/\\\/schema.org\",\"@graph\":[{\"@type\":\"WebPage\",\"@id\":\"https:\\\/\\\/hairdeluxe.ee\\\/en\\\/product\\\/balmain-pusahari-pusadevastane\\\/\",\"url\":\"https:\\\/\\\/hairdeluxe.ee\\\/en\\\/product\\\/balmain-pusahari-pusadevastane\\\/\",\"name\":\"BALMAIN HAIR pusadevastane juuksehari \\\/ Detangling Brush White - Hair Deluxe\",\"isPartOf\":{\"@id\":\"https:\\\/\\\/hairdeluxe.ee\\\/en\\\/#website\"},\"primaryImageOfPage\":{\"@id\":\"https:\\\/\\\/hairdeluxe.ee\\\/en\\\/product\\\/balmain-pusahari-pusadevastane\\\/#primaryimage\"},\"image\":{\"@id\":\"https:\\\/\\\/hairdeluxe.ee\\\/en\\\/product\\\/balmain-pusahari-pusadevastane\\\/#primaryimage\"},\"thumbnailUrl\":\"https:\\\/\\\/hairdeluxe.ee\\\/wp-content\\\/uploads\\\/2021\\\/03\\\/balmain-hair-detangling-brush-pusade-hari-lahti-kammine-juuksed-soeng.jpg\",\"datePublished\":\"2021-03-17T13:19:44+00:00\",\"dateModified\":\"2025-03-18T19:22:39+00:00\",\"breadcrumb\":{\"@id\":\"https:\\\/\\\/hairdeluxe.ee\\\/en\\\/product\\\/balmain-pusahari-pusadevastane\\\/#breadcrumb\"},\"inLanguage\":\"en-US\",\"potentialAction\":[{\"@type\":\"ReadAction\",\"target\":[\"https:\\\/\\\/hairdeluxe.ee\\\/en\\\/product\\\/balmain-pusahari-pusadevastane\\\/\"]}]},{\"@type\":\"ImageObject\",\"inLanguage\":\"en-US\",\"@id\":\"https:\\\/\\\/hairdeluxe.ee\\\/en\\\/product\\\/balmain-pusahari-pusadevastane\\\/#primaryimage\",\"url\":\"https:\\\/\\\/hairdeluxe.ee\\\/wp-content\\\/uploads\\\/2021\\\/03\\\/balmain-hair-detangling-brush-pusade-hari-lahti-kammine-juuksed-soeng.jpg\",\"contentUrl\":\"https:\\\/\\\/hairdeluxe.ee\\\/wp-content\\\/uploads\\\/2021\\\/03\\\/balmain-hair-detangling-brush-pusade-hari-lahti-kammine-juuksed-soeng.jpg\",\"width\":600,\"height\":600},{\"@type\":\"BreadcrumbList\",\"@id\":\"https:\\\/\\\/hairdeluxe.ee\\\/en\\\/product\\\/balmain-pusahari-pusadevastane\\\/#breadcrumb\",\"itemListElement\":[{\"@type\":\"ListItem\",\"position\":1,\"name\":\"Home\",\"item\":\"https:\\\/\\\/hairdeluxe.ee\\\/en\\\/\"},{\"@type\":\"ListItem\",\"position\":2,\"name\":\"Shop\",\"item\":\"https:\\\/\\\/hairdeluxe.ee\\\/en\\\/shop\\\/\"},{\"@type\":\"ListItem\",\"position\":3,\"name\":\"BALMAIN HAIR pusadevastane juuksehari \\\/ Detangling Brush White\"}]},{\"@type\":\"WebSite\",\"@id\":\"https:\\\/\\\/hairdeluxe.ee\\\/en\\\/#website\",\"url\":\"https:\\\/\\\/hairdeluxe.ee\\\/en\\\/\",\"name\":\"Hair Deluxe\",\"description\":\"Highlight your natural beauty\",\"publisher\":{\"@id\":\"https:\\\/\\\/hairdeluxe.ee\\\/en\\\/#organization\"},\"potentialAction\":[{\"@type\":\"SearchAction\",\"target\":{\"@type\":\"EntryPoint\",\"urlTemplate\":\"https:\\\/\\\/hairdeluxe.ee\\\/en\\\/?s={search_term_string}\"},\"query-input\":{\"@type\":\"PropertyValueSpecification\",\"valueRequired\":true,\"valueName\":\"search_term_string\"}}],\"inLanguage\":\"en-US\"},{\"@type\":\"Organization\",\"@id\":\"https:\\\/\\\/hairdeluxe.ee\\\/en\\\/#organization\",\"name\":\"Hair Deluxe\",\"url\":\"https:\\\/\\\/hairdeluxe.ee\\\/en\\\/\",\"logo\":{\"@type\":\"ImageObject\",\"inLanguage\":\"en-US\",\"@id\":\"https:\\\/\\\/hairdeluxe.ee\\\/en\\\/#\\\/schema\\\/logo\\\/image\\\/\",\"url\":\"https:\\\/\\\/hairdeluxe.ee\\\/wp-content\\\/uploads\\\/2024\\\/06\\\/Hair-Deluxe-Logo-Dark-font.png\",\"contentUrl\":\"https:\\\/\\\/hairdeluxe.ee\\\/wp-content\\\/uploads\\\/2024\\\/06\\\/Hair-Deluxe-Logo-Dark-font.png\",\"width\":467,\"height\":177,\"caption\":\"Hair Deluxe\"},\"image\":{\"@id\":\"https:\\\/\\\/hairdeluxe.ee\\\/en\\\/#\\\/schema\\\/logo\\\/image\\\/\"},\"sameAs\":[\"https:\\\/\\\/www.facebook.com\\\/blowbartallinn\",\"https:\\\/\\\/www.instagram.com\\\/blowbar_tallinn\"]}]}<\/script>\n<!-- \/ Yoast SEO plugin. -->","yoast_head_json":{"title":"BALMAIN HAIR pusadevastane juuksehari \/ Detangling Brush White - Hair Deluxe","robots":{"index":"index","follow":"follow","max-snippet":"max-snippet:-1","max-image-preview":"max-image-preview:large","max-video-preview":"max-video-preview:-1"},"canonical":"https:\/\/hairdeluxe.ee\/en\/product\/balmain-pusahari-pusadevastane\/","og_locale":"en_US","og_type":"article","og_title":"BALMAIN HAIR pusadevastane juuksehari \/ Detangling Brush White - Hair Deluxe","og_description":"See imeline pusadevastane juuksehari aitab kiirelt ja valutult eemaldada juustest k\u00f5ik soovimatud pusad. T\u00e4nu oma veekindlale omadusele sobib hari kasutamiseks nii m\u00e4rgadel kui kuivadel juustel. Harja eriti pehmed ja paindlikud harjased ei kahjusta juukseid ning v\u00e4ldivad nende katkemist. Kerge ja ergonoomiline disain. - \u00dclimalt pehmed ja paindlikud harjased - Saab kasutada nii m\u00e4rjal kui kuival juuksel - Hoiab \u00e4ra juuste katkemist ja kahjustumist  Sobib kasutamiseks igap\u00e4evaselt k\u00f5igil juukset\u00fc\u00fcpidel, samuti juuksepikenduse kandjatel.","og_url":"https:\/\/hairdeluxe.ee\/en\/product\/balmain-pusahari-pusadevastane\/","og_site_name":"Hair Deluxe","article_publisher":"https:\/\/www.facebook.com\/blowbartallinn","article_modified_time":"2025-03-18T19:22:39+00:00","og_image":[{"width":600,"height":600,"url":"https:\/\/hairdeluxe.ee\/wp-content\/uploads\/2021\/03\/balmain-hair-detangling-brush-pusade-hari-lahti-kammine-juuksed-soeng.jpg","type":"image\/jpeg"}],"twitter_card":"summary_large_image","schema":{"@context":"https:\/\/schema.org","@graph":[{"@type":"WebPage","@id":"https:\/\/hairdeluxe.ee\/en\/product\/balmain-pusahari-pusadevastane\/","url":"https:\/\/hairdeluxe.ee\/en\/product\/balmain-pusahari-pusadevastane\/","name":"BALMAIN HAIR pusadevastane juuksehari \/ Detangling Brush White - Hair Deluxe","isPartOf":{"@id":"https:\/\/hairdeluxe.ee\/en\/#website"},"primaryImageOfPage":{"@id":"https:\/\/hairdeluxe.ee\/en\/product\/balmain-pusahari-pusadevastane\/#primaryimage"},"image":{"@id":"https:\/\/hairdeluxe.ee\/en\/product\/balmain-pusahari-pusadevastane\/#primaryimage"},"thumbnailUrl":"https:\/\/hairdeluxe.ee\/wp-content\/uploads\/2021\/03\/balmain-hair-detangling-brush-pusade-hari-lahti-kammine-juuksed-soeng.jpg","datePublished":"2021-03-17T13:19:44+00:00","dateModified":"2025-03-18T19:22:39+00:00","breadcrumb":{"@id":"https:\/\/hairdeluxe.ee\/en\/product\/balmain-pusahari-pusadevastane\/#breadcrumb"},"inLanguage":"en-US","potentialAction":[{"@type":"ReadAction","target":["https:\/\/hairdeluxe.ee\/en\/product\/balmain-pusahari-pusadevastane\/"]}]},{"@type":"ImageObject","inLanguage":"en-US","@id":"https:\/\/hairdeluxe.ee\/en\/product\/balmain-pusahari-pusadevastane\/#primaryimage","url":"https:\/\/hairdeluxe.ee\/wp-content\/uploads\/2021\/03\/balmain-hair-detangling-brush-pusade-hari-lahti-kammine-juuksed-soeng.jpg","contentUrl":"https:\/\/hairdeluxe.ee\/wp-content\/uploads\/2021\/03\/balmain-hair-detangling-brush-pusade-hari-lahti-kammine-juuksed-soeng.jpg","width":600,"height":600},{"@type":"BreadcrumbList","@id":"https:\/\/hairdeluxe.ee\/en\/product\/balmain-pusahari-pusadevastane\/#breadcrumb","itemListElement":[{"@type":"ListItem","position":1,"name":"Home","item":"https:\/\/hairdeluxe.ee\/en\/"},{"@type":"ListItem","position":2,"name":"Shop","item":"https:\/\/hairdeluxe.ee\/en\/shop\/"},{"@type":"ListItem","position":3,"name":"BALMAIN HAIR pusadevastane juuksehari \/ Detangling Brush White"}]},{"@type":"WebSite","@id":"https:\/\/hairdeluxe.ee\/en\/#website","url":"https:\/\/hairdeluxe.ee\/en\/","name":"Hair Deluxe","description":"Highlight your natural beauty","publisher":{"@id":"https:\/\/hairdeluxe.ee\/en\/#organization"},"potentialAction":[{"@type":"SearchAction","target":{"@type":"EntryPoint","urlTemplate":"https:\/\/hairdeluxe.ee\/en\/?s={search_term_string}"},"query-input":{"@type":"PropertyValueSpecification","valueRequired":true,"valueName":"search_term_string"}}],"inLanguage":"en-US"},{"@type":"Organization","@id":"https:\/\/hairdeluxe.ee\/en\/#organization","name":"Hair Deluxe","url":"https:\/\/hairdeluxe.ee\/en\/","logo":{"@type":"ImageObject","inLanguage":"en-US","@id":"https:\/\/hairdeluxe.ee\/en\/#\/schema\/logo\/image\/","url":"https:\/\/hairdeluxe.ee\/wp-content\/uploads\/2024\/06\/Hair-Deluxe-Logo-Dark-font.png","contentUrl":"https:\/\/hairdeluxe.ee\/wp-content\/uploads\/2024\/06\/Hair-Deluxe-Logo-Dark-font.png","width":467,"height":177,"caption":"Hair Deluxe"},"image":{"@id":"https:\/\/hairdeluxe.ee\/en\/#\/schema\/logo\/image\/"},"sameAs":["https:\/\/www.facebook.com\/blowbartallinn","https:\/\/www.instagram.com\/blowbar_tallinn"]}]}},"_links":{"self":[{"href":"https:\/\/hairdeluxe.ee\/en\/wp-json\/wp\/v2\/product\/21648","targetHints":{"allow":["GET"]}}],"collection":[{"href":"https:\/\/hairdeluxe.ee\/en\/wp-json\/wp\/v2\/product"}],"about":[{"href":"https:\/\/hairdeluxe.ee\/en\/wp-json\/wp\/v2\/types\/product"}],"wp:featuredmedia":[{"embeddable":true,"href":"https:\/\/hairdeluxe.ee\/en\/wp-json\/wp\/v2\/media\/32693"}],"wp:attachment":[{"href":"https:\/\/hairdeluxe.ee\/en\/wp-json\/wp\/v2\/media?parent=21648"}],"wp:term":[{"taxonomy":"product_brand","embeddable":true,"href":"https:\/\/hairdeluxe.ee\/en\/wp-json\/wp\/v2\/product_brand?post=21648"},{"taxonomy":"product_cat","embeddable":true,"href":"https:\/\/hairdeluxe.ee\/en\/wp-json\/wp\/v2\/product_cat?post=21648"},{"taxonomy":"product_tag","embeddable":true,"href":"https:\/\/hairdeluxe.ee\/en\/wp-json\/wp\/v2\/product_tag?post=21648"}],"curies":[{"name":"wp","href":"https:\/\/api.w.org\/{rel}","templated":true}]}}