{"id":21671,"date":"2021-03-17T15:20:08","date_gmt":"2021-03-17T13:20:08","guid":{"rendered":"https:\/\/blowbar.ee\/toode\/import-placeholder-for-903\/"},"modified":"2025-03-18T19:22:39","modified_gmt":"2025-03-18T19:22:39","slug":"balmain-laikesprei-50-ml-silk-perfume","status":"publish","type":"product","link":"https:\/\/hairdeluxe.ee\/en\/product\/balmain-laikesprei-50-ml-silk-perfume\/","title":{"rendered":"BALMAIN HAIR l\u00e4ikesprei juustele reisile \/ Silk Perfume 50ml travel"},"content":{"rendered":"<p><strong><em>Koostis:<\/em><\/strong><em>\u00a0<\/em><em>Cyclopentasiloxane, Dimethicone, Argania Spinoza Kernel Oil, Silk Amino Acids, Simmondsia Chinensis (Jojoba) Seed Oil, Prunus Amygdalus Dulcis Oil, Ethylhexyl Methoxycinnamate, Parfum.<\/em><\/p>\n","protected":false},"excerpt":{"rendered":"<p>L\u00e4ikesprei soengu viimistlemiseks. Sisaldab toitvat argaania\u00f5li, siidi- ja ka\u0161miiriproteiine. Teaduslikult on siidiproteiin ja juuste loomulikud valgud peaaegu identsed. Siidiproteiin sisaldab 17 loomulike juuste 19st aminohappest. Koostisaine taastab kahjustatud proteiiniahelad juuste sees k\u00f5ige loomulikumal viisil.<br \/>\n<strong>Toode parendab juukse loomuliku molekulaarstruktuuri, see tagab terved ja katkematud juuksed.<\/strong><br \/>\nHarutab lahti pusad ning parandab kahjustatud juukseid, tagades kauakestva l\u00e4ike ja kaitse v\u00e4lism\u00f5jude eest. Siidiproteiin ja argaania\u00f5li s\u00e4ilitavad optimaalse niiskustaseme juustes, parandavad ning kaitsevad kahjustunud, kuivi ja n\u00f5rkasid juukseid kahjulike keskkonnam\u00f5jude eest. Teeb juuksed l\u00e4ikivaks ja s\u00e4ravaks. Balmain Hair signatuurl\u00f5hnaga.<\/p>\n<p><strong>Tootega tuleb kaasa Silk Perfume Vaporizer \u2013 spetsiaalne pihusti, mis kingib tootele eriti pariisliku v\u00e4ljan\u00e4gemise ja tagab l\u00e4ikesprei optimaalse pealekandmise!\u00a0<\/strong><\/p>\n<p><strong>Kasutamine:<\/strong>\u00a0Pihustada v\u00e4ike kogus toodet juustele 25\u201330 cm kauguselt. Mitte loputada.<\/p>\n<p><strong>Soovitus:<\/strong>\u00a0Silk Perfume\u2019i saab kasutada p\u00e4hej\u00e4etava palsamina, mis lihtsustab juuste kammimist ja annab neile kauni l\u00e4ike.<\/p>\n<p>Kogus: 50ml<\/p>\n\n","protected":false},"featured_media":34488,"template":"","meta":[],"product_brand":[464],"product_cat":[266,231,265,210,121,215,220,158,223,170,196],"product_tag":[178],"class_list":{"0":"post-21671","1":"product","2":"type-product","3":"status-publish","4":"has-post-thumbnail","6":"product_brand-balmain-hair","7":"product_cat-balmain-hair","8":"product_cat-blondeeritud-juustele","9":"product_cat-brandid","10":"product_cat-kaitse","11":"product_cat-koik-tooted","12":"product_cat-laige","13":"product_cat-pehmed-kahuvabad","14":"product_cat-populaarsed","15":"product_cat-pusadevastane","16":"product_cat-reisile","17":"product_cat-viimistlus","18":"product_tag-sugis-talv-2018","20":"first","21":"instock","22":"taxable","23":"shipping-taxable","24":"purchasable","25":"product-type-simple","26":"add-to-wishlist-after_add_to_cart"},"yoast_head":"<!-- This site is optimized with the Yoast SEO plugin v27.3 - https:\/\/yoast.com\/product\/yoast-seo-wordpress\/ -->\n<title>BALMAIN HAIR l\u00e4ikesprei juustele reisile \/ Silk Perfume 50ml travel - Hair Deluxe<\/title>\n<meta name=\"robots\" content=\"index, follow, max-snippet:-1, max-image-preview:large, max-video-preview:-1\" \/>\n<link rel=\"canonical\" href=\"https:\/\/hairdeluxe.ee\/en\/product\/balmain-laikesprei-50-ml-silk-perfume\/\" \/>\n<meta property=\"og:locale\" content=\"en_US\" \/>\n<meta property=\"og:type\" content=\"article\" \/>\n<meta property=\"og:title\" content=\"BALMAIN HAIR l\u00e4ikesprei juustele reisile \/ Silk Perfume 50ml travel - Hair Deluxe\" \/>\n<meta property=\"og:description\" content=\"L\u00e4ikesprei soengu viimistlemiseks. Sisaldab toitvat argaania\u00f5li, siidi- ja ka\u0161miiriproteiine. Teaduslikult on siidiproteiin ja juuste loomulikud valgud peaaegu identsed. Siidiproteiin sisaldab 17 loomulike juuste 19st aminohappest. Koostisaine taastab kahjustatud proteiiniahelad juuste sees k\u00f5ige loomulikumal viisil. Toode parendab juukse loomuliku molekulaarstruktuuri, see tagab terved ja katkematud juuksed. Harutab lahti pusad ning parandab kahjustatud juukseid, tagades kauakestva l\u00e4ike ja kaitse v\u00e4lism\u00f5jude eest. Siidiproteiin ja argaania\u00f5li s\u00e4ilitavad optimaalse niiskustaseme juustes, parandavad ning kaitsevad kahjustunud, kuivi ja n\u00f5rkasid juukseid kahjulike keskkonnam\u00f5jude eest. Teeb juuksed l\u00e4ikivaks ja s\u00e4ravaks. Balmain Hair signatuurl\u00f5hnaga.  Tootega tuleb kaasa Silk Perfume Vaporizer \u2013 spetsiaalne pihusti, mis kingib tootele eriti pariisliku v\u00e4ljan\u00e4gemise ja tagab l\u00e4ikesprei optimaalse pealekandmise!\u00a0  Kasutamine:\u00a0Pihustada v\u00e4ike kogus toodet juustele 25\u201330 cm kauguselt. Mitte loputada.  Soovitus:\u00a0Silk Perfume\u2019i saab kasutada p\u00e4hej\u00e4etava palsamina, mis lihtsustab juuste kammimist ja annab neile kauni l\u00e4ike.  Kogus: 50ml\" \/>\n<meta property=\"og:url\" content=\"https:\/\/hairdeluxe.ee\/en\/product\/balmain-laikesprei-50-ml-silk-perfume\/\" \/>\n<meta property=\"og:site_name\" content=\"Hair Deluxe\" \/>\n<meta property=\"article:publisher\" content=\"https:\/\/www.facebook.com\/blowbartallinn\" \/>\n<meta property=\"article:modified_time\" content=\"2025-03-18T19:22:39+00:00\" \/>\n<meta property=\"og:image\" content=\"https:\/\/hairdeluxe.ee\/wp-content\/uploads\/2021\/03\/balmain-hair-styling-silk-perfume-siidine-laige-juustele-travel-size-reisi-suurus-50ml-scaled-1.jpg\" \/>\n\t<meta property=\"og:image:width\" content=\"2409\" \/>\n\t<meta property=\"og:image:height\" content=\"2560\" \/>\n\t<meta property=\"og:image:type\" content=\"image\/jpeg\" \/>\n<meta name=\"twitter:card\" content=\"summary_large_image\" \/>\n<meta name=\"twitter:label1\" content=\"Est. reading time\" \/>\n\t<meta name=\"twitter:data1\" content=\"1 minute\" \/>\n<script type=\"application\/ld+json\" class=\"yoast-schema-graph\">{\"@context\":\"https:\\\/\\\/schema.org\",\"@graph\":[{\"@type\":\"WebPage\",\"@id\":\"https:\\\/\\\/hairdeluxe.ee\\\/en\\\/product\\\/balmain-laikesprei-50-ml-silk-perfume\\\/\",\"url\":\"https:\\\/\\\/hairdeluxe.ee\\\/en\\\/product\\\/balmain-laikesprei-50-ml-silk-perfume\\\/\",\"name\":\"BALMAIN HAIR l\u00e4ikesprei juustele reisile \\\/ Silk Perfume 50ml travel - Hair Deluxe\",\"isPartOf\":{\"@id\":\"https:\\\/\\\/hairdeluxe.ee\\\/en\\\/#website\"},\"primaryImageOfPage\":{\"@id\":\"https:\\\/\\\/hairdeluxe.ee\\\/en\\\/product\\\/balmain-laikesprei-50-ml-silk-perfume\\\/#primaryimage\"},\"image\":{\"@id\":\"https:\\\/\\\/hairdeluxe.ee\\\/en\\\/product\\\/balmain-laikesprei-50-ml-silk-perfume\\\/#primaryimage\"},\"thumbnailUrl\":\"https:\\\/\\\/hairdeluxe.ee\\\/wp-content\\\/uploads\\\/2021\\\/03\\\/balmain-hair-styling-silk-perfume-siidine-laige-juustele-travel-size-reisi-suurus-50ml-scaled-1.jpg\",\"datePublished\":\"2021-03-17T13:20:08+00:00\",\"dateModified\":\"2025-03-18T19:22:39+00:00\",\"breadcrumb\":{\"@id\":\"https:\\\/\\\/hairdeluxe.ee\\\/en\\\/product\\\/balmain-laikesprei-50-ml-silk-perfume\\\/#breadcrumb\"},\"inLanguage\":\"en-US\",\"potentialAction\":[{\"@type\":\"ReadAction\",\"target\":[\"https:\\\/\\\/hairdeluxe.ee\\\/en\\\/product\\\/balmain-laikesprei-50-ml-silk-perfume\\\/\"]}]},{\"@type\":\"ImageObject\",\"inLanguage\":\"en-US\",\"@id\":\"https:\\\/\\\/hairdeluxe.ee\\\/en\\\/product\\\/balmain-laikesprei-50-ml-silk-perfume\\\/#primaryimage\",\"url\":\"https:\\\/\\\/hairdeluxe.ee\\\/wp-content\\\/uploads\\\/2021\\\/03\\\/balmain-hair-styling-silk-perfume-siidine-laige-juustele-travel-size-reisi-suurus-50ml-scaled-1.jpg\",\"contentUrl\":\"https:\\\/\\\/hairdeluxe.ee\\\/wp-content\\\/uploads\\\/2021\\\/03\\\/balmain-hair-styling-silk-perfume-siidine-laige-juustele-travel-size-reisi-suurus-50ml-scaled-1.jpg\",\"width\":2409,\"height\":2560},{\"@type\":\"BreadcrumbList\",\"@id\":\"https:\\\/\\\/hairdeluxe.ee\\\/en\\\/product\\\/balmain-laikesprei-50-ml-silk-perfume\\\/#breadcrumb\",\"itemListElement\":[{\"@type\":\"ListItem\",\"position\":1,\"name\":\"Home\",\"item\":\"https:\\\/\\\/hairdeluxe.ee\\\/en\\\/\"},{\"@type\":\"ListItem\",\"position\":2,\"name\":\"Shop\",\"item\":\"https:\\\/\\\/hairdeluxe.ee\\\/en\\\/shop\\\/\"},{\"@type\":\"ListItem\",\"position\":3,\"name\":\"BALMAIN HAIR l\u00e4ikesprei juustele reisile \\\/ Silk Perfume 50ml travel\"}]},{\"@type\":\"WebSite\",\"@id\":\"https:\\\/\\\/hairdeluxe.ee\\\/en\\\/#website\",\"url\":\"https:\\\/\\\/hairdeluxe.ee\\\/en\\\/\",\"name\":\"Hair Deluxe\",\"description\":\"Highlight your natural beauty\",\"publisher\":{\"@id\":\"https:\\\/\\\/hairdeluxe.ee\\\/en\\\/#organization\"},\"potentialAction\":[{\"@type\":\"SearchAction\",\"target\":{\"@type\":\"EntryPoint\",\"urlTemplate\":\"https:\\\/\\\/hairdeluxe.ee\\\/en\\\/?s={search_term_string}\"},\"query-input\":{\"@type\":\"PropertyValueSpecification\",\"valueRequired\":true,\"valueName\":\"search_term_string\"}}],\"inLanguage\":\"en-US\"},{\"@type\":\"Organization\",\"@id\":\"https:\\\/\\\/hairdeluxe.ee\\\/en\\\/#organization\",\"name\":\"Hair Deluxe\",\"url\":\"https:\\\/\\\/hairdeluxe.ee\\\/en\\\/\",\"logo\":{\"@type\":\"ImageObject\",\"inLanguage\":\"en-US\",\"@id\":\"https:\\\/\\\/hairdeluxe.ee\\\/en\\\/#\\\/schema\\\/logo\\\/image\\\/\",\"url\":\"https:\\\/\\\/hairdeluxe.ee\\\/wp-content\\\/uploads\\\/2024\\\/06\\\/Hair-Deluxe-Logo-Dark-font.png\",\"contentUrl\":\"https:\\\/\\\/hairdeluxe.ee\\\/wp-content\\\/uploads\\\/2024\\\/06\\\/Hair-Deluxe-Logo-Dark-font.png\",\"width\":467,\"height\":177,\"caption\":\"Hair Deluxe\"},\"image\":{\"@id\":\"https:\\\/\\\/hairdeluxe.ee\\\/en\\\/#\\\/schema\\\/logo\\\/image\\\/\"},\"sameAs\":[\"https:\\\/\\\/www.facebook.com\\\/blowbartallinn\",\"https:\\\/\\\/www.instagram.com\\\/blowbar_tallinn\"]}]}<\/script>\n<!-- \/ Yoast SEO plugin. -->","yoast_head_json":{"title":"BALMAIN HAIR l\u00e4ikesprei juustele reisile \/ Silk Perfume 50ml travel - Hair Deluxe","robots":{"index":"index","follow":"follow","max-snippet":"max-snippet:-1","max-image-preview":"max-image-preview:large","max-video-preview":"max-video-preview:-1"},"canonical":"https:\/\/hairdeluxe.ee\/en\/product\/balmain-laikesprei-50-ml-silk-perfume\/","og_locale":"en_US","og_type":"article","og_title":"BALMAIN HAIR l\u00e4ikesprei juustele reisile \/ Silk Perfume 50ml travel - Hair Deluxe","og_description":"L\u00e4ikesprei soengu viimistlemiseks. Sisaldab toitvat argaania\u00f5li, siidi- ja ka\u0161miiriproteiine. Teaduslikult on siidiproteiin ja juuste loomulikud valgud peaaegu identsed. Siidiproteiin sisaldab 17 loomulike juuste 19st aminohappest. Koostisaine taastab kahjustatud proteiiniahelad juuste sees k\u00f5ige loomulikumal viisil. Toode parendab juukse loomuliku molekulaarstruktuuri, see tagab terved ja katkematud juuksed. Harutab lahti pusad ning parandab kahjustatud juukseid, tagades kauakestva l\u00e4ike ja kaitse v\u00e4lism\u00f5jude eest. Siidiproteiin ja argaania\u00f5li s\u00e4ilitavad optimaalse niiskustaseme juustes, parandavad ning kaitsevad kahjustunud, kuivi ja n\u00f5rkasid juukseid kahjulike keskkonnam\u00f5jude eest. Teeb juuksed l\u00e4ikivaks ja s\u00e4ravaks. Balmain Hair signatuurl\u00f5hnaga.  Tootega tuleb kaasa Silk Perfume Vaporizer \u2013 spetsiaalne pihusti, mis kingib tootele eriti pariisliku v\u00e4ljan\u00e4gemise ja tagab l\u00e4ikesprei optimaalse pealekandmise!\u00a0  Kasutamine:\u00a0Pihustada v\u00e4ike kogus toodet juustele 25\u201330 cm kauguselt. Mitte loputada.  Soovitus:\u00a0Silk Perfume\u2019i saab kasutada p\u00e4hej\u00e4etava palsamina, mis lihtsustab juuste kammimist ja annab neile kauni l\u00e4ike.  Kogus: 50ml","og_url":"https:\/\/hairdeluxe.ee\/en\/product\/balmain-laikesprei-50-ml-silk-perfume\/","og_site_name":"Hair Deluxe","article_publisher":"https:\/\/www.facebook.com\/blowbartallinn","article_modified_time":"2025-03-18T19:22:39+00:00","og_image":[{"width":2409,"height":2560,"url":"https:\/\/hairdeluxe.ee\/wp-content\/uploads\/2021\/03\/balmain-hair-styling-silk-perfume-siidine-laige-juustele-travel-size-reisi-suurus-50ml-scaled-1.jpg","type":"image\/jpeg"}],"twitter_card":"summary_large_image","twitter_misc":{"Est. reading time":"1 minute"},"schema":{"@context":"https:\/\/schema.org","@graph":[{"@type":"WebPage","@id":"https:\/\/hairdeluxe.ee\/en\/product\/balmain-laikesprei-50-ml-silk-perfume\/","url":"https:\/\/hairdeluxe.ee\/en\/product\/balmain-laikesprei-50-ml-silk-perfume\/","name":"BALMAIN HAIR l\u00e4ikesprei juustele reisile \/ Silk Perfume 50ml travel - Hair Deluxe","isPartOf":{"@id":"https:\/\/hairdeluxe.ee\/en\/#website"},"primaryImageOfPage":{"@id":"https:\/\/hairdeluxe.ee\/en\/product\/balmain-laikesprei-50-ml-silk-perfume\/#primaryimage"},"image":{"@id":"https:\/\/hairdeluxe.ee\/en\/product\/balmain-laikesprei-50-ml-silk-perfume\/#primaryimage"},"thumbnailUrl":"https:\/\/hairdeluxe.ee\/wp-content\/uploads\/2021\/03\/balmain-hair-styling-silk-perfume-siidine-laige-juustele-travel-size-reisi-suurus-50ml-scaled-1.jpg","datePublished":"2021-03-17T13:20:08+00:00","dateModified":"2025-03-18T19:22:39+00:00","breadcrumb":{"@id":"https:\/\/hairdeluxe.ee\/en\/product\/balmain-laikesprei-50-ml-silk-perfume\/#breadcrumb"},"inLanguage":"en-US","potentialAction":[{"@type":"ReadAction","target":["https:\/\/hairdeluxe.ee\/en\/product\/balmain-laikesprei-50-ml-silk-perfume\/"]}]},{"@type":"ImageObject","inLanguage":"en-US","@id":"https:\/\/hairdeluxe.ee\/en\/product\/balmain-laikesprei-50-ml-silk-perfume\/#primaryimage","url":"https:\/\/hairdeluxe.ee\/wp-content\/uploads\/2021\/03\/balmain-hair-styling-silk-perfume-siidine-laige-juustele-travel-size-reisi-suurus-50ml-scaled-1.jpg","contentUrl":"https:\/\/hairdeluxe.ee\/wp-content\/uploads\/2021\/03\/balmain-hair-styling-silk-perfume-siidine-laige-juustele-travel-size-reisi-suurus-50ml-scaled-1.jpg","width":2409,"height":2560},{"@type":"BreadcrumbList","@id":"https:\/\/hairdeluxe.ee\/en\/product\/balmain-laikesprei-50-ml-silk-perfume\/#breadcrumb","itemListElement":[{"@type":"ListItem","position":1,"name":"Home","item":"https:\/\/hairdeluxe.ee\/en\/"},{"@type":"ListItem","position":2,"name":"Shop","item":"https:\/\/hairdeluxe.ee\/en\/shop\/"},{"@type":"ListItem","position":3,"name":"BALMAIN HAIR l\u00e4ikesprei juustele reisile \/ Silk Perfume 50ml travel"}]},{"@type":"WebSite","@id":"https:\/\/hairdeluxe.ee\/en\/#website","url":"https:\/\/hairdeluxe.ee\/en\/","name":"Hair Deluxe","description":"Highlight your natural beauty","publisher":{"@id":"https:\/\/hairdeluxe.ee\/en\/#organization"},"potentialAction":[{"@type":"SearchAction","target":{"@type":"EntryPoint","urlTemplate":"https:\/\/hairdeluxe.ee\/en\/?s={search_term_string}"},"query-input":{"@type":"PropertyValueSpecification","valueRequired":true,"valueName":"search_term_string"}}],"inLanguage":"en-US"},{"@type":"Organization","@id":"https:\/\/hairdeluxe.ee\/en\/#organization","name":"Hair Deluxe","url":"https:\/\/hairdeluxe.ee\/en\/","logo":{"@type":"ImageObject","inLanguage":"en-US","@id":"https:\/\/hairdeluxe.ee\/en\/#\/schema\/logo\/image\/","url":"https:\/\/hairdeluxe.ee\/wp-content\/uploads\/2024\/06\/Hair-Deluxe-Logo-Dark-font.png","contentUrl":"https:\/\/hairdeluxe.ee\/wp-content\/uploads\/2024\/06\/Hair-Deluxe-Logo-Dark-font.png","width":467,"height":177,"caption":"Hair Deluxe"},"image":{"@id":"https:\/\/hairdeluxe.ee\/en\/#\/schema\/logo\/image\/"},"sameAs":["https:\/\/www.facebook.com\/blowbartallinn","https:\/\/www.instagram.com\/blowbar_tallinn"]}]}},"_links":{"self":[{"href":"https:\/\/hairdeluxe.ee\/en\/wp-json\/wp\/v2\/product\/21671","targetHints":{"allow":["GET"]}}],"collection":[{"href":"https:\/\/hairdeluxe.ee\/en\/wp-json\/wp\/v2\/product"}],"about":[{"href":"https:\/\/hairdeluxe.ee\/en\/wp-json\/wp\/v2\/types\/product"}],"wp:featuredmedia":[{"embeddable":true,"href":"https:\/\/hairdeluxe.ee\/en\/wp-json\/wp\/v2\/media\/34488"}],"wp:attachment":[{"href":"https:\/\/hairdeluxe.ee\/en\/wp-json\/wp\/v2\/media?parent=21671"}],"wp:term":[{"taxonomy":"product_brand","embeddable":true,"href":"https:\/\/hairdeluxe.ee\/en\/wp-json\/wp\/v2\/product_brand?post=21671"},{"taxonomy":"product_cat","embeddable":true,"href":"https:\/\/hairdeluxe.ee\/en\/wp-json\/wp\/v2\/product_cat?post=21671"},{"taxonomy":"product_tag","embeddable":true,"href":"https:\/\/hairdeluxe.ee\/en\/wp-json\/wp\/v2\/product_tag?post=21671"}],"curies":[{"name":"wp","href":"https:\/\/api.w.org\/{rel}","templated":true}]}}