{"id":21689,"date":"2021-03-17T15:20:30","date_gmt":"2021-03-17T13:20:30","guid":{"rendered":"https:\/\/blowbar.ee\/toode\/import-placeholder-for-918\/"},"modified":"2025-03-18T19:22:38","modified_gmt":"2025-03-18T19:22:38","slug":"balmain-tugev-juukselakk-300-ml-session-spray-strong","status":"publish","type":"product","link":"https:\/\/hairdeluxe.ee\/en\/product\/balmain-tugev-juukselakk-300-ml-session-spray-strong\/","title":{"rendered":"BALMAIN HAIR tugeva hoidvusega juukselakk \/ Session Spray Strong 300ml"},"content":{"rendered":"<p><em><strong>Koostis:\u00a0<\/strong>Dimethyl Ether, Alcohol Denat., Octylacrylamide\/Acrylates\/ Butylaminoethyl Methacrylate Copolymer, Acrylates Copolymer, Silk Amino Acids, Aminomethyl Propanol, PEG-12 Dimethicone, Panthenol, Benzophenone-4, Parfum.<\/em><\/p>\n","protected":false},"excerpt":{"rendered":"<p>Tugev juukselakk, mis fikseerib ja kinnitab soengu terveks p\u00e4evaks. Ei j\u00e4ta juukseid m\u00e4rjaks ega muuda raskeks. H\u00f5lpsasti v\u00e4ljakammitav. T\u00f5rjub niiskust ning lisab juustele kohest s\u00e4ra ja vol\u00fc\u00fcmi. UV-kaitsega. Siidiproteiin ja argaania\u00f5li s\u00e4ilitavad optimaalse niiskustaseme juustes, taastavad ja kaitsevad kahjustunud, kuivi ja n\u00f5rkasid juukseid kahjuliku keskkonnam\u00f5ju eest. Annab soengule kauakestva hoidvuse. Balmain Hair signatuurl\u00f5hnaga.<br \/>\n&#8211; Tagab elastse, kuid p\u00fcsiva viimistluse<br \/>\n&#8211; Kauap\u00fcsiv hoidvus<br \/>\n&#8211; Sisaldab UV kaitset<\/p>\n<p><strong>Kasutamine:\u00a0<\/strong>Pihustada juustele 15\u201320 cm kauguselt.<\/p>\n<p><strong>Soovitus:<\/strong>\u00a0V\u00f5imalik lisada soengule rohkem hoidvust ja liikuvust, kui pihustada toodet juustele ja kasutada seej\u00e4rel kuumasid juukserulle, lokitange v\u00f5i juukseotstel sirgendajat. Seej\u00e4rel pihustada juustele veel pisut lakki \u2013 nii fikseerite soengu. Seda nippi kasutatakse suurejoonelistel moe\u0161\u00f5udel.<\/p>\n<p>Kogus: 300ml<\/p>\n<p>https:\/\/www.youtube.com\/watch?v=pXMqWcZbcq0<\/p>\n","protected":false},"featured_media":21711,"template":"","meta":[],"product_brand":[464],"product_cat":[266,265,212,121,144,274,196],"product_tag":[],"class_list":{"0":"post-21689","1":"product","2":"type-product","3":"status-publish","4":"has-post-thumbnail","6":"product_brand-balmain-hair","7":"product_cat-balmain-hair","8":"product_cat-brandid","9":"product_cat-kinnitus","10":"product_cat-koik-tooted","11":"product_cat-meestele","12":"product_cat-viimistlus-meestele","13":"product_cat-viimistlus","15":"first","16":"instock","17":"taxable","18":"shipping-taxable","19":"purchasable","20":"product-type-simple","21":"add-to-wishlist-after_add_to_cart"},"yoast_head":"<!-- This site is optimized with the Yoast SEO plugin v27.3 - https:\/\/yoast.com\/product\/yoast-seo-wordpress\/ -->\n<title>BALMAIN HAIR tugeva hoidvusega juukselakk \/ Session Spray Strong 300ml - Hair Deluxe<\/title>\n<meta name=\"robots\" content=\"index, follow, max-snippet:-1, max-image-preview:large, max-video-preview:-1\" \/>\n<link rel=\"canonical\" href=\"https:\/\/hairdeluxe.ee\/en\/product\/balmain-tugev-juukselakk-300-ml-session-spray-strong\/\" \/>\n<meta property=\"og:locale\" content=\"en_US\" \/>\n<meta property=\"og:type\" content=\"article\" \/>\n<meta property=\"og:title\" content=\"BALMAIN HAIR tugeva hoidvusega juukselakk \/ Session Spray Strong 300ml - Hair Deluxe\" \/>\n<meta property=\"og:description\" content=\"Tugev juukselakk, mis fikseerib ja kinnitab soengu terveks p\u00e4evaks. Ei j\u00e4ta juukseid m\u00e4rjaks ega muuda raskeks. H\u00f5lpsasti v\u00e4ljakammitav. T\u00f5rjub niiskust ning lisab juustele kohest s\u00e4ra ja vol\u00fc\u00fcmi. UV-kaitsega. Siidiproteiin ja argaania\u00f5li s\u00e4ilitavad optimaalse niiskustaseme juustes, taastavad ja kaitsevad kahjustunud, kuivi ja n\u00f5rkasid juukseid kahjuliku keskkonnam\u00f5ju eest. Annab soengule kauakestva hoidvuse. Balmain Hair signatuurl\u00f5hnaga. - Tagab elastse, kuid p\u00fcsiva viimistluse - Kauap\u00fcsiv hoidvus - Sisaldab UV kaitset  Kasutamine:\u00a0Pihustada juustele 15\u201320 cm kauguselt.  Soovitus:\u00a0V\u00f5imalik lisada soengule rohkem hoidvust ja liikuvust, kui pihustada toodet juustele ja kasutada seej\u00e4rel kuumasid juukserulle, lokitange v\u00f5i juukseotstel sirgendajat. Seej\u00e4rel pihustada juustele veel pisut lakki \u2013 nii fikseerite soengu. Seda nippi kasutatakse suurejoonelistel moe\u0161\u00f5udel.  Kogus: 300ml  https:\/\/www.youtube.com\/watch?v=pXMqWcZbcq0\" \/>\n<meta property=\"og:url\" content=\"https:\/\/hairdeluxe.ee\/en\/product\/balmain-tugev-juukselakk-300-ml-session-spray-strong\/\" \/>\n<meta property=\"og:site_name\" content=\"Hair Deluxe\" \/>\n<meta property=\"article:publisher\" content=\"https:\/\/www.facebook.com\/blowbartallinn\" \/>\n<meta property=\"article:modified_time\" content=\"2025-03-18T19:22:38+00:00\" \/>\n<meta property=\"og:image\" content=\"https:\/\/hairdeluxe.ee\/wp-content\/uploads\/2021\/03\/strong-sp.jpg\" \/>\n\t<meta property=\"og:image:width\" content=\"800\" \/>\n\t<meta property=\"og:image:height\" content=\"800\" \/>\n\t<meta property=\"og:image:type\" content=\"image\/jpeg\" \/>\n<meta name=\"twitter:card\" content=\"summary_large_image\" \/>\n<meta name=\"twitter:label1\" content=\"Est. reading time\" \/>\n\t<meta name=\"twitter:data1\" content=\"1 minute\" \/>\n<script type=\"application\/ld+json\" class=\"yoast-schema-graph\">{\"@context\":\"https:\\\/\\\/schema.org\",\"@graph\":[{\"@type\":\"WebPage\",\"@id\":\"https:\\\/\\\/hairdeluxe.ee\\\/en\\\/product\\\/balmain-tugev-juukselakk-300-ml-session-spray-strong\\\/\",\"url\":\"https:\\\/\\\/hairdeluxe.ee\\\/en\\\/product\\\/balmain-tugev-juukselakk-300-ml-session-spray-strong\\\/\",\"name\":\"BALMAIN HAIR tugeva hoidvusega juukselakk \\\/ Session Spray Strong 300ml - Hair Deluxe\",\"isPartOf\":{\"@id\":\"https:\\\/\\\/hairdeluxe.ee\\\/en\\\/#website\"},\"primaryImageOfPage\":{\"@id\":\"https:\\\/\\\/hairdeluxe.ee\\\/en\\\/product\\\/balmain-tugev-juukselakk-300-ml-session-spray-strong\\\/#primaryimage\"},\"image\":{\"@id\":\"https:\\\/\\\/hairdeluxe.ee\\\/en\\\/product\\\/balmain-tugev-juukselakk-300-ml-session-spray-strong\\\/#primaryimage\"},\"thumbnailUrl\":\"https:\\\/\\\/hairdeluxe.ee\\\/wp-content\\\/uploads\\\/2021\\\/03\\\/strong-sp.jpg\",\"datePublished\":\"2021-03-17T13:20:30+00:00\",\"dateModified\":\"2025-03-18T19:22:38+00:00\",\"breadcrumb\":{\"@id\":\"https:\\\/\\\/hairdeluxe.ee\\\/en\\\/product\\\/balmain-tugev-juukselakk-300-ml-session-spray-strong\\\/#breadcrumb\"},\"inLanguage\":\"en-US\",\"potentialAction\":[{\"@type\":\"ReadAction\",\"target\":[\"https:\\\/\\\/hairdeluxe.ee\\\/en\\\/product\\\/balmain-tugev-juukselakk-300-ml-session-spray-strong\\\/\"]}]},{\"@type\":\"ImageObject\",\"inLanguage\":\"en-US\",\"@id\":\"https:\\\/\\\/hairdeluxe.ee\\\/en\\\/product\\\/balmain-tugev-juukselakk-300-ml-session-spray-strong\\\/#primaryimage\",\"url\":\"https:\\\/\\\/hairdeluxe.ee\\\/wp-content\\\/uploads\\\/2021\\\/03\\\/strong-sp.jpg\",\"contentUrl\":\"https:\\\/\\\/hairdeluxe.ee\\\/wp-content\\\/uploads\\\/2021\\\/03\\\/strong-sp.jpg\",\"width\":800,\"height\":800},{\"@type\":\"BreadcrumbList\",\"@id\":\"https:\\\/\\\/hairdeluxe.ee\\\/en\\\/product\\\/balmain-tugev-juukselakk-300-ml-session-spray-strong\\\/#breadcrumb\",\"itemListElement\":[{\"@type\":\"ListItem\",\"position\":1,\"name\":\"Home\",\"item\":\"https:\\\/\\\/hairdeluxe.ee\\\/en\\\/\"},{\"@type\":\"ListItem\",\"position\":2,\"name\":\"Shop\",\"item\":\"https:\\\/\\\/hairdeluxe.ee\\\/en\\\/shop\\\/\"},{\"@type\":\"ListItem\",\"position\":3,\"name\":\"BALMAIN HAIR tugeva hoidvusega juukselakk \\\/ Session Spray Strong 300ml\"}]},{\"@type\":\"WebSite\",\"@id\":\"https:\\\/\\\/hairdeluxe.ee\\\/en\\\/#website\",\"url\":\"https:\\\/\\\/hairdeluxe.ee\\\/en\\\/\",\"name\":\"Hair Deluxe\",\"description\":\"Highlight your natural beauty\",\"publisher\":{\"@id\":\"https:\\\/\\\/hairdeluxe.ee\\\/en\\\/#organization\"},\"potentialAction\":[{\"@type\":\"SearchAction\",\"target\":{\"@type\":\"EntryPoint\",\"urlTemplate\":\"https:\\\/\\\/hairdeluxe.ee\\\/en\\\/?s={search_term_string}\"},\"query-input\":{\"@type\":\"PropertyValueSpecification\",\"valueRequired\":true,\"valueName\":\"search_term_string\"}}],\"inLanguage\":\"en-US\"},{\"@type\":\"Organization\",\"@id\":\"https:\\\/\\\/hairdeluxe.ee\\\/en\\\/#organization\",\"name\":\"Hair Deluxe\",\"url\":\"https:\\\/\\\/hairdeluxe.ee\\\/en\\\/\",\"logo\":{\"@type\":\"ImageObject\",\"inLanguage\":\"en-US\",\"@id\":\"https:\\\/\\\/hairdeluxe.ee\\\/en\\\/#\\\/schema\\\/logo\\\/image\\\/\",\"url\":\"https:\\\/\\\/hairdeluxe.ee\\\/wp-content\\\/uploads\\\/2024\\\/06\\\/Hair-Deluxe-Logo-Dark-font.png\",\"contentUrl\":\"https:\\\/\\\/hairdeluxe.ee\\\/wp-content\\\/uploads\\\/2024\\\/06\\\/Hair-Deluxe-Logo-Dark-font.png\",\"width\":467,\"height\":177,\"caption\":\"Hair Deluxe\"},\"image\":{\"@id\":\"https:\\\/\\\/hairdeluxe.ee\\\/en\\\/#\\\/schema\\\/logo\\\/image\\\/\"},\"sameAs\":[\"https:\\\/\\\/www.facebook.com\\\/blowbartallinn\",\"https:\\\/\\\/www.instagram.com\\\/blowbar_tallinn\"]}]}<\/script>\n<!-- \/ Yoast SEO plugin. -->","yoast_head_json":{"title":"BALMAIN HAIR tugeva hoidvusega juukselakk \/ Session Spray Strong 300ml - Hair Deluxe","robots":{"index":"index","follow":"follow","max-snippet":"max-snippet:-1","max-image-preview":"max-image-preview:large","max-video-preview":"max-video-preview:-1"},"canonical":"https:\/\/hairdeluxe.ee\/en\/product\/balmain-tugev-juukselakk-300-ml-session-spray-strong\/","og_locale":"en_US","og_type":"article","og_title":"BALMAIN HAIR tugeva hoidvusega juukselakk \/ Session Spray Strong 300ml - Hair Deluxe","og_description":"Tugev juukselakk, mis fikseerib ja kinnitab soengu terveks p\u00e4evaks. Ei j\u00e4ta juukseid m\u00e4rjaks ega muuda raskeks. H\u00f5lpsasti v\u00e4ljakammitav. T\u00f5rjub niiskust ning lisab juustele kohest s\u00e4ra ja vol\u00fc\u00fcmi. UV-kaitsega. Siidiproteiin ja argaania\u00f5li s\u00e4ilitavad optimaalse niiskustaseme juustes, taastavad ja kaitsevad kahjustunud, kuivi ja n\u00f5rkasid juukseid kahjuliku keskkonnam\u00f5ju eest. Annab soengule kauakestva hoidvuse. Balmain Hair signatuurl\u00f5hnaga. - Tagab elastse, kuid p\u00fcsiva viimistluse - Kauap\u00fcsiv hoidvus - Sisaldab UV kaitset  Kasutamine:\u00a0Pihustada juustele 15\u201320 cm kauguselt.  Soovitus:\u00a0V\u00f5imalik lisada soengule rohkem hoidvust ja liikuvust, kui pihustada toodet juustele ja kasutada seej\u00e4rel kuumasid juukserulle, lokitange v\u00f5i juukseotstel sirgendajat. Seej\u00e4rel pihustada juustele veel pisut lakki \u2013 nii fikseerite soengu. Seda nippi kasutatakse suurejoonelistel moe\u0161\u00f5udel.  Kogus: 300ml  https:\/\/www.youtube.com\/watch?v=pXMqWcZbcq0","og_url":"https:\/\/hairdeluxe.ee\/en\/product\/balmain-tugev-juukselakk-300-ml-session-spray-strong\/","og_site_name":"Hair Deluxe","article_publisher":"https:\/\/www.facebook.com\/blowbartallinn","article_modified_time":"2025-03-18T19:22:38+00:00","og_image":[{"width":800,"height":800,"url":"https:\/\/hairdeluxe.ee\/wp-content\/uploads\/2021\/03\/strong-sp.jpg","type":"image\/jpeg"}],"twitter_card":"summary_large_image","twitter_misc":{"Est. reading time":"1 minute"},"schema":{"@context":"https:\/\/schema.org","@graph":[{"@type":"WebPage","@id":"https:\/\/hairdeluxe.ee\/en\/product\/balmain-tugev-juukselakk-300-ml-session-spray-strong\/","url":"https:\/\/hairdeluxe.ee\/en\/product\/balmain-tugev-juukselakk-300-ml-session-spray-strong\/","name":"BALMAIN HAIR tugeva hoidvusega juukselakk \/ Session Spray Strong 300ml - Hair Deluxe","isPartOf":{"@id":"https:\/\/hairdeluxe.ee\/en\/#website"},"primaryImageOfPage":{"@id":"https:\/\/hairdeluxe.ee\/en\/product\/balmain-tugev-juukselakk-300-ml-session-spray-strong\/#primaryimage"},"image":{"@id":"https:\/\/hairdeluxe.ee\/en\/product\/balmain-tugev-juukselakk-300-ml-session-spray-strong\/#primaryimage"},"thumbnailUrl":"https:\/\/hairdeluxe.ee\/wp-content\/uploads\/2021\/03\/strong-sp.jpg","datePublished":"2021-03-17T13:20:30+00:00","dateModified":"2025-03-18T19:22:38+00:00","breadcrumb":{"@id":"https:\/\/hairdeluxe.ee\/en\/product\/balmain-tugev-juukselakk-300-ml-session-spray-strong\/#breadcrumb"},"inLanguage":"en-US","potentialAction":[{"@type":"ReadAction","target":["https:\/\/hairdeluxe.ee\/en\/product\/balmain-tugev-juukselakk-300-ml-session-spray-strong\/"]}]},{"@type":"ImageObject","inLanguage":"en-US","@id":"https:\/\/hairdeluxe.ee\/en\/product\/balmain-tugev-juukselakk-300-ml-session-spray-strong\/#primaryimage","url":"https:\/\/hairdeluxe.ee\/wp-content\/uploads\/2021\/03\/strong-sp.jpg","contentUrl":"https:\/\/hairdeluxe.ee\/wp-content\/uploads\/2021\/03\/strong-sp.jpg","width":800,"height":800},{"@type":"BreadcrumbList","@id":"https:\/\/hairdeluxe.ee\/en\/product\/balmain-tugev-juukselakk-300-ml-session-spray-strong\/#breadcrumb","itemListElement":[{"@type":"ListItem","position":1,"name":"Home","item":"https:\/\/hairdeluxe.ee\/en\/"},{"@type":"ListItem","position":2,"name":"Shop","item":"https:\/\/hairdeluxe.ee\/en\/shop\/"},{"@type":"ListItem","position":3,"name":"BALMAIN HAIR tugeva hoidvusega juukselakk \/ Session Spray Strong 300ml"}]},{"@type":"WebSite","@id":"https:\/\/hairdeluxe.ee\/en\/#website","url":"https:\/\/hairdeluxe.ee\/en\/","name":"Hair Deluxe","description":"Highlight your natural beauty","publisher":{"@id":"https:\/\/hairdeluxe.ee\/en\/#organization"},"potentialAction":[{"@type":"SearchAction","target":{"@type":"EntryPoint","urlTemplate":"https:\/\/hairdeluxe.ee\/en\/?s={search_term_string}"},"query-input":{"@type":"PropertyValueSpecification","valueRequired":true,"valueName":"search_term_string"}}],"inLanguage":"en-US"},{"@type":"Organization","@id":"https:\/\/hairdeluxe.ee\/en\/#organization","name":"Hair Deluxe","url":"https:\/\/hairdeluxe.ee\/en\/","logo":{"@type":"ImageObject","inLanguage":"en-US","@id":"https:\/\/hairdeluxe.ee\/en\/#\/schema\/logo\/image\/","url":"https:\/\/hairdeluxe.ee\/wp-content\/uploads\/2024\/06\/Hair-Deluxe-Logo-Dark-font.png","contentUrl":"https:\/\/hairdeluxe.ee\/wp-content\/uploads\/2024\/06\/Hair-Deluxe-Logo-Dark-font.png","width":467,"height":177,"caption":"Hair Deluxe"},"image":{"@id":"https:\/\/hairdeluxe.ee\/en\/#\/schema\/logo\/image\/"},"sameAs":["https:\/\/www.facebook.com\/blowbartallinn","https:\/\/www.instagram.com\/blowbar_tallinn"]}]}},"_links":{"self":[{"href":"https:\/\/hairdeluxe.ee\/en\/wp-json\/wp\/v2\/product\/21689","targetHints":{"allow":["GET"]}}],"collection":[{"href":"https:\/\/hairdeluxe.ee\/en\/wp-json\/wp\/v2\/product"}],"about":[{"href":"https:\/\/hairdeluxe.ee\/en\/wp-json\/wp\/v2\/types\/product"}],"wp:featuredmedia":[{"embeddable":true,"href":"https:\/\/hairdeluxe.ee\/en\/wp-json\/wp\/v2\/media\/21711"}],"wp:attachment":[{"href":"https:\/\/hairdeluxe.ee\/en\/wp-json\/wp\/v2\/media?parent=21689"}],"wp:term":[{"taxonomy":"product_brand","embeddable":true,"href":"https:\/\/hairdeluxe.ee\/en\/wp-json\/wp\/v2\/product_brand?post=21689"},{"taxonomy":"product_cat","embeddable":true,"href":"https:\/\/hairdeluxe.ee\/en\/wp-json\/wp\/v2\/product_cat?post=21689"},{"taxonomy":"product_tag","embeddable":true,"href":"https:\/\/hairdeluxe.ee\/en\/wp-json\/wp\/v2\/product_tag?post=21689"}],"curies":[{"name":"wp","href":"https:\/\/api.w.org\/{rel}","templated":true}]}}