{"id":21693,"date":"2021-03-17T15:20:30","date_gmt":"2021-03-17T13:20:30","guid":{"rendered":"https:\/\/blowbar.ee\/toode\/import-placeholder-for-939\/"},"modified":"2025-03-18T19:22:38","modified_gmt":"2025-03-18T19:22:38","slug":"balmain-tekstuuri-andev-soolasprei-200ml-texturizing-salt-spray","status":"publish","type":"product","link":"https:\/\/hairdeluxe.ee\/en\/product\/balmain-tekstuuri-andev-soolasprei-200ml-texturizing-salt-spray\/","title":{"rendered":"BALMAIN HAIR juustele tekstuuri andev soolasprei \/ Texturizing Salt Spray 200ml"},"content":{"rendered":"<p><em><strong>Koostis:\u00a0<\/strong>Aqua, Alcohol Denat., Sorbitol, Polyacrylate-22, Sodium Chloride (Sea Salt), Silk Amino Acids, Panthenol, Glycerin, Ethylhexyl Methoxycinnamate, Parfum, CI 13015, CI 16255<\/em><\/p>\n","protected":false},"excerpt":{"rendered":"<p>Texturizing Salt Spray lisab juustele tekstuuri ning kohevust. Toode on niiskuskaitsega, v\u00f5imaldades luua kauneid ja p\u00fcsivaid rannalokke. Siidiproteiin ja argaania\u00f5li s\u00e4ilitavad optimaalse niiskustaseme juustes, parandavad ja kaitsevad kahjustunud, kuivi ja n\u00f5rkasid juukseid kahjulike keskkonnam\u00f5jude eest. Balmain Hair signatuurl\u00f5hnaga.<br \/>\nAntibakteriaalse toimega, aitab tasakaalustada peanaha mikrofloorat!<\/p>\n<p><strong>Kasutamine:<\/strong>\u00a0Kohevuse lisamiseks pihustada kergelt niiskete juuste juureosale v\u00f5i kanda kuivadele juustele tugevama tekstuuri saavutamiseks.<\/p>\n<p><strong>Soovitus:<\/strong>\u00a0Tekstuuri andev soolasprei on suurep\u00e4rane toode, mis elustab tuhmid ja peadligi hoidvad juuksed \u2013 pihustada toodet juustesse ja pigistada neid \u00f5rnalt k\u00e4te vahel.<\/p>\n<p>Kogus: 200ml<br \/>\n<a href=\"https:\/\/www.balmainhair.ee\/toode\/balmain-texturizing-salt-spray-50ml\/\">Saadaval ka reisisuuruses toode 50ml<\/a><\/p>\n<p>https:\/\/www.youtube.com\/watch?v=QueFQ6aDbj8<\/p>\n","protected":false},"featured_media":39303,"template":"","meta":[],"product_brand":[464],"product_cat":[266,265,121,158,229,196],"product_tag":[178],"class_list":{"0":"post-21693","1":"product","2":"type-product","3":"status-publish","4":"has-post-thumbnail","6":"product_brand-balmain-hair","7":"product_cat-balmain-hair","8":"product_cat-brandid","9":"product_cat-koik-tooted","10":"product_cat-populaarsed","11":"product_cat-tekstuur","12":"product_cat-viimistlus","13":"product_tag-sugis-talv-2018","15":"first","16":"instock","17":"taxable","18":"shipping-taxable","19":"purchasable","20":"product-type-simple","21":"add-to-wishlist-after_add_to_cart"},"yoast_head":"<!-- This site is optimized with the Yoast SEO plugin v27.5 - https:\/\/yoast.com\/product\/yoast-seo-wordpress\/ -->\n<title>BALMAIN HAIR juustele tekstuuri andev soolasprei \/ Texturizing Salt Spray 200ml - Hair Deluxe<\/title>\n<meta name=\"robots\" content=\"index, follow, max-snippet:-1, max-image-preview:large, max-video-preview:-1\" \/>\n<link rel=\"canonical\" href=\"https:\/\/hairdeluxe.ee\/en\/product\/balmain-tekstuuri-andev-soolasprei-200ml-texturizing-salt-spray\/\" \/>\n<meta property=\"og:locale\" content=\"en_US\" \/>\n<meta property=\"og:type\" content=\"article\" \/>\n<meta property=\"og:title\" content=\"BALMAIN HAIR juustele tekstuuri andev soolasprei \/ Texturizing Salt Spray 200ml - Hair Deluxe\" \/>\n<meta property=\"og:description\" content=\"Texturizing Salt Spray lisab juustele tekstuuri ning kohevust. Toode on niiskuskaitsega, v\u00f5imaldades luua kauneid ja p\u00fcsivaid rannalokke. Siidiproteiin ja argaania\u00f5li s\u00e4ilitavad optimaalse niiskustaseme juustes, parandavad ja kaitsevad kahjustunud, kuivi ja n\u00f5rkasid juukseid kahjulike keskkonnam\u00f5jude eest. Balmain Hair signatuurl\u00f5hnaga. Antibakteriaalse toimega, aitab tasakaalustada peanaha mikrofloorat!  Kasutamine:\u00a0Kohevuse lisamiseks pihustada kergelt niiskete juuste juureosale v\u00f5i kanda kuivadele juustele tugevama tekstuuri saavutamiseks.  Soovitus:\u00a0Tekstuuri andev soolasprei on suurep\u00e4rane toode, mis elustab tuhmid ja peadligi hoidvad juuksed \u2013 pihustada toodet juustesse ja pigistada neid \u00f5rnalt k\u00e4te vahel.  Kogus: 200ml Saadaval ka reisisuuruses toode 50ml  https:\/\/www.youtube.com\/watch?v=QueFQ6aDbj8\" \/>\n<meta property=\"og:url\" content=\"https:\/\/hairdeluxe.ee\/en\/product\/balmain-tekstuuri-andev-soolasprei-200ml-texturizing-salt-spray\/\" \/>\n<meta property=\"og:site_name\" content=\"Hair Deluxe\" \/>\n<meta property=\"article:publisher\" content=\"https:\/\/www.facebook.com\/blowbartallinn\" \/>\n<meta property=\"article:modified_time\" content=\"2025-03-18T19:22:38+00:00\" \/>\n<meta property=\"og:image\" content=\"https:\/\/hairdeluxe.ee\/wp-content\/uploads\/2024\/02\/balmain-hair-juustele-tekstuur-soola-sprei-texturizing-salt-spray-200ml.jpg\" \/>\n\t<meta property=\"og:image:width\" content=\"1100\" \/>\n\t<meta property=\"og:image:height\" content=\"1100\" \/>\n\t<meta property=\"og:image:type\" content=\"image\/jpeg\" \/>\n<meta name=\"twitter:card\" content=\"summary_large_image\" \/>\n<meta name=\"twitter:label1\" content=\"Est. reading time\" \/>\n\t<meta name=\"twitter:data1\" content=\"1 minute\" \/>\n<script type=\"application\/ld+json\" class=\"yoast-schema-graph\">{\"@context\":\"https:\\\/\\\/schema.org\",\"@graph\":[{\"@type\":\"WebPage\",\"@id\":\"https:\\\/\\\/hairdeluxe.ee\\\/en\\\/product\\\/balmain-tekstuuri-andev-soolasprei-200ml-texturizing-salt-spray\\\/\",\"url\":\"https:\\\/\\\/hairdeluxe.ee\\\/en\\\/product\\\/balmain-tekstuuri-andev-soolasprei-200ml-texturizing-salt-spray\\\/\",\"name\":\"BALMAIN HAIR juustele tekstuuri andev soolasprei \\\/ Texturizing Salt Spray 200ml - Hair Deluxe\",\"isPartOf\":{\"@id\":\"https:\\\/\\\/hairdeluxe.ee\\\/en\\\/#website\"},\"primaryImageOfPage\":{\"@id\":\"https:\\\/\\\/hairdeluxe.ee\\\/en\\\/product\\\/balmain-tekstuuri-andev-soolasprei-200ml-texturizing-salt-spray\\\/#primaryimage\"},\"image\":{\"@id\":\"https:\\\/\\\/hairdeluxe.ee\\\/en\\\/product\\\/balmain-tekstuuri-andev-soolasprei-200ml-texturizing-salt-spray\\\/#primaryimage\"},\"thumbnailUrl\":\"https:\\\/\\\/hairdeluxe.ee\\\/wp-content\\\/uploads\\\/2024\\\/02\\\/balmain-hair-juustele-tekstuur-soola-sprei-texturizing-salt-spray-200ml.jpg\",\"datePublished\":\"2021-03-17T13:20:30+00:00\",\"dateModified\":\"2025-03-18T19:22:38+00:00\",\"breadcrumb\":{\"@id\":\"https:\\\/\\\/hairdeluxe.ee\\\/en\\\/product\\\/balmain-tekstuuri-andev-soolasprei-200ml-texturizing-salt-spray\\\/#breadcrumb\"},\"inLanguage\":\"en-US\",\"potentialAction\":[{\"@type\":\"ReadAction\",\"target\":[\"https:\\\/\\\/hairdeluxe.ee\\\/en\\\/product\\\/balmain-tekstuuri-andev-soolasprei-200ml-texturizing-salt-spray\\\/\"]}]},{\"@type\":\"ImageObject\",\"inLanguage\":\"en-US\",\"@id\":\"https:\\\/\\\/hairdeluxe.ee\\\/en\\\/product\\\/balmain-tekstuuri-andev-soolasprei-200ml-texturizing-salt-spray\\\/#primaryimage\",\"url\":\"https:\\\/\\\/hairdeluxe.ee\\\/wp-content\\\/uploads\\\/2024\\\/02\\\/balmain-hair-juustele-tekstuur-soola-sprei-texturizing-salt-spray-200ml.jpg\",\"contentUrl\":\"https:\\\/\\\/hairdeluxe.ee\\\/wp-content\\\/uploads\\\/2024\\\/02\\\/balmain-hair-juustele-tekstuur-soola-sprei-texturizing-salt-spray-200ml.jpg\",\"width\":1100,\"height\":1100},{\"@type\":\"BreadcrumbList\",\"@id\":\"https:\\\/\\\/hairdeluxe.ee\\\/en\\\/product\\\/balmain-tekstuuri-andev-soolasprei-200ml-texturizing-salt-spray\\\/#breadcrumb\",\"itemListElement\":[{\"@type\":\"ListItem\",\"position\":1,\"name\":\"Home\",\"item\":\"https:\\\/\\\/hairdeluxe.ee\\\/en\\\/\"},{\"@type\":\"ListItem\",\"position\":2,\"name\":\"Shop\",\"item\":\"https:\\\/\\\/hairdeluxe.ee\\\/en\\\/shop\\\/\"},{\"@type\":\"ListItem\",\"position\":3,\"name\":\"BALMAIN HAIR juustele tekstuuri andev soolasprei \\\/ Texturizing Salt Spray 200ml\"}]},{\"@type\":\"WebSite\",\"@id\":\"https:\\\/\\\/hairdeluxe.ee\\\/en\\\/#website\",\"url\":\"https:\\\/\\\/hairdeluxe.ee\\\/en\\\/\",\"name\":\"Hair Deluxe\",\"description\":\"Highlight your natural beauty\",\"publisher\":{\"@id\":\"https:\\\/\\\/hairdeluxe.ee\\\/en\\\/#organization\"},\"potentialAction\":[{\"@type\":\"SearchAction\",\"target\":{\"@type\":\"EntryPoint\",\"urlTemplate\":\"https:\\\/\\\/hairdeluxe.ee\\\/en\\\/?s={search_term_string}\"},\"query-input\":{\"@type\":\"PropertyValueSpecification\",\"valueRequired\":true,\"valueName\":\"search_term_string\"}}],\"inLanguage\":\"en-US\"},{\"@type\":\"Organization\",\"@id\":\"https:\\\/\\\/hairdeluxe.ee\\\/en\\\/#organization\",\"name\":\"Hair Deluxe\",\"url\":\"https:\\\/\\\/hairdeluxe.ee\\\/en\\\/\",\"logo\":{\"@type\":\"ImageObject\",\"inLanguage\":\"en-US\",\"@id\":\"https:\\\/\\\/hairdeluxe.ee\\\/en\\\/#\\\/schema\\\/logo\\\/image\\\/\",\"url\":\"https:\\\/\\\/hairdeluxe.ee\\\/wp-content\\\/uploads\\\/2024\\\/06\\\/Hair-Deluxe-Logo-Dark-font.png\",\"contentUrl\":\"https:\\\/\\\/hairdeluxe.ee\\\/wp-content\\\/uploads\\\/2024\\\/06\\\/Hair-Deluxe-Logo-Dark-font.png\",\"width\":467,\"height\":177,\"caption\":\"Hair Deluxe\"},\"image\":{\"@id\":\"https:\\\/\\\/hairdeluxe.ee\\\/en\\\/#\\\/schema\\\/logo\\\/image\\\/\"},\"sameAs\":[\"https:\\\/\\\/www.facebook.com\\\/blowbartallinn\",\"https:\\\/\\\/www.instagram.com\\\/blowbar_tallinn\"]}]}<\/script>\n<!-- \/ Yoast SEO plugin. -->","yoast_head_json":{"title":"BALMAIN HAIR juustele tekstuuri andev soolasprei \/ Texturizing Salt Spray 200ml - Hair Deluxe","robots":{"index":"index","follow":"follow","max-snippet":"max-snippet:-1","max-image-preview":"max-image-preview:large","max-video-preview":"max-video-preview:-1"},"canonical":"https:\/\/hairdeluxe.ee\/en\/product\/balmain-tekstuuri-andev-soolasprei-200ml-texturizing-salt-spray\/","og_locale":"en_US","og_type":"article","og_title":"BALMAIN HAIR juustele tekstuuri andev soolasprei \/ Texturizing Salt Spray 200ml - Hair Deluxe","og_description":"Texturizing Salt Spray lisab juustele tekstuuri ning kohevust. Toode on niiskuskaitsega, v\u00f5imaldades luua kauneid ja p\u00fcsivaid rannalokke. Siidiproteiin ja argaania\u00f5li s\u00e4ilitavad optimaalse niiskustaseme juustes, parandavad ja kaitsevad kahjustunud, kuivi ja n\u00f5rkasid juukseid kahjulike keskkonnam\u00f5jude eest. Balmain Hair signatuurl\u00f5hnaga. Antibakteriaalse toimega, aitab tasakaalustada peanaha mikrofloorat!  Kasutamine:\u00a0Kohevuse lisamiseks pihustada kergelt niiskete juuste juureosale v\u00f5i kanda kuivadele juustele tugevama tekstuuri saavutamiseks.  Soovitus:\u00a0Tekstuuri andev soolasprei on suurep\u00e4rane toode, mis elustab tuhmid ja peadligi hoidvad juuksed \u2013 pihustada toodet juustesse ja pigistada neid \u00f5rnalt k\u00e4te vahel.  Kogus: 200ml Saadaval ka reisisuuruses toode 50ml  https:\/\/www.youtube.com\/watch?v=QueFQ6aDbj8","og_url":"https:\/\/hairdeluxe.ee\/en\/product\/balmain-tekstuuri-andev-soolasprei-200ml-texturizing-salt-spray\/","og_site_name":"Hair Deluxe","article_publisher":"https:\/\/www.facebook.com\/blowbartallinn","article_modified_time":"2025-03-18T19:22:38+00:00","og_image":[{"width":1100,"height":1100,"url":"https:\/\/hairdeluxe.ee\/wp-content\/uploads\/2024\/02\/balmain-hair-juustele-tekstuur-soola-sprei-texturizing-salt-spray-200ml.jpg","type":"image\/jpeg"}],"twitter_card":"summary_large_image","twitter_misc":{"Est. reading time":"1 minute"},"schema":{"@context":"https:\/\/schema.org","@graph":[{"@type":"WebPage","@id":"https:\/\/hairdeluxe.ee\/en\/product\/balmain-tekstuuri-andev-soolasprei-200ml-texturizing-salt-spray\/","url":"https:\/\/hairdeluxe.ee\/en\/product\/balmain-tekstuuri-andev-soolasprei-200ml-texturizing-salt-spray\/","name":"BALMAIN HAIR juustele tekstuuri andev soolasprei \/ Texturizing Salt Spray 200ml - Hair Deluxe","isPartOf":{"@id":"https:\/\/hairdeluxe.ee\/en\/#website"},"primaryImageOfPage":{"@id":"https:\/\/hairdeluxe.ee\/en\/product\/balmain-tekstuuri-andev-soolasprei-200ml-texturizing-salt-spray\/#primaryimage"},"image":{"@id":"https:\/\/hairdeluxe.ee\/en\/product\/balmain-tekstuuri-andev-soolasprei-200ml-texturizing-salt-spray\/#primaryimage"},"thumbnailUrl":"https:\/\/hairdeluxe.ee\/wp-content\/uploads\/2024\/02\/balmain-hair-juustele-tekstuur-soola-sprei-texturizing-salt-spray-200ml.jpg","datePublished":"2021-03-17T13:20:30+00:00","dateModified":"2025-03-18T19:22:38+00:00","breadcrumb":{"@id":"https:\/\/hairdeluxe.ee\/en\/product\/balmain-tekstuuri-andev-soolasprei-200ml-texturizing-salt-spray\/#breadcrumb"},"inLanguage":"en-US","potentialAction":[{"@type":"ReadAction","target":["https:\/\/hairdeluxe.ee\/en\/product\/balmain-tekstuuri-andev-soolasprei-200ml-texturizing-salt-spray\/"]}]},{"@type":"ImageObject","inLanguage":"en-US","@id":"https:\/\/hairdeluxe.ee\/en\/product\/balmain-tekstuuri-andev-soolasprei-200ml-texturizing-salt-spray\/#primaryimage","url":"https:\/\/hairdeluxe.ee\/wp-content\/uploads\/2024\/02\/balmain-hair-juustele-tekstuur-soola-sprei-texturizing-salt-spray-200ml.jpg","contentUrl":"https:\/\/hairdeluxe.ee\/wp-content\/uploads\/2024\/02\/balmain-hair-juustele-tekstuur-soola-sprei-texturizing-salt-spray-200ml.jpg","width":1100,"height":1100},{"@type":"BreadcrumbList","@id":"https:\/\/hairdeluxe.ee\/en\/product\/balmain-tekstuuri-andev-soolasprei-200ml-texturizing-salt-spray\/#breadcrumb","itemListElement":[{"@type":"ListItem","position":1,"name":"Home","item":"https:\/\/hairdeluxe.ee\/en\/"},{"@type":"ListItem","position":2,"name":"Shop","item":"https:\/\/hairdeluxe.ee\/en\/shop\/"},{"@type":"ListItem","position":3,"name":"BALMAIN HAIR juustele tekstuuri andev soolasprei \/ Texturizing Salt Spray 200ml"}]},{"@type":"WebSite","@id":"https:\/\/hairdeluxe.ee\/en\/#website","url":"https:\/\/hairdeluxe.ee\/en\/","name":"Hair Deluxe","description":"Highlight your natural beauty","publisher":{"@id":"https:\/\/hairdeluxe.ee\/en\/#organization"},"potentialAction":[{"@type":"SearchAction","target":{"@type":"EntryPoint","urlTemplate":"https:\/\/hairdeluxe.ee\/en\/?s={search_term_string}"},"query-input":{"@type":"PropertyValueSpecification","valueRequired":true,"valueName":"search_term_string"}}],"inLanguage":"en-US"},{"@type":"Organization","@id":"https:\/\/hairdeluxe.ee\/en\/#organization","name":"Hair Deluxe","url":"https:\/\/hairdeluxe.ee\/en\/","logo":{"@type":"ImageObject","inLanguage":"en-US","@id":"https:\/\/hairdeluxe.ee\/en\/#\/schema\/logo\/image\/","url":"https:\/\/hairdeluxe.ee\/wp-content\/uploads\/2024\/06\/Hair-Deluxe-Logo-Dark-font.png","contentUrl":"https:\/\/hairdeluxe.ee\/wp-content\/uploads\/2024\/06\/Hair-Deluxe-Logo-Dark-font.png","width":467,"height":177,"caption":"Hair Deluxe"},"image":{"@id":"https:\/\/hairdeluxe.ee\/en\/#\/schema\/logo\/image\/"},"sameAs":["https:\/\/www.facebook.com\/blowbartallinn","https:\/\/www.instagram.com\/blowbar_tallinn"]}]}},"_links":{"self":[{"href":"https:\/\/hairdeluxe.ee\/en\/wp-json\/wp\/v2\/product\/21693","targetHints":{"allow":["GET"]}}],"collection":[{"href":"https:\/\/hairdeluxe.ee\/en\/wp-json\/wp\/v2\/product"}],"about":[{"href":"https:\/\/hairdeluxe.ee\/en\/wp-json\/wp\/v2\/types\/product"}],"wp:featuredmedia":[{"embeddable":true,"href":"https:\/\/hairdeluxe.ee\/en\/wp-json\/wp\/v2\/media\/39303"}],"wp:attachment":[{"href":"https:\/\/hairdeluxe.ee\/en\/wp-json\/wp\/v2\/media?parent=21693"}],"wp:term":[{"taxonomy":"product_brand","embeddable":true,"href":"https:\/\/hairdeluxe.ee\/en\/wp-json\/wp\/v2\/product_brand?post=21693"},{"taxonomy":"product_cat","embeddable":true,"href":"https:\/\/hairdeluxe.ee\/en\/wp-json\/wp\/v2\/product_cat?post=21693"},{"taxonomy":"product_tag","embeddable":true,"href":"https:\/\/hairdeluxe.ee\/en\/wp-json\/wp\/v2\/product_tag?post=21693"}],"curies":[{"name":"wp","href":"https:\/\/api.w.org\/{rel}","templated":true}]}}