{"id":21698,"date":"2021-03-17T15:20:31","date_gmt":"2021-03-17T13:20:31","guid":{"rendered":"https:\/\/blowbar.ee\/toode\/import-placeholder-for-976\/"},"modified":"2025-03-18T19:22:37","modified_gmt":"2025-03-18T19:22:37","slug":"balmain-tugev-matistav-juuksesavi-100ml-matt-clay-strong","status":"publish","type":"product","link":"https:\/\/hairdeluxe.ee\/en\/product\/balmain-tugev-matistav-juuksesavi-100ml-matt-clay-strong\/","title":{"rendered":"BALMAIN HAIR tugev matistav juuksesavi \/ Matt Clay Strong 100ml"},"content":{"rendered":"<p><em><strong>Koostis:\u00a0<\/strong>Petrolatum, Kaolin, Polysorbate 20, Cera Flava, Parfum, Argania Spinosa Kernel Oil, Silk Amino Acids, Panthenol, Hydrogenated Olive Oil, Olive Oil (Olea Europaea), Olive Oil Unsaponifiables.<\/em><\/p>\n","protected":false},"excerpt":{"rendered":"<p>Matt viimistlussavi muutub k\u00e4es modelleerivaks kreemiks, mis aitab elimineerida kahu, lisab soengule tugeva hoiaku ning loomuliku ja mati l\u00f5pptulemuse. Taltsutab karmid juuksed ja aitab viimistleda soengusse isegi raskesti k\u00e4sitletavad juuksed. Annab maksimaalse tekstuuri ja elimineerib kahu. Siidiproteiin ja argaania\u00f5li s\u00e4ilitavad optimaalse niiskustaseme juustes, parandavad ja kaitsevad kahjustunud, kuivi ja n\u00f5rkasid juukseid kahjuliku keskkonnam\u00f5ju eest. Balmain Hair signatuurl\u00f5hnaga. Sobib nii meestele kui naistele!<\/p>\n<p><strong>Kasutamine:\u00a0<\/strong>H\u00f5\u00f5ruda toodet k\u00e4te vahel ning kanda seej\u00e4rel kuivadele v\u00f5i niisketele juustele. Viimistleda \u00a0vastavalt soovile.<\/p>\n<p><strong>Soovitus<\/strong>: Kasutada koos Session Spray Strong\u2019iga eriti tugeva hoiaku saamiseks.<\/p>\n<p>Kogus: 100ml<\/p>\n\n","protected":false},"featured_media":21734,"template":"","meta":[],"product_brand":[464],"product_cat":[266,265,212,121,144,220,196,274],"product_tag":[],"class_list":{"0":"post-21698","1":"product","2":"type-product","3":"status-publish","4":"has-post-thumbnail","6":"product_brand-balmain-hair","7":"product_cat-balmain-hair","8":"product_cat-brandid","9":"product_cat-kinnitus","10":"product_cat-koik-tooted","11":"product_cat-meestele","12":"product_cat-pehmed-kahuvabad","13":"product_cat-viimistlus","14":"product_cat-viimistlus-meestele","16":"first","17":"instock","18":"taxable","19":"shipping-taxable","20":"purchasable","21":"product-type-simple","22":"add-to-wishlist-after_add_to_cart"},"yoast_head":"<!-- This site is optimized with the Yoast SEO plugin v27.3 - https:\/\/yoast.com\/product\/yoast-seo-wordpress\/ -->\n<title>BALMAIN HAIR tugev matistav juuksesavi \/ Matt Clay Strong 100ml - Hair Deluxe<\/title>\n<meta name=\"robots\" content=\"index, follow, max-snippet:-1, max-image-preview:large, max-video-preview:-1\" \/>\n<link rel=\"canonical\" href=\"https:\/\/hairdeluxe.ee\/en\/product\/balmain-tugev-matistav-juuksesavi-100ml-matt-clay-strong\/\" \/>\n<meta property=\"og:locale\" content=\"en_US\" \/>\n<meta property=\"og:type\" content=\"article\" \/>\n<meta property=\"og:title\" content=\"BALMAIN HAIR tugev matistav juuksesavi \/ Matt Clay Strong 100ml - Hair Deluxe\" \/>\n<meta property=\"og:description\" content=\"Matt viimistlussavi muutub k\u00e4es modelleerivaks kreemiks, mis aitab elimineerida kahu, lisab soengule tugeva hoiaku ning loomuliku ja mati l\u00f5pptulemuse. Taltsutab karmid juuksed ja aitab viimistleda soengusse isegi raskesti k\u00e4sitletavad juuksed. Annab maksimaalse tekstuuri ja elimineerib kahu. Siidiproteiin ja argaania\u00f5li s\u00e4ilitavad optimaalse niiskustaseme juustes, parandavad ja kaitsevad kahjustunud, kuivi ja n\u00f5rkasid juukseid kahjuliku keskkonnam\u00f5ju eest. Balmain Hair signatuurl\u00f5hnaga. Sobib nii meestele kui naistele!  Kasutamine:\u00a0H\u00f5\u00f5ruda toodet k\u00e4te vahel ning kanda seej\u00e4rel kuivadele v\u00f5i niisketele juustele. Viimistleda \u00a0vastavalt soovile.  Soovitus: Kasutada koos Session Spray Strong\u2019iga eriti tugeva hoiaku saamiseks.  Kogus: 100ml\" \/>\n<meta property=\"og:url\" content=\"https:\/\/hairdeluxe.ee\/en\/product\/balmain-tugev-matistav-juuksesavi-100ml-matt-clay-strong\/\" \/>\n<meta property=\"og:site_name\" content=\"Hair Deluxe\" \/>\n<meta property=\"article:publisher\" content=\"https:\/\/www.facebook.com\/blowbartallinn\" \/>\n<meta property=\"article:modified_time\" content=\"2025-03-18T19:22:37+00:00\" \/>\n<meta property=\"og:image\" content=\"https:\/\/hairdeluxe.ee\/wp-content\/uploads\/2021\/03\/clay.jpg\" \/>\n\t<meta property=\"og:image:width\" content=\"800\" \/>\n\t<meta property=\"og:image:height\" content=\"800\" \/>\n\t<meta property=\"og:image:type\" content=\"image\/jpeg\" \/>\n<meta name=\"twitter:card\" content=\"summary_large_image\" \/>\n<meta name=\"twitter:label1\" content=\"Est. reading time\" \/>\n\t<meta name=\"twitter:data1\" content=\"1 minute\" \/>\n<script type=\"application\/ld+json\" class=\"yoast-schema-graph\">{\"@context\":\"https:\\\/\\\/schema.org\",\"@graph\":[{\"@type\":\"WebPage\",\"@id\":\"https:\\\/\\\/hairdeluxe.ee\\\/en\\\/product\\\/balmain-tugev-matistav-juuksesavi-100ml-matt-clay-strong\\\/\",\"url\":\"https:\\\/\\\/hairdeluxe.ee\\\/en\\\/product\\\/balmain-tugev-matistav-juuksesavi-100ml-matt-clay-strong\\\/\",\"name\":\"BALMAIN HAIR tugev matistav juuksesavi \\\/ Matt Clay Strong 100ml - Hair Deluxe\",\"isPartOf\":{\"@id\":\"https:\\\/\\\/hairdeluxe.ee\\\/en\\\/#website\"},\"primaryImageOfPage\":{\"@id\":\"https:\\\/\\\/hairdeluxe.ee\\\/en\\\/product\\\/balmain-tugev-matistav-juuksesavi-100ml-matt-clay-strong\\\/#primaryimage\"},\"image\":{\"@id\":\"https:\\\/\\\/hairdeluxe.ee\\\/en\\\/product\\\/balmain-tugev-matistav-juuksesavi-100ml-matt-clay-strong\\\/#primaryimage\"},\"thumbnailUrl\":\"https:\\\/\\\/hairdeluxe.ee\\\/wp-content\\\/uploads\\\/2021\\\/03\\\/clay.jpg\",\"datePublished\":\"2021-03-17T13:20:31+00:00\",\"dateModified\":\"2025-03-18T19:22:37+00:00\",\"breadcrumb\":{\"@id\":\"https:\\\/\\\/hairdeluxe.ee\\\/en\\\/product\\\/balmain-tugev-matistav-juuksesavi-100ml-matt-clay-strong\\\/#breadcrumb\"},\"inLanguage\":\"en-US\",\"potentialAction\":[{\"@type\":\"ReadAction\",\"target\":[\"https:\\\/\\\/hairdeluxe.ee\\\/en\\\/product\\\/balmain-tugev-matistav-juuksesavi-100ml-matt-clay-strong\\\/\"]}]},{\"@type\":\"ImageObject\",\"inLanguage\":\"en-US\",\"@id\":\"https:\\\/\\\/hairdeluxe.ee\\\/en\\\/product\\\/balmain-tugev-matistav-juuksesavi-100ml-matt-clay-strong\\\/#primaryimage\",\"url\":\"https:\\\/\\\/hairdeluxe.ee\\\/wp-content\\\/uploads\\\/2021\\\/03\\\/clay.jpg\",\"contentUrl\":\"https:\\\/\\\/hairdeluxe.ee\\\/wp-content\\\/uploads\\\/2021\\\/03\\\/clay.jpg\",\"width\":800,\"height\":800},{\"@type\":\"BreadcrumbList\",\"@id\":\"https:\\\/\\\/hairdeluxe.ee\\\/en\\\/product\\\/balmain-tugev-matistav-juuksesavi-100ml-matt-clay-strong\\\/#breadcrumb\",\"itemListElement\":[{\"@type\":\"ListItem\",\"position\":1,\"name\":\"Home\",\"item\":\"https:\\\/\\\/hairdeluxe.ee\\\/en\\\/\"},{\"@type\":\"ListItem\",\"position\":2,\"name\":\"Shop\",\"item\":\"https:\\\/\\\/hairdeluxe.ee\\\/en\\\/shop\\\/\"},{\"@type\":\"ListItem\",\"position\":3,\"name\":\"BALMAIN HAIR tugev matistav juuksesavi \\\/ Matt Clay Strong 100ml\"}]},{\"@type\":\"WebSite\",\"@id\":\"https:\\\/\\\/hairdeluxe.ee\\\/en\\\/#website\",\"url\":\"https:\\\/\\\/hairdeluxe.ee\\\/en\\\/\",\"name\":\"Hair Deluxe\",\"description\":\"Highlight your natural beauty\",\"publisher\":{\"@id\":\"https:\\\/\\\/hairdeluxe.ee\\\/en\\\/#organization\"},\"potentialAction\":[{\"@type\":\"SearchAction\",\"target\":{\"@type\":\"EntryPoint\",\"urlTemplate\":\"https:\\\/\\\/hairdeluxe.ee\\\/en\\\/?s={search_term_string}\"},\"query-input\":{\"@type\":\"PropertyValueSpecification\",\"valueRequired\":true,\"valueName\":\"search_term_string\"}}],\"inLanguage\":\"en-US\"},{\"@type\":\"Organization\",\"@id\":\"https:\\\/\\\/hairdeluxe.ee\\\/en\\\/#organization\",\"name\":\"Hair Deluxe\",\"url\":\"https:\\\/\\\/hairdeluxe.ee\\\/en\\\/\",\"logo\":{\"@type\":\"ImageObject\",\"inLanguage\":\"en-US\",\"@id\":\"https:\\\/\\\/hairdeluxe.ee\\\/en\\\/#\\\/schema\\\/logo\\\/image\\\/\",\"url\":\"https:\\\/\\\/hairdeluxe.ee\\\/wp-content\\\/uploads\\\/2024\\\/06\\\/Hair-Deluxe-Logo-Dark-font.png\",\"contentUrl\":\"https:\\\/\\\/hairdeluxe.ee\\\/wp-content\\\/uploads\\\/2024\\\/06\\\/Hair-Deluxe-Logo-Dark-font.png\",\"width\":467,\"height\":177,\"caption\":\"Hair Deluxe\"},\"image\":{\"@id\":\"https:\\\/\\\/hairdeluxe.ee\\\/en\\\/#\\\/schema\\\/logo\\\/image\\\/\"},\"sameAs\":[\"https:\\\/\\\/www.facebook.com\\\/blowbartallinn\",\"https:\\\/\\\/www.instagram.com\\\/blowbar_tallinn\"]}]}<\/script>\n<!-- \/ Yoast SEO plugin. -->","yoast_head_json":{"title":"BALMAIN HAIR tugev matistav juuksesavi \/ Matt Clay Strong 100ml - Hair Deluxe","robots":{"index":"index","follow":"follow","max-snippet":"max-snippet:-1","max-image-preview":"max-image-preview:large","max-video-preview":"max-video-preview:-1"},"canonical":"https:\/\/hairdeluxe.ee\/en\/product\/balmain-tugev-matistav-juuksesavi-100ml-matt-clay-strong\/","og_locale":"en_US","og_type":"article","og_title":"BALMAIN HAIR tugev matistav juuksesavi \/ Matt Clay Strong 100ml - Hair Deluxe","og_description":"Matt viimistlussavi muutub k\u00e4es modelleerivaks kreemiks, mis aitab elimineerida kahu, lisab soengule tugeva hoiaku ning loomuliku ja mati l\u00f5pptulemuse. Taltsutab karmid juuksed ja aitab viimistleda soengusse isegi raskesti k\u00e4sitletavad juuksed. Annab maksimaalse tekstuuri ja elimineerib kahu. Siidiproteiin ja argaania\u00f5li s\u00e4ilitavad optimaalse niiskustaseme juustes, parandavad ja kaitsevad kahjustunud, kuivi ja n\u00f5rkasid juukseid kahjuliku keskkonnam\u00f5ju eest. Balmain Hair signatuurl\u00f5hnaga. Sobib nii meestele kui naistele!  Kasutamine:\u00a0H\u00f5\u00f5ruda toodet k\u00e4te vahel ning kanda seej\u00e4rel kuivadele v\u00f5i niisketele juustele. Viimistleda \u00a0vastavalt soovile.  Soovitus: Kasutada koos Session Spray Strong\u2019iga eriti tugeva hoiaku saamiseks.  Kogus: 100ml","og_url":"https:\/\/hairdeluxe.ee\/en\/product\/balmain-tugev-matistav-juuksesavi-100ml-matt-clay-strong\/","og_site_name":"Hair Deluxe","article_publisher":"https:\/\/www.facebook.com\/blowbartallinn","article_modified_time":"2025-03-18T19:22:37+00:00","og_image":[{"width":800,"height":800,"url":"https:\/\/hairdeluxe.ee\/wp-content\/uploads\/2021\/03\/clay.jpg","type":"image\/jpeg"}],"twitter_card":"summary_large_image","twitter_misc":{"Est. reading time":"1 minute"},"schema":{"@context":"https:\/\/schema.org","@graph":[{"@type":"WebPage","@id":"https:\/\/hairdeluxe.ee\/en\/product\/balmain-tugev-matistav-juuksesavi-100ml-matt-clay-strong\/","url":"https:\/\/hairdeluxe.ee\/en\/product\/balmain-tugev-matistav-juuksesavi-100ml-matt-clay-strong\/","name":"BALMAIN HAIR tugev matistav juuksesavi \/ Matt Clay Strong 100ml - Hair Deluxe","isPartOf":{"@id":"https:\/\/hairdeluxe.ee\/en\/#website"},"primaryImageOfPage":{"@id":"https:\/\/hairdeluxe.ee\/en\/product\/balmain-tugev-matistav-juuksesavi-100ml-matt-clay-strong\/#primaryimage"},"image":{"@id":"https:\/\/hairdeluxe.ee\/en\/product\/balmain-tugev-matistav-juuksesavi-100ml-matt-clay-strong\/#primaryimage"},"thumbnailUrl":"https:\/\/hairdeluxe.ee\/wp-content\/uploads\/2021\/03\/clay.jpg","datePublished":"2021-03-17T13:20:31+00:00","dateModified":"2025-03-18T19:22:37+00:00","breadcrumb":{"@id":"https:\/\/hairdeluxe.ee\/en\/product\/balmain-tugev-matistav-juuksesavi-100ml-matt-clay-strong\/#breadcrumb"},"inLanguage":"en-US","potentialAction":[{"@type":"ReadAction","target":["https:\/\/hairdeluxe.ee\/en\/product\/balmain-tugev-matistav-juuksesavi-100ml-matt-clay-strong\/"]}]},{"@type":"ImageObject","inLanguage":"en-US","@id":"https:\/\/hairdeluxe.ee\/en\/product\/balmain-tugev-matistav-juuksesavi-100ml-matt-clay-strong\/#primaryimage","url":"https:\/\/hairdeluxe.ee\/wp-content\/uploads\/2021\/03\/clay.jpg","contentUrl":"https:\/\/hairdeluxe.ee\/wp-content\/uploads\/2021\/03\/clay.jpg","width":800,"height":800},{"@type":"BreadcrumbList","@id":"https:\/\/hairdeluxe.ee\/en\/product\/balmain-tugev-matistav-juuksesavi-100ml-matt-clay-strong\/#breadcrumb","itemListElement":[{"@type":"ListItem","position":1,"name":"Home","item":"https:\/\/hairdeluxe.ee\/en\/"},{"@type":"ListItem","position":2,"name":"Shop","item":"https:\/\/hairdeluxe.ee\/en\/shop\/"},{"@type":"ListItem","position":3,"name":"BALMAIN HAIR tugev matistav juuksesavi \/ Matt Clay Strong 100ml"}]},{"@type":"WebSite","@id":"https:\/\/hairdeluxe.ee\/en\/#website","url":"https:\/\/hairdeluxe.ee\/en\/","name":"Hair Deluxe","description":"Highlight your natural beauty","publisher":{"@id":"https:\/\/hairdeluxe.ee\/en\/#organization"},"potentialAction":[{"@type":"SearchAction","target":{"@type":"EntryPoint","urlTemplate":"https:\/\/hairdeluxe.ee\/en\/?s={search_term_string}"},"query-input":{"@type":"PropertyValueSpecification","valueRequired":true,"valueName":"search_term_string"}}],"inLanguage":"en-US"},{"@type":"Organization","@id":"https:\/\/hairdeluxe.ee\/en\/#organization","name":"Hair Deluxe","url":"https:\/\/hairdeluxe.ee\/en\/","logo":{"@type":"ImageObject","inLanguage":"en-US","@id":"https:\/\/hairdeluxe.ee\/en\/#\/schema\/logo\/image\/","url":"https:\/\/hairdeluxe.ee\/wp-content\/uploads\/2024\/06\/Hair-Deluxe-Logo-Dark-font.png","contentUrl":"https:\/\/hairdeluxe.ee\/wp-content\/uploads\/2024\/06\/Hair-Deluxe-Logo-Dark-font.png","width":467,"height":177,"caption":"Hair Deluxe"},"image":{"@id":"https:\/\/hairdeluxe.ee\/en\/#\/schema\/logo\/image\/"},"sameAs":["https:\/\/www.facebook.com\/blowbartallinn","https:\/\/www.instagram.com\/blowbar_tallinn"]}]}},"_links":{"self":[{"href":"https:\/\/hairdeluxe.ee\/en\/wp-json\/wp\/v2\/product\/21698","targetHints":{"allow":["GET"]}}],"collection":[{"href":"https:\/\/hairdeluxe.ee\/en\/wp-json\/wp\/v2\/product"}],"about":[{"href":"https:\/\/hairdeluxe.ee\/en\/wp-json\/wp\/v2\/types\/product"}],"wp:featuredmedia":[{"embeddable":true,"href":"https:\/\/hairdeluxe.ee\/en\/wp-json\/wp\/v2\/media\/21734"}],"wp:attachment":[{"href":"https:\/\/hairdeluxe.ee\/en\/wp-json\/wp\/v2\/media?parent=21698"}],"wp:term":[{"taxonomy":"product_brand","embeddable":true,"href":"https:\/\/hairdeluxe.ee\/en\/wp-json\/wp\/v2\/product_brand?post=21698"},{"taxonomy":"product_cat","embeddable":true,"href":"https:\/\/hairdeluxe.ee\/en\/wp-json\/wp\/v2\/product_cat?post=21698"},{"taxonomy":"product_tag","embeddable":true,"href":"https:\/\/hairdeluxe.ee\/en\/wp-json\/wp\/v2\/product_tag?post=21698"}],"curies":[{"name":"wp","href":"https:\/\/api.w.org\/{rel}","templated":true}]}}