{"id":21699,"date":"2021-03-17T15:20:31","date_gmt":"2021-03-17T13:20:31","guid":{"rendered":"https:\/\/blowbar.ee\/toode\/import-placeholder-for-981\/"},"modified":"2025-03-18T19:22:37","modified_gmt":"2025-03-18T19:22:37","slug":"balmain-tugev-juuksegeel-100ml-styling-gel-strong","status":"publish","type":"product","link":"https:\/\/hairdeluxe.ee\/en\/product\/balmain-tugev-juuksegeel-100ml-styling-gel-strong\/","title":{"rendered":"BALMAIN HAIR tugeva hoidvusega juuksegeel \/ Styling Gel Strong 100ml"},"content":{"rendered":"<p><em><strong>Koostis:<\/strong>\u00a0Aqua, VP\/VA Copolymer, Alcohol, Butylene Glycol, Polysorbate 20, Argania Spinosa Kernel Oil, Silk Amino Acids, Panthenol, Parfum, Polyquaternium-11, Acrylates\/C10-30 Alkyl Acrylate Crosspolymer, Phenoxyethanol, Ethylhexylglycerin, Aminomethyl Propanol.<\/em><\/p>\n","protected":false},"excerpt":{"rendered":"<p>Balmain Hair Styling Gel Maximum Hold on selge ja mittekleepuva koostisega geel, mis sobib ideaalselt soengute jaoks, millel on vaja kauakestvat p\u00fcsivust. Vormib kergesti nii m\u00e4rjad, kui ka kuivad juuksed. Suurendab s\u00e4ra ja niisutab igat juuksekarva. T\u00e4nu veep\u00f5hisele koostisele on toode kergelt v\u00e4ljapestav. Ideaalne koostis v\u00f5imsa catwalk-inspireeritud v\u00e4limuse jaoks. Sobib l\u00fchikeste kuni keskmiste soengute jaoks, kuid suurep\u00e4rane ka hobusesaba loomisel lenduvate salkude taltsutamiseks. Kerge koostisega stiliseerimisgeel loob puhta ja vastupidava viimistluse. Argan Elixir ja Silk Protein taastavad kuivi ja kahjustatud juukseid.<br \/>\n\u2013 Pikaajaline p\u00fcsivus<br \/>\n\u2013 Sobib nii kuivadele juustele kui ka wet-look soengute loomiseks<br \/>\n\u2013 Non-flexible<\/p>\n<p><strong>Kasutamine:\u00a0<\/strong>Kandke v\u00e4ike kogus Styling Gel Maximum Hold\u2019i geeli oma s\u00f5rmeotstele, seej\u00e4rel kujundage juuksed vastavalt soovile.<\/p>\n<p>Kogus: 100ml<\/p>\n","protected":false},"featured_media":34499,"template":"","meta":[],"product_brand":[464],"product_cat":[266,265,208,212,121,144,196,274],"product_tag":[],"class_list":{"0":"post-21699","1":"product","2":"type-product","3":"status-publish","4":"has-post-thumbnail","6":"product_brand-balmain-hair","7":"product_cat-balmain-hair","8":"product_cat-brandid","9":"product_cat-juuksehooldus","10":"product_cat-kinnitus","11":"product_cat-koik-tooted","12":"product_cat-meestele","13":"product_cat-viimistlus","14":"product_cat-viimistlus-meestele","16":"first","17":"instock","18":"taxable","19":"shipping-taxable","20":"purchasable","21":"product-type-simple","22":"add-to-wishlist-after_add_to_cart"},"yoast_head":"<!-- This site is optimized with the Yoast SEO plugin v27.5 - https:\/\/yoast.com\/product\/yoast-seo-wordpress\/ -->\n<title>BALMAIN HAIR tugeva hoidvusega juuksegeel \/ Styling Gel Strong 100ml - Hair Deluxe<\/title>\n<meta name=\"robots\" content=\"index, follow, max-snippet:-1, max-image-preview:large, max-video-preview:-1\" \/>\n<link rel=\"canonical\" href=\"https:\/\/hairdeluxe.ee\/en\/product\/balmain-tugev-juuksegeel-100ml-styling-gel-strong\/\" \/>\n<meta property=\"og:locale\" content=\"en_US\" \/>\n<meta property=\"og:type\" content=\"article\" \/>\n<meta property=\"og:title\" content=\"BALMAIN HAIR tugeva hoidvusega juuksegeel \/ Styling Gel Strong 100ml - Hair Deluxe\" \/>\n<meta property=\"og:description\" content=\"Balmain Hair Styling Gel Maximum Hold on selge ja mittekleepuva koostisega geel, mis sobib ideaalselt soengute jaoks, millel on vaja kauakestvat p\u00fcsivust. Vormib kergesti nii m\u00e4rjad, kui ka kuivad juuksed. Suurendab s\u00e4ra ja niisutab igat juuksekarva. T\u00e4nu veep\u00f5hisele koostisele on toode kergelt v\u00e4ljapestav. Ideaalne koostis v\u00f5imsa catwalk-inspireeritud v\u00e4limuse jaoks. Sobib l\u00fchikeste kuni keskmiste soengute jaoks, kuid suurep\u00e4rane ka hobusesaba loomisel lenduvate salkude taltsutamiseks. Kerge koostisega stiliseerimisgeel loob puhta ja vastupidava viimistluse. Argan Elixir ja Silk Protein taastavad kuivi ja kahjustatud juukseid. \u2013 Pikaajaline p\u00fcsivus \u2013 Sobib nii kuivadele juustele kui ka wet-look soengute loomiseks \u2013 Non-flexible  Kasutamine:\u00a0Kandke v\u00e4ike kogus Styling Gel Maximum Hold\u2019i geeli oma s\u00f5rmeotstele, seej\u00e4rel kujundage juuksed vastavalt soovile.  Kogus: 100ml\" \/>\n<meta property=\"og:url\" content=\"https:\/\/hairdeluxe.ee\/en\/product\/balmain-tugev-juuksegeel-100ml-styling-gel-strong\/\" \/>\n<meta property=\"og:site_name\" content=\"Hair Deluxe\" \/>\n<meta property=\"article:publisher\" content=\"https:\/\/www.facebook.com\/blowbartallinn\" \/>\n<meta property=\"article:modified_time\" content=\"2025-03-18T19:22:37+00:00\" \/>\n<meta property=\"og:image\" content=\"https:\/\/hairdeluxe.ee\/wp-content\/uploads\/2021\/03\/balmainhair_styling_stylinggelmaximumhold_800x800_bd08.jpg\" \/>\n\t<meta property=\"og:image:width\" content=\"800\" \/>\n\t<meta property=\"og:image:height\" content=\"800\" \/>\n\t<meta property=\"og:image:type\" content=\"image\/jpeg\" \/>\n<meta name=\"twitter:card\" content=\"summary_large_image\" \/>\n<meta name=\"twitter:label1\" content=\"Est. reading time\" \/>\n\t<meta name=\"twitter:data1\" content=\"1 minute\" \/>\n<script type=\"application\/ld+json\" class=\"yoast-schema-graph\">{\"@context\":\"https:\\\/\\\/schema.org\",\"@graph\":[{\"@type\":\"WebPage\",\"@id\":\"https:\\\/\\\/hairdeluxe.ee\\\/en\\\/product\\\/balmain-tugev-juuksegeel-100ml-styling-gel-strong\\\/\",\"url\":\"https:\\\/\\\/hairdeluxe.ee\\\/en\\\/product\\\/balmain-tugev-juuksegeel-100ml-styling-gel-strong\\\/\",\"name\":\"BALMAIN HAIR tugeva hoidvusega juuksegeel \\\/ Styling Gel Strong 100ml - Hair Deluxe\",\"isPartOf\":{\"@id\":\"https:\\\/\\\/hairdeluxe.ee\\\/en\\\/#website\"},\"primaryImageOfPage\":{\"@id\":\"https:\\\/\\\/hairdeluxe.ee\\\/en\\\/product\\\/balmain-tugev-juuksegeel-100ml-styling-gel-strong\\\/#primaryimage\"},\"image\":{\"@id\":\"https:\\\/\\\/hairdeluxe.ee\\\/en\\\/product\\\/balmain-tugev-juuksegeel-100ml-styling-gel-strong\\\/#primaryimage\"},\"thumbnailUrl\":\"https:\\\/\\\/hairdeluxe.ee\\\/wp-content\\\/uploads\\\/2021\\\/03\\\/balmainhair_styling_stylinggelmaximumhold_800x800_bd08.jpg\",\"datePublished\":\"2021-03-17T13:20:31+00:00\",\"dateModified\":\"2025-03-18T19:22:37+00:00\",\"breadcrumb\":{\"@id\":\"https:\\\/\\\/hairdeluxe.ee\\\/en\\\/product\\\/balmain-tugev-juuksegeel-100ml-styling-gel-strong\\\/#breadcrumb\"},\"inLanguage\":\"en-US\",\"potentialAction\":[{\"@type\":\"ReadAction\",\"target\":[\"https:\\\/\\\/hairdeluxe.ee\\\/en\\\/product\\\/balmain-tugev-juuksegeel-100ml-styling-gel-strong\\\/\"]}]},{\"@type\":\"ImageObject\",\"inLanguage\":\"en-US\",\"@id\":\"https:\\\/\\\/hairdeluxe.ee\\\/en\\\/product\\\/balmain-tugev-juuksegeel-100ml-styling-gel-strong\\\/#primaryimage\",\"url\":\"https:\\\/\\\/hairdeluxe.ee\\\/wp-content\\\/uploads\\\/2021\\\/03\\\/balmainhair_styling_stylinggelmaximumhold_800x800_bd08.jpg\",\"contentUrl\":\"https:\\\/\\\/hairdeluxe.ee\\\/wp-content\\\/uploads\\\/2021\\\/03\\\/balmainhair_styling_stylinggelmaximumhold_800x800_bd08.jpg\",\"width\":800,\"height\":800},{\"@type\":\"BreadcrumbList\",\"@id\":\"https:\\\/\\\/hairdeluxe.ee\\\/en\\\/product\\\/balmain-tugev-juuksegeel-100ml-styling-gel-strong\\\/#breadcrumb\",\"itemListElement\":[{\"@type\":\"ListItem\",\"position\":1,\"name\":\"Home\",\"item\":\"https:\\\/\\\/hairdeluxe.ee\\\/en\\\/\"},{\"@type\":\"ListItem\",\"position\":2,\"name\":\"Shop\",\"item\":\"https:\\\/\\\/hairdeluxe.ee\\\/en\\\/shop\\\/\"},{\"@type\":\"ListItem\",\"position\":3,\"name\":\"BALMAIN HAIR tugeva hoidvusega juuksegeel \\\/ Styling Gel Strong 100ml\"}]},{\"@type\":\"WebSite\",\"@id\":\"https:\\\/\\\/hairdeluxe.ee\\\/en\\\/#website\",\"url\":\"https:\\\/\\\/hairdeluxe.ee\\\/en\\\/\",\"name\":\"Hair Deluxe\",\"description\":\"Highlight your natural beauty\",\"publisher\":{\"@id\":\"https:\\\/\\\/hairdeluxe.ee\\\/en\\\/#organization\"},\"potentialAction\":[{\"@type\":\"SearchAction\",\"target\":{\"@type\":\"EntryPoint\",\"urlTemplate\":\"https:\\\/\\\/hairdeluxe.ee\\\/en\\\/?s={search_term_string}\"},\"query-input\":{\"@type\":\"PropertyValueSpecification\",\"valueRequired\":true,\"valueName\":\"search_term_string\"}}],\"inLanguage\":\"en-US\"},{\"@type\":\"Organization\",\"@id\":\"https:\\\/\\\/hairdeluxe.ee\\\/en\\\/#organization\",\"name\":\"Hair Deluxe\",\"url\":\"https:\\\/\\\/hairdeluxe.ee\\\/en\\\/\",\"logo\":{\"@type\":\"ImageObject\",\"inLanguage\":\"en-US\",\"@id\":\"https:\\\/\\\/hairdeluxe.ee\\\/en\\\/#\\\/schema\\\/logo\\\/image\\\/\",\"url\":\"https:\\\/\\\/hairdeluxe.ee\\\/wp-content\\\/uploads\\\/2024\\\/06\\\/Hair-Deluxe-Logo-Dark-font.png\",\"contentUrl\":\"https:\\\/\\\/hairdeluxe.ee\\\/wp-content\\\/uploads\\\/2024\\\/06\\\/Hair-Deluxe-Logo-Dark-font.png\",\"width\":467,\"height\":177,\"caption\":\"Hair Deluxe\"},\"image\":{\"@id\":\"https:\\\/\\\/hairdeluxe.ee\\\/en\\\/#\\\/schema\\\/logo\\\/image\\\/\"},\"sameAs\":[\"https:\\\/\\\/www.facebook.com\\\/blowbartallinn\",\"https:\\\/\\\/www.instagram.com\\\/blowbar_tallinn\"]}]}<\/script>\n<!-- \/ Yoast SEO plugin. -->","yoast_head_json":{"title":"BALMAIN HAIR tugeva hoidvusega juuksegeel \/ Styling Gel Strong 100ml - Hair Deluxe","robots":{"index":"index","follow":"follow","max-snippet":"max-snippet:-1","max-image-preview":"max-image-preview:large","max-video-preview":"max-video-preview:-1"},"canonical":"https:\/\/hairdeluxe.ee\/en\/product\/balmain-tugev-juuksegeel-100ml-styling-gel-strong\/","og_locale":"en_US","og_type":"article","og_title":"BALMAIN HAIR tugeva hoidvusega juuksegeel \/ Styling Gel Strong 100ml - Hair Deluxe","og_description":"Balmain Hair Styling Gel Maximum Hold on selge ja mittekleepuva koostisega geel, mis sobib ideaalselt soengute jaoks, millel on vaja kauakestvat p\u00fcsivust. Vormib kergesti nii m\u00e4rjad, kui ka kuivad juuksed. Suurendab s\u00e4ra ja niisutab igat juuksekarva. T\u00e4nu veep\u00f5hisele koostisele on toode kergelt v\u00e4ljapestav. Ideaalne koostis v\u00f5imsa catwalk-inspireeritud v\u00e4limuse jaoks. Sobib l\u00fchikeste kuni keskmiste soengute jaoks, kuid suurep\u00e4rane ka hobusesaba loomisel lenduvate salkude taltsutamiseks. Kerge koostisega stiliseerimisgeel loob puhta ja vastupidava viimistluse. Argan Elixir ja Silk Protein taastavad kuivi ja kahjustatud juukseid. \u2013 Pikaajaline p\u00fcsivus \u2013 Sobib nii kuivadele juustele kui ka wet-look soengute loomiseks \u2013 Non-flexible  Kasutamine:\u00a0Kandke v\u00e4ike kogus Styling Gel Maximum Hold\u2019i geeli oma s\u00f5rmeotstele, seej\u00e4rel kujundage juuksed vastavalt soovile.  Kogus: 100ml","og_url":"https:\/\/hairdeluxe.ee\/en\/product\/balmain-tugev-juuksegeel-100ml-styling-gel-strong\/","og_site_name":"Hair Deluxe","article_publisher":"https:\/\/www.facebook.com\/blowbartallinn","article_modified_time":"2025-03-18T19:22:37+00:00","og_image":[{"width":800,"height":800,"url":"https:\/\/hairdeluxe.ee\/wp-content\/uploads\/2021\/03\/balmainhair_styling_stylinggelmaximumhold_800x800_bd08.jpg","type":"image\/jpeg"}],"twitter_card":"summary_large_image","twitter_misc":{"Est. reading time":"1 minute"},"schema":{"@context":"https:\/\/schema.org","@graph":[{"@type":"WebPage","@id":"https:\/\/hairdeluxe.ee\/en\/product\/balmain-tugev-juuksegeel-100ml-styling-gel-strong\/","url":"https:\/\/hairdeluxe.ee\/en\/product\/balmain-tugev-juuksegeel-100ml-styling-gel-strong\/","name":"BALMAIN HAIR tugeva hoidvusega juuksegeel \/ Styling Gel Strong 100ml - Hair Deluxe","isPartOf":{"@id":"https:\/\/hairdeluxe.ee\/en\/#website"},"primaryImageOfPage":{"@id":"https:\/\/hairdeluxe.ee\/en\/product\/balmain-tugev-juuksegeel-100ml-styling-gel-strong\/#primaryimage"},"image":{"@id":"https:\/\/hairdeluxe.ee\/en\/product\/balmain-tugev-juuksegeel-100ml-styling-gel-strong\/#primaryimage"},"thumbnailUrl":"https:\/\/hairdeluxe.ee\/wp-content\/uploads\/2021\/03\/balmainhair_styling_stylinggelmaximumhold_800x800_bd08.jpg","datePublished":"2021-03-17T13:20:31+00:00","dateModified":"2025-03-18T19:22:37+00:00","breadcrumb":{"@id":"https:\/\/hairdeluxe.ee\/en\/product\/balmain-tugev-juuksegeel-100ml-styling-gel-strong\/#breadcrumb"},"inLanguage":"en-US","potentialAction":[{"@type":"ReadAction","target":["https:\/\/hairdeluxe.ee\/en\/product\/balmain-tugev-juuksegeel-100ml-styling-gel-strong\/"]}]},{"@type":"ImageObject","inLanguage":"en-US","@id":"https:\/\/hairdeluxe.ee\/en\/product\/balmain-tugev-juuksegeel-100ml-styling-gel-strong\/#primaryimage","url":"https:\/\/hairdeluxe.ee\/wp-content\/uploads\/2021\/03\/balmainhair_styling_stylinggelmaximumhold_800x800_bd08.jpg","contentUrl":"https:\/\/hairdeluxe.ee\/wp-content\/uploads\/2021\/03\/balmainhair_styling_stylinggelmaximumhold_800x800_bd08.jpg","width":800,"height":800},{"@type":"BreadcrumbList","@id":"https:\/\/hairdeluxe.ee\/en\/product\/balmain-tugev-juuksegeel-100ml-styling-gel-strong\/#breadcrumb","itemListElement":[{"@type":"ListItem","position":1,"name":"Home","item":"https:\/\/hairdeluxe.ee\/en\/"},{"@type":"ListItem","position":2,"name":"Shop","item":"https:\/\/hairdeluxe.ee\/en\/shop\/"},{"@type":"ListItem","position":3,"name":"BALMAIN HAIR tugeva hoidvusega juuksegeel \/ Styling Gel Strong 100ml"}]},{"@type":"WebSite","@id":"https:\/\/hairdeluxe.ee\/en\/#website","url":"https:\/\/hairdeluxe.ee\/en\/","name":"Hair Deluxe","description":"Highlight your natural beauty","publisher":{"@id":"https:\/\/hairdeluxe.ee\/en\/#organization"},"potentialAction":[{"@type":"SearchAction","target":{"@type":"EntryPoint","urlTemplate":"https:\/\/hairdeluxe.ee\/en\/?s={search_term_string}"},"query-input":{"@type":"PropertyValueSpecification","valueRequired":true,"valueName":"search_term_string"}}],"inLanguage":"en-US"},{"@type":"Organization","@id":"https:\/\/hairdeluxe.ee\/en\/#organization","name":"Hair Deluxe","url":"https:\/\/hairdeluxe.ee\/en\/","logo":{"@type":"ImageObject","inLanguage":"en-US","@id":"https:\/\/hairdeluxe.ee\/en\/#\/schema\/logo\/image\/","url":"https:\/\/hairdeluxe.ee\/wp-content\/uploads\/2024\/06\/Hair-Deluxe-Logo-Dark-font.png","contentUrl":"https:\/\/hairdeluxe.ee\/wp-content\/uploads\/2024\/06\/Hair-Deluxe-Logo-Dark-font.png","width":467,"height":177,"caption":"Hair Deluxe"},"image":{"@id":"https:\/\/hairdeluxe.ee\/en\/#\/schema\/logo\/image\/"},"sameAs":["https:\/\/www.facebook.com\/blowbartallinn","https:\/\/www.instagram.com\/blowbar_tallinn"]}]}},"_links":{"self":[{"href":"https:\/\/hairdeluxe.ee\/en\/wp-json\/wp\/v2\/product\/21699","targetHints":{"allow":["GET"]}}],"collection":[{"href":"https:\/\/hairdeluxe.ee\/en\/wp-json\/wp\/v2\/product"}],"about":[{"href":"https:\/\/hairdeluxe.ee\/en\/wp-json\/wp\/v2\/types\/product"}],"wp:featuredmedia":[{"embeddable":true,"href":"https:\/\/hairdeluxe.ee\/en\/wp-json\/wp\/v2\/media\/34499"}],"wp:attachment":[{"href":"https:\/\/hairdeluxe.ee\/en\/wp-json\/wp\/v2\/media?parent=21699"}],"wp:term":[{"taxonomy":"product_brand","embeddable":true,"href":"https:\/\/hairdeluxe.ee\/en\/wp-json\/wp\/v2\/product_brand?post=21699"},{"taxonomy":"product_cat","embeddable":true,"href":"https:\/\/hairdeluxe.ee\/en\/wp-json\/wp\/v2\/product_cat?post=21699"},{"taxonomy":"product_tag","embeddable":true,"href":"https:\/\/hairdeluxe.ee\/en\/wp-json\/wp\/v2\/product_tag?post=21699"}],"curies":[{"name":"wp","href":"https:\/\/api.w.org\/{rel}","templated":true}]}}