{"id":21701,"date":"2021-03-17T15:20:31","date_gmt":"2021-03-17T13:20:31","guid":{"rendered":"https:\/\/blowbar.ee\/toode\/import-placeholder-for-992\/"},"modified":"2025-03-18T19:22:38","modified_gmt":"2025-03-18T19:22:38","slug":"balmain-tekstuuri-andev-voluumisprei-vaike-75ml-texturizing-volume-spray-travel-size","status":"publish","type":"product","link":"https:\/\/hairdeluxe.ee\/en\/product\/balmain-tekstuuri-andev-voluumisprei-vaike-75ml-texturizing-volume-spray-travel-size\/","title":{"rendered":"BALMAIN HAIR tekstuuri andev vol\u00fc\u00fcmisprei reisile \/ Texturizing Volume Spray 75ml travel"},"content":{"rendered":"<p><em><strong>Koostis:<\/strong> Butane, Alcohol Denat., Isobutane, Propane, VP\/VA Copolymer, Aluminum Starch Octenylsuccinate, Silica, Solanum Tuberosum (Potato)Starch, Cocotrimonium Methosulfate, Aqua, Tocopherol, Benzophenone-4, Parfum.<\/em><\/p>\n","protected":false},"excerpt":{"rendered":"<p>Texturizing Volume Spray on mitmek\u00fclgne vol\u00fc\u00fcmisprei, mis lisab juustele ja soengule kohevust, struktuuri ning on ideaalne juuksejuurte t\u00f5stmiseks. Siidiproteiin ja argaania\u00f5li stimuleerivad niiskustasakaalu ja tagavad optimaalse niiskuse s\u00e4ilimise. Need koostisosad kaitsevad kahjustunud, kuivi ja n\u00f5rku juukseid v\u00e4lism\u00f5jude eest. Toode on rikastatud Balmain Hair tunnusl\u00f5hnaga.<br \/>\n\u2013 Tulemus on kiire ja kauap\u00fcsiv.<br \/>\n\u2013 Tagab soengule tugeva hoidvuse.<br \/>\n\u2013 Sobib igap\u00e4evaseks kasutamiseks.<\/p>\n<p><strong>Kasutamine:<\/strong> Enne kasutamist loksutada pudelit. Pihustada 15\u201320 cm kauguselt kuivadesse v\u00f5i niisketesse juustesse, eriti juuksejuurtele ja vormida soeng.<\/p>\n<p>Kogus: 75ml<\/p>\n\n","protected":false},"featured_media":21737,"template":"","meta":[],"product_brand":[464],"product_cat":[266,265,213,121,158,170,229,196,280],"product_tag":[],"class_list":{"0":"post-21701","1":"product","2":"type-product","3":"status-publish","4":"has-post-thumbnail","6":"product_brand-balmain-hair","7":"product_cat-balmain-hair","8":"product_cat-brandid","9":"product_cat-kohevus","10":"product_cat-koik-tooted","11":"product_cat-populaarsed","12":"product_cat-reisile","13":"product_cat-tekstuur","14":"product_cat-viimistlus","15":"product_cat-voluumi-andev-volume","17":"first","18":"instock","19":"taxable","20":"shipping-taxable","21":"purchasable","22":"product-type-simple","23":"add-to-wishlist-after_add_to_cart"},"yoast_head":"<!-- This site is optimized with the Yoast SEO plugin v27.5 - https:\/\/yoast.com\/product\/yoast-seo-wordpress\/ -->\n<title>BALMAIN HAIR tekstuuri andev vol\u00fc\u00fcmisprei reisile \/ Texturizing Volume Spray 75ml travel - Hair Deluxe<\/title>\n<meta name=\"robots\" content=\"index, follow, max-snippet:-1, max-image-preview:large, max-video-preview:-1\" \/>\n<link rel=\"canonical\" href=\"https:\/\/hairdeluxe.ee\/en\/product\/balmain-tekstuuri-andev-voluumisprei-vaike-75ml-texturizing-volume-spray-travel-size\/\" \/>\n<meta property=\"og:locale\" content=\"en_US\" \/>\n<meta property=\"og:type\" content=\"article\" \/>\n<meta property=\"og:title\" content=\"BALMAIN HAIR tekstuuri andev vol\u00fc\u00fcmisprei reisile \/ Texturizing Volume Spray 75ml travel - Hair Deluxe\" \/>\n<meta property=\"og:description\" content=\"Texturizing Volume Spray on mitmek\u00fclgne vol\u00fc\u00fcmisprei, mis lisab juustele ja soengule kohevust, struktuuri ning on ideaalne juuksejuurte t\u00f5stmiseks. Siidiproteiin ja argaania\u00f5li stimuleerivad niiskustasakaalu ja tagavad optimaalse niiskuse s\u00e4ilimise. Need koostisosad kaitsevad kahjustunud, kuivi ja n\u00f5rku juukseid v\u00e4lism\u00f5jude eest. Toode on rikastatud Balmain Hair tunnusl\u00f5hnaga. \u2013 Tulemus on kiire ja kauap\u00fcsiv. \u2013 Tagab soengule tugeva hoidvuse. \u2013 Sobib igap\u00e4evaseks kasutamiseks.  Kasutamine: Enne kasutamist loksutada pudelit. Pihustada 15\u201320 cm kauguselt kuivadesse v\u00f5i niisketesse juustesse, eriti juuksejuurtele ja vormida soeng.  Kogus: 75ml\" \/>\n<meta property=\"og:url\" content=\"https:\/\/hairdeluxe.ee\/en\/product\/balmain-tekstuuri-andev-voluumisprei-vaike-75ml-texturizing-volume-spray-travel-size\/\" \/>\n<meta property=\"og:site_name\" content=\"Hair Deluxe\" \/>\n<meta property=\"article:publisher\" content=\"https:\/\/www.facebook.com\/blowbartallinn\" \/>\n<meta property=\"article:modified_time\" content=\"2025-03-18T19:22:38+00:00\" \/>\n<meta property=\"og:image\" content=\"https:\/\/hairdeluxe.ee\/wp-content\/uploads\/2021\/03\/balmainhair_styling_texturizingvolumespray_travelsize_800x800_2.jpg\" \/>\n\t<meta property=\"og:image:width\" content=\"800\" \/>\n\t<meta property=\"og:image:height\" content=\"800\" \/>\n\t<meta property=\"og:image:type\" content=\"image\/jpeg\" \/>\n<meta name=\"twitter:card\" content=\"summary_large_image\" \/>\n<meta name=\"twitter:label1\" content=\"Est. reading time\" \/>\n\t<meta name=\"twitter:data1\" content=\"1 minute\" \/>\n<script type=\"application\/ld+json\" class=\"yoast-schema-graph\">{\"@context\":\"https:\\\/\\\/schema.org\",\"@graph\":[{\"@type\":\"WebPage\",\"@id\":\"https:\\\/\\\/hairdeluxe.ee\\\/en\\\/product\\\/balmain-tekstuuri-andev-voluumisprei-vaike-75ml-texturizing-volume-spray-travel-size\\\/\",\"url\":\"https:\\\/\\\/hairdeluxe.ee\\\/en\\\/product\\\/balmain-tekstuuri-andev-voluumisprei-vaike-75ml-texturizing-volume-spray-travel-size\\\/\",\"name\":\"BALMAIN HAIR tekstuuri andev vol\u00fc\u00fcmisprei reisile \\\/ Texturizing Volume Spray 75ml travel - Hair Deluxe\",\"isPartOf\":{\"@id\":\"https:\\\/\\\/hairdeluxe.ee\\\/en\\\/#website\"},\"primaryImageOfPage\":{\"@id\":\"https:\\\/\\\/hairdeluxe.ee\\\/en\\\/product\\\/balmain-tekstuuri-andev-voluumisprei-vaike-75ml-texturizing-volume-spray-travel-size\\\/#primaryimage\"},\"image\":{\"@id\":\"https:\\\/\\\/hairdeluxe.ee\\\/en\\\/product\\\/balmain-tekstuuri-andev-voluumisprei-vaike-75ml-texturizing-volume-spray-travel-size\\\/#primaryimage\"},\"thumbnailUrl\":\"https:\\\/\\\/hairdeluxe.ee\\\/wp-content\\\/uploads\\\/2021\\\/03\\\/balmainhair_styling_texturizingvolumespray_travelsize_800x800_2.jpg\",\"datePublished\":\"2021-03-17T13:20:31+00:00\",\"dateModified\":\"2025-03-18T19:22:38+00:00\",\"breadcrumb\":{\"@id\":\"https:\\\/\\\/hairdeluxe.ee\\\/en\\\/product\\\/balmain-tekstuuri-andev-voluumisprei-vaike-75ml-texturizing-volume-spray-travel-size\\\/#breadcrumb\"},\"inLanguage\":\"en-US\",\"potentialAction\":[{\"@type\":\"ReadAction\",\"target\":[\"https:\\\/\\\/hairdeluxe.ee\\\/en\\\/product\\\/balmain-tekstuuri-andev-voluumisprei-vaike-75ml-texturizing-volume-spray-travel-size\\\/\"]}]},{\"@type\":\"ImageObject\",\"inLanguage\":\"en-US\",\"@id\":\"https:\\\/\\\/hairdeluxe.ee\\\/en\\\/product\\\/balmain-tekstuuri-andev-voluumisprei-vaike-75ml-texturizing-volume-spray-travel-size\\\/#primaryimage\",\"url\":\"https:\\\/\\\/hairdeluxe.ee\\\/wp-content\\\/uploads\\\/2021\\\/03\\\/balmainhair_styling_texturizingvolumespray_travelsize_800x800_2.jpg\",\"contentUrl\":\"https:\\\/\\\/hairdeluxe.ee\\\/wp-content\\\/uploads\\\/2021\\\/03\\\/balmainhair_styling_texturizingvolumespray_travelsize_800x800_2.jpg\",\"width\":800,\"height\":800},{\"@type\":\"BreadcrumbList\",\"@id\":\"https:\\\/\\\/hairdeluxe.ee\\\/en\\\/product\\\/balmain-tekstuuri-andev-voluumisprei-vaike-75ml-texturizing-volume-spray-travel-size\\\/#breadcrumb\",\"itemListElement\":[{\"@type\":\"ListItem\",\"position\":1,\"name\":\"Home\",\"item\":\"https:\\\/\\\/hairdeluxe.ee\\\/en\\\/\"},{\"@type\":\"ListItem\",\"position\":2,\"name\":\"Shop\",\"item\":\"https:\\\/\\\/hairdeluxe.ee\\\/en\\\/shop\\\/\"},{\"@type\":\"ListItem\",\"position\":3,\"name\":\"BALMAIN HAIR tekstuuri andev vol\u00fc\u00fcmisprei reisile \\\/ Texturizing Volume Spray 75ml travel\"}]},{\"@type\":\"WebSite\",\"@id\":\"https:\\\/\\\/hairdeluxe.ee\\\/en\\\/#website\",\"url\":\"https:\\\/\\\/hairdeluxe.ee\\\/en\\\/\",\"name\":\"Hair Deluxe\",\"description\":\"Highlight your natural beauty\",\"publisher\":{\"@id\":\"https:\\\/\\\/hairdeluxe.ee\\\/en\\\/#organization\"},\"potentialAction\":[{\"@type\":\"SearchAction\",\"target\":{\"@type\":\"EntryPoint\",\"urlTemplate\":\"https:\\\/\\\/hairdeluxe.ee\\\/en\\\/?s={search_term_string}\"},\"query-input\":{\"@type\":\"PropertyValueSpecification\",\"valueRequired\":true,\"valueName\":\"search_term_string\"}}],\"inLanguage\":\"en-US\"},{\"@type\":\"Organization\",\"@id\":\"https:\\\/\\\/hairdeluxe.ee\\\/en\\\/#organization\",\"name\":\"Hair Deluxe\",\"url\":\"https:\\\/\\\/hairdeluxe.ee\\\/en\\\/\",\"logo\":{\"@type\":\"ImageObject\",\"inLanguage\":\"en-US\",\"@id\":\"https:\\\/\\\/hairdeluxe.ee\\\/en\\\/#\\\/schema\\\/logo\\\/image\\\/\",\"url\":\"https:\\\/\\\/hairdeluxe.ee\\\/wp-content\\\/uploads\\\/2024\\\/06\\\/Hair-Deluxe-Logo-Dark-font.png\",\"contentUrl\":\"https:\\\/\\\/hairdeluxe.ee\\\/wp-content\\\/uploads\\\/2024\\\/06\\\/Hair-Deluxe-Logo-Dark-font.png\",\"width\":467,\"height\":177,\"caption\":\"Hair Deluxe\"},\"image\":{\"@id\":\"https:\\\/\\\/hairdeluxe.ee\\\/en\\\/#\\\/schema\\\/logo\\\/image\\\/\"},\"sameAs\":[\"https:\\\/\\\/www.facebook.com\\\/blowbartallinn\",\"https:\\\/\\\/www.instagram.com\\\/blowbar_tallinn\"]}]}<\/script>\n<!-- \/ Yoast SEO plugin. -->","yoast_head_json":{"title":"BALMAIN HAIR tekstuuri andev vol\u00fc\u00fcmisprei reisile \/ Texturizing Volume Spray 75ml travel - Hair Deluxe","robots":{"index":"index","follow":"follow","max-snippet":"max-snippet:-1","max-image-preview":"max-image-preview:large","max-video-preview":"max-video-preview:-1"},"canonical":"https:\/\/hairdeluxe.ee\/en\/product\/balmain-tekstuuri-andev-voluumisprei-vaike-75ml-texturizing-volume-spray-travel-size\/","og_locale":"en_US","og_type":"article","og_title":"BALMAIN HAIR tekstuuri andev vol\u00fc\u00fcmisprei reisile \/ Texturizing Volume Spray 75ml travel - Hair Deluxe","og_description":"Texturizing Volume Spray on mitmek\u00fclgne vol\u00fc\u00fcmisprei, mis lisab juustele ja soengule kohevust, struktuuri ning on ideaalne juuksejuurte t\u00f5stmiseks. Siidiproteiin ja argaania\u00f5li stimuleerivad niiskustasakaalu ja tagavad optimaalse niiskuse s\u00e4ilimise. Need koostisosad kaitsevad kahjustunud, kuivi ja n\u00f5rku juukseid v\u00e4lism\u00f5jude eest. Toode on rikastatud Balmain Hair tunnusl\u00f5hnaga. \u2013 Tulemus on kiire ja kauap\u00fcsiv. \u2013 Tagab soengule tugeva hoidvuse. \u2013 Sobib igap\u00e4evaseks kasutamiseks.  Kasutamine: Enne kasutamist loksutada pudelit. Pihustada 15\u201320 cm kauguselt kuivadesse v\u00f5i niisketesse juustesse, eriti juuksejuurtele ja vormida soeng.  Kogus: 75ml","og_url":"https:\/\/hairdeluxe.ee\/en\/product\/balmain-tekstuuri-andev-voluumisprei-vaike-75ml-texturizing-volume-spray-travel-size\/","og_site_name":"Hair Deluxe","article_publisher":"https:\/\/www.facebook.com\/blowbartallinn","article_modified_time":"2025-03-18T19:22:38+00:00","og_image":[{"width":800,"height":800,"url":"https:\/\/hairdeluxe.ee\/wp-content\/uploads\/2021\/03\/balmainhair_styling_texturizingvolumespray_travelsize_800x800_2.jpg","type":"image\/jpeg"}],"twitter_card":"summary_large_image","twitter_misc":{"Est. reading time":"1 minute"},"schema":{"@context":"https:\/\/schema.org","@graph":[{"@type":"WebPage","@id":"https:\/\/hairdeluxe.ee\/en\/product\/balmain-tekstuuri-andev-voluumisprei-vaike-75ml-texturizing-volume-spray-travel-size\/","url":"https:\/\/hairdeluxe.ee\/en\/product\/balmain-tekstuuri-andev-voluumisprei-vaike-75ml-texturizing-volume-spray-travel-size\/","name":"BALMAIN HAIR tekstuuri andev vol\u00fc\u00fcmisprei reisile \/ Texturizing Volume Spray 75ml travel - Hair Deluxe","isPartOf":{"@id":"https:\/\/hairdeluxe.ee\/en\/#website"},"primaryImageOfPage":{"@id":"https:\/\/hairdeluxe.ee\/en\/product\/balmain-tekstuuri-andev-voluumisprei-vaike-75ml-texturizing-volume-spray-travel-size\/#primaryimage"},"image":{"@id":"https:\/\/hairdeluxe.ee\/en\/product\/balmain-tekstuuri-andev-voluumisprei-vaike-75ml-texturizing-volume-spray-travel-size\/#primaryimage"},"thumbnailUrl":"https:\/\/hairdeluxe.ee\/wp-content\/uploads\/2021\/03\/balmainhair_styling_texturizingvolumespray_travelsize_800x800_2.jpg","datePublished":"2021-03-17T13:20:31+00:00","dateModified":"2025-03-18T19:22:38+00:00","breadcrumb":{"@id":"https:\/\/hairdeluxe.ee\/en\/product\/balmain-tekstuuri-andev-voluumisprei-vaike-75ml-texturizing-volume-spray-travel-size\/#breadcrumb"},"inLanguage":"en-US","potentialAction":[{"@type":"ReadAction","target":["https:\/\/hairdeluxe.ee\/en\/product\/balmain-tekstuuri-andev-voluumisprei-vaike-75ml-texturizing-volume-spray-travel-size\/"]}]},{"@type":"ImageObject","inLanguage":"en-US","@id":"https:\/\/hairdeluxe.ee\/en\/product\/balmain-tekstuuri-andev-voluumisprei-vaike-75ml-texturizing-volume-spray-travel-size\/#primaryimage","url":"https:\/\/hairdeluxe.ee\/wp-content\/uploads\/2021\/03\/balmainhair_styling_texturizingvolumespray_travelsize_800x800_2.jpg","contentUrl":"https:\/\/hairdeluxe.ee\/wp-content\/uploads\/2021\/03\/balmainhair_styling_texturizingvolumespray_travelsize_800x800_2.jpg","width":800,"height":800},{"@type":"BreadcrumbList","@id":"https:\/\/hairdeluxe.ee\/en\/product\/balmain-tekstuuri-andev-voluumisprei-vaike-75ml-texturizing-volume-spray-travel-size\/#breadcrumb","itemListElement":[{"@type":"ListItem","position":1,"name":"Home","item":"https:\/\/hairdeluxe.ee\/en\/"},{"@type":"ListItem","position":2,"name":"Shop","item":"https:\/\/hairdeluxe.ee\/en\/shop\/"},{"@type":"ListItem","position":3,"name":"BALMAIN HAIR tekstuuri andev vol\u00fc\u00fcmisprei reisile \/ Texturizing Volume Spray 75ml travel"}]},{"@type":"WebSite","@id":"https:\/\/hairdeluxe.ee\/en\/#website","url":"https:\/\/hairdeluxe.ee\/en\/","name":"Hair Deluxe","description":"Highlight your natural beauty","publisher":{"@id":"https:\/\/hairdeluxe.ee\/en\/#organization"},"potentialAction":[{"@type":"SearchAction","target":{"@type":"EntryPoint","urlTemplate":"https:\/\/hairdeluxe.ee\/en\/?s={search_term_string}"},"query-input":{"@type":"PropertyValueSpecification","valueRequired":true,"valueName":"search_term_string"}}],"inLanguage":"en-US"},{"@type":"Organization","@id":"https:\/\/hairdeluxe.ee\/en\/#organization","name":"Hair Deluxe","url":"https:\/\/hairdeluxe.ee\/en\/","logo":{"@type":"ImageObject","inLanguage":"en-US","@id":"https:\/\/hairdeluxe.ee\/en\/#\/schema\/logo\/image\/","url":"https:\/\/hairdeluxe.ee\/wp-content\/uploads\/2024\/06\/Hair-Deluxe-Logo-Dark-font.png","contentUrl":"https:\/\/hairdeluxe.ee\/wp-content\/uploads\/2024\/06\/Hair-Deluxe-Logo-Dark-font.png","width":467,"height":177,"caption":"Hair Deluxe"},"image":{"@id":"https:\/\/hairdeluxe.ee\/en\/#\/schema\/logo\/image\/"},"sameAs":["https:\/\/www.facebook.com\/blowbartallinn","https:\/\/www.instagram.com\/blowbar_tallinn"]}]}},"_links":{"self":[{"href":"https:\/\/hairdeluxe.ee\/en\/wp-json\/wp\/v2\/product\/21701","targetHints":{"allow":["GET"]}}],"collection":[{"href":"https:\/\/hairdeluxe.ee\/en\/wp-json\/wp\/v2\/product"}],"about":[{"href":"https:\/\/hairdeluxe.ee\/en\/wp-json\/wp\/v2\/types\/product"}],"wp:featuredmedia":[{"embeddable":true,"href":"https:\/\/hairdeluxe.ee\/en\/wp-json\/wp\/v2\/media\/21737"}],"wp:attachment":[{"href":"https:\/\/hairdeluxe.ee\/en\/wp-json\/wp\/v2\/media?parent=21701"}],"wp:term":[{"taxonomy":"product_brand","embeddable":true,"href":"https:\/\/hairdeluxe.ee\/en\/wp-json\/wp\/v2\/product_brand?post=21701"},{"taxonomy":"product_cat","embeddable":true,"href":"https:\/\/hairdeluxe.ee\/en\/wp-json\/wp\/v2\/product_cat?post=21701"},{"taxonomy":"product_tag","embeddable":true,"href":"https:\/\/hairdeluxe.ee\/en\/wp-json\/wp\/v2\/product_tag?post=21701"}],"curies":[{"name":"wp","href":"https:\/\/api.w.org\/{rel}","templated":true}]}}