{"id":21784,"date":"2021-03-17T15:21:35","date_gmt":"2021-03-17T13:21:35","guid":{"rendered":"https:\/\/blowbar.ee\/toode\/import-placeholder-for-2418\/"},"modified":"2025-08-08T20:55:48","modified_gmt":"2025-08-08T20:55:48","slug":"juustele-kohevust-lisav-kinkekomplekt-volume-care-set","status":"publish","type":"product","link":"https:\/\/hairdeluxe.ee\/en\/product\/juustele-kohevust-lisav-kinkekomplekt-volume-care-set\/","title":{"rendered":"BALMAIN HAIR vol\u00fc\u00fcmi andev komplekt massaa\u017ei harjaga \/ Volume Care Set with Massage Brush"},"content":{"rendered":"<p><strong>Volume Shampoo<\/strong><br \/>\nKerge, \u00f5rnalt puhastav shampoon. Annab \u00f5hukestele juustele vol\u00fc\u00fcmi ja mahtu. Spetsiaalselt loodud l\u00e4ikivate ja t\u00e4idlaste juuste saamiseks. \u00d5rn, toitev shampoon vol\u00fc\u00fcmi lisamiseks ning elastsuse ja kerguse andmiseks juustele.<\/p>\n<p><strong>Volume Conditioner<\/strong><br \/>\nKerge palsam, mis niisutab ja lisab \u00f5hukestele juustele vol\u00fc\u00fcmi. See toidab ja parandab juukseid seestpoolt, luues elastsed, l\u00e4ikivad ja tugevama v\u00e4limusega juuksed.<\/p>\n<p><strong>Leave- In Conditioning Spray<\/strong><br \/>\nSee juustesse j\u00e4etav palsam turgutab ja toidab juukseid, silub juuksekutiikuleid ning tagab soengule mahu, s\u00e4ra ja UV-kaitse kogu p\u00e4evaks.<\/p>\n","protected":false},"excerpt":{"rendered":"<p>&nbsp;<\/p>\n<p>Volume Care komplektis on koos kolm olulist toodet Volume Care Collection\u2019ist. Need tooted on rikastatud siidiproteiini ja argaania\u00f5liga, mis aitavad s\u00e4ilitada niiskustasakaalu ja parandavad selle s\u00e4ilimist juustes. Samuti kaitsevad kahjustatud, kuivasid ja n\u00f5rku juukseid v\u00e4lism\u00f5jude eest. Lisaks on kogu kollektsioonil Balmain Hair iseloomulik l\u00f5hn.<br \/>\nVolume Care Set sobib suurep\u00e4raselt k\u00f5igile, kes soovivad oma juustele vol\u00fc\u00fcmi lisada. Komplekti kuuluvad Volume Shampoo, Volume Conditioner, Leave- In Conditioning Spray ja peanaha massaa\u017eivahend. Volume Care Line on toitev ja \u00f5rn hooldussari, mis sobib k\u00f5ikidele juukset\u00fc\u00fcpidele, j\u00e4ttes juuksed t\u00e4idlaseks, l\u00e4ikivaks ja vol\u00fc\u00fcmikaks<br \/>\n\u2013 Kolm t\u00e4issuuruses toodet<br \/>\n\u2013 Annab juustele vol\u00fc\u00fcmi ja s\u00e4ra<br \/>\n\u2013 Kaasas peanaha massaa\u017eivahend<\/p>\n","protected":false},"featured_media":52113,"template":"","meta":[],"product_brand":[464],"product_cat":[266,265,208,129,130,213,121,218,223,227,280],"product_tag":[],"class_list":{"0":"post-21784","1":"product","2":"type-product","3":"status-publish","4":"has-post-thumbnail","6":"product_brand-balmain-hair","7":"product_cat-balmain-hair","8":"product_cat-brandid","9":"product_cat-juuksehooldus","10":"product_cat-kingitused","11":"product_cat-kinkekomplektid","12":"product_cat-kohevus","13":"product_cat-koik-tooted","14":"product_cat-palsamid","15":"product_cat-pusadevastane","16":"product_cat-shampoonid","17":"product_cat-voluumi-andev-volume","19":"first","20":"instock","21":"taxable","22":"shipping-taxable","23":"purchasable","24":"product-type-simple","25":"add-to-wishlist-after_add_to_cart"},"yoast_head":"<!-- This site is optimized with the Yoast SEO plugin v27.3 - https:\/\/yoast.com\/product\/yoast-seo-wordpress\/ -->\n<title>BALMAIN HAIR vol\u00fc\u00fcmi andev komplekt massaa\u017ei harjaga \/ Volume Care Set with Massage Brush - Hair Deluxe<\/title>\n<meta name=\"description\" content=\"Vol\u00fc\u00fcmiandev komplekt sobib suurep\u00e4raselt k\u00f5igile, kes soovivad oma juustele vol\u00fc\u00fcmi lisada. Komplekti kuuluvad Volume Shampoo, Volume Conditioner, Leave- In Conditioning Spray ja peanaha massaa\u017eivahend.\" \/>\n<meta name=\"robots\" content=\"index, follow, max-snippet:-1, max-image-preview:large, max-video-preview:-1\" \/>\n<link rel=\"canonical\" href=\"https:\/\/hairdeluxe.ee\/en\/product\/juustele-kohevust-lisav-kinkekomplekt-volume-care-set\/\" \/>\n<meta property=\"og:locale\" content=\"en_US\" \/>\n<meta property=\"og:type\" content=\"article\" \/>\n<meta property=\"og:title\" content=\"BALMAIN HAIR vol\u00fc\u00fcmi andev komplekt massaa\u017ei harjaga \/ Volume Care Set with Massage Brush - Hair Deluxe\" \/>\n<meta property=\"og:description\" content=\"Vol\u00fc\u00fcmiandev komplekt sobib suurep\u00e4raselt k\u00f5igile, kes soovivad oma juustele vol\u00fc\u00fcmi lisada. Komplekti kuuluvad Volume Shampoo, Volume Conditioner, Leave- In Conditioning Spray ja peanaha massaa\u017eivahend.\" \/>\n<meta property=\"og:url\" content=\"https:\/\/hairdeluxe.ee\/en\/product\/juustele-kohevust-lisav-kinkekomplekt-volume-care-set\/\" \/>\n<meta property=\"og:site_name\" content=\"Hair Deluxe\" \/>\n<meta property=\"article:publisher\" content=\"https:\/\/www.facebook.com\/blowbartallinn\" \/>\n<meta property=\"article:modified_time\" content=\"2025-08-08T20:55:48+00:00\" \/>\n<meta property=\"og:image\" content=\"https:\/\/hairdeluxe.ee\/wp-content\/uploads\/2021\/03\/balmainhair_care_volumecareset_bottles_scalpmassager_box_cs_s_care_set_800x800_8506.jpg\" \/>\n\t<meta property=\"og:image:width\" content=\"800\" \/>\n\t<meta property=\"og:image:height\" content=\"800\" \/>\n\t<meta property=\"og:image:type\" content=\"image\/jpeg\" \/>\n<meta name=\"twitter:card\" content=\"summary_large_image\" \/>\n<meta name=\"twitter:label1\" content=\"Est. reading time\" \/>\n\t<meta name=\"twitter:data1\" content=\"1 minute\" \/>\n<script type=\"application\/ld+json\" class=\"yoast-schema-graph\">{\"@context\":\"https:\\\/\\\/schema.org\",\"@graph\":[{\"@type\":\"WebPage\",\"@id\":\"https:\\\/\\\/hairdeluxe.ee\\\/en\\\/product\\\/juustele-kohevust-lisav-kinkekomplekt-volume-care-set\\\/\",\"url\":\"https:\\\/\\\/hairdeluxe.ee\\\/en\\\/product\\\/juustele-kohevust-lisav-kinkekomplekt-volume-care-set\\\/\",\"name\":\"BALMAIN HAIR vol\u00fc\u00fcmi andev komplekt massaa\u017ei harjaga \\\/ Volume Care Set with Massage Brush - Hair Deluxe\",\"isPartOf\":{\"@id\":\"https:\\\/\\\/hairdeluxe.ee\\\/en\\\/#website\"},\"primaryImageOfPage\":{\"@id\":\"https:\\\/\\\/hairdeluxe.ee\\\/en\\\/product\\\/juustele-kohevust-lisav-kinkekomplekt-volume-care-set\\\/#primaryimage\"},\"image\":{\"@id\":\"https:\\\/\\\/hairdeluxe.ee\\\/en\\\/product\\\/juustele-kohevust-lisav-kinkekomplekt-volume-care-set\\\/#primaryimage\"},\"thumbnailUrl\":\"https:\\\/\\\/hairdeluxe.ee\\\/wp-content\\\/uploads\\\/2021\\\/03\\\/balmainhair_care_volumecareset_bottles_scalpmassager_box_cs_s_care_set_800x800_8506.jpg\",\"datePublished\":\"2021-03-17T13:21:35+00:00\",\"dateModified\":\"2025-08-08T20:55:48+00:00\",\"description\":\"Vol\u00fc\u00fcmiandev komplekt sobib suurep\u00e4raselt k\u00f5igile, kes soovivad oma juustele vol\u00fc\u00fcmi lisada. Komplekti kuuluvad Volume Shampoo, Volume Conditioner, Leave- In Conditioning Spray ja peanaha massaa\u017eivahend.\",\"breadcrumb\":{\"@id\":\"https:\\\/\\\/hairdeluxe.ee\\\/en\\\/product\\\/juustele-kohevust-lisav-kinkekomplekt-volume-care-set\\\/#breadcrumb\"},\"inLanguage\":\"en-US\",\"potentialAction\":[{\"@type\":\"ReadAction\",\"target\":[\"https:\\\/\\\/hairdeluxe.ee\\\/en\\\/product\\\/juustele-kohevust-lisav-kinkekomplekt-volume-care-set\\\/\"]}]},{\"@type\":\"ImageObject\",\"inLanguage\":\"en-US\",\"@id\":\"https:\\\/\\\/hairdeluxe.ee\\\/en\\\/product\\\/juustele-kohevust-lisav-kinkekomplekt-volume-care-set\\\/#primaryimage\",\"url\":\"https:\\\/\\\/hairdeluxe.ee\\\/wp-content\\\/uploads\\\/2021\\\/03\\\/balmainhair_care_volumecareset_bottles_scalpmassager_box_cs_s_care_set_800x800_8506.jpg\",\"contentUrl\":\"https:\\\/\\\/hairdeluxe.ee\\\/wp-content\\\/uploads\\\/2021\\\/03\\\/balmainhair_care_volumecareset_bottles_scalpmassager_box_cs_s_care_set_800x800_8506.jpg\",\"width\":800,\"height\":800},{\"@type\":\"BreadcrumbList\",\"@id\":\"https:\\\/\\\/hairdeluxe.ee\\\/en\\\/product\\\/juustele-kohevust-lisav-kinkekomplekt-volume-care-set\\\/#breadcrumb\",\"itemListElement\":[{\"@type\":\"ListItem\",\"position\":1,\"name\":\"Home\",\"item\":\"https:\\\/\\\/hairdeluxe.ee\\\/en\\\/\"},{\"@type\":\"ListItem\",\"position\":2,\"name\":\"Shop\",\"item\":\"https:\\\/\\\/hairdeluxe.ee\\\/en\\\/shop\\\/\"},{\"@type\":\"ListItem\",\"position\":3,\"name\":\"BALMAIN HAIR vol\u00fc\u00fcmi andev komplekt massaa\u017ei harjaga \\\/ Volume Care Set with Massage Brush\"}]},{\"@type\":\"WebSite\",\"@id\":\"https:\\\/\\\/hairdeluxe.ee\\\/en\\\/#website\",\"url\":\"https:\\\/\\\/hairdeluxe.ee\\\/en\\\/\",\"name\":\"Hair Deluxe\",\"description\":\"Highlight your natural beauty\",\"publisher\":{\"@id\":\"https:\\\/\\\/hairdeluxe.ee\\\/en\\\/#organization\"},\"potentialAction\":[{\"@type\":\"SearchAction\",\"target\":{\"@type\":\"EntryPoint\",\"urlTemplate\":\"https:\\\/\\\/hairdeluxe.ee\\\/en\\\/?s={search_term_string}\"},\"query-input\":{\"@type\":\"PropertyValueSpecification\",\"valueRequired\":true,\"valueName\":\"search_term_string\"}}],\"inLanguage\":\"en-US\"},{\"@type\":\"Organization\",\"@id\":\"https:\\\/\\\/hairdeluxe.ee\\\/en\\\/#organization\",\"name\":\"Hair Deluxe\",\"url\":\"https:\\\/\\\/hairdeluxe.ee\\\/en\\\/\",\"logo\":{\"@type\":\"ImageObject\",\"inLanguage\":\"en-US\",\"@id\":\"https:\\\/\\\/hairdeluxe.ee\\\/en\\\/#\\\/schema\\\/logo\\\/image\\\/\",\"url\":\"https:\\\/\\\/hairdeluxe.ee\\\/wp-content\\\/uploads\\\/2024\\\/06\\\/Hair-Deluxe-Logo-Dark-font.png\",\"contentUrl\":\"https:\\\/\\\/hairdeluxe.ee\\\/wp-content\\\/uploads\\\/2024\\\/06\\\/Hair-Deluxe-Logo-Dark-font.png\",\"width\":467,\"height\":177,\"caption\":\"Hair Deluxe\"},\"image\":{\"@id\":\"https:\\\/\\\/hairdeluxe.ee\\\/en\\\/#\\\/schema\\\/logo\\\/image\\\/\"},\"sameAs\":[\"https:\\\/\\\/www.facebook.com\\\/blowbartallinn\",\"https:\\\/\\\/www.instagram.com\\\/blowbar_tallinn\"]}]}<\/script>\n<!-- \/ Yoast SEO plugin. -->","yoast_head_json":{"title":"BALMAIN HAIR vol\u00fc\u00fcmi andev komplekt massaa\u017ei harjaga \/ Volume Care Set with Massage Brush - Hair Deluxe","description":"Vol\u00fc\u00fcmiandev komplekt sobib suurep\u00e4raselt k\u00f5igile, kes soovivad oma juustele vol\u00fc\u00fcmi lisada. Komplekti kuuluvad Volume Shampoo, Volume Conditioner, Leave- In Conditioning Spray ja peanaha massaa\u017eivahend.","robots":{"index":"index","follow":"follow","max-snippet":"max-snippet:-1","max-image-preview":"max-image-preview:large","max-video-preview":"max-video-preview:-1"},"canonical":"https:\/\/hairdeluxe.ee\/en\/product\/juustele-kohevust-lisav-kinkekomplekt-volume-care-set\/","og_locale":"en_US","og_type":"article","og_title":"BALMAIN HAIR vol\u00fc\u00fcmi andev komplekt massaa\u017ei harjaga \/ Volume Care Set with Massage Brush - Hair Deluxe","og_description":"Vol\u00fc\u00fcmiandev komplekt sobib suurep\u00e4raselt k\u00f5igile, kes soovivad oma juustele vol\u00fc\u00fcmi lisada. Komplekti kuuluvad Volume Shampoo, Volume Conditioner, Leave- In Conditioning Spray ja peanaha massaa\u017eivahend.","og_url":"https:\/\/hairdeluxe.ee\/en\/product\/juustele-kohevust-lisav-kinkekomplekt-volume-care-set\/","og_site_name":"Hair Deluxe","article_publisher":"https:\/\/www.facebook.com\/blowbartallinn","article_modified_time":"2025-08-08T20:55:48+00:00","og_image":[{"width":800,"height":800,"url":"https:\/\/hairdeluxe.ee\/wp-content\/uploads\/2021\/03\/balmainhair_care_volumecareset_bottles_scalpmassager_box_cs_s_care_set_800x800_8506.jpg","type":"image\/jpeg"}],"twitter_card":"summary_large_image","twitter_misc":{"Est. reading time":"1 minute"},"schema":{"@context":"https:\/\/schema.org","@graph":[{"@type":"WebPage","@id":"https:\/\/hairdeluxe.ee\/en\/product\/juustele-kohevust-lisav-kinkekomplekt-volume-care-set\/","url":"https:\/\/hairdeluxe.ee\/en\/product\/juustele-kohevust-lisav-kinkekomplekt-volume-care-set\/","name":"BALMAIN HAIR vol\u00fc\u00fcmi andev komplekt massaa\u017ei harjaga \/ Volume Care Set with Massage Brush - Hair Deluxe","isPartOf":{"@id":"https:\/\/hairdeluxe.ee\/en\/#website"},"primaryImageOfPage":{"@id":"https:\/\/hairdeluxe.ee\/en\/product\/juustele-kohevust-lisav-kinkekomplekt-volume-care-set\/#primaryimage"},"image":{"@id":"https:\/\/hairdeluxe.ee\/en\/product\/juustele-kohevust-lisav-kinkekomplekt-volume-care-set\/#primaryimage"},"thumbnailUrl":"https:\/\/hairdeluxe.ee\/wp-content\/uploads\/2021\/03\/balmainhair_care_volumecareset_bottles_scalpmassager_box_cs_s_care_set_800x800_8506.jpg","datePublished":"2021-03-17T13:21:35+00:00","dateModified":"2025-08-08T20:55:48+00:00","description":"Vol\u00fc\u00fcmiandev komplekt sobib suurep\u00e4raselt k\u00f5igile, kes soovivad oma juustele vol\u00fc\u00fcmi lisada. Komplekti kuuluvad Volume Shampoo, Volume Conditioner, Leave- In Conditioning Spray ja peanaha massaa\u017eivahend.","breadcrumb":{"@id":"https:\/\/hairdeluxe.ee\/en\/product\/juustele-kohevust-lisav-kinkekomplekt-volume-care-set\/#breadcrumb"},"inLanguage":"en-US","potentialAction":[{"@type":"ReadAction","target":["https:\/\/hairdeluxe.ee\/en\/product\/juustele-kohevust-lisav-kinkekomplekt-volume-care-set\/"]}]},{"@type":"ImageObject","inLanguage":"en-US","@id":"https:\/\/hairdeluxe.ee\/en\/product\/juustele-kohevust-lisav-kinkekomplekt-volume-care-set\/#primaryimage","url":"https:\/\/hairdeluxe.ee\/wp-content\/uploads\/2021\/03\/balmainhair_care_volumecareset_bottles_scalpmassager_box_cs_s_care_set_800x800_8506.jpg","contentUrl":"https:\/\/hairdeluxe.ee\/wp-content\/uploads\/2021\/03\/balmainhair_care_volumecareset_bottles_scalpmassager_box_cs_s_care_set_800x800_8506.jpg","width":800,"height":800},{"@type":"BreadcrumbList","@id":"https:\/\/hairdeluxe.ee\/en\/product\/juustele-kohevust-lisav-kinkekomplekt-volume-care-set\/#breadcrumb","itemListElement":[{"@type":"ListItem","position":1,"name":"Home","item":"https:\/\/hairdeluxe.ee\/en\/"},{"@type":"ListItem","position":2,"name":"Shop","item":"https:\/\/hairdeluxe.ee\/en\/shop\/"},{"@type":"ListItem","position":3,"name":"BALMAIN HAIR vol\u00fc\u00fcmi andev komplekt massaa\u017ei harjaga \/ Volume Care Set with Massage Brush"}]},{"@type":"WebSite","@id":"https:\/\/hairdeluxe.ee\/en\/#website","url":"https:\/\/hairdeluxe.ee\/en\/","name":"Hair Deluxe","description":"Highlight your natural beauty","publisher":{"@id":"https:\/\/hairdeluxe.ee\/en\/#organization"},"potentialAction":[{"@type":"SearchAction","target":{"@type":"EntryPoint","urlTemplate":"https:\/\/hairdeluxe.ee\/en\/?s={search_term_string}"},"query-input":{"@type":"PropertyValueSpecification","valueRequired":true,"valueName":"search_term_string"}}],"inLanguage":"en-US"},{"@type":"Organization","@id":"https:\/\/hairdeluxe.ee\/en\/#organization","name":"Hair Deluxe","url":"https:\/\/hairdeluxe.ee\/en\/","logo":{"@type":"ImageObject","inLanguage":"en-US","@id":"https:\/\/hairdeluxe.ee\/en\/#\/schema\/logo\/image\/","url":"https:\/\/hairdeluxe.ee\/wp-content\/uploads\/2024\/06\/Hair-Deluxe-Logo-Dark-font.png","contentUrl":"https:\/\/hairdeluxe.ee\/wp-content\/uploads\/2024\/06\/Hair-Deluxe-Logo-Dark-font.png","width":467,"height":177,"caption":"Hair Deluxe"},"image":{"@id":"https:\/\/hairdeluxe.ee\/en\/#\/schema\/logo\/image\/"},"sameAs":["https:\/\/www.facebook.com\/blowbartallinn","https:\/\/www.instagram.com\/blowbar_tallinn"]}]}},"_links":{"self":[{"href":"https:\/\/hairdeluxe.ee\/en\/wp-json\/wp\/v2\/product\/21784","targetHints":{"allow":["GET"]}}],"collection":[{"href":"https:\/\/hairdeluxe.ee\/en\/wp-json\/wp\/v2\/product"}],"about":[{"href":"https:\/\/hairdeluxe.ee\/en\/wp-json\/wp\/v2\/types\/product"}],"wp:featuredmedia":[{"embeddable":true,"href":"https:\/\/hairdeluxe.ee\/en\/wp-json\/wp\/v2\/media\/52113"}],"wp:attachment":[{"href":"https:\/\/hairdeluxe.ee\/en\/wp-json\/wp\/v2\/media?parent=21784"}],"wp:term":[{"taxonomy":"product_brand","embeddable":true,"href":"https:\/\/hairdeluxe.ee\/en\/wp-json\/wp\/v2\/product_brand?post=21784"},{"taxonomy":"product_cat","embeddable":true,"href":"https:\/\/hairdeluxe.ee\/en\/wp-json\/wp\/v2\/product_cat?post=21784"},{"taxonomy":"product_tag","embeddable":true,"href":"https:\/\/hairdeluxe.ee\/en\/wp-json\/wp\/v2\/product_tag?post=21784"}],"curies":[{"name":"wp","href":"https:\/\/api.w.org\/{rel}","templated":true}]}}