{"id":21785,"date":"2021-03-17T15:21:35","date_gmt":"2021-03-17T13:21:35","guid":{"rendered":"https:\/\/blowbar.ee\/toode\/import-placeholder-for-2423\/"},"modified":"2025-08-08T20:50:26","modified_gmt":"2025-08-08T20:50:26","slug":"juukseid-niisutav-kinkekomplekt-moisturizing-care-set","status":"publish","type":"product","link":"https:\/\/hairdeluxe.ee\/en\/product\/juukseid-niisutav-kinkekomplekt-moisturizing-care-set\/","title":{"rendered":"BALMAIN HAIR niisutav komplekt massa\u017ei harjaga \/ Moisturizing Care Set with Massage Brush"},"content":{"rendered":"<div>\n<p class=\"p1\"><strong>Moisturizing Shampoo<\/strong><br \/>\nNiisutav\u00a0<span lang=\"ET\">shampoon<\/span>\u00a0puhastab \u00f5rnalt peanahka ja juukseid, lisades samal ajal niiskust. See sisaldab UV-filtreid, mis kaitsevad juukseid UV-kiirguse eest ja pikendavad\u00a0<span lang=\"ET\">juuksev\u00e4rvi s\u00e4ilivust<\/span>. Toimeaine provitamiin B5 aitab tasakaalustada juuste niiskustaset ning toetab juuste elastsust. Aitab rahustada \u00e4rritunud ja tundlikku peanahka, pehmendab juukseid ja\u00a0<span lang=\"ET\">annab\u00a0<\/span>s\u00e4ra. T\u00e4iendav B-vitamiinide sisaldus\u00a0<span lang=\"ET\">tihendab\u00a0<\/span>juukseid ja stimuleerib nende kasvu.<\/p>\n<\/div>\n<div>\n<p class=\"p1\"><strong>Moisturizing Repair Mask<\/strong><br \/>\n<span lang=\"ET\">See juuksemask on m\u00f5eldud\u00a0<\/span>juustele, mis vajavad lisatoitu. Taastab kuivi, rabedaid ja \u00fclet\u00f6\u00f6deldud juukseid. J\u00e4tab juuksed l\u00e4ikivaks\u00a0<span lang=\"ET\">ning tagab\u00a0<\/span>luksusliku pehm<span lang=\"ET\">use\u00a0<\/span>juurtest otsteni. Argania Spinosa Kernel Oil (Argaania\u00f5li) imendub kiiresti juustesse ja\u00a0<span lang=\"ET\">lisab\u00a0<\/span>juustele rikkalikult niisutust ilma juukseid koormamata. See kaitseb juukseid ja\u00a0<span lang=\"ET\">eemaldab kahu<\/span>. Provitamiin B5 parandab niiskuse s\u00e4ilimist, elastsust ja painduvust.\u00a0<span lang=\"ET\">T<\/span>asakaalustab juuste niiskustaset ning rahustab \u00e4rritunud ja tundlikku peanahka. Parandab juuste\u00a0<span lang=\"ET\">kammitavust\u00a0<\/span>ja<span lang=\"ET\">\u00a0silendab\u00a0<\/span>rabedad juukseotsad. Igan\u00e4dalane kasutamine\u00a0<span lang=\"ET\">aitab saavutada\u00a0<\/span>tervemad juuksed\u00a0<span lang=\"ET\">ning\u00a0<\/span>stimuleerib\u00a0<span lang=\"ET\">ka\u00a0<\/span>nende kasvu.<\/p>\n<\/div>\n<div>\n<p class=\"p1\"><strong>Moisturizing Conditioner<\/strong><br \/>\n<span lang=\"ET\">K<\/span>erge palsam on rikastatud puhta orgaanilise argaania\u00f5liga, mis silub juukseid. Argania Spinosa Kernel Oil, paremini tuntud kui argaania\u00f5li, p\u00e4rineb Marokost argaaniapuu viljadest. See palsam imendub kiiresti, lisab\u00a0<span lang=\"ET\">l\u00e4iget<\/span>\u00a0ja kaitseb kahjustatud juukseid. Kreemjas koostis toidab\u00a0<span lang=\"ET\">ning ei koorma juukseid<\/span>.\u00a0<span lang=\"ET\">T<\/span>ulemuseks on pehmed,\u00a0<span lang=\"ET\">kergesti kammitavad\u00a0<\/span>juuksed, mis\u00a0<span lang=\"ET\">kammimisel ei murdu<\/span>. Sisaldab provitamiini B5, mis parandab niiskuse s\u00e4ilimist<span lang=\"ET\">,\u00a0<\/span>juuste elastsust<span lang=\"ET\">\u00a0ning\u00a0<\/span>pehmendab ja\u00a0<span lang=\"ET\">annab l\u00e4iget<\/span>.<\/p>\n<\/div>\n","protected":false},"excerpt":{"rendered":"<div>\n<p class=\"p1\"><span lang=\"ET\">Moisturizing Care Set\u00a0<\/span>on ideaalne\u00a0<span lang=\"ET\">komplekt niisutust vajavatele juustele<\/span>. See komplekt koosneb niisutavast\u00a0<span lang=\"ET\">sh<\/span>ampoonist, palsamist ja maskist, mis aitavad taastada niiskust, lisada pehmust ning parandada \u00fcldist juuste tervist. See sisaldab ka peanaha massaa\u017eit\u00f6\u00f6riista, mis soodustab tervete juuste kasvu.<br \/>\n\u2013\u00a0<span lang=\"ET\">Kaasas\u00a0<\/span>peanaha massaa\u017eivahend<br \/>\n\u2013 Kolm t\u00e4issuuruses niisutavat toodet<br \/>\n\u2013 Toidab kuivi ja kahjustatud juukseid<\/p>\n<\/div>\n","protected":false},"featured_media":52097,"template":"","meta":[],"product_brand":[464],"product_cat":[266,265,208,129,130,121,217,218,227,279],"product_tag":[],"class_list":{"0":"post-21785","1":"product","2":"type-product","3":"status-publish","4":"has-post-thumbnail","6":"product_brand-balmain-hair","7":"product_cat-balmain-hair","8":"product_cat-brandid","9":"product_cat-juuksehooldus","10":"product_cat-kingitused","11":"product_cat-kinkekomplektid","12":"product_cat-koik-tooted","13":"product_cat-maskid-ja-hooldus","14":"product_cat-palsamid","15":"product_cat-shampoonid","16":"product_cat-sugavuti-niisutav-moisturizing","18":"first","19":"instock","20":"taxable","21":"shipping-taxable","22":"purchasable","23":"product-type-simple","24":"add-to-wishlist-after_add_to_cart"},"yoast_head":"<!-- This site is optimized with the Yoast SEO plugin v27.3 - https:\/\/yoast.com\/product\/yoast-seo-wordpress\/ -->\n<title>BALMAIN HAIR niisutav komplekt massa\u017ei harjaga \/ Moisturizing Care Set with Massage Brush - Hair Deluxe<\/title>\n<meta name=\"robots\" content=\"index, follow, max-snippet:-1, max-image-preview:large, max-video-preview:-1\" \/>\n<link rel=\"canonical\" href=\"https:\/\/hairdeluxe.ee\/en\/product\/juukseid-niisutav-kinkekomplekt-moisturizing-care-set\/\" \/>\n<meta property=\"og:locale\" content=\"en_US\" \/>\n<meta property=\"og:type\" content=\"article\" \/>\n<meta property=\"og:title\" content=\"BALMAIN HAIR niisutav komplekt massa\u017ei harjaga \/ Moisturizing Care Set with Massage Brush - Hair Deluxe\" \/>\n<meta property=\"og:description\" content=\"Moisturizing Care Set\u00a0on ideaalne\u00a0komplekt niisutust vajavatele juustele. See komplekt koosneb niisutavast\u00a0shampoonist, palsamist ja maskist, mis aitavad taastada niiskust, lisada pehmust ning parandada \u00fcldist juuste tervist. See sisaldab ka peanaha massaa\u017eit\u00f6\u00f6riista, mis soodustab tervete juuste kasvu. \u2013\u00a0Kaasas\u00a0peanaha massaa\u017eivahend \u2013 Kolm t\u00e4issuuruses niisutavat toodet \u2013 Toidab kuivi ja kahjustatud juukseid\" \/>\n<meta property=\"og:url\" content=\"https:\/\/hairdeluxe.ee\/en\/product\/juukseid-niisutav-kinkekomplekt-moisturizing-care-set\/\" \/>\n<meta property=\"og:site_name\" content=\"Hair Deluxe\" \/>\n<meta property=\"article:publisher\" content=\"https:\/\/www.facebook.com\/blowbartallinn\" \/>\n<meta property=\"article:modified_time\" content=\"2025-08-08T20:50:26+00:00\" \/>\n<meta property=\"og:image\" content=\"https:\/\/hairdeluxe.ee\/wp-content\/uploads\/2021\/03\/balmainhair_care_couleurscouturecareset_scalpmassager_box_cs_s_care_set_cc_01_8_bb82-2-510x510-1.jpg\" \/>\n\t<meta property=\"og:image:width\" content=\"510\" \/>\n\t<meta property=\"og:image:height\" content=\"510\" \/>\n\t<meta property=\"og:image:type\" content=\"image\/jpeg\" \/>\n<meta name=\"twitter:card\" content=\"summary_large_image\" \/>\n<meta name=\"twitter:label1\" content=\"Est. reading time\" \/>\n\t<meta name=\"twitter:data1\" content=\"2 minutes\" \/>\n<script type=\"application\/ld+json\" class=\"yoast-schema-graph\">{\"@context\":\"https:\\\/\\\/schema.org\",\"@graph\":[{\"@type\":\"WebPage\",\"@id\":\"https:\\\/\\\/hairdeluxe.ee\\\/en\\\/product\\\/juukseid-niisutav-kinkekomplekt-moisturizing-care-set\\\/\",\"url\":\"https:\\\/\\\/hairdeluxe.ee\\\/en\\\/product\\\/juukseid-niisutav-kinkekomplekt-moisturizing-care-set\\\/\",\"name\":\"BALMAIN HAIR niisutav komplekt massa\u017ei harjaga \\\/ Moisturizing Care Set with Massage Brush - Hair Deluxe\",\"isPartOf\":{\"@id\":\"https:\\\/\\\/hairdeluxe.ee\\\/en\\\/#website\"},\"primaryImageOfPage\":{\"@id\":\"https:\\\/\\\/hairdeluxe.ee\\\/en\\\/product\\\/juukseid-niisutav-kinkekomplekt-moisturizing-care-set\\\/#primaryimage\"},\"image\":{\"@id\":\"https:\\\/\\\/hairdeluxe.ee\\\/en\\\/product\\\/juukseid-niisutav-kinkekomplekt-moisturizing-care-set\\\/#primaryimage\"},\"thumbnailUrl\":\"https:\\\/\\\/hairdeluxe.ee\\\/wp-content\\\/uploads\\\/2021\\\/03\\\/balmainhair_care_couleurscouturecareset_scalpmassager_box_cs_s_care_set_cc_01_8_bb82-2-510x510-1.jpg\",\"datePublished\":\"2021-03-17T13:21:35+00:00\",\"dateModified\":\"2025-08-08T20:50:26+00:00\",\"breadcrumb\":{\"@id\":\"https:\\\/\\\/hairdeluxe.ee\\\/en\\\/product\\\/juukseid-niisutav-kinkekomplekt-moisturizing-care-set\\\/#breadcrumb\"},\"inLanguage\":\"en-US\",\"potentialAction\":[{\"@type\":\"ReadAction\",\"target\":[\"https:\\\/\\\/hairdeluxe.ee\\\/en\\\/product\\\/juukseid-niisutav-kinkekomplekt-moisturizing-care-set\\\/\"]}]},{\"@type\":\"ImageObject\",\"inLanguage\":\"en-US\",\"@id\":\"https:\\\/\\\/hairdeluxe.ee\\\/en\\\/product\\\/juukseid-niisutav-kinkekomplekt-moisturizing-care-set\\\/#primaryimage\",\"url\":\"https:\\\/\\\/hairdeluxe.ee\\\/wp-content\\\/uploads\\\/2021\\\/03\\\/balmainhair_care_couleurscouturecareset_scalpmassager_box_cs_s_care_set_cc_01_8_bb82-2-510x510-1.jpg\",\"contentUrl\":\"https:\\\/\\\/hairdeluxe.ee\\\/wp-content\\\/uploads\\\/2021\\\/03\\\/balmainhair_care_couleurscouturecareset_scalpmassager_box_cs_s_care_set_cc_01_8_bb82-2-510x510-1.jpg\",\"width\":510,\"height\":510},{\"@type\":\"BreadcrumbList\",\"@id\":\"https:\\\/\\\/hairdeluxe.ee\\\/en\\\/product\\\/juukseid-niisutav-kinkekomplekt-moisturizing-care-set\\\/#breadcrumb\",\"itemListElement\":[{\"@type\":\"ListItem\",\"position\":1,\"name\":\"Home\",\"item\":\"https:\\\/\\\/hairdeluxe.ee\\\/en\\\/\"},{\"@type\":\"ListItem\",\"position\":2,\"name\":\"Shop\",\"item\":\"https:\\\/\\\/hairdeluxe.ee\\\/en\\\/shop\\\/\"},{\"@type\":\"ListItem\",\"position\":3,\"name\":\"BALMAIN HAIR niisutav komplekt massa\u017ei harjaga \\\/ Moisturizing Care Set with Massage Brush\"}]},{\"@type\":\"WebSite\",\"@id\":\"https:\\\/\\\/hairdeluxe.ee\\\/en\\\/#website\",\"url\":\"https:\\\/\\\/hairdeluxe.ee\\\/en\\\/\",\"name\":\"Hair Deluxe\",\"description\":\"Highlight your natural beauty\",\"publisher\":{\"@id\":\"https:\\\/\\\/hairdeluxe.ee\\\/en\\\/#organization\"},\"potentialAction\":[{\"@type\":\"SearchAction\",\"target\":{\"@type\":\"EntryPoint\",\"urlTemplate\":\"https:\\\/\\\/hairdeluxe.ee\\\/en\\\/?s={search_term_string}\"},\"query-input\":{\"@type\":\"PropertyValueSpecification\",\"valueRequired\":true,\"valueName\":\"search_term_string\"}}],\"inLanguage\":\"en-US\"},{\"@type\":\"Organization\",\"@id\":\"https:\\\/\\\/hairdeluxe.ee\\\/en\\\/#organization\",\"name\":\"Hair Deluxe\",\"url\":\"https:\\\/\\\/hairdeluxe.ee\\\/en\\\/\",\"logo\":{\"@type\":\"ImageObject\",\"inLanguage\":\"en-US\",\"@id\":\"https:\\\/\\\/hairdeluxe.ee\\\/en\\\/#\\\/schema\\\/logo\\\/image\\\/\",\"url\":\"https:\\\/\\\/hairdeluxe.ee\\\/wp-content\\\/uploads\\\/2024\\\/06\\\/Hair-Deluxe-Logo-Dark-font.png\",\"contentUrl\":\"https:\\\/\\\/hairdeluxe.ee\\\/wp-content\\\/uploads\\\/2024\\\/06\\\/Hair-Deluxe-Logo-Dark-font.png\",\"width\":467,\"height\":177,\"caption\":\"Hair Deluxe\"},\"image\":{\"@id\":\"https:\\\/\\\/hairdeluxe.ee\\\/en\\\/#\\\/schema\\\/logo\\\/image\\\/\"},\"sameAs\":[\"https:\\\/\\\/www.facebook.com\\\/blowbartallinn\",\"https:\\\/\\\/www.instagram.com\\\/blowbar_tallinn\"]}]}<\/script>\n<!-- \/ Yoast SEO plugin. -->","yoast_head_json":{"title":"BALMAIN HAIR niisutav komplekt massa\u017ei harjaga \/ Moisturizing Care Set with Massage Brush - Hair Deluxe","robots":{"index":"index","follow":"follow","max-snippet":"max-snippet:-1","max-image-preview":"max-image-preview:large","max-video-preview":"max-video-preview:-1"},"canonical":"https:\/\/hairdeluxe.ee\/en\/product\/juukseid-niisutav-kinkekomplekt-moisturizing-care-set\/","og_locale":"en_US","og_type":"article","og_title":"BALMAIN HAIR niisutav komplekt massa\u017ei harjaga \/ Moisturizing Care Set with Massage Brush - Hair Deluxe","og_description":"Moisturizing Care Set\u00a0on ideaalne\u00a0komplekt niisutust vajavatele juustele. See komplekt koosneb niisutavast\u00a0shampoonist, palsamist ja maskist, mis aitavad taastada niiskust, lisada pehmust ning parandada \u00fcldist juuste tervist. See sisaldab ka peanaha massaa\u017eit\u00f6\u00f6riista, mis soodustab tervete juuste kasvu. \u2013\u00a0Kaasas\u00a0peanaha massaa\u017eivahend \u2013 Kolm t\u00e4issuuruses niisutavat toodet \u2013 Toidab kuivi ja kahjustatud juukseid","og_url":"https:\/\/hairdeluxe.ee\/en\/product\/juukseid-niisutav-kinkekomplekt-moisturizing-care-set\/","og_site_name":"Hair Deluxe","article_publisher":"https:\/\/www.facebook.com\/blowbartallinn","article_modified_time":"2025-08-08T20:50:26+00:00","og_image":[{"width":510,"height":510,"url":"https:\/\/hairdeluxe.ee\/wp-content\/uploads\/2021\/03\/balmainhair_care_couleurscouturecareset_scalpmassager_box_cs_s_care_set_cc_01_8_bb82-2-510x510-1.jpg","type":"image\/jpeg"}],"twitter_card":"summary_large_image","twitter_misc":{"Est. reading time":"2 minutes"},"schema":{"@context":"https:\/\/schema.org","@graph":[{"@type":"WebPage","@id":"https:\/\/hairdeluxe.ee\/en\/product\/juukseid-niisutav-kinkekomplekt-moisturizing-care-set\/","url":"https:\/\/hairdeluxe.ee\/en\/product\/juukseid-niisutav-kinkekomplekt-moisturizing-care-set\/","name":"BALMAIN HAIR niisutav komplekt massa\u017ei harjaga \/ Moisturizing Care Set with Massage Brush - Hair Deluxe","isPartOf":{"@id":"https:\/\/hairdeluxe.ee\/en\/#website"},"primaryImageOfPage":{"@id":"https:\/\/hairdeluxe.ee\/en\/product\/juukseid-niisutav-kinkekomplekt-moisturizing-care-set\/#primaryimage"},"image":{"@id":"https:\/\/hairdeluxe.ee\/en\/product\/juukseid-niisutav-kinkekomplekt-moisturizing-care-set\/#primaryimage"},"thumbnailUrl":"https:\/\/hairdeluxe.ee\/wp-content\/uploads\/2021\/03\/balmainhair_care_couleurscouturecareset_scalpmassager_box_cs_s_care_set_cc_01_8_bb82-2-510x510-1.jpg","datePublished":"2021-03-17T13:21:35+00:00","dateModified":"2025-08-08T20:50:26+00:00","breadcrumb":{"@id":"https:\/\/hairdeluxe.ee\/en\/product\/juukseid-niisutav-kinkekomplekt-moisturizing-care-set\/#breadcrumb"},"inLanguage":"en-US","potentialAction":[{"@type":"ReadAction","target":["https:\/\/hairdeluxe.ee\/en\/product\/juukseid-niisutav-kinkekomplekt-moisturizing-care-set\/"]}]},{"@type":"ImageObject","inLanguage":"en-US","@id":"https:\/\/hairdeluxe.ee\/en\/product\/juukseid-niisutav-kinkekomplekt-moisturizing-care-set\/#primaryimage","url":"https:\/\/hairdeluxe.ee\/wp-content\/uploads\/2021\/03\/balmainhair_care_couleurscouturecareset_scalpmassager_box_cs_s_care_set_cc_01_8_bb82-2-510x510-1.jpg","contentUrl":"https:\/\/hairdeluxe.ee\/wp-content\/uploads\/2021\/03\/balmainhair_care_couleurscouturecareset_scalpmassager_box_cs_s_care_set_cc_01_8_bb82-2-510x510-1.jpg","width":510,"height":510},{"@type":"BreadcrumbList","@id":"https:\/\/hairdeluxe.ee\/en\/product\/juukseid-niisutav-kinkekomplekt-moisturizing-care-set\/#breadcrumb","itemListElement":[{"@type":"ListItem","position":1,"name":"Home","item":"https:\/\/hairdeluxe.ee\/en\/"},{"@type":"ListItem","position":2,"name":"Shop","item":"https:\/\/hairdeluxe.ee\/en\/shop\/"},{"@type":"ListItem","position":3,"name":"BALMAIN HAIR niisutav komplekt massa\u017ei harjaga \/ Moisturizing Care Set with Massage Brush"}]},{"@type":"WebSite","@id":"https:\/\/hairdeluxe.ee\/en\/#website","url":"https:\/\/hairdeluxe.ee\/en\/","name":"Hair Deluxe","description":"Highlight your natural beauty","publisher":{"@id":"https:\/\/hairdeluxe.ee\/en\/#organization"},"potentialAction":[{"@type":"SearchAction","target":{"@type":"EntryPoint","urlTemplate":"https:\/\/hairdeluxe.ee\/en\/?s={search_term_string}"},"query-input":{"@type":"PropertyValueSpecification","valueRequired":true,"valueName":"search_term_string"}}],"inLanguage":"en-US"},{"@type":"Organization","@id":"https:\/\/hairdeluxe.ee\/en\/#organization","name":"Hair Deluxe","url":"https:\/\/hairdeluxe.ee\/en\/","logo":{"@type":"ImageObject","inLanguage":"en-US","@id":"https:\/\/hairdeluxe.ee\/en\/#\/schema\/logo\/image\/","url":"https:\/\/hairdeluxe.ee\/wp-content\/uploads\/2024\/06\/Hair-Deluxe-Logo-Dark-font.png","contentUrl":"https:\/\/hairdeluxe.ee\/wp-content\/uploads\/2024\/06\/Hair-Deluxe-Logo-Dark-font.png","width":467,"height":177,"caption":"Hair Deluxe"},"image":{"@id":"https:\/\/hairdeluxe.ee\/en\/#\/schema\/logo\/image\/"},"sameAs":["https:\/\/www.facebook.com\/blowbartallinn","https:\/\/www.instagram.com\/blowbar_tallinn"]}]}},"_links":{"self":[{"href":"https:\/\/hairdeluxe.ee\/en\/wp-json\/wp\/v2\/product\/21785","targetHints":{"allow":["GET"]}}],"collection":[{"href":"https:\/\/hairdeluxe.ee\/en\/wp-json\/wp\/v2\/product"}],"about":[{"href":"https:\/\/hairdeluxe.ee\/en\/wp-json\/wp\/v2\/types\/product"}],"wp:featuredmedia":[{"embeddable":true,"href":"https:\/\/hairdeluxe.ee\/en\/wp-json\/wp\/v2\/media\/52097"}],"wp:attachment":[{"href":"https:\/\/hairdeluxe.ee\/en\/wp-json\/wp\/v2\/media?parent=21785"}],"wp:term":[{"taxonomy":"product_brand","embeddable":true,"href":"https:\/\/hairdeluxe.ee\/en\/wp-json\/wp\/v2\/product_brand?post=21785"},{"taxonomy":"product_cat","embeddable":true,"href":"https:\/\/hairdeluxe.ee\/en\/wp-json\/wp\/v2\/product_cat?post=21785"},{"taxonomy":"product_tag","embeddable":true,"href":"https:\/\/hairdeluxe.ee\/en\/wp-json\/wp\/v2\/product_tag?post=21785"}],"curies":[{"name":"wp","href":"https:\/\/api.w.org\/{rel}","templated":true}]}}