{"id":21786,"date":"2021-03-17T15:21:35","date_gmt":"2021-03-17T13:21:35","guid":{"rendered":"https:\/\/blowbar.ee\/toode\/import-placeholder-for-2428\/"},"modified":"2025-08-08T20:49:37","modified_gmt":"2025-08-08T20:49:37","slug":"juukseid-taaselustav-kinkekomplekt-revitalizing-care-set","status":"publish","type":"product","link":"https:\/\/hairdeluxe.ee\/en\/product\/juukseid-taaselustav-kinkekomplekt-revitalizing-care-set\/","title":{"rendered":"BALMAIN HAIR juukseid taaselustav komplekt koos massaa\u017ei harjaga \/ Revitalizing Care Set with Massage Brush"},"content":{"rendered":"<div>\n<p class=\"p1\"><span lang=\"ET\"><strong>Revitalizing Shampoo<\/strong><br \/>\n<\/span>Intensiivselt juukseid s\u00fcgavniisutav ja taastav\u00a0<span lang=\"ET\">sh<\/span>ampoon, mis tugevdab ning taastab juukseid seestpoolt. T\u00e4iustatud\u00a0<span lang=\"ET\">koostis sisaldab\u00a0<\/span>suures valikus vitamiine E, F, P ja ka\u0161miirivalku<span lang=\"ET\">.\u00a0<\/span>E-vitamiin turgutab juukseid, samas kui F-vitamiin hellitab peanahka ja toimib palsamina. P-vitamiin parandab kuivi ja kahjustatud juukseid ning ka\u0161miiriproteiinid muudavad juuksed tugevamaks ja luksuslikult pehmeks.<\/p>\n<\/div>\n<div>\n<p class=\"p1\"><span lang=\"ET\"><strong>Revitalizing Conditioner<\/strong><br \/>\n<\/span>Rikkalik palsam, mis sulgeb juuksekutiikuli ning seel\u00e4bi lukustab niiskuse juustesse, et tugevdada juukseid, kaitseb keskkonnakahjustuste eest ja taastab\u00a0<span lang=\"ET\">l\u00e4ike<\/span>. E-, F- ja P-vitamiini, ka\u0161miiri ja AC Colorplexiga rikastatud palsam tagab intensiivse niisutuse, eemaldab\u00a0<span lang=\"ET\">kahu ning hoiab juuksed l\u00e4ikivad ja terved.\u00a0<\/span>Ka\u0161miirivalk annab juustele luksusliku peh<span lang=\"ET\">muse<\/span>, samas kui AC Colorplex hoiab \u00e4ra v\u00e4rvi tuhmumise, kaitstes juukseid UV-kiirte eest.<\/p>\n<\/div>\n<div>\n<p class=\"p1\"><strong>Revitalizing Mask<\/strong><br \/>\nTaastav juuksemask on loodud tuhmide, kuivade ja kahjustatud juuste taastamiseks. Elustab seestpoolt ja\u00a0<span lang=\"ET\">toidab juukseid<\/span>. Vitamiinid E, F ja P elavdavad juukseid, kaitsevad tundlikku peanahka ja toetavad juuksekiu s\u00fcgavat taast<span lang=\"ET\">u<\/span>mist seestpoolt. Ka\u0161miirivalk toetab juus<span lang=\"ET\">te loomulikku koostist ning\u00a0<\/span>j\u00e4tab juuksed elastseks ja\u00a0<span lang=\"ET\">kammitavaks<\/span>. AC Colorplex, melaniini ja Jaapani wasabi juure segu, kaitseb juukseid UV-kiirte eest ja stimuleerib v\u00e4rvi s\u00e4ilimist. Ideaalne koostisainete kombinatsioon taaselustatud ja l\u00e4ikivate\u00a0<span lang=\"ET\">juuste\u00a0<\/span>jaoks.<\/p>\n<\/div>\n","protected":false},"excerpt":{"rendered":"<div class=\"woocommerce-product-details__short-description\">\n<p>Revitalizing Care Set sisaldab kolme juukseid ja peanahka taastavat ning taaselustavat toodet, mis pakuvad juustele intensiivselt s\u00fcgavniisutavat ning toitvat hooldust. Toodete taas<span lang=\"ET\">elustav\u00a0<\/span><span lang=\"ET\">koostis t<\/span>ugevdab ja taastab juuste struktuurining\u00a0 eluj\u00f5u seestpoolt, ilma juukseid raskeks muutmata. K\u00f5ik tooted<span lang=\"ET\">\u00a0<\/span>on parabeenivaba<span lang=\"ET\">d<\/span>\u00a0ja sobi<span lang=\"ET\">vad<\/span>\u00a0kuivadele, kahjustatud ning \u00fclet\u00f6\u00f6deldud juustele.<br \/>\nRevitalizing Care komplekt on rikastatud Balmain\u00a0<span lang=\"ET\">Hair\u00a0<\/span>tunnusl\u00f5hnaga<span lang=\"ET\">\u00a0ning\u00a0<\/span>pakub \u00fclimat spaakogemust.<br \/>\n\u2013 Kolm t\u00e4issuuruses toodet<br \/>\n\u2013 Taastab juukseid<br \/>\n\u2013 Kaasa<span lang=\"ET\">s<\/span>\u00a0peanaha massaa\u017ei hari<\/p>\n<\/div>\n","protected":false},"featured_media":52109,"template":"","meta":[],"product_brand":[464],"product_cat":[266,265,208,281,129,130,121,217,218,227],"product_tag":[],"class_list":{"0":"post-21786","1":"product","2":"type-product","3":"status-publish","4":"has-post-thumbnail","6":"product_brand-balmain-hair","7":"product_cat-balmain-hair","8":"product_cat-brandid","9":"product_cat-juuksehooldus","10":"product_cat-juukseid-taaselustav-revitilizing","11":"product_cat-kingitused","12":"product_cat-kinkekomplektid","13":"product_cat-koik-tooted","14":"product_cat-maskid-ja-hooldus","15":"product_cat-palsamid","16":"product_cat-shampoonid","18":"first","19":"instock","20":"taxable","21":"shipping-taxable","22":"purchasable","23":"product-type-simple","24":"add-to-wishlist-after_add_to_cart"},"yoast_head":"<!-- This site is optimized with the Yoast SEO plugin v27.3 - https:\/\/yoast.com\/product\/yoast-seo-wordpress\/ -->\n<title>BALMAIN HAIR juukseid taaselustav komplekt koos massaa\u017ei harjaga \/ Revitalizing Care Set with Massage Brush - Hair Deluxe<\/title>\n<meta name=\"description\" content=\"Revitalizing Care Set sisaldab kolme juukseid ja peanahka taastavat ning taaselustavat toodet, mis pakuvad juustele intensiivselt s\u00fcgavniisutavat ning toitvat hooldust.\" \/>\n<meta name=\"robots\" content=\"index, follow, max-snippet:-1, max-image-preview:large, max-video-preview:-1\" \/>\n<link rel=\"canonical\" href=\"https:\/\/hairdeluxe.ee\/en\/product\/juukseid-taaselustav-kinkekomplekt-revitalizing-care-set\/\" \/>\n<meta property=\"og:locale\" content=\"en_US\" \/>\n<meta property=\"og:type\" content=\"article\" \/>\n<meta property=\"og:title\" content=\"BALMAIN HAIR juukseid taaselustav komplekt koos massaa\u017ei harjaga \/ Revitalizing Care Set with Massage Brush - Hair Deluxe\" \/>\n<meta property=\"og:description\" content=\"Revitalizing Care Set sisaldab kolme juukseid ja peanahka taastavat ning taaselustavat toodet, mis pakuvad juustele intensiivselt s\u00fcgavniisutavat ning toitvat hooldust.\" \/>\n<meta property=\"og:url\" content=\"https:\/\/hairdeluxe.ee\/en\/product\/juukseid-taaselustav-kinkekomplekt-revitalizing-care-set\/\" \/>\n<meta property=\"og:site_name\" content=\"Hair Deluxe\" \/>\n<meta property=\"article:publisher\" content=\"https:\/\/www.facebook.com\/blowbartallinn\" \/>\n<meta property=\"article:modified_time\" content=\"2025-08-08T20:49:37+00:00\" \/>\n<meta property=\"og:image\" content=\"https:\/\/hairdeluxe.ee\/wp-content\/uploads\/2021\/03\/balmainhair_care_revitalizingcareset_scalpmassager_box_cs_s_care_set_r_01_800x8_9d3c.jpg\" \/>\n\t<meta property=\"og:image:width\" content=\"800\" \/>\n\t<meta property=\"og:image:height\" content=\"800\" \/>\n\t<meta property=\"og:image:type\" content=\"image\/jpeg\" \/>\n<meta name=\"twitter:card\" content=\"summary_large_image\" \/>\n<meta name=\"twitter:label1\" content=\"Est. reading time\" \/>\n\t<meta name=\"twitter:data1\" content=\"1 minute\" \/>\n<script type=\"application\/ld+json\" class=\"yoast-schema-graph\">{\"@context\":\"https:\\\/\\\/schema.org\",\"@graph\":[{\"@type\":\"WebPage\",\"@id\":\"https:\\\/\\\/hairdeluxe.ee\\\/en\\\/product\\\/juukseid-taaselustav-kinkekomplekt-revitalizing-care-set\\\/\",\"url\":\"https:\\\/\\\/hairdeluxe.ee\\\/en\\\/product\\\/juukseid-taaselustav-kinkekomplekt-revitalizing-care-set\\\/\",\"name\":\"BALMAIN HAIR juukseid taaselustav komplekt koos massaa\u017ei harjaga \\\/ Revitalizing Care Set with Massage Brush - Hair Deluxe\",\"isPartOf\":{\"@id\":\"https:\\\/\\\/hairdeluxe.ee\\\/en\\\/#website\"},\"primaryImageOfPage\":{\"@id\":\"https:\\\/\\\/hairdeluxe.ee\\\/en\\\/product\\\/juukseid-taaselustav-kinkekomplekt-revitalizing-care-set\\\/#primaryimage\"},\"image\":{\"@id\":\"https:\\\/\\\/hairdeluxe.ee\\\/en\\\/product\\\/juukseid-taaselustav-kinkekomplekt-revitalizing-care-set\\\/#primaryimage\"},\"thumbnailUrl\":\"https:\\\/\\\/hairdeluxe.ee\\\/wp-content\\\/uploads\\\/2021\\\/03\\\/balmainhair_care_revitalizingcareset_scalpmassager_box_cs_s_care_set_r_01_800x8_9d3c.jpg\",\"datePublished\":\"2021-03-17T13:21:35+00:00\",\"dateModified\":\"2025-08-08T20:49:37+00:00\",\"description\":\"Revitalizing Care Set sisaldab kolme juukseid ja peanahka taastavat ning taaselustavat toodet, mis pakuvad juustele intensiivselt s\u00fcgavniisutavat ning toitvat hooldust.\",\"breadcrumb\":{\"@id\":\"https:\\\/\\\/hairdeluxe.ee\\\/en\\\/product\\\/juukseid-taaselustav-kinkekomplekt-revitalizing-care-set\\\/#breadcrumb\"},\"inLanguage\":\"en-US\",\"potentialAction\":[{\"@type\":\"ReadAction\",\"target\":[\"https:\\\/\\\/hairdeluxe.ee\\\/en\\\/product\\\/juukseid-taaselustav-kinkekomplekt-revitalizing-care-set\\\/\"]}]},{\"@type\":\"ImageObject\",\"inLanguage\":\"en-US\",\"@id\":\"https:\\\/\\\/hairdeluxe.ee\\\/en\\\/product\\\/juukseid-taaselustav-kinkekomplekt-revitalizing-care-set\\\/#primaryimage\",\"url\":\"https:\\\/\\\/hairdeluxe.ee\\\/wp-content\\\/uploads\\\/2021\\\/03\\\/balmainhair_care_revitalizingcareset_scalpmassager_box_cs_s_care_set_r_01_800x8_9d3c.jpg\",\"contentUrl\":\"https:\\\/\\\/hairdeluxe.ee\\\/wp-content\\\/uploads\\\/2021\\\/03\\\/balmainhair_care_revitalizingcareset_scalpmassager_box_cs_s_care_set_r_01_800x8_9d3c.jpg\",\"width\":800,\"height\":800},{\"@type\":\"BreadcrumbList\",\"@id\":\"https:\\\/\\\/hairdeluxe.ee\\\/en\\\/product\\\/juukseid-taaselustav-kinkekomplekt-revitalizing-care-set\\\/#breadcrumb\",\"itemListElement\":[{\"@type\":\"ListItem\",\"position\":1,\"name\":\"Home\",\"item\":\"https:\\\/\\\/hairdeluxe.ee\\\/en\\\/\"},{\"@type\":\"ListItem\",\"position\":2,\"name\":\"Shop\",\"item\":\"https:\\\/\\\/hairdeluxe.ee\\\/en\\\/shop\\\/\"},{\"@type\":\"ListItem\",\"position\":3,\"name\":\"BALMAIN HAIR juukseid taaselustav komplekt koos massaa\u017ei harjaga \\\/ Revitalizing Care Set with Massage Brush\"}]},{\"@type\":\"WebSite\",\"@id\":\"https:\\\/\\\/hairdeluxe.ee\\\/en\\\/#website\",\"url\":\"https:\\\/\\\/hairdeluxe.ee\\\/en\\\/\",\"name\":\"Hair Deluxe\",\"description\":\"Highlight your natural beauty\",\"publisher\":{\"@id\":\"https:\\\/\\\/hairdeluxe.ee\\\/en\\\/#organization\"},\"potentialAction\":[{\"@type\":\"SearchAction\",\"target\":{\"@type\":\"EntryPoint\",\"urlTemplate\":\"https:\\\/\\\/hairdeluxe.ee\\\/en\\\/?s={search_term_string}\"},\"query-input\":{\"@type\":\"PropertyValueSpecification\",\"valueRequired\":true,\"valueName\":\"search_term_string\"}}],\"inLanguage\":\"en-US\"},{\"@type\":\"Organization\",\"@id\":\"https:\\\/\\\/hairdeluxe.ee\\\/en\\\/#organization\",\"name\":\"Hair Deluxe\",\"url\":\"https:\\\/\\\/hairdeluxe.ee\\\/en\\\/\",\"logo\":{\"@type\":\"ImageObject\",\"inLanguage\":\"en-US\",\"@id\":\"https:\\\/\\\/hairdeluxe.ee\\\/en\\\/#\\\/schema\\\/logo\\\/image\\\/\",\"url\":\"https:\\\/\\\/hairdeluxe.ee\\\/wp-content\\\/uploads\\\/2024\\\/06\\\/Hair-Deluxe-Logo-Dark-font.png\",\"contentUrl\":\"https:\\\/\\\/hairdeluxe.ee\\\/wp-content\\\/uploads\\\/2024\\\/06\\\/Hair-Deluxe-Logo-Dark-font.png\",\"width\":467,\"height\":177,\"caption\":\"Hair Deluxe\"},\"image\":{\"@id\":\"https:\\\/\\\/hairdeluxe.ee\\\/en\\\/#\\\/schema\\\/logo\\\/image\\\/\"},\"sameAs\":[\"https:\\\/\\\/www.facebook.com\\\/blowbartallinn\",\"https:\\\/\\\/www.instagram.com\\\/blowbar_tallinn\"]}]}<\/script>\n<!-- \/ Yoast SEO plugin. -->","yoast_head_json":{"title":"BALMAIN HAIR juukseid taaselustav komplekt koos massaa\u017ei harjaga \/ Revitalizing Care Set with Massage Brush - Hair Deluxe","description":"Revitalizing Care Set sisaldab kolme juukseid ja peanahka taastavat ning taaselustavat toodet, mis pakuvad juustele intensiivselt s\u00fcgavniisutavat ning toitvat hooldust.","robots":{"index":"index","follow":"follow","max-snippet":"max-snippet:-1","max-image-preview":"max-image-preview:large","max-video-preview":"max-video-preview:-1"},"canonical":"https:\/\/hairdeluxe.ee\/en\/product\/juukseid-taaselustav-kinkekomplekt-revitalizing-care-set\/","og_locale":"en_US","og_type":"article","og_title":"BALMAIN HAIR juukseid taaselustav komplekt koos massaa\u017ei harjaga \/ Revitalizing Care Set with Massage Brush - Hair Deluxe","og_description":"Revitalizing Care Set sisaldab kolme juukseid ja peanahka taastavat ning taaselustavat toodet, mis pakuvad juustele intensiivselt s\u00fcgavniisutavat ning toitvat hooldust.","og_url":"https:\/\/hairdeluxe.ee\/en\/product\/juukseid-taaselustav-kinkekomplekt-revitalizing-care-set\/","og_site_name":"Hair Deluxe","article_publisher":"https:\/\/www.facebook.com\/blowbartallinn","article_modified_time":"2025-08-08T20:49:37+00:00","og_image":[{"width":800,"height":800,"url":"https:\/\/hairdeluxe.ee\/wp-content\/uploads\/2021\/03\/balmainhair_care_revitalizingcareset_scalpmassager_box_cs_s_care_set_r_01_800x8_9d3c.jpg","type":"image\/jpeg"}],"twitter_card":"summary_large_image","twitter_misc":{"Est. reading time":"1 minute"},"schema":{"@context":"https:\/\/schema.org","@graph":[{"@type":"WebPage","@id":"https:\/\/hairdeluxe.ee\/en\/product\/juukseid-taaselustav-kinkekomplekt-revitalizing-care-set\/","url":"https:\/\/hairdeluxe.ee\/en\/product\/juukseid-taaselustav-kinkekomplekt-revitalizing-care-set\/","name":"BALMAIN HAIR juukseid taaselustav komplekt koos massaa\u017ei harjaga \/ Revitalizing Care Set with Massage Brush - Hair Deluxe","isPartOf":{"@id":"https:\/\/hairdeluxe.ee\/en\/#website"},"primaryImageOfPage":{"@id":"https:\/\/hairdeluxe.ee\/en\/product\/juukseid-taaselustav-kinkekomplekt-revitalizing-care-set\/#primaryimage"},"image":{"@id":"https:\/\/hairdeluxe.ee\/en\/product\/juukseid-taaselustav-kinkekomplekt-revitalizing-care-set\/#primaryimage"},"thumbnailUrl":"https:\/\/hairdeluxe.ee\/wp-content\/uploads\/2021\/03\/balmainhair_care_revitalizingcareset_scalpmassager_box_cs_s_care_set_r_01_800x8_9d3c.jpg","datePublished":"2021-03-17T13:21:35+00:00","dateModified":"2025-08-08T20:49:37+00:00","description":"Revitalizing Care Set sisaldab kolme juukseid ja peanahka taastavat ning taaselustavat toodet, mis pakuvad juustele intensiivselt s\u00fcgavniisutavat ning toitvat hooldust.","breadcrumb":{"@id":"https:\/\/hairdeluxe.ee\/en\/product\/juukseid-taaselustav-kinkekomplekt-revitalizing-care-set\/#breadcrumb"},"inLanguage":"en-US","potentialAction":[{"@type":"ReadAction","target":["https:\/\/hairdeluxe.ee\/en\/product\/juukseid-taaselustav-kinkekomplekt-revitalizing-care-set\/"]}]},{"@type":"ImageObject","inLanguage":"en-US","@id":"https:\/\/hairdeluxe.ee\/en\/product\/juukseid-taaselustav-kinkekomplekt-revitalizing-care-set\/#primaryimage","url":"https:\/\/hairdeluxe.ee\/wp-content\/uploads\/2021\/03\/balmainhair_care_revitalizingcareset_scalpmassager_box_cs_s_care_set_r_01_800x8_9d3c.jpg","contentUrl":"https:\/\/hairdeluxe.ee\/wp-content\/uploads\/2021\/03\/balmainhair_care_revitalizingcareset_scalpmassager_box_cs_s_care_set_r_01_800x8_9d3c.jpg","width":800,"height":800},{"@type":"BreadcrumbList","@id":"https:\/\/hairdeluxe.ee\/en\/product\/juukseid-taaselustav-kinkekomplekt-revitalizing-care-set\/#breadcrumb","itemListElement":[{"@type":"ListItem","position":1,"name":"Home","item":"https:\/\/hairdeluxe.ee\/en\/"},{"@type":"ListItem","position":2,"name":"Shop","item":"https:\/\/hairdeluxe.ee\/en\/shop\/"},{"@type":"ListItem","position":3,"name":"BALMAIN HAIR juukseid taaselustav komplekt koos massaa\u017ei harjaga \/ Revitalizing Care Set with Massage Brush"}]},{"@type":"WebSite","@id":"https:\/\/hairdeluxe.ee\/en\/#website","url":"https:\/\/hairdeluxe.ee\/en\/","name":"Hair Deluxe","description":"Highlight your natural beauty","publisher":{"@id":"https:\/\/hairdeluxe.ee\/en\/#organization"},"potentialAction":[{"@type":"SearchAction","target":{"@type":"EntryPoint","urlTemplate":"https:\/\/hairdeluxe.ee\/en\/?s={search_term_string}"},"query-input":{"@type":"PropertyValueSpecification","valueRequired":true,"valueName":"search_term_string"}}],"inLanguage":"en-US"},{"@type":"Organization","@id":"https:\/\/hairdeluxe.ee\/en\/#organization","name":"Hair Deluxe","url":"https:\/\/hairdeluxe.ee\/en\/","logo":{"@type":"ImageObject","inLanguage":"en-US","@id":"https:\/\/hairdeluxe.ee\/en\/#\/schema\/logo\/image\/","url":"https:\/\/hairdeluxe.ee\/wp-content\/uploads\/2024\/06\/Hair-Deluxe-Logo-Dark-font.png","contentUrl":"https:\/\/hairdeluxe.ee\/wp-content\/uploads\/2024\/06\/Hair-Deluxe-Logo-Dark-font.png","width":467,"height":177,"caption":"Hair Deluxe"},"image":{"@id":"https:\/\/hairdeluxe.ee\/en\/#\/schema\/logo\/image\/"},"sameAs":["https:\/\/www.facebook.com\/blowbartallinn","https:\/\/www.instagram.com\/blowbar_tallinn"]}]}},"_links":{"self":[{"href":"https:\/\/hairdeluxe.ee\/en\/wp-json\/wp\/v2\/product\/21786","targetHints":{"allow":["GET"]}}],"collection":[{"href":"https:\/\/hairdeluxe.ee\/en\/wp-json\/wp\/v2\/product"}],"about":[{"href":"https:\/\/hairdeluxe.ee\/en\/wp-json\/wp\/v2\/types\/product"}],"wp:featuredmedia":[{"embeddable":true,"href":"https:\/\/hairdeluxe.ee\/en\/wp-json\/wp\/v2\/media\/52109"}],"wp:attachment":[{"href":"https:\/\/hairdeluxe.ee\/en\/wp-json\/wp\/v2\/media?parent=21786"}],"wp:term":[{"taxonomy":"product_brand","embeddable":true,"href":"https:\/\/hairdeluxe.ee\/en\/wp-json\/wp\/v2\/product_brand?post=21786"},{"taxonomy":"product_cat","embeddable":true,"href":"https:\/\/hairdeluxe.ee\/en\/wp-json\/wp\/v2\/product_cat?post=21786"},{"taxonomy":"product_tag","embeddable":true,"href":"https:\/\/hairdeluxe.ee\/en\/wp-json\/wp\/v2\/product_tag?post=21786"}],"curies":[{"name":"wp","href":"https:\/\/api.w.org\/{rel}","templated":true}]}}