{"id":21788,"date":"2021-03-17T15:21:35","date_gmt":"2021-03-17T13:21:35","guid":{"rendered":"https:\/\/blowbar.ee\/toode\/import-placeholder-for-2644\/"},"modified":"2025-03-18T19:22:36","modified_gmt":"2025-03-18T19:22:36","slug":"balmain-5-nadalane-juukseid-taastav-hoolduskuur-5x20ml-5-week-enriching-hair-treatment","status":"publish","type":"product","link":"https:\/\/hairdeluxe.ee\/en\/product\/balmain-5-nadalane-juukseid-taastav-hoolduskuur-5x20ml-5-week-enriching-hair-treatment\/","title":{"rendered":"BALMAIN HAIR 5 n\u00e4dalane juukseid taastav hooldus \/ 5 Week Enriching Hair Treatment"},"content":{"rendered":"<p><em><strong>Koostis:\u00a0<\/strong>Aqua\/Water, Betaine, Cetearyl Alcohol, Amodimethicone\/ Morpholinomethyl Silsesquioxane Copolymer, Succinic Acid, Behentrimonium Chloride, Ehenamidopropyl Dimethylamine, Hydrolyzed Silk, Argania Spinosa Kernel Oil, Glycolic Acid, Guar Hydroxypropyltrimonium Chloride, Stearamidopropyl Dimethylamine, Glycerin, Trideceth-5, Lactic Acid, Isopropyl Alcohol, Phenoxyethanol, Ethylhexylglycerin, Propylene Glycol, Parfum\/Fragrance, Linalool, Limonene.<\/em><\/p>\n","protected":false},"excerpt":{"rendered":"<div>\n<p><strong>JUUKSEID TAASTAV 5 n\u00e4dalane HOOLDUSKUUR<\/strong><strong><br \/>\n<\/strong><span style=\"color: #0000ff;\"><a style=\"color: #0000ff;\" href=\"https:\/\/www.balmainhair.ee\/toode\/balmain-hair-5-nadalane-juukseid-taastav-hooldus-5-week-enriching-hair-treatment-20ml\/\">Saadaval ka proovituubina 1 x 20ml<\/a><\/span><\/p>\n<p>AITAB V\u00c4LTIDA JUUSTE V\u00c4LJALANGEMIST!<br \/>\n<strong>Taasta juuste eluj\u00f5ud, s\u00e4ra ja terve v\u00e4ljan\u00e4gemine vaid 5 n\u00e4dalaga!<\/strong><\/p>\n<p><strong>OLULINE:<\/strong> Parima tulemuse saavutamiseks on vajalik toodet kasutada 5 n\u00e4dalat j\u00e4rjest juuste t\u00e4ispikkuses.<br \/>\n1 &#8211; 3 tuubi kasutamisel ei pruugi soovitud efekti saavutada.<\/p>\n<p>Hooldus toidab, niisutab ja tervendab juukseid, sulgedes juuksesoomuse e. kutiikuli. Kutiikuli sulgemine aitab s\u00e4ilitada juustes olevat niiskust, lisaks v\u00e4ldib toitainete v\u00e4ljumist juustest ning kaitseb juukseid kahjulike keskkonnam\u00f5jude eest. Hooldus taastab juuste elastsuse ja rekonstrueerib juuksekiud.<br \/>\nToode on spetsiaalselt v\u00e4lja t\u00f6\u00f6tatud juuste ja peanaha niiskuse loomuliku tasakaalu s\u00e4ilitamiseks.<br \/>\n\u2013 Luksuslik juukseid taastav hoolduskuur<br \/>\n\u2013 Niisutab, toidab, kaitseb ja parendab juuste struktuuri ning loomulikku olekut<br \/>\n\u2013 Taaselustab ja taastab juuksed 5 n\u00e4dalaga<\/p>\n<p><strong>Siidiproteiinide m\u00f5ju v\u00f5imendamiseks on toote koostise valem rikastatud merevaikhappega (vt. joonis)<\/strong><strong><br \/>\n<\/strong><strong>\u2013\u00a0<\/strong>Merevaikhape on merevaigukividest saadud looduslik koostisosa, mis tungib s\u00fcgavale juustesse. Merevaikhappe looduslikud koostisosad aitavad taastada juuste loomulikku olekut ja struktuuri.<strong><br \/>\n<\/strong><strong>\u2013\u00a0<\/strong>Merevaikhape aitab vabaneda siidiproteiinil ja loob iga valguahela \u00fcmber kaitsekihi, muutes juuksestruktuuri elastseks ning vastupidavaks.<strong><br \/>\n<\/strong><strong>\u2013\u00a0<\/strong>Nende kahe aktiivse ja efektiivse toimeaine kombinatsioon loob juustele pikaajalise ning kindla, katkematu molekulaarstruktuuri.<strong><br \/>\n<\/strong><strong>\u2013\u00a0<\/strong>pH 2.50 \u2013 3.50<\/p>\n<p><strong>Kasutamine:<\/strong>\u00a0Pesta juuksed soovitavalt\u00a0<a href=\"https:\/\/www.balmainhair.ee\/toode\/balmain-moisturizing-shampoo-300ml\/\">Balmain Hair\u00a0<\/a><a href=\"https:\/\/www.balmainhair.ee\/toode\/balmain-moisturizing-shampoo-300ml\/\">niisutava \u0161ampooniga<\/a>\u00a0\/\u00a0<strong><a href=\"https:\/\/www.balmainhair.ee\/toode\/balmain-moisturizing-shampoo-300ml\/\">Moisturizing Shampoo<\/a><\/strong>\u00a0ja kanda 1 tuubi sisu palsami asemel r\u00e4tikukuivadesse juustesse, juuste otstest kuni juurteni. Hoida toodet juustes soovitavalt 20-30 minutit ja loputada leige veega.<\/p>\n<p><strong>Korda protseduuri korra n\u00e4dalas 5 n\u00e4dala v\u00e4ltel.<br \/>\n<\/strong>Iga tuub on m\u00f5eldud \u00fchekordseks juuste hoolitsuseks.<\/p>\n<\/div>\n<p>Kogus: 5 x 20ml<\/p>\n<p>https:\/\/www.youtube.com\/watch?v=t3HdTEnRzwY<\/p>\n","protected":false},"featured_media":21809,"template":"","meta":[],"product_brand":[464],"product_cat":[266,231,265,208,210,130,121,217,279],"product_tag":[],"class_list":{"0":"post-21788","1":"product","2":"type-product","3":"status-publish","4":"has-post-thumbnail","6":"product_brand-balmain-hair","7":"product_cat-balmain-hair","8":"product_cat-blondeeritud-juustele","9":"product_cat-brandid","10":"product_cat-juuksehooldus","11":"product_cat-kaitse","12":"product_cat-kinkekomplektid","13":"product_cat-koik-tooted","14":"product_cat-maskid-ja-hooldus","15":"product_cat-sugavuti-niisutav-moisturizing","17":"first","18":"instock","19":"taxable","20":"shipping-taxable","21":"purchasable","22":"product-type-simple","23":"add-to-wishlist-after_add_to_cart"},"yoast_head":"<!-- This site is optimized with the Yoast SEO plugin v27.4 - https:\/\/yoast.com\/product\/yoast-seo-wordpress\/ -->\n<title>BALMAIN HAIR 5 n\u00e4dalane juukseid taastav hooldus \/ 5 Week Enriching Hair Treatment - Hair Deluxe<\/title>\n<meta name=\"robots\" content=\"index, follow, max-snippet:-1, max-image-preview:large, max-video-preview:-1\" \/>\n<link rel=\"canonical\" href=\"https:\/\/hairdeluxe.ee\/en\/product\/balmain-5-nadalane-juukseid-taastav-hoolduskuur-5x20ml-5-week-enriching-hair-treatment\/\" \/>\n<meta property=\"og:locale\" content=\"en_US\" \/>\n<meta property=\"og:type\" content=\"article\" \/>\n<meta property=\"og:title\" content=\"BALMAIN HAIR 5 n\u00e4dalane juukseid taastav hooldus \/ 5 Week Enriching Hair Treatment - Hair Deluxe\" \/>\n<meta property=\"og:description\" content=\"JUUKSEID TAASTAV 5 n\u00e4dalane HOOLDUSKUUR Saadaval ka proovituubina 1 x 20ml  AITAB V\u00c4LTIDA JUUSTE V\u00c4LJALANGEMIST! Taasta juuste eluj\u00f5ud, s\u00e4ra ja terve v\u00e4ljan\u00e4gemine vaid 5 n\u00e4dalaga!  OLULINE: Parima tulemuse saavutamiseks on vajalik toodet kasutada 5 n\u00e4dalat j\u00e4rjest juuste t\u00e4ispikkuses. 1 - 3 tuubi kasutamisel ei pruugi soovitud efekti saavutada.  Hooldus toidab, niisutab ja tervendab juukseid, sulgedes juuksesoomuse e. kutiikuli. Kutiikuli sulgemine aitab s\u00e4ilitada juustes olevat niiskust, lisaks v\u00e4ldib toitainete v\u00e4ljumist juustest ning kaitseb juukseid kahjulike keskkonnam\u00f5jude eest. Hooldus taastab juuste elastsuse ja rekonstrueerib juuksekiud. Toode on spetsiaalselt v\u00e4lja t\u00f6\u00f6tatud juuste ja peanaha niiskuse loomuliku tasakaalu s\u00e4ilitamiseks. \u2013 Luksuslik juukseid taastav hoolduskuur \u2013 Niisutab, toidab, kaitseb ja parendab juuste struktuuri ning loomulikku olekut \u2013 Taaselustab ja taastab juuksed 5 n\u00e4dalaga  Siidiproteiinide m\u00f5ju v\u00f5imendamiseks on toote koostise valem rikastatud merevaikhappega (vt. joonis) \u2013\u00a0Merevaikhape on merevaigukividest saadud looduslik koostisosa, mis tungib s\u00fcgavale juustesse. Merevaikhappe looduslikud koostisosad aitavad taastada juuste loomulikku olekut ja struktuuri. \u2013\u00a0Merevaikhape aitab vabaneda siidiproteiinil ja loob iga valguahela \u00fcmber kaitsekihi, muutes juuksestruktuuri elastseks ning vastupidavaks. \u2013\u00a0Nende kahe aktiivse ja efektiivse toimeaine kombinatsioon loob juustele pikaajalise ning kindla, katkematu molekulaarstruktuuri. \u2013\u00a0pH 2.50 \u2013 3.50  Kasutamine:\u00a0Pesta juuksed soovitavalt\u00a0Balmain Hair\u00a0niisutava \u0161ampooniga\u00a0\/\u00a0Moisturizing Shampoo\u00a0ja kanda 1 tuubi sisu palsami asemel r\u00e4tikukuivadesse juustesse, juuste otstest kuni juurteni. Hoida toodet juustes soovitavalt 20-30 minutit ja loputada leige veega.  Korda protseduuri korra n\u00e4dalas 5 n\u00e4dala v\u00e4ltel. Iga tuub on m\u00f5eldud \u00fchekordseks juuste hoolitsuseks.   Kogus: 5 x 20ml  https:\/\/www.youtube.com\/watch?v=t3HdTEnRzwY\" \/>\n<meta property=\"og:url\" content=\"https:\/\/hairdeluxe.ee\/en\/product\/balmain-5-nadalane-juukseid-taastav-hoolduskuur-5x20ml-5-week-enriching-hair-treatment\/\" \/>\n<meta property=\"og:site_name\" content=\"Hair Deluxe\" \/>\n<meta property=\"article:publisher\" content=\"https:\/\/www.facebook.com\/blowbartallinn\" \/>\n<meta property=\"article:modified_time\" content=\"2025-03-18T19:22:36+00:00\" \/>\n<meta property=\"og:image\" content=\"https:\/\/hairdeluxe.ee\/wp-content\/uploads\/2021\/03\/5_week_enriching_new_1.jpg\" \/>\n\t<meta property=\"og:image:width\" content=\"446\" \/>\n\t<meta property=\"og:image:height\" content=\"342\" \/>\n\t<meta property=\"og:image:type\" content=\"image\/jpeg\" \/>\n<meta name=\"twitter:card\" content=\"summary_large_image\" \/>\n<meta name=\"twitter:label1\" content=\"Est. reading time\" \/>\n\t<meta name=\"twitter:data1\" content=\"2 minutes\" \/>\n<script type=\"application\/ld+json\" class=\"yoast-schema-graph\">{\"@context\":\"https:\\\/\\\/schema.org\",\"@graph\":[{\"@type\":\"WebPage\",\"@id\":\"https:\\\/\\\/hairdeluxe.ee\\\/en\\\/product\\\/balmain-5-nadalane-juukseid-taastav-hoolduskuur-5x20ml-5-week-enriching-hair-treatment\\\/\",\"url\":\"https:\\\/\\\/hairdeluxe.ee\\\/en\\\/product\\\/balmain-5-nadalane-juukseid-taastav-hoolduskuur-5x20ml-5-week-enriching-hair-treatment\\\/\",\"name\":\"BALMAIN HAIR 5 n\u00e4dalane juukseid taastav hooldus \\\/ 5 Week Enriching Hair Treatment - Hair Deluxe\",\"isPartOf\":{\"@id\":\"https:\\\/\\\/hairdeluxe.ee\\\/en\\\/#website\"},\"primaryImageOfPage\":{\"@id\":\"https:\\\/\\\/hairdeluxe.ee\\\/en\\\/product\\\/balmain-5-nadalane-juukseid-taastav-hoolduskuur-5x20ml-5-week-enriching-hair-treatment\\\/#primaryimage\"},\"image\":{\"@id\":\"https:\\\/\\\/hairdeluxe.ee\\\/en\\\/product\\\/balmain-5-nadalane-juukseid-taastav-hoolduskuur-5x20ml-5-week-enriching-hair-treatment\\\/#primaryimage\"},\"thumbnailUrl\":\"https:\\\/\\\/hairdeluxe.ee\\\/wp-content\\\/uploads\\\/2021\\\/03\\\/5_week_enriching_new_1.jpg\",\"datePublished\":\"2021-03-17T13:21:35+00:00\",\"dateModified\":\"2025-03-18T19:22:36+00:00\",\"breadcrumb\":{\"@id\":\"https:\\\/\\\/hairdeluxe.ee\\\/en\\\/product\\\/balmain-5-nadalane-juukseid-taastav-hoolduskuur-5x20ml-5-week-enriching-hair-treatment\\\/#breadcrumb\"},\"inLanguage\":\"en-US\",\"potentialAction\":[{\"@type\":\"ReadAction\",\"target\":[\"https:\\\/\\\/hairdeluxe.ee\\\/en\\\/product\\\/balmain-5-nadalane-juukseid-taastav-hoolduskuur-5x20ml-5-week-enriching-hair-treatment\\\/\"]}]},{\"@type\":\"ImageObject\",\"inLanguage\":\"en-US\",\"@id\":\"https:\\\/\\\/hairdeluxe.ee\\\/en\\\/product\\\/balmain-5-nadalane-juukseid-taastav-hoolduskuur-5x20ml-5-week-enriching-hair-treatment\\\/#primaryimage\",\"url\":\"https:\\\/\\\/hairdeluxe.ee\\\/wp-content\\\/uploads\\\/2021\\\/03\\\/5_week_enriching_new_1.jpg\",\"contentUrl\":\"https:\\\/\\\/hairdeluxe.ee\\\/wp-content\\\/uploads\\\/2021\\\/03\\\/5_week_enriching_new_1.jpg\",\"width\":446,\"height\":342},{\"@type\":\"BreadcrumbList\",\"@id\":\"https:\\\/\\\/hairdeluxe.ee\\\/en\\\/product\\\/balmain-5-nadalane-juukseid-taastav-hoolduskuur-5x20ml-5-week-enriching-hair-treatment\\\/#breadcrumb\",\"itemListElement\":[{\"@type\":\"ListItem\",\"position\":1,\"name\":\"Home\",\"item\":\"https:\\\/\\\/hairdeluxe.ee\\\/en\\\/\"},{\"@type\":\"ListItem\",\"position\":2,\"name\":\"Shop\",\"item\":\"https:\\\/\\\/hairdeluxe.ee\\\/en\\\/shop\\\/\"},{\"@type\":\"ListItem\",\"position\":3,\"name\":\"BALMAIN HAIR 5 n\u00e4dalane juukseid taastav hooldus \\\/ 5 Week Enriching Hair Treatment\"}]},{\"@type\":\"WebSite\",\"@id\":\"https:\\\/\\\/hairdeluxe.ee\\\/en\\\/#website\",\"url\":\"https:\\\/\\\/hairdeluxe.ee\\\/en\\\/\",\"name\":\"Hair Deluxe\",\"description\":\"Highlight your natural beauty\",\"publisher\":{\"@id\":\"https:\\\/\\\/hairdeluxe.ee\\\/en\\\/#organization\"},\"potentialAction\":[{\"@type\":\"SearchAction\",\"target\":{\"@type\":\"EntryPoint\",\"urlTemplate\":\"https:\\\/\\\/hairdeluxe.ee\\\/en\\\/?s={search_term_string}\"},\"query-input\":{\"@type\":\"PropertyValueSpecification\",\"valueRequired\":true,\"valueName\":\"search_term_string\"}}],\"inLanguage\":\"en-US\"},{\"@type\":\"Organization\",\"@id\":\"https:\\\/\\\/hairdeluxe.ee\\\/en\\\/#organization\",\"name\":\"Hair Deluxe\",\"url\":\"https:\\\/\\\/hairdeluxe.ee\\\/en\\\/\",\"logo\":{\"@type\":\"ImageObject\",\"inLanguage\":\"en-US\",\"@id\":\"https:\\\/\\\/hairdeluxe.ee\\\/en\\\/#\\\/schema\\\/logo\\\/image\\\/\",\"url\":\"https:\\\/\\\/hairdeluxe.ee\\\/wp-content\\\/uploads\\\/2024\\\/06\\\/Hair-Deluxe-Logo-Dark-font.png\",\"contentUrl\":\"https:\\\/\\\/hairdeluxe.ee\\\/wp-content\\\/uploads\\\/2024\\\/06\\\/Hair-Deluxe-Logo-Dark-font.png\",\"width\":467,\"height\":177,\"caption\":\"Hair Deluxe\"},\"image\":{\"@id\":\"https:\\\/\\\/hairdeluxe.ee\\\/en\\\/#\\\/schema\\\/logo\\\/image\\\/\"},\"sameAs\":[\"https:\\\/\\\/www.facebook.com\\\/blowbartallinn\",\"https:\\\/\\\/www.instagram.com\\\/blowbar_tallinn\"]}]}<\/script>\n<!-- \/ Yoast SEO plugin. -->","yoast_head_json":{"title":"BALMAIN HAIR 5 n\u00e4dalane juukseid taastav hooldus \/ 5 Week Enriching Hair Treatment - Hair Deluxe","robots":{"index":"index","follow":"follow","max-snippet":"max-snippet:-1","max-image-preview":"max-image-preview:large","max-video-preview":"max-video-preview:-1"},"canonical":"https:\/\/hairdeluxe.ee\/en\/product\/balmain-5-nadalane-juukseid-taastav-hoolduskuur-5x20ml-5-week-enriching-hair-treatment\/","og_locale":"en_US","og_type":"article","og_title":"BALMAIN HAIR 5 n\u00e4dalane juukseid taastav hooldus \/ 5 Week Enriching Hair Treatment - Hair Deluxe","og_description":"JUUKSEID TAASTAV 5 n\u00e4dalane HOOLDUSKUUR Saadaval ka proovituubina 1 x 20ml  AITAB V\u00c4LTIDA JUUSTE V\u00c4LJALANGEMIST! Taasta juuste eluj\u00f5ud, s\u00e4ra ja terve v\u00e4ljan\u00e4gemine vaid 5 n\u00e4dalaga!  OLULINE: Parima tulemuse saavutamiseks on vajalik toodet kasutada 5 n\u00e4dalat j\u00e4rjest juuste t\u00e4ispikkuses. 1 - 3 tuubi kasutamisel ei pruugi soovitud efekti saavutada.  Hooldus toidab, niisutab ja tervendab juukseid, sulgedes juuksesoomuse e. kutiikuli. Kutiikuli sulgemine aitab s\u00e4ilitada juustes olevat niiskust, lisaks v\u00e4ldib toitainete v\u00e4ljumist juustest ning kaitseb juukseid kahjulike keskkonnam\u00f5jude eest. Hooldus taastab juuste elastsuse ja rekonstrueerib juuksekiud. Toode on spetsiaalselt v\u00e4lja t\u00f6\u00f6tatud juuste ja peanaha niiskuse loomuliku tasakaalu s\u00e4ilitamiseks. \u2013 Luksuslik juukseid taastav hoolduskuur \u2013 Niisutab, toidab, kaitseb ja parendab juuste struktuuri ning loomulikku olekut \u2013 Taaselustab ja taastab juuksed 5 n\u00e4dalaga  Siidiproteiinide m\u00f5ju v\u00f5imendamiseks on toote koostise valem rikastatud merevaikhappega (vt. joonis) \u2013\u00a0Merevaikhape on merevaigukividest saadud looduslik koostisosa, mis tungib s\u00fcgavale juustesse. Merevaikhappe looduslikud koostisosad aitavad taastada juuste loomulikku olekut ja struktuuri. \u2013\u00a0Merevaikhape aitab vabaneda siidiproteiinil ja loob iga valguahela \u00fcmber kaitsekihi, muutes juuksestruktuuri elastseks ning vastupidavaks. \u2013\u00a0Nende kahe aktiivse ja efektiivse toimeaine kombinatsioon loob juustele pikaajalise ning kindla, katkematu molekulaarstruktuuri. \u2013\u00a0pH 2.50 \u2013 3.50  Kasutamine:\u00a0Pesta juuksed soovitavalt\u00a0Balmain Hair\u00a0niisutava \u0161ampooniga\u00a0\/\u00a0Moisturizing Shampoo\u00a0ja kanda 1 tuubi sisu palsami asemel r\u00e4tikukuivadesse juustesse, juuste otstest kuni juurteni. Hoida toodet juustes soovitavalt 20-30 minutit ja loputada leige veega.  Korda protseduuri korra n\u00e4dalas 5 n\u00e4dala v\u00e4ltel. Iga tuub on m\u00f5eldud \u00fchekordseks juuste hoolitsuseks.   Kogus: 5 x 20ml  https:\/\/www.youtube.com\/watch?v=t3HdTEnRzwY","og_url":"https:\/\/hairdeluxe.ee\/en\/product\/balmain-5-nadalane-juukseid-taastav-hoolduskuur-5x20ml-5-week-enriching-hair-treatment\/","og_site_name":"Hair Deluxe","article_publisher":"https:\/\/www.facebook.com\/blowbartallinn","article_modified_time":"2025-03-18T19:22:36+00:00","og_image":[{"width":446,"height":342,"url":"https:\/\/hairdeluxe.ee\/wp-content\/uploads\/2021\/03\/5_week_enriching_new_1.jpg","type":"image\/jpeg"}],"twitter_card":"summary_large_image","twitter_misc":{"Est. reading time":"2 minutes"},"schema":{"@context":"https:\/\/schema.org","@graph":[{"@type":"WebPage","@id":"https:\/\/hairdeluxe.ee\/en\/product\/balmain-5-nadalane-juukseid-taastav-hoolduskuur-5x20ml-5-week-enriching-hair-treatment\/","url":"https:\/\/hairdeluxe.ee\/en\/product\/balmain-5-nadalane-juukseid-taastav-hoolduskuur-5x20ml-5-week-enriching-hair-treatment\/","name":"BALMAIN HAIR 5 n\u00e4dalane juukseid taastav hooldus \/ 5 Week Enriching Hair Treatment - Hair Deluxe","isPartOf":{"@id":"https:\/\/hairdeluxe.ee\/en\/#website"},"primaryImageOfPage":{"@id":"https:\/\/hairdeluxe.ee\/en\/product\/balmain-5-nadalane-juukseid-taastav-hoolduskuur-5x20ml-5-week-enriching-hair-treatment\/#primaryimage"},"image":{"@id":"https:\/\/hairdeluxe.ee\/en\/product\/balmain-5-nadalane-juukseid-taastav-hoolduskuur-5x20ml-5-week-enriching-hair-treatment\/#primaryimage"},"thumbnailUrl":"https:\/\/hairdeluxe.ee\/wp-content\/uploads\/2021\/03\/5_week_enriching_new_1.jpg","datePublished":"2021-03-17T13:21:35+00:00","dateModified":"2025-03-18T19:22:36+00:00","breadcrumb":{"@id":"https:\/\/hairdeluxe.ee\/en\/product\/balmain-5-nadalane-juukseid-taastav-hoolduskuur-5x20ml-5-week-enriching-hair-treatment\/#breadcrumb"},"inLanguage":"en-US","potentialAction":[{"@type":"ReadAction","target":["https:\/\/hairdeluxe.ee\/en\/product\/balmain-5-nadalane-juukseid-taastav-hoolduskuur-5x20ml-5-week-enriching-hair-treatment\/"]}]},{"@type":"ImageObject","inLanguage":"en-US","@id":"https:\/\/hairdeluxe.ee\/en\/product\/balmain-5-nadalane-juukseid-taastav-hoolduskuur-5x20ml-5-week-enriching-hair-treatment\/#primaryimage","url":"https:\/\/hairdeluxe.ee\/wp-content\/uploads\/2021\/03\/5_week_enriching_new_1.jpg","contentUrl":"https:\/\/hairdeluxe.ee\/wp-content\/uploads\/2021\/03\/5_week_enriching_new_1.jpg","width":446,"height":342},{"@type":"BreadcrumbList","@id":"https:\/\/hairdeluxe.ee\/en\/product\/balmain-5-nadalane-juukseid-taastav-hoolduskuur-5x20ml-5-week-enriching-hair-treatment\/#breadcrumb","itemListElement":[{"@type":"ListItem","position":1,"name":"Home","item":"https:\/\/hairdeluxe.ee\/en\/"},{"@type":"ListItem","position":2,"name":"Shop","item":"https:\/\/hairdeluxe.ee\/en\/shop\/"},{"@type":"ListItem","position":3,"name":"BALMAIN HAIR 5 n\u00e4dalane juukseid taastav hooldus \/ 5 Week Enriching Hair Treatment"}]},{"@type":"WebSite","@id":"https:\/\/hairdeluxe.ee\/en\/#website","url":"https:\/\/hairdeluxe.ee\/en\/","name":"Hair Deluxe","description":"Highlight your natural beauty","publisher":{"@id":"https:\/\/hairdeluxe.ee\/en\/#organization"},"potentialAction":[{"@type":"SearchAction","target":{"@type":"EntryPoint","urlTemplate":"https:\/\/hairdeluxe.ee\/en\/?s={search_term_string}"},"query-input":{"@type":"PropertyValueSpecification","valueRequired":true,"valueName":"search_term_string"}}],"inLanguage":"en-US"},{"@type":"Organization","@id":"https:\/\/hairdeluxe.ee\/en\/#organization","name":"Hair Deluxe","url":"https:\/\/hairdeluxe.ee\/en\/","logo":{"@type":"ImageObject","inLanguage":"en-US","@id":"https:\/\/hairdeluxe.ee\/en\/#\/schema\/logo\/image\/","url":"https:\/\/hairdeluxe.ee\/wp-content\/uploads\/2024\/06\/Hair-Deluxe-Logo-Dark-font.png","contentUrl":"https:\/\/hairdeluxe.ee\/wp-content\/uploads\/2024\/06\/Hair-Deluxe-Logo-Dark-font.png","width":467,"height":177,"caption":"Hair Deluxe"},"image":{"@id":"https:\/\/hairdeluxe.ee\/en\/#\/schema\/logo\/image\/"},"sameAs":["https:\/\/www.facebook.com\/blowbartallinn","https:\/\/www.instagram.com\/blowbar_tallinn"]}]}},"_links":{"self":[{"href":"https:\/\/hairdeluxe.ee\/en\/wp-json\/wp\/v2\/product\/21788","targetHints":{"allow":["GET"]}}],"collection":[{"href":"https:\/\/hairdeluxe.ee\/en\/wp-json\/wp\/v2\/product"}],"about":[{"href":"https:\/\/hairdeluxe.ee\/en\/wp-json\/wp\/v2\/types\/product"}],"wp:featuredmedia":[{"embeddable":true,"href":"https:\/\/hairdeluxe.ee\/en\/wp-json\/wp\/v2\/media\/21809"}],"wp:attachment":[{"href":"https:\/\/hairdeluxe.ee\/en\/wp-json\/wp\/v2\/media?parent=21788"}],"wp:term":[{"taxonomy":"product_brand","embeddable":true,"href":"https:\/\/hairdeluxe.ee\/en\/wp-json\/wp\/v2\/product_brand?post=21788"},{"taxonomy":"product_cat","embeddable":true,"href":"https:\/\/hairdeluxe.ee\/en\/wp-json\/wp\/v2\/product_cat?post=21788"},{"taxonomy":"product_tag","embeddable":true,"href":"https:\/\/hairdeluxe.ee\/en\/wp-json\/wp\/v2\/product_tag?post=21788"}],"curies":[{"name":"wp","href":"https:\/\/api.w.org\/{rel}","templated":true}]}}