{"id":21823,"date":"2021-03-17T15:22:03","date_gmt":"2021-03-17T13:22:03","guid":{"rendered":"https:\/\/blowbar.ee\/toode\/import-placeholder-for-2931\/"},"modified":"2025-03-18T19:22:36","modified_gmt":"2025-03-18T19:22:36","slug":"juuksehari-mini-all-purpose-spa-brush","status":"publish","type":"product","link":"https:\/\/hairdeluxe.ee\/en\/product\/juuksehari-mini-all-purpose-spa-brush\/","title":{"rendered":"BALMAIN HAIR v\u00e4ike pusadevastane juuksehari \/ Mini All Purpose Spa Brush Black"},"content":{"rendered":"<div>Naturaalsete harjaste looduslikud omadused aitavad juukseid hooldada, jaotades peanaha loomulikud \u00f5lid juukse juurtest juuste otsteni. Looduslikud \u00f5lid toimivad seerumina, mis parandavad ja niisutavad kuivi juukseid, lisab soengusse s\u00e4ra.<\/div>\n<div><\/div>\n<div>Naturaalsed harjased ja nailonharjased stimuleerivad peanahka ning aitavad juukseid lahti harutada.<\/div>\n<div>Regulaarne juuste harjamine Mini All Purpose Spa Brushiga hoiab \u00e4ra rasu kogunemise peanahale ja juuste pealispinnale, see muudab juuksed rasuseks ja raskeks, kogub \u00fcmbritsevast keskkonnast tolmu.<\/div>\n<div>Regulaarne juuste harjamine stimuleerib peanahka ja suurendab vereringet, parandades juuste kasvu, muutes juukses s\u00e4ravaks ning terveks.<\/div>\n<div><\/div>\n<div>Must kummist alus sisaldab naturaalesid harjaseid ja nailonist harjaseid, mis liiguvad kergesti l\u00e4bi juuste. Kumer mattkattega k\u00e4epide pakub paremat ja mugavat haaret, muutes juukseharja k\u00e4sitlemise v\u00e4ga mugavaks.<br \/>\nKindlasti puhastage regulaarselt juukseharja harjaseid ning eelamdage juukseharja harjaste vahelt lahtised juuksed.<br \/>\nJuukseharja saab lihtsasti pesta.<\/div>\n","protected":false},"excerpt":{"rendered":"<p>Miniatuurne Mini Spa Brush koosneb nailonist ja 100% naturaalsetest metssea harjastest valmistatud harjastest. Harja unikaalne struktuur kannab juuste loomulikke \u00f5lisid peanahalt juuste otsteni, kattes n\u00f5nda igat juuksekarva v\u00e4ga v\u00e4ikese, kuid olulise koguse juuste enda naturaalse \u00f5liga. Samal ajal aitavad nailonist kuulikestega tipnevad harjased masseerida peanahka, kiirendades n\u00f5nda nahaalust vereringet ja harjates lahti pusasid. T\u00e4nu sellele aitab Mini Spa Brush hari taastada kuivade juuste loomulikku niiskust, v\u00e4hendades kahu ja lisades juustele enneolematut s\u00e4ra.<br \/>\nSobililk k\u00f5igile juukset\u00fc\u00fcpidele, parukatele ja juuksepikendustele.<br \/>\nVetth\u00fclgav.<br \/>\n<strong>Nahaaluse vereringe stimuleerimine aitab v\u00e4ltida juuste v\u00e4lja langemist!<\/strong><\/p>\n<p>&#8211; 100% naturaalsed metssea ja nailonist \u00fcmarate kuulikestega kaetud harjased<br \/>\n&#8211; Sobib ideaalselt pikenduste kandjatele, paksudele ja pikkadele juustele<br \/>\n&#8211; Aitab kammida h\u00f5lpsalt lahti pusasid, ilma juukseid sikutamata<\/p>\n<p>Parima tulemuse saamiseks, soovitame juukseid vahetult enne harjamist t\u00f6\u00f6delda\u00a0<a href=\"https:\/\/www.balmainhair.ee\/toode\/balmain-leave-in-conditioning-spray-200-ml\/\">Balmain Hair Leave-in Conditioneriga<\/a>, see tagab harjaste efektiivse t\u00f6\u00f6. Tootel lasta ca 1-2min. toimida enne harjamist.<\/p>\n<p>Juuksehari mahub suurep\u00e4raselt ka v\u00e4iksemasse kotti v\u00f5i ridik\u00fcli.<\/p>\n","protected":false},"featured_media":21847,"template":"","meta":[],"product_brand":[464],"product_cat":[266,265,128,121,220,223,170],"product_tag":[],"class_list":{"0":"post-21823","1":"product","2":"type-product","3":"status-publish","4":"has-post-thumbnail","6":"product_brand-balmain-hair","7":"product_cat-balmain-hair","8":"product_cat-brandid","9":"product_cat-kammid-harjad","10":"product_cat-koik-tooted","11":"product_cat-pehmed-kahuvabad","12":"product_cat-pusadevastane","13":"product_cat-reisile","15":"first","16":"instock","17":"featured","18":"taxable","19":"shipping-taxable","20":"purchasable","21":"product-type-simple","22":"add-to-wishlist-after_add_to_cart"},"yoast_head":"<!-- This site is optimized with the Yoast SEO plugin v27.3 - https:\/\/yoast.com\/product\/yoast-seo-wordpress\/ -->\n<title>BALMAIN HAIR v\u00e4ike pusadevastane juuksehari \/ Mini All Purpose Spa Brush Black - Hair Deluxe<\/title>\n<meta name=\"robots\" content=\"index, follow, max-snippet:-1, max-image-preview:large, max-video-preview:-1\" \/>\n<link rel=\"canonical\" href=\"https:\/\/hairdeluxe.ee\/en\/product\/juuksehari-mini-all-purpose-spa-brush\/\" \/>\n<meta property=\"og:locale\" content=\"en_US\" \/>\n<meta property=\"og:type\" content=\"article\" \/>\n<meta property=\"og:title\" content=\"BALMAIN HAIR v\u00e4ike pusadevastane juuksehari \/ Mini All Purpose Spa Brush Black - Hair Deluxe\" \/>\n<meta property=\"og:description\" content=\"Miniatuurne Mini Spa Brush koosneb nailonist ja 100% naturaalsetest metssea harjastest valmistatud harjastest. Harja unikaalne struktuur kannab juuste loomulikke \u00f5lisid peanahalt juuste otsteni, kattes n\u00f5nda igat juuksekarva v\u00e4ga v\u00e4ikese, kuid olulise koguse juuste enda naturaalse \u00f5liga. Samal ajal aitavad nailonist kuulikestega tipnevad harjased masseerida peanahka, kiirendades n\u00f5nda nahaalust vereringet ja harjates lahti pusasid. T\u00e4nu sellele aitab Mini Spa Brush hari taastada kuivade juuste loomulikku niiskust, v\u00e4hendades kahu ja lisades juustele enneolematut s\u00e4ra. Sobililk k\u00f5igile juukset\u00fc\u00fcpidele, parukatele ja juuksepikendustele. Vetth\u00fclgav. Nahaaluse vereringe stimuleerimine aitab v\u00e4ltida juuste v\u00e4lja langemist!  - 100% naturaalsed metssea ja nailonist \u00fcmarate kuulikestega kaetud harjased - Sobib ideaalselt pikenduste kandjatele, paksudele ja pikkadele juustele - Aitab kammida h\u00f5lpsalt lahti pusasid, ilma juukseid sikutamata  Parima tulemuse saamiseks, soovitame juukseid vahetult enne harjamist t\u00f6\u00f6delda\u00a0Balmain Hair Leave-in Conditioneriga, see tagab harjaste efektiivse t\u00f6\u00f6. Tootel lasta ca 1-2min. toimida enne harjamist.  Juuksehari mahub suurep\u00e4raselt ka v\u00e4iksemasse kotti v\u00f5i ridik\u00fcli.\" \/>\n<meta property=\"og:url\" content=\"https:\/\/hairdeluxe.ee\/en\/product\/juuksehari-mini-all-purpose-spa-brush\/\" \/>\n<meta property=\"og:site_name\" content=\"Hair Deluxe\" \/>\n<meta property=\"article:publisher\" content=\"https:\/\/www.facebook.com\/blowbartallinn\" \/>\n<meta property=\"article:modified_time\" content=\"2025-03-18T19:22:36+00:00\" \/>\n<meta property=\"og:image\" content=\"https:\/\/hairdeluxe.ee\/wp-content\/uploads\/2021\/03\/balmainhair_tools_allpurposespabrush_mini_front_2018_800x800.jpg\" \/>\n\t<meta property=\"og:image:width\" content=\"800\" \/>\n\t<meta property=\"og:image:height\" content=\"800\" \/>\n\t<meta property=\"og:image:type\" content=\"image\/jpeg\" \/>\n<meta name=\"twitter:card\" content=\"summary_large_image\" \/>\n<meta name=\"twitter:label1\" content=\"Est. reading time\" \/>\n\t<meta name=\"twitter:data1\" content=\"1 minute\" \/>\n<script type=\"application\/ld+json\" class=\"yoast-schema-graph\">{\"@context\":\"https:\\\/\\\/schema.org\",\"@graph\":[{\"@type\":\"WebPage\",\"@id\":\"https:\\\/\\\/hairdeluxe.ee\\\/en\\\/product\\\/juuksehari-mini-all-purpose-spa-brush\\\/\",\"url\":\"https:\\\/\\\/hairdeluxe.ee\\\/en\\\/product\\\/juuksehari-mini-all-purpose-spa-brush\\\/\",\"name\":\"BALMAIN HAIR v\u00e4ike pusadevastane juuksehari \\\/ Mini All Purpose Spa Brush Black - Hair Deluxe\",\"isPartOf\":{\"@id\":\"https:\\\/\\\/hairdeluxe.ee\\\/en\\\/#website\"},\"primaryImageOfPage\":{\"@id\":\"https:\\\/\\\/hairdeluxe.ee\\\/en\\\/product\\\/juuksehari-mini-all-purpose-spa-brush\\\/#primaryimage\"},\"image\":{\"@id\":\"https:\\\/\\\/hairdeluxe.ee\\\/en\\\/product\\\/juuksehari-mini-all-purpose-spa-brush\\\/#primaryimage\"},\"thumbnailUrl\":\"https:\\\/\\\/hairdeluxe.ee\\\/wp-content\\\/uploads\\\/2021\\\/03\\\/balmainhair_tools_allpurposespabrush_mini_front_2018_800x800.jpg\",\"datePublished\":\"2021-03-17T13:22:03+00:00\",\"dateModified\":\"2025-03-18T19:22:36+00:00\",\"breadcrumb\":{\"@id\":\"https:\\\/\\\/hairdeluxe.ee\\\/en\\\/product\\\/juuksehari-mini-all-purpose-spa-brush\\\/#breadcrumb\"},\"inLanguage\":\"en-US\",\"potentialAction\":[{\"@type\":\"ReadAction\",\"target\":[\"https:\\\/\\\/hairdeluxe.ee\\\/en\\\/product\\\/juuksehari-mini-all-purpose-spa-brush\\\/\"]}]},{\"@type\":\"ImageObject\",\"inLanguage\":\"en-US\",\"@id\":\"https:\\\/\\\/hairdeluxe.ee\\\/en\\\/product\\\/juuksehari-mini-all-purpose-spa-brush\\\/#primaryimage\",\"url\":\"https:\\\/\\\/hairdeluxe.ee\\\/wp-content\\\/uploads\\\/2021\\\/03\\\/balmainhair_tools_allpurposespabrush_mini_front_2018_800x800.jpg\",\"contentUrl\":\"https:\\\/\\\/hairdeluxe.ee\\\/wp-content\\\/uploads\\\/2021\\\/03\\\/balmainhair_tools_allpurposespabrush_mini_front_2018_800x800.jpg\",\"width\":800,\"height\":800},{\"@type\":\"BreadcrumbList\",\"@id\":\"https:\\\/\\\/hairdeluxe.ee\\\/en\\\/product\\\/juuksehari-mini-all-purpose-spa-brush\\\/#breadcrumb\",\"itemListElement\":[{\"@type\":\"ListItem\",\"position\":1,\"name\":\"Home\",\"item\":\"https:\\\/\\\/hairdeluxe.ee\\\/en\\\/\"},{\"@type\":\"ListItem\",\"position\":2,\"name\":\"Shop\",\"item\":\"https:\\\/\\\/hairdeluxe.ee\\\/en\\\/shop\\\/\"},{\"@type\":\"ListItem\",\"position\":3,\"name\":\"BALMAIN HAIR v\u00e4ike pusadevastane juuksehari \\\/ Mini All Purpose Spa Brush Black\"}]},{\"@type\":\"WebSite\",\"@id\":\"https:\\\/\\\/hairdeluxe.ee\\\/en\\\/#website\",\"url\":\"https:\\\/\\\/hairdeluxe.ee\\\/en\\\/\",\"name\":\"Hair Deluxe\",\"description\":\"Highlight your natural beauty\",\"publisher\":{\"@id\":\"https:\\\/\\\/hairdeluxe.ee\\\/en\\\/#organization\"},\"potentialAction\":[{\"@type\":\"SearchAction\",\"target\":{\"@type\":\"EntryPoint\",\"urlTemplate\":\"https:\\\/\\\/hairdeluxe.ee\\\/en\\\/?s={search_term_string}\"},\"query-input\":{\"@type\":\"PropertyValueSpecification\",\"valueRequired\":true,\"valueName\":\"search_term_string\"}}],\"inLanguage\":\"en-US\"},{\"@type\":\"Organization\",\"@id\":\"https:\\\/\\\/hairdeluxe.ee\\\/en\\\/#organization\",\"name\":\"Hair Deluxe\",\"url\":\"https:\\\/\\\/hairdeluxe.ee\\\/en\\\/\",\"logo\":{\"@type\":\"ImageObject\",\"inLanguage\":\"en-US\",\"@id\":\"https:\\\/\\\/hairdeluxe.ee\\\/en\\\/#\\\/schema\\\/logo\\\/image\\\/\",\"url\":\"https:\\\/\\\/hairdeluxe.ee\\\/wp-content\\\/uploads\\\/2024\\\/06\\\/Hair-Deluxe-Logo-Dark-font.png\",\"contentUrl\":\"https:\\\/\\\/hairdeluxe.ee\\\/wp-content\\\/uploads\\\/2024\\\/06\\\/Hair-Deluxe-Logo-Dark-font.png\",\"width\":467,\"height\":177,\"caption\":\"Hair Deluxe\"},\"image\":{\"@id\":\"https:\\\/\\\/hairdeluxe.ee\\\/en\\\/#\\\/schema\\\/logo\\\/image\\\/\"},\"sameAs\":[\"https:\\\/\\\/www.facebook.com\\\/blowbartallinn\",\"https:\\\/\\\/www.instagram.com\\\/blowbar_tallinn\"]}]}<\/script>\n<!-- \/ Yoast SEO plugin. -->","yoast_head_json":{"title":"BALMAIN HAIR v\u00e4ike pusadevastane juuksehari \/ Mini All Purpose Spa Brush Black - Hair Deluxe","robots":{"index":"index","follow":"follow","max-snippet":"max-snippet:-1","max-image-preview":"max-image-preview:large","max-video-preview":"max-video-preview:-1"},"canonical":"https:\/\/hairdeluxe.ee\/en\/product\/juuksehari-mini-all-purpose-spa-brush\/","og_locale":"en_US","og_type":"article","og_title":"BALMAIN HAIR v\u00e4ike pusadevastane juuksehari \/ Mini All Purpose Spa Brush Black - Hair Deluxe","og_description":"Miniatuurne Mini Spa Brush koosneb nailonist ja 100% naturaalsetest metssea harjastest valmistatud harjastest. Harja unikaalne struktuur kannab juuste loomulikke \u00f5lisid peanahalt juuste otsteni, kattes n\u00f5nda igat juuksekarva v\u00e4ga v\u00e4ikese, kuid olulise koguse juuste enda naturaalse \u00f5liga. Samal ajal aitavad nailonist kuulikestega tipnevad harjased masseerida peanahka, kiirendades n\u00f5nda nahaalust vereringet ja harjates lahti pusasid. T\u00e4nu sellele aitab Mini Spa Brush hari taastada kuivade juuste loomulikku niiskust, v\u00e4hendades kahu ja lisades juustele enneolematut s\u00e4ra. Sobililk k\u00f5igile juukset\u00fc\u00fcpidele, parukatele ja juuksepikendustele. Vetth\u00fclgav. Nahaaluse vereringe stimuleerimine aitab v\u00e4ltida juuste v\u00e4lja langemist!  - 100% naturaalsed metssea ja nailonist \u00fcmarate kuulikestega kaetud harjased - Sobib ideaalselt pikenduste kandjatele, paksudele ja pikkadele juustele - Aitab kammida h\u00f5lpsalt lahti pusasid, ilma juukseid sikutamata  Parima tulemuse saamiseks, soovitame juukseid vahetult enne harjamist t\u00f6\u00f6delda\u00a0Balmain Hair Leave-in Conditioneriga, see tagab harjaste efektiivse t\u00f6\u00f6. Tootel lasta ca 1-2min. toimida enne harjamist.  Juuksehari mahub suurep\u00e4raselt ka v\u00e4iksemasse kotti v\u00f5i ridik\u00fcli.","og_url":"https:\/\/hairdeluxe.ee\/en\/product\/juuksehari-mini-all-purpose-spa-brush\/","og_site_name":"Hair Deluxe","article_publisher":"https:\/\/www.facebook.com\/blowbartallinn","article_modified_time":"2025-03-18T19:22:36+00:00","og_image":[{"width":800,"height":800,"url":"https:\/\/hairdeluxe.ee\/wp-content\/uploads\/2021\/03\/balmainhair_tools_allpurposespabrush_mini_front_2018_800x800.jpg","type":"image\/jpeg"}],"twitter_card":"summary_large_image","twitter_misc":{"Est. reading time":"1 minute"},"schema":{"@context":"https:\/\/schema.org","@graph":[{"@type":"WebPage","@id":"https:\/\/hairdeluxe.ee\/en\/product\/juuksehari-mini-all-purpose-spa-brush\/","url":"https:\/\/hairdeluxe.ee\/en\/product\/juuksehari-mini-all-purpose-spa-brush\/","name":"BALMAIN HAIR v\u00e4ike pusadevastane juuksehari \/ Mini All Purpose Spa Brush Black - Hair Deluxe","isPartOf":{"@id":"https:\/\/hairdeluxe.ee\/en\/#website"},"primaryImageOfPage":{"@id":"https:\/\/hairdeluxe.ee\/en\/product\/juuksehari-mini-all-purpose-spa-brush\/#primaryimage"},"image":{"@id":"https:\/\/hairdeluxe.ee\/en\/product\/juuksehari-mini-all-purpose-spa-brush\/#primaryimage"},"thumbnailUrl":"https:\/\/hairdeluxe.ee\/wp-content\/uploads\/2021\/03\/balmainhair_tools_allpurposespabrush_mini_front_2018_800x800.jpg","datePublished":"2021-03-17T13:22:03+00:00","dateModified":"2025-03-18T19:22:36+00:00","breadcrumb":{"@id":"https:\/\/hairdeluxe.ee\/en\/product\/juuksehari-mini-all-purpose-spa-brush\/#breadcrumb"},"inLanguage":"en-US","potentialAction":[{"@type":"ReadAction","target":["https:\/\/hairdeluxe.ee\/en\/product\/juuksehari-mini-all-purpose-spa-brush\/"]}]},{"@type":"ImageObject","inLanguage":"en-US","@id":"https:\/\/hairdeluxe.ee\/en\/product\/juuksehari-mini-all-purpose-spa-brush\/#primaryimage","url":"https:\/\/hairdeluxe.ee\/wp-content\/uploads\/2021\/03\/balmainhair_tools_allpurposespabrush_mini_front_2018_800x800.jpg","contentUrl":"https:\/\/hairdeluxe.ee\/wp-content\/uploads\/2021\/03\/balmainhair_tools_allpurposespabrush_mini_front_2018_800x800.jpg","width":800,"height":800},{"@type":"BreadcrumbList","@id":"https:\/\/hairdeluxe.ee\/en\/product\/juuksehari-mini-all-purpose-spa-brush\/#breadcrumb","itemListElement":[{"@type":"ListItem","position":1,"name":"Home","item":"https:\/\/hairdeluxe.ee\/en\/"},{"@type":"ListItem","position":2,"name":"Shop","item":"https:\/\/hairdeluxe.ee\/en\/shop\/"},{"@type":"ListItem","position":3,"name":"BALMAIN HAIR v\u00e4ike pusadevastane juuksehari \/ Mini All Purpose Spa Brush Black"}]},{"@type":"WebSite","@id":"https:\/\/hairdeluxe.ee\/en\/#website","url":"https:\/\/hairdeluxe.ee\/en\/","name":"Hair Deluxe","description":"Highlight your natural beauty","publisher":{"@id":"https:\/\/hairdeluxe.ee\/en\/#organization"},"potentialAction":[{"@type":"SearchAction","target":{"@type":"EntryPoint","urlTemplate":"https:\/\/hairdeluxe.ee\/en\/?s={search_term_string}"},"query-input":{"@type":"PropertyValueSpecification","valueRequired":true,"valueName":"search_term_string"}}],"inLanguage":"en-US"},{"@type":"Organization","@id":"https:\/\/hairdeluxe.ee\/en\/#organization","name":"Hair Deluxe","url":"https:\/\/hairdeluxe.ee\/en\/","logo":{"@type":"ImageObject","inLanguage":"en-US","@id":"https:\/\/hairdeluxe.ee\/en\/#\/schema\/logo\/image\/","url":"https:\/\/hairdeluxe.ee\/wp-content\/uploads\/2024\/06\/Hair-Deluxe-Logo-Dark-font.png","contentUrl":"https:\/\/hairdeluxe.ee\/wp-content\/uploads\/2024\/06\/Hair-Deluxe-Logo-Dark-font.png","width":467,"height":177,"caption":"Hair Deluxe"},"image":{"@id":"https:\/\/hairdeluxe.ee\/en\/#\/schema\/logo\/image\/"},"sameAs":["https:\/\/www.facebook.com\/blowbartallinn","https:\/\/www.instagram.com\/blowbar_tallinn"]}]}},"_links":{"self":[{"href":"https:\/\/hairdeluxe.ee\/en\/wp-json\/wp\/v2\/product\/21823","targetHints":{"allow":["GET"]}}],"collection":[{"href":"https:\/\/hairdeluxe.ee\/en\/wp-json\/wp\/v2\/product"}],"about":[{"href":"https:\/\/hairdeluxe.ee\/en\/wp-json\/wp\/v2\/types\/product"}],"wp:featuredmedia":[{"embeddable":true,"href":"https:\/\/hairdeluxe.ee\/en\/wp-json\/wp\/v2\/media\/21847"}],"wp:attachment":[{"href":"https:\/\/hairdeluxe.ee\/en\/wp-json\/wp\/v2\/media?parent=21823"}],"wp:term":[{"taxonomy":"product_brand","embeddable":true,"href":"https:\/\/hairdeluxe.ee\/en\/wp-json\/wp\/v2\/product_brand?post=21823"},{"taxonomy":"product_cat","embeddable":true,"href":"https:\/\/hairdeluxe.ee\/en\/wp-json\/wp\/v2\/product_cat?post=21823"},{"taxonomy":"product_tag","embeddable":true,"href":"https:\/\/hairdeluxe.ee\/en\/wp-json\/wp\/v2\/product_tag?post=21823"}],"curies":[{"name":"wp","href":"https:\/\/api.w.org\/{rel}","templated":true}]}}