{"id":21902,"date":"2021-03-17T15:22:50","date_gmt":"2021-03-17T13:22:50","guid":{"rendered":"https:\/\/blowbar.ee\/toode\/import-placeholder-for-8157\/"},"modified":"2025-03-18T19:22:36","modified_gmt":"2025-03-18T19:22:36","slug":"pusadevastane-sprei-detangling-spray-150ml","status":"publish","type":"product","link":"https:\/\/hairdeluxe.ee\/en\/product\/pusadevastane-sprei-detangling-spray-150ml\/","title":{"rendered":"BALMAIN HAIR pusadevastane sprei \/ Detangling Spray 150ml"},"content":{"rendered":"<p><strong>Detangling Spray<\/strong> on v\u00e4lja t\u00f6\u00f6tatud tavaliste juutste ja pikendustega juustele hooldamiseks. Toote kerge, mitterasvane koostis puhastab, hooldab ja silub juuste soomuse e. kutiikuli pealispinna. J\u00e4tab juuksed ketgeks ja lihsasti harjatavaks.<br \/>\nAnnab soengule kauni s\u00e4ra, s\u00e4ilitab juuksev\u00e4rvi ja kaitseb juukseid ning juuksepikendusi v\u00e4liste kahjustuste eest.<\/p>\n<p><strong>OMADUSED:<br \/>\n<\/strong>&#8211; Pikendustega juustele m\u00f5eldud pusadevastane sprei<br \/>\n&#8211; Harutab lihtsalt ja kergelt lahti sassis ja pusased juuksed ning juuksepikendused<br \/>\n&#8211; V\u00e4hendab juuste kahust ja lendumist<br \/>\n&#8211; Kaitseb juuste soomust e. kuttiikuli pealiskihti<br \/>\n&#8211; Annab soengule s\u00e4ra<\/p>\n<p>&nbsp;<\/p>\n<p><em><strong>Koostis:<\/strong> Aqua, Cyclopentasiloxane, Cetrimonium Chloride, Trimethylsiloxyamodimethicone, Polyquaternium-16, Silk Amino Acids, Polyquaternium-6, Hydrolyzed Vegetable Protein PG-propyl Silanetriol, Panthenol, PEG\/PPG-18\/18 Dimethicone, Ethylhexyl Methowycinnamate, Sodium Benzoate, Lactic Acid, Parfum.<\/em><\/p>\n","protected":false},"excerpt":{"rendered":"<p>Kerge ja \u00f5livaba Balmain Hair pusadevastane spreipalsam tagab pusa- ja kahuvabad juuksed. Hooldab, kinnitab ja silub juuste soomuskihti. Niisutab, hoiab \u00e4ra pusade tekkimise, aitab s\u00e4ilitada juuksev\u00e4rvi, kaitseb juukseid kuuma ja keskkonna kahjulike m\u00f5jude eest. Sobib nii naturaalsetele juustele ja ka juuksepikendustele.<br \/>\n&#8211; Sobib ideaalselt juuksepikendustele ning ka naturaalsetele juustele<br \/>\n&#8211; V\u00f5tab \u00e4ra kahu<\/p>\n<p><strong>Kasutamine:\u00a0<\/strong>Pihustada toodet juustele 20cm kauguselt. Lase toimida umbes 2-3 min enne juuste harjamist. Enne pihustamist LOKSUTADA toodet. V\u00f5ib kasutada igap\u00e4evaselt.<\/p>\n<p>Kogus: 150ml<\/p>\n","protected":false},"featured_media":30384,"template":"","meta":[],"product_brand":[464],"product_cat":[266,265,208,126,121,220,155,223],"product_tag":[],"class_list":{"0":"post-21902","1":"product","2":"type-product","3":"status-publish","4":"has-post-thumbnail","6":"product_brand-balmain-hair","7":"product_cat-balmain-hair","8":"product_cat-brandid","9":"product_cat-juuksehooldus","10":"product_cat-juuksepikendused","11":"product_cat-koik-tooted","12":"product_cat-pehmed-kahuvabad","13":"product_cat-pikenduste-jarelehoolitsus","14":"product_cat-pusadevastane","16":"first","17":"instock","18":"taxable","19":"shipping-taxable","20":"purchasable","21":"product-type-simple","22":"add-to-wishlist-after_add_to_cart"},"yoast_head":"<!-- This site is optimized with the Yoast SEO plugin v27.3 - https:\/\/yoast.com\/product\/yoast-seo-wordpress\/ -->\n<title>BALMAIN HAIR pusadevastane sprei \/ Detangling Spray 150ml - Hair Deluxe<\/title>\n<meta name=\"robots\" content=\"index, follow, max-snippet:-1, max-image-preview:large, max-video-preview:-1\" \/>\n<link rel=\"canonical\" href=\"https:\/\/hairdeluxe.ee\/en\/product\/pusadevastane-sprei-detangling-spray-150ml\/\" \/>\n<meta property=\"og:locale\" content=\"en_US\" \/>\n<meta property=\"og:type\" content=\"article\" \/>\n<meta property=\"og:title\" content=\"BALMAIN HAIR pusadevastane sprei \/ Detangling Spray 150ml - Hair Deluxe\" \/>\n<meta property=\"og:description\" content=\"Kerge ja \u00f5livaba Balmain Hair pusadevastane spreipalsam tagab pusa- ja kahuvabad juuksed. Hooldab, kinnitab ja silub juuste soomuskihti. Niisutab, hoiab \u00e4ra pusade tekkimise, aitab s\u00e4ilitada juuksev\u00e4rvi, kaitseb juukseid kuuma ja keskkonna kahjulike m\u00f5jude eest. Sobib nii naturaalsetele juustele ja ka juuksepikendustele. - Sobib ideaalselt juuksepikendustele ning ka naturaalsetele juustele - V\u00f5tab \u00e4ra kahu  Kasutamine:\u00a0Pihustada toodet juustele 20cm kauguselt. Lase toimida umbes 2-3 min enne juuste harjamist. Enne pihustamist LOKSUTADA toodet. V\u00f5ib kasutada igap\u00e4evaselt.  Kogus: 150ml\" \/>\n<meta property=\"og:url\" content=\"https:\/\/hairdeluxe.ee\/en\/product\/pusadevastane-sprei-detangling-spray-150ml\/\" \/>\n<meta property=\"og:site_name\" content=\"Hair Deluxe\" \/>\n<meta property=\"article:publisher\" content=\"https:\/\/www.facebook.com\/blowbartallinn\" \/>\n<meta property=\"article:modified_time\" content=\"2025-03-18T19:22:36+00:00\" \/>\n<meta property=\"og:image\" content=\"https:\/\/hairdeluxe.ee\/wp-content\/uploads\/2021\/03\/balmain-hair-pusade-vastane-after-care-detangling-spray-150ml-768x768-1.jpg\" \/>\n\t<meta property=\"og:image:width\" content=\"768\" \/>\n\t<meta property=\"og:image:height\" content=\"768\" \/>\n\t<meta property=\"og:image:type\" content=\"image\/jpeg\" \/>\n<meta name=\"twitter:card\" content=\"summary_large_image\" \/>\n<meta name=\"twitter:label1\" content=\"Est. reading time\" \/>\n\t<meta name=\"twitter:data1\" content=\"1 minute\" \/>\n<script type=\"application\/ld+json\" class=\"yoast-schema-graph\">{\"@context\":\"https:\\\/\\\/schema.org\",\"@graph\":[{\"@type\":\"WebPage\",\"@id\":\"https:\\\/\\\/hairdeluxe.ee\\\/en\\\/product\\\/pusadevastane-sprei-detangling-spray-150ml\\\/\",\"url\":\"https:\\\/\\\/hairdeluxe.ee\\\/en\\\/product\\\/pusadevastane-sprei-detangling-spray-150ml\\\/\",\"name\":\"BALMAIN HAIR pusadevastane sprei \\\/ Detangling Spray 150ml - Hair Deluxe\",\"isPartOf\":{\"@id\":\"https:\\\/\\\/hairdeluxe.ee\\\/en\\\/#website\"},\"primaryImageOfPage\":{\"@id\":\"https:\\\/\\\/hairdeluxe.ee\\\/en\\\/product\\\/pusadevastane-sprei-detangling-spray-150ml\\\/#primaryimage\"},\"image\":{\"@id\":\"https:\\\/\\\/hairdeluxe.ee\\\/en\\\/product\\\/pusadevastane-sprei-detangling-spray-150ml\\\/#primaryimage\"},\"thumbnailUrl\":\"https:\\\/\\\/hairdeluxe.ee\\\/wp-content\\\/uploads\\\/2021\\\/03\\\/balmain-hair-pusade-vastane-after-care-detangling-spray-150ml-768x768-1.jpg\",\"datePublished\":\"2021-03-17T13:22:50+00:00\",\"dateModified\":\"2025-03-18T19:22:36+00:00\",\"breadcrumb\":{\"@id\":\"https:\\\/\\\/hairdeluxe.ee\\\/en\\\/product\\\/pusadevastane-sprei-detangling-spray-150ml\\\/#breadcrumb\"},\"inLanguage\":\"en-US\",\"potentialAction\":[{\"@type\":\"ReadAction\",\"target\":[\"https:\\\/\\\/hairdeluxe.ee\\\/en\\\/product\\\/pusadevastane-sprei-detangling-spray-150ml\\\/\"]}]},{\"@type\":\"ImageObject\",\"inLanguage\":\"en-US\",\"@id\":\"https:\\\/\\\/hairdeluxe.ee\\\/en\\\/product\\\/pusadevastane-sprei-detangling-spray-150ml\\\/#primaryimage\",\"url\":\"https:\\\/\\\/hairdeluxe.ee\\\/wp-content\\\/uploads\\\/2021\\\/03\\\/balmain-hair-pusade-vastane-after-care-detangling-spray-150ml-768x768-1.jpg\",\"contentUrl\":\"https:\\\/\\\/hairdeluxe.ee\\\/wp-content\\\/uploads\\\/2021\\\/03\\\/balmain-hair-pusade-vastane-after-care-detangling-spray-150ml-768x768-1.jpg\",\"width\":768,\"height\":768},{\"@type\":\"BreadcrumbList\",\"@id\":\"https:\\\/\\\/hairdeluxe.ee\\\/en\\\/product\\\/pusadevastane-sprei-detangling-spray-150ml\\\/#breadcrumb\",\"itemListElement\":[{\"@type\":\"ListItem\",\"position\":1,\"name\":\"Home\",\"item\":\"https:\\\/\\\/hairdeluxe.ee\\\/en\\\/\"},{\"@type\":\"ListItem\",\"position\":2,\"name\":\"Shop\",\"item\":\"https:\\\/\\\/hairdeluxe.ee\\\/en\\\/shop\\\/\"},{\"@type\":\"ListItem\",\"position\":3,\"name\":\"BALMAIN HAIR pusadevastane sprei \\\/ Detangling Spray 150ml\"}]},{\"@type\":\"WebSite\",\"@id\":\"https:\\\/\\\/hairdeluxe.ee\\\/en\\\/#website\",\"url\":\"https:\\\/\\\/hairdeluxe.ee\\\/en\\\/\",\"name\":\"Hair Deluxe\",\"description\":\"Highlight your natural beauty\",\"publisher\":{\"@id\":\"https:\\\/\\\/hairdeluxe.ee\\\/en\\\/#organization\"},\"potentialAction\":[{\"@type\":\"SearchAction\",\"target\":{\"@type\":\"EntryPoint\",\"urlTemplate\":\"https:\\\/\\\/hairdeluxe.ee\\\/en\\\/?s={search_term_string}\"},\"query-input\":{\"@type\":\"PropertyValueSpecification\",\"valueRequired\":true,\"valueName\":\"search_term_string\"}}],\"inLanguage\":\"en-US\"},{\"@type\":\"Organization\",\"@id\":\"https:\\\/\\\/hairdeluxe.ee\\\/en\\\/#organization\",\"name\":\"Hair Deluxe\",\"url\":\"https:\\\/\\\/hairdeluxe.ee\\\/en\\\/\",\"logo\":{\"@type\":\"ImageObject\",\"inLanguage\":\"en-US\",\"@id\":\"https:\\\/\\\/hairdeluxe.ee\\\/en\\\/#\\\/schema\\\/logo\\\/image\\\/\",\"url\":\"https:\\\/\\\/hairdeluxe.ee\\\/wp-content\\\/uploads\\\/2024\\\/06\\\/Hair-Deluxe-Logo-Dark-font.png\",\"contentUrl\":\"https:\\\/\\\/hairdeluxe.ee\\\/wp-content\\\/uploads\\\/2024\\\/06\\\/Hair-Deluxe-Logo-Dark-font.png\",\"width\":467,\"height\":177,\"caption\":\"Hair Deluxe\"},\"image\":{\"@id\":\"https:\\\/\\\/hairdeluxe.ee\\\/en\\\/#\\\/schema\\\/logo\\\/image\\\/\"},\"sameAs\":[\"https:\\\/\\\/www.facebook.com\\\/blowbartallinn\",\"https:\\\/\\\/www.instagram.com\\\/blowbar_tallinn\"]}]}<\/script>\n<!-- \/ Yoast SEO plugin. -->","yoast_head_json":{"title":"BALMAIN HAIR pusadevastane sprei \/ Detangling Spray 150ml - Hair Deluxe","robots":{"index":"index","follow":"follow","max-snippet":"max-snippet:-1","max-image-preview":"max-image-preview:large","max-video-preview":"max-video-preview:-1"},"canonical":"https:\/\/hairdeluxe.ee\/en\/product\/pusadevastane-sprei-detangling-spray-150ml\/","og_locale":"en_US","og_type":"article","og_title":"BALMAIN HAIR pusadevastane sprei \/ Detangling Spray 150ml - Hair Deluxe","og_description":"Kerge ja \u00f5livaba Balmain Hair pusadevastane spreipalsam tagab pusa- ja kahuvabad juuksed. Hooldab, kinnitab ja silub juuste soomuskihti. Niisutab, hoiab \u00e4ra pusade tekkimise, aitab s\u00e4ilitada juuksev\u00e4rvi, kaitseb juukseid kuuma ja keskkonna kahjulike m\u00f5jude eest. Sobib nii naturaalsetele juustele ja ka juuksepikendustele. - Sobib ideaalselt juuksepikendustele ning ka naturaalsetele juustele - V\u00f5tab \u00e4ra kahu  Kasutamine:\u00a0Pihustada toodet juustele 20cm kauguselt. Lase toimida umbes 2-3 min enne juuste harjamist. Enne pihustamist LOKSUTADA toodet. V\u00f5ib kasutada igap\u00e4evaselt.  Kogus: 150ml","og_url":"https:\/\/hairdeluxe.ee\/en\/product\/pusadevastane-sprei-detangling-spray-150ml\/","og_site_name":"Hair Deluxe","article_publisher":"https:\/\/www.facebook.com\/blowbartallinn","article_modified_time":"2025-03-18T19:22:36+00:00","og_image":[{"width":768,"height":768,"url":"https:\/\/hairdeluxe.ee\/wp-content\/uploads\/2021\/03\/balmain-hair-pusade-vastane-after-care-detangling-spray-150ml-768x768-1.jpg","type":"image\/jpeg"}],"twitter_card":"summary_large_image","twitter_misc":{"Est. reading time":"1 minute"},"schema":{"@context":"https:\/\/schema.org","@graph":[{"@type":"WebPage","@id":"https:\/\/hairdeluxe.ee\/en\/product\/pusadevastane-sprei-detangling-spray-150ml\/","url":"https:\/\/hairdeluxe.ee\/en\/product\/pusadevastane-sprei-detangling-spray-150ml\/","name":"BALMAIN HAIR pusadevastane sprei \/ Detangling Spray 150ml - Hair Deluxe","isPartOf":{"@id":"https:\/\/hairdeluxe.ee\/en\/#website"},"primaryImageOfPage":{"@id":"https:\/\/hairdeluxe.ee\/en\/product\/pusadevastane-sprei-detangling-spray-150ml\/#primaryimage"},"image":{"@id":"https:\/\/hairdeluxe.ee\/en\/product\/pusadevastane-sprei-detangling-spray-150ml\/#primaryimage"},"thumbnailUrl":"https:\/\/hairdeluxe.ee\/wp-content\/uploads\/2021\/03\/balmain-hair-pusade-vastane-after-care-detangling-spray-150ml-768x768-1.jpg","datePublished":"2021-03-17T13:22:50+00:00","dateModified":"2025-03-18T19:22:36+00:00","breadcrumb":{"@id":"https:\/\/hairdeluxe.ee\/en\/product\/pusadevastane-sprei-detangling-spray-150ml\/#breadcrumb"},"inLanguage":"en-US","potentialAction":[{"@type":"ReadAction","target":["https:\/\/hairdeluxe.ee\/en\/product\/pusadevastane-sprei-detangling-spray-150ml\/"]}]},{"@type":"ImageObject","inLanguage":"en-US","@id":"https:\/\/hairdeluxe.ee\/en\/product\/pusadevastane-sprei-detangling-spray-150ml\/#primaryimage","url":"https:\/\/hairdeluxe.ee\/wp-content\/uploads\/2021\/03\/balmain-hair-pusade-vastane-after-care-detangling-spray-150ml-768x768-1.jpg","contentUrl":"https:\/\/hairdeluxe.ee\/wp-content\/uploads\/2021\/03\/balmain-hair-pusade-vastane-after-care-detangling-spray-150ml-768x768-1.jpg","width":768,"height":768},{"@type":"BreadcrumbList","@id":"https:\/\/hairdeluxe.ee\/en\/product\/pusadevastane-sprei-detangling-spray-150ml\/#breadcrumb","itemListElement":[{"@type":"ListItem","position":1,"name":"Home","item":"https:\/\/hairdeluxe.ee\/en\/"},{"@type":"ListItem","position":2,"name":"Shop","item":"https:\/\/hairdeluxe.ee\/en\/shop\/"},{"@type":"ListItem","position":3,"name":"BALMAIN HAIR pusadevastane sprei \/ Detangling Spray 150ml"}]},{"@type":"WebSite","@id":"https:\/\/hairdeluxe.ee\/en\/#website","url":"https:\/\/hairdeluxe.ee\/en\/","name":"Hair Deluxe","description":"Highlight your natural beauty","publisher":{"@id":"https:\/\/hairdeluxe.ee\/en\/#organization"},"potentialAction":[{"@type":"SearchAction","target":{"@type":"EntryPoint","urlTemplate":"https:\/\/hairdeluxe.ee\/en\/?s={search_term_string}"},"query-input":{"@type":"PropertyValueSpecification","valueRequired":true,"valueName":"search_term_string"}}],"inLanguage":"en-US"},{"@type":"Organization","@id":"https:\/\/hairdeluxe.ee\/en\/#organization","name":"Hair Deluxe","url":"https:\/\/hairdeluxe.ee\/en\/","logo":{"@type":"ImageObject","inLanguage":"en-US","@id":"https:\/\/hairdeluxe.ee\/en\/#\/schema\/logo\/image\/","url":"https:\/\/hairdeluxe.ee\/wp-content\/uploads\/2024\/06\/Hair-Deluxe-Logo-Dark-font.png","contentUrl":"https:\/\/hairdeluxe.ee\/wp-content\/uploads\/2024\/06\/Hair-Deluxe-Logo-Dark-font.png","width":467,"height":177,"caption":"Hair Deluxe"},"image":{"@id":"https:\/\/hairdeluxe.ee\/en\/#\/schema\/logo\/image\/"},"sameAs":["https:\/\/www.facebook.com\/blowbartallinn","https:\/\/www.instagram.com\/blowbar_tallinn"]}]}},"_links":{"self":[{"href":"https:\/\/hairdeluxe.ee\/en\/wp-json\/wp\/v2\/product\/21902","targetHints":{"allow":["GET"]}}],"collection":[{"href":"https:\/\/hairdeluxe.ee\/en\/wp-json\/wp\/v2\/product"}],"about":[{"href":"https:\/\/hairdeluxe.ee\/en\/wp-json\/wp\/v2\/types\/product"}],"wp:featuredmedia":[{"embeddable":true,"href":"https:\/\/hairdeluxe.ee\/en\/wp-json\/wp\/v2\/media\/30384"}],"wp:attachment":[{"href":"https:\/\/hairdeluxe.ee\/en\/wp-json\/wp\/v2\/media?parent=21902"}],"wp:term":[{"taxonomy":"product_brand","embeddable":true,"href":"https:\/\/hairdeluxe.ee\/en\/wp-json\/wp\/v2\/product_brand?post=21902"},{"taxonomy":"product_cat","embeddable":true,"href":"https:\/\/hairdeluxe.ee\/en\/wp-json\/wp\/v2\/product_cat?post=21902"},{"taxonomy":"product_tag","embeddable":true,"href":"https:\/\/hairdeluxe.ee\/en\/wp-json\/wp\/v2\/product_tag?post=21902"}],"curies":[{"name":"wp","href":"https:\/\/api.w.org\/{rel}","templated":true}]}}