{"id":21921,"date":"2021-03-17T15:23:14","date_gmt":"2021-03-17T13:23:14","guid":{"rendered":"https:\/\/blowbar.ee\/toode\/import-placeholder-for-8316\/"},"modified":"2025-03-18T19:22:36","modified_gmt":"2025-03-18T19:22:36","slug":"balmain-homme-habemeoli-balmain-homme-beard-oil-30ml","status":"publish","type":"product","link":"https:\/\/hairdeluxe.ee\/en\/product\/balmain-homme-habemeoli-balmain-homme-beard-oil-30ml\/","title":{"rendered":"BALMAIN HAIR meeste habeme\u00f5li \/ Homme Beard Oil 30ml"},"content":{"rendered":"<p><em><strong>Koostis:<\/strong> C13-15 Alkane, Disiloxane, Dimethicone, Phenyl Trimethicone, Parfum \/ Fragrance, Dimethiconol, Argania Spinosa Kernel Oil, Hydrolyzed Silk, Butyl Methoxydibenzoylmethane, Ethylhexyl Methoxycinnamate.<\/em><\/p>\n","protected":false},"excerpt":{"rendered":"<p>Igap\u00e4evane hooldus habeme ja n\u00e4onaha ideaalses korras hoidmiseks. Meeldivalt l\u00f5hnav \u00f5li on loodud spetsiaalselt meestele habeme viimistlemiseks ja niisutamiseks. Tagab niisutava toime nahale ja n\u00e4okarvadele. Imendub kiiresti, j\u00e4tmata rasvaseid j\u00e4\u00e4ke ning ebamugavustunnet.\u00a0Toode on rikastatud eksklusiivse Balmain Hair Couture meheliku aroomiga, mis \u00fchendab bergamoti kosutava sidruniv\u00e4rskuse kuiva sandlipuu puitunud aroomin\u00fcanssidega.<\/p>\n<p><strong>Kasutamine:<\/strong> Kanda kuiva habemesse, levitada \u00fchtlaste masseerivate liigutustega kogu n\u00e4okarvade ulatuses. Erilist t\u00e4helepanu p\u00f6\u00f6rata habemekarva otstele, kuna need vajavad rohket niisutust.<\/p>\n<p>Kogus: 30ml<\/p>\n<p><a href=\"https:\/\/www.balmainhair.ee\/toode\/balmain-hair-kinkekomplekt-meestele-juuksed-keha-pesugeel-habemeoli-peanahk-koorija-valjalangemine\/\">Vaata lisaks: BALMAIN Hair juuste-, kehapesu ja habemehoolduse kinkekomplekt meestele \/ Balmain Homme Giftset<\/a><\/p>\n<p>https:\/\/www.youtube.com\/watch?v=7MBD36TJNQM<\/p>\n","protected":false},"featured_media":21988,"template":"","meta":[],"product_brand":[464],"product_cat":[266,265,208,121,144,170,274],"product_tag":[],"class_list":{"0":"post-21921","1":"product","2":"type-product","3":"status-publish","4":"has-post-thumbnail","6":"product_brand-balmain-hair","7":"product_cat-balmain-hair","8":"product_cat-brandid","9":"product_cat-juuksehooldus","10":"product_cat-koik-tooted","11":"product_cat-meestele","12":"product_cat-reisile","13":"product_cat-viimistlus-meestele","15":"first","16":"instock","17":"taxable","18":"shipping-taxable","19":"purchasable","20":"product-type-simple","21":"add-to-wishlist-after_add_to_cart"},"yoast_head":"<!-- This site is optimized with the Yoast SEO plugin v27.5 - https:\/\/yoast.com\/product\/yoast-seo-wordpress\/ -->\n<title>BALMAIN HAIR meeste habeme\u00f5li \/ Homme Beard Oil 30ml - Hair Deluxe<\/title>\n<meta name=\"robots\" content=\"index, follow, max-snippet:-1, max-image-preview:large, max-video-preview:-1\" \/>\n<link rel=\"canonical\" href=\"https:\/\/hairdeluxe.ee\/en\/product\/balmain-homme-habemeoli-balmain-homme-beard-oil-30ml\/\" \/>\n<meta property=\"og:locale\" content=\"en_US\" \/>\n<meta property=\"og:type\" content=\"article\" \/>\n<meta property=\"og:title\" content=\"BALMAIN HAIR meeste habeme\u00f5li \/ Homme Beard Oil 30ml - Hair Deluxe\" \/>\n<meta property=\"og:description\" content=\"Igap\u00e4evane hooldus habeme ja n\u00e4onaha ideaalses korras hoidmiseks. Meeldivalt l\u00f5hnav \u00f5li on loodud spetsiaalselt meestele habeme viimistlemiseks ja niisutamiseks. Tagab niisutava toime nahale ja n\u00e4okarvadele. Imendub kiiresti, j\u00e4tmata rasvaseid j\u00e4\u00e4ke ning ebamugavustunnet.\u00a0Toode on rikastatud eksklusiivse Balmain Hair Couture meheliku aroomiga, mis \u00fchendab bergamoti kosutava sidruniv\u00e4rskuse kuiva sandlipuu puitunud aroomin\u00fcanssidega.  Kasutamine: Kanda kuiva habemesse, levitada \u00fchtlaste masseerivate liigutustega kogu n\u00e4okarvade ulatuses. Erilist t\u00e4helepanu p\u00f6\u00f6rata habemekarva otstele, kuna need vajavad rohket niisutust.  Kogus: 30ml  Vaata lisaks: BALMAIN Hair juuste-, kehapesu ja habemehoolduse kinkekomplekt meestele \/ Balmain Homme Giftset  https:\/\/www.youtube.com\/watch?v=7MBD36TJNQM\" \/>\n<meta property=\"og:url\" content=\"https:\/\/hairdeluxe.ee\/en\/product\/balmain-homme-habemeoli-balmain-homme-beard-oil-30ml\/\" \/>\n<meta property=\"og:site_name\" content=\"Hair Deluxe\" \/>\n<meta property=\"article:publisher\" content=\"https:\/\/www.facebook.com\/blowbartallinn\" \/>\n<meta property=\"article:modified_time\" content=\"2025-03-18T19:22:36+00:00\" \/>\n<meta property=\"og:image\" content=\"https:\/\/hairdeluxe.ee\/wp-content\/uploads\/2021\/03\/thumbnail.jpeg\" \/>\n\t<meta property=\"og:image:width\" content=\"654\" \/>\n\t<meta property=\"og:image:height\" content=\"801\" \/>\n\t<meta property=\"og:image:type\" content=\"image\/jpeg\" \/>\n<meta name=\"twitter:card\" content=\"summary_large_image\" \/>\n<meta name=\"twitter:label1\" content=\"Est. reading time\" \/>\n\t<meta name=\"twitter:data1\" content=\"1 minute\" \/>\n<script type=\"application\/ld+json\" class=\"yoast-schema-graph\">{\"@context\":\"https:\\\/\\\/schema.org\",\"@graph\":[{\"@type\":\"WebPage\",\"@id\":\"https:\\\/\\\/hairdeluxe.ee\\\/en\\\/product\\\/balmain-homme-habemeoli-balmain-homme-beard-oil-30ml\\\/\",\"url\":\"https:\\\/\\\/hairdeluxe.ee\\\/en\\\/product\\\/balmain-homme-habemeoli-balmain-homme-beard-oil-30ml\\\/\",\"name\":\"BALMAIN HAIR meeste habeme\u00f5li \\\/ Homme Beard Oil 30ml - Hair Deluxe\",\"isPartOf\":{\"@id\":\"https:\\\/\\\/hairdeluxe.ee\\\/en\\\/#website\"},\"primaryImageOfPage\":{\"@id\":\"https:\\\/\\\/hairdeluxe.ee\\\/en\\\/product\\\/balmain-homme-habemeoli-balmain-homme-beard-oil-30ml\\\/#primaryimage\"},\"image\":{\"@id\":\"https:\\\/\\\/hairdeluxe.ee\\\/en\\\/product\\\/balmain-homme-habemeoli-balmain-homme-beard-oil-30ml\\\/#primaryimage\"},\"thumbnailUrl\":\"https:\\\/\\\/hairdeluxe.ee\\\/wp-content\\\/uploads\\\/2021\\\/03\\\/thumbnail.jpeg\",\"datePublished\":\"2021-03-17T13:23:14+00:00\",\"dateModified\":\"2025-03-18T19:22:36+00:00\",\"breadcrumb\":{\"@id\":\"https:\\\/\\\/hairdeluxe.ee\\\/en\\\/product\\\/balmain-homme-habemeoli-balmain-homme-beard-oil-30ml\\\/#breadcrumb\"},\"inLanguage\":\"en-US\",\"potentialAction\":[{\"@type\":\"ReadAction\",\"target\":[\"https:\\\/\\\/hairdeluxe.ee\\\/en\\\/product\\\/balmain-homme-habemeoli-balmain-homme-beard-oil-30ml\\\/\"]}]},{\"@type\":\"ImageObject\",\"inLanguage\":\"en-US\",\"@id\":\"https:\\\/\\\/hairdeluxe.ee\\\/en\\\/product\\\/balmain-homme-habemeoli-balmain-homme-beard-oil-30ml\\\/#primaryimage\",\"url\":\"https:\\\/\\\/hairdeluxe.ee\\\/wp-content\\\/uploads\\\/2021\\\/03\\\/thumbnail.jpeg\",\"contentUrl\":\"https:\\\/\\\/hairdeluxe.ee\\\/wp-content\\\/uploads\\\/2021\\\/03\\\/thumbnail.jpeg\",\"width\":654,\"height\":801},{\"@type\":\"BreadcrumbList\",\"@id\":\"https:\\\/\\\/hairdeluxe.ee\\\/en\\\/product\\\/balmain-homme-habemeoli-balmain-homme-beard-oil-30ml\\\/#breadcrumb\",\"itemListElement\":[{\"@type\":\"ListItem\",\"position\":1,\"name\":\"Home\",\"item\":\"https:\\\/\\\/hairdeluxe.ee\\\/en\\\/\"},{\"@type\":\"ListItem\",\"position\":2,\"name\":\"Shop\",\"item\":\"https:\\\/\\\/hairdeluxe.ee\\\/en\\\/shop\\\/\"},{\"@type\":\"ListItem\",\"position\":3,\"name\":\"BALMAIN HAIR meeste habeme\u00f5li \\\/ Homme Beard Oil 30ml\"}]},{\"@type\":\"WebSite\",\"@id\":\"https:\\\/\\\/hairdeluxe.ee\\\/en\\\/#website\",\"url\":\"https:\\\/\\\/hairdeluxe.ee\\\/en\\\/\",\"name\":\"Hair Deluxe\",\"description\":\"Highlight your natural beauty\",\"publisher\":{\"@id\":\"https:\\\/\\\/hairdeluxe.ee\\\/en\\\/#organization\"},\"potentialAction\":[{\"@type\":\"SearchAction\",\"target\":{\"@type\":\"EntryPoint\",\"urlTemplate\":\"https:\\\/\\\/hairdeluxe.ee\\\/en\\\/?s={search_term_string}\"},\"query-input\":{\"@type\":\"PropertyValueSpecification\",\"valueRequired\":true,\"valueName\":\"search_term_string\"}}],\"inLanguage\":\"en-US\"},{\"@type\":\"Organization\",\"@id\":\"https:\\\/\\\/hairdeluxe.ee\\\/en\\\/#organization\",\"name\":\"Hair Deluxe\",\"url\":\"https:\\\/\\\/hairdeluxe.ee\\\/en\\\/\",\"logo\":{\"@type\":\"ImageObject\",\"inLanguage\":\"en-US\",\"@id\":\"https:\\\/\\\/hairdeluxe.ee\\\/en\\\/#\\\/schema\\\/logo\\\/image\\\/\",\"url\":\"https:\\\/\\\/hairdeluxe.ee\\\/wp-content\\\/uploads\\\/2024\\\/06\\\/Hair-Deluxe-Logo-Dark-font.png\",\"contentUrl\":\"https:\\\/\\\/hairdeluxe.ee\\\/wp-content\\\/uploads\\\/2024\\\/06\\\/Hair-Deluxe-Logo-Dark-font.png\",\"width\":467,\"height\":177,\"caption\":\"Hair Deluxe\"},\"image\":{\"@id\":\"https:\\\/\\\/hairdeluxe.ee\\\/en\\\/#\\\/schema\\\/logo\\\/image\\\/\"},\"sameAs\":[\"https:\\\/\\\/www.facebook.com\\\/blowbartallinn\",\"https:\\\/\\\/www.instagram.com\\\/blowbar_tallinn\"]}]}<\/script>\n<!-- \/ Yoast SEO plugin. -->","yoast_head_json":{"title":"BALMAIN HAIR meeste habeme\u00f5li \/ Homme Beard Oil 30ml - Hair Deluxe","robots":{"index":"index","follow":"follow","max-snippet":"max-snippet:-1","max-image-preview":"max-image-preview:large","max-video-preview":"max-video-preview:-1"},"canonical":"https:\/\/hairdeluxe.ee\/en\/product\/balmain-homme-habemeoli-balmain-homme-beard-oil-30ml\/","og_locale":"en_US","og_type":"article","og_title":"BALMAIN HAIR meeste habeme\u00f5li \/ Homme Beard Oil 30ml - Hair Deluxe","og_description":"Igap\u00e4evane hooldus habeme ja n\u00e4onaha ideaalses korras hoidmiseks. Meeldivalt l\u00f5hnav \u00f5li on loodud spetsiaalselt meestele habeme viimistlemiseks ja niisutamiseks. Tagab niisutava toime nahale ja n\u00e4okarvadele. Imendub kiiresti, j\u00e4tmata rasvaseid j\u00e4\u00e4ke ning ebamugavustunnet.\u00a0Toode on rikastatud eksklusiivse Balmain Hair Couture meheliku aroomiga, mis \u00fchendab bergamoti kosutava sidruniv\u00e4rskuse kuiva sandlipuu puitunud aroomin\u00fcanssidega.  Kasutamine: Kanda kuiva habemesse, levitada \u00fchtlaste masseerivate liigutustega kogu n\u00e4okarvade ulatuses. Erilist t\u00e4helepanu p\u00f6\u00f6rata habemekarva otstele, kuna need vajavad rohket niisutust.  Kogus: 30ml  Vaata lisaks: BALMAIN Hair juuste-, kehapesu ja habemehoolduse kinkekomplekt meestele \/ Balmain Homme Giftset  https:\/\/www.youtube.com\/watch?v=7MBD36TJNQM","og_url":"https:\/\/hairdeluxe.ee\/en\/product\/balmain-homme-habemeoli-balmain-homme-beard-oil-30ml\/","og_site_name":"Hair Deluxe","article_publisher":"https:\/\/www.facebook.com\/blowbartallinn","article_modified_time":"2025-03-18T19:22:36+00:00","og_image":[{"width":654,"height":801,"url":"https:\/\/hairdeluxe.ee\/wp-content\/uploads\/2021\/03\/thumbnail.jpeg","type":"image\/jpeg"}],"twitter_card":"summary_large_image","twitter_misc":{"Est. reading time":"1 minute"},"schema":{"@context":"https:\/\/schema.org","@graph":[{"@type":"WebPage","@id":"https:\/\/hairdeluxe.ee\/en\/product\/balmain-homme-habemeoli-balmain-homme-beard-oil-30ml\/","url":"https:\/\/hairdeluxe.ee\/en\/product\/balmain-homme-habemeoli-balmain-homme-beard-oil-30ml\/","name":"BALMAIN HAIR meeste habeme\u00f5li \/ Homme Beard Oil 30ml - Hair Deluxe","isPartOf":{"@id":"https:\/\/hairdeluxe.ee\/en\/#website"},"primaryImageOfPage":{"@id":"https:\/\/hairdeluxe.ee\/en\/product\/balmain-homme-habemeoli-balmain-homme-beard-oil-30ml\/#primaryimage"},"image":{"@id":"https:\/\/hairdeluxe.ee\/en\/product\/balmain-homme-habemeoli-balmain-homme-beard-oil-30ml\/#primaryimage"},"thumbnailUrl":"https:\/\/hairdeluxe.ee\/wp-content\/uploads\/2021\/03\/thumbnail.jpeg","datePublished":"2021-03-17T13:23:14+00:00","dateModified":"2025-03-18T19:22:36+00:00","breadcrumb":{"@id":"https:\/\/hairdeluxe.ee\/en\/product\/balmain-homme-habemeoli-balmain-homme-beard-oil-30ml\/#breadcrumb"},"inLanguage":"en-US","potentialAction":[{"@type":"ReadAction","target":["https:\/\/hairdeluxe.ee\/en\/product\/balmain-homme-habemeoli-balmain-homme-beard-oil-30ml\/"]}]},{"@type":"ImageObject","inLanguage":"en-US","@id":"https:\/\/hairdeluxe.ee\/en\/product\/balmain-homme-habemeoli-balmain-homme-beard-oil-30ml\/#primaryimage","url":"https:\/\/hairdeluxe.ee\/wp-content\/uploads\/2021\/03\/thumbnail.jpeg","contentUrl":"https:\/\/hairdeluxe.ee\/wp-content\/uploads\/2021\/03\/thumbnail.jpeg","width":654,"height":801},{"@type":"BreadcrumbList","@id":"https:\/\/hairdeluxe.ee\/en\/product\/balmain-homme-habemeoli-balmain-homme-beard-oil-30ml\/#breadcrumb","itemListElement":[{"@type":"ListItem","position":1,"name":"Home","item":"https:\/\/hairdeluxe.ee\/en\/"},{"@type":"ListItem","position":2,"name":"Shop","item":"https:\/\/hairdeluxe.ee\/en\/shop\/"},{"@type":"ListItem","position":3,"name":"BALMAIN HAIR meeste habeme\u00f5li \/ Homme Beard Oil 30ml"}]},{"@type":"WebSite","@id":"https:\/\/hairdeluxe.ee\/en\/#website","url":"https:\/\/hairdeluxe.ee\/en\/","name":"Hair Deluxe","description":"Highlight your natural beauty","publisher":{"@id":"https:\/\/hairdeluxe.ee\/en\/#organization"},"potentialAction":[{"@type":"SearchAction","target":{"@type":"EntryPoint","urlTemplate":"https:\/\/hairdeluxe.ee\/en\/?s={search_term_string}"},"query-input":{"@type":"PropertyValueSpecification","valueRequired":true,"valueName":"search_term_string"}}],"inLanguage":"en-US"},{"@type":"Organization","@id":"https:\/\/hairdeluxe.ee\/en\/#organization","name":"Hair Deluxe","url":"https:\/\/hairdeluxe.ee\/en\/","logo":{"@type":"ImageObject","inLanguage":"en-US","@id":"https:\/\/hairdeluxe.ee\/en\/#\/schema\/logo\/image\/","url":"https:\/\/hairdeluxe.ee\/wp-content\/uploads\/2024\/06\/Hair-Deluxe-Logo-Dark-font.png","contentUrl":"https:\/\/hairdeluxe.ee\/wp-content\/uploads\/2024\/06\/Hair-Deluxe-Logo-Dark-font.png","width":467,"height":177,"caption":"Hair Deluxe"},"image":{"@id":"https:\/\/hairdeluxe.ee\/en\/#\/schema\/logo\/image\/"},"sameAs":["https:\/\/www.facebook.com\/blowbartallinn","https:\/\/www.instagram.com\/blowbar_tallinn"]}]}},"_links":{"self":[{"href":"https:\/\/hairdeluxe.ee\/en\/wp-json\/wp\/v2\/product\/21921","targetHints":{"allow":["GET"]}}],"collection":[{"href":"https:\/\/hairdeluxe.ee\/en\/wp-json\/wp\/v2\/product"}],"about":[{"href":"https:\/\/hairdeluxe.ee\/en\/wp-json\/wp\/v2\/types\/product"}],"wp:featuredmedia":[{"embeddable":true,"href":"https:\/\/hairdeluxe.ee\/en\/wp-json\/wp\/v2\/media\/21988"}],"wp:attachment":[{"href":"https:\/\/hairdeluxe.ee\/en\/wp-json\/wp\/v2\/media?parent=21921"}],"wp:term":[{"taxonomy":"product_brand","embeddable":true,"href":"https:\/\/hairdeluxe.ee\/en\/wp-json\/wp\/v2\/product_brand?post=21921"},{"taxonomy":"product_cat","embeddable":true,"href":"https:\/\/hairdeluxe.ee\/en\/wp-json\/wp\/v2\/product_cat?post=21921"},{"taxonomy":"product_tag","embeddable":true,"href":"https:\/\/hairdeluxe.ee\/en\/wp-json\/wp\/v2\/product_tag?post=21921"}],"curies":[{"name":"wp","href":"https:\/\/api.w.org\/{rel}","templated":true}]}}