{"id":21923,"date":"2021-03-17T15:23:15","date_gmt":"2021-03-17T13:23:15","guid":{"rendered":"https:\/\/blowbar.ee\/toode\/import-placeholder-for-8335\/"},"modified":"2025-03-18T19:22:35","modified_gmt":"2025-03-18T19:22:35","slug":"balmain-kinkekomplekt-meestele-juuste-ja-kehapesugeel-habemeoli-peanahakoorija-balmain-homme-giftset","status":"publish","type":"product","link":"https:\/\/hairdeluxe.ee\/en\/product\/balmain-kinkekomplekt-meestele-juuste-ja-kehapesugeel-habemeoli-peanahakoorija-balmain-homme-giftset\/","title":{"rendered":"BALMAIN HAIR kinkekomplekt meestele \/ Homme Giftset"},"content":{"rendered":"<p class=\"product-title product_title entry-title\"><strong>Balmain Hair Homme Hair &amp; Body Wash 200ml<br \/>\n<\/strong><em><strong>Koostis:\u00a0<\/strong>Aqua, Sodium Coceth Sulfate, Cocamidopropyl Betaine, Parfum\/Fragrance, Sodium Lauroyl Sarcosinate, Betaine, Argania Spinosa Kernel Oil, Hydrolyzed Silk, C12-13 Alkyl Lactate, Sodium Methyl Cocoyl Taurate, Sodium Cocoamphoacetate, Lauryl Glucoside, Hydroxyacetophenone, Guar Hydoxypropyltrimonium Chloride, Glyceryl Laurate, Propylene Glycol, Polyquaternium-7, PEG\/PPG-14\/4 Dimethicone, Citric Acid, Benzyl Salicylate, Sodium Chloride, Benzyl Alcohol.<\/em><\/p>\n<p class=\"product-title product_title entry-title\"><strong>Balmain Hair Homme Scalp Scrub 100ml<br \/>\n<\/strong><em><strong>Koostis:\u00a0<\/strong>Sodium Chloride, Aqua \/ Water, Sodium Coceth Sulfate, Propylene Glycol, Glyceryl Stearate, Cocamide Mea, Parfum \/ Fragranc, PEG-100 Stearate, Argania Spinosa Kernel Oil, Bisabol, Phenoxyethanol, Ethylhexylglycerin, Benzyl Salicylate, Limonene.<\/em><\/p>\n<p class=\"product-title product_title entry-title\"><strong>Balmain Hair Homme Beard Oil 30ml<br \/>\n<\/strong><em><strong>Koostis:\u00a0<\/strong>C13-15 Alkane, Disiloxane, Dimethicone, Phenyl Trimethicone, Parfum \/ Fragrance, Dimethiconol, Argania Spinosa Kernel Oil, Hydrolyzed Silk, Butyl Methoxydibenzoylmethane, Ethylhexyl Methoxycinnamate.<\/em><\/p>\n","protected":false},"excerpt":{"rendered":"<p>Luksuslik h\u00e4rrasmeeste tootekollektsioon on spetsiaalselt v\u00e4lja t\u00f6\u00f6tatud meestele igap\u00e4evaseks hooldusrutiiniks.<\/p>\n<p><strong>Elegantne karp sisaldab j\u00e4rgmiseid tooteid:<\/strong><br \/>\n&#8211; Kaks \u00fches juustele ja kehale loodud pesugeel puhastab juukseid ning kogu nahka \u00f5rnalt, tagades puhtuse ning t\u00e4ieliku niisutuse.\u00a0Pesugeel vahutab rikkalikult ja seda on kerge maha loputada.<br \/>\n<strong>Kasutamine:<\/strong> Kanda niisketele juustele ja kehale. Masseerida ja loputada.<\/p>\n<p>&#8211; Rikkalikult toitev ja niisutav \u00f5li habeme ja ka naha igap\u00e4evaseks hoolduseks ning ideaalses korras hoidmiseks. Meeldivalt l\u00f5hnav \u00f5li sobib habeme viimistlemiseks imendudes kiiresti, j\u00e4tmata rasvast tulemust.<br \/>\n<strong>Kasutamine:<\/strong>\u00a0Kanda \u00fchtlaselt kogu habemele ja lasta imenduda.<\/p>\n<p>&#8211; Peanaha koorija on t\u00f5eline detox juustele! S\u00fcgavpuhastav koorija eemaldab t\u00e4nu spetsiaalsetele lahustuvatele kristallidele \u00f5rnalt peanahalt varem kasutatud toodete (nt. geel, pasta, \u00f5li) j\u00e4\u00e4gid ning sobib ideaalselt ka rasusele nahale. V\u00f5itleb suurep\u00e4raselt k\u00f5\u00f5maga, ergutab vereringet, pehmendab ja taastab peanahka. L\u00f5hn on kombinatsioon Balmain Hair Homme sarjale iseloomulikest idamaise bergamoti ja puidu nootidest.<br \/>\n<strong>Kasutamine:<\/strong>\u00a0V\u00f5tta v\u00e4ike kogus toodet s\u00f5rmeotstele ning kanda koorija niiskele peanahale ja masseerida ringjate liigutustega. Loputada.<\/p>\n<p>&#8211; L\u00e4bipaistev habeme kammimiseks v\u00e4lja t\u00f6\u00f6tatud kamm.<\/p>\n<p>Balmain Hair Homme&#8217;i toodetel on meeldiv idamaine aroom, mis \u00fchendab bergamoti kosutava sidruniv\u00e4rskuse kuiva sandlipuu puitunud aroomin\u00fcanssidega.<\/p>\n<p><a href=\"https:\/\/www.balmainhair.ee\/toode\/balmain-juuste-ja-kehapesugeel-meestele\/\"><strong>Vaata lisaks:<\/strong> BALMAIN Hair juuste- ja kehapesugeel meestele<\/a><\/p>\n<p>https:\/\/www.youtube.com\/watch?v=Otln7YRfVH0<\/p>\n","protected":false},"featured_media":21992,"template":"","meta":[],"product_brand":[464],"product_cat":[266,265,114,273,129,130,121,144],"product_tag":[],"class_list":{"0":"post-21923","1":"product","2":"type-product","3":"status-publish","4":"has-post-thumbnail","6":"product_brand-balmain-hair","7":"product_cat-balmain-hair","8":"product_cat-brandid","9":"product_cat-eripakkumised","10":"product_cat-juuksehooldus-meestele","11":"product_cat-kingitused","12":"product_cat-kinkekomplektid","13":"product_cat-koik-tooted","14":"product_cat-meestele","16":"first","17":"instock","18":"taxable","19":"shipping-taxable","20":"purchasable","21":"product-type-simple","22":"add-to-wishlist-after_add_to_cart"},"yoast_head":"<!-- This site is optimized with the Yoast SEO plugin v27.4 - https:\/\/yoast.com\/product\/yoast-seo-wordpress\/ -->\n<title>BALMAIN HAIR kinkekomplekt meestele \/ Homme Giftset - Hair Deluxe<\/title>\n<meta name=\"robots\" content=\"index, follow, max-snippet:-1, max-image-preview:large, max-video-preview:-1\" \/>\n<link rel=\"canonical\" href=\"https:\/\/hairdeluxe.ee\/en\/product\/balmain-kinkekomplekt-meestele-juuste-ja-kehapesugeel-habemeoli-peanahakoorija-balmain-homme-giftset\/\" \/>\n<meta property=\"og:locale\" content=\"en_US\" \/>\n<meta property=\"og:type\" content=\"article\" \/>\n<meta property=\"og:title\" content=\"BALMAIN HAIR kinkekomplekt meestele \/ Homme Giftset - Hair Deluxe\" \/>\n<meta property=\"og:description\" content=\"Luksuslik h\u00e4rrasmeeste tootekollektsioon on spetsiaalselt v\u00e4lja t\u00f6\u00f6tatud meestele igap\u00e4evaseks hooldusrutiiniks.  Elegantne karp sisaldab j\u00e4rgmiseid tooteid: - Kaks \u00fches juustele ja kehale loodud pesugeel puhastab juukseid ning kogu nahka \u00f5rnalt, tagades puhtuse ning t\u00e4ieliku niisutuse.\u00a0Pesugeel vahutab rikkalikult ja seda on kerge maha loputada. Kasutamine: Kanda niisketele juustele ja kehale. Masseerida ja loputada.  - Rikkalikult toitev ja niisutav \u00f5li habeme ja ka naha igap\u00e4evaseks hoolduseks ning ideaalses korras hoidmiseks. Meeldivalt l\u00f5hnav \u00f5li sobib habeme viimistlemiseks imendudes kiiresti, j\u00e4tmata rasvast tulemust. Kasutamine:\u00a0Kanda \u00fchtlaselt kogu habemele ja lasta imenduda.  - Peanaha koorija on t\u00f5eline detox juustele! S\u00fcgavpuhastav koorija eemaldab t\u00e4nu spetsiaalsetele lahustuvatele kristallidele \u00f5rnalt peanahalt varem kasutatud toodete (nt. geel, pasta, \u00f5li) j\u00e4\u00e4gid ning sobib ideaalselt ka rasusele nahale. V\u00f5itleb suurep\u00e4raselt k\u00f5\u00f5maga, ergutab vereringet, pehmendab ja taastab peanahka. L\u00f5hn on kombinatsioon Balmain Hair Homme sarjale iseloomulikest idamaise bergamoti ja puidu nootidest. Kasutamine:\u00a0V\u00f5tta v\u00e4ike kogus toodet s\u00f5rmeotstele ning kanda koorija niiskele peanahale ja masseerida ringjate liigutustega. Loputada.  - L\u00e4bipaistev habeme kammimiseks v\u00e4lja t\u00f6\u00f6tatud kamm.  Balmain Hair Homme&#039;i toodetel on meeldiv idamaine aroom, mis \u00fchendab bergamoti kosutava sidruniv\u00e4rskuse kuiva sandlipuu puitunud aroomin\u00fcanssidega.  Vaata lisaks: BALMAIN Hair juuste- ja kehapesugeel meestele  https:\/\/www.youtube.com\/watch?v=Otln7YRfVH0\" \/>\n<meta property=\"og:url\" content=\"https:\/\/hairdeluxe.ee\/en\/product\/balmain-kinkekomplekt-meestele-juuste-ja-kehapesugeel-habemeoli-peanahakoorija-balmain-homme-giftset\/\" \/>\n<meta property=\"og:site_name\" content=\"Hair Deluxe\" \/>\n<meta property=\"article:publisher\" content=\"https:\/\/www.facebook.com\/blowbartallinn\" \/>\n<meta property=\"article:modified_time\" content=\"2025-03-18T19:22:35+00:00\" \/>\n<meta property=\"og:image\" content=\"https:\/\/hairdeluxe.ee\/wp-content\/uploads\/2021\/03\/thumbnail-7.jpeg\" \/>\n\t<meta property=\"og:image:width\" content=\"600\" \/>\n\t<meta property=\"og:image:height\" content=\"600\" \/>\n\t<meta property=\"og:image:type\" content=\"image\/jpeg\" \/>\n<meta name=\"twitter:card\" content=\"summary_large_image\" \/>\n<meta name=\"twitter:label1\" content=\"Est. reading time\" \/>\n\t<meta name=\"twitter:data1\" content=\"1 minute\" \/>\n<script type=\"application\/ld+json\" class=\"yoast-schema-graph\">{\"@context\":\"https:\\\/\\\/schema.org\",\"@graph\":[{\"@type\":\"WebPage\",\"@id\":\"https:\\\/\\\/hairdeluxe.ee\\\/en\\\/product\\\/balmain-kinkekomplekt-meestele-juuste-ja-kehapesugeel-habemeoli-peanahakoorija-balmain-homme-giftset\\\/\",\"url\":\"https:\\\/\\\/hairdeluxe.ee\\\/en\\\/product\\\/balmain-kinkekomplekt-meestele-juuste-ja-kehapesugeel-habemeoli-peanahakoorija-balmain-homme-giftset\\\/\",\"name\":\"BALMAIN HAIR kinkekomplekt meestele \\\/ Homme Giftset - Hair Deluxe\",\"isPartOf\":{\"@id\":\"https:\\\/\\\/hairdeluxe.ee\\\/en\\\/#website\"},\"primaryImageOfPage\":{\"@id\":\"https:\\\/\\\/hairdeluxe.ee\\\/en\\\/product\\\/balmain-kinkekomplekt-meestele-juuste-ja-kehapesugeel-habemeoli-peanahakoorija-balmain-homme-giftset\\\/#primaryimage\"},\"image\":{\"@id\":\"https:\\\/\\\/hairdeluxe.ee\\\/en\\\/product\\\/balmain-kinkekomplekt-meestele-juuste-ja-kehapesugeel-habemeoli-peanahakoorija-balmain-homme-giftset\\\/#primaryimage\"},\"thumbnailUrl\":\"https:\\\/\\\/hairdeluxe.ee\\\/wp-content\\\/uploads\\\/2021\\\/03\\\/thumbnail-7.jpeg\",\"datePublished\":\"2021-03-17T13:23:15+00:00\",\"dateModified\":\"2025-03-18T19:22:35+00:00\",\"breadcrumb\":{\"@id\":\"https:\\\/\\\/hairdeluxe.ee\\\/en\\\/product\\\/balmain-kinkekomplekt-meestele-juuste-ja-kehapesugeel-habemeoli-peanahakoorija-balmain-homme-giftset\\\/#breadcrumb\"},\"inLanguage\":\"en-US\",\"potentialAction\":[{\"@type\":\"ReadAction\",\"target\":[\"https:\\\/\\\/hairdeluxe.ee\\\/en\\\/product\\\/balmain-kinkekomplekt-meestele-juuste-ja-kehapesugeel-habemeoli-peanahakoorija-balmain-homme-giftset\\\/\"]}]},{\"@type\":\"ImageObject\",\"inLanguage\":\"en-US\",\"@id\":\"https:\\\/\\\/hairdeluxe.ee\\\/en\\\/product\\\/balmain-kinkekomplekt-meestele-juuste-ja-kehapesugeel-habemeoli-peanahakoorija-balmain-homme-giftset\\\/#primaryimage\",\"url\":\"https:\\\/\\\/hairdeluxe.ee\\\/wp-content\\\/uploads\\\/2021\\\/03\\\/thumbnail-7.jpeg\",\"contentUrl\":\"https:\\\/\\\/hairdeluxe.ee\\\/wp-content\\\/uploads\\\/2021\\\/03\\\/thumbnail-7.jpeg\",\"width\":600,\"height\":600},{\"@type\":\"BreadcrumbList\",\"@id\":\"https:\\\/\\\/hairdeluxe.ee\\\/en\\\/product\\\/balmain-kinkekomplekt-meestele-juuste-ja-kehapesugeel-habemeoli-peanahakoorija-balmain-homme-giftset\\\/#breadcrumb\",\"itemListElement\":[{\"@type\":\"ListItem\",\"position\":1,\"name\":\"Home\",\"item\":\"https:\\\/\\\/hairdeluxe.ee\\\/en\\\/\"},{\"@type\":\"ListItem\",\"position\":2,\"name\":\"Shop\",\"item\":\"https:\\\/\\\/hairdeluxe.ee\\\/en\\\/shop\\\/\"},{\"@type\":\"ListItem\",\"position\":3,\"name\":\"BALMAIN HAIR kinkekomplekt meestele \\\/ Homme Giftset\"}]},{\"@type\":\"WebSite\",\"@id\":\"https:\\\/\\\/hairdeluxe.ee\\\/en\\\/#website\",\"url\":\"https:\\\/\\\/hairdeluxe.ee\\\/en\\\/\",\"name\":\"Hair Deluxe\",\"description\":\"Highlight your natural beauty\",\"publisher\":{\"@id\":\"https:\\\/\\\/hairdeluxe.ee\\\/en\\\/#organization\"},\"potentialAction\":[{\"@type\":\"SearchAction\",\"target\":{\"@type\":\"EntryPoint\",\"urlTemplate\":\"https:\\\/\\\/hairdeluxe.ee\\\/en\\\/?s={search_term_string}\"},\"query-input\":{\"@type\":\"PropertyValueSpecification\",\"valueRequired\":true,\"valueName\":\"search_term_string\"}}],\"inLanguage\":\"en-US\"},{\"@type\":\"Organization\",\"@id\":\"https:\\\/\\\/hairdeluxe.ee\\\/en\\\/#organization\",\"name\":\"Hair Deluxe\",\"url\":\"https:\\\/\\\/hairdeluxe.ee\\\/en\\\/\",\"logo\":{\"@type\":\"ImageObject\",\"inLanguage\":\"en-US\",\"@id\":\"https:\\\/\\\/hairdeluxe.ee\\\/en\\\/#\\\/schema\\\/logo\\\/image\\\/\",\"url\":\"https:\\\/\\\/hairdeluxe.ee\\\/wp-content\\\/uploads\\\/2024\\\/06\\\/Hair-Deluxe-Logo-Dark-font.png\",\"contentUrl\":\"https:\\\/\\\/hairdeluxe.ee\\\/wp-content\\\/uploads\\\/2024\\\/06\\\/Hair-Deluxe-Logo-Dark-font.png\",\"width\":467,\"height\":177,\"caption\":\"Hair Deluxe\"},\"image\":{\"@id\":\"https:\\\/\\\/hairdeluxe.ee\\\/en\\\/#\\\/schema\\\/logo\\\/image\\\/\"},\"sameAs\":[\"https:\\\/\\\/www.facebook.com\\\/blowbartallinn\",\"https:\\\/\\\/www.instagram.com\\\/blowbar_tallinn\"]}]}<\/script>\n<!-- \/ Yoast SEO plugin. -->","yoast_head_json":{"title":"BALMAIN HAIR kinkekomplekt meestele \/ Homme Giftset - Hair Deluxe","robots":{"index":"index","follow":"follow","max-snippet":"max-snippet:-1","max-image-preview":"max-image-preview:large","max-video-preview":"max-video-preview:-1"},"canonical":"https:\/\/hairdeluxe.ee\/en\/product\/balmain-kinkekomplekt-meestele-juuste-ja-kehapesugeel-habemeoli-peanahakoorija-balmain-homme-giftset\/","og_locale":"en_US","og_type":"article","og_title":"BALMAIN HAIR kinkekomplekt meestele \/ Homme Giftset - Hair Deluxe","og_description":"Luksuslik h\u00e4rrasmeeste tootekollektsioon on spetsiaalselt v\u00e4lja t\u00f6\u00f6tatud meestele igap\u00e4evaseks hooldusrutiiniks.  Elegantne karp sisaldab j\u00e4rgmiseid tooteid: - Kaks \u00fches juustele ja kehale loodud pesugeel puhastab juukseid ning kogu nahka \u00f5rnalt, tagades puhtuse ning t\u00e4ieliku niisutuse.\u00a0Pesugeel vahutab rikkalikult ja seda on kerge maha loputada. Kasutamine: Kanda niisketele juustele ja kehale. Masseerida ja loputada.  - Rikkalikult toitev ja niisutav \u00f5li habeme ja ka naha igap\u00e4evaseks hoolduseks ning ideaalses korras hoidmiseks. Meeldivalt l\u00f5hnav \u00f5li sobib habeme viimistlemiseks imendudes kiiresti, j\u00e4tmata rasvast tulemust. Kasutamine:\u00a0Kanda \u00fchtlaselt kogu habemele ja lasta imenduda.  - Peanaha koorija on t\u00f5eline detox juustele! S\u00fcgavpuhastav koorija eemaldab t\u00e4nu spetsiaalsetele lahustuvatele kristallidele \u00f5rnalt peanahalt varem kasutatud toodete (nt. geel, pasta, \u00f5li) j\u00e4\u00e4gid ning sobib ideaalselt ka rasusele nahale. V\u00f5itleb suurep\u00e4raselt k\u00f5\u00f5maga, ergutab vereringet, pehmendab ja taastab peanahka. L\u00f5hn on kombinatsioon Balmain Hair Homme sarjale iseloomulikest idamaise bergamoti ja puidu nootidest. Kasutamine:\u00a0V\u00f5tta v\u00e4ike kogus toodet s\u00f5rmeotstele ning kanda koorija niiskele peanahale ja masseerida ringjate liigutustega. Loputada.  - L\u00e4bipaistev habeme kammimiseks v\u00e4lja t\u00f6\u00f6tatud kamm.  Balmain Hair Homme'i toodetel on meeldiv idamaine aroom, mis \u00fchendab bergamoti kosutava sidruniv\u00e4rskuse kuiva sandlipuu puitunud aroomin\u00fcanssidega.  Vaata lisaks: BALMAIN Hair juuste- ja kehapesugeel meestele  https:\/\/www.youtube.com\/watch?v=Otln7YRfVH0","og_url":"https:\/\/hairdeluxe.ee\/en\/product\/balmain-kinkekomplekt-meestele-juuste-ja-kehapesugeel-habemeoli-peanahakoorija-balmain-homme-giftset\/","og_site_name":"Hair Deluxe","article_publisher":"https:\/\/www.facebook.com\/blowbartallinn","article_modified_time":"2025-03-18T19:22:35+00:00","og_image":[{"width":600,"height":600,"url":"https:\/\/hairdeluxe.ee\/wp-content\/uploads\/2021\/03\/thumbnail-7.jpeg","type":"image\/jpeg"}],"twitter_card":"summary_large_image","twitter_misc":{"Est. reading time":"1 minute"},"schema":{"@context":"https:\/\/schema.org","@graph":[{"@type":"WebPage","@id":"https:\/\/hairdeluxe.ee\/en\/product\/balmain-kinkekomplekt-meestele-juuste-ja-kehapesugeel-habemeoli-peanahakoorija-balmain-homme-giftset\/","url":"https:\/\/hairdeluxe.ee\/en\/product\/balmain-kinkekomplekt-meestele-juuste-ja-kehapesugeel-habemeoli-peanahakoorija-balmain-homme-giftset\/","name":"BALMAIN HAIR kinkekomplekt meestele \/ Homme Giftset - Hair Deluxe","isPartOf":{"@id":"https:\/\/hairdeluxe.ee\/en\/#website"},"primaryImageOfPage":{"@id":"https:\/\/hairdeluxe.ee\/en\/product\/balmain-kinkekomplekt-meestele-juuste-ja-kehapesugeel-habemeoli-peanahakoorija-balmain-homme-giftset\/#primaryimage"},"image":{"@id":"https:\/\/hairdeluxe.ee\/en\/product\/balmain-kinkekomplekt-meestele-juuste-ja-kehapesugeel-habemeoli-peanahakoorija-balmain-homme-giftset\/#primaryimage"},"thumbnailUrl":"https:\/\/hairdeluxe.ee\/wp-content\/uploads\/2021\/03\/thumbnail-7.jpeg","datePublished":"2021-03-17T13:23:15+00:00","dateModified":"2025-03-18T19:22:35+00:00","breadcrumb":{"@id":"https:\/\/hairdeluxe.ee\/en\/product\/balmain-kinkekomplekt-meestele-juuste-ja-kehapesugeel-habemeoli-peanahakoorija-balmain-homme-giftset\/#breadcrumb"},"inLanguage":"en-US","potentialAction":[{"@type":"ReadAction","target":["https:\/\/hairdeluxe.ee\/en\/product\/balmain-kinkekomplekt-meestele-juuste-ja-kehapesugeel-habemeoli-peanahakoorija-balmain-homme-giftset\/"]}]},{"@type":"ImageObject","inLanguage":"en-US","@id":"https:\/\/hairdeluxe.ee\/en\/product\/balmain-kinkekomplekt-meestele-juuste-ja-kehapesugeel-habemeoli-peanahakoorija-balmain-homme-giftset\/#primaryimage","url":"https:\/\/hairdeluxe.ee\/wp-content\/uploads\/2021\/03\/thumbnail-7.jpeg","contentUrl":"https:\/\/hairdeluxe.ee\/wp-content\/uploads\/2021\/03\/thumbnail-7.jpeg","width":600,"height":600},{"@type":"BreadcrumbList","@id":"https:\/\/hairdeluxe.ee\/en\/product\/balmain-kinkekomplekt-meestele-juuste-ja-kehapesugeel-habemeoli-peanahakoorija-balmain-homme-giftset\/#breadcrumb","itemListElement":[{"@type":"ListItem","position":1,"name":"Home","item":"https:\/\/hairdeluxe.ee\/en\/"},{"@type":"ListItem","position":2,"name":"Shop","item":"https:\/\/hairdeluxe.ee\/en\/shop\/"},{"@type":"ListItem","position":3,"name":"BALMAIN HAIR kinkekomplekt meestele \/ Homme Giftset"}]},{"@type":"WebSite","@id":"https:\/\/hairdeluxe.ee\/en\/#website","url":"https:\/\/hairdeluxe.ee\/en\/","name":"Hair Deluxe","description":"Highlight your natural beauty","publisher":{"@id":"https:\/\/hairdeluxe.ee\/en\/#organization"},"potentialAction":[{"@type":"SearchAction","target":{"@type":"EntryPoint","urlTemplate":"https:\/\/hairdeluxe.ee\/en\/?s={search_term_string}"},"query-input":{"@type":"PropertyValueSpecification","valueRequired":true,"valueName":"search_term_string"}}],"inLanguage":"en-US"},{"@type":"Organization","@id":"https:\/\/hairdeluxe.ee\/en\/#organization","name":"Hair Deluxe","url":"https:\/\/hairdeluxe.ee\/en\/","logo":{"@type":"ImageObject","inLanguage":"en-US","@id":"https:\/\/hairdeluxe.ee\/en\/#\/schema\/logo\/image\/","url":"https:\/\/hairdeluxe.ee\/wp-content\/uploads\/2024\/06\/Hair-Deluxe-Logo-Dark-font.png","contentUrl":"https:\/\/hairdeluxe.ee\/wp-content\/uploads\/2024\/06\/Hair-Deluxe-Logo-Dark-font.png","width":467,"height":177,"caption":"Hair Deluxe"},"image":{"@id":"https:\/\/hairdeluxe.ee\/en\/#\/schema\/logo\/image\/"},"sameAs":["https:\/\/www.facebook.com\/blowbartallinn","https:\/\/www.instagram.com\/blowbar_tallinn"]}]}},"_links":{"self":[{"href":"https:\/\/hairdeluxe.ee\/en\/wp-json\/wp\/v2\/product\/21923","targetHints":{"allow":["GET"]}}],"collection":[{"href":"https:\/\/hairdeluxe.ee\/en\/wp-json\/wp\/v2\/product"}],"about":[{"href":"https:\/\/hairdeluxe.ee\/en\/wp-json\/wp\/v2\/types\/product"}],"wp:featuredmedia":[{"embeddable":true,"href":"https:\/\/hairdeluxe.ee\/en\/wp-json\/wp\/v2\/media\/21992"}],"wp:attachment":[{"href":"https:\/\/hairdeluxe.ee\/en\/wp-json\/wp\/v2\/media?parent=21923"}],"wp:term":[{"taxonomy":"product_brand","embeddable":true,"href":"https:\/\/hairdeluxe.ee\/en\/wp-json\/wp\/v2\/product_brand?post=21923"},{"taxonomy":"product_cat","embeddable":true,"href":"https:\/\/hairdeluxe.ee\/en\/wp-json\/wp\/v2\/product_cat?post=21923"},{"taxonomy":"product_tag","embeddable":true,"href":"https:\/\/hairdeluxe.ee\/en\/wp-json\/wp\/v2\/product_tag?post=21923"}],"curies":[{"name":"wp","href":"https:\/\/api.w.org\/{rel}","templated":true}]}}