{"id":21949,"date":"2021-03-17T15:23:45","date_gmt":"2021-03-17T13:23:45","guid":{"rendered":"https:\/\/blowbar.ee\/toode\/import-placeholder-for-8887\/"},"modified":"2025-03-18T19:22:35","modified_gmt":"2025-03-18T19:22:35","slug":"balmain-couleurs-couture-palsam-varvitud-juustele-300ml-couleurs-couture-conditioner","status":"publish","type":"product","link":"https:\/\/hairdeluxe.ee\/en\/product\/balmain-couleurs-couture-palsam-varvitud-juustele-300ml-couleurs-couture-conditioner\/","title":{"rendered":"BALMAIN HAIR \u0161ampoon v\u00e4rvitud juustele \/ Couleurs Couture Shampoo 300ml"},"content":{"rendered":"<p><em><strong>Koostis:\u00a0<\/strong><\/em><em>Aqua, Sodium Laureth Sulfate, Cocamidopropyl, Hydroxysultaine, Cocamidopropyl Betaine, Polysorbate 20, Glycerin, Sodium Lauroyl Methyl Isethionate, Glycol Distearate, Betaine, PEG-40 Hydrogenated Castor Oil, Hydrolyzed Keratin, Silk Amino Acids, Argania Spinosa Kernel Oil, Helianthus Annuus Seed Oil, Macadamia Ternifolia Seed Oil, Cocos Nucifera Oil, Glycine Soja Oil, Gardenia Tahitensis Flower Extract, Rosmarinus Officinalis Leaf Extract, Chenopodium Quinoa Seed Extract, Tocopherol, Aloe Barbadensis Leaf Juice, Sodium Hyaluronate, Tocopheryl Acetate, Panthenol, Pantolactone, Allantoin, Guar Hydroxypropyltrimonium Chloride, Polyquaternium-53, Amodimethicone\/Morpholinomethyl Silsesquioxane, Trideceth-5, Dimethylpabamidopropyl Lauryldimonium Tosylate, Benzophenone-4, Parfum, Phenoxyethanol, Sodium Benzoate, Benzoic Acid, Acrylates Crosspolymer-4, PEG\/PPG-15\/15 Dimethicone, Iodopropynyl Butylcarbamate, Trisodium Ethylenediamine Disuccinate, PEG-150 Pentaerythrityl Tetrastearate, PEG-6 Caprylic\/Capric Glycerides, Sodium Chloride, Sodium Hydroxide, Lactic Acid, Laureth-4, Sorbic Acid, Dimethicone, PCA Dimethicone Crosspolymer, Butylene Glycol, Caprylyl Clycol, Hexylene Glycol, Citric Acid.<\/em><\/p>\n","protected":false},"excerpt":{"rendered":"<p><span style=\"font-weight: 400;\">Unikaalse Couleurs Couture sarja hoolduskollektsiooni \u0161ampoon ja palsam on spetsiaalselt v\u00e4lja t\u00f6\u00f6tatud v\u00e4rvitud, \u00fclet\u00f6\u00f6deldud ning kahjustatud juuste hooldamiseks. Ta\u0308iustatud niisutav koostis muudab juuksed siledaks ning teeb juuste kammimise lihtsamaks, va\u0308ltides samal ajal juuste katkemist.<br \/>\n<\/span><span style=\"font-weight: 400;\">Tootesse on hoolikalt valitud p\u00f5hikomponendid: argaaniaeliksiir<\/span><span style=\"font-weight: 400;\">, siidi- ja ka\u0161miiriproteiin, mis on t\u00e4iustatud quinoa seemne- ja kookos\u00f5liga.\u00a0Ainulaadne ning rikastatud kombinatsioon parimatest koostisosadest tugevdab ning niisutab juukseid s\u00fcgavalt seespoolt, andes juustele enneolematu pehmuse ning muutes need kergesti kammitavaks, v\u00e4ltides juuste katkemist.<br \/>\nUV-fltrid kaitsevad juukseid vabade radikaalide eest, et pikendada juuksev\u00e4rvi kestvust.<br \/>\n<\/span><span style=\"font-weight: 400;\">Madal pH-tase ja k\u00f5rgeima kvaliteediga koostisosad parandavad, tugevdavad, niisutavad ja kaitsevad juuste v\u00e4rvi tuhmumise eest.<br \/>\n<\/span>Parandab ja tugevdab juukseid, aitab saavutada la\u0308ikivad ja pehmed juuksed.<\/p>\n<p><strong>Kasutamine:<\/strong> Kanda m\u00e4rgadele juustele, masseerida \u00f5rnalt juukseid ja peanahka ning loputada seej\u00e4rel juustest v\u00e4lja.<\/p>\n<p><a href=\"https:\/\/www.balmainhair.ee\/toode\/balmain-couleurs-couture-conditioner-varvitud-juustele-palsam-300-ml\/\"><strong>Vaata lisaks:<\/strong> Balmain Hair Couleurs Couture Conditioner<\/a><\/p>\n<p>Kogus: 300ml<\/p>\n","protected":false},"featured_media":22024,"template":"","meta":[],"product_brand":[464],"product_cat":[266,231,265,208,121,227,282],"product_tag":[],"class_list":{"0":"post-21949","1":"product","2":"type-product","3":"status-publish","4":"has-post-thumbnail","6":"product_brand-balmain-hair","7":"product_cat-balmain-hair","8":"product_cat-blondeeritud-juustele","9":"product_cat-brandid","10":"product_cat-juuksehooldus","11":"product_cat-koik-tooted","12":"product_cat-shampoonid","13":"product_cat-varvitud-juustele-couleurs-couture","15":"first","16":"instock","17":"taxable","18":"shipping-taxable","19":"purchasable","20":"product-type-simple","21":"add-to-wishlist-after_add_to_cart"},"yoast_head":"<!-- This site is optimized with the Yoast SEO plugin v27.5 - https:\/\/yoast.com\/product\/yoast-seo-wordpress\/ -->\n<title>BALMAIN HAIR \u0161ampoon v\u00e4rvitud juustele \/ Couleurs Couture Shampoo 300ml - Hair Deluxe<\/title>\n<meta name=\"robots\" content=\"index, follow, max-snippet:-1, max-image-preview:large, max-video-preview:-1\" \/>\n<link rel=\"canonical\" href=\"https:\/\/hairdeluxe.ee\/en\/product\/balmain-couleurs-couture-palsam-varvitud-juustele-300ml-couleurs-couture-conditioner\/\" \/>\n<meta property=\"og:locale\" content=\"en_US\" \/>\n<meta property=\"og:type\" content=\"article\" \/>\n<meta property=\"og:title\" content=\"BALMAIN HAIR \u0161ampoon v\u00e4rvitud juustele \/ Couleurs Couture Shampoo 300ml - Hair Deluxe\" \/>\n<meta property=\"og:description\" content=\"Unikaalse Couleurs Couture sarja hoolduskollektsiooni \u0161ampoon ja palsam on spetsiaalselt v\u00e4lja t\u00f6\u00f6tatud v\u00e4rvitud, \u00fclet\u00f6\u00f6deldud ning kahjustatud juuste hooldamiseks. Ta\u0308iustatud niisutav koostis muudab juuksed siledaks ning teeb juuste kammimise lihtsamaks, va\u0308ltides samal ajal juuste katkemist. Tootesse on hoolikalt valitud p\u00f5hikomponendid: argaaniaeliksiir, siidi- ja ka\u0161miiriproteiin, mis on t\u00e4iustatud quinoa seemne- ja kookos\u00f5liga.\u00a0Ainulaadne ning rikastatud kombinatsioon parimatest koostisosadest tugevdab ning niisutab juukseid s\u00fcgavalt seespoolt, andes juustele enneolematu pehmuse ning muutes need kergesti kammitavaks, v\u00e4ltides juuste katkemist. UV-fltrid kaitsevad juukseid vabade radikaalide eest, et pikendada juuksev\u00e4rvi kestvust. Madal pH-tase ja k\u00f5rgeima kvaliteediga koostisosad parandavad, tugevdavad, niisutavad ja kaitsevad juuste v\u00e4rvi tuhmumise eest. Parandab ja tugevdab juukseid, aitab saavutada la\u0308ikivad ja pehmed juuksed.  Kasutamine: Kanda m\u00e4rgadele juustele, masseerida \u00f5rnalt juukseid ja peanahka ning loputada seej\u00e4rel juustest v\u00e4lja.  Vaata lisaks: Balmain Hair Couleurs Couture Conditioner  Kogus: 300ml\" \/>\n<meta property=\"og:url\" content=\"https:\/\/hairdeluxe.ee\/en\/product\/balmain-couleurs-couture-palsam-varvitud-juustele-300ml-couleurs-couture-conditioner\/\" \/>\n<meta property=\"og:site_name\" content=\"Hair Deluxe\" \/>\n<meta property=\"article:publisher\" content=\"https:\/\/www.facebook.com\/blowbartallinn\" \/>\n<meta property=\"article:modified_time\" content=\"2025-03-18T19:22:35+00:00\" \/>\n<meta property=\"og:image\" content=\"https:\/\/hairdeluxe.ee\/wp-content\/uploads\/2021\/03\/balmainhair_care_couleurscouture_shampoo_withbox_800x800.jpg\" \/>\n\t<meta property=\"og:image:width\" content=\"800\" \/>\n\t<meta property=\"og:image:height\" content=\"800\" \/>\n\t<meta property=\"og:image:type\" content=\"image\/jpeg\" \/>\n<meta name=\"twitter:card\" content=\"summary_large_image\" \/>\n<meta name=\"twitter:label1\" content=\"Est. reading time\" \/>\n\t<meta name=\"twitter:data1\" content=\"1 minute\" \/>\n<script type=\"application\/ld+json\" class=\"yoast-schema-graph\">{\"@context\":\"https:\\\/\\\/schema.org\",\"@graph\":[{\"@type\":\"WebPage\",\"@id\":\"https:\\\/\\\/hairdeluxe.ee\\\/en\\\/product\\\/balmain-couleurs-couture-palsam-varvitud-juustele-300ml-couleurs-couture-conditioner\\\/\",\"url\":\"https:\\\/\\\/hairdeluxe.ee\\\/en\\\/product\\\/balmain-couleurs-couture-palsam-varvitud-juustele-300ml-couleurs-couture-conditioner\\\/\",\"name\":\"BALMAIN HAIR \u0161ampoon v\u00e4rvitud juustele \\\/ Couleurs Couture Shampoo 300ml - Hair Deluxe\",\"isPartOf\":{\"@id\":\"https:\\\/\\\/hairdeluxe.ee\\\/en\\\/#website\"},\"primaryImageOfPage\":{\"@id\":\"https:\\\/\\\/hairdeluxe.ee\\\/en\\\/product\\\/balmain-couleurs-couture-palsam-varvitud-juustele-300ml-couleurs-couture-conditioner\\\/#primaryimage\"},\"image\":{\"@id\":\"https:\\\/\\\/hairdeluxe.ee\\\/en\\\/product\\\/balmain-couleurs-couture-palsam-varvitud-juustele-300ml-couleurs-couture-conditioner\\\/#primaryimage\"},\"thumbnailUrl\":\"https:\\\/\\\/hairdeluxe.ee\\\/wp-content\\\/uploads\\\/2021\\\/03\\\/balmainhair_care_couleurscouture_shampoo_withbox_800x800.jpg\",\"datePublished\":\"2021-03-17T13:23:45+00:00\",\"dateModified\":\"2025-03-18T19:22:35+00:00\",\"breadcrumb\":{\"@id\":\"https:\\\/\\\/hairdeluxe.ee\\\/en\\\/product\\\/balmain-couleurs-couture-palsam-varvitud-juustele-300ml-couleurs-couture-conditioner\\\/#breadcrumb\"},\"inLanguage\":\"en-US\",\"potentialAction\":[{\"@type\":\"ReadAction\",\"target\":[\"https:\\\/\\\/hairdeluxe.ee\\\/en\\\/product\\\/balmain-couleurs-couture-palsam-varvitud-juustele-300ml-couleurs-couture-conditioner\\\/\"]}]},{\"@type\":\"ImageObject\",\"inLanguage\":\"en-US\",\"@id\":\"https:\\\/\\\/hairdeluxe.ee\\\/en\\\/product\\\/balmain-couleurs-couture-palsam-varvitud-juustele-300ml-couleurs-couture-conditioner\\\/#primaryimage\",\"url\":\"https:\\\/\\\/hairdeluxe.ee\\\/wp-content\\\/uploads\\\/2021\\\/03\\\/balmainhair_care_couleurscouture_shampoo_withbox_800x800.jpg\",\"contentUrl\":\"https:\\\/\\\/hairdeluxe.ee\\\/wp-content\\\/uploads\\\/2021\\\/03\\\/balmainhair_care_couleurscouture_shampoo_withbox_800x800.jpg\",\"width\":800,\"height\":800},{\"@type\":\"BreadcrumbList\",\"@id\":\"https:\\\/\\\/hairdeluxe.ee\\\/en\\\/product\\\/balmain-couleurs-couture-palsam-varvitud-juustele-300ml-couleurs-couture-conditioner\\\/#breadcrumb\",\"itemListElement\":[{\"@type\":\"ListItem\",\"position\":1,\"name\":\"Home\",\"item\":\"https:\\\/\\\/hairdeluxe.ee\\\/en\\\/\"},{\"@type\":\"ListItem\",\"position\":2,\"name\":\"Shop\",\"item\":\"https:\\\/\\\/hairdeluxe.ee\\\/en\\\/shop\\\/\"},{\"@type\":\"ListItem\",\"position\":3,\"name\":\"BALMAIN HAIR \u0161ampoon v\u00e4rvitud juustele \\\/ Couleurs Couture Shampoo 300ml\"}]},{\"@type\":\"WebSite\",\"@id\":\"https:\\\/\\\/hairdeluxe.ee\\\/en\\\/#website\",\"url\":\"https:\\\/\\\/hairdeluxe.ee\\\/en\\\/\",\"name\":\"Hair Deluxe\",\"description\":\"Highlight your natural beauty\",\"publisher\":{\"@id\":\"https:\\\/\\\/hairdeluxe.ee\\\/en\\\/#organization\"},\"potentialAction\":[{\"@type\":\"SearchAction\",\"target\":{\"@type\":\"EntryPoint\",\"urlTemplate\":\"https:\\\/\\\/hairdeluxe.ee\\\/en\\\/?s={search_term_string}\"},\"query-input\":{\"@type\":\"PropertyValueSpecification\",\"valueRequired\":true,\"valueName\":\"search_term_string\"}}],\"inLanguage\":\"en-US\"},{\"@type\":\"Organization\",\"@id\":\"https:\\\/\\\/hairdeluxe.ee\\\/en\\\/#organization\",\"name\":\"Hair Deluxe\",\"url\":\"https:\\\/\\\/hairdeluxe.ee\\\/en\\\/\",\"logo\":{\"@type\":\"ImageObject\",\"inLanguage\":\"en-US\",\"@id\":\"https:\\\/\\\/hairdeluxe.ee\\\/en\\\/#\\\/schema\\\/logo\\\/image\\\/\",\"url\":\"https:\\\/\\\/hairdeluxe.ee\\\/wp-content\\\/uploads\\\/2024\\\/06\\\/Hair-Deluxe-Logo-Dark-font.png\",\"contentUrl\":\"https:\\\/\\\/hairdeluxe.ee\\\/wp-content\\\/uploads\\\/2024\\\/06\\\/Hair-Deluxe-Logo-Dark-font.png\",\"width\":467,\"height\":177,\"caption\":\"Hair Deluxe\"},\"image\":{\"@id\":\"https:\\\/\\\/hairdeluxe.ee\\\/en\\\/#\\\/schema\\\/logo\\\/image\\\/\"},\"sameAs\":[\"https:\\\/\\\/www.facebook.com\\\/blowbartallinn\",\"https:\\\/\\\/www.instagram.com\\\/blowbar_tallinn\"]}]}<\/script>\n<!-- \/ Yoast SEO plugin. -->","yoast_head_json":{"title":"BALMAIN HAIR \u0161ampoon v\u00e4rvitud juustele \/ Couleurs Couture Shampoo 300ml - Hair Deluxe","robots":{"index":"index","follow":"follow","max-snippet":"max-snippet:-1","max-image-preview":"max-image-preview:large","max-video-preview":"max-video-preview:-1"},"canonical":"https:\/\/hairdeluxe.ee\/en\/product\/balmain-couleurs-couture-palsam-varvitud-juustele-300ml-couleurs-couture-conditioner\/","og_locale":"en_US","og_type":"article","og_title":"BALMAIN HAIR \u0161ampoon v\u00e4rvitud juustele \/ Couleurs Couture Shampoo 300ml - Hair Deluxe","og_description":"Unikaalse Couleurs Couture sarja hoolduskollektsiooni \u0161ampoon ja palsam on spetsiaalselt v\u00e4lja t\u00f6\u00f6tatud v\u00e4rvitud, \u00fclet\u00f6\u00f6deldud ning kahjustatud juuste hooldamiseks. Ta\u0308iustatud niisutav koostis muudab juuksed siledaks ning teeb juuste kammimise lihtsamaks, va\u0308ltides samal ajal juuste katkemist. Tootesse on hoolikalt valitud p\u00f5hikomponendid: argaaniaeliksiir, siidi- ja ka\u0161miiriproteiin, mis on t\u00e4iustatud quinoa seemne- ja kookos\u00f5liga.\u00a0Ainulaadne ning rikastatud kombinatsioon parimatest koostisosadest tugevdab ning niisutab juukseid s\u00fcgavalt seespoolt, andes juustele enneolematu pehmuse ning muutes need kergesti kammitavaks, v\u00e4ltides juuste katkemist. UV-fltrid kaitsevad juukseid vabade radikaalide eest, et pikendada juuksev\u00e4rvi kestvust. Madal pH-tase ja k\u00f5rgeima kvaliteediga koostisosad parandavad, tugevdavad, niisutavad ja kaitsevad juuste v\u00e4rvi tuhmumise eest. Parandab ja tugevdab juukseid, aitab saavutada la\u0308ikivad ja pehmed juuksed.  Kasutamine: Kanda m\u00e4rgadele juustele, masseerida \u00f5rnalt juukseid ja peanahka ning loputada seej\u00e4rel juustest v\u00e4lja.  Vaata lisaks: Balmain Hair Couleurs Couture Conditioner  Kogus: 300ml","og_url":"https:\/\/hairdeluxe.ee\/en\/product\/balmain-couleurs-couture-palsam-varvitud-juustele-300ml-couleurs-couture-conditioner\/","og_site_name":"Hair Deluxe","article_publisher":"https:\/\/www.facebook.com\/blowbartallinn","article_modified_time":"2025-03-18T19:22:35+00:00","og_image":[{"width":800,"height":800,"url":"https:\/\/hairdeluxe.ee\/wp-content\/uploads\/2021\/03\/balmainhair_care_couleurscouture_shampoo_withbox_800x800.jpg","type":"image\/jpeg"}],"twitter_card":"summary_large_image","twitter_misc":{"Est. reading time":"1 minute"},"schema":{"@context":"https:\/\/schema.org","@graph":[{"@type":"WebPage","@id":"https:\/\/hairdeluxe.ee\/en\/product\/balmain-couleurs-couture-palsam-varvitud-juustele-300ml-couleurs-couture-conditioner\/","url":"https:\/\/hairdeluxe.ee\/en\/product\/balmain-couleurs-couture-palsam-varvitud-juustele-300ml-couleurs-couture-conditioner\/","name":"BALMAIN HAIR \u0161ampoon v\u00e4rvitud juustele \/ Couleurs Couture Shampoo 300ml - Hair Deluxe","isPartOf":{"@id":"https:\/\/hairdeluxe.ee\/en\/#website"},"primaryImageOfPage":{"@id":"https:\/\/hairdeluxe.ee\/en\/product\/balmain-couleurs-couture-palsam-varvitud-juustele-300ml-couleurs-couture-conditioner\/#primaryimage"},"image":{"@id":"https:\/\/hairdeluxe.ee\/en\/product\/balmain-couleurs-couture-palsam-varvitud-juustele-300ml-couleurs-couture-conditioner\/#primaryimage"},"thumbnailUrl":"https:\/\/hairdeluxe.ee\/wp-content\/uploads\/2021\/03\/balmainhair_care_couleurscouture_shampoo_withbox_800x800.jpg","datePublished":"2021-03-17T13:23:45+00:00","dateModified":"2025-03-18T19:22:35+00:00","breadcrumb":{"@id":"https:\/\/hairdeluxe.ee\/en\/product\/balmain-couleurs-couture-palsam-varvitud-juustele-300ml-couleurs-couture-conditioner\/#breadcrumb"},"inLanguage":"en-US","potentialAction":[{"@type":"ReadAction","target":["https:\/\/hairdeluxe.ee\/en\/product\/balmain-couleurs-couture-palsam-varvitud-juustele-300ml-couleurs-couture-conditioner\/"]}]},{"@type":"ImageObject","inLanguage":"en-US","@id":"https:\/\/hairdeluxe.ee\/en\/product\/balmain-couleurs-couture-palsam-varvitud-juustele-300ml-couleurs-couture-conditioner\/#primaryimage","url":"https:\/\/hairdeluxe.ee\/wp-content\/uploads\/2021\/03\/balmainhair_care_couleurscouture_shampoo_withbox_800x800.jpg","contentUrl":"https:\/\/hairdeluxe.ee\/wp-content\/uploads\/2021\/03\/balmainhair_care_couleurscouture_shampoo_withbox_800x800.jpg","width":800,"height":800},{"@type":"BreadcrumbList","@id":"https:\/\/hairdeluxe.ee\/en\/product\/balmain-couleurs-couture-palsam-varvitud-juustele-300ml-couleurs-couture-conditioner\/#breadcrumb","itemListElement":[{"@type":"ListItem","position":1,"name":"Home","item":"https:\/\/hairdeluxe.ee\/en\/"},{"@type":"ListItem","position":2,"name":"Shop","item":"https:\/\/hairdeluxe.ee\/en\/shop\/"},{"@type":"ListItem","position":3,"name":"BALMAIN HAIR \u0161ampoon v\u00e4rvitud juustele \/ Couleurs Couture Shampoo 300ml"}]},{"@type":"WebSite","@id":"https:\/\/hairdeluxe.ee\/en\/#website","url":"https:\/\/hairdeluxe.ee\/en\/","name":"Hair Deluxe","description":"Highlight your natural beauty","publisher":{"@id":"https:\/\/hairdeluxe.ee\/en\/#organization"},"potentialAction":[{"@type":"SearchAction","target":{"@type":"EntryPoint","urlTemplate":"https:\/\/hairdeluxe.ee\/en\/?s={search_term_string}"},"query-input":{"@type":"PropertyValueSpecification","valueRequired":true,"valueName":"search_term_string"}}],"inLanguage":"en-US"},{"@type":"Organization","@id":"https:\/\/hairdeluxe.ee\/en\/#organization","name":"Hair Deluxe","url":"https:\/\/hairdeluxe.ee\/en\/","logo":{"@type":"ImageObject","inLanguage":"en-US","@id":"https:\/\/hairdeluxe.ee\/en\/#\/schema\/logo\/image\/","url":"https:\/\/hairdeluxe.ee\/wp-content\/uploads\/2024\/06\/Hair-Deluxe-Logo-Dark-font.png","contentUrl":"https:\/\/hairdeluxe.ee\/wp-content\/uploads\/2024\/06\/Hair-Deluxe-Logo-Dark-font.png","width":467,"height":177,"caption":"Hair Deluxe"},"image":{"@id":"https:\/\/hairdeluxe.ee\/en\/#\/schema\/logo\/image\/"},"sameAs":["https:\/\/www.facebook.com\/blowbartallinn","https:\/\/www.instagram.com\/blowbar_tallinn"]}]}},"_links":{"self":[{"href":"https:\/\/hairdeluxe.ee\/en\/wp-json\/wp\/v2\/product\/21949","targetHints":{"allow":["GET"]}}],"collection":[{"href":"https:\/\/hairdeluxe.ee\/en\/wp-json\/wp\/v2\/product"}],"about":[{"href":"https:\/\/hairdeluxe.ee\/en\/wp-json\/wp\/v2\/types\/product"}],"wp:featuredmedia":[{"embeddable":true,"href":"https:\/\/hairdeluxe.ee\/en\/wp-json\/wp\/v2\/media\/22024"}],"wp:attachment":[{"href":"https:\/\/hairdeluxe.ee\/en\/wp-json\/wp\/v2\/media?parent=21949"}],"wp:term":[{"taxonomy":"product_brand","embeddable":true,"href":"https:\/\/hairdeluxe.ee\/en\/wp-json\/wp\/v2\/product_brand?post=21949"},{"taxonomy":"product_cat","embeddable":true,"href":"https:\/\/hairdeluxe.ee\/en\/wp-json\/wp\/v2\/product_cat?post=21949"},{"taxonomy":"product_tag","embeddable":true,"href":"https:\/\/hairdeluxe.ee\/en\/wp-json\/wp\/v2\/product_tag?post=21949"}],"curies":[{"name":"wp","href":"https:\/\/api.w.org\/{rel}","templated":true}]}}