{"id":21968,"date":"2021-03-17T15:24:30","date_gmt":"2021-03-17T13:24:30","guid":{"rendered":"https:\/\/blowbar.ee\/toode\/import-placeholder-for-9038\/"},"modified":"2025-03-18T19:22:34","modified_gmt":"2025-03-18T19:22:34","slug":"juukseaksessuaar-tortoise-pince-a-cheveux-small-tortoise-shell","status":"publish","type":"product","link":"https:\/\/hairdeluxe.ee\/en\/product\/juukseaksessuaar-tortoise-pince-a-cheveux-small-tortoise-shell\/","title":{"rendered":"BALMAIN HAIR juukseklamber kilpkonn S \/ Pince \u00e0 cheveux Tortoise Shell S"},"content":{"rendered":"","protected":false},"excerpt":{"rendered":"<p>Luksuslik k\u00e4sitsi valmistatud juukseaksessuaar on tehtud v\u00e4ga vastupidavast materjalist ja kaunistatud 14K kuldse B- logoga. Pince \u00e0 cheveux S Tortoise, mis on osa ikoonilisest Les Accessoires kollektsioonist, sobib kandmiseks igas olukorras ja lisab koheselt stiili igale soengule ning v\u00e4ljan\u00e4gemisele.<br \/>\n\u2013 K\u00f5rge kvaliteediga k\u00e4sitsi valmistatud tugev juukseklamber<br \/>\n\u2013 Vastupidav materjal<br \/>\n\u2013 Kaunistatud 14K kuldse Balmain Hair \u201cB\u201d logoga<br \/>\n\u2013 Sobib ideaalselt igale juukset\u00fc\u00fcbile ja soengule<\/p>\n","protected":false},"featured_media":25682,"template":"","meta":[],"product_brand":[464],"product_cat":[96,266,265,206,268,129,121],"product_tag":[],"class_list":{"0":"post-21968","1":"product","2":"type-product","3":"status-publish","4":"has-post-thumbnail","6":"product_brand-balmain-hair","7":"product_cat-aksessuaarid","8":"product_cat-balmain-hair","9":"product_cat-brandid","10":"product_cat-erikollektsioonid","11":"product_cat-juukseklambrid","12":"product_cat-kingitused","13":"product_cat-koik-tooted","15":"first","16":"instock","17":"taxable","18":"shipping-taxable","19":"purchasable","20":"product-type-simple","21":"add-to-wishlist-after_add_to_cart"},"yoast_head":"<!-- This site is optimized with the Yoast SEO plugin v27.5 - https:\/\/yoast.com\/product\/yoast-seo-wordpress\/ -->\n<title>BALMAIN HAIR juukseklamber kilpkonn S \/ Pince \u00e0 cheveux Tortoise Shell S - Hair Deluxe<\/title>\n<meta name=\"robots\" content=\"index, follow, max-snippet:-1, max-image-preview:large, max-video-preview:-1\" \/>\n<link rel=\"canonical\" href=\"https:\/\/hairdeluxe.ee\/en\/product\/juukseaksessuaar-tortoise-pince-a-cheveux-small-tortoise-shell\/\" \/>\n<meta property=\"og:locale\" content=\"en_US\" \/>\n<meta property=\"og:type\" content=\"article\" \/>\n<meta property=\"og:title\" content=\"BALMAIN HAIR juukseklamber kilpkonn S \/ Pince \u00e0 cheveux Tortoise Shell S - Hair Deluxe\" \/>\n<meta property=\"og:description\" content=\"Luksuslik k\u00e4sitsi valmistatud juukseaksessuaar on tehtud v\u00e4ga vastupidavast materjalist ja kaunistatud 14K kuldse B- logoga. Pince \u00e0 cheveux S Tortoise, mis on osa ikoonilisest Les Accessoires kollektsioonist, sobib kandmiseks igas olukorras ja lisab koheselt stiili igale soengule ning v\u00e4ljan\u00e4gemisele. \u2013 K\u00f5rge kvaliteediga k\u00e4sitsi valmistatud tugev juukseklamber \u2013 Vastupidav materjal \u2013 Kaunistatud 14K kuldse Balmain Hair \u201cB\u201d logoga \u2013 Sobib ideaalselt igale juukset\u00fc\u00fcbile ja soengule\" \/>\n<meta property=\"og:url\" content=\"https:\/\/hairdeluxe.ee\/en\/product\/juukseaksessuaar-tortoise-pince-a-cheveux-small-tortoise-shell\/\" \/>\n<meta property=\"og:site_name\" content=\"Hair Deluxe\" \/>\n<meta property=\"article:publisher\" content=\"https:\/\/www.facebook.com\/blowbartallinn\" \/>\n<meta property=\"article:modified_time\" content=\"2025-03-18T19:22:34+00:00\" \/>\n<meta property=\"og:image\" content=\"https:\/\/hairdeluxe.ee\/wp-content\/uploads\/2021\/03\/balmainhair_accessories_pince_a_cheveux_small_tortoise_01_800x800.jpg\" \/>\n\t<meta property=\"og:image:width\" content=\"800\" \/>\n\t<meta property=\"og:image:height\" content=\"800\" \/>\n\t<meta property=\"og:image:type\" content=\"image\/jpeg\" \/>\n<meta name=\"twitter:card\" content=\"summary_large_image\" \/>\n<meta name=\"twitter:label1\" content=\"Est. reading time\" \/>\n\t<meta name=\"twitter:data1\" content=\"1 minute\" \/>\n<script type=\"application\/ld+json\" class=\"yoast-schema-graph\">{\"@context\":\"https:\\\/\\\/schema.org\",\"@graph\":[{\"@type\":\"WebPage\",\"@id\":\"https:\\\/\\\/hairdeluxe.ee\\\/en\\\/product\\\/juukseaksessuaar-tortoise-pince-a-cheveux-small-tortoise-shell\\\/\",\"url\":\"https:\\\/\\\/hairdeluxe.ee\\\/en\\\/product\\\/juukseaksessuaar-tortoise-pince-a-cheveux-small-tortoise-shell\\\/\",\"name\":\"BALMAIN HAIR juukseklamber kilpkonn S \\\/ Pince \u00e0 cheveux Tortoise Shell S - Hair Deluxe\",\"isPartOf\":{\"@id\":\"https:\\\/\\\/hairdeluxe.ee\\\/en\\\/#website\"},\"primaryImageOfPage\":{\"@id\":\"https:\\\/\\\/hairdeluxe.ee\\\/en\\\/product\\\/juukseaksessuaar-tortoise-pince-a-cheveux-small-tortoise-shell\\\/#primaryimage\"},\"image\":{\"@id\":\"https:\\\/\\\/hairdeluxe.ee\\\/en\\\/product\\\/juukseaksessuaar-tortoise-pince-a-cheveux-small-tortoise-shell\\\/#primaryimage\"},\"thumbnailUrl\":\"https:\\\/\\\/hairdeluxe.ee\\\/wp-content\\\/uploads\\\/2021\\\/03\\\/balmainhair_accessories_pince_a_cheveux_small_tortoise_01_800x800.jpg\",\"datePublished\":\"2021-03-17T13:24:30+00:00\",\"dateModified\":\"2025-03-18T19:22:34+00:00\",\"breadcrumb\":{\"@id\":\"https:\\\/\\\/hairdeluxe.ee\\\/en\\\/product\\\/juukseaksessuaar-tortoise-pince-a-cheveux-small-tortoise-shell\\\/#breadcrumb\"},\"inLanguage\":\"en-US\",\"potentialAction\":[{\"@type\":\"ReadAction\",\"target\":[\"https:\\\/\\\/hairdeluxe.ee\\\/en\\\/product\\\/juukseaksessuaar-tortoise-pince-a-cheveux-small-tortoise-shell\\\/\"]}]},{\"@type\":\"ImageObject\",\"inLanguage\":\"en-US\",\"@id\":\"https:\\\/\\\/hairdeluxe.ee\\\/en\\\/product\\\/juukseaksessuaar-tortoise-pince-a-cheveux-small-tortoise-shell\\\/#primaryimage\",\"url\":\"https:\\\/\\\/hairdeluxe.ee\\\/wp-content\\\/uploads\\\/2021\\\/03\\\/balmainhair_accessories_pince_a_cheveux_small_tortoise_01_800x800.jpg\",\"contentUrl\":\"https:\\\/\\\/hairdeluxe.ee\\\/wp-content\\\/uploads\\\/2021\\\/03\\\/balmainhair_accessories_pince_a_cheveux_small_tortoise_01_800x800.jpg\",\"width\":800,\"height\":800},{\"@type\":\"BreadcrumbList\",\"@id\":\"https:\\\/\\\/hairdeluxe.ee\\\/en\\\/product\\\/juukseaksessuaar-tortoise-pince-a-cheveux-small-tortoise-shell\\\/#breadcrumb\",\"itemListElement\":[{\"@type\":\"ListItem\",\"position\":1,\"name\":\"Home\",\"item\":\"https:\\\/\\\/hairdeluxe.ee\\\/en\\\/\"},{\"@type\":\"ListItem\",\"position\":2,\"name\":\"Shop\",\"item\":\"https:\\\/\\\/hairdeluxe.ee\\\/en\\\/shop\\\/\"},{\"@type\":\"ListItem\",\"position\":3,\"name\":\"BALMAIN HAIR juukseklamber kilpkonn S \\\/ Pince \u00e0 cheveux Tortoise Shell S\"}]},{\"@type\":\"WebSite\",\"@id\":\"https:\\\/\\\/hairdeluxe.ee\\\/en\\\/#website\",\"url\":\"https:\\\/\\\/hairdeluxe.ee\\\/en\\\/\",\"name\":\"Hair Deluxe\",\"description\":\"Highlight your natural beauty\",\"publisher\":{\"@id\":\"https:\\\/\\\/hairdeluxe.ee\\\/en\\\/#organization\"},\"potentialAction\":[{\"@type\":\"SearchAction\",\"target\":{\"@type\":\"EntryPoint\",\"urlTemplate\":\"https:\\\/\\\/hairdeluxe.ee\\\/en\\\/?s={search_term_string}\"},\"query-input\":{\"@type\":\"PropertyValueSpecification\",\"valueRequired\":true,\"valueName\":\"search_term_string\"}}],\"inLanguage\":\"en-US\"},{\"@type\":\"Organization\",\"@id\":\"https:\\\/\\\/hairdeluxe.ee\\\/en\\\/#organization\",\"name\":\"Hair Deluxe\",\"url\":\"https:\\\/\\\/hairdeluxe.ee\\\/en\\\/\",\"logo\":{\"@type\":\"ImageObject\",\"inLanguage\":\"en-US\",\"@id\":\"https:\\\/\\\/hairdeluxe.ee\\\/en\\\/#\\\/schema\\\/logo\\\/image\\\/\",\"url\":\"https:\\\/\\\/hairdeluxe.ee\\\/wp-content\\\/uploads\\\/2024\\\/06\\\/Hair-Deluxe-Logo-Dark-font.png\",\"contentUrl\":\"https:\\\/\\\/hairdeluxe.ee\\\/wp-content\\\/uploads\\\/2024\\\/06\\\/Hair-Deluxe-Logo-Dark-font.png\",\"width\":467,\"height\":177,\"caption\":\"Hair Deluxe\"},\"image\":{\"@id\":\"https:\\\/\\\/hairdeluxe.ee\\\/en\\\/#\\\/schema\\\/logo\\\/image\\\/\"},\"sameAs\":[\"https:\\\/\\\/www.facebook.com\\\/blowbartallinn\",\"https:\\\/\\\/www.instagram.com\\\/blowbar_tallinn\"]}]}<\/script>\n<!-- \/ Yoast SEO plugin. -->","yoast_head_json":{"title":"BALMAIN HAIR juukseklamber kilpkonn S \/ Pince \u00e0 cheveux Tortoise Shell S - Hair Deluxe","robots":{"index":"index","follow":"follow","max-snippet":"max-snippet:-1","max-image-preview":"max-image-preview:large","max-video-preview":"max-video-preview:-1"},"canonical":"https:\/\/hairdeluxe.ee\/en\/product\/juukseaksessuaar-tortoise-pince-a-cheveux-small-tortoise-shell\/","og_locale":"en_US","og_type":"article","og_title":"BALMAIN HAIR juukseklamber kilpkonn S \/ Pince \u00e0 cheveux Tortoise Shell S - Hair Deluxe","og_description":"Luksuslik k\u00e4sitsi valmistatud juukseaksessuaar on tehtud v\u00e4ga vastupidavast materjalist ja kaunistatud 14K kuldse B- logoga. Pince \u00e0 cheveux S Tortoise, mis on osa ikoonilisest Les Accessoires kollektsioonist, sobib kandmiseks igas olukorras ja lisab koheselt stiili igale soengule ning v\u00e4ljan\u00e4gemisele. \u2013 K\u00f5rge kvaliteediga k\u00e4sitsi valmistatud tugev juukseklamber \u2013 Vastupidav materjal \u2013 Kaunistatud 14K kuldse Balmain Hair \u201cB\u201d logoga \u2013 Sobib ideaalselt igale juukset\u00fc\u00fcbile ja soengule","og_url":"https:\/\/hairdeluxe.ee\/en\/product\/juukseaksessuaar-tortoise-pince-a-cheveux-small-tortoise-shell\/","og_site_name":"Hair Deluxe","article_publisher":"https:\/\/www.facebook.com\/blowbartallinn","article_modified_time":"2025-03-18T19:22:34+00:00","og_image":[{"width":800,"height":800,"url":"https:\/\/hairdeluxe.ee\/wp-content\/uploads\/2021\/03\/balmainhair_accessories_pince_a_cheveux_small_tortoise_01_800x800.jpg","type":"image\/jpeg"}],"twitter_card":"summary_large_image","twitter_misc":{"Est. reading time":"1 minute"},"schema":{"@context":"https:\/\/schema.org","@graph":[{"@type":"WebPage","@id":"https:\/\/hairdeluxe.ee\/en\/product\/juukseaksessuaar-tortoise-pince-a-cheveux-small-tortoise-shell\/","url":"https:\/\/hairdeluxe.ee\/en\/product\/juukseaksessuaar-tortoise-pince-a-cheveux-small-tortoise-shell\/","name":"BALMAIN HAIR juukseklamber kilpkonn S \/ Pince \u00e0 cheveux Tortoise Shell S - Hair Deluxe","isPartOf":{"@id":"https:\/\/hairdeluxe.ee\/en\/#website"},"primaryImageOfPage":{"@id":"https:\/\/hairdeluxe.ee\/en\/product\/juukseaksessuaar-tortoise-pince-a-cheveux-small-tortoise-shell\/#primaryimage"},"image":{"@id":"https:\/\/hairdeluxe.ee\/en\/product\/juukseaksessuaar-tortoise-pince-a-cheveux-small-tortoise-shell\/#primaryimage"},"thumbnailUrl":"https:\/\/hairdeluxe.ee\/wp-content\/uploads\/2021\/03\/balmainhair_accessories_pince_a_cheveux_small_tortoise_01_800x800.jpg","datePublished":"2021-03-17T13:24:30+00:00","dateModified":"2025-03-18T19:22:34+00:00","breadcrumb":{"@id":"https:\/\/hairdeluxe.ee\/en\/product\/juukseaksessuaar-tortoise-pince-a-cheveux-small-tortoise-shell\/#breadcrumb"},"inLanguage":"en-US","potentialAction":[{"@type":"ReadAction","target":["https:\/\/hairdeluxe.ee\/en\/product\/juukseaksessuaar-tortoise-pince-a-cheveux-small-tortoise-shell\/"]}]},{"@type":"ImageObject","inLanguage":"en-US","@id":"https:\/\/hairdeluxe.ee\/en\/product\/juukseaksessuaar-tortoise-pince-a-cheveux-small-tortoise-shell\/#primaryimage","url":"https:\/\/hairdeluxe.ee\/wp-content\/uploads\/2021\/03\/balmainhair_accessories_pince_a_cheveux_small_tortoise_01_800x800.jpg","contentUrl":"https:\/\/hairdeluxe.ee\/wp-content\/uploads\/2021\/03\/balmainhair_accessories_pince_a_cheveux_small_tortoise_01_800x800.jpg","width":800,"height":800},{"@type":"BreadcrumbList","@id":"https:\/\/hairdeluxe.ee\/en\/product\/juukseaksessuaar-tortoise-pince-a-cheveux-small-tortoise-shell\/#breadcrumb","itemListElement":[{"@type":"ListItem","position":1,"name":"Home","item":"https:\/\/hairdeluxe.ee\/en\/"},{"@type":"ListItem","position":2,"name":"Shop","item":"https:\/\/hairdeluxe.ee\/en\/shop\/"},{"@type":"ListItem","position":3,"name":"BALMAIN HAIR juukseklamber kilpkonn S \/ Pince \u00e0 cheveux Tortoise Shell S"}]},{"@type":"WebSite","@id":"https:\/\/hairdeluxe.ee\/en\/#website","url":"https:\/\/hairdeluxe.ee\/en\/","name":"Hair Deluxe","description":"Highlight your natural beauty","publisher":{"@id":"https:\/\/hairdeluxe.ee\/en\/#organization"},"potentialAction":[{"@type":"SearchAction","target":{"@type":"EntryPoint","urlTemplate":"https:\/\/hairdeluxe.ee\/en\/?s={search_term_string}"},"query-input":{"@type":"PropertyValueSpecification","valueRequired":true,"valueName":"search_term_string"}}],"inLanguage":"en-US"},{"@type":"Organization","@id":"https:\/\/hairdeluxe.ee\/en\/#organization","name":"Hair Deluxe","url":"https:\/\/hairdeluxe.ee\/en\/","logo":{"@type":"ImageObject","inLanguage":"en-US","@id":"https:\/\/hairdeluxe.ee\/en\/#\/schema\/logo\/image\/","url":"https:\/\/hairdeluxe.ee\/wp-content\/uploads\/2024\/06\/Hair-Deluxe-Logo-Dark-font.png","contentUrl":"https:\/\/hairdeluxe.ee\/wp-content\/uploads\/2024\/06\/Hair-Deluxe-Logo-Dark-font.png","width":467,"height":177,"caption":"Hair Deluxe"},"image":{"@id":"https:\/\/hairdeluxe.ee\/en\/#\/schema\/logo\/image\/"},"sameAs":["https:\/\/www.facebook.com\/blowbartallinn","https:\/\/www.instagram.com\/blowbar_tallinn"]}]}},"_links":{"self":[{"href":"https:\/\/hairdeluxe.ee\/en\/wp-json\/wp\/v2\/product\/21968","targetHints":{"allow":["GET"]}}],"collection":[{"href":"https:\/\/hairdeluxe.ee\/en\/wp-json\/wp\/v2\/product"}],"about":[{"href":"https:\/\/hairdeluxe.ee\/en\/wp-json\/wp\/v2\/types\/product"}],"wp:featuredmedia":[{"embeddable":true,"href":"https:\/\/hairdeluxe.ee\/en\/wp-json\/wp\/v2\/media\/25682"}],"wp:attachment":[{"href":"https:\/\/hairdeluxe.ee\/en\/wp-json\/wp\/v2\/media?parent=21968"}],"wp:term":[{"taxonomy":"product_brand","embeddable":true,"href":"https:\/\/hairdeluxe.ee\/en\/wp-json\/wp\/v2\/product_brand?post=21968"},{"taxonomy":"product_cat","embeddable":true,"href":"https:\/\/hairdeluxe.ee\/en\/wp-json\/wp\/v2\/product_cat?post=21968"},{"taxonomy":"product_tag","embeddable":true,"href":"https:\/\/hairdeluxe.ee\/en\/wp-json\/wp\/v2\/product_tag?post=21968"}],"curies":[{"name":"wp","href":"https:\/\/api.w.org\/{rel}","templated":true}]}}