{"id":34968,"date":"2024-02-03T09:07:32","date_gmt":"2024-02-03T07:07:32","guid":{"rendered":"https:\/\/blowbar.ee\/?post_type=product&#038;p=34968"},"modified":"2025-03-18T19:22:32","modified_gmt":"2025-03-18T19:22:32","slug":"balmain-juustele-voluumi-ja-kohevust-lisav-sampoon-volume-shampoo-300ml","status":"publish","type":"product","link":"https:\/\/hairdeluxe.ee\/en\/product\/balmain-juustele-voluumi-ja-kohevust-lisav-sampoon-volume-shampoo-300ml\/","title":{"rendered":"BALMAIN HAIR juustele vol\u00fc\u00fcmi ja kohevust lisav \u0161ampoon \/ Volume Shampoo 300ml"},"content":{"rendered":"<div class=\"dePhmb\" aria-live=\"polite\">\n<div class=\"eyKpYb\" data-language=\"et\" data-original-language=\"en\" data-result-index=\"0\">\n<div class=\"J0lOec\"><em><strong>Koostis:\u00a0<\/strong>Aqua, Disodium Laureth Sulfosuccinate, Cocamidopropyl Betaine, Cocamidopropylamine Oxide, Glycerin, Argania Spinosa Kernel Extract, Silk Amino Acids, Panthenol, Sodium Cocoyl Amino Acids, Potassium Dimethicone PEG-7 Panthenyl Phosphate, Stearyl Citrate, Lauryl Glucoside, Isostearamide MIPA, Glyceryl Laurate, Guar Hydroxypropyltrimonium Chloride, Butylene Glycol, PEG-150 Pentaerythrityl Tetrastearate, PEG-6 Caprylic\/Capric Glycerides, Parfum, Phenoxyethanol, Iodopropynyl Butylcarbamate, Acrylates Copolymer, Benzophenone-4, Citric Acid.<\/em><\/div>\n<\/div>\n<\/div>\n<p>&nbsp;<\/p>\n","protected":false},"excerpt":{"rendered":"<p>Silendav \u0161ampoon, mis puhastab peanahka ja juukseid, t\u00f5stes samal ajal siledaid, peadligi hoidvaid ja \u00f5hukesi juukseid. Eemaldab \u00f5rnalt liigsed \u00f5lid ja rasu, mis tavaliselt teevad juuksed raskeks. Tugevdab juuksekiudu, et parandada tekstuuri ja tugevust. M\u00f5eldud \u00fclikohevate juuste loomiseks. T\u00e4iustatud valem j\u00e4tab juuste kutiikulid avatuks ja tugevdab igat juuksekarva, mille tulemuseks on t\u00e4idlasemad ja paksemad juuksed. Rikkalik \u00f5lide ja aminohapete segu kaitseb juukseid UV-kiirte eest v\u00e4ltimaks kahjustusi ja juukseotste l\u00f5henemist. J\u00e4tab juuksed niisutatuks, pehmeks ja loomuliku s\u00e4raga.<br \/>\n&#8211; Igap\u00e4evane puhastusvahend \u00f5hukestele juustele<br \/>\n&#8211; Lisab kohevust ilma kaalu lisamata<br \/>\n&#8211; Kaitseb UV-kiirte eest<\/p>\n<p><strong>Kasutamine:\u00a0<\/strong>Kandke m\u00e4rgadele juustele, masseerige \u00f5rnalt ja loputage hoolikalt.\u00a0Soovitatav kasutada koos Volume Conditioneri ja Leave-in Conditioner juustesse j\u00e4etava palsamiga.<\/p>\n<p><strong>Soovitus:\u00a0<\/strong>Olge peanaha suhtes \u00f5rn, masseerige pehmelt.\u00a0Kasutage enne \u0161ampooniga pesemist juustel leiget vett, et avada juuksekutiikulid tagamaks juuste s\u00fcgava, kuid samas \u00f5rna puhastuse.<\/p>\n<p>Kogus: 300ml<\/p>\n<p><a href=\"https:\/\/www.balmainhair.ee\/toode\/balmain-volume-shampoo-300-ml\/\"><strong>Vaata lisaks:<\/strong> BALMAIN Hair juustele vol\u00fc\u00fcmi ja kohevust lisav palsam \/ Volume Conditioner, 300ml<\/a><\/p>\n\n","protected":false},"featured_media":34981,"template":"","meta":[],"product_brand":[464],"product_cat":[266,265,208,213,121,227,280],"product_tag":[],"class_list":{"0":"post-34968","1":"product","2":"type-product","3":"status-publish","4":"has-post-thumbnail","6":"product_brand-balmain-hair","7":"product_cat-balmain-hair","8":"product_cat-brandid","9":"product_cat-juuksehooldus","10":"product_cat-kohevus","11":"product_cat-koik-tooted","12":"product_cat-shampoonid","13":"product_cat-voluumi-andev-volume","15":"first","16":"instock","17":"taxable","18":"shipping-taxable","19":"purchasable","20":"product-type-simple","21":"add-to-wishlist-after_add_to_cart"},"yoast_head":"<!-- This site is optimized with the Yoast SEO plugin v27.5 - https:\/\/yoast.com\/product\/yoast-seo-wordpress\/ -->\n<title>BALMAIN HAIR juustele vol\u00fc\u00fcmi ja kohevust lisav \u0161ampoon \/ Volume Shampoo 300ml - Hair Deluxe<\/title>\n<meta name=\"robots\" content=\"index, follow, max-snippet:-1, max-image-preview:large, max-video-preview:-1\" \/>\n<link rel=\"canonical\" href=\"https:\/\/hairdeluxe.ee\/en\/product\/balmain-juustele-voluumi-ja-kohevust-lisav-sampoon-volume-shampoo-300ml\/\" \/>\n<meta property=\"og:locale\" content=\"en_US\" \/>\n<meta property=\"og:type\" content=\"article\" \/>\n<meta property=\"og:title\" content=\"BALMAIN HAIR juustele vol\u00fc\u00fcmi ja kohevust lisav \u0161ampoon \/ Volume Shampoo 300ml - Hair Deluxe\" \/>\n<meta property=\"og:description\" content=\"Silendav \u0161ampoon, mis puhastab peanahka ja juukseid, t\u00f5stes samal ajal siledaid, peadligi hoidvaid ja \u00f5hukesi juukseid. Eemaldab \u00f5rnalt liigsed \u00f5lid ja rasu, mis tavaliselt teevad juuksed raskeks. Tugevdab juuksekiudu, et parandada tekstuuri ja tugevust. M\u00f5eldud \u00fclikohevate juuste loomiseks. T\u00e4iustatud valem j\u00e4tab juuste kutiikulid avatuks ja tugevdab igat juuksekarva, mille tulemuseks on t\u00e4idlasemad ja paksemad juuksed. Rikkalik \u00f5lide ja aminohapete segu kaitseb juukseid UV-kiirte eest v\u00e4ltimaks kahjustusi ja juukseotste l\u00f5henemist. J\u00e4tab juuksed niisutatuks, pehmeks ja loomuliku s\u00e4raga. - Igap\u00e4evane puhastusvahend \u00f5hukestele juustele - Lisab kohevust ilma kaalu lisamata - Kaitseb UV-kiirte eest  Kasutamine:\u00a0Kandke m\u00e4rgadele juustele, masseerige \u00f5rnalt ja loputage hoolikalt.\u00a0Soovitatav kasutada koos Volume Conditioneri ja Leave-in Conditioner juustesse j\u00e4etava palsamiga.  Soovitus:\u00a0Olge peanaha suhtes \u00f5rn, masseerige pehmelt.\u00a0Kasutage enne \u0161ampooniga pesemist juustel leiget vett, et avada juuksekutiikulid tagamaks juuste s\u00fcgava, kuid samas \u00f5rna puhastuse.  Kogus: 300ml  Vaata lisaks: BALMAIN Hair juustele vol\u00fc\u00fcmi ja kohevust lisav palsam \/ Volume Conditioner, 300ml\" \/>\n<meta property=\"og:url\" content=\"https:\/\/hairdeluxe.ee\/en\/product\/balmain-juustele-voluumi-ja-kohevust-lisav-sampoon-volume-shampoo-300ml\/\" \/>\n<meta property=\"og:site_name\" content=\"Hair Deluxe\" \/>\n<meta property=\"article:publisher\" content=\"https:\/\/www.facebook.com\/blowbartallinn\" \/>\n<meta property=\"article:modified_time\" content=\"2025-03-18T19:22:32+00:00\" \/>\n<meta property=\"og:image\" content=\"https:\/\/hairdeluxe.ee\/wp-content\/uploads\/2024\/02\/balmainhair_care_volumeshampoo_cs_s_sh_vol_300_800x800_e087.jpg\" \/>\n\t<meta property=\"og:image:width\" content=\"800\" \/>\n\t<meta property=\"og:image:height\" content=\"800\" \/>\n\t<meta property=\"og:image:type\" content=\"image\/jpeg\" \/>\n<meta name=\"twitter:card\" content=\"summary_large_image\" \/>\n<script type=\"application\/ld+json\" class=\"yoast-schema-graph\">{\"@context\":\"https:\\\/\\\/schema.org\",\"@graph\":[{\"@type\":\"WebPage\",\"@id\":\"https:\\\/\\\/hairdeluxe.ee\\\/en\\\/product\\\/balmain-juustele-voluumi-ja-kohevust-lisav-sampoon-volume-shampoo-300ml\\\/\",\"url\":\"https:\\\/\\\/hairdeluxe.ee\\\/en\\\/product\\\/balmain-juustele-voluumi-ja-kohevust-lisav-sampoon-volume-shampoo-300ml\\\/\",\"name\":\"BALMAIN HAIR juustele vol\u00fc\u00fcmi ja kohevust lisav \u0161ampoon \\\/ Volume Shampoo 300ml - Hair Deluxe\",\"isPartOf\":{\"@id\":\"https:\\\/\\\/hairdeluxe.ee\\\/en\\\/#website\"},\"primaryImageOfPage\":{\"@id\":\"https:\\\/\\\/hairdeluxe.ee\\\/en\\\/product\\\/balmain-juustele-voluumi-ja-kohevust-lisav-sampoon-volume-shampoo-300ml\\\/#primaryimage\"},\"image\":{\"@id\":\"https:\\\/\\\/hairdeluxe.ee\\\/en\\\/product\\\/balmain-juustele-voluumi-ja-kohevust-lisav-sampoon-volume-shampoo-300ml\\\/#primaryimage\"},\"thumbnailUrl\":\"https:\\\/\\\/hairdeluxe.ee\\\/wp-content\\\/uploads\\\/2024\\\/02\\\/balmainhair_care_volumeshampoo_cs_s_sh_vol_300_800x800_e087.jpg\",\"datePublished\":\"2024-02-03T07:07:32+00:00\",\"dateModified\":\"2025-03-18T19:22:32+00:00\",\"breadcrumb\":{\"@id\":\"https:\\\/\\\/hairdeluxe.ee\\\/en\\\/product\\\/balmain-juustele-voluumi-ja-kohevust-lisav-sampoon-volume-shampoo-300ml\\\/#breadcrumb\"},\"inLanguage\":\"en-US\",\"potentialAction\":[{\"@type\":\"ReadAction\",\"target\":[\"https:\\\/\\\/hairdeluxe.ee\\\/en\\\/product\\\/balmain-juustele-voluumi-ja-kohevust-lisav-sampoon-volume-shampoo-300ml\\\/\"]}]},{\"@type\":\"ImageObject\",\"inLanguage\":\"en-US\",\"@id\":\"https:\\\/\\\/hairdeluxe.ee\\\/en\\\/product\\\/balmain-juustele-voluumi-ja-kohevust-lisav-sampoon-volume-shampoo-300ml\\\/#primaryimage\",\"url\":\"https:\\\/\\\/hairdeluxe.ee\\\/wp-content\\\/uploads\\\/2024\\\/02\\\/balmainhair_care_volumeshampoo_cs_s_sh_vol_300_800x800_e087.jpg\",\"contentUrl\":\"https:\\\/\\\/hairdeluxe.ee\\\/wp-content\\\/uploads\\\/2024\\\/02\\\/balmainhair_care_volumeshampoo_cs_s_sh_vol_300_800x800_e087.jpg\",\"width\":800,\"height\":800},{\"@type\":\"BreadcrumbList\",\"@id\":\"https:\\\/\\\/hairdeluxe.ee\\\/en\\\/product\\\/balmain-juustele-voluumi-ja-kohevust-lisav-sampoon-volume-shampoo-300ml\\\/#breadcrumb\",\"itemListElement\":[{\"@type\":\"ListItem\",\"position\":1,\"name\":\"Home\",\"item\":\"https:\\\/\\\/hairdeluxe.ee\\\/en\\\/\"},{\"@type\":\"ListItem\",\"position\":2,\"name\":\"Shop\",\"item\":\"https:\\\/\\\/hairdeluxe.ee\\\/en\\\/shop\\\/\"},{\"@type\":\"ListItem\",\"position\":3,\"name\":\"BALMAIN HAIR juustele vol\u00fc\u00fcmi ja kohevust lisav \u0161ampoon \\\/ Volume Shampoo 300ml\"}]},{\"@type\":\"WebSite\",\"@id\":\"https:\\\/\\\/hairdeluxe.ee\\\/en\\\/#website\",\"url\":\"https:\\\/\\\/hairdeluxe.ee\\\/en\\\/\",\"name\":\"Hair Deluxe\",\"description\":\"Highlight your natural beauty\",\"publisher\":{\"@id\":\"https:\\\/\\\/hairdeluxe.ee\\\/en\\\/#organization\"},\"potentialAction\":[{\"@type\":\"SearchAction\",\"target\":{\"@type\":\"EntryPoint\",\"urlTemplate\":\"https:\\\/\\\/hairdeluxe.ee\\\/en\\\/?s={search_term_string}\"},\"query-input\":{\"@type\":\"PropertyValueSpecification\",\"valueRequired\":true,\"valueName\":\"search_term_string\"}}],\"inLanguage\":\"en-US\"},{\"@type\":\"Organization\",\"@id\":\"https:\\\/\\\/hairdeluxe.ee\\\/en\\\/#organization\",\"name\":\"Hair Deluxe\",\"url\":\"https:\\\/\\\/hairdeluxe.ee\\\/en\\\/\",\"logo\":{\"@type\":\"ImageObject\",\"inLanguage\":\"en-US\",\"@id\":\"https:\\\/\\\/hairdeluxe.ee\\\/en\\\/#\\\/schema\\\/logo\\\/image\\\/\",\"url\":\"https:\\\/\\\/hairdeluxe.ee\\\/wp-content\\\/uploads\\\/2024\\\/06\\\/Hair-Deluxe-Logo-Dark-font.png\",\"contentUrl\":\"https:\\\/\\\/hairdeluxe.ee\\\/wp-content\\\/uploads\\\/2024\\\/06\\\/Hair-Deluxe-Logo-Dark-font.png\",\"width\":467,\"height\":177,\"caption\":\"Hair Deluxe\"},\"image\":{\"@id\":\"https:\\\/\\\/hairdeluxe.ee\\\/en\\\/#\\\/schema\\\/logo\\\/image\\\/\"},\"sameAs\":[\"https:\\\/\\\/www.facebook.com\\\/blowbartallinn\",\"https:\\\/\\\/www.instagram.com\\\/blowbar_tallinn\"]}]}<\/script>\n<!-- \/ Yoast SEO plugin. -->","yoast_head_json":{"title":"BALMAIN HAIR juustele vol\u00fc\u00fcmi ja kohevust lisav \u0161ampoon \/ Volume Shampoo 300ml - Hair Deluxe","robots":{"index":"index","follow":"follow","max-snippet":"max-snippet:-1","max-image-preview":"max-image-preview:large","max-video-preview":"max-video-preview:-1"},"canonical":"https:\/\/hairdeluxe.ee\/en\/product\/balmain-juustele-voluumi-ja-kohevust-lisav-sampoon-volume-shampoo-300ml\/","og_locale":"en_US","og_type":"article","og_title":"BALMAIN HAIR juustele vol\u00fc\u00fcmi ja kohevust lisav \u0161ampoon \/ Volume Shampoo 300ml - Hair Deluxe","og_description":"Silendav \u0161ampoon, mis puhastab peanahka ja juukseid, t\u00f5stes samal ajal siledaid, peadligi hoidvaid ja \u00f5hukesi juukseid. Eemaldab \u00f5rnalt liigsed \u00f5lid ja rasu, mis tavaliselt teevad juuksed raskeks. Tugevdab juuksekiudu, et parandada tekstuuri ja tugevust. M\u00f5eldud \u00fclikohevate juuste loomiseks. T\u00e4iustatud valem j\u00e4tab juuste kutiikulid avatuks ja tugevdab igat juuksekarva, mille tulemuseks on t\u00e4idlasemad ja paksemad juuksed. Rikkalik \u00f5lide ja aminohapete segu kaitseb juukseid UV-kiirte eest v\u00e4ltimaks kahjustusi ja juukseotste l\u00f5henemist. J\u00e4tab juuksed niisutatuks, pehmeks ja loomuliku s\u00e4raga. - Igap\u00e4evane puhastusvahend \u00f5hukestele juustele - Lisab kohevust ilma kaalu lisamata - Kaitseb UV-kiirte eest  Kasutamine:\u00a0Kandke m\u00e4rgadele juustele, masseerige \u00f5rnalt ja loputage hoolikalt.\u00a0Soovitatav kasutada koos Volume Conditioneri ja Leave-in Conditioner juustesse j\u00e4etava palsamiga.  Soovitus:\u00a0Olge peanaha suhtes \u00f5rn, masseerige pehmelt.\u00a0Kasutage enne \u0161ampooniga pesemist juustel leiget vett, et avada juuksekutiikulid tagamaks juuste s\u00fcgava, kuid samas \u00f5rna puhastuse.  Kogus: 300ml  Vaata lisaks: BALMAIN Hair juustele vol\u00fc\u00fcmi ja kohevust lisav palsam \/ Volume Conditioner, 300ml","og_url":"https:\/\/hairdeluxe.ee\/en\/product\/balmain-juustele-voluumi-ja-kohevust-lisav-sampoon-volume-shampoo-300ml\/","og_site_name":"Hair Deluxe","article_publisher":"https:\/\/www.facebook.com\/blowbartallinn","article_modified_time":"2025-03-18T19:22:32+00:00","og_image":[{"width":800,"height":800,"url":"https:\/\/hairdeluxe.ee\/wp-content\/uploads\/2024\/02\/balmainhair_care_volumeshampoo_cs_s_sh_vol_300_800x800_e087.jpg","type":"image\/jpeg"}],"twitter_card":"summary_large_image","schema":{"@context":"https:\/\/schema.org","@graph":[{"@type":"WebPage","@id":"https:\/\/hairdeluxe.ee\/en\/product\/balmain-juustele-voluumi-ja-kohevust-lisav-sampoon-volume-shampoo-300ml\/","url":"https:\/\/hairdeluxe.ee\/en\/product\/balmain-juustele-voluumi-ja-kohevust-lisav-sampoon-volume-shampoo-300ml\/","name":"BALMAIN HAIR juustele vol\u00fc\u00fcmi ja kohevust lisav \u0161ampoon \/ Volume Shampoo 300ml - Hair Deluxe","isPartOf":{"@id":"https:\/\/hairdeluxe.ee\/en\/#website"},"primaryImageOfPage":{"@id":"https:\/\/hairdeluxe.ee\/en\/product\/balmain-juustele-voluumi-ja-kohevust-lisav-sampoon-volume-shampoo-300ml\/#primaryimage"},"image":{"@id":"https:\/\/hairdeluxe.ee\/en\/product\/balmain-juustele-voluumi-ja-kohevust-lisav-sampoon-volume-shampoo-300ml\/#primaryimage"},"thumbnailUrl":"https:\/\/hairdeluxe.ee\/wp-content\/uploads\/2024\/02\/balmainhair_care_volumeshampoo_cs_s_sh_vol_300_800x800_e087.jpg","datePublished":"2024-02-03T07:07:32+00:00","dateModified":"2025-03-18T19:22:32+00:00","breadcrumb":{"@id":"https:\/\/hairdeluxe.ee\/en\/product\/balmain-juustele-voluumi-ja-kohevust-lisav-sampoon-volume-shampoo-300ml\/#breadcrumb"},"inLanguage":"en-US","potentialAction":[{"@type":"ReadAction","target":["https:\/\/hairdeluxe.ee\/en\/product\/balmain-juustele-voluumi-ja-kohevust-lisav-sampoon-volume-shampoo-300ml\/"]}]},{"@type":"ImageObject","inLanguage":"en-US","@id":"https:\/\/hairdeluxe.ee\/en\/product\/balmain-juustele-voluumi-ja-kohevust-lisav-sampoon-volume-shampoo-300ml\/#primaryimage","url":"https:\/\/hairdeluxe.ee\/wp-content\/uploads\/2024\/02\/balmainhair_care_volumeshampoo_cs_s_sh_vol_300_800x800_e087.jpg","contentUrl":"https:\/\/hairdeluxe.ee\/wp-content\/uploads\/2024\/02\/balmainhair_care_volumeshampoo_cs_s_sh_vol_300_800x800_e087.jpg","width":800,"height":800},{"@type":"BreadcrumbList","@id":"https:\/\/hairdeluxe.ee\/en\/product\/balmain-juustele-voluumi-ja-kohevust-lisav-sampoon-volume-shampoo-300ml\/#breadcrumb","itemListElement":[{"@type":"ListItem","position":1,"name":"Home","item":"https:\/\/hairdeluxe.ee\/en\/"},{"@type":"ListItem","position":2,"name":"Shop","item":"https:\/\/hairdeluxe.ee\/en\/shop\/"},{"@type":"ListItem","position":3,"name":"BALMAIN HAIR juustele vol\u00fc\u00fcmi ja kohevust lisav \u0161ampoon \/ Volume Shampoo 300ml"}]},{"@type":"WebSite","@id":"https:\/\/hairdeluxe.ee\/en\/#website","url":"https:\/\/hairdeluxe.ee\/en\/","name":"Hair Deluxe","description":"Highlight your natural beauty","publisher":{"@id":"https:\/\/hairdeluxe.ee\/en\/#organization"},"potentialAction":[{"@type":"SearchAction","target":{"@type":"EntryPoint","urlTemplate":"https:\/\/hairdeluxe.ee\/en\/?s={search_term_string}"},"query-input":{"@type":"PropertyValueSpecification","valueRequired":true,"valueName":"search_term_string"}}],"inLanguage":"en-US"},{"@type":"Organization","@id":"https:\/\/hairdeluxe.ee\/en\/#organization","name":"Hair Deluxe","url":"https:\/\/hairdeluxe.ee\/en\/","logo":{"@type":"ImageObject","inLanguage":"en-US","@id":"https:\/\/hairdeluxe.ee\/en\/#\/schema\/logo\/image\/","url":"https:\/\/hairdeluxe.ee\/wp-content\/uploads\/2024\/06\/Hair-Deluxe-Logo-Dark-font.png","contentUrl":"https:\/\/hairdeluxe.ee\/wp-content\/uploads\/2024\/06\/Hair-Deluxe-Logo-Dark-font.png","width":467,"height":177,"caption":"Hair Deluxe"},"image":{"@id":"https:\/\/hairdeluxe.ee\/en\/#\/schema\/logo\/image\/"},"sameAs":["https:\/\/www.facebook.com\/blowbartallinn","https:\/\/www.instagram.com\/blowbar_tallinn"]}]}},"_links":{"self":[{"href":"https:\/\/hairdeluxe.ee\/en\/wp-json\/wp\/v2\/product\/34968","targetHints":{"allow":["GET"]}}],"collection":[{"href":"https:\/\/hairdeluxe.ee\/en\/wp-json\/wp\/v2\/product"}],"about":[{"href":"https:\/\/hairdeluxe.ee\/en\/wp-json\/wp\/v2\/types\/product"}],"wp:featuredmedia":[{"embeddable":true,"href":"https:\/\/hairdeluxe.ee\/en\/wp-json\/wp\/v2\/media\/34981"}],"wp:attachment":[{"href":"https:\/\/hairdeluxe.ee\/en\/wp-json\/wp\/v2\/media?parent=34968"}],"wp:term":[{"taxonomy":"product_brand","embeddable":true,"href":"https:\/\/hairdeluxe.ee\/en\/wp-json\/wp\/v2\/product_brand?post=34968"},{"taxonomy":"product_cat","embeddable":true,"href":"https:\/\/hairdeluxe.ee\/en\/wp-json\/wp\/v2\/product_cat?post=34968"},{"taxonomy":"product_tag","embeddable":true,"href":"https:\/\/hairdeluxe.ee\/en\/wp-json\/wp\/v2\/product_tag?post=34968"}],"curies":[{"name":"wp","href":"https:\/\/api.w.org\/{rel}","templated":true}]}}