{"id":34970,"date":"2024-02-03T09:07:32","date_gmt":"2024-02-03T07:07:32","guid":{"rendered":"https:\/\/blowbar.ee\/?post_type=product&#038;p=34970"},"modified":"2025-03-18T19:22:33","modified_gmt":"2025-03-18T19:22:33","slug":"balmain-juukseparfuum-perfume-100ml","status":"publish","type":"product","link":"https:\/\/hairdeluxe.ee\/en\/product\/balmain-juukseparfuum-perfume-100ml\/","title":{"rendered":"BALMAIN HAIR pihustiga juukseparf\u00fc\u00fcm \/ Hair Perfume with Vaporizer 100ml"},"content":{"rendered":"<p>Teekonnal vabadusse, juhatatakse sind t\u00e4iuslikku suvep\u00e4eva. Selle l\u00f5hn avaldub Sinu juustel lummava t\u00e4htaniisi, estragoni, m\u00e4nnipuu, virskiu\u00f5ie, vaarika, gardemoni, apelsini \u00f5ite, nelgi, jasmiini, roosi, ylang-ylangi, aprikoosi, sireli, merevaigu, vanilje, sandlipuu, seedripuu, valge muskuse ja balsamiku seguna.<\/p>\n<p><strong>Kasutamine:\u00a0<\/strong>Pihusta toodet otse juustele 25\u201330cm kauguselt. V\u00f5id pihustada ka juukseharjale, seej\u00e4rel juukseid kammides. Kingib juustele erilise s\u00e4ra ja meeldiva aroomi.<\/p>\n<p><strong>Koostis:\u00a0<\/strong>Alcohol Denat. (SD Alcohol 39-C), Parfum (Fragrance), Aqua (Water), Argania Spinosa (Argan) Kernel Oil, Silk Amino Acids, Ethylhexyl Methoxycinnamate, Benzoic Acid, Limonene<\/p>\n","protected":false},"excerpt":{"rendered":"<p><strong>Juukseparf\u00fc\u00fcm<\/strong><\/p>\n<p>Balmain Hair Couture tutvustab Sulle juukseparf\u00fc\u00fcmi: delikaatset juukseudu, mis ergutab meeli ning kingib v\u00e4rske ja harmoonilise aroomi.<\/p>\n<p>Tagab kauakestva l\u00e4ike ja kaitse v\u00e4lism\u00f5jude eest. Siidiproteiin ja argaania\u00f5li s\u00e4ilitavad optimaalse niiskustaseme juustes, parandavad ja kaitsevad kahjustunud, kuivi ja n\u00f5rkasid juukseid kahjuliku keskkonnam\u00f5ju eest. Muudab juuksed l\u00e4ikivaks ja s\u00e4ravaks.<\/p>\n<p>\u2022 Balmain Hair Couture signatuurl\u00f5hn selle puhtamail kujul.<br \/>\n\u2022 Sisaldab orgaanilist argaania\u00f5li ja siidiproteiini.<br \/>\n\u2022 Luksusliku musta v\u00e4rvi l\u00f5hnapihustiga, tagamaks eriti peene pealekandmise!<\/p>\n","protected":false},"featured_media":21706,"template":"","meta":[],"product_brand":[464],"product_cat":[266,265,118,276,125,210,121,217,220,196,274],"product_tag":[],"class_list":{"0":"post-34970","1":"product","2":"type-product","3":"status-publish","4":"has-post-thumbnail","6":"product_brand-balmain-hair","7":"product_cat-balmain-hair","8":"product_cat-brandid","9":"product_cat-juukseparfuum-reisile","10":"product_cat-juukseparfuum-meestele","11":"product_cat-juukseparfuum","12":"product_cat-kaitse","13":"product_cat-koik-tooted","14":"product_cat-maskid-ja-hooldus","15":"product_cat-pehmed-kahuvabad","16":"product_cat-viimistlus","17":"product_cat-viimistlus-meestele","19":"first","20":"instock","21":"taxable","22":"shipping-taxable","23":"purchasable","24":"product-type-simple","25":"add-to-wishlist-after_add_to_cart"},"yoast_head":"<!-- This site is optimized with the Yoast SEO plugin v27.5 - https:\/\/yoast.com\/product\/yoast-seo-wordpress\/ -->\n<title>BALMAIN HAIR pihustiga juukseparf\u00fc\u00fcm \/ Hair Perfume with Vaporizer 100ml - Hair Deluxe<\/title>\n<meta name=\"robots\" content=\"index, follow, max-snippet:-1, max-image-preview:large, max-video-preview:-1\" \/>\n<link rel=\"canonical\" href=\"https:\/\/hairdeluxe.ee\/en\/product\/balmain-juukseparfuum-perfume-100ml\/\" \/>\n<meta property=\"og:locale\" content=\"en_US\" \/>\n<meta property=\"og:type\" content=\"article\" \/>\n<meta property=\"og:title\" content=\"BALMAIN HAIR pihustiga juukseparf\u00fc\u00fcm \/ Hair Perfume with Vaporizer 100ml - Hair Deluxe\" \/>\n<meta property=\"og:description\" content=\"Juukseparf\u00fc\u00fcm  Balmain Hair Couture tutvustab Sulle juukseparf\u00fc\u00fcmi: delikaatset juukseudu, mis ergutab meeli ning kingib v\u00e4rske ja harmoonilise aroomi.  Tagab kauakestva l\u00e4ike ja kaitse v\u00e4lism\u00f5jude eest. Siidiproteiin ja argaania\u00f5li s\u00e4ilitavad optimaalse niiskustaseme juustes, parandavad ja kaitsevad kahjustunud, kuivi ja n\u00f5rkasid juukseid kahjuliku keskkonnam\u00f5ju eest. Muudab juuksed l\u00e4ikivaks ja s\u00e4ravaks.  \u2022 Balmain Hair Couture signatuurl\u00f5hn selle puhtamail kujul. \u2022 Sisaldab orgaanilist argaania\u00f5li ja siidiproteiini. \u2022 Luksusliku musta v\u00e4rvi l\u00f5hnapihustiga, tagamaks eriti peene pealekandmise!\" \/>\n<meta property=\"og:url\" content=\"https:\/\/hairdeluxe.ee\/en\/product\/balmain-juukseparfuum-perfume-100ml\/\" \/>\n<meta property=\"og:site_name\" content=\"Hair Deluxe\" \/>\n<meta property=\"article:publisher\" content=\"https:\/\/www.facebook.com\/blowbartallinn\" \/>\n<meta property=\"article:modified_time\" content=\"2025-03-18T19:22:33+00:00\" \/>\n<meta property=\"og:image\" content=\"https:\/\/hairdeluxe.ee\/wp-content\/uploads\/2021\/03\/hair-perfume.jpg\" \/>\n\t<meta property=\"og:image:width\" content=\"800\" \/>\n\t<meta property=\"og:image:height\" content=\"800\" \/>\n\t<meta property=\"og:image:type\" content=\"image\/jpeg\" \/>\n<meta name=\"twitter:card\" content=\"summary_large_image\" \/>\n<meta name=\"twitter:label1\" content=\"Est. reading time\" \/>\n\t<meta name=\"twitter:data1\" content=\"1 minute\" \/>\n<script type=\"application\/ld+json\" class=\"yoast-schema-graph\">{\"@context\":\"https:\\\/\\\/schema.org\",\"@graph\":[{\"@type\":\"WebPage\",\"@id\":\"https:\\\/\\\/hairdeluxe.ee\\\/en\\\/product\\\/balmain-juukseparfuum-perfume-100ml\\\/\",\"url\":\"https:\\\/\\\/hairdeluxe.ee\\\/en\\\/product\\\/balmain-juukseparfuum-perfume-100ml\\\/\",\"name\":\"BALMAIN HAIR pihustiga juukseparf\u00fc\u00fcm \\\/ Hair Perfume with Vaporizer 100ml - Hair Deluxe\",\"isPartOf\":{\"@id\":\"https:\\\/\\\/hairdeluxe.ee\\\/en\\\/#website\"},\"primaryImageOfPage\":{\"@id\":\"https:\\\/\\\/hairdeluxe.ee\\\/en\\\/product\\\/balmain-juukseparfuum-perfume-100ml\\\/#primaryimage\"},\"image\":{\"@id\":\"https:\\\/\\\/hairdeluxe.ee\\\/en\\\/product\\\/balmain-juukseparfuum-perfume-100ml\\\/#primaryimage\"},\"thumbnailUrl\":\"https:\\\/\\\/hairdeluxe.ee\\\/wp-content\\\/uploads\\\/2021\\\/03\\\/hair-perfume.jpg\",\"datePublished\":\"2024-02-03T07:07:32+00:00\",\"dateModified\":\"2025-03-18T19:22:33+00:00\",\"breadcrumb\":{\"@id\":\"https:\\\/\\\/hairdeluxe.ee\\\/en\\\/product\\\/balmain-juukseparfuum-perfume-100ml\\\/#breadcrumb\"},\"inLanguage\":\"en-US\",\"potentialAction\":[{\"@type\":\"ReadAction\",\"target\":[\"https:\\\/\\\/hairdeluxe.ee\\\/en\\\/product\\\/balmain-juukseparfuum-perfume-100ml\\\/\"]}]},{\"@type\":\"ImageObject\",\"inLanguage\":\"en-US\",\"@id\":\"https:\\\/\\\/hairdeluxe.ee\\\/en\\\/product\\\/balmain-juukseparfuum-perfume-100ml\\\/#primaryimage\",\"url\":\"https:\\\/\\\/hairdeluxe.ee\\\/wp-content\\\/uploads\\\/2021\\\/03\\\/hair-perfume.jpg\",\"contentUrl\":\"https:\\\/\\\/hairdeluxe.ee\\\/wp-content\\\/uploads\\\/2021\\\/03\\\/hair-perfume.jpg\",\"width\":800,\"height\":800},{\"@type\":\"BreadcrumbList\",\"@id\":\"https:\\\/\\\/hairdeluxe.ee\\\/en\\\/product\\\/balmain-juukseparfuum-perfume-100ml\\\/#breadcrumb\",\"itemListElement\":[{\"@type\":\"ListItem\",\"position\":1,\"name\":\"Home\",\"item\":\"https:\\\/\\\/hairdeluxe.ee\\\/en\\\/\"},{\"@type\":\"ListItem\",\"position\":2,\"name\":\"Shop\",\"item\":\"https:\\\/\\\/hairdeluxe.ee\\\/en\\\/shop\\\/\"},{\"@type\":\"ListItem\",\"position\":3,\"name\":\"BALMAIN HAIR pihustiga juukseparf\u00fc\u00fcm \\\/ Hair Perfume with Vaporizer 100ml\"}]},{\"@type\":\"WebSite\",\"@id\":\"https:\\\/\\\/hairdeluxe.ee\\\/en\\\/#website\",\"url\":\"https:\\\/\\\/hairdeluxe.ee\\\/en\\\/\",\"name\":\"Hair Deluxe\",\"description\":\"Highlight your natural beauty\",\"publisher\":{\"@id\":\"https:\\\/\\\/hairdeluxe.ee\\\/en\\\/#organization\"},\"potentialAction\":[{\"@type\":\"SearchAction\",\"target\":{\"@type\":\"EntryPoint\",\"urlTemplate\":\"https:\\\/\\\/hairdeluxe.ee\\\/en\\\/?s={search_term_string}\"},\"query-input\":{\"@type\":\"PropertyValueSpecification\",\"valueRequired\":true,\"valueName\":\"search_term_string\"}}],\"inLanguage\":\"en-US\"},{\"@type\":\"Organization\",\"@id\":\"https:\\\/\\\/hairdeluxe.ee\\\/en\\\/#organization\",\"name\":\"Hair Deluxe\",\"url\":\"https:\\\/\\\/hairdeluxe.ee\\\/en\\\/\",\"logo\":{\"@type\":\"ImageObject\",\"inLanguage\":\"en-US\",\"@id\":\"https:\\\/\\\/hairdeluxe.ee\\\/en\\\/#\\\/schema\\\/logo\\\/image\\\/\",\"url\":\"https:\\\/\\\/hairdeluxe.ee\\\/wp-content\\\/uploads\\\/2024\\\/06\\\/Hair-Deluxe-Logo-Dark-font.png\",\"contentUrl\":\"https:\\\/\\\/hairdeluxe.ee\\\/wp-content\\\/uploads\\\/2024\\\/06\\\/Hair-Deluxe-Logo-Dark-font.png\",\"width\":467,\"height\":177,\"caption\":\"Hair Deluxe\"},\"image\":{\"@id\":\"https:\\\/\\\/hairdeluxe.ee\\\/en\\\/#\\\/schema\\\/logo\\\/image\\\/\"},\"sameAs\":[\"https:\\\/\\\/www.facebook.com\\\/blowbartallinn\",\"https:\\\/\\\/www.instagram.com\\\/blowbar_tallinn\"]}]}<\/script>\n<!-- \/ Yoast SEO plugin. -->","yoast_head_json":{"title":"BALMAIN HAIR pihustiga juukseparf\u00fc\u00fcm \/ Hair Perfume with Vaporizer 100ml - Hair Deluxe","robots":{"index":"index","follow":"follow","max-snippet":"max-snippet:-1","max-image-preview":"max-image-preview:large","max-video-preview":"max-video-preview:-1"},"canonical":"https:\/\/hairdeluxe.ee\/en\/product\/balmain-juukseparfuum-perfume-100ml\/","og_locale":"en_US","og_type":"article","og_title":"BALMAIN HAIR pihustiga juukseparf\u00fc\u00fcm \/ Hair Perfume with Vaporizer 100ml - Hair Deluxe","og_description":"Juukseparf\u00fc\u00fcm  Balmain Hair Couture tutvustab Sulle juukseparf\u00fc\u00fcmi: delikaatset juukseudu, mis ergutab meeli ning kingib v\u00e4rske ja harmoonilise aroomi.  Tagab kauakestva l\u00e4ike ja kaitse v\u00e4lism\u00f5jude eest. Siidiproteiin ja argaania\u00f5li s\u00e4ilitavad optimaalse niiskustaseme juustes, parandavad ja kaitsevad kahjustunud, kuivi ja n\u00f5rkasid juukseid kahjuliku keskkonnam\u00f5ju eest. Muudab juuksed l\u00e4ikivaks ja s\u00e4ravaks.  \u2022 Balmain Hair Couture signatuurl\u00f5hn selle puhtamail kujul. \u2022 Sisaldab orgaanilist argaania\u00f5li ja siidiproteiini. \u2022 Luksusliku musta v\u00e4rvi l\u00f5hnapihustiga, tagamaks eriti peene pealekandmise!","og_url":"https:\/\/hairdeluxe.ee\/en\/product\/balmain-juukseparfuum-perfume-100ml\/","og_site_name":"Hair Deluxe","article_publisher":"https:\/\/www.facebook.com\/blowbartallinn","article_modified_time":"2025-03-18T19:22:33+00:00","og_image":[{"width":800,"height":800,"url":"https:\/\/hairdeluxe.ee\/wp-content\/uploads\/2021\/03\/hair-perfume.jpg","type":"image\/jpeg"}],"twitter_card":"summary_large_image","twitter_misc":{"Est. reading time":"1 minute"},"schema":{"@context":"https:\/\/schema.org","@graph":[{"@type":"WebPage","@id":"https:\/\/hairdeluxe.ee\/en\/product\/balmain-juukseparfuum-perfume-100ml\/","url":"https:\/\/hairdeluxe.ee\/en\/product\/balmain-juukseparfuum-perfume-100ml\/","name":"BALMAIN HAIR pihustiga juukseparf\u00fc\u00fcm \/ Hair Perfume with Vaporizer 100ml - Hair Deluxe","isPartOf":{"@id":"https:\/\/hairdeluxe.ee\/en\/#website"},"primaryImageOfPage":{"@id":"https:\/\/hairdeluxe.ee\/en\/product\/balmain-juukseparfuum-perfume-100ml\/#primaryimage"},"image":{"@id":"https:\/\/hairdeluxe.ee\/en\/product\/balmain-juukseparfuum-perfume-100ml\/#primaryimage"},"thumbnailUrl":"https:\/\/hairdeluxe.ee\/wp-content\/uploads\/2021\/03\/hair-perfume.jpg","datePublished":"2024-02-03T07:07:32+00:00","dateModified":"2025-03-18T19:22:33+00:00","breadcrumb":{"@id":"https:\/\/hairdeluxe.ee\/en\/product\/balmain-juukseparfuum-perfume-100ml\/#breadcrumb"},"inLanguage":"en-US","potentialAction":[{"@type":"ReadAction","target":["https:\/\/hairdeluxe.ee\/en\/product\/balmain-juukseparfuum-perfume-100ml\/"]}]},{"@type":"ImageObject","inLanguage":"en-US","@id":"https:\/\/hairdeluxe.ee\/en\/product\/balmain-juukseparfuum-perfume-100ml\/#primaryimage","url":"https:\/\/hairdeluxe.ee\/wp-content\/uploads\/2021\/03\/hair-perfume.jpg","contentUrl":"https:\/\/hairdeluxe.ee\/wp-content\/uploads\/2021\/03\/hair-perfume.jpg","width":800,"height":800},{"@type":"BreadcrumbList","@id":"https:\/\/hairdeluxe.ee\/en\/product\/balmain-juukseparfuum-perfume-100ml\/#breadcrumb","itemListElement":[{"@type":"ListItem","position":1,"name":"Home","item":"https:\/\/hairdeluxe.ee\/en\/"},{"@type":"ListItem","position":2,"name":"Shop","item":"https:\/\/hairdeluxe.ee\/en\/shop\/"},{"@type":"ListItem","position":3,"name":"BALMAIN HAIR pihustiga juukseparf\u00fc\u00fcm \/ Hair Perfume with Vaporizer 100ml"}]},{"@type":"WebSite","@id":"https:\/\/hairdeluxe.ee\/en\/#website","url":"https:\/\/hairdeluxe.ee\/en\/","name":"Hair Deluxe","description":"Highlight your natural beauty","publisher":{"@id":"https:\/\/hairdeluxe.ee\/en\/#organization"},"potentialAction":[{"@type":"SearchAction","target":{"@type":"EntryPoint","urlTemplate":"https:\/\/hairdeluxe.ee\/en\/?s={search_term_string}"},"query-input":{"@type":"PropertyValueSpecification","valueRequired":true,"valueName":"search_term_string"}}],"inLanguage":"en-US"},{"@type":"Organization","@id":"https:\/\/hairdeluxe.ee\/en\/#organization","name":"Hair Deluxe","url":"https:\/\/hairdeluxe.ee\/en\/","logo":{"@type":"ImageObject","inLanguage":"en-US","@id":"https:\/\/hairdeluxe.ee\/en\/#\/schema\/logo\/image\/","url":"https:\/\/hairdeluxe.ee\/wp-content\/uploads\/2024\/06\/Hair-Deluxe-Logo-Dark-font.png","contentUrl":"https:\/\/hairdeluxe.ee\/wp-content\/uploads\/2024\/06\/Hair-Deluxe-Logo-Dark-font.png","width":467,"height":177,"caption":"Hair Deluxe"},"image":{"@id":"https:\/\/hairdeluxe.ee\/en\/#\/schema\/logo\/image\/"},"sameAs":["https:\/\/www.facebook.com\/blowbartallinn","https:\/\/www.instagram.com\/blowbar_tallinn"]}]}},"_links":{"self":[{"href":"https:\/\/hairdeluxe.ee\/en\/wp-json\/wp\/v2\/product\/34970","targetHints":{"allow":["GET"]}}],"collection":[{"href":"https:\/\/hairdeluxe.ee\/en\/wp-json\/wp\/v2\/product"}],"about":[{"href":"https:\/\/hairdeluxe.ee\/en\/wp-json\/wp\/v2\/types\/product"}],"wp:featuredmedia":[{"embeddable":true,"href":"https:\/\/hairdeluxe.ee\/en\/wp-json\/wp\/v2\/media\/21706"}],"wp:attachment":[{"href":"https:\/\/hairdeluxe.ee\/en\/wp-json\/wp\/v2\/media?parent=34970"}],"wp:term":[{"taxonomy":"product_brand","embeddable":true,"href":"https:\/\/hairdeluxe.ee\/en\/wp-json\/wp\/v2\/product_brand?post=34970"},{"taxonomy":"product_cat","embeddable":true,"href":"https:\/\/hairdeluxe.ee\/en\/wp-json\/wp\/v2\/product_cat?post=34970"},{"taxonomy":"product_tag","embeddable":true,"href":"https:\/\/hairdeluxe.ee\/en\/wp-json\/wp\/v2\/product_tag?post=34970"}],"curies":[{"name":"wp","href":"https:\/\/api.w.org\/{rel}","templated":true}]}}