{"id":34986,"date":"2024-02-03T09:07:41","date_gmt":"2024-02-03T07:07:41","guid":{"rendered":"https:\/\/blowbar.ee\/?post_type=product&#038;p=34986"},"modified":"2025-03-18T19:22:32","modified_gmt":"2025-03-18T19:22:32","slug":"balmain-turkiis-kohvrike-backstage-session-case-turquoise-40","status":"publish","type":"product","link":"https:\/\/hairdeluxe.ee\/en\/product\/balmain-turkiis-kohvrike-backstage-session-case-turquoise-40\/","title":{"rendered":"BALMAIN HAIR t\u00fcrkiis kohvrike \/ Backstage Session Case Turquoise"},"content":{"rendered":"<p class=\"product-title product_title entry-title\"><strong>Balmain Hair Sun Protection Spray 200ml<br \/>\n<\/strong><strong><em>Koostis:\u00a0<\/em><\/strong><em>Aqua, Glycerin, Silk Amino Acids, Argania Spinosa Kernel Extract, Ethylhexyl Methoxycinnamate, Benzophenone-4, Tocopheryl Acetate, Panthenol, Niacinamide, Sodium Cocoyl Amino Acids, Potassium Dimethicone PEG-7 Panthenyl Phosphate, Cetrimonium Chloride, PEG-40 Hydrogenated Castor Oil, Polysorbate 20, Amodimethicone, -C11-15 -Pareth-7, C12-16 Pareth-9, -Trideceth-12, -Butylene Glycol, Phenoxyethanol, Ethyl-hexyl\u2014glycerin, Parfum, Citric Acid, CI 42090, CI 47005, CI 61570<\/em><\/p>\n<p class=\"product-title product_title entry-title\"><strong>Balmain Hair Texturizing Salt Spray 200ml<br \/>\n<\/strong><strong><em>Koostis:\u00a0<\/em><\/strong><em>Aqua, Alcohol Denat., Sorbitol, Polyacrylate-22, Sodium Chloride (Sea Salt), Silk Amino Acids, Panthenol, Glycerin, Ethylhexyl Methoxycinnamate, Parfum, CI 13015, CI 16255.<\/em><\/p>\n","protected":false},"excerpt":{"rendered":"<p>Balmaini kevad\/suvi moekollektsioonist inspireerituna k\u00f5vakattega sissepressitud Balmain Hair B-logoga t\u00fcrkiissinine kosmeetikakott on mitmeotstarbeline. Kosmeetikakott sisaldab suurep\u00e4raseid tooteid juuste ja soengu viimistlemiseks.<br \/>\nIdeaalne kingiidee nii endale kui l\u00e4hedastele.<\/p>\n<p><strong>Komplekt sisaldab:<\/strong><br \/>\n&#8211; Kompaktne ja kerge t\u00fcrkiisroheline taskukamm<br \/>\n&#8211; P\u00e4ikesekaitse sprei 200ml (Sun Protection Spray)<br \/>\n&#8211; Tekstuuri andev soolasprei 200ml (Texturizing Salt Spray)<\/p>\n","protected":false},"featured_media":35171,"template":"","meta":[],"product_brand":[464],"product_cat":[266,265,206,114,128,129,130,121],"product_tag":[],"class_list":{"0":"post-34986","1":"product","2":"type-product","3":"status-publish","4":"has-post-thumbnail","6":"product_brand-balmain-hair","7":"product_cat-balmain-hair","8":"product_cat-brandid","9":"product_cat-erikollektsioonid","10":"product_cat-eripakkumised","11":"product_cat-kammid-harjad","12":"product_cat-kingitused","13":"product_cat-kinkekomplektid","14":"product_cat-koik-tooted","16":"first","17":"instock","18":"taxable","19":"shipping-taxable","20":"purchasable","21":"product-type-simple","22":"add-to-wishlist-after_add_to_cart"},"yoast_head":"<!-- This site is optimized with the Yoast SEO plugin v27.5 - https:\/\/yoast.com\/product\/yoast-seo-wordpress\/ -->\n<title>BALMAIN HAIR t\u00fcrkiis kohvrike \/ Backstage Session Case Turquoise - Hair Deluxe<\/title>\n<meta name=\"robots\" content=\"index, follow, max-snippet:-1, max-image-preview:large, max-video-preview:-1\" \/>\n<link rel=\"canonical\" href=\"https:\/\/hairdeluxe.ee\/en\/product\/balmain-turkiis-kohvrike-backstage-session-case-turquoise-40\/\" \/>\n<meta property=\"og:locale\" content=\"en_US\" \/>\n<meta property=\"og:type\" content=\"article\" \/>\n<meta property=\"og:title\" content=\"BALMAIN HAIR t\u00fcrkiis kohvrike \/ Backstage Session Case Turquoise - Hair Deluxe\" \/>\n<meta property=\"og:description\" content=\"Balmaini kevad\/suvi moekollektsioonist inspireerituna k\u00f5vakattega sissepressitud Balmain Hair B-logoga t\u00fcrkiissinine kosmeetikakott on mitmeotstarbeline. Kosmeetikakott sisaldab suurep\u00e4raseid tooteid juuste ja soengu viimistlemiseks. Ideaalne kingiidee nii endale kui l\u00e4hedastele.  Komplekt sisaldab: - Kompaktne ja kerge t\u00fcrkiisroheline taskukamm - P\u00e4ikesekaitse sprei 200ml (Sun Protection Spray) - Tekstuuri andev soolasprei 200ml (Texturizing Salt Spray)\" \/>\n<meta property=\"og:url\" content=\"https:\/\/hairdeluxe.ee\/en\/product\/balmain-turkiis-kohvrike-backstage-session-case-turquoise-40\/\" \/>\n<meta property=\"og:site_name\" content=\"Hair Deluxe\" \/>\n<meta property=\"article:publisher\" content=\"https:\/\/www.facebook.com\/blowbartallinn\" \/>\n<meta property=\"article:modified_time\" content=\"2025-03-18T19:22:32+00:00\" \/>\n<meta property=\"og:image\" content=\"https:\/\/hairdeluxe.ee\/wp-content\/uploads\/2024\/02\/BalmainHair_LimitedEdition_BackstageCase_SpringSummer21_800x800.jpg\" \/>\n\t<meta property=\"og:image:width\" content=\"800\" \/>\n\t<meta property=\"og:image:height\" content=\"800\" \/>\n\t<meta property=\"og:image:type\" content=\"image\/jpeg\" \/>\n<meta name=\"twitter:card\" content=\"summary_large_image\" \/>\n<meta name=\"twitter:label1\" content=\"Est. reading time\" \/>\n\t<meta name=\"twitter:data1\" content=\"1 minute\" \/>\n<script type=\"application\/ld+json\" class=\"yoast-schema-graph\">{\"@context\":\"https:\\\/\\\/schema.org\",\"@graph\":[{\"@type\":\"WebPage\",\"@id\":\"https:\\\/\\\/hairdeluxe.ee\\\/en\\\/product\\\/balmain-turkiis-kohvrike-backstage-session-case-turquoise-40\\\/\",\"url\":\"https:\\\/\\\/hairdeluxe.ee\\\/en\\\/product\\\/balmain-turkiis-kohvrike-backstage-session-case-turquoise-40\\\/\",\"name\":\"BALMAIN HAIR t\u00fcrkiis kohvrike \\\/ Backstage Session Case Turquoise - Hair Deluxe\",\"isPartOf\":{\"@id\":\"https:\\\/\\\/hairdeluxe.ee\\\/en\\\/#website\"},\"primaryImageOfPage\":{\"@id\":\"https:\\\/\\\/hairdeluxe.ee\\\/en\\\/product\\\/balmain-turkiis-kohvrike-backstage-session-case-turquoise-40\\\/#primaryimage\"},\"image\":{\"@id\":\"https:\\\/\\\/hairdeluxe.ee\\\/en\\\/product\\\/balmain-turkiis-kohvrike-backstage-session-case-turquoise-40\\\/#primaryimage\"},\"thumbnailUrl\":\"https:\\\/\\\/hairdeluxe.ee\\\/wp-content\\\/uploads\\\/2024\\\/02\\\/BalmainHair_LimitedEdition_BackstageCase_SpringSummer21_800x800.jpg\",\"datePublished\":\"2024-02-03T07:07:41+00:00\",\"dateModified\":\"2025-03-18T19:22:32+00:00\",\"breadcrumb\":{\"@id\":\"https:\\\/\\\/hairdeluxe.ee\\\/en\\\/product\\\/balmain-turkiis-kohvrike-backstage-session-case-turquoise-40\\\/#breadcrumb\"},\"inLanguage\":\"en-US\",\"potentialAction\":[{\"@type\":\"ReadAction\",\"target\":[\"https:\\\/\\\/hairdeluxe.ee\\\/en\\\/product\\\/balmain-turkiis-kohvrike-backstage-session-case-turquoise-40\\\/\"]}]},{\"@type\":\"ImageObject\",\"inLanguage\":\"en-US\",\"@id\":\"https:\\\/\\\/hairdeluxe.ee\\\/en\\\/product\\\/balmain-turkiis-kohvrike-backstage-session-case-turquoise-40\\\/#primaryimage\",\"url\":\"https:\\\/\\\/hairdeluxe.ee\\\/wp-content\\\/uploads\\\/2024\\\/02\\\/BalmainHair_LimitedEdition_BackstageCase_SpringSummer21_800x800.jpg\",\"contentUrl\":\"https:\\\/\\\/hairdeluxe.ee\\\/wp-content\\\/uploads\\\/2024\\\/02\\\/BalmainHair_LimitedEdition_BackstageCase_SpringSummer21_800x800.jpg\",\"width\":800,\"height\":800},{\"@type\":\"BreadcrumbList\",\"@id\":\"https:\\\/\\\/hairdeluxe.ee\\\/en\\\/product\\\/balmain-turkiis-kohvrike-backstage-session-case-turquoise-40\\\/#breadcrumb\",\"itemListElement\":[{\"@type\":\"ListItem\",\"position\":1,\"name\":\"Home\",\"item\":\"https:\\\/\\\/hairdeluxe.ee\\\/en\\\/\"},{\"@type\":\"ListItem\",\"position\":2,\"name\":\"Shop\",\"item\":\"https:\\\/\\\/hairdeluxe.ee\\\/en\\\/shop\\\/\"},{\"@type\":\"ListItem\",\"position\":3,\"name\":\"BALMAIN HAIR t\u00fcrkiis kohvrike \\\/ Backstage Session Case Turquoise\"}]},{\"@type\":\"WebSite\",\"@id\":\"https:\\\/\\\/hairdeluxe.ee\\\/en\\\/#website\",\"url\":\"https:\\\/\\\/hairdeluxe.ee\\\/en\\\/\",\"name\":\"Hair Deluxe\",\"description\":\"Highlight your natural beauty\",\"publisher\":{\"@id\":\"https:\\\/\\\/hairdeluxe.ee\\\/en\\\/#organization\"},\"potentialAction\":[{\"@type\":\"SearchAction\",\"target\":{\"@type\":\"EntryPoint\",\"urlTemplate\":\"https:\\\/\\\/hairdeluxe.ee\\\/en\\\/?s={search_term_string}\"},\"query-input\":{\"@type\":\"PropertyValueSpecification\",\"valueRequired\":true,\"valueName\":\"search_term_string\"}}],\"inLanguage\":\"en-US\"},{\"@type\":\"Organization\",\"@id\":\"https:\\\/\\\/hairdeluxe.ee\\\/en\\\/#organization\",\"name\":\"Hair Deluxe\",\"url\":\"https:\\\/\\\/hairdeluxe.ee\\\/en\\\/\",\"logo\":{\"@type\":\"ImageObject\",\"inLanguage\":\"en-US\",\"@id\":\"https:\\\/\\\/hairdeluxe.ee\\\/en\\\/#\\\/schema\\\/logo\\\/image\\\/\",\"url\":\"https:\\\/\\\/hairdeluxe.ee\\\/wp-content\\\/uploads\\\/2024\\\/06\\\/Hair-Deluxe-Logo-Dark-font.png\",\"contentUrl\":\"https:\\\/\\\/hairdeluxe.ee\\\/wp-content\\\/uploads\\\/2024\\\/06\\\/Hair-Deluxe-Logo-Dark-font.png\",\"width\":467,\"height\":177,\"caption\":\"Hair Deluxe\"},\"image\":{\"@id\":\"https:\\\/\\\/hairdeluxe.ee\\\/en\\\/#\\\/schema\\\/logo\\\/image\\\/\"},\"sameAs\":[\"https:\\\/\\\/www.facebook.com\\\/blowbartallinn\",\"https:\\\/\\\/www.instagram.com\\\/blowbar_tallinn\"]}]}<\/script>\n<!-- \/ Yoast SEO plugin. -->","yoast_head_json":{"title":"BALMAIN HAIR t\u00fcrkiis kohvrike \/ Backstage Session Case Turquoise - Hair Deluxe","robots":{"index":"index","follow":"follow","max-snippet":"max-snippet:-1","max-image-preview":"max-image-preview:large","max-video-preview":"max-video-preview:-1"},"canonical":"https:\/\/hairdeluxe.ee\/en\/product\/balmain-turkiis-kohvrike-backstage-session-case-turquoise-40\/","og_locale":"en_US","og_type":"article","og_title":"BALMAIN HAIR t\u00fcrkiis kohvrike \/ Backstage Session Case Turquoise - Hair Deluxe","og_description":"Balmaini kevad\/suvi moekollektsioonist inspireerituna k\u00f5vakattega sissepressitud Balmain Hair B-logoga t\u00fcrkiissinine kosmeetikakott on mitmeotstarbeline. Kosmeetikakott sisaldab suurep\u00e4raseid tooteid juuste ja soengu viimistlemiseks. Ideaalne kingiidee nii endale kui l\u00e4hedastele.  Komplekt sisaldab: - Kompaktne ja kerge t\u00fcrkiisroheline taskukamm - P\u00e4ikesekaitse sprei 200ml (Sun Protection Spray) - Tekstuuri andev soolasprei 200ml (Texturizing Salt Spray)","og_url":"https:\/\/hairdeluxe.ee\/en\/product\/balmain-turkiis-kohvrike-backstage-session-case-turquoise-40\/","og_site_name":"Hair Deluxe","article_publisher":"https:\/\/www.facebook.com\/blowbartallinn","article_modified_time":"2025-03-18T19:22:32+00:00","og_image":[{"width":800,"height":800,"url":"https:\/\/hairdeluxe.ee\/wp-content\/uploads\/2024\/02\/BalmainHair_LimitedEdition_BackstageCase_SpringSummer21_800x800.jpg","type":"image\/jpeg"}],"twitter_card":"summary_large_image","twitter_misc":{"Est. reading time":"1 minute"},"schema":{"@context":"https:\/\/schema.org","@graph":[{"@type":"WebPage","@id":"https:\/\/hairdeluxe.ee\/en\/product\/balmain-turkiis-kohvrike-backstage-session-case-turquoise-40\/","url":"https:\/\/hairdeluxe.ee\/en\/product\/balmain-turkiis-kohvrike-backstage-session-case-turquoise-40\/","name":"BALMAIN HAIR t\u00fcrkiis kohvrike \/ Backstage Session Case Turquoise - Hair Deluxe","isPartOf":{"@id":"https:\/\/hairdeluxe.ee\/en\/#website"},"primaryImageOfPage":{"@id":"https:\/\/hairdeluxe.ee\/en\/product\/balmain-turkiis-kohvrike-backstage-session-case-turquoise-40\/#primaryimage"},"image":{"@id":"https:\/\/hairdeluxe.ee\/en\/product\/balmain-turkiis-kohvrike-backstage-session-case-turquoise-40\/#primaryimage"},"thumbnailUrl":"https:\/\/hairdeluxe.ee\/wp-content\/uploads\/2024\/02\/BalmainHair_LimitedEdition_BackstageCase_SpringSummer21_800x800.jpg","datePublished":"2024-02-03T07:07:41+00:00","dateModified":"2025-03-18T19:22:32+00:00","breadcrumb":{"@id":"https:\/\/hairdeluxe.ee\/en\/product\/balmain-turkiis-kohvrike-backstage-session-case-turquoise-40\/#breadcrumb"},"inLanguage":"en-US","potentialAction":[{"@type":"ReadAction","target":["https:\/\/hairdeluxe.ee\/en\/product\/balmain-turkiis-kohvrike-backstage-session-case-turquoise-40\/"]}]},{"@type":"ImageObject","inLanguage":"en-US","@id":"https:\/\/hairdeluxe.ee\/en\/product\/balmain-turkiis-kohvrike-backstage-session-case-turquoise-40\/#primaryimage","url":"https:\/\/hairdeluxe.ee\/wp-content\/uploads\/2024\/02\/BalmainHair_LimitedEdition_BackstageCase_SpringSummer21_800x800.jpg","contentUrl":"https:\/\/hairdeluxe.ee\/wp-content\/uploads\/2024\/02\/BalmainHair_LimitedEdition_BackstageCase_SpringSummer21_800x800.jpg","width":800,"height":800},{"@type":"BreadcrumbList","@id":"https:\/\/hairdeluxe.ee\/en\/product\/balmain-turkiis-kohvrike-backstage-session-case-turquoise-40\/#breadcrumb","itemListElement":[{"@type":"ListItem","position":1,"name":"Home","item":"https:\/\/hairdeluxe.ee\/en\/"},{"@type":"ListItem","position":2,"name":"Shop","item":"https:\/\/hairdeluxe.ee\/en\/shop\/"},{"@type":"ListItem","position":3,"name":"BALMAIN HAIR t\u00fcrkiis kohvrike \/ Backstage Session Case Turquoise"}]},{"@type":"WebSite","@id":"https:\/\/hairdeluxe.ee\/en\/#website","url":"https:\/\/hairdeluxe.ee\/en\/","name":"Hair Deluxe","description":"Highlight your natural beauty","publisher":{"@id":"https:\/\/hairdeluxe.ee\/en\/#organization"},"potentialAction":[{"@type":"SearchAction","target":{"@type":"EntryPoint","urlTemplate":"https:\/\/hairdeluxe.ee\/en\/?s={search_term_string}"},"query-input":{"@type":"PropertyValueSpecification","valueRequired":true,"valueName":"search_term_string"}}],"inLanguage":"en-US"},{"@type":"Organization","@id":"https:\/\/hairdeluxe.ee\/en\/#organization","name":"Hair Deluxe","url":"https:\/\/hairdeluxe.ee\/en\/","logo":{"@type":"ImageObject","inLanguage":"en-US","@id":"https:\/\/hairdeluxe.ee\/en\/#\/schema\/logo\/image\/","url":"https:\/\/hairdeluxe.ee\/wp-content\/uploads\/2024\/06\/Hair-Deluxe-Logo-Dark-font.png","contentUrl":"https:\/\/hairdeluxe.ee\/wp-content\/uploads\/2024\/06\/Hair-Deluxe-Logo-Dark-font.png","width":467,"height":177,"caption":"Hair Deluxe"},"image":{"@id":"https:\/\/hairdeluxe.ee\/en\/#\/schema\/logo\/image\/"},"sameAs":["https:\/\/www.facebook.com\/blowbartallinn","https:\/\/www.instagram.com\/blowbar_tallinn"]}]}},"_links":{"self":[{"href":"https:\/\/hairdeluxe.ee\/en\/wp-json\/wp\/v2\/product\/34986","targetHints":{"allow":["GET"]}}],"collection":[{"href":"https:\/\/hairdeluxe.ee\/en\/wp-json\/wp\/v2\/product"}],"about":[{"href":"https:\/\/hairdeluxe.ee\/en\/wp-json\/wp\/v2\/types\/product"}],"wp:featuredmedia":[{"embeddable":true,"href":"https:\/\/hairdeluxe.ee\/en\/wp-json\/wp\/v2\/media\/35171"}],"wp:attachment":[{"href":"https:\/\/hairdeluxe.ee\/en\/wp-json\/wp\/v2\/media?parent=34986"}],"wp:term":[{"taxonomy":"product_brand","embeddable":true,"href":"https:\/\/hairdeluxe.ee\/en\/wp-json\/wp\/v2\/product_brand?post=34986"},{"taxonomy":"product_cat","embeddable":true,"href":"https:\/\/hairdeluxe.ee\/en\/wp-json\/wp\/v2\/product_cat?post=34986"},{"taxonomy":"product_tag","embeddable":true,"href":"https:\/\/hairdeluxe.ee\/en\/wp-json\/wp\/v2\/product_tag?post=34986"}],"curies":[{"name":"wp","href":"https:\/\/api.w.org\/{rel}","templated":true}]}}