{"id":35027,"date":"2024-02-03T09:08:06","date_gmt":"2024-02-03T07:08:06","guid":{"rendered":"https:\/\/blowbar.ee\/toode\/balmain-hair-juuksepikendusi-taastav-komplekt-prof-aftercare-rejuvenating-hair-extension-treatment\/"},"modified":"2025-03-18T19:22:32","modified_gmt":"2025-03-18T19:22:32","slug":"balmain-juuksepikendusi-taastav-komplekt-prof-aftercare-rejuvenating-hair-extension-treatment","status":"publish","type":"product","link":"https:\/\/hairdeluxe.ee\/en\/product\/balmain-juuksepikendusi-taastav-komplekt-prof-aftercare-rejuvenating-hair-extension-treatment\/","title":{"rendered":"BALMAIN HAIR juuksepikendusi taastav komplekt \/ Prof. Aftercare Rejuvenating Hair Extension Treatment"},"content":{"rendered":"<p><strong>Kuidas kasutada:<\/strong><br \/>\nKanna juustele ja juuste otstesse. \u00c4ra loputa.<\/p>\n<p><strong>Omadused:<br \/>\n<\/strong>&#8211; Koduseks juuste ja juuste otste raviseks.<br \/>\n&#8211; Muudab pikendused tugevaks, pehmeks ja s\u00e4ravaks.<\/p>\n<p>&nbsp;<\/p>\n<p><strong>N\u00b01. Rejuvenating Hair Therapy 250ml<\/strong><br \/>\n<em><strong>Koostis:\u00a0<\/strong>Aqua, Sodium PCA, Cocoglucosides Hydroxypropyltrimonium Chloride, Hydrolyzed, Collagen PGPropyl Methylsilanediol, Amodimethicone, Steartrimonium Chloride, Panthenol, Fragrance\/Parfum, Cetrimonium Chloride, DMDM Hydantoin, Methylparaben, Trideceth-12, Citric Acid.<\/em><\/p>\n<p><strong>N\u00b02. Rejuvenating Hair Serum 50ml<br \/>\n<\/strong><em><strong>Koostis:\u00a0<\/strong>Aqua, Cyclopentasiloxane,\u00a0Dimethicone, Hydrolyzed\u00a0Oat\u00a0protein, Propylene\u00a0Glycol, Acrylates\/Dimethicone Copolymer,\u00a0Simethicone,\u00a0Hydrolyzed\u00a0Wheat\u00a0Protein,\u00a0Hydrogenated\u00a0Safflower\u00a0Seed\u00a0Oil,\u00a0Imdazolidinyl,\u00a0Urea,\u00a0Parfum.<\/em><\/p>\n","protected":false},"excerpt":{"rendered":"<p>Balmain Hair Professional juuksepikendusi taastavas komplektis on noorendav juukseseerum igap\u00e4evaseks juustepikenduste hoolduseks.<br \/>\nHooldus kaitseb nii juuksepikendusi kui ka naturaalseid juukseid kahjustuste eest.<br \/>\nRegulaarse kasutamise tulemusel hoolitsus parandab, harutab lahti, tihendab juuksekulikulid e. soomused ning annab juustele niisutuse, kaitse, elastsuse ja s\u00e4ra.<\/p>\n<p>Spetsiaalselt juuksepikenduste hooldamiseks v\u00e4lja t\u00f6\u00f6tatud Balmain Hair Rejuvenating Hair Extensions Treatment on revolutsiooniline salongihooldus. See hooldus aitab taastada juuksepikendusi hoolduskordade vahepeal. Lisab juukselisanditele tugevust, vastupidavust ja s\u00e4ra.<\/p>\n<p><strong><u>Komplekt<\/u> <u>sisaldab<\/u>:<br \/>\n<\/strong>1x N\u00b01. Rejuvenating Hair Therapy 250ml<br \/>\n1x N\u00b02. Rejuvenating Hair Serum 50ml<br \/>\n1x Segamiskauss<\/p>\n","protected":false},"featured_media":21812,"template":"","meta":[],"product_brand":[464],"product_cat":[266,265,208,126,121,217,155],"product_tag":[],"class_list":{"0":"post-35027","1":"product","2":"type-product","3":"status-publish","4":"has-post-thumbnail","6":"product_brand-balmain-hair","7":"product_cat-balmain-hair","8":"product_cat-brandid","9":"product_cat-juuksehooldus","10":"product_cat-juuksepikendused","11":"product_cat-koik-tooted","12":"product_cat-maskid-ja-hooldus","13":"product_cat-pikenduste-jarelehoolitsus","15":"first","16":"instock","17":"taxable","18":"shipping-taxable","19":"purchasable","20":"product-type-simple","21":"add-to-wishlist-after_add_to_cart"},"yoast_head":"<!-- This site is optimized with the Yoast SEO plugin v27.4 - https:\/\/yoast.com\/product\/yoast-seo-wordpress\/ -->\n<title>BALMAIN HAIR juuksepikendusi taastav komplekt \/ Prof. Aftercare Rejuvenating Hair Extension Treatment - Hair Deluxe<\/title>\n<meta name=\"robots\" content=\"index, follow, max-snippet:-1, max-image-preview:large, max-video-preview:-1\" \/>\n<link rel=\"canonical\" href=\"https:\/\/hairdeluxe.ee\/en\/product\/balmain-juuksepikendusi-taastav-komplekt-prof-aftercare-rejuvenating-hair-extension-treatment\/\" \/>\n<meta property=\"og:locale\" content=\"en_US\" \/>\n<meta property=\"og:type\" content=\"article\" \/>\n<meta property=\"og:title\" content=\"BALMAIN HAIR juuksepikendusi taastav komplekt \/ Prof. Aftercare Rejuvenating Hair Extension Treatment - Hair Deluxe\" \/>\n<meta property=\"og:description\" content=\"Balmain Hair Professional juuksepikendusi taastavas komplektis on noorendav juukseseerum igap\u00e4evaseks juustepikenduste hoolduseks. Hooldus kaitseb nii juuksepikendusi kui ka naturaalseid juukseid kahjustuste eest. Regulaarse kasutamise tulemusel hoolitsus parandab, harutab lahti, tihendab juuksekulikulid e. soomused ning annab juustele niisutuse, kaitse, elastsuse ja s\u00e4ra.  Spetsiaalselt juuksepikenduste hooldamiseks v\u00e4lja t\u00f6\u00f6tatud Balmain Hair Rejuvenating Hair Extensions Treatment on revolutsiooniline salongihooldus. See hooldus aitab taastada juuksepikendusi hoolduskordade vahepeal. Lisab juukselisanditele tugevust, vastupidavust ja s\u00e4ra.  Komplekt sisaldab: 1x N\u00b01. Rejuvenating Hair Therapy 250ml 1x N\u00b02. Rejuvenating Hair Serum 50ml 1x Segamiskauss\" \/>\n<meta property=\"og:url\" content=\"https:\/\/hairdeluxe.ee\/en\/product\/balmain-juuksepikendusi-taastav-komplekt-prof-aftercare-rejuvenating-hair-extension-treatment\/\" \/>\n<meta property=\"og:site_name\" content=\"Hair Deluxe\" \/>\n<meta property=\"article:publisher\" content=\"https:\/\/www.facebook.com\/blowbartallinn\" \/>\n<meta property=\"article:modified_time\" content=\"2025-03-18T19:22:32+00:00\" \/>\n<meta property=\"og:image\" content=\"https:\/\/hairdeluxe.ee\/wp-content\/uploads\/2021\/03\/balmainhair_rejuvenatingtreatment_bottles_800x800.jpg\" \/>\n\t<meta property=\"og:image:width\" content=\"300\" \/>\n\t<meta property=\"og:image:height\" content=\"300\" \/>\n\t<meta property=\"og:image:type\" content=\"image\/jpeg\" \/>\n<meta name=\"twitter:card\" content=\"summary_large_image\" \/>\n<script type=\"application\/ld+json\" class=\"yoast-schema-graph\">{\"@context\":\"https:\\\/\\\/schema.org\",\"@graph\":[{\"@type\":\"WebPage\",\"@id\":\"https:\\\/\\\/hairdeluxe.ee\\\/en\\\/product\\\/balmain-juuksepikendusi-taastav-komplekt-prof-aftercare-rejuvenating-hair-extension-treatment\\\/\",\"url\":\"https:\\\/\\\/hairdeluxe.ee\\\/en\\\/product\\\/balmain-juuksepikendusi-taastav-komplekt-prof-aftercare-rejuvenating-hair-extension-treatment\\\/\",\"name\":\"BALMAIN HAIR juuksepikendusi taastav komplekt \\\/ Prof. Aftercare Rejuvenating Hair Extension Treatment - Hair Deluxe\",\"isPartOf\":{\"@id\":\"https:\\\/\\\/hairdeluxe.ee\\\/en\\\/#website\"},\"primaryImageOfPage\":{\"@id\":\"https:\\\/\\\/hairdeluxe.ee\\\/en\\\/product\\\/balmain-juuksepikendusi-taastav-komplekt-prof-aftercare-rejuvenating-hair-extension-treatment\\\/#primaryimage\"},\"image\":{\"@id\":\"https:\\\/\\\/hairdeluxe.ee\\\/en\\\/product\\\/balmain-juuksepikendusi-taastav-komplekt-prof-aftercare-rejuvenating-hair-extension-treatment\\\/#primaryimage\"},\"thumbnailUrl\":\"https:\\\/\\\/hairdeluxe.ee\\\/wp-content\\\/uploads\\\/2021\\\/03\\\/balmainhair_rejuvenatingtreatment_bottles_800x800.jpg\",\"datePublished\":\"2024-02-03T07:08:06+00:00\",\"dateModified\":\"2025-03-18T19:22:32+00:00\",\"breadcrumb\":{\"@id\":\"https:\\\/\\\/hairdeluxe.ee\\\/en\\\/product\\\/balmain-juuksepikendusi-taastav-komplekt-prof-aftercare-rejuvenating-hair-extension-treatment\\\/#breadcrumb\"},\"inLanguage\":\"en-US\",\"potentialAction\":[{\"@type\":\"ReadAction\",\"target\":[\"https:\\\/\\\/hairdeluxe.ee\\\/en\\\/product\\\/balmain-juuksepikendusi-taastav-komplekt-prof-aftercare-rejuvenating-hair-extension-treatment\\\/\"]}]},{\"@type\":\"ImageObject\",\"inLanguage\":\"en-US\",\"@id\":\"https:\\\/\\\/hairdeluxe.ee\\\/en\\\/product\\\/balmain-juuksepikendusi-taastav-komplekt-prof-aftercare-rejuvenating-hair-extension-treatment\\\/#primaryimage\",\"url\":\"https:\\\/\\\/hairdeluxe.ee\\\/wp-content\\\/uploads\\\/2021\\\/03\\\/balmainhair_rejuvenatingtreatment_bottles_800x800.jpg\",\"contentUrl\":\"https:\\\/\\\/hairdeluxe.ee\\\/wp-content\\\/uploads\\\/2021\\\/03\\\/balmainhair_rejuvenatingtreatment_bottles_800x800.jpg\",\"width\":300,\"height\":300},{\"@type\":\"BreadcrumbList\",\"@id\":\"https:\\\/\\\/hairdeluxe.ee\\\/en\\\/product\\\/balmain-juuksepikendusi-taastav-komplekt-prof-aftercare-rejuvenating-hair-extension-treatment\\\/#breadcrumb\",\"itemListElement\":[{\"@type\":\"ListItem\",\"position\":1,\"name\":\"Home\",\"item\":\"https:\\\/\\\/hairdeluxe.ee\\\/en\\\/\"},{\"@type\":\"ListItem\",\"position\":2,\"name\":\"Shop\",\"item\":\"https:\\\/\\\/hairdeluxe.ee\\\/en\\\/shop\\\/\"},{\"@type\":\"ListItem\",\"position\":3,\"name\":\"BALMAIN HAIR juuksepikendusi taastav komplekt \\\/ Prof. Aftercare Rejuvenating Hair Extension Treatment\"}]},{\"@type\":\"WebSite\",\"@id\":\"https:\\\/\\\/hairdeluxe.ee\\\/en\\\/#website\",\"url\":\"https:\\\/\\\/hairdeluxe.ee\\\/en\\\/\",\"name\":\"Hair Deluxe\",\"description\":\"Highlight your natural beauty\",\"publisher\":{\"@id\":\"https:\\\/\\\/hairdeluxe.ee\\\/en\\\/#organization\"},\"potentialAction\":[{\"@type\":\"SearchAction\",\"target\":{\"@type\":\"EntryPoint\",\"urlTemplate\":\"https:\\\/\\\/hairdeluxe.ee\\\/en\\\/?s={search_term_string}\"},\"query-input\":{\"@type\":\"PropertyValueSpecification\",\"valueRequired\":true,\"valueName\":\"search_term_string\"}}],\"inLanguage\":\"en-US\"},{\"@type\":\"Organization\",\"@id\":\"https:\\\/\\\/hairdeluxe.ee\\\/en\\\/#organization\",\"name\":\"Hair Deluxe\",\"url\":\"https:\\\/\\\/hairdeluxe.ee\\\/en\\\/\",\"logo\":{\"@type\":\"ImageObject\",\"inLanguage\":\"en-US\",\"@id\":\"https:\\\/\\\/hairdeluxe.ee\\\/en\\\/#\\\/schema\\\/logo\\\/image\\\/\",\"url\":\"https:\\\/\\\/hairdeluxe.ee\\\/wp-content\\\/uploads\\\/2024\\\/06\\\/Hair-Deluxe-Logo-Dark-font.png\",\"contentUrl\":\"https:\\\/\\\/hairdeluxe.ee\\\/wp-content\\\/uploads\\\/2024\\\/06\\\/Hair-Deluxe-Logo-Dark-font.png\",\"width\":467,\"height\":177,\"caption\":\"Hair Deluxe\"},\"image\":{\"@id\":\"https:\\\/\\\/hairdeluxe.ee\\\/en\\\/#\\\/schema\\\/logo\\\/image\\\/\"},\"sameAs\":[\"https:\\\/\\\/www.facebook.com\\\/blowbartallinn\",\"https:\\\/\\\/www.instagram.com\\\/blowbar_tallinn\"]}]}<\/script>\n<!-- \/ Yoast SEO plugin. -->","yoast_head_json":{"title":"BALMAIN HAIR juuksepikendusi taastav komplekt \/ Prof. Aftercare Rejuvenating Hair Extension Treatment - Hair Deluxe","robots":{"index":"index","follow":"follow","max-snippet":"max-snippet:-1","max-image-preview":"max-image-preview:large","max-video-preview":"max-video-preview:-1"},"canonical":"https:\/\/hairdeluxe.ee\/en\/product\/balmain-juuksepikendusi-taastav-komplekt-prof-aftercare-rejuvenating-hair-extension-treatment\/","og_locale":"en_US","og_type":"article","og_title":"BALMAIN HAIR juuksepikendusi taastav komplekt \/ Prof. Aftercare Rejuvenating Hair Extension Treatment - Hair Deluxe","og_description":"Balmain Hair Professional juuksepikendusi taastavas komplektis on noorendav juukseseerum igap\u00e4evaseks juustepikenduste hoolduseks. Hooldus kaitseb nii juuksepikendusi kui ka naturaalseid juukseid kahjustuste eest. Regulaarse kasutamise tulemusel hoolitsus parandab, harutab lahti, tihendab juuksekulikulid e. soomused ning annab juustele niisutuse, kaitse, elastsuse ja s\u00e4ra.  Spetsiaalselt juuksepikenduste hooldamiseks v\u00e4lja t\u00f6\u00f6tatud Balmain Hair Rejuvenating Hair Extensions Treatment on revolutsiooniline salongihooldus. See hooldus aitab taastada juuksepikendusi hoolduskordade vahepeal. Lisab juukselisanditele tugevust, vastupidavust ja s\u00e4ra.  Komplekt sisaldab: 1x N\u00b01. Rejuvenating Hair Therapy 250ml 1x N\u00b02. Rejuvenating Hair Serum 50ml 1x Segamiskauss","og_url":"https:\/\/hairdeluxe.ee\/en\/product\/balmain-juuksepikendusi-taastav-komplekt-prof-aftercare-rejuvenating-hair-extension-treatment\/","og_site_name":"Hair Deluxe","article_publisher":"https:\/\/www.facebook.com\/blowbartallinn","article_modified_time":"2025-03-18T19:22:32+00:00","og_image":[{"width":300,"height":300,"url":"https:\/\/hairdeluxe.ee\/wp-content\/uploads\/2021\/03\/balmainhair_rejuvenatingtreatment_bottles_800x800.jpg","type":"image\/jpeg"}],"twitter_card":"summary_large_image","schema":{"@context":"https:\/\/schema.org","@graph":[{"@type":"WebPage","@id":"https:\/\/hairdeluxe.ee\/en\/product\/balmain-juuksepikendusi-taastav-komplekt-prof-aftercare-rejuvenating-hair-extension-treatment\/","url":"https:\/\/hairdeluxe.ee\/en\/product\/balmain-juuksepikendusi-taastav-komplekt-prof-aftercare-rejuvenating-hair-extension-treatment\/","name":"BALMAIN HAIR juuksepikendusi taastav komplekt \/ Prof. Aftercare Rejuvenating Hair Extension Treatment - Hair Deluxe","isPartOf":{"@id":"https:\/\/hairdeluxe.ee\/en\/#website"},"primaryImageOfPage":{"@id":"https:\/\/hairdeluxe.ee\/en\/product\/balmain-juuksepikendusi-taastav-komplekt-prof-aftercare-rejuvenating-hair-extension-treatment\/#primaryimage"},"image":{"@id":"https:\/\/hairdeluxe.ee\/en\/product\/balmain-juuksepikendusi-taastav-komplekt-prof-aftercare-rejuvenating-hair-extension-treatment\/#primaryimage"},"thumbnailUrl":"https:\/\/hairdeluxe.ee\/wp-content\/uploads\/2021\/03\/balmainhair_rejuvenatingtreatment_bottles_800x800.jpg","datePublished":"2024-02-03T07:08:06+00:00","dateModified":"2025-03-18T19:22:32+00:00","breadcrumb":{"@id":"https:\/\/hairdeluxe.ee\/en\/product\/balmain-juuksepikendusi-taastav-komplekt-prof-aftercare-rejuvenating-hair-extension-treatment\/#breadcrumb"},"inLanguage":"en-US","potentialAction":[{"@type":"ReadAction","target":["https:\/\/hairdeluxe.ee\/en\/product\/balmain-juuksepikendusi-taastav-komplekt-prof-aftercare-rejuvenating-hair-extension-treatment\/"]}]},{"@type":"ImageObject","inLanguage":"en-US","@id":"https:\/\/hairdeluxe.ee\/en\/product\/balmain-juuksepikendusi-taastav-komplekt-prof-aftercare-rejuvenating-hair-extension-treatment\/#primaryimage","url":"https:\/\/hairdeluxe.ee\/wp-content\/uploads\/2021\/03\/balmainhair_rejuvenatingtreatment_bottles_800x800.jpg","contentUrl":"https:\/\/hairdeluxe.ee\/wp-content\/uploads\/2021\/03\/balmainhair_rejuvenatingtreatment_bottles_800x800.jpg","width":300,"height":300},{"@type":"BreadcrumbList","@id":"https:\/\/hairdeluxe.ee\/en\/product\/balmain-juuksepikendusi-taastav-komplekt-prof-aftercare-rejuvenating-hair-extension-treatment\/#breadcrumb","itemListElement":[{"@type":"ListItem","position":1,"name":"Home","item":"https:\/\/hairdeluxe.ee\/en\/"},{"@type":"ListItem","position":2,"name":"Shop","item":"https:\/\/hairdeluxe.ee\/en\/shop\/"},{"@type":"ListItem","position":3,"name":"BALMAIN HAIR juuksepikendusi taastav komplekt \/ Prof. Aftercare Rejuvenating Hair Extension Treatment"}]},{"@type":"WebSite","@id":"https:\/\/hairdeluxe.ee\/en\/#website","url":"https:\/\/hairdeluxe.ee\/en\/","name":"Hair Deluxe","description":"Highlight your natural beauty","publisher":{"@id":"https:\/\/hairdeluxe.ee\/en\/#organization"},"potentialAction":[{"@type":"SearchAction","target":{"@type":"EntryPoint","urlTemplate":"https:\/\/hairdeluxe.ee\/en\/?s={search_term_string}"},"query-input":{"@type":"PropertyValueSpecification","valueRequired":true,"valueName":"search_term_string"}}],"inLanguage":"en-US"},{"@type":"Organization","@id":"https:\/\/hairdeluxe.ee\/en\/#organization","name":"Hair Deluxe","url":"https:\/\/hairdeluxe.ee\/en\/","logo":{"@type":"ImageObject","inLanguage":"en-US","@id":"https:\/\/hairdeluxe.ee\/en\/#\/schema\/logo\/image\/","url":"https:\/\/hairdeluxe.ee\/wp-content\/uploads\/2024\/06\/Hair-Deluxe-Logo-Dark-font.png","contentUrl":"https:\/\/hairdeluxe.ee\/wp-content\/uploads\/2024\/06\/Hair-Deluxe-Logo-Dark-font.png","width":467,"height":177,"caption":"Hair Deluxe"},"image":{"@id":"https:\/\/hairdeluxe.ee\/en\/#\/schema\/logo\/image\/"},"sameAs":["https:\/\/www.facebook.com\/blowbartallinn","https:\/\/www.instagram.com\/blowbar_tallinn"]}]}},"_links":{"self":[{"href":"https:\/\/hairdeluxe.ee\/en\/wp-json\/wp\/v2\/product\/35027","targetHints":{"allow":["GET"]}}],"collection":[{"href":"https:\/\/hairdeluxe.ee\/en\/wp-json\/wp\/v2\/product"}],"about":[{"href":"https:\/\/hairdeluxe.ee\/en\/wp-json\/wp\/v2\/types\/product"}],"wp:featuredmedia":[{"embeddable":true,"href":"https:\/\/hairdeluxe.ee\/en\/wp-json\/wp\/v2\/media\/21812"}],"wp:attachment":[{"href":"https:\/\/hairdeluxe.ee\/en\/wp-json\/wp\/v2\/media?parent=35027"}],"wp:term":[{"taxonomy":"product_brand","embeddable":true,"href":"https:\/\/hairdeluxe.ee\/en\/wp-json\/wp\/v2\/product_brand?post=35027"},{"taxonomy":"product_cat","embeddable":true,"href":"https:\/\/hairdeluxe.ee\/en\/wp-json\/wp\/v2\/product_cat?post=35027"},{"taxonomy":"product_tag","embeddable":true,"href":"https:\/\/hairdeluxe.ee\/en\/wp-json\/wp\/v2\/product_tag?post=35027"}],"curies":[{"name":"wp","href":"https:\/\/api.w.org\/{rel}","templated":true}]}}