{"id":35103,"date":"2024-02-03T09:08:36","date_gmt":"2024-02-03T07:08:36","guid":{"rendered":"https:\/\/blowbar.ee\/toode\/balmain-hair-juukseklamber-napa-nahast-roosa-kuldne-pastel-pink-embossed-hair-barrette-golden-logo-vintage\/"},"modified":"2025-03-18T19:22:31","modified_gmt":"2025-03-18T19:22:31","slug":"balmain-juukseklamber-napa-nahast-roosa-kuldne-pastel-pink-embossed-hair-barrette-golden-logo-vintage","status":"publish","type":"product","link":"https:\/\/hairdeluxe.ee\/en\/product\/balmain-juukseklamber-napa-nahast-roosa-kuldne-pastel-pink-embossed-hair-barrette-golden-logo-vintage\/","title":{"rendered":"BALMAIN HAIR juukseklamber napa nahast roosa kuldne \/ Pastel Pink Embossed Hair Barrette Golden logo Vintage"},"content":{"rendered":"","protected":false},"excerpt":{"rendered":"<p>Ikooniline limiteeritud kollektsiooni juukseaksessuaar on inspireeritud Balmain kevad-suvi 2020 pastelsest moekollektsioonist. Juukseklamber on k\u00e4sit\u00f6\u00f6na valmistatud parimast naturaalsest nahast, mida kinnitab ja kaunistab 18K kullatud Balmain logoga juuksen\u00f5el ja logot\u00e4hed. Pehme nahk on kujundatud k\u00f5verdumaks mugavalt hobusesaba ja soengute peale sujuvalt.<\/p>\n","protected":false},"featured_media":21961,"template":"","meta":[],"product_brand":[464],"product_cat":[96,266,265,206,268,129,121,158],"product_tag":[],"class_list":{"0":"post-35103","1":"product","2":"type-product","3":"status-publish","4":"has-post-thumbnail","6":"product_brand-balmain-hair","7":"product_cat-aksessuaarid","8":"product_cat-balmain-hair","9":"product_cat-brandid","10":"product_cat-erikollektsioonid","11":"product_cat-juukseklambrid","12":"product_cat-kingitused","13":"product_cat-koik-tooted","14":"product_cat-populaarsed","16":"first","17":"instock","18":"taxable","19":"shipping-taxable","20":"purchasable","21":"product-type-simple","22":"add-to-wishlist-after_add_to_cart"},"yoast_head":"<!-- This site is optimized with the Yoast SEO plugin v27.4 - https:\/\/yoast.com\/product\/yoast-seo-wordpress\/ -->\n<title>BALMAIN HAIR juukseklamber napa nahast roosa kuldne \/ Pastel Pink Embossed Hair Barrette Golden logo Vintage - Hair Deluxe<\/title>\n<meta name=\"robots\" content=\"index, follow, max-snippet:-1, max-image-preview:large, max-video-preview:-1\" \/>\n<link rel=\"canonical\" href=\"https:\/\/hairdeluxe.ee\/en\/product\/balmain-juukseklamber-napa-nahast-roosa-kuldne-pastel-pink-embossed-hair-barrette-golden-logo-vintage\/\" \/>\n<meta property=\"og:locale\" content=\"en_US\" \/>\n<meta property=\"og:type\" content=\"article\" \/>\n<meta property=\"og:title\" content=\"BALMAIN HAIR juukseklamber napa nahast roosa kuldne \/ Pastel Pink Embossed Hair Barrette Golden logo Vintage - Hair Deluxe\" \/>\n<meta property=\"og:description\" content=\"Ikooniline limiteeritud kollektsiooni juukseaksessuaar on inspireeritud Balmain kevad-suvi 2020 pastelsest moekollektsioonist. Juukseklamber on k\u00e4sit\u00f6\u00f6na valmistatud parimast naturaalsest nahast, mida kinnitab ja kaunistab 18K kullatud Balmain logoga juuksen\u00f5el ja logot\u00e4hed. Pehme nahk on kujundatud k\u00f5verdumaks mugavalt hobusesaba ja soengute peale sujuvalt.\" \/>\n<meta property=\"og:url\" content=\"https:\/\/hairdeluxe.ee\/en\/product\/balmain-juukseklamber-napa-nahast-roosa-kuldne-pastel-pink-embossed-hair-barrette-golden-logo-vintage\/\" \/>\n<meta property=\"og:site_name\" content=\"Hair Deluxe\" \/>\n<meta property=\"article:publisher\" content=\"https:\/\/www.facebook.com\/blowbartallinn\" \/>\n<meta property=\"article:modified_time\" content=\"2025-03-18T19:22:31+00:00\" \/>\n<meta property=\"og:image\" content=\"https:\/\/hairdeluxe.ee\/wp-content\/uploads\/2021\/03\/BalmainHair_Accessories_HairBarrette_LimitedEdition_SpringSummer20_PastelPink_GoldLogo_LR.jpg\" \/>\n\t<meta property=\"og:image:width\" content=\"1500\" \/>\n\t<meta property=\"og:image:height\" content=\"1500\" \/>\n\t<meta property=\"og:image:type\" content=\"image\/jpeg\" \/>\n<meta name=\"twitter:card\" content=\"summary_large_image\" \/>\n<script type=\"application\/ld+json\" class=\"yoast-schema-graph\">{\"@context\":\"https:\\\/\\\/schema.org\",\"@graph\":[{\"@type\":\"WebPage\",\"@id\":\"https:\\\/\\\/hairdeluxe.ee\\\/en\\\/product\\\/balmain-juukseklamber-napa-nahast-roosa-kuldne-pastel-pink-embossed-hair-barrette-golden-logo-vintage\\\/\",\"url\":\"https:\\\/\\\/hairdeluxe.ee\\\/en\\\/product\\\/balmain-juukseklamber-napa-nahast-roosa-kuldne-pastel-pink-embossed-hair-barrette-golden-logo-vintage\\\/\",\"name\":\"BALMAIN HAIR juukseklamber napa nahast roosa kuldne \\\/ Pastel Pink Embossed Hair Barrette Golden logo Vintage - Hair Deluxe\",\"isPartOf\":{\"@id\":\"https:\\\/\\\/hairdeluxe.ee\\\/en\\\/#website\"},\"primaryImageOfPage\":{\"@id\":\"https:\\\/\\\/hairdeluxe.ee\\\/en\\\/product\\\/balmain-juukseklamber-napa-nahast-roosa-kuldne-pastel-pink-embossed-hair-barrette-golden-logo-vintage\\\/#primaryimage\"},\"image\":{\"@id\":\"https:\\\/\\\/hairdeluxe.ee\\\/en\\\/product\\\/balmain-juukseklamber-napa-nahast-roosa-kuldne-pastel-pink-embossed-hair-barrette-golden-logo-vintage\\\/#primaryimage\"},\"thumbnailUrl\":\"https:\\\/\\\/hairdeluxe.ee\\\/wp-content\\\/uploads\\\/2021\\\/03\\\/BalmainHair_Accessories_HairBarrette_LimitedEdition_SpringSummer20_PastelPink_GoldLogo_LR.jpg\",\"datePublished\":\"2024-02-03T07:08:36+00:00\",\"dateModified\":\"2025-03-18T19:22:31+00:00\",\"breadcrumb\":{\"@id\":\"https:\\\/\\\/hairdeluxe.ee\\\/en\\\/product\\\/balmain-juukseklamber-napa-nahast-roosa-kuldne-pastel-pink-embossed-hair-barrette-golden-logo-vintage\\\/#breadcrumb\"},\"inLanguage\":\"en-US\",\"potentialAction\":[{\"@type\":\"ReadAction\",\"target\":[\"https:\\\/\\\/hairdeluxe.ee\\\/en\\\/product\\\/balmain-juukseklamber-napa-nahast-roosa-kuldne-pastel-pink-embossed-hair-barrette-golden-logo-vintage\\\/\"]}]},{\"@type\":\"ImageObject\",\"inLanguage\":\"en-US\",\"@id\":\"https:\\\/\\\/hairdeluxe.ee\\\/en\\\/product\\\/balmain-juukseklamber-napa-nahast-roosa-kuldne-pastel-pink-embossed-hair-barrette-golden-logo-vintage\\\/#primaryimage\",\"url\":\"https:\\\/\\\/hairdeluxe.ee\\\/wp-content\\\/uploads\\\/2021\\\/03\\\/BalmainHair_Accessories_HairBarrette_LimitedEdition_SpringSummer20_PastelPink_GoldLogo_LR.jpg\",\"contentUrl\":\"https:\\\/\\\/hairdeluxe.ee\\\/wp-content\\\/uploads\\\/2021\\\/03\\\/BalmainHair_Accessories_HairBarrette_LimitedEdition_SpringSummer20_PastelPink_GoldLogo_LR.jpg\",\"width\":1500,\"height\":1500},{\"@type\":\"BreadcrumbList\",\"@id\":\"https:\\\/\\\/hairdeluxe.ee\\\/en\\\/product\\\/balmain-juukseklamber-napa-nahast-roosa-kuldne-pastel-pink-embossed-hair-barrette-golden-logo-vintage\\\/#breadcrumb\",\"itemListElement\":[{\"@type\":\"ListItem\",\"position\":1,\"name\":\"Home\",\"item\":\"https:\\\/\\\/hairdeluxe.ee\\\/en\\\/\"},{\"@type\":\"ListItem\",\"position\":2,\"name\":\"Shop\",\"item\":\"https:\\\/\\\/hairdeluxe.ee\\\/en\\\/shop\\\/\"},{\"@type\":\"ListItem\",\"position\":3,\"name\":\"BALMAIN HAIR juukseklamber napa nahast roosa kuldne \\\/ Pastel Pink Embossed Hair Barrette Golden logo Vintage\"}]},{\"@type\":\"WebSite\",\"@id\":\"https:\\\/\\\/hairdeluxe.ee\\\/en\\\/#website\",\"url\":\"https:\\\/\\\/hairdeluxe.ee\\\/en\\\/\",\"name\":\"Hair Deluxe\",\"description\":\"Highlight your natural beauty\",\"publisher\":{\"@id\":\"https:\\\/\\\/hairdeluxe.ee\\\/en\\\/#organization\"},\"potentialAction\":[{\"@type\":\"SearchAction\",\"target\":{\"@type\":\"EntryPoint\",\"urlTemplate\":\"https:\\\/\\\/hairdeluxe.ee\\\/en\\\/?s={search_term_string}\"},\"query-input\":{\"@type\":\"PropertyValueSpecification\",\"valueRequired\":true,\"valueName\":\"search_term_string\"}}],\"inLanguage\":\"en-US\"},{\"@type\":\"Organization\",\"@id\":\"https:\\\/\\\/hairdeluxe.ee\\\/en\\\/#organization\",\"name\":\"Hair Deluxe\",\"url\":\"https:\\\/\\\/hairdeluxe.ee\\\/en\\\/\",\"logo\":{\"@type\":\"ImageObject\",\"inLanguage\":\"en-US\",\"@id\":\"https:\\\/\\\/hairdeluxe.ee\\\/en\\\/#\\\/schema\\\/logo\\\/image\\\/\",\"url\":\"https:\\\/\\\/hairdeluxe.ee\\\/wp-content\\\/uploads\\\/2024\\\/06\\\/Hair-Deluxe-Logo-Dark-font.png\",\"contentUrl\":\"https:\\\/\\\/hairdeluxe.ee\\\/wp-content\\\/uploads\\\/2024\\\/06\\\/Hair-Deluxe-Logo-Dark-font.png\",\"width\":467,\"height\":177,\"caption\":\"Hair Deluxe\"},\"image\":{\"@id\":\"https:\\\/\\\/hairdeluxe.ee\\\/en\\\/#\\\/schema\\\/logo\\\/image\\\/\"},\"sameAs\":[\"https:\\\/\\\/www.facebook.com\\\/blowbartallinn\",\"https:\\\/\\\/www.instagram.com\\\/blowbar_tallinn\"]}]}<\/script>\n<!-- \/ Yoast SEO plugin. -->","yoast_head_json":{"title":"BALMAIN HAIR juukseklamber napa nahast roosa kuldne \/ Pastel Pink Embossed Hair Barrette Golden logo Vintage - Hair Deluxe","robots":{"index":"index","follow":"follow","max-snippet":"max-snippet:-1","max-image-preview":"max-image-preview:large","max-video-preview":"max-video-preview:-1"},"canonical":"https:\/\/hairdeluxe.ee\/en\/product\/balmain-juukseklamber-napa-nahast-roosa-kuldne-pastel-pink-embossed-hair-barrette-golden-logo-vintage\/","og_locale":"en_US","og_type":"article","og_title":"BALMAIN HAIR juukseklamber napa nahast roosa kuldne \/ Pastel Pink Embossed Hair Barrette Golden logo Vintage - Hair Deluxe","og_description":"Ikooniline limiteeritud kollektsiooni juukseaksessuaar on inspireeritud Balmain kevad-suvi 2020 pastelsest moekollektsioonist. Juukseklamber on k\u00e4sit\u00f6\u00f6na valmistatud parimast naturaalsest nahast, mida kinnitab ja kaunistab 18K kullatud Balmain logoga juuksen\u00f5el ja logot\u00e4hed. Pehme nahk on kujundatud k\u00f5verdumaks mugavalt hobusesaba ja soengute peale sujuvalt.","og_url":"https:\/\/hairdeluxe.ee\/en\/product\/balmain-juukseklamber-napa-nahast-roosa-kuldne-pastel-pink-embossed-hair-barrette-golden-logo-vintage\/","og_site_name":"Hair Deluxe","article_publisher":"https:\/\/www.facebook.com\/blowbartallinn","article_modified_time":"2025-03-18T19:22:31+00:00","og_image":[{"width":1500,"height":1500,"url":"https:\/\/hairdeluxe.ee\/wp-content\/uploads\/2021\/03\/BalmainHair_Accessories_HairBarrette_LimitedEdition_SpringSummer20_PastelPink_GoldLogo_LR.jpg","type":"image\/jpeg"}],"twitter_card":"summary_large_image","schema":{"@context":"https:\/\/schema.org","@graph":[{"@type":"WebPage","@id":"https:\/\/hairdeluxe.ee\/en\/product\/balmain-juukseklamber-napa-nahast-roosa-kuldne-pastel-pink-embossed-hair-barrette-golden-logo-vintage\/","url":"https:\/\/hairdeluxe.ee\/en\/product\/balmain-juukseklamber-napa-nahast-roosa-kuldne-pastel-pink-embossed-hair-barrette-golden-logo-vintage\/","name":"BALMAIN HAIR juukseklamber napa nahast roosa kuldne \/ Pastel Pink Embossed Hair Barrette Golden logo Vintage - Hair Deluxe","isPartOf":{"@id":"https:\/\/hairdeluxe.ee\/en\/#website"},"primaryImageOfPage":{"@id":"https:\/\/hairdeluxe.ee\/en\/product\/balmain-juukseklamber-napa-nahast-roosa-kuldne-pastel-pink-embossed-hair-barrette-golden-logo-vintage\/#primaryimage"},"image":{"@id":"https:\/\/hairdeluxe.ee\/en\/product\/balmain-juukseklamber-napa-nahast-roosa-kuldne-pastel-pink-embossed-hair-barrette-golden-logo-vintage\/#primaryimage"},"thumbnailUrl":"https:\/\/hairdeluxe.ee\/wp-content\/uploads\/2021\/03\/BalmainHair_Accessories_HairBarrette_LimitedEdition_SpringSummer20_PastelPink_GoldLogo_LR.jpg","datePublished":"2024-02-03T07:08:36+00:00","dateModified":"2025-03-18T19:22:31+00:00","breadcrumb":{"@id":"https:\/\/hairdeluxe.ee\/en\/product\/balmain-juukseklamber-napa-nahast-roosa-kuldne-pastel-pink-embossed-hair-barrette-golden-logo-vintage\/#breadcrumb"},"inLanguage":"en-US","potentialAction":[{"@type":"ReadAction","target":["https:\/\/hairdeluxe.ee\/en\/product\/balmain-juukseklamber-napa-nahast-roosa-kuldne-pastel-pink-embossed-hair-barrette-golden-logo-vintage\/"]}]},{"@type":"ImageObject","inLanguage":"en-US","@id":"https:\/\/hairdeluxe.ee\/en\/product\/balmain-juukseklamber-napa-nahast-roosa-kuldne-pastel-pink-embossed-hair-barrette-golden-logo-vintage\/#primaryimage","url":"https:\/\/hairdeluxe.ee\/wp-content\/uploads\/2021\/03\/BalmainHair_Accessories_HairBarrette_LimitedEdition_SpringSummer20_PastelPink_GoldLogo_LR.jpg","contentUrl":"https:\/\/hairdeluxe.ee\/wp-content\/uploads\/2021\/03\/BalmainHair_Accessories_HairBarrette_LimitedEdition_SpringSummer20_PastelPink_GoldLogo_LR.jpg","width":1500,"height":1500},{"@type":"BreadcrumbList","@id":"https:\/\/hairdeluxe.ee\/en\/product\/balmain-juukseklamber-napa-nahast-roosa-kuldne-pastel-pink-embossed-hair-barrette-golden-logo-vintage\/#breadcrumb","itemListElement":[{"@type":"ListItem","position":1,"name":"Home","item":"https:\/\/hairdeluxe.ee\/en\/"},{"@type":"ListItem","position":2,"name":"Shop","item":"https:\/\/hairdeluxe.ee\/en\/shop\/"},{"@type":"ListItem","position":3,"name":"BALMAIN HAIR juukseklamber napa nahast roosa kuldne \/ Pastel Pink Embossed Hair Barrette Golden logo Vintage"}]},{"@type":"WebSite","@id":"https:\/\/hairdeluxe.ee\/en\/#website","url":"https:\/\/hairdeluxe.ee\/en\/","name":"Hair Deluxe","description":"Highlight your natural beauty","publisher":{"@id":"https:\/\/hairdeluxe.ee\/en\/#organization"},"potentialAction":[{"@type":"SearchAction","target":{"@type":"EntryPoint","urlTemplate":"https:\/\/hairdeluxe.ee\/en\/?s={search_term_string}"},"query-input":{"@type":"PropertyValueSpecification","valueRequired":true,"valueName":"search_term_string"}}],"inLanguage":"en-US"},{"@type":"Organization","@id":"https:\/\/hairdeluxe.ee\/en\/#organization","name":"Hair Deluxe","url":"https:\/\/hairdeluxe.ee\/en\/","logo":{"@type":"ImageObject","inLanguage":"en-US","@id":"https:\/\/hairdeluxe.ee\/en\/#\/schema\/logo\/image\/","url":"https:\/\/hairdeluxe.ee\/wp-content\/uploads\/2024\/06\/Hair-Deluxe-Logo-Dark-font.png","contentUrl":"https:\/\/hairdeluxe.ee\/wp-content\/uploads\/2024\/06\/Hair-Deluxe-Logo-Dark-font.png","width":467,"height":177,"caption":"Hair Deluxe"},"image":{"@id":"https:\/\/hairdeluxe.ee\/en\/#\/schema\/logo\/image\/"},"sameAs":["https:\/\/www.facebook.com\/blowbartallinn","https:\/\/www.instagram.com\/blowbar_tallinn"]}]}},"_links":{"self":[{"href":"https:\/\/hairdeluxe.ee\/en\/wp-json\/wp\/v2\/product\/35103","targetHints":{"allow":["GET"]}}],"collection":[{"href":"https:\/\/hairdeluxe.ee\/en\/wp-json\/wp\/v2\/product"}],"about":[{"href":"https:\/\/hairdeluxe.ee\/en\/wp-json\/wp\/v2\/types\/product"}],"wp:featuredmedia":[{"embeddable":true,"href":"https:\/\/hairdeluxe.ee\/en\/wp-json\/wp\/v2\/media\/21961"}],"wp:attachment":[{"href":"https:\/\/hairdeluxe.ee\/en\/wp-json\/wp\/v2\/media?parent=35103"}],"wp:term":[{"taxonomy":"product_brand","embeddable":true,"href":"https:\/\/hairdeluxe.ee\/en\/wp-json\/wp\/v2\/product_brand?post=35103"},{"taxonomy":"product_cat","embeddable":true,"href":"https:\/\/hairdeluxe.ee\/en\/wp-json\/wp\/v2\/product_cat?post=35103"},{"taxonomy":"product_tag","embeddable":true,"href":"https:\/\/hairdeluxe.ee\/en\/wp-json\/wp\/v2\/product_tag?post=35103"}],"curies":[{"name":"wp","href":"https:\/\/api.w.org\/{rel}","templated":true}]}}