{"id":35217,"date":"2024-02-03T09:11:09","date_gmt":"2024-02-03T07:11:09","guid":{"rendered":"https:\/\/blowbar.ee\/toode\/balmain-hair-t-sark-m-suurus-t-shirt-black\/"},"modified":"2025-03-18T19:22:30","modified_gmt":"2025-03-18T19:22:30","slug":"balmain-t-sark-m-suurus-t-shirt-black","status":"publish","type":"product","link":"https:\/\/hairdeluxe.ee\/en\/product\/balmain-t-sark-m-suurus-t-shirt-black\/","title":{"rendered":"BALMAIN HAIR T-s\u00e4rk M suurus \/ T- shirt Black"},"content":{"rendered":"<p><em><strong>Koostis:<\/strong><\/em> puuvillasegu<\/p>\n<p><em><strong>Suurus:<\/strong><\/em><strong>M<\/strong><\/p>\n","protected":false},"excerpt":{"rendered":"<p><strong>JUUKSURITELE SALONGIT\u00d6\u00d6KS SPETSIAALSELT<\/strong>\u00a0<strong>V\u00c4LJAT\u00d6\u00d6TATUD T-S\u00c4RK<\/strong><br \/>\nToode on disainitud Pariisi Moemajas.<br \/>\nK\u00f5rgmoe stiilis r\u00f5hutatakse salongidisainerite t\u00e4ielikku riietusstiili.\u00a0Balmain Hair on v\u00f5tnud vastutuse meie planeedi ja tulevaste p\u00f5lvkondade ees. Toodete t\u00e4ielikult uued tootmislahendused r\u00f5hutavad Balmain Hair j\u00e4tkusuutlikku tootmise protsesse, mis on p\u00fchendunud oma \u00f6koloogilise jalaj\u00e4lje v\u00e4hendamisele ning minimaalsete loodusvarade kasutamisele.<br \/>\nT-s\u00e4rgi ergonoomiline ja stiilne disain sobitub ideaalselt t\u00f6\u00f6tamiseks juuksuritele, stilistidele jt omaalaspetsialistidele.<br \/>\nToode on m\u00f5eldud ainult professionaalidele salongit\u00f6\u00f6ks. V\u00e4hendamaks salongis mikroobide levikut on seda T-s\u00e4rki v\u00f5imalik pesta kuni 60-kraadise pesuts\u00fckliga.<br \/>\nT-s\u00e4rk on \u00fcmara tugevdatud kaelusega, relaxed fit \/ oversize look.<\/p>\n","protected":false},"featured_media":35216,"template":"","meta":[],"product_brand":[464],"product_cat":[266,265,121],"product_tag":[],"class_list":{"0":"post-35217","1":"product","2":"type-product","3":"status-publish","4":"has-post-thumbnail","6":"product_brand-balmain-hair","7":"product_cat-balmain-hair","8":"product_cat-brandid","9":"product_cat-koik-tooted","11":"first","12":"instock","13":"taxable","14":"shipping-taxable","15":"purchasable","16":"product-type-simple","17":"add-to-wishlist-after_add_to_cart"},"yoast_head":"<!-- This site is optimized with the Yoast SEO plugin v27.5 - https:\/\/yoast.com\/product\/yoast-seo-wordpress\/ -->\n<title>BALMAIN HAIR T-s\u00e4rk M suurus \/ T- shirt Black - Hair Deluxe<\/title>\n<meta name=\"robots\" content=\"index, follow, max-snippet:-1, max-image-preview:large, max-video-preview:-1\" \/>\n<link rel=\"canonical\" href=\"https:\/\/hairdeluxe.ee\/en\/product\/balmain-t-sark-m-suurus-t-shirt-black\/\" \/>\n<meta property=\"og:locale\" content=\"en_US\" \/>\n<meta property=\"og:type\" content=\"article\" \/>\n<meta property=\"og:title\" content=\"BALMAIN HAIR T-s\u00e4rk M suurus \/ T- shirt Black - Hair Deluxe\" \/>\n<meta property=\"og:description\" content=\"JUUKSURITELE SALONGIT\u00d6\u00d6KS SPETSIAALSELT\u00a0V\u00c4LJAT\u00d6\u00d6TATUD T-S\u00c4RK Toode on disainitud Pariisi Moemajas. K\u00f5rgmoe stiilis r\u00f5hutatakse salongidisainerite t\u00e4ielikku riietusstiili.\u00a0Balmain Hair on v\u00f5tnud vastutuse meie planeedi ja tulevaste p\u00f5lvkondade ees. Toodete t\u00e4ielikult uued tootmislahendused r\u00f5hutavad Balmain Hair j\u00e4tkusuutlikku tootmise protsesse, mis on p\u00fchendunud oma \u00f6koloogilise jalaj\u00e4lje v\u00e4hendamisele ning minimaalsete loodusvarade kasutamisele. T-s\u00e4rgi ergonoomiline ja stiilne disain sobitub ideaalselt t\u00f6\u00f6tamiseks juuksuritele, stilistidele jt omaalaspetsialistidele. Toode on m\u00f5eldud ainult professionaalidele salongit\u00f6\u00f6ks. V\u00e4hendamaks salongis mikroobide levikut on seda T-s\u00e4rki v\u00f5imalik pesta kuni 60-kraadise pesuts\u00fckliga. T-s\u00e4rk on \u00fcmara tugevdatud kaelusega, relaxed fit \/ oversize look.\" \/>\n<meta property=\"og:url\" content=\"https:\/\/hairdeluxe.ee\/en\/product\/balmain-t-sark-m-suurus-t-shirt-black\/\" \/>\n<meta property=\"og:site_name\" content=\"Hair Deluxe\" \/>\n<meta property=\"article:publisher\" content=\"https:\/\/www.facebook.com\/blowbartallinn\" \/>\n<meta property=\"article:modified_time\" content=\"2025-03-18T19:22:30+00:00\" \/>\n<meta property=\"og:image\" content=\"https:\/\/hairdeluxe.ee\/wp-content\/uploads\/2024\/02\/balmainhair_promoshirt_black_frontandback.jpg\" \/>\n\t<meta property=\"og:image:width\" content=\"800\" \/>\n\t<meta property=\"og:image:height\" content=\"800\" \/>\n\t<meta property=\"og:image:type\" content=\"image\/jpeg\" \/>\n<meta name=\"twitter:card\" content=\"summary_large_image\" \/>\n<script type=\"application\/ld+json\" class=\"yoast-schema-graph\">{\"@context\":\"https:\\\/\\\/schema.org\",\"@graph\":[{\"@type\":\"WebPage\",\"@id\":\"https:\\\/\\\/hairdeluxe.ee\\\/en\\\/product\\\/balmain-t-sark-m-suurus-t-shirt-black\\\/\",\"url\":\"https:\\\/\\\/hairdeluxe.ee\\\/en\\\/product\\\/balmain-t-sark-m-suurus-t-shirt-black\\\/\",\"name\":\"BALMAIN HAIR T-s\u00e4rk M suurus \\\/ T- shirt Black - Hair Deluxe\",\"isPartOf\":{\"@id\":\"https:\\\/\\\/hairdeluxe.ee\\\/en\\\/#website\"},\"primaryImageOfPage\":{\"@id\":\"https:\\\/\\\/hairdeluxe.ee\\\/en\\\/product\\\/balmain-t-sark-m-suurus-t-shirt-black\\\/#primaryimage\"},\"image\":{\"@id\":\"https:\\\/\\\/hairdeluxe.ee\\\/en\\\/product\\\/balmain-t-sark-m-suurus-t-shirt-black\\\/#primaryimage\"},\"thumbnailUrl\":\"https:\\\/\\\/hairdeluxe.ee\\\/wp-content\\\/uploads\\\/2024\\\/02\\\/balmainhair_promoshirt_black_frontandback.jpg\",\"datePublished\":\"2024-02-03T07:11:09+00:00\",\"dateModified\":\"2025-03-18T19:22:30+00:00\",\"breadcrumb\":{\"@id\":\"https:\\\/\\\/hairdeluxe.ee\\\/en\\\/product\\\/balmain-t-sark-m-suurus-t-shirt-black\\\/#breadcrumb\"},\"inLanguage\":\"en-US\",\"potentialAction\":[{\"@type\":\"ReadAction\",\"target\":[\"https:\\\/\\\/hairdeluxe.ee\\\/en\\\/product\\\/balmain-t-sark-m-suurus-t-shirt-black\\\/\"]}]},{\"@type\":\"ImageObject\",\"inLanguage\":\"en-US\",\"@id\":\"https:\\\/\\\/hairdeluxe.ee\\\/en\\\/product\\\/balmain-t-sark-m-suurus-t-shirt-black\\\/#primaryimage\",\"url\":\"https:\\\/\\\/hairdeluxe.ee\\\/wp-content\\\/uploads\\\/2024\\\/02\\\/balmainhair_promoshirt_black_frontandback.jpg\",\"contentUrl\":\"https:\\\/\\\/hairdeluxe.ee\\\/wp-content\\\/uploads\\\/2024\\\/02\\\/balmainhair_promoshirt_black_frontandback.jpg\",\"width\":800,\"height\":800},{\"@type\":\"BreadcrumbList\",\"@id\":\"https:\\\/\\\/hairdeluxe.ee\\\/en\\\/product\\\/balmain-t-sark-m-suurus-t-shirt-black\\\/#breadcrumb\",\"itemListElement\":[{\"@type\":\"ListItem\",\"position\":1,\"name\":\"Home\",\"item\":\"https:\\\/\\\/hairdeluxe.ee\\\/en\\\/\"},{\"@type\":\"ListItem\",\"position\":2,\"name\":\"Shop\",\"item\":\"https:\\\/\\\/hairdeluxe.ee\\\/en\\\/shop\\\/\"},{\"@type\":\"ListItem\",\"position\":3,\"name\":\"BALMAIN HAIR T-s\u00e4rk M suurus \\\/ T- shirt Black\"}]},{\"@type\":\"WebSite\",\"@id\":\"https:\\\/\\\/hairdeluxe.ee\\\/en\\\/#website\",\"url\":\"https:\\\/\\\/hairdeluxe.ee\\\/en\\\/\",\"name\":\"Hair Deluxe\",\"description\":\"Highlight your natural beauty\",\"publisher\":{\"@id\":\"https:\\\/\\\/hairdeluxe.ee\\\/en\\\/#organization\"},\"potentialAction\":[{\"@type\":\"SearchAction\",\"target\":{\"@type\":\"EntryPoint\",\"urlTemplate\":\"https:\\\/\\\/hairdeluxe.ee\\\/en\\\/?s={search_term_string}\"},\"query-input\":{\"@type\":\"PropertyValueSpecification\",\"valueRequired\":true,\"valueName\":\"search_term_string\"}}],\"inLanguage\":\"en-US\"},{\"@type\":\"Organization\",\"@id\":\"https:\\\/\\\/hairdeluxe.ee\\\/en\\\/#organization\",\"name\":\"Hair Deluxe\",\"url\":\"https:\\\/\\\/hairdeluxe.ee\\\/en\\\/\",\"logo\":{\"@type\":\"ImageObject\",\"inLanguage\":\"en-US\",\"@id\":\"https:\\\/\\\/hairdeluxe.ee\\\/en\\\/#\\\/schema\\\/logo\\\/image\\\/\",\"url\":\"https:\\\/\\\/hairdeluxe.ee\\\/wp-content\\\/uploads\\\/2024\\\/06\\\/Hair-Deluxe-Logo-Dark-font.png\",\"contentUrl\":\"https:\\\/\\\/hairdeluxe.ee\\\/wp-content\\\/uploads\\\/2024\\\/06\\\/Hair-Deluxe-Logo-Dark-font.png\",\"width\":467,\"height\":177,\"caption\":\"Hair Deluxe\"},\"image\":{\"@id\":\"https:\\\/\\\/hairdeluxe.ee\\\/en\\\/#\\\/schema\\\/logo\\\/image\\\/\"},\"sameAs\":[\"https:\\\/\\\/www.facebook.com\\\/blowbartallinn\",\"https:\\\/\\\/www.instagram.com\\\/blowbar_tallinn\"]}]}<\/script>\n<!-- \/ Yoast SEO plugin. -->","yoast_head_json":{"title":"BALMAIN HAIR T-s\u00e4rk M suurus \/ T- shirt Black - Hair Deluxe","robots":{"index":"index","follow":"follow","max-snippet":"max-snippet:-1","max-image-preview":"max-image-preview:large","max-video-preview":"max-video-preview:-1"},"canonical":"https:\/\/hairdeluxe.ee\/en\/product\/balmain-t-sark-m-suurus-t-shirt-black\/","og_locale":"en_US","og_type":"article","og_title":"BALMAIN HAIR T-s\u00e4rk M suurus \/ T- shirt Black - Hair Deluxe","og_description":"JUUKSURITELE SALONGIT\u00d6\u00d6KS SPETSIAALSELT\u00a0V\u00c4LJAT\u00d6\u00d6TATUD T-S\u00c4RK Toode on disainitud Pariisi Moemajas. K\u00f5rgmoe stiilis r\u00f5hutatakse salongidisainerite t\u00e4ielikku riietusstiili.\u00a0Balmain Hair on v\u00f5tnud vastutuse meie planeedi ja tulevaste p\u00f5lvkondade ees. Toodete t\u00e4ielikult uued tootmislahendused r\u00f5hutavad Balmain Hair j\u00e4tkusuutlikku tootmise protsesse, mis on p\u00fchendunud oma \u00f6koloogilise jalaj\u00e4lje v\u00e4hendamisele ning minimaalsete loodusvarade kasutamisele. T-s\u00e4rgi ergonoomiline ja stiilne disain sobitub ideaalselt t\u00f6\u00f6tamiseks juuksuritele, stilistidele jt omaalaspetsialistidele. Toode on m\u00f5eldud ainult professionaalidele salongit\u00f6\u00f6ks. V\u00e4hendamaks salongis mikroobide levikut on seda T-s\u00e4rki v\u00f5imalik pesta kuni 60-kraadise pesuts\u00fckliga. T-s\u00e4rk on \u00fcmara tugevdatud kaelusega, relaxed fit \/ oversize look.","og_url":"https:\/\/hairdeluxe.ee\/en\/product\/balmain-t-sark-m-suurus-t-shirt-black\/","og_site_name":"Hair Deluxe","article_publisher":"https:\/\/www.facebook.com\/blowbartallinn","article_modified_time":"2025-03-18T19:22:30+00:00","og_image":[{"width":800,"height":800,"url":"https:\/\/hairdeluxe.ee\/wp-content\/uploads\/2024\/02\/balmainhair_promoshirt_black_frontandback.jpg","type":"image\/jpeg"}],"twitter_card":"summary_large_image","schema":{"@context":"https:\/\/schema.org","@graph":[{"@type":"WebPage","@id":"https:\/\/hairdeluxe.ee\/en\/product\/balmain-t-sark-m-suurus-t-shirt-black\/","url":"https:\/\/hairdeluxe.ee\/en\/product\/balmain-t-sark-m-suurus-t-shirt-black\/","name":"BALMAIN HAIR T-s\u00e4rk M suurus \/ T- shirt Black - Hair Deluxe","isPartOf":{"@id":"https:\/\/hairdeluxe.ee\/en\/#website"},"primaryImageOfPage":{"@id":"https:\/\/hairdeluxe.ee\/en\/product\/balmain-t-sark-m-suurus-t-shirt-black\/#primaryimage"},"image":{"@id":"https:\/\/hairdeluxe.ee\/en\/product\/balmain-t-sark-m-suurus-t-shirt-black\/#primaryimage"},"thumbnailUrl":"https:\/\/hairdeluxe.ee\/wp-content\/uploads\/2024\/02\/balmainhair_promoshirt_black_frontandback.jpg","datePublished":"2024-02-03T07:11:09+00:00","dateModified":"2025-03-18T19:22:30+00:00","breadcrumb":{"@id":"https:\/\/hairdeluxe.ee\/en\/product\/balmain-t-sark-m-suurus-t-shirt-black\/#breadcrumb"},"inLanguage":"en-US","potentialAction":[{"@type":"ReadAction","target":["https:\/\/hairdeluxe.ee\/en\/product\/balmain-t-sark-m-suurus-t-shirt-black\/"]}]},{"@type":"ImageObject","inLanguage":"en-US","@id":"https:\/\/hairdeluxe.ee\/en\/product\/balmain-t-sark-m-suurus-t-shirt-black\/#primaryimage","url":"https:\/\/hairdeluxe.ee\/wp-content\/uploads\/2024\/02\/balmainhair_promoshirt_black_frontandback.jpg","contentUrl":"https:\/\/hairdeluxe.ee\/wp-content\/uploads\/2024\/02\/balmainhair_promoshirt_black_frontandback.jpg","width":800,"height":800},{"@type":"BreadcrumbList","@id":"https:\/\/hairdeluxe.ee\/en\/product\/balmain-t-sark-m-suurus-t-shirt-black\/#breadcrumb","itemListElement":[{"@type":"ListItem","position":1,"name":"Home","item":"https:\/\/hairdeluxe.ee\/en\/"},{"@type":"ListItem","position":2,"name":"Shop","item":"https:\/\/hairdeluxe.ee\/en\/shop\/"},{"@type":"ListItem","position":3,"name":"BALMAIN HAIR T-s\u00e4rk M suurus \/ T- shirt Black"}]},{"@type":"WebSite","@id":"https:\/\/hairdeluxe.ee\/en\/#website","url":"https:\/\/hairdeluxe.ee\/en\/","name":"Hair Deluxe","description":"Highlight your natural beauty","publisher":{"@id":"https:\/\/hairdeluxe.ee\/en\/#organization"},"potentialAction":[{"@type":"SearchAction","target":{"@type":"EntryPoint","urlTemplate":"https:\/\/hairdeluxe.ee\/en\/?s={search_term_string}"},"query-input":{"@type":"PropertyValueSpecification","valueRequired":true,"valueName":"search_term_string"}}],"inLanguage":"en-US"},{"@type":"Organization","@id":"https:\/\/hairdeluxe.ee\/en\/#organization","name":"Hair Deluxe","url":"https:\/\/hairdeluxe.ee\/en\/","logo":{"@type":"ImageObject","inLanguage":"en-US","@id":"https:\/\/hairdeluxe.ee\/en\/#\/schema\/logo\/image\/","url":"https:\/\/hairdeluxe.ee\/wp-content\/uploads\/2024\/06\/Hair-Deluxe-Logo-Dark-font.png","contentUrl":"https:\/\/hairdeluxe.ee\/wp-content\/uploads\/2024\/06\/Hair-Deluxe-Logo-Dark-font.png","width":467,"height":177,"caption":"Hair Deluxe"},"image":{"@id":"https:\/\/hairdeluxe.ee\/en\/#\/schema\/logo\/image\/"},"sameAs":["https:\/\/www.facebook.com\/blowbartallinn","https:\/\/www.instagram.com\/blowbar_tallinn"]}]}},"_links":{"self":[{"href":"https:\/\/hairdeluxe.ee\/en\/wp-json\/wp\/v2\/product\/35217","targetHints":{"allow":["GET"]}}],"collection":[{"href":"https:\/\/hairdeluxe.ee\/en\/wp-json\/wp\/v2\/product"}],"about":[{"href":"https:\/\/hairdeluxe.ee\/en\/wp-json\/wp\/v2\/types\/product"}],"wp:featuredmedia":[{"embeddable":true,"href":"https:\/\/hairdeluxe.ee\/en\/wp-json\/wp\/v2\/media\/35216"}],"wp:attachment":[{"href":"https:\/\/hairdeluxe.ee\/en\/wp-json\/wp\/v2\/media?parent=35217"}],"wp:term":[{"taxonomy":"product_brand","embeddable":true,"href":"https:\/\/hairdeluxe.ee\/en\/wp-json\/wp\/v2\/product_brand?post=35217"},{"taxonomy":"product_cat","embeddable":true,"href":"https:\/\/hairdeluxe.ee\/en\/wp-json\/wp\/v2\/product_cat?post=35217"},{"taxonomy":"product_tag","embeddable":true,"href":"https:\/\/hairdeluxe.ee\/en\/wp-json\/wp\/v2\/product_tag?post=35217"}],"curies":[{"name":"wp","href":"https:\/\/api.w.org\/{rel}","templated":true}]}}