{"id":35407,"date":"2024-02-03T09:38:10","date_gmt":"2024-02-03T07:38:10","guid":{"rendered":"https:\/\/blowbar.ee\/toode\/balmain-hair-ponisaba-catwalk-ponytail-55cm-oslo\/"},"modified":"2025-03-18T19:22:29","modified_gmt":"2025-03-18T19:22:29","slug":"balmain-ponisaba-catwalk-ponytail-55cm-oslo","status":"publish","type":"product","link":"https:\/\/hairdeluxe.ee\/en\/product\/balmain-ponisaba-catwalk-ponytail-55cm-oslo\/","title":{"rendered":"BALMAIN HAIR ponisaba \/ Catwalk Ponytail 55cm Oslo"},"content":{"rendered":"<p>&nbsp;<\/p>\n<p><iframe loading=\"lazy\" title=\"Balmain Hair Couture Memory Hair L\u00f5pusoeng \/ Balmain Hair Couture Memory Hair Graduation Hairstyle\" width=\"1020\" height=\"574\" src=\"https:\/\/www.youtube.com\/embed\/j3BqqKmAtfQ?feature=oembed\" frameborder=\"0\" allow=\"accelerometer; autoplay; clipboard-write; encrypted-media; gyroscope; picture-in-picture; web-share\" referrerpolicy=\"strict-origin-when-cross-origin\" allowfullscreen><\/iframe><\/p>\n<p>&nbsp;<\/p>\n","protected":false},"excerpt":{"rendered":"<p>Kes oleks v\u00f5inud arvata, et soengu tegemine v\u00f5ib olla nii lihtne!<br \/>\n5 min ja ongi valmis!<br \/>\nT\u00e4nap\u00e4eval on soengutrendid liikumas suunal \u201e<em>less is more<\/em>\u201d ning kes meist ei unistaks ideaalsest pikast, paksust ning h\u00e4sti hoidvast patsist, mis juba t\u00fcdrukutirtsust saadik on k\u00f5igi lemmikuks olnud. Need pikad ning naiselikult trendikad Memory\u00ae Hair 55cm juukselisandid on siia j\u00f5udnud otse maailmakuulsatelt moelavadelt.<br \/>\nKlassikaline ponisaba &#8211; Catwalk Ponytail Memory\u00ae Hair Straight 55cm on praktiline ning glamuurne samaaegselt \u2013 see soeng ei kao k\u00fcll iial moest!<\/p>\n<p><strong>Mis teeb Balmain Hair Catwalk Ponytail\u2019id nii eriliseks?<br \/>\n<\/strong>&#8211; Loomulikkus \u2013 \u201esulandub\u201d kandja juustega<br \/>\n<span style=\"color: #333333;\">&#8211; S\u00e4rab nagu naturaalne juus<br \/>\n<\/span><span style=\"color: #333333;\">&#8211; 20% kergem kui inimjuuksed<br \/>\n<\/span><span style=\"color: #333333;\">&#8211; V\u00f5ib kuumt\u00f6\u00f6delda kuni 160\u00ba kuumusega!<br \/>\n<\/span><span style=\"color: #333333;\">&#8211; N\u00e4htamatu, diskreetne ja kiire paigaldus<br \/>\n<\/span><span style=\"color: #333333;\">&#8211; 19 erinevat v\u00e4rvitooni<br \/>\n<\/span><span style=\"color: #333333;\">&#8211; Lisab oma juustele pikkust ja vol\u00fc\u00fcmi<br \/>\n<\/span><span style=\"color: #333333;\">&#8211; Tugev ja fikseeritud hoidvus<br \/>\n<\/span><span style=\"color: #333333;\">&#8211; Lihtne hooldada, teha lokke ja laineid<\/span><\/p>\n<p>Kas teadsid, et<em>\u00a0<strong>Memory Hair<\/strong>\u00a0<\/em>on auga oma nime v\u00e4\u00e4riline just seet\u00f5ttu, et kuumt\u00f6\u00f6tlemisel soengusse s\u00e4titud juuksed s\u00e4ilitavad oma soengu seniks, kuni kandja annab neile kuumutades uue stiili. \u00dchel p\u00e4eval soovid ehk sirgeid juukseid, teisel j\u00e4lle seksikaid laineid. See k\u00f5ik on v\u00f5imalik, sest juuksed hoiavad soengut seniks, kuni tuleb tuju nendega taas miskit muud ette v\u00f5tta.<\/p>\n<p><strong>Kuidas Catwalk Ponytail&#8217;i hooldada?<br \/>\n<\/strong>Ponisaba hoolduse p\u00e4rast liigselt pead valutama ei pea, sest hooldamine on juuste puhul \u00e4\u00e4rmiselt lihtne ning ei v\u00f5ta kaua aega. Hoolduse tihedus s\u00f5ltub v\u00e4ga palju\u00a0 kui tihti hobusesaba kantakse ja hooldus ise on t\u00e4pselt samasugune nagu enda naturaalsete juuste pesu.<br \/>\n&#8211; Hoida juukseid kogu hoolduse v\u00e4ltel kinnituskohast<br \/>\n<span style=\"color: #333333;\">&#8211; Kasta juuksed sooja vette<br \/>\n<\/span><span style=\"color: #333333;\">&#8211; \u0160ampoonitada juuksed, seej\u00e4rel lasta juustel veidi seista, et mustus ja rasu lahustuksid<br \/>\n<\/span><span style=\"color: #333333;\">&#8211; Mitte h\u00f5\u00f5ruda!<br \/>\n<\/span><span style=\"color: #333333;\">&#8211; Loputada juuksed hoolikal<br \/>\n&#8211; Pihusta patsile Leave-In Conditioner Spray`d<br \/>\n<\/span><span style=\"color: #333333;\">&#8211; F\u00f6\u00f6nita ning lase kuivada (maksimaalne t\u00f6\u00f6tlustemperatuur 160\u00baC)<\/span><\/p>\n<p><strong>Kaal: <\/strong>195g<\/p>\n<p><a href=\"https:\/\/www.vogue.com\/article\/balmain-supermodels-ponytails-hair-sexy-gigi-hadid-bella-hadid\"><strong>LOE:<\/strong> Why Balmain\u2019s Power Catwalk Ponytails and Bombshell Bodies Are a Fashion Week Palate Cleanser<\/a><\/p>\n\n","protected":false},"featured_media":35406,"template":"","meta":[],"product_brand":[464],"product_cat":[266,265,202,203,126,121,145,167],"product_tag":[],"class_list":{"0":"post-35407","1":"product","2":"type-product","3":"status-publish","4":"has-post-thumbnail","6":"product_brand-balmain-hair","7":"product_cat-balmain-hair","8":"product_cat-brandid","9":"product_cat-catwalk-ponisabad","10":"product_cat-clip-in-pikendused","11":"product_cat-juuksepikendused","12":"product_cat-koik-tooted","13":"product_cat-memory-hair","14":"product_cat-ready-to-wear","16":"first","17":"instock","18":"taxable","19":"shipping-taxable","20":"purchasable","21":"product-type-simple","22":"add-to-wishlist-after_add_to_cart"},"yoast_head":"<!-- This site is optimized with the Yoast SEO plugin v27.3 - https:\/\/yoast.com\/product\/yoast-seo-wordpress\/ -->\n<title>BALMAIN HAIR ponisaba \/ Catwalk Ponytail 55cm Oslo - Hair Deluxe<\/title>\n<meta name=\"robots\" content=\"index, follow, max-snippet:-1, max-image-preview:large, max-video-preview:-1\" \/>\n<link rel=\"canonical\" href=\"https:\/\/hairdeluxe.ee\/en\/product\/balmain-ponisaba-catwalk-ponytail-55cm-oslo\/\" \/>\n<meta property=\"og:locale\" content=\"en_US\" \/>\n<meta property=\"og:type\" content=\"article\" \/>\n<meta property=\"og:title\" content=\"BALMAIN HAIR ponisaba \/ Catwalk Ponytail 55cm Oslo - Hair Deluxe\" \/>\n<meta property=\"og:description\" content=\"Kes oleks v\u00f5inud arvata, et soengu tegemine v\u00f5ib olla nii lihtne! 5 min ja ongi valmis! T\u00e4nap\u00e4eval on soengutrendid liikumas suunal \u201eless is more\u201d ning kes meist ei unistaks ideaalsest pikast, paksust ning h\u00e4sti hoidvast patsist, mis juba t\u00fcdrukutirtsust saadik on k\u00f5igi lemmikuks olnud. Need pikad ning naiselikult trendikad Memory\u00ae Hair 55cm juukselisandid on siia j\u00f5udnud otse maailmakuulsatelt moelavadelt. Klassikaline ponisaba - Catwalk Ponytail Memory\u00ae Hair Straight 55cm on praktiline ning glamuurne samaaegselt \u2013 see soeng ei kao k\u00fcll iial moest!  Mis teeb Balmain Hair Catwalk Ponytail\u2019id nii eriliseks? - Loomulikkus \u2013 \u201esulandub\u201d kandja juustega - S\u00e4rab nagu naturaalne juus - 20% kergem kui inimjuuksed - V\u00f5ib kuumt\u00f6\u00f6delda kuni 160\u00ba kuumusega! - N\u00e4htamatu, diskreetne ja kiire paigaldus - 19 erinevat v\u00e4rvitooni - Lisab oma juustele pikkust ja vol\u00fc\u00fcmi - Tugev ja fikseeritud hoidvus - Lihtne hooldada, teha lokke ja laineid  Kas teadsid, et\u00a0Memory Hair\u00a0on auga oma nime v\u00e4\u00e4riline just seet\u00f5ttu, et kuumt\u00f6\u00f6tlemisel soengusse s\u00e4titud juuksed s\u00e4ilitavad oma soengu seniks, kuni kandja annab neile kuumutades uue stiili. \u00dchel p\u00e4eval soovid ehk sirgeid juukseid, teisel j\u00e4lle seksikaid laineid. See k\u00f5ik on v\u00f5imalik, sest juuksed hoiavad soengut seniks, kuni tuleb tuju nendega taas miskit muud ette v\u00f5tta.  Kuidas Catwalk Ponytail&#039;i hooldada? Ponisaba hoolduse p\u00e4rast liigselt pead valutama ei pea, sest hooldamine on juuste puhul \u00e4\u00e4rmiselt lihtne ning ei v\u00f5ta kaua aega. Hoolduse tihedus s\u00f5ltub v\u00e4ga palju\u00a0 kui tihti hobusesaba kantakse ja hooldus ise on t\u00e4pselt samasugune nagu enda naturaalsete juuste pesu. - Hoida juukseid kogu hoolduse v\u00e4ltel kinnituskohast - Kasta juuksed sooja vette - \u0160ampoonitada juuksed, seej\u00e4rel lasta juustel veidi seista, et mustus ja rasu lahustuksid - Mitte h\u00f5\u00f5ruda! - Loputada juuksed hoolikal - Pihusta patsile Leave-In Conditioner Spray`d - F\u00f6\u00f6nita ning lase kuivada (maksimaalne t\u00f6\u00f6tlustemperatuur 160\u00baC)  Kaal: 195g  LOE: Why Balmain\u2019s Power Catwalk Ponytails and Bombshell Bodies Are a Fashion Week Palate Cleanser\" \/>\n<meta property=\"og:url\" content=\"https:\/\/hairdeluxe.ee\/en\/product\/balmain-ponisaba-catwalk-ponytail-55cm-oslo\/\" \/>\n<meta property=\"og:site_name\" content=\"Hair Deluxe\" \/>\n<meta property=\"article:publisher\" content=\"https:\/\/www.facebook.com\/blowbartallinn\" \/>\n<meta property=\"article:modified_time\" content=\"2025-03-18T19:22:29+00:00\" \/>\n<meta property=\"og:image\" content=\"https:\/\/hairdeluxe.ee\/wp-content\/uploads\/2024\/02\/balmainhair_rtw_catwalkponytail_oslo.jpg\" \/>\n\t<meta property=\"og:image:width\" content=\"1522\" \/>\n\t<meta property=\"og:image:height\" content=\"2480\" \/>\n\t<meta property=\"og:image:type\" content=\"image\/jpeg\" \/>\n<meta name=\"twitter:card\" content=\"summary_large_image\" \/>\n<script type=\"application\/ld+json\" class=\"yoast-schema-graph\">{\"@context\":\"https:\\\/\\\/schema.org\",\"@graph\":[{\"@type\":\"WebPage\",\"@id\":\"https:\\\/\\\/hairdeluxe.ee\\\/en\\\/product\\\/balmain-ponisaba-catwalk-ponytail-55cm-oslo\\\/\",\"url\":\"https:\\\/\\\/hairdeluxe.ee\\\/en\\\/product\\\/balmain-ponisaba-catwalk-ponytail-55cm-oslo\\\/\",\"name\":\"BALMAIN HAIR ponisaba \\\/ Catwalk Ponytail 55cm Oslo - Hair Deluxe\",\"isPartOf\":{\"@id\":\"https:\\\/\\\/hairdeluxe.ee\\\/en\\\/#website\"},\"primaryImageOfPage\":{\"@id\":\"https:\\\/\\\/hairdeluxe.ee\\\/en\\\/product\\\/balmain-ponisaba-catwalk-ponytail-55cm-oslo\\\/#primaryimage\"},\"image\":{\"@id\":\"https:\\\/\\\/hairdeluxe.ee\\\/en\\\/product\\\/balmain-ponisaba-catwalk-ponytail-55cm-oslo\\\/#primaryimage\"},\"thumbnailUrl\":\"https:\\\/\\\/hairdeluxe.ee\\\/wp-content\\\/uploads\\\/2024\\\/02\\\/balmainhair_rtw_catwalkponytail_oslo.jpg\",\"datePublished\":\"2024-02-03T07:38:10+00:00\",\"dateModified\":\"2025-03-18T19:22:29+00:00\",\"breadcrumb\":{\"@id\":\"https:\\\/\\\/hairdeluxe.ee\\\/en\\\/product\\\/balmain-ponisaba-catwalk-ponytail-55cm-oslo\\\/#breadcrumb\"},\"inLanguage\":\"en-US\",\"potentialAction\":[{\"@type\":\"ReadAction\",\"target\":[\"https:\\\/\\\/hairdeluxe.ee\\\/en\\\/product\\\/balmain-ponisaba-catwalk-ponytail-55cm-oslo\\\/\"]}]},{\"@type\":\"ImageObject\",\"inLanguage\":\"en-US\",\"@id\":\"https:\\\/\\\/hairdeluxe.ee\\\/en\\\/product\\\/balmain-ponisaba-catwalk-ponytail-55cm-oslo\\\/#primaryimage\",\"url\":\"https:\\\/\\\/hairdeluxe.ee\\\/wp-content\\\/uploads\\\/2024\\\/02\\\/balmainhair_rtw_catwalkponytail_oslo.jpg\",\"contentUrl\":\"https:\\\/\\\/hairdeluxe.ee\\\/wp-content\\\/uploads\\\/2024\\\/02\\\/balmainhair_rtw_catwalkponytail_oslo.jpg\",\"width\":1522,\"height\":2480},{\"@type\":\"BreadcrumbList\",\"@id\":\"https:\\\/\\\/hairdeluxe.ee\\\/en\\\/product\\\/balmain-ponisaba-catwalk-ponytail-55cm-oslo\\\/#breadcrumb\",\"itemListElement\":[{\"@type\":\"ListItem\",\"position\":1,\"name\":\"Home\",\"item\":\"https:\\\/\\\/hairdeluxe.ee\\\/en\\\/\"},{\"@type\":\"ListItem\",\"position\":2,\"name\":\"Shop\",\"item\":\"https:\\\/\\\/hairdeluxe.ee\\\/en\\\/shop\\\/\"},{\"@type\":\"ListItem\",\"position\":3,\"name\":\"BALMAIN HAIR ponisaba \\\/ Catwalk Ponytail 55cm Oslo\"}]},{\"@type\":\"WebSite\",\"@id\":\"https:\\\/\\\/hairdeluxe.ee\\\/en\\\/#website\",\"url\":\"https:\\\/\\\/hairdeluxe.ee\\\/en\\\/\",\"name\":\"Hair Deluxe\",\"description\":\"Highlight your natural beauty\",\"publisher\":{\"@id\":\"https:\\\/\\\/hairdeluxe.ee\\\/en\\\/#organization\"},\"potentialAction\":[{\"@type\":\"SearchAction\",\"target\":{\"@type\":\"EntryPoint\",\"urlTemplate\":\"https:\\\/\\\/hairdeluxe.ee\\\/en\\\/?s={search_term_string}\"},\"query-input\":{\"@type\":\"PropertyValueSpecification\",\"valueRequired\":true,\"valueName\":\"search_term_string\"}}],\"inLanguage\":\"en-US\"},{\"@type\":\"Organization\",\"@id\":\"https:\\\/\\\/hairdeluxe.ee\\\/en\\\/#organization\",\"name\":\"Hair Deluxe\",\"url\":\"https:\\\/\\\/hairdeluxe.ee\\\/en\\\/\",\"logo\":{\"@type\":\"ImageObject\",\"inLanguage\":\"en-US\",\"@id\":\"https:\\\/\\\/hairdeluxe.ee\\\/en\\\/#\\\/schema\\\/logo\\\/image\\\/\",\"url\":\"https:\\\/\\\/hairdeluxe.ee\\\/wp-content\\\/uploads\\\/2024\\\/06\\\/Hair-Deluxe-Logo-Dark-font.png\",\"contentUrl\":\"https:\\\/\\\/hairdeluxe.ee\\\/wp-content\\\/uploads\\\/2024\\\/06\\\/Hair-Deluxe-Logo-Dark-font.png\",\"width\":467,\"height\":177,\"caption\":\"Hair Deluxe\"},\"image\":{\"@id\":\"https:\\\/\\\/hairdeluxe.ee\\\/en\\\/#\\\/schema\\\/logo\\\/image\\\/\"},\"sameAs\":[\"https:\\\/\\\/www.facebook.com\\\/blowbartallinn\",\"https:\\\/\\\/www.instagram.com\\\/blowbar_tallinn\"]}]}<\/script>\n<!-- \/ Yoast SEO plugin. -->","yoast_head_json":{"title":"BALMAIN HAIR ponisaba \/ Catwalk Ponytail 55cm Oslo - Hair Deluxe","robots":{"index":"index","follow":"follow","max-snippet":"max-snippet:-1","max-image-preview":"max-image-preview:large","max-video-preview":"max-video-preview:-1"},"canonical":"https:\/\/hairdeluxe.ee\/en\/product\/balmain-ponisaba-catwalk-ponytail-55cm-oslo\/","og_locale":"en_US","og_type":"article","og_title":"BALMAIN HAIR ponisaba \/ Catwalk Ponytail 55cm Oslo - Hair Deluxe","og_description":"Kes oleks v\u00f5inud arvata, et soengu tegemine v\u00f5ib olla nii lihtne! 5 min ja ongi valmis! T\u00e4nap\u00e4eval on soengutrendid liikumas suunal \u201eless is more\u201d ning kes meist ei unistaks ideaalsest pikast, paksust ning h\u00e4sti hoidvast patsist, mis juba t\u00fcdrukutirtsust saadik on k\u00f5igi lemmikuks olnud. Need pikad ning naiselikult trendikad Memory\u00ae Hair 55cm juukselisandid on siia j\u00f5udnud otse maailmakuulsatelt moelavadelt. Klassikaline ponisaba - Catwalk Ponytail Memory\u00ae Hair Straight 55cm on praktiline ning glamuurne samaaegselt \u2013 see soeng ei kao k\u00fcll iial moest!  Mis teeb Balmain Hair Catwalk Ponytail\u2019id nii eriliseks? - Loomulikkus \u2013 \u201esulandub\u201d kandja juustega - S\u00e4rab nagu naturaalne juus - 20% kergem kui inimjuuksed - V\u00f5ib kuumt\u00f6\u00f6delda kuni 160\u00ba kuumusega! - N\u00e4htamatu, diskreetne ja kiire paigaldus - 19 erinevat v\u00e4rvitooni - Lisab oma juustele pikkust ja vol\u00fc\u00fcmi - Tugev ja fikseeritud hoidvus - Lihtne hooldada, teha lokke ja laineid  Kas teadsid, et\u00a0Memory Hair\u00a0on auga oma nime v\u00e4\u00e4riline just seet\u00f5ttu, et kuumt\u00f6\u00f6tlemisel soengusse s\u00e4titud juuksed s\u00e4ilitavad oma soengu seniks, kuni kandja annab neile kuumutades uue stiili. \u00dchel p\u00e4eval soovid ehk sirgeid juukseid, teisel j\u00e4lle seksikaid laineid. See k\u00f5ik on v\u00f5imalik, sest juuksed hoiavad soengut seniks, kuni tuleb tuju nendega taas miskit muud ette v\u00f5tta.  Kuidas Catwalk Ponytail'i hooldada? Ponisaba hoolduse p\u00e4rast liigselt pead valutama ei pea, sest hooldamine on juuste puhul \u00e4\u00e4rmiselt lihtne ning ei v\u00f5ta kaua aega. Hoolduse tihedus s\u00f5ltub v\u00e4ga palju\u00a0 kui tihti hobusesaba kantakse ja hooldus ise on t\u00e4pselt samasugune nagu enda naturaalsete juuste pesu. - Hoida juukseid kogu hoolduse v\u00e4ltel kinnituskohast - Kasta juuksed sooja vette - \u0160ampoonitada juuksed, seej\u00e4rel lasta juustel veidi seista, et mustus ja rasu lahustuksid - Mitte h\u00f5\u00f5ruda! - Loputada juuksed hoolikal - Pihusta patsile Leave-In Conditioner Spray`d - F\u00f6\u00f6nita ning lase kuivada (maksimaalne t\u00f6\u00f6tlustemperatuur 160\u00baC)  Kaal: 195g  LOE: Why Balmain\u2019s Power Catwalk Ponytails and Bombshell Bodies Are a Fashion Week Palate Cleanser","og_url":"https:\/\/hairdeluxe.ee\/en\/product\/balmain-ponisaba-catwalk-ponytail-55cm-oslo\/","og_site_name":"Hair Deluxe","article_publisher":"https:\/\/www.facebook.com\/blowbartallinn","article_modified_time":"2025-03-18T19:22:29+00:00","og_image":[{"width":1522,"height":2480,"url":"https:\/\/hairdeluxe.ee\/wp-content\/uploads\/2024\/02\/balmainhair_rtw_catwalkponytail_oslo.jpg","type":"image\/jpeg"}],"twitter_card":"summary_large_image","schema":{"@context":"https:\/\/schema.org","@graph":[{"@type":"WebPage","@id":"https:\/\/hairdeluxe.ee\/en\/product\/balmain-ponisaba-catwalk-ponytail-55cm-oslo\/","url":"https:\/\/hairdeluxe.ee\/en\/product\/balmain-ponisaba-catwalk-ponytail-55cm-oslo\/","name":"BALMAIN HAIR ponisaba \/ Catwalk Ponytail 55cm Oslo - Hair Deluxe","isPartOf":{"@id":"https:\/\/hairdeluxe.ee\/en\/#website"},"primaryImageOfPage":{"@id":"https:\/\/hairdeluxe.ee\/en\/product\/balmain-ponisaba-catwalk-ponytail-55cm-oslo\/#primaryimage"},"image":{"@id":"https:\/\/hairdeluxe.ee\/en\/product\/balmain-ponisaba-catwalk-ponytail-55cm-oslo\/#primaryimage"},"thumbnailUrl":"https:\/\/hairdeluxe.ee\/wp-content\/uploads\/2024\/02\/balmainhair_rtw_catwalkponytail_oslo.jpg","datePublished":"2024-02-03T07:38:10+00:00","dateModified":"2025-03-18T19:22:29+00:00","breadcrumb":{"@id":"https:\/\/hairdeluxe.ee\/en\/product\/balmain-ponisaba-catwalk-ponytail-55cm-oslo\/#breadcrumb"},"inLanguage":"en-US","potentialAction":[{"@type":"ReadAction","target":["https:\/\/hairdeluxe.ee\/en\/product\/balmain-ponisaba-catwalk-ponytail-55cm-oslo\/"]}]},{"@type":"ImageObject","inLanguage":"en-US","@id":"https:\/\/hairdeluxe.ee\/en\/product\/balmain-ponisaba-catwalk-ponytail-55cm-oslo\/#primaryimage","url":"https:\/\/hairdeluxe.ee\/wp-content\/uploads\/2024\/02\/balmainhair_rtw_catwalkponytail_oslo.jpg","contentUrl":"https:\/\/hairdeluxe.ee\/wp-content\/uploads\/2024\/02\/balmainhair_rtw_catwalkponytail_oslo.jpg","width":1522,"height":2480},{"@type":"BreadcrumbList","@id":"https:\/\/hairdeluxe.ee\/en\/product\/balmain-ponisaba-catwalk-ponytail-55cm-oslo\/#breadcrumb","itemListElement":[{"@type":"ListItem","position":1,"name":"Home","item":"https:\/\/hairdeluxe.ee\/en\/"},{"@type":"ListItem","position":2,"name":"Shop","item":"https:\/\/hairdeluxe.ee\/en\/shop\/"},{"@type":"ListItem","position":3,"name":"BALMAIN HAIR ponisaba \/ Catwalk Ponytail 55cm Oslo"}]},{"@type":"WebSite","@id":"https:\/\/hairdeluxe.ee\/en\/#website","url":"https:\/\/hairdeluxe.ee\/en\/","name":"Hair Deluxe","description":"Highlight your natural beauty","publisher":{"@id":"https:\/\/hairdeluxe.ee\/en\/#organization"},"potentialAction":[{"@type":"SearchAction","target":{"@type":"EntryPoint","urlTemplate":"https:\/\/hairdeluxe.ee\/en\/?s={search_term_string}"},"query-input":{"@type":"PropertyValueSpecification","valueRequired":true,"valueName":"search_term_string"}}],"inLanguage":"en-US"},{"@type":"Organization","@id":"https:\/\/hairdeluxe.ee\/en\/#organization","name":"Hair Deluxe","url":"https:\/\/hairdeluxe.ee\/en\/","logo":{"@type":"ImageObject","inLanguage":"en-US","@id":"https:\/\/hairdeluxe.ee\/en\/#\/schema\/logo\/image\/","url":"https:\/\/hairdeluxe.ee\/wp-content\/uploads\/2024\/06\/Hair-Deluxe-Logo-Dark-font.png","contentUrl":"https:\/\/hairdeluxe.ee\/wp-content\/uploads\/2024\/06\/Hair-Deluxe-Logo-Dark-font.png","width":467,"height":177,"caption":"Hair Deluxe"},"image":{"@id":"https:\/\/hairdeluxe.ee\/en\/#\/schema\/logo\/image\/"},"sameAs":["https:\/\/www.facebook.com\/blowbartallinn","https:\/\/www.instagram.com\/blowbar_tallinn"]}]}},"_links":{"self":[{"href":"https:\/\/hairdeluxe.ee\/en\/wp-json\/wp\/v2\/product\/35407","targetHints":{"allow":["GET"]}}],"collection":[{"href":"https:\/\/hairdeluxe.ee\/en\/wp-json\/wp\/v2\/product"}],"about":[{"href":"https:\/\/hairdeluxe.ee\/en\/wp-json\/wp\/v2\/types\/product"}],"wp:featuredmedia":[{"embeddable":true,"href":"https:\/\/hairdeluxe.ee\/en\/wp-json\/wp\/v2\/media\/35406"}],"wp:attachment":[{"href":"https:\/\/hairdeluxe.ee\/en\/wp-json\/wp\/v2\/media?parent=35407"}],"wp:term":[{"taxonomy":"product_brand","embeddable":true,"href":"https:\/\/hairdeluxe.ee\/en\/wp-json\/wp\/v2\/product_brand?post=35407"},{"taxonomy":"product_cat","embeddable":true,"href":"https:\/\/hairdeluxe.ee\/en\/wp-json\/wp\/v2\/product_cat?post=35407"},{"taxonomy":"product_tag","embeddable":true,"href":"https:\/\/hairdeluxe.ee\/en\/wp-json\/wp\/v2\/product_tag?post=35407"}],"curies":[{"name":"wp","href":"https:\/\/api.w.org\/{rel}","templated":true}]}}