{"id":35433,"date":"2024-02-03T09:38:40","date_gmt":"2024-02-03T07:38:40","guid":{"rendered":"https:\/\/blowbar.ee\/?post_type=product&#038;p=35433"},"modified":"2025-03-18T19:22:28","modified_gmt":"2025-03-18T19:22:28","slug":"balmain-sampoon-juuksepikendustega-juustele-professional-aftercare-shampoo-for-hair-extension-250ml","status":"publish","type":"product","link":"https:\/\/hairdeluxe.ee\/en\/product\/balmain-sampoon-juuksepikendustega-juustele-professional-aftercare-shampoo-for-hair-extension-250ml\/","title":{"rendered":"BALMAIN HAIR \u0161ampoon juuksepikendustega juustele \/ Professional Aftercare Shampoo for Hair Extension 250ml"},"content":{"rendered":"<p><em><strong>Koostis:<\/strong> Aqua, ammonium laureth sulfate, coca&#8211;mido&#8211;pro-pyl betaine, sodium lauroampho-acetate, coca-mide mea, -dimethicone, ammonium lauryl sulfate, glycol -distearate, -sodium -chloride, polyquaternium-10, dmdm -hydantoin, di-sodium edta, parfum, palmitamidopropyltrimonium -chlo-ride, citric acid, -propylene -glycol, hexyl cinnamal, linalool, limonene.<\/em><\/p>\n","protected":false},"excerpt":{"rendered":"<p>Juuksepikenduste ja loomulike juuste ideaalses korras hoidmiseks on professionaalsete j\u00e4relhooldustoodete kasutamine v\u00e4ga oluline.<br \/>\nProfessionaalne j\u00e4relhooldus\u0161ampoon on keratiini ja argaania\u00f5liga rikastatud \u00f5rn niisutav puhastusvahend, mis on spetsiaalselt loodud loomulike juuste ja pikendustega juuste eest hoolitsemiseks.<br \/>\nKerge koostisega, niisutav ja puhastav \u0161ampoon toidab, niisutab, v\u00e4rskendab juukseid, s\u00e4ilitab juuksev\u00e4rvi ja annab kohese ning kauakestva s\u00e4ra.<br \/>\n\u0160ampoon pikendab juuksepikenduste eluiga ja j\u00f5udlust ning on j\u00e4relhooldusrutiini asendamatu osa.<br \/>\n&#8211; Igap\u00e4evane \u0161ampoon pikendustega juustele<br \/>\n&#8211; S\u00e4ilitab juuksev\u00e4rvi<br \/>\n&#8211; Annab k\u00f5ikidele Human Hair toodetele 6-kuulise kvaliteedigarantii<\/p>\n<p><strong>Kasutamine:<\/strong> Kandke m\u00e4rgadele juustele, masseerige \u00f5rnalt ja loputage hoolikalt v\u00e4lja.<\/p>\n<p><strong>Lavatagune saladus: <\/strong>Parimate tulemuste saavutamiseks kasutage koos professionaalse maski ja j\u00e4relhoolduspalsamiga.<\/p>\n<p>Kogus: 250ml<\/p>\n","protected":false},"featured_media":35593,"template":"","meta":[],"product_brand":[464],"product_cat":[266,265,208,126,121,155,158,227,192],"product_tag":[],"class_list":{"0":"post-35433","1":"product","2":"type-product","3":"status-publish","4":"has-post-thumbnail","6":"product_brand-balmain-hair","7":"product_cat-balmain-hair","8":"product_cat-brandid","9":"product_cat-juuksehooldus","10":"product_cat-juuksepikendused","11":"product_cat-koik-tooted","12":"product_cat-pikenduste-jarelehoolitsus","13":"product_cat-populaarsed","14":"product_cat-shampoonid","15":"product_cat-uued-tooted","17":"first","18":"instock","19":"taxable","20":"shipping-taxable","21":"purchasable","22":"product-type-simple","23":"add-to-wishlist-after_add_to_cart"},"yoast_head":"<!-- This site is optimized with the Yoast SEO plugin v27.5 - https:\/\/yoast.com\/product\/yoast-seo-wordpress\/ -->\n<title>BALMAIN HAIR \u0161ampoon juuksepikendustega juustele \/ Professional Aftercare Shampoo for Hair Extension 250ml - Hair Deluxe<\/title>\n<meta name=\"robots\" content=\"index, follow, max-snippet:-1, max-image-preview:large, max-video-preview:-1\" \/>\n<link rel=\"canonical\" href=\"https:\/\/hairdeluxe.ee\/en\/product\/balmain-sampoon-juuksepikendustega-juustele-professional-aftercare-shampoo-for-hair-extension-250ml\/\" \/>\n<meta property=\"og:locale\" content=\"en_US\" \/>\n<meta property=\"og:type\" content=\"article\" \/>\n<meta property=\"og:title\" content=\"BALMAIN HAIR \u0161ampoon juuksepikendustega juustele \/ Professional Aftercare Shampoo for Hair Extension 250ml - Hair Deluxe\" \/>\n<meta property=\"og:description\" content=\"Juuksepikenduste ja loomulike juuste ideaalses korras hoidmiseks on professionaalsete j\u00e4relhooldustoodete kasutamine v\u00e4ga oluline. Professionaalne j\u00e4relhooldus\u0161ampoon on keratiini ja argaania\u00f5liga rikastatud \u00f5rn niisutav puhastusvahend, mis on spetsiaalselt loodud loomulike juuste ja pikendustega juuste eest hoolitsemiseks. Kerge koostisega, niisutav ja puhastav \u0161ampoon toidab, niisutab, v\u00e4rskendab juukseid, s\u00e4ilitab juuksev\u00e4rvi ja annab kohese ning kauakestva s\u00e4ra. \u0160ampoon pikendab juuksepikenduste eluiga ja j\u00f5udlust ning on j\u00e4relhooldusrutiini asendamatu osa. - Igap\u00e4evane \u0161ampoon pikendustega juustele - S\u00e4ilitab juuksev\u00e4rvi - Annab k\u00f5ikidele Human Hair toodetele 6-kuulise kvaliteedigarantii  Kasutamine: Kandke m\u00e4rgadele juustele, masseerige \u00f5rnalt ja loputage hoolikalt v\u00e4lja.  Lavatagune saladus: Parimate tulemuste saavutamiseks kasutage koos professionaalse maski ja j\u00e4relhoolduspalsamiga.  Kogus: 250ml\" \/>\n<meta property=\"og:url\" content=\"https:\/\/hairdeluxe.ee\/en\/product\/balmain-sampoon-juuksepikendustega-juustele-professional-aftercare-shampoo-for-hair-extension-250ml\/\" \/>\n<meta property=\"og:site_name\" content=\"Hair Deluxe\" \/>\n<meta property=\"article:publisher\" content=\"https:\/\/www.facebook.com\/blowbartallinn\" \/>\n<meta property=\"article:modified_time\" content=\"2025-03-18T19:22:28+00:00\" \/>\n<meta property=\"og:image\" content=\"https:\/\/hairdeluxe.ee\/wp-content\/uploads\/2024\/02\/nsmail-15.jpg\" \/>\n\t<meta property=\"og:image:width\" content=\"1185\" \/>\n\t<meta property=\"og:image:height\" content=\"1500\" \/>\n\t<meta property=\"og:image:type\" content=\"image\/jpeg\" \/>\n<meta name=\"twitter:card\" content=\"summary_large_image\" \/>\n<script type=\"application\/ld+json\" class=\"yoast-schema-graph\">{\"@context\":\"https:\\\/\\\/schema.org\",\"@graph\":[{\"@type\":\"WebPage\",\"@id\":\"https:\\\/\\\/hairdeluxe.ee\\\/en\\\/product\\\/balmain-sampoon-juuksepikendustega-juustele-professional-aftercare-shampoo-for-hair-extension-250ml\\\/\",\"url\":\"https:\\\/\\\/hairdeluxe.ee\\\/en\\\/product\\\/balmain-sampoon-juuksepikendustega-juustele-professional-aftercare-shampoo-for-hair-extension-250ml\\\/\",\"name\":\"BALMAIN HAIR \u0161ampoon juuksepikendustega juustele \\\/ Professional Aftercare Shampoo for Hair Extension 250ml - Hair Deluxe\",\"isPartOf\":{\"@id\":\"https:\\\/\\\/hairdeluxe.ee\\\/en\\\/#website\"},\"primaryImageOfPage\":{\"@id\":\"https:\\\/\\\/hairdeluxe.ee\\\/en\\\/product\\\/balmain-sampoon-juuksepikendustega-juustele-professional-aftercare-shampoo-for-hair-extension-250ml\\\/#primaryimage\"},\"image\":{\"@id\":\"https:\\\/\\\/hairdeluxe.ee\\\/en\\\/product\\\/balmain-sampoon-juuksepikendustega-juustele-professional-aftercare-shampoo-for-hair-extension-250ml\\\/#primaryimage\"},\"thumbnailUrl\":\"https:\\\/\\\/hairdeluxe.ee\\\/wp-content\\\/uploads\\\/2024\\\/02\\\/nsmail-15.jpg\",\"datePublished\":\"2024-02-03T07:38:40+00:00\",\"dateModified\":\"2025-03-18T19:22:28+00:00\",\"breadcrumb\":{\"@id\":\"https:\\\/\\\/hairdeluxe.ee\\\/en\\\/product\\\/balmain-sampoon-juuksepikendustega-juustele-professional-aftercare-shampoo-for-hair-extension-250ml\\\/#breadcrumb\"},\"inLanguage\":\"en-US\",\"potentialAction\":[{\"@type\":\"ReadAction\",\"target\":[\"https:\\\/\\\/hairdeluxe.ee\\\/en\\\/product\\\/balmain-sampoon-juuksepikendustega-juustele-professional-aftercare-shampoo-for-hair-extension-250ml\\\/\"]}]},{\"@type\":\"ImageObject\",\"inLanguage\":\"en-US\",\"@id\":\"https:\\\/\\\/hairdeluxe.ee\\\/en\\\/product\\\/balmain-sampoon-juuksepikendustega-juustele-professional-aftercare-shampoo-for-hair-extension-250ml\\\/#primaryimage\",\"url\":\"https:\\\/\\\/hairdeluxe.ee\\\/wp-content\\\/uploads\\\/2024\\\/02\\\/nsmail-15.jpg\",\"contentUrl\":\"https:\\\/\\\/hairdeluxe.ee\\\/wp-content\\\/uploads\\\/2024\\\/02\\\/nsmail-15.jpg\",\"width\":1185,\"height\":1500},{\"@type\":\"BreadcrumbList\",\"@id\":\"https:\\\/\\\/hairdeluxe.ee\\\/en\\\/product\\\/balmain-sampoon-juuksepikendustega-juustele-professional-aftercare-shampoo-for-hair-extension-250ml\\\/#breadcrumb\",\"itemListElement\":[{\"@type\":\"ListItem\",\"position\":1,\"name\":\"Home\",\"item\":\"https:\\\/\\\/hairdeluxe.ee\\\/en\\\/\"},{\"@type\":\"ListItem\",\"position\":2,\"name\":\"Shop\",\"item\":\"https:\\\/\\\/hairdeluxe.ee\\\/en\\\/shop\\\/\"},{\"@type\":\"ListItem\",\"position\":3,\"name\":\"BALMAIN HAIR \u0161ampoon juuksepikendustega juustele \\\/ Professional Aftercare Shampoo for Hair Extension 250ml\"}]},{\"@type\":\"WebSite\",\"@id\":\"https:\\\/\\\/hairdeluxe.ee\\\/en\\\/#website\",\"url\":\"https:\\\/\\\/hairdeluxe.ee\\\/en\\\/\",\"name\":\"Hair Deluxe\",\"description\":\"Highlight your natural beauty\",\"publisher\":{\"@id\":\"https:\\\/\\\/hairdeluxe.ee\\\/en\\\/#organization\"},\"potentialAction\":[{\"@type\":\"SearchAction\",\"target\":{\"@type\":\"EntryPoint\",\"urlTemplate\":\"https:\\\/\\\/hairdeluxe.ee\\\/en\\\/?s={search_term_string}\"},\"query-input\":{\"@type\":\"PropertyValueSpecification\",\"valueRequired\":true,\"valueName\":\"search_term_string\"}}],\"inLanguage\":\"en-US\"},{\"@type\":\"Organization\",\"@id\":\"https:\\\/\\\/hairdeluxe.ee\\\/en\\\/#organization\",\"name\":\"Hair Deluxe\",\"url\":\"https:\\\/\\\/hairdeluxe.ee\\\/en\\\/\",\"logo\":{\"@type\":\"ImageObject\",\"inLanguage\":\"en-US\",\"@id\":\"https:\\\/\\\/hairdeluxe.ee\\\/en\\\/#\\\/schema\\\/logo\\\/image\\\/\",\"url\":\"https:\\\/\\\/hairdeluxe.ee\\\/wp-content\\\/uploads\\\/2024\\\/06\\\/Hair-Deluxe-Logo-Dark-font.png\",\"contentUrl\":\"https:\\\/\\\/hairdeluxe.ee\\\/wp-content\\\/uploads\\\/2024\\\/06\\\/Hair-Deluxe-Logo-Dark-font.png\",\"width\":467,\"height\":177,\"caption\":\"Hair Deluxe\"},\"image\":{\"@id\":\"https:\\\/\\\/hairdeluxe.ee\\\/en\\\/#\\\/schema\\\/logo\\\/image\\\/\"},\"sameAs\":[\"https:\\\/\\\/www.facebook.com\\\/blowbartallinn\",\"https:\\\/\\\/www.instagram.com\\\/blowbar_tallinn\"]}]}<\/script>\n<!-- \/ Yoast SEO plugin. -->","yoast_head_json":{"title":"BALMAIN HAIR \u0161ampoon juuksepikendustega juustele \/ Professional Aftercare Shampoo for Hair Extension 250ml - Hair Deluxe","robots":{"index":"index","follow":"follow","max-snippet":"max-snippet:-1","max-image-preview":"max-image-preview:large","max-video-preview":"max-video-preview:-1"},"canonical":"https:\/\/hairdeluxe.ee\/en\/product\/balmain-sampoon-juuksepikendustega-juustele-professional-aftercare-shampoo-for-hair-extension-250ml\/","og_locale":"en_US","og_type":"article","og_title":"BALMAIN HAIR \u0161ampoon juuksepikendustega juustele \/ Professional Aftercare Shampoo for Hair Extension 250ml - Hair Deluxe","og_description":"Juuksepikenduste ja loomulike juuste ideaalses korras hoidmiseks on professionaalsete j\u00e4relhooldustoodete kasutamine v\u00e4ga oluline. Professionaalne j\u00e4relhooldus\u0161ampoon on keratiini ja argaania\u00f5liga rikastatud \u00f5rn niisutav puhastusvahend, mis on spetsiaalselt loodud loomulike juuste ja pikendustega juuste eest hoolitsemiseks. Kerge koostisega, niisutav ja puhastav \u0161ampoon toidab, niisutab, v\u00e4rskendab juukseid, s\u00e4ilitab juuksev\u00e4rvi ja annab kohese ning kauakestva s\u00e4ra. \u0160ampoon pikendab juuksepikenduste eluiga ja j\u00f5udlust ning on j\u00e4relhooldusrutiini asendamatu osa. - Igap\u00e4evane \u0161ampoon pikendustega juustele - S\u00e4ilitab juuksev\u00e4rvi - Annab k\u00f5ikidele Human Hair toodetele 6-kuulise kvaliteedigarantii  Kasutamine: Kandke m\u00e4rgadele juustele, masseerige \u00f5rnalt ja loputage hoolikalt v\u00e4lja.  Lavatagune saladus: Parimate tulemuste saavutamiseks kasutage koos professionaalse maski ja j\u00e4relhoolduspalsamiga.  Kogus: 250ml","og_url":"https:\/\/hairdeluxe.ee\/en\/product\/balmain-sampoon-juuksepikendustega-juustele-professional-aftercare-shampoo-for-hair-extension-250ml\/","og_site_name":"Hair Deluxe","article_publisher":"https:\/\/www.facebook.com\/blowbartallinn","article_modified_time":"2025-03-18T19:22:28+00:00","og_image":[{"width":1185,"height":1500,"url":"https:\/\/hairdeluxe.ee\/wp-content\/uploads\/2024\/02\/nsmail-15.jpg","type":"image\/jpeg"}],"twitter_card":"summary_large_image","schema":{"@context":"https:\/\/schema.org","@graph":[{"@type":"WebPage","@id":"https:\/\/hairdeluxe.ee\/en\/product\/balmain-sampoon-juuksepikendustega-juustele-professional-aftercare-shampoo-for-hair-extension-250ml\/","url":"https:\/\/hairdeluxe.ee\/en\/product\/balmain-sampoon-juuksepikendustega-juustele-professional-aftercare-shampoo-for-hair-extension-250ml\/","name":"BALMAIN HAIR \u0161ampoon juuksepikendustega juustele \/ Professional Aftercare Shampoo for Hair Extension 250ml - Hair Deluxe","isPartOf":{"@id":"https:\/\/hairdeluxe.ee\/en\/#website"},"primaryImageOfPage":{"@id":"https:\/\/hairdeluxe.ee\/en\/product\/balmain-sampoon-juuksepikendustega-juustele-professional-aftercare-shampoo-for-hair-extension-250ml\/#primaryimage"},"image":{"@id":"https:\/\/hairdeluxe.ee\/en\/product\/balmain-sampoon-juuksepikendustega-juustele-professional-aftercare-shampoo-for-hair-extension-250ml\/#primaryimage"},"thumbnailUrl":"https:\/\/hairdeluxe.ee\/wp-content\/uploads\/2024\/02\/nsmail-15.jpg","datePublished":"2024-02-03T07:38:40+00:00","dateModified":"2025-03-18T19:22:28+00:00","breadcrumb":{"@id":"https:\/\/hairdeluxe.ee\/en\/product\/balmain-sampoon-juuksepikendustega-juustele-professional-aftercare-shampoo-for-hair-extension-250ml\/#breadcrumb"},"inLanguage":"en-US","potentialAction":[{"@type":"ReadAction","target":["https:\/\/hairdeluxe.ee\/en\/product\/balmain-sampoon-juuksepikendustega-juustele-professional-aftercare-shampoo-for-hair-extension-250ml\/"]}]},{"@type":"ImageObject","inLanguage":"en-US","@id":"https:\/\/hairdeluxe.ee\/en\/product\/balmain-sampoon-juuksepikendustega-juustele-professional-aftercare-shampoo-for-hair-extension-250ml\/#primaryimage","url":"https:\/\/hairdeluxe.ee\/wp-content\/uploads\/2024\/02\/nsmail-15.jpg","contentUrl":"https:\/\/hairdeluxe.ee\/wp-content\/uploads\/2024\/02\/nsmail-15.jpg","width":1185,"height":1500},{"@type":"BreadcrumbList","@id":"https:\/\/hairdeluxe.ee\/en\/product\/balmain-sampoon-juuksepikendustega-juustele-professional-aftercare-shampoo-for-hair-extension-250ml\/#breadcrumb","itemListElement":[{"@type":"ListItem","position":1,"name":"Home","item":"https:\/\/hairdeluxe.ee\/en\/"},{"@type":"ListItem","position":2,"name":"Shop","item":"https:\/\/hairdeluxe.ee\/en\/shop\/"},{"@type":"ListItem","position":3,"name":"BALMAIN HAIR \u0161ampoon juuksepikendustega juustele \/ Professional Aftercare Shampoo for Hair Extension 250ml"}]},{"@type":"WebSite","@id":"https:\/\/hairdeluxe.ee\/en\/#website","url":"https:\/\/hairdeluxe.ee\/en\/","name":"Hair Deluxe","description":"Highlight your natural beauty","publisher":{"@id":"https:\/\/hairdeluxe.ee\/en\/#organization"},"potentialAction":[{"@type":"SearchAction","target":{"@type":"EntryPoint","urlTemplate":"https:\/\/hairdeluxe.ee\/en\/?s={search_term_string}"},"query-input":{"@type":"PropertyValueSpecification","valueRequired":true,"valueName":"search_term_string"}}],"inLanguage":"en-US"},{"@type":"Organization","@id":"https:\/\/hairdeluxe.ee\/en\/#organization","name":"Hair Deluxe","url":"https:\/\/hairdeluxe.ee\/en\/","logo":{"@type":"ImageObject","inLanguage":"en-US","@id":"https:\/\/hairdeluxe.ee\/en\/#\/schema\/logo\/image\/","url":"https:\/\/hairdeluxe.ee\/wp-content\/uploads\/2024\/06\/Hair-Deluxe-Logo-Dark-font.png","contentUrl":"https:\/\/hairdeluxe.ee\/wp-content\/uploads\/2024\/06\/Hair-Deluxe-Logo-Dark-font.png","width":467,"height":177,"caption":"Hair Deluxe"},"image":{"@id":"https:\/\/hairdeluxe.ee\/en\/#\/schema\/logo\/image\/"},"sameAs":["https:\/\/www.facebook.com\/blowbartallinn","https:\/\/www.instagram.com\/blowbar_tallinn"]}]}},"_links":{"self":[{"href":"https:\/\/hairdeluxe.ee\/en\/wp-json\/wp\/v2\/product\/35433","targetHints":{"allow":["GET"]}}],"collection":[{"href":"https:\/\/hairdeluxe.ee\/en\/wp-json\/wp\/v2\/product"}],"about":[{"href":"https:\/\/hairdeluxe.ee\/en\/wp-json\/wp\/v2\/types\/product"}],"wp:featuredmedia":[{"embeddable":true,"href":"https:\/\/hairdeluxe.ee\/en\/wp-json\/wp\/v2\/media\/35593"}],"wp:attachment":[{"href":"https:\/\/hairdeluxe.ee\/en\/wp-json\/wp\/v2\/media?parent=35433"}],"wp:term":[{"taxonomy":"product_brand","embeddable":true,"href":"https:\/\/hairdeluxe.ee\/en\/wp-json\/wp\/v2\/product_brand?post=35433"},{"taxonomy":"product_cat","embeddable":true,"href":"https:\/\/hairdeluxe.ee\/en\/wp-json\/wp\/v2\/product_cat?post=35433"},{"taxonomy":"product_tag","embeddable":true,"href":"https:\/\/hairdeluxe.ee\/en\/wp-json\/wp\/v2\/product_tag?post=35433"}],"curies":[{"name":"wp","href":"https:\/\/api.w.org\/{rel}","templated":true}]}}