{"id":35598,"date":"2024-02-03T09:52:39","date_gmt":"2024-02-03T07:52:39","guid":{"rendered":"https:\/\/blowbar.ee\/toode\/balmain-hair-juuksepikendustehoolduse-komplekt-professional-aftercare-bag-for-extension\/"},"modified":"2025-03-18T19:22:27","modified_gmt":"2025-03-18T19:22:27","slug":"balmain-juuksepikendustehoolduse-komplekt-professional-aftercare-bag-for-extension","status":"publish","type":"product","link":"https:\/\/hairdeluxe.ee\/en\/product\/balmain-juuksepikendustehoolduse-komplekt-professional-aftercare-bag-for-extension\/","title":{"rendered":"BALMAIN HAIR juuksepikendustehoolduse komplekt \/ Professional Aftercare Bag for Extension"},"content":{"rendered":"<p>Kuidas kasutada:<br \/>\n1. Peske juukseid <span style=\"color: #0000ff;\"><strong><a style=\"color: #0000ff;\" href=\"https:\/\/www.balmainhair.ee\/toode\/sampoon-juuksepikendustega-juustele-professional-aftercare-shampoo-250ml\/\">Professional Aftercare shampooniga<\/a><\/strong><\/span>. Kandke shampooni m\u00e4rgadele juustele, masseerige \u00f5rnalt ja loputage hoolikalt.<br \/>\n2. Taaselustagee juukseid, lisades v\u00e4ikese koguse <a href=\"https:\/\/www.balmainhair.ee\/toode\/mask-juuksepikendustega-juustele-professional-aftercare-mask-150ml\/\"><strong><span style=\"color: #0000ff;\">Professional Aftercare Mask<\/span><\/strong><\/a>&#8216;i juuste keskosast kuni otsteni. Loputage hoolikalt 10\u201315 minuti p\u00e4rast.<br \/>\n3. Niiskuse lukustamiseks kasutage professionaalset j\u00e4relhoolduspalsamit. Loputage hoolikalt p\u00e4rast 2-3 minutit.<br \/>\n4. Kuivatage juuksed r\u00e4tikuga ja harjake neid \u00f5rnalt pusadevastase harjaga. Harjake alati allapoole suunatud liigutusega, et s\u00e4ilitada juuste loomulikku suunda, alustades otstest ja liikudes j\u00e4rk-j\u00e4rgult \u00fclespoole.<br \/>\n5. Helendava l\u00e4ike saamiseks viimistlege juuksed v\u00e4ikese koguse<span style=\"color: #0000ff;\"><strong> <a style=\"color: #0000ff;\" href=\"https:\/\/www.balmainhair.ee\/toode\/laikesprei-juuksepikendustele-aftercare-shine-spray-75ml\/\">Shine Spray<\/a><\/strong><\/span>\u00b4ga. Pihustage kogu juuste pikkuses 4-6 pihustit\u00e4it ning laske toimida 10-15 minutit.<\/p>\n<p>Lavatagune nipp:<br \/>\nLisaks j\u00e4relhooldustoodete kaasaskandmisele on v\u00f5rkmaterjalist stiilne kott ideaalne juukselisandite hoidmiseks reisi ajal.<br \/>\nKomplektis sisaldub ka spetsiaalselt juuste pikendustega juuste harjamiseks <a href=\"https:\/\/www.balmainhair.ee\/toode\/juuksehari-juuksepikendustele-hair-extension-brush\/\"><strong><span style=\"color: #0000ff;\">Extension Brush<\/span><\/strong><\/a> juuksehari.<\/p>\n<p>Koostisained:<br \/>\nProfessional Aftercare Shampoo: Aqua, ammonium laureth sulfate, coca&#8211;mido&#8211;pro-pyl betaine, sodium lauroampho-acetate, coca-mide mea, -dimethicone, ammonium lauryl sulfate, glycol -distearate, -sodium -chloride, polyquaternium-10, dmdm -hydantoin, di-sodium edta, parfum, palmitamidopropyltrimonium -chlo-ride, citric acid, -propylene -glycol, hexyl cinnamal, linalool, limonene.<br \/>\nProfessional Aftercare Conditioner: water, cetearyl alcohol, ceteareth-20, behentrimonium chloride, hydrolyzed wheat protein, cyclopentasiloxane, stearamidopropyl dimethylamine, glycerin, hydrogenated sweet almond oil, perfume, phenoxyethanol, potassium sorbate, citric acid, ci 42090, ci 19140.<br \/>\nProfessional Aftercare Mask: water, cetearyl alcohol, ceteareth-20, behentrimonium chloride, amodimethicone, hydrolyzed wheat protein, cetrimonium chloride, cyclopentasiloxane, hydrolyzed silk, dimethicone, cyclopenlasiloxane, hydroxyethylcellulose, argania spinose kernel oil, panthenol, perfume, phenoxyethanol, potassium sorbate, citric acid, ci 42090, ci 19140.<br \/>\nProfessional Aftercare Shine Spray: cyclopenlasiloxane, phenyl trimethicone, tocopheryl acetate panthenol, argania spinosa kernel oil.<\/p>\n","protected":false},"excerpt":{"rendered":"<p>Juuksepikenduste ja loomulike juuste ideaalses seisukorras hoidmiseks on soovitatav kasutada professionaalseid juuksepikenduste ja loomulike juuste j\u00e4relhooldustooteid.<br \/>\nSee tootesari on loodus spetsiaalselt neile, kes kannavad juuksepikendusi. Tootesarja spetsaiaalselt valitud koostisained v\u00e4listavad juuste ja juustepikenduste konflikti juuste ja juuksepikenduste j\u00e4relhoolduse ajal.<br \/>\nTooted pikendavad juuksepikenduste eluiga ja j\u00f5udlust ning on j\u00e4relhoolduse asendamatu osa.<br \/>\nProfessionaalne juuksepikenduste j\u00e4relhooldustoodete sari t\u00e4iendab 6-kuulist garantiid k\u00f5ikidele Balmain Hair juuksepikenduste toodetele.<\/p>\n<p><span style=\"color: #333333;\">&#8211; T\u00e4iuslik igap\u00e4evane j\u00e4relhooldusrutiin.<br \/>\n<\/span>&#8211; Spetsiaalselt loodud loomulikele juustele ja juuksepikendustele.<br \/>\n&#8211; Pikendab juuksepikenduste eluiga ja j\u00f5udlust.<br \/>\n&#8211; Aitab v\u00e4ltida pusade teket.<\/p>\n<p>Komplekt sisaldab:<br \/>\n<span style=\"color: #0000ff;\"><strong><a style=\"color: #0000ff;\" href=\"https:\/\/www.balmainhair.ee\/toode\/sampoon-juuksepikendustega-juustele-professional-aftercare-shampoo-250ml\/\">&#8211; Professionaalne j\u00e4relhooldus\u0161ampoon (250 ml),<\/a><\/strong><\/span><br \/>\n<strong><span style=\"color: #0000ff;\"><a style=\"color: #0000ff;\" href=\"https:\/\/www.balmainhair.ee\/toode\/palsam-juuksepikendustega-juustele-professional-aftercare-conditioner-250ml\/\">&#8211; Professionaalne j\u00e4relhoolduspalsam (250 ml),<\/a><\/span><\/strong><br \/>\n<a href=\"https:\/\/www.balmainhair.ee\/toode\/mask-juuksepikendustega-juustele-professional-aftercare-mask-150ml\/\"><strong><span style=\"color: #0000ff;\">&#8211; Professionaalne j\u00e4relhooldusmask (150 ml),<\/span><\/strong><\/a><br \/>\n<a href=\"https:\/\/www.balmainhair.ee\/toode\/laikesprei-juuksepikendustele-aftercare-shine-spray-75ml\/\"><strong><span style=\"color: #0000ff;\">&#8211; Professionaalne j\u00e4relhooldussprei (75 ml),<\/span><\/strong><\/a><br \/>\n<a href=\"https:\/\/www.balmainhair.ee\/toode\/juuksehari-juuksepikendustele-hair-extension-brush\/\"><strong><span style=\"color: #0000ff;\">&#8211; Valge juuksepikendustele m\u00f5eldud harjastega juuksehari.<\/span><\/strong><\/a><br \/>\n&#8211; H\u00f5bedasest v\u00f5rgust professionaalne j\u00e4relhoolduskott Balmain Hair logoga<\/p>\n","protected":false},"featured_media":35592,"template":"","meta":[],"product_brand":[464],"product_cat":[266,265,206,208,126,129,130,121,215,217,218,155,158,223,227,192],"product_tag":[],"class_list":{"0":"post-35598","1":"product","2":"type-product","3":"status-publish","4":"has-post-thumbnail","6":"product_brand-balmain-hair","7":"product_cat-balmain-hair","8":"product_cat-brandid","9":"product_cat-erikollektsioonid","10":"product_cat-juuksehooldus","11":"product_cat-juuksepikendused","12":"product_cat-kingitused","13":"product_cat-kinkekomplektid","14":"product_cat-koik-tooted","15":"product_cat-laige","16":"product_cat-maskid-ja-hooldus","17":"product_cat-palsamid","18":"product_cat-pikenduste-jarelehoolitsus","19":"product_cat-populaarsed","20":"product_cat-pusadevastane","21":"product_cat-shampoonid","22":"product_cat-uued-tooted","24":"first","25":"instock","26":"taxable","27":"shipping-taxable","28":"purchasable","29":"product-type-simple","30":"add-to-wishlist-after_add_to_cart"},"yoast_head":"<!-- This site is optimized with the Yoast SEO plugin v27.3 - https:\/\/yoast.com\/product\/yoast-seo-wordpress\/ -->\n<title>BALMAIN HAIR juuksepikendustehoolduse komplekt \/ Professional Aftercare Bag for Extension - Hair Deluxe<\/title>\n<meta name=\"robots\" content=\"index, follow, max-snippet:-1, max-image-preview:large, max-video-preview:-1\" \/>\n<link rel=\"canonical\" href=\"https:\/\/hairdeluxe.ee\/en\/product\/balmain-juuksepikendustehoolduse-komplekt-professional-aftercare-bag-for-extension\/\" \/>\n<meta property=\"og:locale\" content=\"en_US\" \/>\n<meta property=\"og:type\" content=\"article\" \/>\n<meta property=\"og:title\" content=\"BALMAIN HAIR juuksepikendustehoolduse komplekt \/ Professional Aftercare Bag for Extension - Hair Deluxe\" \/>\n<meta property=\"og:description\" content=\"Juuksepikenduste ja loomulike juuste ideaalses seisukorras hoidmiseks on soovitatav kasutada professionaalseid juuksepikenduste ja loomulike juuste j\u00e4relhooldustooteid. See tootesari on loodus spetsiaalselt neile, kes kannavad juuksepikendusi. Tootesarja spetsaiaalselt valitud koostisained v\u00e4listavad juuste ja juustepikenduste konflikti juuste ja juuksepikenduste j\u00e4relhoolduse ajal. Tooted pikendavad juuksepikenduste eluiga ja j\u00f5udlust ning on j\u00e4relhoolduse asendamatu osa. Professionaalne juuksepikenduste j\u00e4relhooldustoodete sari t\u00e4iendab 6-kuulist garantiid k\u00f5ikidele Balmain Hair juuksepikenduste toodetele.  - T\u00e4iuslik igap\u00e4evane j\u00e4relhooldusrutiin. - Spetsiaalselt loodud loomulikele juustele ja juuksepikendustele. - Pikendab juuksepikenduste eluiga ja j\u00f5udlust. - Aitab v\u00e4ltida pusade teket.  Komplekt sisaldab: - Professionaalne j\u00e4relhooldus\u0161ampoon (250 ml), - Professionaalne j\u00e4relhoolduspalsam (250 ml), - Professionaalne j\u00e4relhooldusmask (150 ml), - Professionaalne j\u00e4relhooldussprei (75 ml), - Valge juuksepikendustele m\u00f5eldud harjastega juuksehari. - H\u00f5bedasest v\u00f5rgust professionaalne j\u00e4relhoolduskott Balmain Hair logoga\" \/>\n<meta property=\"og:url\" content=\"https:\/\/hairdeluxe.ee\/en\/product\/balmain-juuksepikendustehoolduse-komplekt-professional-aftercare-bag-for-extension\/\" \/>\n<meta property=\"og:site_name\" content=\"Hair Deluxe\" \/>\n<meta property=\"article:publisher\" content=\"https:\/\/www.facebook.com\/blowbartallinn\" \/>\n<meta property=\"article:modified_time\" content=\"2025-03-18T19:22:27+00:00\" \/>\n<meta property=\"og:image\" content=\"https:\/\/hairdeluxe.ee\/wp-content\/uploads\/2024\/02\/nsmail-33.jpg\" \/>\n\t<meta property=\"og:image:width\" content=\"1500\" \/>\n\t<meta property=\"og:image:height\" content=\"1500\" \/>\n\t<meta property=\"og:image:type\" content=\"image\/jpeg\" \/>\n<meta name=\"twitter:card\" content=\"summary_large_image\" \/>\n<meta name=\"twitter:label1\" content=\"Est. reading time\" \/>\n\t<meta name=\"twitter:data1\" content=\"1 minute\" \/>\n<script type=\"application\/ld+json\" class=\"yoast-schema-graph\">{\"@context\":\"https:\\\/\\\/schema.org\",\"@graph\":[{\"@type\":\"WebPage\",\"@id\":\"https:\\\/\\\/hairdeluxe.ee\\\/en\\\/product\\\/balmain-juuksepikendustehoolduse-komplekt-professional-aftercare-bag-for-extension\\\/\",\"url\":\"https:\\\/\\\/hairdeluxe.ee\\\/en\\\/product\\\/balmain-juuksepikendustehoolduse-komplekt-professional-aftercare-bag-for-extension\\\/\",\"name\":\"BALMAIN HAIR juuksepikendustehoolduse komplekt \\\/ Professional Aftercare Bag for Extension - Hair Deluxe\",\"isPartOf\":{\"@id\":\"https:\\\/\\\/hairdeluxe.ee\\\/en\\\/#website\"},\"primaryImageOfPage\":{\"@id\":\"https:\\\/\\\/hairdeluxe.ee\\\/en\\\/product\\\/balmain-juuksepikendustehoolduse-komplekt-professional-aftercare-bag-for-extension\\\/#primaryimage\"},\"image\":{\"@id\":\"https:\\\/\\\/hairdeluxe.ee\\\/en\\\/product\\\/balmain-juuksepikendustehoolduse-komplekt-professional-aftercare-bag-for-extension\\\/#primaryimage\"},\"thumbnailUrl\":\"https:\\\/\\\/hairdeluxe.ee\\\/wp-content\\\/uploads\\\/2024\\\/02\\\/nsmail-33.jpg\",\"datePublished\":\"2024-02-03T07:52:39+00:00\",\"dateModified\":\"2025-03-18T19:22:27+00:00\",\"breadcrumb\":{\"@id\":\"https:\\\/\\\/hairdeluxe.ee\\\/en\\\/product\\\/balmain-juuksepikendustehoolduse-komplekt-professional-aftercare-bag-for-extension\\\/#breadcrumb\"},\"inLanguage\":\"en-US\",\"potentialAction\":[{\"@type\":\"ReadAction\",\"target\":[\"https:\\\/\\\/hairdeluxe.ee\\\/en\\\/product\\\/balmain-juuksepikendustehoolduse-komplekt-professional-aftercare-bag-for-extension\\\/\"]}]},{\"@type\":\"ImageObject\",\"inLanguage\":\"en-US\",\"@id\":\"https:\\\/\\\/hairdeluxe.ee\\\/en\\\/product\\\/balmain-juuksepikendustehoolduse-komplekt-professional-aftercare-bag-for-extension\\\/#primaryimage\",\"url\":\"https:\\\/\\\/hairdeluxe.ee\\\/wp-content\\\/uploads\\\/2024\\\/02\\\/nsmail-33.jpg\",\"contentUrl\":\"https:\\\/\\\/hairdeluxe.ee\\\/wp-content\\\/uploads\\\/2024\\\/02\\\/nsmail-33.jpg\",\"width\":1500,\"height\":1500},{\"@type\":\"BreadcrumbList\",\"@id\":\"https:\\\/\\\/hairdeluxe.ee\\\/en\\\/product\\\/balmain-juuksepikendustehoolduse-komplekt-professional-aftercare-bag-for-extension\\\/#breadcrumb\",\"itemListElement\":[{\"@type\":\"ListItem\",\"position\":1,\"name\":\"Home\",\"item\":\"https:\\\/\\\/hairdeluxe.ee\\\/en\\\/\"},{\"@type\":\"ListItem\",\"position\":2,\"name\":\"Shop\",\"item\":\"https:\\\/\\\/hairdeluxe.ee\\\/en\\\/shop\\\/\"},{\"@type\":\"ListItem\",\"position\":3,\"name\":\"BALMAIN HAIR juuksepikendustehoolduse komplekt \\\/ Professional Aftercare Bag for Extension\"}]},{\"@type\":\"WebSite\",\"@id\":\"https:\\\/\\\/hairdeluxe.ee\\\/en\\\/#website\",\"url\":\"https:\\\/\\\/hairdeluxe.ee\\\/en\\\/\",\"name\":\"Hair Deluxe\",\"description\":\"Highlight your natural beauty\",\"publisher\":{\"@id\":\"https:\\\/\\\/hairdeluxe.ee\\\/en\\\/#organization\"},\"potentialAction\":[{\"@type\":\"SearchAction\",\"target\":{\"@type\":\"EntryPoint\",\"urlTemplate\":\"https:\\\/\\\/hairdeluxe.ee\\\/en\\\/?s={search_term_string}\"},\"query-input\":{\"@type\":\"PropertyValueSpecification\",\"valueRequired\":true,\"valueName\":\"search_term_string\"}}],\"inLanguage\":\"en-US\"},{\"@type\":\"Organization\",\"@id\":\"https:\\\/\\\/hairdeluxe.ee\\\/en\\\/#organization\",\"name\":\"Hair Deluxe\",\"url\":\"https:\\\/\\\/hairdeluxe.ee\\\/en\\\/\",\"logo\":{\"@type\":\"ImageObject\",\"inLanguage\":\"en-US\",\"@id\":\"https:\\\/\\\/hairdeluxe.ee\\\/en\\\/#\\\/schema\\\/logo\\\/image\\\/\",\"url\":\"https:\\\/\\\/hairdeluxe.ee\\\/wp-content\\\/uploads\\\/2024\\\/06\\\/Hair-Deluxe-Logo-Dark-font.png\",\"contentUrl\":\"https:\\\/\\\/hairdeluxe.ee\\\/wp-content\\\/uploads\\\/2024\\\/06\\\/Hair-Deluxe-Logo-Dark-font.png\",\"width\":467,\"height\":177,\"caption\":\"Hair Deluxe\"},\"image\":{\"@id\":\"https:\\\/\\\/hairdeluxe.ee\\\/en\\\/#\\\/schema\\\/logo\\\/image\\\/\"},\"sameAs\":[\"https:\\\/\\\/www.facebook.com\\\/blowbartallinn\",\"https:\\\/\\\/www.instagram.com\\\/blowbar_tallinn\"]}]}<\/script>\n<!-- \/ Yoast SEO plugin. -->","yoast_head_json":{"title":"BALMAIN HAIR juuksepikendustehoolduse komplekt \/ Professional Aftercare Bag for Extension - Hair Deluxe","robots":{"index":"index","follow":"follow","max-snippet":"max-snippet:-1","max-image-preview":"max-image-preview:large","max-video-preview":"max-video-preview:-1"},"canonical":"https:\/\/hairdeluxe.ee\/en\/product\/balmain-juuksepikendustehoolduse-komplekt-professional-aftercare-bag-for-extension\/","og_locale":"en_US","og_type":"article","og_title":"BALMAIN HAIR juuksepikendustehoolduse komplekt \/ Professional Aftercare Bag for Extension - Hair Deluxe","og_description":"Juuksepikenduste ja loomulike juuste ideaalses seisukorras hoidmiseks on soovitatav kasutada professionaalseid juuksepikenduste ja loomulike juuste j\u00e4relhooldustooteid. See tootesari on loodus spetsiaalselt neile, kes kannavad juuksepikendusi. Tootesarja spetsaiaalselt valitud koostisained v\u00e4listavad juuste ja juustepikenduste konflikti juuste ja juuksepikenduste j\u00e4relhoolduse ajal. Tooted pikendavad juuksepikenduste eluiga ja j\u00f5udlust ning on j\u00e4relhoolduse asendamatu osa. Professionaalne juuksepikenduste j\u00e4relhooldustoodete sari t\u00e4iendab 6-kuulist garantiid k\u00f5ikidele Balmain Hair juuksepikenduste toodetele.  - T\u00e4iuslik igap\u00e4evane j\u00e4relhooldusrutiin. - Spetsiaalselt loodud loomulikele juustele ja juuksepikendustele. - Pikendab juuksepikenduste eluiga ja j\u00f5udlust. - Aitab v\u00e4ltida pusade teket.  Komplekt sisaldab: - Professionaalne j\u00e4relhooldus\u0161ampoon (250 ml), - Professionaalne j\u00e4relhoolduspalsam (250 ml), - Professionaalne j\u00e4relhooldusmask (150 ml), - Professionaalne j\u00e4relhooldussprei (75 ml), - Valge juuksepikendustele m\u00f5eldud harjastega juuksehari. - H\u00f5bedasest v\u00f5rgust professionaalne j\u00e4relhoolduskott Balmain Hair logoga","og_url":"https:\/\/hairdeluxe.ee\/en\/product\/balmain-juuksepikendustehoolduse-komplekt-professional-aftercare-bag-for-extension\/","og_site_name":"Hair Deluxe","article_publisher":"https:\/\/www.facebook.com\/blowbartallinn","article_modified_time":"2025-03-18T19:22:27+00:00","og_image":[{"width":1500,"height":1500,"url":"https:\/\/hairdeluxe.ee\/wp-content\/uploads\/2024\/02\/nsmail-33.jpg","type":"image\/jpeg"}],"twitter_card":"summary_large_image","twitter_misc":{"Est. reading time":"1 minute"},"schema":{"@context":"https:\/\/schema.org","@graph":[{"@type":"WebPage","@id":"https:\/\/hairdeluxe.ee\/en\/product\/balmain-juuksepikendustehoolduse-komplekt-professional-aftercare-bag-for-extension\/","url":"https:\/\/hairdeluxe.ee\/en\/product\/balmain-juuksepikendustehoolduse-komplekt-professional-aftercare-bag-for-extension\/","name":"BALMAIN HAIR juuksepikendustehoolduse komplekt \/ Professional Aftercare Bag for Extension - Hair Deluxe","isPartOf":{"@id":"https:\/\/hairdeluxe.ee\/en\/#website"},"primaryImageOfPage":{"@id":"https:\/\/hairdeluxe.ee\/en\/product\/balmain-juuksepikendustehoolduse-komplekt-professional-aftercare-bag-for-extension\/#primaryimage"},"image":{"@id":"https:\/\/hairdeluxe.ee\/en\/product\/balmain-juuksepikendustehoolduse-komplekt-professional-aftercare-bag-for-extension\/#primaryimage"},"thumbnailUrl":"https:\/\/hairdeluxe.ee\/wp-content\/uploads\/2024\/02\/nsmail-33.jpg","datePublished":"2024-02-03T07:52:39+00:00","dateModified":"2025-03-18T19:22:27+00:00","breadcrumb":{"@id":"https:\/\/hairdeluxe.ee\/en\/product\/balmain-juuksepikendustehoolduse-komplekt-professional-aftercare-bag-for-extension\/#breadcrumb"},"inLanguage":"en-US","potentialAction":[{"@type":"ReadAction","target":["https:\/\/hairdeluxe.ee\/en\/product\/balmain-juuksepikendustehoolduse-komplekt-professional-aftercare-bag-for-extension\/"]}]},{"@type":"ImageObject","inLanguage":"en-US","@id":"https:\/\/hairdeluxe.ee\/en\/product\/balmain-juuksepikendustehoolduse-komplekt-professional-aftercare-bag-for-extension\/#primaryimage","url":"https:\/\/hairdeluxe.ee\/wp-content\/uploads\/2024\/02\/nsmail-33.jpg","contentUrl":"https:\/\/hairdeluxe.ee\/wp-content\/uploads\/2024\/02\/nsmail-33.jpg","width":1500,"height":1500},{"@type":"BreadcrumbList","@id":"https:\/\/hairdeluxe.ee\/en\/product\/balmain-juuksepikendustehoolduse-komplekt-professional-aftercare-bag-for-extension\/#breadcrumb","itemListElement":[{"@type":"ListItem","position":1,"name":"Home","item":"https:\/\/hairdeluxe.ee\/en\/"},{"@type":"ListItem","position":2,"name":"Shop","item":"https:\/\/hairdeluxe.ee\/en\/shop\/"},{"@type":"ListItem","position":3,"name":"BALMAIN HAIR juuksepikendustehoolduse komplekt \/ Professional Aftercare Bag for Extension"}]},{"@type":"WebSite","@id":"https:\/\/hairdeluxe.ee\/en\/#website","url":"https:\/\/hairdeluxe.ee\/en\/","name":"Hair Deluxe","description":"Highlight your natural beauty","publisher":{"@id":"https:\/\/hairdeluxe.ee\/en\/#organization"},"potentialAction":[{"@type":"SearchAction","target":{"@type":"EntryPoint","urlTemplate":"https:\/\/hairdeluxe.ee\/en\/?s={search_term_string}"},"query-input":{"@type":"PropertyValueSpecification","valueRequired":true,"valueName":"search_term_string"}}],"inLanguage":"en-US"},{"@type":"Organization","@id":"https:\/\/hairdeluxe.ee\/en\/#organization","name":"Hair Deluxe","url":"https:\/\/hairdeluxe.ee\/en\/","logo":{"@type":"ImageObject","inLanguage":"en-US","@id":"https:\/\/hairdeluxe.ee\/en\/#\/schema\/logo\/image\/","url":"https:\/\/hairdeluxe.ee\/wp-content\/uploads\/2024\/06\/Hair-Deluxe-Logo-Dark-font.png","contentUrl":"https:\/\/hairdeluxe.ee\/wp-content\/uploads\/2024\/06\/Hair-Deluxe-Logo-Dark-font.png","width":467,"height":177,"caption":"Hair Deluxe"},"image":{"@id":"https:\/\/hairdeluxe.ee\/en\/#\/schema\/logo\/image\/"},"sameAs":["https:\/\/www.facebook.com\/blowbartallinn","https:\/\/www.instagram.com\/blowbar_tallinn"]}]}},"_links":{"self":[{"href":"https:\/\/hairdeluxe.ee\/en\/wp-json\/wp\/v2\/product\/35598","targetHints":{"allow":["GET"]}}],"collection":[{"href":"https:\/\/hairdeluxe.ee\/en\/wp-json\/wp\/v2\/product"}],"about":[{"href":"https:\/\/hairdeluxe.ee\/en\/wp-json\/wp\/v2\/types\/product"}],"wp:featuredmedia":[{"embeddable":true,"href":"https:\/\/hairdeluxe.ee\/en\/wp-json\/wp\/v2\/media\/35592"}],"wp:attachment":[{"href":"https:\/\/hairdeluxe.ee\/en\/wp-json\/wp\/v2\/media?parent=35598"}],"wp:term":[{"taxonomy":"product_brand","embeddable":true,"href":"https:\/\/hairdeluxe.ee\/en\/wp-json\/wp\/v2\/product_brand?post=35598"},{"taxonomy":"product_cat","embeddable":true,"href":"https:\/\/hairdeluxe.ee\/en\/wp-json\/wp\/v2\/product_cat?post=35598"},{"taxonomy":"product_tag","embeddable":true,"href":"https:\/\/hairdeluxe.ee\/en\/wp-json\/wp\/v2\/product_tag?post=35598"}],"curies":[{"name":"wp","href":"https:\/\/api.w.org\/{rel}","templated":true}]}}