{"id":35603,"date":"2024-02-03T09:52:50","date_gmt":"2024-02-03T07:52:50","guid":{"rendered":"https:\/\/blowbar.ee\/toode\/balmain-hair-mask-juuksepikendustega-juustele-professional-aftercare-mask-150ml-2\/"},"modified":"2025-03-18T19:22:27","modified_gmt":"2025-03-18T19:22:27","slug":"balmain-mask-juuksepikendustega-juustele-professional-aftercare-mask-150ml-2","status":"publish","type":"product","link":"https:\/\/hairdeluxe.ee\/en\/product\/balmain-mask-juuksepikendustega-juustele-professional-aftercare-mask-150ml-2\/","title":{"rendered":"BALMAIN HAIR mask juuksepikendustega juustele \/ Professional Aftercare Mask 150ml"},"content":{"rendered":"<p><em><strong>Koostis:<\/strong> water, cetearyl alcohol, ceteareth-20, behentrimonium chloride, amodimethicone, hydrolyzed wheat protein, cetrimonium chloride, cyclopentasiloxane, hydrolyzed silk, dimethicone, cyclopenlasiloxane, hydroxyethylcellulose, argania spinose kernel oil, panthenol, perfume, phenoxyethanol, potassium sorbate, citric acid, ci 42090, ci 19140.<\/em><\/p>\n","protected":false},"excerpt":{"rendered":"<p>Juuksepikenduste ja loomulike juuste ideaalses korras hoidmiseks on professionaalsete j\u00e4relhooldustoodete kasutamine v\u00e4ga oluline.<br \/>\nProfessionaalne j\u00e4relhooldusmask on spetsiaalselt loodud loomulike juuste ja pikendustega juuste eest hoolitsemiseks.\u00a0Intensiivne mask parandab ja taastab juuste struktuuri, j\u00e4ttes juuksed t\u00f5husalt toidetuks.<br \/>\nArgaania\u00f5li ja siidiproteiiniga rikastatud niisutav mask niisutab ja taastab kuivad ning kahjustatud juuksed.<br \/>\nTugevdab seestpoolt ning annab eluj\u00f5udu ja s\u00e4ra.<br \/>\nMask pikendab juuksepikenduste eluiga ja j\u00f5udlust ning on j\u00e4relhooldusrutiini asendamatu osa.<br \/>\n&#8211; Igan\u00e4dalane juuksemask pikendustega juustele<br \/>\n&#8211; Taastab ja tugevdab<br \/>\n&#8211; Annab k\u00f5ikidele Human Hair toodetele 6-kuulise kvaliteedigarantii<\/p>\n<p><strong>Kasutamine:<\/strong> Kandke r\u00e4tikukuivadele juustele, masseerige \u00f5rnalt, loputage hoolikalt 5-10 minuti p\u00e4rast.<\/p>\n<p>Kogus: 150ml<\/p>\n","protected":false},"featured_media":35602,"template":"","meta":[],"product_brand":[464],"product_cat":[266,265,208,126,121,217,155,192],"product_tag":[],"class_list":{"0":"post-35603","1":"product","2":"type-product","3":"status-publish","4":"has-post-thumbnail","6":"product_brand-balmain-hair","7":"product_cat-balmain-hair","8":"product_cat-brandid","9":"product_cat-juuksehooldus","10":"product_cat-juuksepikendused","11":"product_cat-koik-tooted","12":"product_cat-maskid-ja-hooldus","13":"product_cat-pikenduste-jarelehoolitsus","14":"product_cat-uued-tooted","16":"first","17":"instock","18":"taxable","19":"shipping-taxable","20":"purchasable","21":"product-type-simple","22":"add-to-wishlist-after_add_to_cart"},"yoast_head":"<!-- This site is optimized with the Yoast SEO plugin v27.5 - https:\/\/yoast.com\/product\/yoast-seo-wordpress\/ -->\n<title>BALMAIN HAIR mask juuksepikendustega juustele \/ Professional Aftercare Mask 150ml - Hair Deluxe<\/title>\n<meta name=\"robots\" content=\"index, follow, max-snippet:-1, max-image-preview:large, max-video-preview:-1\" \/>\n<link rel=\"canonical\" href=\"https:\/\/hairdeluxe.ee\/en\/product\/balmain-mask-juuksepikendustega-juustele-professional-aftercare-mask-150ml-2\/\" \/>\n<meta property=\"og:locale\" content=\"en_US\" \/>\n<meta property=\"og:type\" content=\"article\" \/>\n<meta property=\"og:title\" content=\"BALMAIN HAIR mask juuksepikendustega juustele \/ Professional Aftercare Mask 150ml - Hair Deluxe\" \/>\n<meta property=\"og:description\" content=\"Juuksepikenduste ja loomulike juuste ideaalses korras hoidmiseks on professionaalsete j\u00e4relhooldustoodete kasutamine v\u00e4ga oluline. Professionaalne j\u00e4relhooldusmask on spetsiaalselt loodud loomulike juuste ja pikendustega juuste eest hoolitsemiseks.\u00a0Intensiivne mask parandab ja taastab juuste struktuuri, j\u00e4ttes juuksed t\u00f5husalt toidetuks. Argaania\u00f5li ja siidiproteiiniga rikastatud niisutav mask niisutab ja taastab kuivad ning kahjustatud juuksed. Tugevdab seestpoolt ning annab eluj\u00f5udu ja s\u00e4ra. Mask pikendab juuksepikenduste eluiga ja j\u00f5udlust ning on j\u00e4relhooldusrutiini asendamatu osa. - Igan\u00e4dalane juuksemask pikendustega juustele - Taastab ja tugevdab - Annab k\u00f5ikidele Human Hair toodetele 6-kuulise kvaliteedigarantii  Kasutamine: Kandke r\u00e4tikukuivadele juustele, masseerige \u00f5rnalt, loputage hoolikalt 5-10 minuti p\u00e4rast.  Kogus: 150ml\" \/>\n<meta property=\"og:url\" content=\"https:\/\/hairdeluxe.ee\/en\/product\/balmain-mask-juuksepikendustega-juustele-professional-aftercare-mask-150ml-2\/\" \/>\n<meta property=\"og:site_name\" content=\"Hair Deluxe\" \/>\n<meta property=\"article:publisher\" content=\"https:\/\/www.facebook.com\/blowbartallinn\" \/>\n<meta property=\"article:modified_time\" content=\"2025-03-18T19:22:27+00:00\" \/>\n<meta property=\"og:image\" content=\"https:\/\/hairdeluxe.ee\/wp-content\/uploads\/2024\/02\/nsmail-4.jpg\" \/>\n\t<meta property=\"og:image:width\" content=\"1185\" \/>\n\t<meta property=\"og:image:height\" content=\"1500\" \/>\n\t<meta property=\"og:image:type\" content=\"image\/jpeg\" \/>\n<meta name=\"twitter:card\" content=\"summary_large_image\" \/>\n<script type=\"application\/ld+json\" class=\"yoast-schema-graph\">{\"@context\":\"https:\\\/\\\/schema.org\",\"@graph\":[{\"@type\":\"WebPage\",\"@id\":\"https:\\\/\\\/hairdeluxe.ee\\\/en\\\/product\\\/balmain-mask-juuksepikendustega-juustele-professional-aftercare-mask-150ml-2\\\/\",\"url\":\"https:\\\/\\\/hairdeluxe.ee\\\/en\\\/product\\\/balmain-mask-juuksepikendustega-juustele-professional-aftercare-mask-150ml-2\\\/\",\"name\":\"BALMAIN HAIR mask juuksepikendustega juustele \\\/ Professional Aftercare Mask 150ml - Hair Deluxe\",\"isPartOf\":{\"@id\":\"https:\\\/\\\/hairdeluxe.ee\\\/en\\\/#website\"},\"primaryImageOfPage\":{\"@id\":\"https:\\\/\\\/hairdeluxe.ee\\\/en\\\/product\\\/balmain-mask-juuksepikendustega-juustele-professional-aftercare-mask-150ml-2\\\/#primaryimage\"},\"image\":{\"@id\":\"https:\\\/\\\/hairdeluxe.ee\\\/en\\\/product\\\/balmain-mask-juuksepikendustega-juustele-professional-aftercare-mask-150ml-2\\\/#primaryimage\"},\"thumbnailUrl\":\"https:\\\/\\\/hairdeluxe.ee\\\/wp-content\\\/uploads\\\/2024\\\/02\\\/nsmail-4.jpg\",\"datePublished\":\"2024-02-03T07:52:50+00:00\",\"dateModified\":\"2025-03-18T19:22:27+00:00\",\"breadcrumb\":{\"@id\":\"https:\\\/\\\/hairdeluxe.ee\\\/en\\\/product\\\/balmain-mask-juuksepikendustega-juustele-professional-aftercare-mask-150ml-2\\\/#breadcrumb\"},\"inLanguage\":\"en-US\",\"potentialAction\":[{\"@type\":\"ReadAction\",\"target\":[\"https:\\\/\\\/hairdeluxe.ee\\\/en\\\/product\\\/balmain-mask-juuksepikendustega-juustele-professional-aftercare-mask-150ml-2\\\/\"]}]},{\"@type\":\"ImageObject\",\"inLanguage\":\"en-US\",\"@id\":\"https:\\\/\\\/hairdeluxe.ee\\\/en\\\/product\\\/balmain-mask-juuksepikendustega-juustele-professional-aftercare-mask-150ml-2\\\/#primaryimage\",\"url\":\"https:\\\/\\\/hairdeluxe.ee\\\/wp-content\\\/uploads\\\/2024\\\/02\\\/nsmail-4.jpg\",\"contentUrl\":\"https:\\\/\\\/hairdeluxe.ee\\\/wp-content\\\/uploads\\\/2024\\\/02\\\/nsmail-4.jpg\",\"width\":1185,\"height\":1500},{\"@type\":\"BreadcrumbList\",\"@id\":\"https:\\\/\\\/hairdeluxe.ee\\\/en\\\/product\\\/balmain-mask-juuksepikendustega-juustele-professional-aftercare-mask-150ml-2\\\/#breadcrumb\",\"itemListElement\":[{\"@type\":\"ListItem\",\"position\":1,\"name\":\"Home\",\"item\":\"https:\\\/\\\/hairdeluxe.ee\\\/en\\\/\"},{\"@type\":\"ListItem\",\"position\":2,\"name\":\"Shop\",\"item\":\"https:\\\/\\\/hairdeluxe.ee\\\/en\\\/shop\\\/\"},{\"@type\":\"ListItem\",\"position\":3,\"name\":\"BALMAIN HAIR mask juuksepikendustega juustele \\\/ Professional Aftercare Mask 150ml\"}]},{\"@type\":\"WebSite\",\"@id\":\"https:\\\/\\\/hairdeluxe.ee\\\/en\\\/#website\",\"url\":\"https:\\\/\\\/hairdeluxe.ee\\\/en\\\/\",\"name\":\"Hair Deluxe\",\"description\":\"Highlight your natural beauty\",\"publisher\":{\"@id\":\"https:\\\/\\\/hairdeluxe.ee\\\/en\\\/#organization\"},\"potentialAction\":[{\"@type\":\"SearchAction\",\"target\":{\"@type\":\"EntryPoint\",\"urlTemplate\":\"https:\\\/\\\/hairdeluxe.ee\\\/en\\\/?s={search_term_string}\"},\"query-input\":{\"@type\":\"PropertyValueSpecification\",\"valueRequired\":true,\"valueName\":\"search_term_string\"}}],\"inLanguage\":\"en-US\"},{\"@type\":\"Organization\",\"@id\":\"https:\\\/\\\/hairdeluxe.ee\\\/en\\\/#organization\",\"name\":\"Hair Deluxe\",\"url\":\"https:\\\/\\\/hairdeluxe.ee\\\/en\\\/\",\"logo\":{\"@type\":\"ImageObject\",\"inLanguage\":\"en-US\",\"@id\":\"https:\\\/\\\/hairdeluxe.ee\\\/en\\\/#\\\/schema\\\/logo\\\/image\\\/\",\"url\":\"https:\\\/\\\/hairdeluxe.ee\\\/wp-content\\\/uploads\\\/2024\\\/06\\\/Hair-Deluxe-Logo-Dark-font.png\",\"contentUrl\":\"https:\\\/\\\/hairdeluxe.ee\\\/wp-content\\\/uploads\\\/2024\\\/06\\\/Hair-Deluxe-Logo-Dark-font.png\",\"width\":467,\"height\":177,\"caption\":\"Hair Deluxe\"},\"image\":{\"@id\":\"https:\\\/\\\/hairdeluxe.ee\\\/en\\\/#\\\/schema\\\/logo\\\/image\\\/\"},\"sameAs\":[\"https:\\\/\\\/www.facebook.com\\\/blowbartallinn\",\"https:\\\/\\\/www.instagram.com\\\/blowbar_tallinn\"]}]}<\/script>\n<!-- \/ Yoast SEO plugin. -->","yoast_head_json":{"title":"BALMAIN HAIR mask juuksepikendustega juustele \/ Professional Aftercare Mask 150ml - Hair Deluxe","robots":{"index":"index","follow":"follow","max-snippet":"max-snippet:-1","max-image-preview":"max-image-preview:large","max-video-preview":"max-video-preview:-1"},"canonical":"https:\/\/hairdeluxe.ee\/en\/product\/balmain-mask-juuksepikendustega-juustele-professional-aftercare-mask-150ml-2\/","og_locale":"en_US","og_type":"article","og_title":"BALMAIN HAIR mask juuksepikendustega juustele \/ Professional Aftercare Mask 150ml - Hair Deluxe","og_description":"Juuksepikenduste ja loomulike juuste ideaalses korras hoidmiseks on professionaalsete j\u00e4relhooldustoodete kasutamine v\u00e4ga oluline. Professionaalne j\u00e4relhooldusmask on spetsiaalselt loodud loomulike juuste ja pikendustega juuste eest hoolitsemiseks.\u00a0Intensiivne mask parandab ja taastab juuste struktuuri, j\u00e4ttes juuksed t\u00f5husalt toidetuks. Argaania\u00f5li ja siidiproteiiniga rikastatud niisutav mask niisutab ja taastab kuivad ning kahjustatud juuksed. Tugevdab seestpoolt ning annab eluj\u00f5udu ja s\u00e4ra. Mask pikendab juuksepikenduste eluiga ja j\u00f5udlust ning on j\u00e4relhooldusrutiini asendamatu osa. - Igan\u00e4dalane juuksemask pikendustega juustele - Taastab ja tugevdab - Annab k\u00f5ikidele Human Hair toodetele 6-kuulise kvaliteedigarantii  Kasutamine: Kandke r\u00e4tikukuivadele juustele, masseerige \u00f5rnalt, loputage hoolikalt 5-10 minuti p\u00e4rast.  Kogus: 150ml","og_url":"https:\/\/hairdeluxe.ee\/en\/product\/balmain-mask-juuksepikendustega-juustele-professional-aftercare-mask-150ml-2\/","og_site_name":"Hair Deluxe","article_publisher":"https:\/\/www.facebook.com\/blowbartallinn","article_modified_time":"2025-03-18T19:22:27+00:00","og_image":[{"width":1185,"height":1500,"url":"https:\/\/hairdeluxe.ee\/wp-content\/uploads\/2024\/02\/nsmail-4.jpg","type":"image\/jpeg"}],"twitter_card":"summary_large_image","schema":{"@context":"https:\/\/schema.org","@graph":[{"@type":"WebPage","@id":"https:\/\/hairdeluxe.ee\/en\/product\/balmain-mask-juuksepikendustega-juustele-professional-aftercare-mask-150ml-2\/","url":"https:\/\/hairdeluxe.ee\/en\/product\/balmain-mask-juuksepikendustega-juustele-professional-aftercare-mask-150ml-2\/","name":"BALMAIN HAIR mask juuksepikendustega juustele \/ Professional Aftercare Mask 150ml - Hair Deluxe","isPartOf":{"@id":"https:\/\/hairdeluxe.ee\/en\/#website"},"primaryImageOfPage":{"@id":"https:\/\/hairdeluxe.ee\/en\/product\/balmain-mask-juuksepikendustega-juustele-professional-aftercare-mask-150ml-2\/#primaryimage"},"image":{"@id":"https:\/\/hairdeluxe.ee\/en\/product\/balmain-mask-juuksepikendustega-juustele-professional-aftercare-mask-150ml-2\/#primaryimage"},"thumbnailUrl":"https:\/\/hairdeluxe.ee\/wp-content\/uploads\/2024\/02\/nsmail-4.jpg","datePublished":"2024-02-03T07:52:50+00:00","dateModified":"2025-03-18T19:22:27+00:00","breadcrumb":{"@id":"https:\/\/hairdeluxe.ee\/en\/product\/balmain-mask-juuksepikendustega-juustele-professional-aftercare-mask-150ml-2\/#breadcrumb"},"inLanguage":"en-US","potentialAction":[{"@type":"ReadAction","target":["https:\/\/hairdeluxe.ee\/en\/product\/balmain-mask-juuksepikendustega-juustele-professional-aftercare-mask-150ml-2\/"]}]},{"@type":"ImageObject","inLanguage":"en-US","@id":"https:\/\/hairdeluxe.ee\/en\/product\/balmain-mask-juuksepikendustega-juustele-professional-aftercare-mask-150ml-2\/#primaryimage","url":"https:\/\/hairdeluxe.ee\/wp-content\/uploads\/2024\/02\/nsmail-4.jpg","contentUrl":"https:\/\/hairdeluxe.ee\/wp-content\/uploads\/2024\/02\/nsmail-4.jpg","width":1185,"height":1500},{"@type":"BreadcrumbList","@id":"https:\/\/hairdeluxe.ee\/en\/product\/balmain-mask-juuksepikendustega-juustele-professional-aftercare-mask-150ml-2\/#breadcrumb","itemListElement":[{"@type":"ListItem","position":1,"name":"Home","item":"https:\/\/hairdeluxe.ee\/en\/"},{"@type":"ListItem","position":2,"name":"Shop","item":"https:\/\/hairdeluxe.ee\/en\/shop\/"},{"@type":"ListItem","position":3,"name":"BALMAIN HAIR mask juuksepikendustega juustele \/ Professional Aftercare Mask 150ml"}]},{"@type":"WebSite","@id":"https:\/\/hairdeluxe.ee\/en\/#website","url":"https:\/\/hairdeluxe.ee\/en\/","name":"Hair Deluxe","description":"Highlight your natural beauty","publisher":{"@id":"https:\/\/hairdeluxe.ee\/en\/#organization"},"potentialAction":[{"@type":"SearchAction","target":{"@type":"EntryPoint","urlTemplate":"https:\/\/hairdeluxe.ee\/en\/?s={search_term_string}"},"query-input":{"@type":"PropertyValueSpecification","valueRequired":true,"valueName":"search_term_string"}}],"inLanguage":"en-US"},{"@type":"Organization","@id":"https:\/\/hairdeluxe.ee\/en\/#organization","name":"Hair Deluxe","url":"https:\/\/hairdeluxe.ee\/en\/","logo":{"@type":"ImageObject","inLanguage":"en-US","@id":"https:\/\/hairdeluxe.ee\/en\/#\/schema\/logo\/image\/","url":"https:\/\/hairdeluxe.ee\/wp-content\/uploads\/2024\/06\/Hair-Deluxe-Logo-Dark-font.png","contentUrl":"https:\/\/hairdeluxe.ee\/wp-content\/uploads\/2024\/06\/Hair-Deluxe-Logo-Dark-font.png","width":467,"height":177,"caption":"Hair Deluxe"},"image":{"@id":"https:\/\/hairdeluxe.ee\/en\/#\/schema\/logo\/image\/"},"sameAs":["https:\/\/www.facebook.com\/blowbartallinn","https:\/\/www.instagram.com\/blowbar_tallinn"]}]}},"_links":{"self":[{"href":"https:\/\/hairdeluxe.ee\/en\/wp-json\/wp\/v2\/product\/35603","targetHints":{"allow":["GET"]}}],"collection":[{"href":"https:\/\/hairdeluxe.ee\/en\/wp-json\/wp\/v2\/product"}],"about":[{"href":"https:\/\/hairdeluxe.ee\/en\/wp-json\/wp\/v2\/types\/product"}],"wp:featuredmedia":[{"embeddable":true,"href":"https:\/\/hairdeluxe.ee\/en\/wp-json\/wp\/v2\/media\/35602"}],"wp:attachment":[{"href":"https:\/\/hairdeluxe.ee\/en\/wp-json\/wp\/v2\/media?parent=35603"}],"wp:term":[{"taxonomy":"product_brand","embeddable":true,"href":"https:\/\/hairdeluxe.ee\/en\/wp-json\/wp\/v2\/product_brand?post=35603"},{"taxonomy":"product_cat","embeddable":true,"href":"https:\/\/hairdeluxe.ee\/en\/wp-json\/wp\/v2\/product_cat?post=35603"},{"taxonomy":"product_tag","embeddable":true,"href":"https:\/\/hairdeluxe.ee\/en\/wp-json\/wp\/v2\/product_tag?post=35603"}],"curies":[{"name":"wp","href":"https:\/\/api.w.org\/{rel}","templated":true}]}}