{"id":35724,"date":"2024-02-03T09:55:06","date_gmt":"2024-02-03T07:55:06","guid":{"rendered":"https:\/\/blowbar.ee\/toode\/balmain-hair-juuste-ja-kehapesugeel-meestele-homme-hair-body-wash-50ml-travel\/"},"modified":"2025-03-18T19:22:25","modified_gmt":"2025-03-18T19:22:25","slug":"balmain-juuste-ja-kehapesugeel-meestele-homme-hair-body-wash-50ml-travel","status":"publish","type":"product","link":"https:\/\/hairdeluxe.ee\/en\/product\/balmain-juuste-ja-kehapesugeel-meestele-homme-hair-body-wash-50ml-travel\/","title":{"rendered":"BALMAIN HAIR juuste- ja kehapesugeel meestele \/ Homme Hair &#038; Body Wash 50ml travel"},"content":{"rendered":"<p><em><strong>Koostis:<\/strong> Aqua, Sodium Coceth Sulfate, Cocamidopropyl Betaine, Parfum\/Fragrance, Sodium Lauroyl Sarcosinate, Betaine, Argania Spinosa Kernel Oil, Hydrolyzed Silk, C12-13 Alkyl Lactate, Sodium Methyl Cocoyl Taurate, Sodium Cocoamphoacetate, Lauryl Glucoside, Hydroxyacetophenone, Guar Hydoxypropyltrimonium Chloride, Glyceryl Laurate, Propylene Glycol, Polyquaternium-7, PEG\/PPG-14\/4 Dimethicone, Citric Acid, Benzyl Salicylate, Sodium Chloride, Benzyl Alcohol.<\/em><\/p>\n","protected":false},"excerpt":{"rendered":"<p>Luksuslik h\u00e4rrasmeeste tootekollektsioon on spetsiaalselt v\u00e4lja t\u00f6\u00f6tatud meestele igap\u00e4evaseks hooldusrutiiniks.<br \/>\nKaks \u00fches juustele ja kehale loodud pesugeel puhastab juukseid ning kogu nahka \u00f5rnalt, tagades puhtuse ning t\u00e4ieliku niisutuse. Pesugeel vahutab rikkalikult ja seda on kerge maha loputada.<br \/>\nBalmain Hair Homme&#8217;i toodetel on meeldiv mehelik idamaine aroom, mis \u00fchendab bergamoti kosutava sidruniv\u00e4rskuse kuiva sandlipuu puitunud aroomin\u00fcanssidega.<\/p>\n<p><strong>Kasutamine:<\/strong> Kandke niisketele juustele v\u00f5i nahale. Masseerige ja loputage.<\/p>\n<p>Kogus: 50ml<\/p>\n<p><a href=\"https:\/\/www.balmainhair.ee\/toode\/balmain-hair-kinkekomplekt-meestele-juuksed-keha-pesugeel-habemeoli-peanahk-koorija-valjalangemine\/\"><strong>Vaata lisaks:<\/strong> BALMAIN Hair juuste-, kehapesu ja habemehoolduse kinkekomplekt meestele \/ Balmain Homme Giftset<\/a><\/p>\n<p>https:\/\/www.youtube.com\/watch?v=DEYEb_ErnRE<\/p>\n<p>&nbsp;<\/p>\n","protected":false},"featured_media":35723,"template":"","meta":[],"product_brand":[464],"product_cat":[266,265,271,273,121,144,170,275,192],"product_tag":[],"class_list":{"0":"post-35724","1":"product","2":"type-product","3":"status-publish","4":"has-post-thumbnail","6":"product_brand-balmain-hair","7":"product_cat-balmain-hair","8":"product_cat-brandid","9":"product_cat-juuksehooldus-reisile","10":"product_cat-juuksehooldus-meestele","11":"product_cat-koik-tooted","12":"product_cat-meestele","13":"product_cat-reisile","14":"product_cat-reisile-meestele","15":"product_cat-uued-tooted","17":"first","18":"instock","19":"taxable","20":"shipping-taxable","21":"purchasable","22":"product-type-simple","23":"add-to-wishlist-after_add_to_cart"},"yoast_head":"<!-- This site is optimized with the Yoast SEO plugin v27.4 - https:\/\/yoast.com\/product\/yoast-seo-wordpress\/ -->\n<title>BALMAIN HAIR juuste- ja kehapesugeel meestele \/ Homme Hair &amp; Body Wash 50ml travel - Hair Deluxe<\/title>\n<meta name=\"robots\" content=\"index, follow, max-snippet:-1, max-image-preview:large, max-video-preview:-1\" \/>\n<link rel=\"canonical\" href=\"https:\/\/hairdeluxe.ee\/en\/product\/balmain-juuste-ja-kehapesugeel-meestele-homme-hair-body-wash-50ml-travel\/\" \/>\n<meta property=\"og:locale\" content=\"en_US\" \/>\n<meta property=\"og:type\" content=\"article\" \/>\n<meta property=\"og:title\" content=\"BALMAIN HAIR juuste- ja kehapesugeel meestele \/ Homme Hair &amp; Body Wash 50ml travel - Hair Deluxe\" \/>\n<meta property=\"og:description\" content=\"Luksuslik h\u00e4rrasmeeste tootekollektsioon on spetsiaalselt v\u00e4lja t\u00f6\u00f6tatud meestele igap\u00e4evaseks hooldusrutiiniks. Kaks \u00fches juustele ja kehale loodud pesugeel puhastab juukseid ning kogu nahka \u00f5rnalt, tagades puhtuse ning t\u00e4ieliku niisutuse. Pesugeel vahutab rikkalikult ja seda on kerge maha loputada. Balmain Hair Homme&#039;i toodetel on meeldiv mehelik idamaine aroom, mis \u00fchendab bergamoti kosutava sidruniv\u00e4rskuse kuiva sandlipuu puitunud aroomin\u00fcanssidega. Kasutamine: Kandke niisketele juustele v\u00f5i nahale. Masseerige ja loputage. Kogus: 50ml Vaata lisaks: BALMAIN Hair juuste-, kehapesu ja habemehoolduse kinkekomplekt meestele \/ Balmain Homme Giftset https:\/\/www.youtube.com\/watch?v=DEYEb_ErnRE &nbsp;\" \/>\n<meta property=\"og:url\" content=\"https:\/\/hairdeluxe.ee\/en\/product\/balmain-juuste-ja-kehapesugeel-meestele-homme-hair-body-wash-50ml-travel\/\" \/>\n<meta property=\"og:site_name\" content=\"Hair Deluxe\" \/>\n<meta property=\"article:publisher\" content=\"https:\/\/www.facebook.com\/blowbartallinn\" \/>\n<meta property=\"article:modified_time\" content=\"2025-03-18T19:22:25+00:00\" \/>\n<meta property=\"og:image\" content=\"https:\/\/hairdeluxe.ee\/wp-content\/uploads\/2024\/02\/balmainhair_homme_hair_bodywash_travelsize_800x800__1__6fc1.jpg\" \/>\n\t<meta property=\"og:image:width\" content=\"800\" \/>\n\t<meta property=\"og:image:height\" content=\"800\" \/>\n\t<meta property=\"og:image:type\" content=\"image\/jpeg\" \/>\n<meta name=\"twitter:card\" content=\"summary_large_image\" \/>\n<script type=\"application\/ld+json\" class=\"yoast-schema-graph\">{\"@context\":\"https:\\\/\\\/schema.org\",\"@graph\":[{\"@type\":\"WebPage\",\"@id\":\"https:\\\/\\\/hairdeluxe.ee\\\/en\\\/product\\\/balmain-juuste-ja-kehapesugeel-meestele-homme-hair-body-wash-50ml-travel\\\/\",\"url\":\"https:\\\/\\\/hairdeluxe.ee\\\/en\\\/product\\\/balmain-juuste-ja-kehapesugeel-meestele-homme-hair-body-wash-50ml-travel\\\/\",\"name\":\"BALMAIN HAIR juuste- ja kehapesugeel meestele \\\/ Homme Hair & Body Wash 50ml travel - Hair Deluxe\",\"isPartOf\":{\"@id\":\"https:\\\/\\\/hairdeluxe.ee\\\/en\\\/#website\"},\"primaryImageOfPage\":{\"@id\":\"https:\\\/\\\/hairdeluxe.ee\\\/en\\\/product\\\/balmain-juuste-ja-kehapesugeel-meestele-homme-hair-body-wash-50ml-travel\\\/#primaryimage\"},\"image\":{\"@id\":\"https:\\\/\\\/hairdeluxe.ee\\\/en\\\/product\\\/balmain-juuste-ja-kehapesugeel-meestele-homme-hair-body-wash-50ml-travel\\\/#primaryimage\"},\"thumbnailUrl\":\"https:\\\/\\\/hairdeluxe.ee\\\/wp-content\\\/uploads\\\/2024\\\/02\\\/balmainhair_homme_hair_bodywash_travelsize_800x800__1__6fc1.jpg\",\"datePublished\":\"2024-02-03T07:55:06+00:00\",\"dateModified\":\"2025-03-18T19:22:25+00:00\",\"breadcrumb\":{\"@id\":\"https:\\\/\\\/hairdeluxe.ee\\\/en\\\/product\\\/balmain-juuste-ja-kehapesugeel-meestele-homme-hair-body-wash-50ml-travel\\\/#breadcrumb\"},\"inLanguage\":\"en-US\",\"potentialAction\":[{\"@type\":\"ReadAction\",\"target\":[\"https:\\\/\\\/hairdeluxe.ee\\\/en\\\/product\\\/balmain-juuste-ja-kehapesugeel-meestele-homme-hair-body-wash-50ml-travel\\\/\"]}]},{\"@type\":\"ImageObject\",\"inLanguage\":\"en-US\",\"@id\":\"https:\\\/\\\/hairdeluxe.ee\\\/en\\\/product\\\/balmain-juuste-ja-kehapesugeel-meestele-homme-hair-body-wash-50ml-travel\\\/#primaryimage\",\"url\":\"https:\\\/\\\/hairdeluxe.ee\\\/wp-content\\\/uploads\\\/2024\\\/02\\\/balmainhair_homme_hair_bodywash_travelsize_800x800__1__6fc1.jpg\",\"contentUrl\":\"https:\\\/\\\/hairdeluxe.ee\\\/wp-content\\\/uploads\\\/2024\\\/02\\\/balmainhair_homme_hair_bodywash_travelsize_800x800__1__6fc1.jpg\",\"width\":800,\"height\":800},{\"@type\":\"BreadcrumbList\",\"@id\":\"https:\\\/\\\/hairdeluxe.ee\\\/en\\\/product\\\/balmain-juuste-ja-kehapesugeel-meestele-homme-hair-body-wash-50ml-travel\\\/#breadcrumb\",\"itemListElement\":[{\"@type\":\"ListItem\",\"position\":1,\"name\":\"Home\",\"item\":\"https:\\\/\\\/hairdeluxe.ee\\\/en\\\/\"},{\"@type\":\"ListItem\",\"position\":2,\"name\":\"Shop\",\"item\":\"https:\\\/\\\/hairdeluxe.ee\\\/en\\\/shop\\\/\"},{\"@type\":\"ListItem\",\"position\":3,\"name\":\"BALMAIN HAIR juuste- ja kehapesugeel meestele \\\/ Homme Hair &#038; Body Wash 50ml travel\"}]},{\"@type\":\"WebSite\",\"@id\":\"https:\\\/\\\/hairdeluxe.ee\\\/en\\\/#website\",\"url\":\"https:\\\/\\\/hairdeluxe.ee\\\/en\\\/\",\"name\":\"Hair Deluxe\",\"description\":\"Highlight your natural beauty\",\"publisher\":{\"@id\":\"https:\\\/\\\/hairdeluxe.ee\\\/en\\\/#organization\"},\"potentialAction\":[{\"@type\":\"SearchAction\",\"target\":{\"@type\":\"EntryPoint\",\"urlTemplate\":\"https:\\\/\\\/hairdeluxe.ee\\\/en\\\/?s={search_term_string}\"},\"query-input\":{\"@type\":\"PropertyValueSpecification\",\"valueRequired\":true,\"valueName\":\"search_term_string\"}}],\"inLanguage\":\"en-US\"},{\"@type\":\"Organization\",\"@id\":\"https:\\\/\\\/hairdeluxe.ee\\\/en\\\/#organization\",\"name\":\"Hair Deluxe\",\"url\":\"https:\\\/\\\/hairdeluxe.ee\\\/en\\\/\",\"logo\":{\"@type\":\"ImageObject\",\"inLanguage\":\"en-US\",\"@id\":\"https:\\\/\\\/hairdeluxe.ee\\\/en\\\/#\\\/schema\\\/logo\\\/image\\\/\",\"url\":\"https:\\\/\\\/hairdeluxe.ee\\\/wp-content\\\/uploads\\\/2024\\\/06\\\/Hair-Deluxe-Logo-Dark-font.png\",\"contentUrl\":\"https:\\\/\\\/hairdeluxe.ee\\\/wp-content\\\/uploads\\\/2024\\\/06\\\/Hair-Deluxe-Logo-Dark-font.png\",\"width\":467,\"height\":177,\"caption\":\"Hair Deluxe\"},\"image\":{\"@id\":\"https:\\\/\\\/hairdeluxe.ee\\\/en\\\/#\\\/schema\\\/logo\\\/image\\\/\"},\"sameAs\":[\"https:\\\/\\\/www.facebook.com\\\/blowbartallinn\",\"https:\\\/\\\/www.instagram.com\\\/blowbar_tallinn\"]}]}<\/script>\n<!-- \/ Yoast SEO plugin. -->","yoast_head_json":{"title":"BALMAIN HAIR juuste- ja kehapesugeel meestele \/ Homme Hair & Body Wash 50ml travel - Hair Deluxe","robots":{"index":"index","follow":"follow","max-snippet":"max-snippet:-1","max-image-preview":"max-image-preview:large","max-video-preview":"max-video-preview:-1"},"canonical":"https:\/\/hairdeluxe.ee\/en\/product\/balmain-juuste-ja-kehapesugeel-meestele-homme-hair-body-wash-50ml-travel\/","og_locale":"en_US","og_type":"article","og_title":"BALMAIN HAIR juuste- ja kehapesugeel meestele \/ Homme Hair & Body Wash 50ml travel - Hair Deluxe","og_description":"Luksuslik h\u00e4rrasmeeste tootekollektsioon on spetsiaalselt v\u00e4lja t\u00f6\u00f6tatud meestele igap\u00e4evaseks hooldusrutiiniks. Kaks \u00fches juustele ja kehale loodud pesugeel puhastab juukseid ning kogu nahka \u00f5rnalt, tagades puhtuse ning t\u00e4ieliku niisutuse. Pesugeel vahutab rikkalikult ja seda on kerge maha loputada. Balmain Hair Homme'i toodetel on meeldiv mehelik idamaine aroom, mis \u00fchendab bergamoti kosutava sidruniv\u00e4rskuse kuiva sandlipuu puitunud aroomin\u00fcanssidega. Kasutamine: Kandke niisketele juustele v\u00f5i nahale. Masseerige ja loputage. Kogus: 50ml Vaata lisaks: BALMAIN Hair juuste-, kehapesu ja habemehoolduse kinkekomplekt meestele \/ Balmain Homme Giftset https:\/\/www.youtube.com\/watch?v=DEYEb_ErnRE &nbsp;","og_url":"https:\/\/hairdeluxe.ee\/en\/product\/balmain-juuste-ja-kehapesugeel-meestele-homme-hair-body-wash-50ml-travel\/","og_site_name":"Hair Deluxe","article_publisher":"https:\/\/www.facebook.com\/blowbartallinn","article_modified_time":"2025-03-18T19:22:25+00:00","og_image":[{"width":800,"height":800,"url":"https:\/\/hairdeluxe.ee\/wp-content\/uploads\/2024\/02\/balmainhair_homme_hair_bodywash_travelsize_800x800__1__6fc1.jpg","type":"image\/jpeg"}],"twitter_card":"summary_large_image","schema":{"@context":"https:\/\/schema.org","@graph":[{"@type":"WebPage","@id":"https:\/\/hairdeluxe.ee\/en\/product\/balmain-juuste-ja-kehapesugeel-meestele-homme-hair-body-wash-50ml-travel\/","url":"https:\/\/hairdeluxe.ee\/en\/product\/balmain-juuste-ja-kehapesugeel-meestele-homme-hair-body-wash-50ml-travel\/","name":"BALMAIN HAIR juuste- ja kehapesugeel meestele \/ Homme Hair & Body Wash 50ml travel - Hair Deluxe","isPartOf":{"@id":"https:\/\/hairdeluxe.ee\/en\/#website"},"primaryImageOfPage":{"@id":"https:\/\/hairdeluxe.ee\/en\/product\/balmain-juuste-ja-kehapesugeel-meestele-homme-hair-body-wash-50ml-travel\/#primaryimage"},"image":{"@id":"https:\/\/hairdeluxe.ee\/en\/product\/balmain-juuste-ja-kehapesugeel-meestele-homme-hair-body-wash-50ml-travel\/#primaryimage"},"thumbnailUrl":"https:\/\/hairdeluxe.ee\/wp-content\/uploads\/2024\/02\/balmainhair_homme_hair_bodywash_travelsize_800x800__1__6fc1.jpg","datePublished":"2024-02-03T07:55:06+00:00","dateModified":"2025-03-18T19:22:25+00:00","breadcrumb":{"@id":"https:\/\/hairdeluxe.ee\/en\/product\/balmain-juuste-ja-kehapesugeel-meestele-homme-hair-body-wash-50ml-travel\/#breadcrumb"},"inLanguage":"en-US","potentialAction":[{"@type":"ReadAction","target":["https:\/\/hairdeluxe.ee\/en\/product\/balmain-juuste-ja-kehapesugeel-meestele-homme-hair-body-wash-50ml-travel\/"]}]},{"@type":"ImageObject","inLanguage":"en-US","@id":"https:\/\/hairdeluxe.ee\/en\/product\/balmain-juuste-ja-kehapesugeel-meestele-homme-hair-body-wash-50ml-travel\/#primaryimage","url":"https:\/\/hairdeluxe.ee\/wp-content\/uploads\/2024\/02\/balmainhair_homme_hair_bodywash_travelsize_800x800__1__6fc1.jpg","contentUrl":"https:\/\/hairdeluxe.ee\/wp-content\/uploads\/2024\/02\/balmainhair_homme_hair_bodywash_travelsize_800x800__1__6fc1.jpg","width":800,"height":800},{"@type":"BreadcrumbList","@id":"https:\/\/hairdeluxe.ee\/en\/product\/balmain-juuste-ja-kehapesugeel-meestele-homme-hair-body-wash-50ml-travel\/#breadcrumb","itemListElement":[{"@type":"ListItem","position":1,"name":"Home","item":"https:\/\/hairdeluxe.ee\/en\/"},{"@type":"ListItem","position":2,"name":"Shop","item":"https:\/\/hairdeluxe.ee\/en\/shop\/"},{"@type":"ListItem","position":3,"name":"BALMAIN HAIR juuste- ja kehapesugeel meestele \/ Homme Hair &#038; Body Wash 50ml travel"}]},{"@type":"WebSite","@id":"https:\/\/hairdeluxe.ee\/en\/#website","url":"https:\/\/hairdeluxe.ee\/en\/","name":"Hair Deluxe","description":"Highlight your natural beauty","publisher":{"@id":"https:\/\/hairdeluxe.ee\/en\/#organization"},"potentialAction":[{"@type":"SearchAction","target":{"@type":"EntryPoint","urlTemplate":"https:\/\/hairdeluxe.ee\/en\/?s={search_term_string}"},"query-input":{"@type":"PropertyValueSpecification","valueRequired":true,"valueName":"search_term_string"}}],"inLanguage":"en-US"},{"@type":"Organization","@id":"https:\/\/hairdeluxe.ee\/en\/#organization","name":"Hair Deluxe","url":"https:\/\/hairdeluxe.ee\/en\/","logo":{"@type":"ImageObject","inLanguage":"en-US","@id":"https:\/\/hairdeluxe.ee\/en\/#\/schema\/logo\/image\/","url":"https:\/\/hairdeluxe.ee\/wp-content\/uploads\/2024\/06\/Hair-Deluxe-Logo-Dark-font.png","contentUrl":"https:\/\/hairdeluxe.ee\/wp-content\/uploads\/2024\/06\/Hair-Deluxe-Logo-Dark-font.png","width":467,"height":177,"caption":"Hair Deluxe"},"image":{"@id":"https:\/\/hairdeluxe.ee\/en\/#\/schema\/logo\/image\/"},"sameAs":["https:\/\/www.facebook.com\/blowbartallinn","https:\/\/www.instagram.com\/blowbar_tallinn"]}]}},"_links":{"self":[{"href":"https:\/\/hairdeluxe.ee\/en\/wp-json\/wp\/v2\/product\/35724","targetHints":{"allow":["GET"]}}],"collection":[{"href":"https:\/\/hairdeluxe.ee\/en\/wp-json\/wp\/v2\/product"}],"about":[{"href":"https:\/\/hairdeluxe.ee\/en\/wp-json\/wp\/v2\/types\/product"}],"wp:featuredmedia":[{"embeddable":true,"href":"https:\/\/hairdeluxe.ee\/en\/wp-json\/wp\/v2\/media\/35723"}],"wp:attachment":[{"href":"https:\/\/hairdeluxe.ee\/en\/wp-json\/wp\/v2\/media?parent=35724"}],"wp:term":[{"taxonomy":"product_brand","embeddable":true,"href":"https:\/\/hairdeluxe.ee\/en\/wp-json\/wp\/v2\/product_brand?post=35724"},{"taxonomy":"product_cat","embeddable":true,"href":"https:\/\/hairdeluxe.ee\/en\/wp-json\/wp\/v2\/product_cat?post=35724"},{"taxonomy":"product_tag","embeddable":true,"href":"https:\/\/hairdeluxe.ee\/en\/wp-json\/wp\/v2\/product_tag?post=35724"}],"curies":[{"name":"wp","href":"https:\/\/api.w.org\/{rel}","templated":true}]}}