{"id":35726,"date":"2024-02-03T09:55:08","date_gmt":"2024-02-03T07:55:08","guid":{"rendered":"https:\/\/blowbar.ee\/toode\/balmain-hair-juukseid-tihendav-ja-tugevdav-sampoon-meestele-homme-bodyfying-shampoo-50ml-travel\/"},"modified":"2025-03-18T19:22:25","modified_gmt":"2025-03-18T19:22:25","slug":"balmain-juukseid-tihendav-ja-tugevdav-sampoon-meestele-homme-bodyfying-shampoo-50ml-travel","status":"publish","type":"product","link":"https:\/\/hairdeluxe.ee\/en\/product\/balmain-juukseid-tihendav-ja-tugevdav-sampoon-meestele-homme-bodyfying-shampoo-50ml-travel\/","title":{"rendered":"BALMAIN HAIR juukseid tihendav ja tugevdav \u0161ampoon meestele \/ Homme Bodyfying Shampoo 50ml travel"},"content":{"rendered":"<p><em><strong>Koostis:\u00a0<\/strong>Aqua, Sodium C14-16 Olefin Sulfonate, Cocamidopropyl Be taine, Coco-Betaine, Glycerin, PEG-40 Hydrogenated Castor Oil, Capryloyl\/ Caproyl Methyl Glucamide, Lauroyl\/Myristoyl Methyl Glucamide, Sodium Methyl Cocoyl Taurate, Sodium Cocoyl Isethionate, Sodium Cocoyl Apple Amino Acids, Decyl Glucoside, Caffeine, Biotinyl Tripeptide-1, Apigenin, Oleanolic Acid, Silk Amino Acids, Hydrolyzed Keratin, Argania Spinosa Ker nel Oil, Piroctone Olamine, Polyquaternium-110, Dicaprylyl Ether, Glyceryl Oleate, Polyquaternium-7, Parfum, PEG-150 Pentaerythrityl Tetrastearate, PEG-6 Caprylic\/Capric Glycerides, Ethylhexyl Methoxycinnamate, Pheno xyethanol, Benzyl Alcohol, Potassium Sorbate, Tocopherol, Menthol, PPG-26-Buteth-26, Butylene Glycol, Benzyl Salicylate, Propylene Glycol, Ethylhexylglycerin, Benzoic Acid, Sorbic Acid, Hexylene Glycol, Tetrasodium Glutamate Diacetate, Sodium Chloride, Citric Acid <strong><br \/>\n<\/strong><\/em><\/p>\n","protected":false},"excerpt":{"rendered":"<p>Kui mehed saavad vanemaks, kannatavad nad sageli juuste h\u00f5renemise p\u00e4rast.\u00a0Kuigi geneetikaga pole midagi peale hakata, siis Balmain Hair Homme Bodyfying hooldussari aitab muuta juuksed tihedamaks ja kohevamaks.<br \/>\nIgap\u00e4evane tihendav \u0161ampoon, mis on spetsiaalselt loodud meestele, kellel on probleeme h\u00f5renevate juustega.<br \/>\nTihendab juuksekiudu, mille tulemuseks on paksemad ja t\u00e4idlasemad juuksed.\u00a0L\u00f5hnastatud Balmain Hair Homme intensiivse puidu ja merevaiguse l\u00f5hnaga.<br \/>\n&#8211; Meestele, kellel on probleeme juuste v\u00e4ljalangemisega<br \/>\n&#8211; T\u00f5stab ja tihendab juukseid<br \/>\n&#8211; Tulemuseks on t\u00e4idlased juuksed<\/p>\n<p><strong>Kasutamine:\u00a0<\/strong>Kandke v\u00e4ike kogus toodet m\u00e4rgadele juustele. Vereringe ergutamiseks masseerige peanahka, kuid tehke seda \u00f5rnalt. Loputage hoolikalt.<\/p>\n<p>Kogus: 50ml<\/p>\n","protected":false},"featured_media":35725,"template":"","meta":[],"product_brand":[464],"product_cat":[266,265,208,271,273,226,121,144,170,275,227],"product_tag":[],"class_list":{"0":"post-35726","1":"product","2":"type-product","3":"status-publish","4":"has-post-thumbnail","6":"product_brand-balmain-hair","7":"product_cat-balmain-hair","8":"product_cat-brandid","9":"product_cat-juuksehooldus","10":"product_cat-juuksehooldus-reisile","11":"product_cat-juuksehooldus-meestele","12":"product_cat-reisile-juuksehooldus","13":"product_cat-koik-tooted","14":"product_cat-meestele","15":"product_cat-reisile","16":"product_cat-reisile-meestele","17":"product_cat-shampoonid","19":"first","20":"instock","21":"taxable","22":"shipping-taxable","23":"purchasable","24":"product-type-simple","25":"add-to-wishlist-after_add_to_cart"},"yoast_head":"<!-- This site is optimized with the Yoast SEO plugin v27.5 - https:\/\/yoast.com\/product\/yoast-seo-wordpress\/ -->\n<title>BALMAIN HAIR juukseid tihendav ja tugevdav \u0161ampoon meestele \/ Homme Bodyfying Shampoo 50ml travel - Hair Deluxe<\/title>\n<meta name=\"robots\" content=\"index, follow, max-snippet:-1, max-image-preview:large, max-video-preview:-1\" \/>\n<link rel=\"canonical\" href=\"https:\/\/hairdeluxe.ee\/en\/product\/balmain-juukseid-tihendav-ja-tugevdav-sampoon-meestele-homme-bodyfying-shampoo-50ml-travel\/\" \/>\n<meta property=\"og:locale\" content=\"en_US\" \/>\n<meta property=\"og:type\" content=\"article\" \/>\n<meta property=\"og:title\" content=\"BALMAIN HAIR juukseid tihendav ja tugevdav \u0161ampoon meestele \/ Homme Bodyfying Shampoo 50ml travel - Hair Deluxe\" \/>\n<meta property=\"og:description\" content=\"Kui mehed saavad vanemaks, kannatavad nad sageli juuste h\u00f5renemise p\u00e4rast.\u00a0Kuigi geneetikaga pole midagi peale hakata, siis Balmain Hair Homme Bodyfying hooldussari aitab muuta juuksed tihedamaks ja kohevamaks. Igap\u00e4evane tihendav \u0161ampoon, mis on spetsiaalselt loodud meestele, kellel on probleeme h\u00f5renevate juustega. Tihendab juuksekiudu, mille tulemuseks on paksemad ja t\u00e4idlasemad juuksed.\u00a0L\u00f5hnastatud Balmain Hair Homme intensiivse puidu ja merevaiguse l\u00f5hnaga. - Meestele, kellel on probleeme juuste v\u00e4ljalangemisega - T\u00f5stab ja tihendab juukseid - Tulemuseks on t\u00e4idlased juuksed Kasutamine:\u00a0Kandke v\u00e4ike kogus toodet m\u00e4rgadele juustele. Vereringe ergutamiseks masseerige peanahka, kuid tehke seda \u00f5rnalt. Loputage hoolikalt. Kogus: 50ml\" \/>\n<meta property=\"og:url\" content=\"https:\/\/hairdeluxe.ee\/en\/product\/balmain-juukseid-tihendav-ja-tugevdav-sampoon-meestele-homme-bodyfying-shampoo-50ml-travel\/\" \/>\n<meta property=\"og:site_name\" content=\"Hair Deluxe\" \/>\n<meta property=\"article:publisher\" content=\"https:\/\/www.facebook.com\/blowbartallinn\" \/>\n<meta property=\"article:modified_time\" content=\"2025-03-18T19:22:25+00:00\" \/>\n<meta property=\"og:image\" content=\"https:\/\/hairdeluxe.ee\/wp-content\/uploads\/2024\/02\/balmainhair_balmainhomme_bodyfyingshampoo_travelsize_50ml_cs_m_c_sh_b_50_800x80_357d.jpg\" \/>\n\t<meta property=\"og:image:width\" content=\"800\" \/>\n\t<meta property=\"og:image:height\" content=\"800\" \/>\n\t<meta property=\"og:image:type\" content=\"image\/jpeg\" \/>\n<meta name=\"twitter:card\" content=\"summary_large_image\" \/>\n<meta name=\"twitter:label1\" content=\"Est. reading time\" \/>\n\t<meta name=\"twitter:data1\" content=\"1 minute\" \/>\n<script type=\"application\/ld+json\" class=\"yoast-schema-graph\">{\"@context\":\"https:\\\/\\\/schema.org\",\"@graph\":[{\"@type\":\"WebPage\",\"@id\":\"https:\\\/\\\/hairdeluxe.ee\\\/en\\\/product\\\/balmain-juukseid-tihendav-ja-tugevdav-sampoon-meestele-homme-bodyfying-shampoo-50ml-travel\\\/\",\"url\":\"https:\\\/\\\/hairdeluxe.ee\\\/en\\\/product\\\/balmain-juukseid-tihendav-ja-tugevdav-sampoon-meestele-homme-bodyfying-shampoo-50ml-travel\\\/\",\"name\":\"BALMAIN HAIR juukseid tihendav ja tugevdav \u0161ampoon meestele \\\/ Homme Bodyfying Shampoo 50ml travel - Hair Deluxe\",\"isPartOf\":{\"@id\":\"https:\\\/\\\/hairdeluxe.ee\\\/en\\\/#website\"},\"primaryImageOfPage\":{\"@id\":\"https:\\\/\\\/hairdeluxe.ee\\\/en\\\/product\\\/balmain-juukseid-tihendav-ja-tugevdav-sampoon-meestele-homme-bodyfying-shampoo-50ml-travel\\\/#primaryimage\"},\"image\":{\"@id\":\"https:\\\/\\\/hairdeluxe.ee\\\/en\\\/product\\\/balmain-juukseid-tihendav-ja-tugevdav-sampoon-meestele-homme-bodyfying-shampoo-50ml-travel\\\/#primaryimage\"},\"thumbnailUrl\":\"https:\\\/\\\/hairdeluxe.ee\\\/wp-content\\\/uploads\\\/2024\\\/02\\\/balmainhair_balmainhomme_bodyfyingshampoo_travelsize_50ml_cs_m_c_sh_b_50_800x80_357d.jpg\",\"datePublished\":\"2024-02-03T07:55:08+00:00\",\"dateModified\":\"2025-03-18T19:22:25+00:00\",\"breadcrumb\":{\"@id\":\"https:\\\/\\\/hairdeluxe.ee\\\/en\\\/product\\\/balmain-juukseid-tihendav-ja-tugevdav-sampoon-meestele-homme-bodyfying-shampoo-50ml-travel\\\/#breadcrumb\"},\"inLanguage\":\"en-US\",\"potentialAction\":[{\"@type\":\"ReadAction\",\"target\":[\"https:\\\/\\\/hairdeluxe.ee\\\/en\\\/product\\\/balmain-juukseid-tihendav-ja-tugevdav-sampoon-meestele-homme-bodyfying-shampoo-50ml-travel\\\/\"]}]},{\"@type\":\"ImageObject\",\"inLanguage\":\"en-US\",\"@id\":\"https:\\\/\\\/hairdeluxe.ee\\\/en\\\/product\\\/balmain-juukseid-tihendav-ja-tugevdav-sampoon-meestele-homme-bodyfying-shampoo-50ml-travel\\\/#primaryimage\",\"url\":\"https:\\\/\\\/hairdeluxe.ee\\\/wp-content\\\/uploads\\\/2024\\\/02\\\/balmainhair_balmainhomme_bodyfyingshampoo_travelsize_50ml_cs_m_c_sh_b_50_800x80_357d.jpg\",\"contentUrl\":\"https:\\\/\\\/hairdeluxe.ee\\\/wp-content\\\/uploads\\\/2024\\\/02\\\/balmainhair_balmainhomme_bodyfyingshampoo_travelsize_50ml_cs_m_c_sh_b_50_800x80_357d.jpg\",\"width\":800,\"height\":800},{\"@type\":\"BreadcrumbList\",\"@id\":\"https:\\\/\\\/hairdeluxe.ee\\\/en\\\/product\\\/balmain-juukseid-tihendav-ja-tugevdav-sampoon-meestele-homme-bodyfying-shampoo-50ml-travel\\\/#breadcrumb\",\"itemListElement\":[{\"@type\":\"ListItem\",\"position\":1,\"name\":\"Home\",\"item\":\"https:\\\/\\\/hairdeluxe.ee\\\/en\\\/\"},{\"@type\":\"ListItem\",\"position\":2,\"name\":\"Shop\",\"item\":\"https:\\\/\\\/hairdeluxe.ee\\\/en\\\/shop\\\/\"},{\"@type\":\"ListItem\",\"position\":3,\"name\":\"BALMAIN HAIR juukseid tihendav ja tugevdav \u0161ampoon meestele \\\/ Homme Bodyfying Shampoo 50ml travel\"}]},{\"@type\":\"WebSite\",\"@id\":\"https:\\\/\\\/hairdeluxe.ee\\\/en\\\/#website\",\"url\":\"https:\\\/\\\/hairdeluxe.ee\\\/en\\\/\",\"name\":\"Hair Deluxe\",\"description\":\"Highlight your natural beauty\",\"publisher\":{\"@id\":\"https:\\\/\\\/hairdeluxe.ee\\\/en\\\/#organization\"},\"potentialAction\":[{\"@type\":\"SearchAction\",\"target\":{\"@type\":\"EntryPoint\",\"urlTemplate\":\"https:\\\/\\\/hairdeluxe.ee\\\/en\\\/?s={search_term_string}\"},\"query-input\":{\"@type\":\"PropertyValueSpecification\",\"valueRequired\":true,\"valueName\":\"search_term_string\"}}],\"inLanguage\":\"en-US\"},{\"@type\":\"Organization\",\"@id\":\"https:\\\/\\\/hairdeluxe.ee\\\/en\\\/#organization\",\"name\":\"Hair Deluxe\",\"url\":\"https:\\\/\\\/hairdeluxe.ee\\\/en\\\/\",\"logo\":{\"@type\":\"ImageObject\",\"inLanguage\":\"en-US\",\"@id\":\"https:\\\/\\\/hairdeluxe.ee\\\/en\\\/#\\\/schema\\\/logo\\\/image\\\/\",\"url\":\"https:\\\/\\\/hairdeluxe.ee\\\/wp-content\\\/uploads\\\/2024\\\/06\\\/Hair-Deluxe-Logo-Dark-font.png\",\"contentUrl\":\"https:\\\/\\\/hairdeluxe.ee\\\/wp-content\\\/uploads\\\/2024\\\/06\\\/Hair-Deluxe-Logo-Dark-font.png\",\"width\":467,\"height\":177,\"caption\":\"Hair Deluxe\"},\"image\":{\"@id\":\"https:\\\/\\\/hairdeluxe.ee\\\/en\\\/#\\\/schema\\\/logo\\\/image\\\/\"},\"sameAs\":[\"https:\\\/\\\/www.facebook.com\\\/blowbartallinn\",\"https:\\\/\\\/www.instagram.com\\\/blowbar_tallinn\"]}]}<\/script>\n<!-- \/ Yoast SEO plugin. -->","yoast_head_json":{"title":"BALMAIN HAIR juukseid tihendav ja tugevdav \u0161ampoon meestele \/ Homme Bodyfying Shampoo 50ml travel - Hair Deluxe","robots":{"index":"index","follow":"follow","max-snippet":"max-snippet:-1","max-image-preview":"max-image-preview:large","max-video-preview":"max-video-preview:-1"},"canonical":"https:\/\/hairdeluxe.ee\/en\/product\/balmain-juukseid-tihendav-ja-tugevdav-sampoon-meestele-homme-bodyfying-shampoo-50ml-travel\/","og_locale":"en_US","og_type":"article","og_title":"BALMAIN HAIR juukseid tihendav ja tugevdav \u0161ampoon meestele \/ Homme Bodyfying Shampoo 50ml travel - Hair Deluxe","og_description":"Kui mehed saavad vanemaks, kannatavad nad sageli juuste h\u00f5renemise p\u00e4rast.\u00a0Kuigi geneetikaga pole midagi peale hakata, siis Balmain Hair Homme Bodyfying hooldussari aitab muuta juuksed tihedamaks ja kohevamaks. Igap\u00e4evane tihendav \u0161ampoon, mis on spetsiaalselt loodud meestele, kellel on probleeme h\u00f5renevate juustega. Tihendab juuksekiudu, mille tulemuseks on paksemad ja t\u00e4idlasemad juuksed.\u00a0L\u00f5hnastatud Balmain Hair Homme intensiivse puidu ja merevaiguse l\u00f5hnaga. - Meestele, kellel on probleeme juuste v\u00e4ljalangemisega - T\u00f5stab ja tihendab juukseid - Tulemuseks on t\u00e4idlased juuksed Kasutamine:\u00a0Kandke v\u00e4ike kogus toodet m\u00e4rgadele juustele. Vereringe ergutamiseks masseerige peanahka, kuid tehke seda \u00f5rnalt. Loputage hoolikalt. Kogus: 50ml","og_url":"https:\/\/hairdeluxe.ee\/en\/product\/balmain-juukseid-tihendav-ja-tugevdav-sampoon-meestele-homme-bodyfying-shampoo-50ml-travel\/","og_site_name":"Hair Deluxe","article_publisher":"https:\/\/www.facebook.com\/blowbartallinn","article_modified_time":"2025-03-18T19:22:25+00:00","og_image":[{"width":800,"height":800,"url":"https:\/\/hairdeluxe.ee\/wp-content\/uploads\/2024\/02\/balmainhair_balmainhomme_bodyfyingshampoo_travelsize_50ml_cs_m_c_sh_b_50_800x80_357d.jpg","type":"image\/jpeg"}],"twitter_card":"summary_large_image","twitter_misc":{"Est. reading time":"1 minute"},"schema":{"@context":"https:\/\/schema.org","@graph":[{"@type":"WebPage","@id":"https:\/\/hairdeluxe.ee\/en\/product\/balmain-juukseid-tihendav-ja-tugevdav-sampoon-meestele-homme-bodyfying-shampoo-50ml-travel\/","url":"https:\/\/hairdeluxe.ee\/en\/product\/balmain-juukseid-tihendav-ja-tugevdav-sampoon-meestele-homme-bodyfying-shampoo-50ml-travel\/","name":"BALMAIN HAIR juukseid tihendav ja tugevdav \u0161ampoon meestele \/ Homme Bodyfying Shampoo 50ml travel - Hair Deluxe","isPartOf":{"@id":"https:\/\/hairdeluxe.ee\/en\/#website"},"primaryImageOfPage":{"@id":"https:\/\/hairdeluxe.ee\/en\/product\/balmain-juukseid-tihendav-ja-tugevdav-sampoon-meestele-homme-bodyfying-shampoo-50ml-travel\/#primaryimage"},"image":{"@id":"https:\/\/hairdeluxe.ee\/en\/product\/balmain-juukseid-tihendav-ja-tugevdav-sampoon-meestele-homme-bodyfying-shampoo-50ml-travel\/#primaryimage"},"thumbnailUrl":"https:\/\/hairdeluxe.ee\/wp-content\/uploads\/2024\/02\/balmainhair_balmainhomme_bodyfyingshampoo_travelsize_50ml_cs_m_c_sh_b_50_800x80_357d.jpg","datePublished":"2024-02-03T07:55:08+00:00","dateModified":"2025-03-18T19:22:25+00:00","breadcrumb":{"@id":"https:\/\/hairdeluxe.ee\/en\/product\/balmain-juukseid-tihendav-ja-tugevdav-sampoon-meestele-homme-bodyfying-shampoo-50ml-travel\/#breadcrumb"},"inLanguage":"en-US","potentialAction":[{"@type":"ReadAction","target":["https:\/\/hairdeluxe.ee\/en\/product\/balmain-juukseid-tihendav-ja-tugevdav-sampoon-meestele-homme-bodyfying-shampoo-50ml-travel\/"]}]},{"@type":"ImageObject","inLanguage":"en-US","@id":"https:\/\/hairdeluxe.ee\/en\/product\/balmain-juukseid-tihendav-ja-tugevdav-sampoon-meestele-homme-bodyfying-shampoo-50ml-travel\/#primaryimage","url":"https:\/\/hairdeluxe.ee\/wp-content\/uploads\/2024\/02\/balmainhair_balmainhomme_bodyfyingshampoo_travelsize_50ml_cs_m_c_sh_b_50_800x80_357d.jpg","contentUrl":"https:\/\/hairdeluxe.ee\/wp-content\/uploads\/2024\/02\/balmainhair_balmainhomme_bodyfyingshampoo_travelsize_50ml_cs_m_c_sh_b_50_800x80_357d.jpg","width":800,"height":800},{"@type":"BreadcrumbList","@id":"https:\/\/hairdeluxe.ee\/en\/product\/balmain-juukseid-tihendav-ja-tugevdav-sampoon-meestele-homme-bodyfying-shampoo-50ml-travel\/#breadcrumb","itemListElement":[{"@type":"ListItem","position":1,"name":"Home","item":"https:\/\/hairdeluxe.ee\/en\/"},{"@type":"ListItem","position":2,"name":"Shop","item":"https:\/\/hairdeluxe.ee\/en\/shop\/"},{"@type":"ListItem","position":3,"name":"BALMAIN HAIR juukseid tihendav ja tugevdav \u0161ampoon meestele \/ Homme Bodyfying Shampoo 50ml travel"}]},{"@type":"WebSite","@id":"https:\/\/hairdeluxe.ee\/en\/#website","url":"https:\/\/hairdeluxe.ee\/en\/","name":"Hair Deluxe","description":"Highlight your natural beauty","publisher":{"@id":"https:\/\/hairdeluxe.ee\/en\/#organization"},"potentialAction":[{"@type":"SearchAction","target":{"@type":"EntryPoint","urlTemplate":"https:\/\/hairdeluxe.ee\/en\/?s={search_term_string}"},"query-input":{"@type":"PropertyValueSpecification","valueRequired":true,"valueName":"search_term_string"}}],"inLanguage":"en-US"},{"@type":"Organization","@id":"https:\/\/hairdeluxe.ee\/en\/#organization","name":"Hair Deluxe","url":"https:\/\/hairdeluxe.ee\/en\/","logo":{"@type":"ImageObject","inLanguage":"en-US","@id":"https:\/\/hairdeluxe.ee\/en\/#\/schema\/logo\/image\/","url":"https:\/\/hairdeluxe.ee\/wp-content\/uploads\/2024\/06\/Hair-Deluxe-Logo-Dark-font.png","contentUrl":"https:\/\/hairdeluxe.ee\/wp-content\/uploads\/2024\/06\/Hair-Deluxe-Logo-Dark-font.png","width":467,"height":177,"caption":"Hair Deluxe"},"image":{"@id":"https:\/\/hairdeluxe.ee\/en\/#\/schema\/logo\/image\/"},"sameAs":["https:\/\/www.facebook.com\/blowbartallinn","https:\/\/www.instagram.com\/blowbar_tallinn"]}]}},"_links":{"self":[{"href":"https:\/\/hairdeluxe.ee\/en\/wp-json\/wp\/v2\/product\/35726","targetHints":{"allow":["GET"]}}],"collection":[{"href":"https:\/\/hairdeluxe.ee\/en\/wp-json\/wp\/v2\/product"}],"about":[{"href":"https:\/\/hairdeluxe.ee\/en\/wp-json\/wp\/v2\/types\/product"}],"wp:featuredmedia":[{"embeddable":true,"href":"https:\/\/hairdeluxe.ee\/en\/wp-json\/wp\/v2\/media\/35725"}],"wp:attachment":[{"href":"https:\/\/hairdeluxe.ee\/en\/wp-json\/wp\/v2\/media?parent=35726"}],"wp:term":[{"taxonomy":"product_brand","embeddable":true,"href":"https:\/\/hairdeluxe.ee\/en\/wp-json\/wp\/v2\/product_brand?post=35726"},{"taxonomy":"product_cat","embeddable":true,"href":"https:\/\/hairdeluxe.ee\/en\/wp-json\/wp\/v2\/product_cat?post=35726"},{"taxonomy":"product_tag","embeddable":true,"href":"https:\/\/hairdeluxe.ee\/en\/wp-json\/wp\/v2\/product_tag?post=35726"}],"curies":[{"name":"wp","href":"https:\/\/api.w.org\/{rel}","templated":true}]}}