{"id":35769,"date":"2024-02-03T09:56:09","date_gmt":"2024-02-03T07:56:09","guid":{"rendered":"https:\/\/blowbar.ee\/toode\/balmain-hair-palsam-varvitud-juustele-couleurs-couture-conditioner-50ml-travel\/"},"modified":"2025-03-18T19:22:24","modified_gmt":"2025-03-18T19:22:24","slug":"balmain-palsam-varvitud-juustele-couleurs-couture-conditioner-50ml-travel","status":"publish","type":"product","link":"https:\/\/hairdeluxe.ee\/en\/product\/balmain-palsam-varvitud-juustele-couleurs-couture-conditioner-50ml-travel\/","title":{"rendered":"BALMAIN HAIR palsam v\u00e4rvitud juustele \/ Couleurs Couture Conditioner 50ml travel"},"content":{"rendered":"<p><em><strong>Koostis:\u00a0<\/strong><i>Aqua, Cetyl Alcohol, Glycerin, Behentrimonium Chloride, Betaine, Ethylhexyl Palmitate, Hydrolyzed Keratin, Silk Amino Acids, Argania Spinosa Kernel Oil, Helianthus Annuus Seed Oil, Macadamia Ternifolia Seed Oil, Cocos Nucifera Oil, Glycine Soja Oil, Gardenia Tahitensis Flower Extract, Rosmarinus Officinalis Leaf Extract, Chenopodium Quinoa Seed Extract, Tocopherol, Aloe Barbadensis Leaf Juice, Sodium Hyaluronate, Tocopheryl Acetate, Panthenol, Silicone Quaternium-16, Isopropyl Alcohol, Undeceth-11, Butyloctanol, Undeceth-5, Iodopropynyl Butylcarbamate, Polyquaternium-53, Dipropylene Glycol, Polysilicone-19, Ethylhexyl Methoxycinnamate, Hydroxyethylcellulose, Phenoxyethanol, Ethylhexylglycerin, Lactic Acid, Benzoic Acid, Sodium Benzoate, Parfum, Pantolactone, Allantoin, Citric Acid, Sorbic Acid.<\/i><\/em><\/p>\n<h2 lang=\"en\" data-bind=\"text: Description, visible: $root.itemInfo() !== null\"><\/h2>\n","protected":false},"excerpt":{"rendered":"<p><span style=\"font-weight: 400;\">Unikaalse Couleurs Couture sarja hoolduskollektsiooni \u0161ampoon ja palsam on spetsiaalselt v\u00e4lja t\u00f6\u00f6tatud v\u00e4rvitud, \u00fclet\u00f6\u00f6deldud ning kahjustatud juuste hooldamiseks.\u00a0Couleurs Couture \u0161ampoon ja palsam omavahelises koost\u00f6\u00f6s soodustavad v\u00e4rvi pikaealisust, parandavad, tugevdavad ning elustavad juukseid seestpoolt.\u00a0<\/span>Ta\u0308iustatud s\u00fcgavuti niisutav koostis muudab juuksed siledaks ning teeb juuste kammimise lihtsamaks, va\u0308ltides samal ajal juuste katkemist. Parandab ja tugevdab juukseid, aitab saavutada la\u0308ikivad ning pehmed juuksed.<br \/>\n<span style=\"font-weight: 400;\">Intensiivne, s\u00fcgavuti niisutav palsam on m\u00f5eldud eelk\u00f5ige va\u0308rvitud, kahjustatud ning u\u0308leto\u0308o\u0308deldud juustele. Palsam toidab, puhastab ja tugevdab juukseid seestpoolt.<br \/>\n<\/span><span style=\"font-weight: 400;\">Tootesse on hoolikalt valitud p\u00f5hikomponendid: argaaniaeliksiir<\/span><span style=\"font-weight: 400;\">, siidi- ja ka\u0161miiriproteiin, mis on t\u00e4iustatud quinoa seemne- ja kookos\u00f5liga.\u00a0Ainulaadne ning rikastatud kombinatsioon parimatest koostisosadest tugevdab ning niisutab juukseid s\u00fcgavalt seespoolt, andes juustele enneolematu pehmuse ning muutes need kergesti kammitavaks, v\u00e4ltides juuste katkemist.\u00a0UV-fltrid kaitsevad juukseid vabade radikaalide eest, et pikendada juuksev\u00e4rvi kestvust.<br \/>\n<\/span><span style=\"font-weight: 400;\">Madal pH-tase ja k\u00f5rgeima kvaliteediga koostisosad lisaks parandavad, tugevdavad, niisutavad ja kaitsevad juuste v\u00e4rvi tuhmumise eest. <\/span><span style=\"font-weight: 400;\">T\u00e4iustatud retsept on rikastatud k\u00f5rgeima kvaliteedi koostisosadega ning erilise Balmain Hair signatuurl\u00f5naga.<\/span><\/p>\n<p><b>Kasutamine:\u00a0<\/b>Kanda niisketele juustele, masseerida ja levitada toodet \u00f5rnalt 3min. kogu juuste pikkuses ja loputada hoolikalt. Loputada juukseid jaheda veega \u2013 l\u00e4htuvalt jaheda vee pH-tasemest, talletuvad palsami kasulikud komponendid juustesse ning annavad neile kauni s\u00e4ra.<\/p>\n<p>Kogus: 50ml<\/p>\n<p><a href=\"https:\/\/www.balmainhair.ee\/toode\/balmain-hair-couleurs-couture-shampoo-varvitud-juused-salong-soeng-valjalangemine-kahjustatud\/\"><strong>Vaata lisaks:<\/strong> Balmain Hair Couleurs Couture Shampoo<\/a><\/p>\n","protected":false},"featured_media":35768,"template":"","meta":[],"product_brand":[464],"product_cat":[266,231,265,208,271,121,278,218,158,170,282],"product_tag":[],"class_list":{"0":"post-35769","1":"product","2":"type-product","3":"status-publish","4":"has-post-thumbnail","6":"product_brand-balmain-hair","7":"product_cat-balmain-hair","8":"product_cat-blondeeritud-juustele","9":"product_cat-brandid","10":"product_cat-juuksehooldus","11":"product_cat-juuksehooldus-reisile","12":"product_cat-koik-tooted","13":"product_cat-kollektsioonid","14":"product_cat-palsamid","15":"product_cat-populaarsed","16":"product_cat-reisile","17":"product_cat-varvitud-juustele-couleurs-couture","19":"first","20":"instock","21":"taxable","22":"shipping-taxable","23":"purchasable","24":"product-type-simple","25":"add-to-wishlist-after_add_to_cart"},"yoast_head":"<!-- This site is optimized with the Yoast SEO plugin v27.3 - https:\/\/yoast.com\/product\/yoast-seo-wordpress\/ -->\n<title>BALMAIN HAIR palsam v\u00e4rvitud juustele \/ Couleurs Couture Conditioner 50ml travel - Hair Deluxe<\/title>\n<meta name=\"robots\" content=\"index, follow, max-snippet:-1, max-image-preview:large, max-video-preview:-1\" \/>\n<link rel=\"canonical\" href=\"https:\/\/hairdeluxe.ee\/en\/product\/balmain-palsam-varvitud-juustele-couleurs-couture-conditioner-50ml-travel\/\" \/>\n<meta property=\"og:locale\" content=\"en_US\" \/>\n<meta property=\"og:type\" content=\"article\" \/>\n<meta property=\"og:title\" content=\"BALMAIN HAIR palsam v\u00e4rvitud juustele \/ Couleurs Couture Conditioner 50ml travel - Hair Deluxe\" \/>\n<meta property=\"og:description\" content=\"Unikaalse Couleurs Couture sarja hoolduskollektsiooni \u0161ampoon ja palsam on spetsiaalselt v\u00e4lja t\u00f6\u00f6tatud v\u00e4rvitud, \u00fclet\u00f6\u00f6deldud ning kahjustatud juuste hooldamiseks.\u00a0Couleurs Couture \u0161ampoon ja palsam omavahelises koost\u00f6\u00f6s soodustavad v\u00e4rvi pikaealisust, parandavad, tugevdavad ning elustavad juukseid seestpoolt.\u00a0Ta\u0308iustatud s\u00fcgavuti niisutav koostis muudab juuksed siledaks ning teeb juuste kammimise lihtsamaks, va\u0308ltides samal ajal juuste katkemist. Parandab ja tugevdab juukseid, aitab saavutada la\u0308ikivad ning pehmed juuksed. Intensiivne, s\u00fcgavuti niisutav palsam on m\u00f5eldud eelk\u00f5ige va\u0308rvitud, kahjustatud ning u\u0308leto\u0308o\u0308deldud juustele. Palsam toidab, puhastab ja tugevdab juukseid seestpoolt. Tootesse on hoolikalt valitud p\u00f5hikomponendid: argaaniaeliksiir, siidi- ja ka\u0161miiriproteiin, mis on t\u00e4iustatud quinoa seemne- ja kookos\u00f5liga.\u00a0Ainulaadne ning rikastatud kombinatsioon parimatest koostisosadest tugevdab ning niisutab juukseid s\u00fcgavalt seespoolt, andes juustele enneolematu pehmuse ning muutes need kergesti kammitavaks, v\u00e4ltides juuste katkemist.\u00a0UV-fltrid kaitsevad juukseid vabade radikaalide eest, et pikendada juuksev\u00e4rvi kestvust. Madal pH-tase ja k\u00f5rgeima kvaliteediga koostisosad lisaks parandavad, tugevdavad, niisutavad ja kaitsevad juuste v\u00e4rvi tuhmumise eest. T\u00e4iustatud retsept on rikastatud k\u00f5rgeima kvaliteedi koostisosadega ning erilise Balmain Hair signatuurl\u00f5naga. Kasutamine:\u00a0Kanda niisketele juustele, masseerida ja levitada toodet \u00f5rnalt 3min. kogu juuste pikkuses ja loputada hoolikalt. Loputada juukseid jaheda veega \u2013 l\u00e4htuvalt jaheda vee pH-tasemest, talletuvad palsami kasulikud komponendid juustesse ning annavad neile kauni s\u00e4ra. Kogus: 50ml Vaata lisaks: Balmain Hair Couleurs Couture Shampoo\" \/>\n<meta property=\"og:url\" content=\"https:\/\/hairdeluxe.ee\/en\/product\/balmain-palsam-varvitud-juustele-couleurs-couture-conditioner-50ml-travel\/\" \/>\n<meta property=\"og:site_name\" content=\"Hair Deluxe\" \/>\n<meta property=\"article:publisher\" content=\"https:\/\/www.facebook.com\/blowbartallinn\" \/>\n<meta property=\"article:modified_time\" content=\"2025-03-18T19:22:24+00:00\" \/>\n<meta property=\"og:image\" content=\"https:\/\/hairdeluxe.ee\/wp-content\/uploads\/2024\/02\/1e561684-9447-42dc-af1c-dea1609b4bed.jpeg\" \/>\n\t<meta property=\"og:image:width\" content=\"1024\" \/>\n\t<meta property=\"og:image:height\" content=\"1024\" \/>\n\t<meta property=\"og:image:type\" content=\"image\/jpeg\" \/>\n<meta name=\"twitter:card\" content=\"summary_large_image\" \/>\n<script type=\"application\/ld+json\" class=\"yoast-schema-graph\">{\"@context\":\"https:\\\/\\\/schema.org\",\"@graph\":[{\"@type\":\"WebPage\",\"@id\":\"https:\\\/\\\/hairdeluxe.ee\\\/en\\\/product\\\/balmain-palsam-varvitud-juustele-couleurs-couture-conditioner-50ml-travel\\\/\",\"url\":\"https:\\\/\\\/hairdeluxe.ee\\\/en\\\/product\\\/balmain-palsam-varvitud-juustele-couleurs-couture-conditioner-50ml-travel\\\/\",\"name\":\"BALMAIN HAIR palsam v\u00e4rvitud juustele \\\/ Couleurs Couture Conditioner 50ml travel - Hair Deluxe\",\"isPartOf\":{\"@id\":\"https:\\\/\\\/hairdeluxe.ee\\\/en\\\/#website\"},\"primaryImageOfPage\":{\"@id\":\"https:\\\/\\\/hairdeluxe.ee\\\/en\\\/product\\\/balmain-palsam-varvitud-juustele-couleurs-couture-conditioner-50ml-travel\\\/#primaryimage\"},\"image\":{\"@id\":\"https:\\\/\\\/hairdeluxe.ee\\\/en\\\/product\\\/balmain-palsam-varvitud-juustele-couleurs-couture-conditioner-50ml-travel\\\/#primaryimage\"},\"thumbnailUrl\":\"https:\\\/\\\/hairdeluxe.ee\\\/wp-content\\\/uploads\\\/2024\\\/02\\\/1e561684-9447-42dc-af1c-dea1609b4bed.jpeg\",\"datePublished\":\"2024-02-03T07:56:09+00:00\",\"dateModified\":\"2025-03-18T19:22:24+00:00\",\"breadcrumb\":{\"@id\":\"https:\\\/\\\/hairdeluxe.ee\\\/en\\\/product\\\/balmain-palsam-varvitud-juustele-couleurs-couture-conditioner-50ml-travel\\\/#breadcrumb\"},\"inLanguage\":\"en-US\",\"potentialAction\":[{\"@type\":\"ReadAction\",\"target\":[\"https:\\\/\\\/hairdeluxe.ee\\\/en\\\/product\\\/balmain-palsam-varvitud-juustele-couleurs-couture-conditioner-50ml-travel\\\/\"]}]},{\"@type\":\"ImageObject\",\"inLanguage\":\"en-US\",\"@id\":\"https:\\\/\\\/hairdeluxe.ee\\\/en\\\/product\\\/balmain-palsam-varvitud-juustele-couleurs-couture-conditioner-50ml-travel\\\/#primaryimage\",\"url\":\"https:\\\/\\\/hairdeluxe.ee\\\/wp-content\\\/uploads\\\/2024\\\/02\\\/1e561684-9447-42dc-af1c-dea1609b4bed.jpeg\",\"contentUrl\":\"https:\\\/\\\/hairdeluxe.ee\\\/wp-content\\\/uploads\\\/2024\\\/02\\\/1e561684-9447-42dc-af1c-dea1609b4bed.jpeg\",\"width\":1024,\"height\":1024},{\"@type\":\"BreadcrumbList\",\"@id\":\"https:\\\/\\\/hairdeluxe.ee\\\/en\\\/product\\\/balmain-palsam-varvitud-juustele-couleurs-couture-conditioner-50ml-travel\\\/#breadcrumb\",\"itemListElement\":[{\"@type\":\"ListItem\",\"position\":1,\"name\":\"Home\",\"item\":\"https:\\\/\\\/hairdeluxe.ee\\\/en\\\/\"},{\"@type\":\"ListItem\",\"position\":2,\"name\":\"Shop\",\"item\":\"https:\\\/\\\/hairdeluxe.ee\\\/en\\\/shop\\\/\"},{\"@type\":\"ListItem\",\"position\":3,\"name\":\"BALMAIN HAIR palsam v\u00e4rvitud juustele \\\/ Couleurs Couture Conditioner 50ml travel\"}]},{\"@type\":\"WebSite\",\"@id\":\"https:\\\/\\\/hairdeluxe.ee\\\/en\\\/#website\",\"url\":\"https:\\\/\\\/hairdeluxe.ee\\\/en\\\/\",\"name\":\"Hair Deluxe\",\"description\":\"Highlight your natural beauty\",\"publisher\":{\"@id\":\"https:\\\/\\\/hairdeluxe.ee\\\/en\\\/#organization\"},\"potentialAction\":[{\"@type\":\"SearchAction\",\"target\":{\"@type\":\"EntryPoint\",\"urlTemplate\":\"https:\\\/\\\/hairdeluxe.ee\\\/en\\\/?s={search_term_string}\"},\"query-input\":{\"@type\":\"PropertyValueSpecification\",\"valueRequired\":true,\"valueName\":\"search_term_string\"}}],\"inLanguage\":\"en-US\"},{\"@type\":\"Organization\",\"@id\":\"https:\\\/\\\/hairdeluxe.ee\\\/en\\\/#organization\",\"name\":\"Hair Deluxe\",\"url\":\"https:\\\/\\\/hairdeluxe.ee\\\/en\\\/\",\"logo\":{\"@type\":\"ImageObject\",\"inLanguage\":\"en-US\",\"@id\":\"https:\\\/\\\/hairdeluxe.ee\\\/en\\\/#\\\/schema\\\/logo\\\/image\\\/\",\"url\":\"https:\\\/\\\/hairdeluxe.ee\\\/wp-content\\\/uploads\\\/2024\\\/06\\\/Hair-Deluxe-Logo-Dark-font.png\",\"contentUrl\":\"https:\\\/\\\/hairdeluxe.ee\\\/wp-content\\\/uploads\\\/2024\\\/06\\\/Hair-Deluxe-Logo-Dark-font.png\",\"width\":467,\"height\":177,\"caption\":\"Hair Deluxe\"},\"image\":{\"@id\":\"https:\\\/\\\/hairdeluxe.ee\\\/en\\\/#\\\/schema\\\/logo\\\/image\\\/\"},\"sameAs\":[\"https:\\\/\\\/www.facebook.com\\\/blowbartallinn\",\"https:\\\/\\\/www.instagram.com\\\/blowbar_tallinn\"]}]}<\/script>\n<!-- \/ Yoast SEO plugin. -->","yoast_head_json":{"title":"BALMAIN HAIR palsam v\u00e4rvitud juustele \/ Couleurs Couture Conditioner 50ml travel - Hair Deluxe","robots":{"index":"index","follow":"follow","max-snippet":"max-snippet:-1","max-image-preview":"max-image-preview:large","max-video-preview":"max-video-preview:-1"},"canonical":"https:\/\/hairdeluxe.ee\/en\/product\/balmain-palsam-varvitud-juustele-couleurs-couture-conditioner-50ml-travel\/","og_locale":"en_US","og_type":"article","og_title":"BALMAIN HAIR palsam v\u00e4rvitud juustele \/ Couleurs Couture Conditioner 50ml travel - Hair Deluxe","og_description":"Unikaalse Couleurs Couture sarja hoolduskollektsiooni \u0161ampoon ja palsam on spetsiaalselt v\u00e4lja t\u00f6\u00f6tatud v\u00e4rvitud, \u00fclet\u00f6\u00f6deldud ning kahjustatud juuste hooldamiseks.\u00a0Couleurs Couture \u0161ampoon ja palsam omavahelises koost\u00f6\u00f6s soodustavad v\u00e4rvi pikaealisust, parandavad, tugevdavad ning elustavad juukseid seestpoolt.\u00a0Ta\u0308iustatud s\u00fcgavuti niisutav koostis muudab juuksed siledaks ning teeb juuste kammimise lihtsamaks, va\u0308ltides samal ajal juuste katkemist. Parandab ja tugevdab juukseid, aitab saavutada la\u0308ikivad ning pehmed juuksed. Intensiivne, s\u00fcgavuti niisutav palsam on m\u00f5eldud eelk\u00f5ige va\u0308rvitud, kahjustatud ning u\u0308leto\u0308o\u0308deldud juustele. Palsam toidab, puhastab ja tugevdab juukseid seestpoolt. Tootesse on hoolikalt valitud p\u00f5hikomponendid: argaaniaeliksiir, siidi- ja ka\u0161miiriproteiin, mis on t\u00e4iustatud quinoa seemne- ja kookos\u00f5liga.\u00a0Ainulaadne ning rikastatud kombinatsioon parimatest koostisosadest tugevdab ning niisutab juukseid s\u00fcgavalt seespoolt, andes juustele enneolematu pehmuse ning muutes need kergesti kammitavaks, v\u00e4ltides juuste katkemist.\u00a0UV-fltrid kaitsevad juukseid vabade radikaalide eest, et pikendada juuksev\u00e4rvi kestvust. Madal pH-tase ja k\u00f5rgeima kvaliteediga koostisosad lisaks parandavad, tugevdavad, niisutavad ja kaitsevad juuste v\u00e4rvi tuhmumise eest. T\u00e4iustatud retsept on rikastatud k\u00f5rgeima kvaliteedi koostisosadega ning erilise Balmain Hair signatuurl\u00f5naga. Kasutamine:\u00a0Kanda niisketele juustele, masseerida ja levitada toodet \u00f5rnalt 3min. kogu juuste pikkuses ja loputada hoolikalt. Loputada juukseid jaheda veega \u2013 l\u00e4htuvalt jaheda vee pH-tasemest, talletuvad palsami kasulikud komponendid juustesse ning annavad neile kauni s\u00e4ra. Kogus: 50ml Vaata lisaks: Balmain Hair Couleurs Couture Shampoo","og_url":"https:\/\/hairdeluxe.ee\/en\/product\/balmain-palsam-varvitud-juustele-couleurs-couture-conditioner-50ml-travel\/","og_site_name":"Hair Deluxe","article_publisher":"https:\/\/www.facebook.com\/blowbartallinn","article_modified_time":"2025-03-18T19:22:24+00:00","og_image":[{"width":1024,"height":1024,"url":"https:\/\/hairdeluxe.ee\/wp-content\/uploads\/2024\/02\/1e561684-9447-42dc-af1c-dea1609b4bed.jpeg","type":"image\/jpeg"}],"twitter_card":"summary_large_image","schema":{"@context":"https:\/\/schema.org","@graph":[{"@type":"WebPage","@id":"https:\/\/hairdeluxe.ee\/en\/product\/balmain-palsam-varvitud-juustele-couleurs-couture-conditioner-50ml-travel\/","url":"https:\/\/hairdeluxe.ee\/en\/product\/balmain-palsam-varvitud-juustele-couleurs-couture-conditioner-50ml-travel\/","name":"BALMAIN HAIR palsam v\u00e4rvitud juustele \/ Couleurs Couture Conditioner 50ml travel - Hair Deluxe","isPartOf":{"@id":"https:\/\/hairdeluxe.ee\/en\/#website"},"primaryImageOfPage":{"@id":"https:\/\/hairdeluxe.ee\/en\/product\/balmain-palsam-varvitud-juustele-couleurs-couture-conditioner-50ml-travel\/#primaryimage"},"image":{"@id":"https:\/\/hairdeluxe.ee\/en\/product\/balmain-palsam-varvitud-juustele-couleurs-couture-conditioner-50ml-travel\/#primaryimage"},"thumbnailUrl":"https:\/\/hairdeluxe.ee\/wp-content\/uploads\/2024\/02\/1e561684-9447-42dc-af1c-dea1609b4bed.jpeg","datePublished":"2024-02-03T07:56:09+00:00","dateModified":"2025-03-18T19:22:24+00:00","breadcrumb":{"@id":"https:\/\/hairdeluxe.ee\/en\/product\/balmain-palsam-varvitud-juustele-couleurs-couture-conditioner-50ml-travel\/#breadcrumb"},"inLanguage":"en-US","potentialAction":[{"@type":"ReadAction","target":["https:\/\/hairdeluxe.ee\/en\/product\/balmain-palsam-varvitud-juustele-couleurs-couture-conditioner-50ml-travel\/"]}]},{"@type":"ImageObject","inLanguage":"en-US","@id":"https:\/\/hairdeluxe.ee\/en\/product\/balmain-palsam-varvitud-juustele-couleurs-couture-conditioner-50ml-travel\/#primaryimage","url":"https:\/\/hairdeluxe.ee\/wp-content\/uploads\/2024\/02\/1e561684-9447-42dc-af1c-dea1609b4bed.jpeg","contentUrl":"https:\/\/hairdeluxe.ee\/wp-content\/uploads\/2024\/02\/1e561684-9447-42dc-af1c-dea1609b4bed.jpeg","width":1024,"height":1024},{"@type":"BreadcrumbList","@id":"https:\/\/hairdeluxe.ee\/en\/product\/balmain-palsam-varvitud-juustele-couleurs-couture-conditioner-50ml-travel\/#breadcrumb","itemListElement":[{"@type":"ListItem","position":1,"name":"Home","item":"https:\/\/hairdeluxe.ee\/en\/"},{"@type":"ListItem","position":2,"name":"Shop","item":"https:\/\/hairdeluxe.ee\/en\/shop\/"},{"@type":"ListItem","position":3,"name":"BALMAIN HAIR palsam v\u00e4rvitud juustele \/ Couleurs Couture Conditioner 50ml travel"}]},{"@type":"WebSite","@id":"https:\/\/hairdeluxe.ee\/en\/#website","url":"https:\/\/hairdeluxe.ee\/en\/","name":"Hair Deluxe","description":"Highlight your natural beauty","publisher":{"@id":"https:\/\/hairdeluxe.ee\/en\/#organization"},"potentialAction":[{"@type":"SearchAction","target":{"@type":"EntryPoint","urlTemplate":"https:\/\/hairdeluxe.ee\/en\/?s={search_term_string}"},"query-input":{"@type":"PropertyValueSpecification","valueRequired":true,"valueName":"search_term_string"}}],"inLanguage":"en-US"},{"@type":"Organization","@id":"https:\/\/hairdeluxe.ee\/en\/#organization","name":"Hair Deluxe","url":"https:\/\/hairdeluxe.ee\/en\/","logo":{"@type":"ImageObject","inLanguage":"en-US","@id":"https:\/\/hairdeluxe.ee\/en\/#\/schema\/logo\/image\/","url":"https:\/\/hairdeluxe.ee\/wp-content\/uploads\/2024\/06\/Hair-Deluxe-Logo-Dark-font.png","contentUrl":"https:\/\/hairdeluxe.ee\/wp-content\/uploads\/2024\/06\/Hair-Deluxe-Logo-Dark-font.png","width":467,"height":177,"caption":"Hair Deluxe"},"image":{"@id":"https:\/\/hairdeluxe.ee\/en\/#\/schema\/logo\/image\/"},"sameAs":["https:\/\/www.facebook.com\/blowbartallinn","https:\/\/www.instagram.com\/blowbar_tallinn"]}]}},"_links":{"self":[{"href":"https:\/\/hairdeluxe.ee\/en\/wp-json\/wp\/v2\/product\/35769","targetHints":{"allow":["GET"]}}],"collection":[{"href":"https:\/\/hairdeluxe.ee\/en\/wp-json\/wp\/v2\/product"}],"about":[{"href":"https:\/\/hairdeluxe.ee\/en\/wp-json\/wp\/v2\/types\/product"}],"wp:featuredmedia":[{"embeddable":true,"href":"https:\/\/hairdeluxe.ee\/en\/wp-json\/wp\/v2\/media\/35768"}],"wp:attachment":[{"href":"https:\/\/hairdeluxe.ee\/en\/wp-json\/wp\/v2\/media?parent=35769"}],"wp:term":[{"taxonomy":"product_brand","embeddable":true,"href":"https:\/\/hairdeluxe.ee\/en\/wp-json\/wp\/v2\/product_brand?post=35769"},{"taxonomy":"product_cat","embeddable":true,"href":"https:\/\/hairdeluxe.ee\/en\/wp-json\/wp\/v2\/product_cat?post=35769"},{"taxonomy":"product_tag","embeddable":true,"href":"https:\/\/hairdeluxe.ee\/en\/wp-json\/wp\/v2\/product_tag?post=35769"}],"curies":[{"name":"wp","href":"https:\/\/api.w.org\/{rel}","templated":true}]}}