{"id":35783,"date":"2024-02-03T09:56:23","date_gmt":"2024-02-03T07:56:23","guid":{"rendered":"https:\/\/blowbar.ee\/toode\/balmain-hair-suvine-voluumikomplekt-le-riviera-volume-set-ss23-2\/"},"modified":"2025-03-18T19:22:24","modified_gmt":"2025-03-18T19:22:24","slug":"balmain-suvine-voluumikomplekt-le-riviera-volume-set-ss23-2","status":"publish","type":"product","link":"https:\/\/hairdeluxe.ee\/en\/product\/balmain-suvine-voluumikomplekt-le-riviera-volume-set-ss23-2\/","title":{"rendered":"BALMAIN HAIR suvine vol\u00fc\u00fcmikomplekt \/ Riviera Volume Set SS23"},"content":{"rendered":"<p><strong>Balmain Hair Volume Shampoo 300ml<br \/>\n<\/strong><strong><em>Koostis:\u00a0<\/em><\/strong><em>Aqua, Disodium Laureth Sulfosuccinate, Cocamidopropyl Betaine, Cocamidopropylamine Oxide, Glycerin, Argania Spinosa Kernel Extract, Silk Amino Acids, Panthenol, Sodium Cocoyl Amino Acids, Potassium Dimethicone PEG-7 Panthenyl Phosphate, Stearyl Citrate, Lauryl Glucoside, Isostearamide MIPA, Glyceryl Laurate, Guar Hydroxypropyltrimonium Chloride, Butylene Glycol, PEG-150 Pentaerythrityl Tetrastearate, PEG-6 Caprylic\/Capric Glycerides, Parfum, Phenoxyethanol, Iodopropynyl Butylcarbamate, Acrylates Copolymer, Benzophenone-4, Citric Acid.<\/em><\/p>\n<p><strong>Balmain Hair Volume Conditioner 300ml<br \/>\n<\/strong><strong><em>Koostis:\u00a0<\/em><\/strong><em>Aqua, Cetearyl Alcohol, Glyceryl Stearate, Stearamidopropyl Dimethylamine, Argania Spinosa Kernel Oil, Silk Amino Acids, Panthenol, Dimethylpabamidopropyl Lauryldimonium Tosylate, Propylene Glycol Stearate, Sodium Cocoyl Amino Acids, Potassium Dimethicone PEG-7 Panthenyl Phosphate, Behenoyl PG-Trimonium Chloride, Quaternium-80, Amodimethicone, C11-15 Pareth-7, Laureth-9, Glycerin, Trideceth-12, Ethylhexyl Methoxycinnamate, Ceteareth-20, Phenoxyethanol, Ethylhexylglycerin, Polyquaternium-37, Propylene Glycol Dicaprylate\/Dicaprate, PPG-1 Trideceth-6, Parfum, Citric Acid.<\/em><\/p>\n<p><strong>Balmain Hair Leave-In Conditioning Spray 200ml<br \/>\n<\/strong><strong><em>Koostis:\u00a0<\/em><\/strong><em>Aqua, Cetearyl Alcohol, Glyceryl Stearate, Stearamidopropyl Dimethylamine, Argania Spinosa Kernel Oil, Silk Amino Acids, Panthenol, Dimethylpabamidopropyl Lauryldimonium Tosylate, Propylene Glycol Stearate, Sodium Cocoyl Amino Acids, Potassium Dimethicone PEG-7 Panthenyl Phosphate, Behenoyl PG-Trimonium Chloride, Quaternium-80, Amodimethicone, C11-15 Paret h-7, Laureth-9, Glycerin, Trideceth-12, Ethylhexyl Methoxycinnamate, Ceteareth-20, Phenoxyethanol, Ethylhexylglycerin, Polyquaternium-37, Propylene Glycol Dicaprylate\/ Dicaprate, PPG-1 Trideceth-6, Parfum, Citric Acid.<\/em><\/p>\n<p>&nbsp;<\/p>\n","protected":false},"excerpt":{"rendered":"<p data-ccp-props=\"{&quot;335551550&quot;:1,&quot;335551620&quot;:1,&quot;335559683&quot;:0,&quot;335559685&quot;:0,&quot;335559731&quot;:0,&quot;335559737&quot;:0,&quot;335562764&quot;:2,&quot;335562765&quot;:1,&quot;335562766&quot;:4,&quot;335562767&quot;:0,&quot;335562768&quot;:4,&quot;335562769&quot;:0}\"><span data-usefontface=\"true\" data-contrast=\"none\">Riviera Volume Set on <\/span><span data-usefontface=\"true\" data-contrast=\"none\">juustele<\/span> <span data-usefontface=\"true\" data-contrast=\"none\">kerge<\/span><span data-usefontface=\"true\" data-contrast=\"none\">, <\/span><span data-usefontface=\"true\" data-contrast=\"none\">kuid<\/span> <span data-usefontface=\"true\" data-contrast=\"none\">tugevat<\/span> <span data-usefontface=\"true\" data-contrast=\"none\">vol\u00fc\u00fcmi<\/span> <span data-usefontface=\"true\" data-contrast=\"none\">andev<\/span> <span data-usefontface=\"true\" data-contrast=\"none\">hoolduskomplekt<\/span><span data-usefontface=\"true\" data-contrast=\"none\">. <\/span><span data-usefontface=\"true\" data-contrast=\"none\">Spetsiaalselt<\/span> <span data-usefontface=\"true\" data-contrast=\"none\">loodud<\/span> <span data-usefontface=\"true\" data-contrast=\"none\">l\u00e4ikiva<\/span><span data-usefontface=\"true\" data-contrast=\"none\">, <\/span><span data-usefontface=\"true\" data-contrast=\"none\">kergelt<\/span> <span data-usefontface=\"true\" data-contrast=\"none\">t\u00f6\u00f6deldava<\/span><span data-usefontface=\"true\" data-contrast=\"none\"> ja <\/span><span data-usefontface=\"true\" data-contrast=\"none\">vol\u00fc\u00fcmika<\/span> <span data-usefontface=\"true\" data-contrast=\"none\">soengu<\/span> <span data-usefontface=\"true\" data-contrast=\"none\">loomiseks<\/span><span data-usefontface=\"true\" data-contrast=\"none\">. <\/span><span data-usefontface=\"true\" data-contrast=\"none\">Kerge<\/span><span data-usefontface=\"true\" data-contrast=\"none\">, <\/span><span data-usefontface=\"true\" data-contrast=\"none\">kuid<\/span> <span data-usefontface=\"true\" data-contrast=\"none\">toitev<\/span> <span data-usefontface=\"true\" data-contrast=\"none\">kooslus<\/span> <span data-usefontface=\"true\" data-contrast=\"none\">koos<\/span> <span data-usefontface=\"true\" data-contrast=\"none\">vol\u00fc\u00fcmi<\/span> <span data-usefontface=\"true\" data-contrast=\"none\">suurendamisega<\/span>\u00a0aitab saavutada\u00a0<span data-usefontface=\"true\" data-contrast=\"none\">elastse<\/span> <span data-usefontface=\"true\" data-contrast=\"none\">ning<\/span> <span data-usefontface=\"true\" data-contrast=\"none\">vol\u00fc\u00fcmika<\/span> <span data-usefontface=\"true\" data-contrast=\"none\">soengu<\/span><span data-usefontface=\"true\" data-contrast=\"none\">.<\/span>\u200b<\/p>\n<p data-ccp-props=\"{&quot;335551550&quot;:1,&quot;335551620&quot;:1,&quot;335559683&quot;:0,&quot;335559685&quot;:0,&quot;335559731&quot;:0,&quot;335559737&quot;:0,&quot;335562764&quot;:2,&quot;335562765&quot;:1,&quot;335562766&quot;:4,&quot;335562767&quot;:0,&quot;335562768&quot;:4,&quot;335562769&quot;:0}\"><strong>\u200bKomplekt sisaldab:\u200b<br \/>\n<\/strong><a href=\"https:\/\/www.balmainhair.ee\/toode\/balmain-hair-juustele-voluumi-ja-kohevust-lisav-sampoon-volume-shampoo-300ml\/\"><span data-usefontface=\"true\" data-contrast=\"none\">&#8211; <\/span><span data-usefontface=\"true\" data-contrast=\"none\">Volume Shampoo 300ml<\/span>\u200b<\/a><br \/>\n<a href=\"https:\/\/www.balmainhair.ee\/toode\/balmain-hair-juustele-voluumi-ja-kohevust-lisav-palsam-volume-conditioner-300ml\/\"><span data-usefontface=\"true\" data-contrast=\"none\">&#8211; <\/span><span data-usefontface=\"true\" data-contrast=\"none\">Volume Conditioner 300ml<\/span>\u200b<\/a><br \/>\n<a href=\"https:\/\/www.balmainhair.ee\/toode\/balmain-hair-juustesse-jaetav-spreipalsam-leave-in-conditioning-spray-200ml\/\"><b><span data-usefontface=\"true\" data-contrast=\"none\">&#8211; <\/span><\/b><span data-usefontface=\"true\" data-contrast=\"none\">Leave<\/span><span data-usefontface=\"true\" data-contrast=\"none\">&#8211;<\/span><span data-usefontface=\"true\" data-contrast=\"none\">in Conditioner 200ml<\/span><\/a><\/p>\n","protected":false},"featured_media":35779,"template":"","meta":[],"product_brand":[464],"product_cat":[266,265,129,130,121,278,280],"product_tag":[],"class_list":{"0":"post-35783","1":"product","2":"type-product","3":"status-publish","4":"has-post-thumbnail","6":"product_brand-balmain-hair","7":"product_cat-balmain-hair","8":"product_cat-brandid","9":"product_cat-kingitused","10":"product_cat-kinkekomplektid","11":"product_cat-koik-tooted","12":"product_cat-kollektsioonid","13":"product_cat-voluumi-andev-volume","15":"first","16":"instock","17":"taxable","18":"shipping-taxable","19":"purchasable","20":"product-type-simple","21":"add-to-wishlist-after_add_to_cart"},"yoast_head":"<!-- This site is optimized with the Yoast SEO plugin v27.5 - https:\/\/yoast.com\/product\/yoast-seo-wordpress\/ -->\n<title>BALMAIN HAIR suvine vol\u00fc\u00fcmikomplekt \/ Riviera Volume Set SS23 - Hair Deluxe<\/title>\n<meta name=\"robots\" content=\"index, follow, max-snippet:-1, max-image-preview:large, max-video-preview:-1\" \/>\n<link rel=\"canonical\" href=\"https:\/\/hairdeluxe.ee\/en\/product\/balmain-suvine-voluumikomplekt-le-riviera-volume-set-ss23-2\/\" \/>\n<meta property=\"og:locale\" content=\"en_US\" \/>\n<meta property=\"og:type\" content=\"article\" \/>\n<meta property=\"og:title\" content=\"BALMAIN HAIR suvine vol\u00fc\u00fcmikomplekt \/ Riviera Volume Set SS23 - Hair Deluxe\" \/>\n<meta property=\"og:description\" content=\"Riviera Volume Set on juustele kerge, kuid tugevat vol\u00fc\u00fcmi andev hoolduskomplekt. Spetsiaalselt loodud l\u00e4ikiva, kergelt t\u00f6\u00f6deldava ja vol\u00fc\u00fcmika soengu loomiseks. Kerge, kuid toitev kooslus koos vol\u00fc\u00fcmi suurendamisega\u00a0aitab saavutada\u00a0elastse ning vol\u00fc\u00fcmika soengu.\u200b \u200bKomplekt sisaldab:\u200b - Volume Shampoo 300ml\u200b - Volume Conditioner 300ml\u200b - Leave-in Conditioner 200ml\" \/>\n<meta property=\"og:url\" content=\"https:\/\/hairdeluxe.ee\/en\/product\/balmain-suvine-voluumikomplekt-le-riviera-volume-set-ss23-2\/\" \/>\n<meta property=\"og:site_name\" content=\"Hair Deluxe\" \/>\n<meta property=\"article:publisher\" content=\"https:\/\/www.facebook.com\/blowbartallinn\" \/>\n<meta property=\"article:modified_time\" content=\"2025-03-18T19:22:24+00:00\" \/>\n<meta property=\"og:image\" content=\"https:\/\/hairdeluxe.ee\/wp-content\/uploads\/2024\/02\/balmainhair_limitededition_rivieravolumeset_le_cs_s_rc_vol_ss23_02_800x800.jpg\" \/>\n\t<meta property=\"og:image:width\" content=\"800\" \/>\n\t<meta property=\"og:image:height\" content=\"800\" \/>\n\t<meta property=\"og:image:type\" content=\"image\/jpeg\" \/>\n<meta name=\"twitter:card\" content=\"summary_large_image\" \/>\n<meta name=\"twitter:label1\" content=\"Est. reading time\" \/>\n\t<meta name=\"twitter:data1\" content=\"1 minute\" \/>\n<script type=\"application\/ld+json\" class=\"yoast-schema-graph\">{\"@context\":\"https:\\\/\\\/schema.org\",\"@graph\":[{\"@type\":\"WebPage\",\"@id\":\"https:\\\/\\\/hairdeluxe.ee\\\/en\\\/product\\\/balmain-suvine-voluumikomplekt-le-riviera-volume-set-ss23-2\\\/\",\"url\":\"https:\\\/\\\/hairdeluxe.ee\\\/en\\\/product\\\/balmain-suvine-voluumikomplekt-le-riviera-volume-set-ss23-2\\\/\",\"name\":\"BALMAIN HAIR suvine vol\u00fc\u00fcmikomplekt \\\/ Riviera Volume Set SS23 - Hair Deluxe\",\"isPartOf\":{\"@id\":\"https:\\\/\\\/hairdeluxe.ee\\\/en\\\/#website\"},\"primaryImageOfPage\":{\"@id\":\"https:\\\/\\\/hairdeluxe.ee\\\/en\\\/product\\\/balmain-suvine-voluumikomplekt-le-riviera-volume-set-ss23-2\\\/#primaryimage\"},\"image\":{\"@id\":\"https:\\\/\\\/hairdeluxe.ee\\\/en\\\/product\\\/balmain-suvine-voluumikomplekt-le-riviera-volume-set-ss23-2\\\/#primaryimage\"},\"thumbnailUrl\":\"https:\\\/\\\/hairdeluxe.ee\\\/wp-content\\\/uploads\\\/2024\\\/02\\\/balmainhair_limitededition_rivieravolumeset_le_cs_s_rc_vol_ss23_02_800x800.jpg\",\"datePublished\":\"2024-02-03T07:56:23+00:00\",\"dateModified\":\"2025-03-18T19:22:24+00:00\",\"breadcrumb\":{\"@id\":\"https:\\\/\\\/hairdeluxe.ee\\\/en\\\/product\\\/balmain-suvine-voluumikomplekt-le-riviera-volume-set-ss23-2\\\/#breadcrumb\"},\"inLanguage\":\"en-US\",\"potentialAction\":[{\"@type\":\"ReadAction\",\"target\":[\"https:\\\/\\\/hairdeluxe.ee\\\/en\\\/product\\\/balmain-suvine-voluumikomplekt-le-riviera-volume-set-ss23-2\\\/\"]}]},{\"@type\":\"ImageObject\",\"inLanguage\":\"en-US\",\"@id\":\"https:\\\/\\\/hairdeluxe.ee\\\/en\\\/product\\\/balmain-suvine-voluumikomplekt-le-riviera-volume-set-ss23-2\\\/#primaryimage\",\"url\":\"https:\\\/\\\/hairdeluxe.ee\\\/wp-content\\\/uploads\\\/2024\\\/02\\\/balmainhair_limitededition_rivieravolumeset_le_cs_s_rc_vol_ss23_02_800x800.jpg\",\"contentUrl\":\"https:\\\/\\\/hairdeluxe.ee\\\/wp-content\\\/uploads\\\/2024\\\/02\\\/balmainhair_limitededition_rivieravolumeset_le_cs_s_rc_vol_ss23_02_800x800.jpg\",\"width\":800,\"height\":800},{\"@type\":\"BreadcrumbList\",\"@id\":\"https:\\\/\\\/hairdeluxe.ee\\\/en\\\/product\\\/balmain-suvine-voluumikomplekt-le-riviera-volume-set-ss23-2\\\/#breadcrumb\",\"itemListElement\":[{\"@type\":\"ListItem\",\"position\":1,\"name\":\"Home\",\"item\":\"https:\\\/\\\/hairdeluxe.ee\\\/en\\\/\"},{\"@type\":\"ListItem\",\"position\":2,\"name\":\"Shop\",\"item\":\"https:\\\/\\\/hairdeluxe.ee\\\/en\\\/shop\\\/\"},{\"@type\":\"ListItem\",\"position\":3,\"name\":\"BALMAIN HAIR suvine vol\u00fc\u00fcmikomplekt \\\/ Riviera Volume Set SS23\"}]},{\"@type\":\"WebSite\",\"@id\":\"https:\\\/\\\/hairdeluxe.ee\\\/en\\\/#website\",\"url\":\"https:\\\/\\\/hairdeluxe.ee\\\/en\\\/\",\"name\":\"Hair Deluxe\",\"description\":\"Highlight your natural beauty\",\"publisher\":{\"@id\":\"https:\\\/\\\/hairdeluxe.ee\\\/en\\\/#organization\"},\"potentialAction\":[{\"@type\":\"SearchAction\",\"target\":{\"@type\":\"EntryPoint\",\"urlTemplate\":\"https:\\\/\\\/hairdeluxe.ee\\\/en\\\/?s={search_term_string}\"},\"query-input\":{\"@type\":\"PropertyValueSpecification\",\"valueRequired\":true,\"valueName\":\"search_term_string\"}}],\"inLanguage\":\"en-US\"},{\"@type\":\"Organization\",\"@id\":\"https:\\\/\\\/hairdeluxe.ee\\\/en\\\/#organization\",\"name\":\"Hair Deluxe\",\"url\":\"https:\\\/\\\/hairdeluxe.ee\\\/en\\\/\",\"logo\":{\"@type\":\"ImageObject\",\"inLanguage\":\"en-US\",\"@id\":\"https:\\\/\\\/hairdeluxe.ee\\\/en\\\/#\\\/schema\\\/logo\\\/image\\\/\",\"url\":\"https:\\\/\\\/hairdeluxe.ee\\\/wp-content\\\/uploads\\\/2024\\\/06\\\/Hair-Deluxe-Logo-Dark-font.png\",\"contentUrl\":\"https:\\\/\\\/hairdeluxe.ee\\\/wp-content\\\/uploads\\\/2024\\\/06\\\/Hair-Deluxe-Logo-Dark-font.png\",\"width\":467,\"height\":177,\"caption\":\"Hair Deluxe\"},\"image\":{\"@id\":\"https:\\\/\\\/hairdeluxe.ee\\\/en\\\/#\\\/schema\\\/logo\\\/image\\\/\"},\"sameAs\":[\"https:\\\/\\\/www.facebook.com\\\/blowbartallinn\",\"https:\\\/\\\/www.instagram.com\\\/blowbar_tallinn\"]}]}<\/script>\n<!-- \/ Yoast SEO plugin. -->","yoast_head_json":{"title":"BALMAIN HAIR suvine vol\u00fc\u00fcmikomplekt \/ Riviera Volume Set SS23 - Hair Deluxe","robots":{"index":"index","follow":"follow","max-snippet":"max-snippet:-1","max-image-preview":"max-image-preview:large","max-video-preview":"max-video-preview:-1"},"canonical":"https:\/\/hairdeluxe.ee\/en\/product\/balmain-suvine-voluumikomplekt-le-riviera-volume-set-ss23-2\/","og_locale":"en_US","og_type":"article","og_title":"BALMAIN HAIR suvine vol\u00fc\u00fcmikomplekt \/ Riviera Volume Set SS23 - Hair Deluxe","og_description":"Riviera Volume Set on juustele kerge, kuid tugevat vol\u00fc\u00fcmi andev hoolduskomplekt. Spetsiaalselt loodud l\u00e4ikiva, kergelt t\u00f6\u00f6deldava ja vol\u00fc\u00fcmika soengu loomiseks. Kerge, kuid toitev kooslus koos vol\u00fc\u00fcmi suurendamisega\u00a0aitab saavutada\u00a0elastse ning vol\u00fc\u00fcmika soengu.\u200b \u200bKomplekt sisaldab:\u200b - Volume Shampoo 300ml\u200b - Volume Conditioner 300ml\u200b - Leave-in Conditioner 200ml","og_url":"https:\/\/hairdeluxe.ee\/en\/product\/balmain-suvine-voluumikomplekt-le-riviera-volume-set-ss23-2\/","og_site_name":"Hair Deluxe","article_publisher":"https:\/\/www.facebook.com\/blowbartallinn","article_modified_time":"2025-03-18T19:22:24+00:00","og_image":[{"width":800,"height":800,"url":"https:\/\/hairdeluxe.ee\/wp-content\/uploads\/2024\/02\/balmainhair_limitededition_rivieravolumeset_le_cs_s_rc_vol_ss23_02_800x800.jpg","type":"image\/jpeg"}],"twitter_card":"summary_large_image","twitter_misc":{"Est. reading time":"1 minute"},"schema":{"@context":"https:\/\/schema.org","@graph":[{"@type":"WebPage","@id":"https:\/\/hairdeluxe.ee\/en\/product\/balmain-suvine-voluumikomplekt-le-riviera-volume-set-ss23-2\/","url":"https:\/\/hairdeluxe.ee\/en\/product\/balmain-suvine-voluumikomplekt-le-riviera-volume-set-ss23-2\/","name":"BALMAIN HAIR suvine vol\u00fc\u00fcmikomplekt \/ Riviera Volume Set SS23 - Hair Deluxe","isPartOf":{"@id":"https:\/\/hairdeluxe.ee\/en\/#website"},"primaryImageOfPage":{"@id":"https:\/\/hairdeluxe.ee\/en\/product\/balmain-suvine-voluumikomplekt-le-riviera-volume-set-ss23-2\/#primaryimage"},"image":{"@id":"https:\/\/hairdeluxe.ee\/en\/product\/balmain-suvine-voluumikomplekt-le-riviera-volume-set-ss23-2\/#primaryimage"},"thumbnailUrl":"https:\/\/hairdeluxe.ee\/wp-content\/uploads\/2024\/02\/balmainhair_limitededition_rivieravolumeset_le_cs_s_rc_vol_ss23_02_800x800.jpg","datePublished":"2024-02-03T07:56:23+00:00","dateModified":"2025-03-18T19:22:24+00:00","breadcrumb":{"@id":"https:\/\/hairdeluxe.ee\/en\/product\/balmain-suvine-voluumikomplekt-le-riviera-volume-set-ss23-2\/#breadcrumb"},"inLanguage":"en-US","potentialAction":[{"@type":"ReadAction","target":["https:\/\/hairdeluxe.ee\/en\/product\/balmain-suvine-voluumikomplekt-le-riviera-volume-set-ss23-2\/"]}]},{"@type":"ImageObject","inLanguage":"en-US","@id":"https:\/\/hairdeluxe.ee\/en\/product\/balmain-suvine-voluumikomplekt-le-riviera-volume-set-ss23-2\/#primaryimage","url":"https:\/\/hairdeluxe.ee\/wp-content\/uploads\/2024\/02\/balmainhair_limitededition_rivieravolumeset_le_cs_s_rc_vol_ss23_02_800x800.jpg","contentUrl":"https:\/\/hairdeluxe.ee\/wp-content\/uploads\/2024\/02\/balmainhair_limitededition_rivieravolumeset_le_cs_s_rc_vol_ss23_02_800x800.jpg","width":800,"height":800},{"@type":"BreadcrumbList","@id":"https:\/\/hairdeluxe.ee\/en\/product\/balmain-suvine-voluumikomplekt-le-riviera-volume-set-ss23-2\/#breadcrumb","itemListElement":[{"@type":"ListItem","position":1,"name":"Home","item":"https:\/\/hairdeluxe.ee\/en\/"},{"@type":"ListItem","position":2,"name":"Shop","item":"https:\/\/hairdeluxe.ee\/en\/shop\/"},{"@type":"ListItem","position":3,"name":"BALMAIN HAIR suvine vol\u00fc\u00fcmikomplekt \/ Riviera Volume Set SS23"}]},{"@type":"WebSite","@id":"https:\/\/hairdeluxe.ee\/en\/#website","url":"https:\/\/hairdeluxe.ee\/en\/","name":"Hair Deluxe","description":"Highlight your natural beauty","publisher":{"@id":"https:\/\/hairdeluxe.ee\/en\/#organization"},"potentialAction":[{"@type":"SearchAction","target":{"@type":"EntryPoint","urlTemplate":"https:\/\/hairdeluxe.ee\/en\/?s={search_term_string}"},"query-input":{"@type":"PropertyValueSpecification","valueRequired":true,"valueName":"search_term_string"}}],"inLanguage":"en-US"},{"@type":"Organization","@id":"https:\/\/hairdeluxe.ee\/en\/#organization","name":"Hair Deluxe","url":"https:\/\/hairdeluxe.ee\/en\/","logo":{"@type":"ImageObject","inLanguage":"en-US","@id":"https:\/\/hairdeluxe.ee\/en\/#\/schema\/logo\/image\/","url":"https:\/\/hairdeluxe.ee\/wp-content\/uploads\/2024\/06\/Hair-Deluxe-Logo-Dark-font.png","contentUrl":"https:\/\/hairdeluxe.ee\/wp-content\/uploads\/2024\/06\/Hair-Deluxe-Logo-Dark-font.png","width":467,"height":177,"caption":"Hair Deluxe"},"image":{"@id":"https:\/\/hairdeluxe.ee\/en\/#\/schema\/logo\/image\/"},"sameAs":["https:\/\/www.facebook.com\/blowbartallinn","https:\/\/www.instagram.com\/blowbar_tallinn"]}]}},"_links":{"self":[{"href":"https:\/\/hairdeluxe.ee\/en\/wp-json\/wp\/v2\/product\/35783","targetHints":{"allow":["GET"]}}],"collection":[{"href":"https:\/\/hairdeluxe.ee\/en\/wp-json\/wp\/v2\/product"}],"about":[{"href":"https:\/\/hairdeluxe.ee\/en\/wp-json\/wp\/v2\/types\/product"}],"wp:featuredmedia":[{"embeddable":true,"href":"https:\/\/hairdeluxe.ee\/en\/wp-json\/wp\/v2\/media\/35779"}],"wp:attachment":[{"href":"https:\/\/hairdeluxe.ee\/en\/wp-json\/wp\/v2\/media?parent=35783"}],"wp:term":[{"taxonomy":"product_brand","embeddable":true,"href":"https:\/\/hairdeluxe.ee\/en\/wp-json\/wp\/v2\/product_brand?post=35783"},{"taxonomy":"product_cat","embeddable":true,"href":"https:\/\/hairdeluxe.ee\/en\/wp-json\/wp\/v2\/product_cat?post=35783"},{"taxonomy":"product_tag","embeddable":true,"href":"https:\/\/hairdeluxe.ee\/en\/wp-json\/wp\/v2\/product_tag?post=35783"}],"curies":[{"name":"wp","href":"https:\/\/api.w.org\/{rel}","templated":true}]}}