{"id":35810,"date":"2024-02-03T09:56:52","date_gmt":"2024-02-03T07:56:52","guid":{"rendered":"https:\/\/blowbar.ee\/toode\/balmain-hair-juukseklamber-krabi-l-must-valge-le-pince-a-cheveux-l-black-white-ss23\/"},"modified":"2025-03-18T19:22:24","modified_gmt":"2025-03-18T19:22:24","slug":"balmain-juukseklamber-krabi-l-must-valge-le-pince-a-cheveux-l-black-white-ss23","status":"publish","type":"product","link":"https:\/\/hairdeluxe.ee\/en\/product\/balmain-juukseklamber-krabi-l-must-valge-le-pince-a-cheveux-l-black-white-ss23\/","title":{"rendered":"BALMAIN HAIR juukseklamber krabi L must\/valge \/ Pince a Cheveux L Black\/White SS23"},"content":{"rendered":"","protected":false},"excerpt":{"rendered":"<p data-ccp-props=\"{&quot;335551550&quot;:1,&quot;335551620&quot;:1,&quot;335559683&quot;:0,&quot;335559685&quot;:0,&quot;335559731&quot;:0,&quot;335559737&quot;:0,&quot;335562764&quot;:2,&quot;335562765&quot;:1,&quot;335562766&quot;:4,&quot;335562767&quot;:0,&quot;335562768&quot;:4,&quot;335562769&quot;:0}\"><span data-usefontface=\"true\" data-contrast=\"none\">Labyrinth <\/span><span data-usefontface=\"true\" data-contrast=\"none\">kollektsiooni<\/span> <span data-usefontface=\"true\" data-contrast=\"none\">klassikaline<\/span><span data-usefontface=\"true\" data-contrast=\"none\"> must-<\/span><span data-usefontface=\"true\" data-contrast=\"none\">valge<\/span> <span data-usefontface=\"true\" data-contrast=\"none\">v\u00e4rvitoon<\/span> <span data-usefontface=\"true\" data-contrast=\"none\">on <\/span><span data-usefontface=\"true\" data-contrast=\"none\">ood<\/span> <span data-usefontface=\"true\" data-contrast=\"none\">sellele<\/span> <span data-usefontface=\"true\" data-contrast=\"none\">juukseklambri<\/span> <span data-usefontface=\"true\" data-contrast=\"none\">rahvusvahelisele<\/span> <span data-usefontface=\"true\" data-contrast=\"none\">edule<\/span><span data-usefontface=\"true\" data-contrast=\"none\">.<\/span>\u200b<br \/>\n<span data-usefontface=\"true\" data-contrast=\"none\">V\u00e4rvikombinatsioonist<\/span> <span data-usefontface=\"true\" data-contrast=\"none\">\u00f5hkub<\/span> <span data-usefontface=\"true\" data-contrast=\"none\">Prantsuse<\/span><span data-usefontface=\"true\" data-contrast=\"none\"> Riviera <\/span><span data-usefontface=\"true\" data-contrast=\"none\">\u00e4ratuntavat<\/span> <span data-usefontface=\"true\" data-contrast=\"none\">luksuslikku<\/span> <span data-usefontface=\"true\" data-contrast=\"none\">stiili.<\/span><\/p>\n<p data-ccp-props=\"{&quot;335551550&quot;:1,&quot;335551620&quot;:1,&quot;335559683&quot;:0,&quot;335559685&quot;:0,&quot;335559731&quot;:0,&quot;335559737&quot;:0,&quot;335562764&quot;:2,&quot;335562765&quot;:1,&quot;335562766&quot;:4,&quot;335562767&quot;:0,&quot;335562768&quot;:4,&quot;335562769&quot;:0}\"><strong>Saadaval on:<br \/>\n&#8211;\u00a0Pince \u00e0 Cheveux Large Black\/White\u200b<\/strong><br \/>\n<a href=\"https:\/\/www.balmainhair.ee\/toode\/balmain-hair-juukseklamber-krabi-m-must-valge-le-pince-a-cheveux-m-black-white-ss23\/\">&#8211; Pince \u00e0 Cheveux Medium Black\/White\u200b<\/a><br \/>\n<a href=\"https:\/\/www.balmainhair.ee\/toode\/juukseklamber-krabi-xs-must-valge\/\">&#8211; Pince \u00e0 Cheveux XS Black\/White<\/a><\/p>\n","protected":false},"featured_media":35811,"template":"","meta":[],"product_brand":[464],"product_cat":[96,266,265,206,268,129,121,192],"product_tag":[],"class_list":{"0":"post-35810","1":"product","2":"type-product","3":"status-publish","4":"has-post-thumbnail","6":"product_brand-balmain-hair","7":"product_cat-aksessuaarid","8":"product_cat-balmain-hair","9":"product_cat-brandid","10":"product_cat-erikollektsioonid","11":"product_cat-juukseklambrid","12":"product_cat-kingitused","13":"product_cat-koik-tooted","14":"product_cat-uued-tooted","16":"first","17":"instock","18":"taxable","19":"shipping-taxable","20":"purchasable","21":"product-type-simple","22":"add-to-wishlist-after_add_to_cart"},"yoast_head":"<!-- This site is optimized with the Yoast SEO plugin v27.5 - https:\/\/yoast.com\/product\/yoast-seo-wordpress\/ -->\n<title>BALMAIN HAIR juukseklamber krabi L must\/valge \/ Pince a Cheveux L Black\/White SS23 - Hair Deluxe<\/title>\n<meta name=\"robots\" content=\"index, follow, max-snippet:-1, max-image-preview:large, max-video-preview:-1\" \/>\n<link rel=\"canonical\" href=\"https:\/\/hairdeluxe.ee\/en\/product\/balmain-juukseklamber-krabi-l-must-valge-le-pince-a-cheveux-l-black-white-ss23\/\" \/>\n<meta property=\"og:locale\" content=\"en_US\" \/>\n<meta property=\"og:type\" content=\"article\" \/>\n<meta property=\"og:title\" content=\"BALMAIN HAIR juukseklamber krabi L must\/valge \/ Pince a Cheveux L Black\/White SS23 - Hair Deluxe\" \/>\n<meta property=\"og:description\" content=\"Labyrinth kollektsiooni klassikaline must-valge v\u00e4rvitoon on ood sellele juukseklambri rahvusvahelisele edule.\u200b V\u00e4rvikombinatsioonist \u00f5hkub Prantsuse Riviera \u00e4ratuntavat luksuslikku stiili. Saadaval on: -\u00a0Pince \u00e0 Cheveux Large Black\/White\u200b - Pince \u00e0 Cheveux Medium Black\/White\u200b - Pince \u00e0 Cheveux XS Black\/White\" \/>\n<meta property=\"og:url\" content=\"https:\/\/hairdeluxe.ee\/en\/product\/balmain-juukseklamber-krabi-l-must-valge-le-pince-a-cheveux-l-black-white-ss23\/\" \/>\n<meta property=\"og:site_name\" content=\"Hair Deluxe\" \/>\n<meta property=\"article:publisher\" content=\"https:\/\/www.facebook.com\/blowbartallinn\" \/>\n<meta property=\"article:modified_time\" content=\"2025-03-18T19:22:24+00:00\" \/>\n<meta property=\"og:image\" content=\"https:\/\/hairdeluxe.ee\/wp-content\/uploads\/2024\/02\/balmainhair_accessories_pince_a_cheveux_medium_blackwhite_hj_ca_pin_m_bw_01_800x800.jpg\" \/>\n\t<meta property=\"og:image:width\" content=\"800\" \/>\n\t<meta property=\"og:image:height\" content=\"800\" \/>\n\t<meta property=\"og:image:type\" content=\"image\/jpeg\" \/>\n<meta name=\"twitter:card\" content=\"summary_large_image\" \/>\n<script type=\"application\/ld+json\" class=\"yoast-schema-graph\">{\"@context\":\"https:\\\/\\\/schema.org\",\"@graph\":[{\"@type\":\"WebPage\",\"@id\":\"https:\\\/\\\/hairdeluxe.ee\\\/en\\\/product\\\/balmain-juukseklamber-krabi-l-must-valge-le-pince-a-cheveux-l-black-white-ss23\\\/\",\"url\":\"https:\\\/\\\/hairdeluxe.ee\\\/en\\\/product\\\/balmain-juukseklamber-krabi-l-must-valge-le-pince-a-cheveux-l-black-white-ss23\\\/\",\"name\":\"BALMAIN HAIR juukseklamber krabi L must\\\/valge \\\/ Pince a Cheveux L Black\\\/White SS23 - Hair Deluxe\",\"isPartOf\":{\"@id\":\"https:\\\/\\\/hairdeluxe.ee\\\/en\\\/#website\"},\"primaryImageOfPage\":{\"@id\":\"https:\\\/\\\/hairdeluxe.ee\\\/en\\\/product\\\/balmain-juukseklamber-krabi-l-must-valge-le-pince-a-cheveux-l-black-white-ss23\\\/#primaryimage\"},\"image\":{\"@id\":\"https:\\\/\\\/hairdeluxe.ee\\\/en\\\/product\\\/balmain-juukseklamber-krabi-l-must-valge-le-pince-a-cheveux-l-black-white-ss23\\\/#primaryimage\"},\"thumbnailUrl\":\"https:\\\/\\\/hairdeluxe.ee\\\/wp-content\\\/uploads\\\/2024\\\/02\\\/balmainhair_accessories_pince_a_cheveux_medium_blackwhite_hj_ca_pin_m_bw_01_800x800.jpg\",\"datePublished\":\"2024-02-03T07:56:52+00:00\",\"dateModified\":\"2025-03-18T19:22:24+00:00\",\"breadcrumb\":{\"@id\":\"https:\\\/\\\/hairdeluxe.ee\\\/en\\\/product\\\/balmain-juukseklamber-krabi-l-must-valge-le-pince-a-cheveux-l-black-white-ss23\\\/#breadcrumb\"},\"inLanguage\":\"en-US\",\"potentialAction\":[{\"@type\":\"ReadAction\",\"target\":[\"https:\\\/\\\/hairdeluxe.ee\\\/en\\\/product\\\/balmain-juukseklamber-krabi-l-must-valge-le-pince-a-cheveux-l-black-white-ss23\\\/\"]}]},{\"@type\":\"ImageObject\",\"inLanguage\":\"en-US\",\"@id\":\"https:\\\/\\\/hairdeluxe.ee\\\/en\\\/product\\\/balmain-juukseklamber-krabi-l-must-valge-le-pince-a-cheveux-l-black-white-ss23\\\/#primaryimage\",\"url\":\"https:\\\/\\\/hairdeluxe.ee\\\/wp-content\\\/uploads\\\/2024\\\/02\\\/balmainhair_accessories_pince_a_cheveux_medium_blackwhite_hj_ca_pin_m_bw_01_800x800.jpg\",\"contentUrl\":\"https:\\\/\\\/hairdeluxe.ee\\\/wp-content\\\/uploads\\\/2024\\\/02\\\/balmainhair_accessories_pince_a_cheveux_medium_blackwhite_hj_ca_pin_m_bw_01_800x800.jpg\",\"width\":800,\"height\":800},{\"@type\":\"BreadcrumbList\",\"@id\":\"https:\\\/\\\/hairdeluxe.ee\\\/en\\\/product\\\/balmain-juukseklamber-krabi-l-must-valge-le-pince-a-cheveux-l-black-white-ss23\\\/#breadcrumb\",\"itemListElement\":[{\"@type\":\"ListItem\",\"position\":1,\"name\":\"Home\",\"item\":\"https:\\\/\\\/hairdeluxe.ee\\\/en\\\/\"},{\"@type\":\"ListItem\",\"position\":2,\"name\":\"Shop\",\"item\":\"https:\\\/\\\/hairdeluxe.ee\\\/en\\\/shop\\\/\"},{\"@type\":\"ListItem\",\"position\":3,\"name\":\"BALMAIN HAIR juukseklamber krabi L must\\\/valge \\\/ Pince a Cheveux L Black\\\/White SS23\"}]},{\"@type\":\"WebSite\",\"@id\":\"https:\\\/\\\/hairdeluxe.ee\\\/en\\\/#website\",\"url\":\"https:\\\/\\\/hairdeluxe.ee\\\/en\\\/\",\"name\":\"Hair Deluxe\",\"description\":\"Highlight your natural beauty\",\"publisher\":{\"@id\":\"https:\\\/\\\/hairdeluxe.ee\\\/en\\\/#organization\"},\"potentialAction\":[{\"@type\":\"SearchAction\",\"target\":{\"@type\":\"EntryPoint\",\"urlTemplate\":\"https:\\\/\\\/hairdeluxe.ee\\\/en\\\/?s={search_term_string}\"},\"query-input\":{\"@type\":\"PropertyValueSpecification\",\"valueRequired\":true,\"valueName\":\"search_term_string\"}}],\"inLanguage\":\"en-US\"},{\"@type\":\"Organization\",\"@id\":\"https:\\\/\\\/hairdeluxe.ee\\\/en\\\/#organization\",\"name\":\"Hair Deluxe\",\"url\":\"https:\\\/\\\/hairdeluxe.ee\\\/en\\\/\",\"logo\":{\"@type\":\"ImageObject\",\"inLanguage\":\"en-US\",\"@id\":\"https:\\\/\\\/hairdeluxe.ee\\\/en\\\/#\\\/schema\\\/logo\\\/image\\\/\",\"url\":\"https:\\\/\\\/hairdeluxe.ee\\\/wp-content\\\/uploads\\\/2024\\\/06\\\/Hair-Deluxe-Logo-Dark-font.png\",\"contentUrl\":\"https:\\\/\\\/hairdeluxe.ee\\\/wp-content\\\/uploads\\\/2024\\\/06\\\/Hair-Deluxe-Logo-Dark-font.png\",\"width\":467,\"height\":177,\"caption\":\"Hair Deluxe\"},\"image\":{\"@id\":\"https:\\\/\\\/hairdeluxe.ee\\\/en\\\/#\\\/schema\\\/logo\\\/image\\\/\"},\"sameAs\":[\"https:\\\/\\\/www.facebook.com\\\/blowbartallinn\",\"https:\\\/\\\/www.instagram.com\\\/blowbar_tallinn\"]}]}<\/script>\n<!-- \/ Yoast SEO plugin. -->","yoast_head_json":{"title":"BALMAIN HAIR juukseklamber krabi L must\/valge \/ Pince a Cheveux L Black\/White SS23 - Hair Deluxe","robots":{"index":"index","follow":"follow","max-snippet":"max-snippet:-1","max-image-preview":"max-image-preview:large","max-video-preview":"max-video-preview:-1"},"canonical":"https:\/\/hairdeluxe.ee\/en\/product\/balmain-juukseklamber-krabi-l-must-valge-le-pince-a-cheveux-l-black-white-ss23\/","og_locale":"en_US","og_type":"article","og_title":"BALMAIN HAIR juukseklamber krabi L must\/valge \/ Pince a Cheveux L Black\/White SS23 - Hair Deluxe","og_description":"Labyrinth kollektsiooni klassikaline must-valge v\u00e4rvitoon on ood sellele juukseklambri rahvusvahelisele edule.\u200b V\u00e4rvikombinatsioonist \u00f5hkub Prantsuse Riviera \u00e4ratuntavat luksuslikku stiili. Saadaval on: -\u00a0Pince \u00e0 Cheveux Large Black\/White\u200b - Pince \u00e0 Cheveux Medium Black\/White\u200b - Pince \u00e0 Cheveux XS Black\/White","og_url":"https:\/\/hairdeluxe.ee\/en\/product\/balmain-juukseklamber-krabi-l-must-valge-le-pince-a-cheveux-l-black-white-ss23\/","og_site_name":"Hair Deluxe","article_publisher":"https:\/\/www.facebook.com\/blowbartallinn","article_modified_time":"2025-03-18T19:22:24+00:00","og_image":[{"width":800,"height":800,"url":"https:\/\/hairdeluxe.ee\/wp-content\/uploads\/2024\/02\/balmainhair_accessories_pince_a_cheveux_medium_blackwhite_hj_ca_pin_m_bw_01_800x800.jpg","type":"image\/jpeg"}],"twitter_card":"summary_large_image","schema":{"@context":"https:\/\/schema.org","@graph":[{"@type":"WebPage","@id":"https:\/\/hairdeluxe.ee\/en\/product\/balmain-juukseklamber-krabi-l-must-valge-le-pince-a-cheveux-l-black-white-ss23\/","url":"https:\/\/hairdeluxe.ee\/en\/product\/balmain-juukseklamber-krabi-l-must-valge-le-pince-a-cheveux-l-black-white-ss23\/","name":"BALMAIN HAIR juukseklamber krabi L must\/valge \/ Pince a Cheveux L Black\/White SS23 - Hair Deluxe","isPartOf":{"@id":"https:\/\/hairdeluxe.ee\/en\/#website"},"primaryImageOfPage":{"@id":"https:\/\/hairdeluxe.ee\/en\/product\/balmain-juukseklamber-krabi-l-must-valge-le-pince-a-cheveux-l-black-white-ss23\/#primaryimage"},"image":{"@id":"https:\/\/hairdeluxe.ee\/en\/product\/balmain-juukseklamber-krabi-l-must-valge-le-pince-a-cheveux-l-black-white-ss23\/#primaryimage"},"thumbnailUrl":"https:\/\/hairdeluxe.ee\/wp-content\/uploads\/2024\/02\/balmainhair_accessories_pince_a_cheveux_medium_blackwhite_hj_ca_pin_m_bw_01_800x800.jpg","datePublished":"2024-02-03T07:56:52+00:00","dateModified":"2025-03-18T19:22:24+00:00","breadcrumb":{"@id":"https:\/\/hairdeluxe.ee\/en\/product\/balmain-juukseklamber-krabi-l-must-valge-le-pince-a-cheveux-l-black-white-ss23\/#breadcrumb"},"inLanguage":"en-US","potentialAction":[{"@type":"ReadAction","target":["https:\/\/hairdeluxe.ee\/en\/product\/balmain-juukseklamber-krabi-l-must-valge-le-pince-a-cheveux-l-black-white-ss23\/"]}]},{"@type":"ImageObject","inLanguage":"en-US","@id":"https:\/\/hairdeluxe.ee\/en\/product\/balmain-juukseklamber-krabi-l-must-valge-le-pince-a-cheveux-l-black-white-ss23\/#primaryimage","url":"https:\/\/hairdeluxe.ee\/wp-content\/uploads\/2024\/02\/balmainhair_accessories_pince_a_cheveux_medium_blackwhite_hj_ca_pin_m_bw_01_800x800.jpg","contentUrl":"https:\/\/hairdeluxe.ee\/wp-content\/uploads\/2024\/02\/balmainhair_accessories_pince_a_cheveux_medium_blackwhite_hj_ca_pin_m_bw_01_800x800.jpg","width":800,"height":800},{"@type":"BreadcrumbList","@id":"https:\/\/hairdeluxe.ee\/en\/product\/balmain-juukseklamber-krabi-l-must-valge-le-pince-a-cheveux-l-black-white-ss23\/#breadcrumb","itemListElement":[{"@type":"ListItem","position":1,"name":"Home","item":"https:\/\/hairdeluxe.ee\/en\/"},{"@type":"ListItem","position":2,"name":"Shop","item":"https:\/\/hairdeluxe.ee\/en\/shop\/"},{"@type":"ListItem","position":3,"name":"BALMAIN HAIR juukseklamber krabi L must\/valge \/ Pince a Cheveux L Black\/White SS23"}]},{"@type":"WebSite","@id":"https:\/\/hairdeluxe.ee\/en\/#website","url":"https:\/\/hairdeluxe.ee\/en\/","name":"Hair Deluxe","description":"Highlight your natural beauty","publisher":{"@id":"https:\/\/hairdeluxe.ee\/en\/#organization"},"potentialAction":[{"@type":"SearchAction","target":{"@type":"EntryPoint","urlTemplate":"https:\/\/hairdeluxe.ee\/en\/?s={search_term_string}"},"query-input":{"@type":"PropertyValueSpecification","valueRequired":true,"valueName":"search_term_string"}}],"inLanguage":"en-US"},{"@type":"Organization","@id":"https:\/\/hairdeluxe.ee\/en\/#organization","name":"Hair Deluxe","url":"https:\/\/hairdeluxe.ee\/en\/","logo":{"@type":"ImageObject","inLanguage":"en-US","@id":"https:\/\/hairdeluxe.ee\/en\/#\/schema\/logo\/image\/","url":"https:\/\/hairdeluxe.ee\/wp-content\/uploads\/2024\/06\/Hair-Deluxe-Logo-Dark-font.png","contentUrl":"https:\/\/hairdeluxe.ee\/wp-content\/uploads\/2024\/06\/Hair-Deluxe-Logo-Dark-font.png","width":467,"height":177,"caption":"Hair Deluxe"},"image":{"@id":"https:\/\/hairdeluxe.ee\/en\/#\/schema\/logo\/image\/"},"sameAs":["https:\/\/www.facebook.com\/blowbartallinn","https:\/\/www.instagram.com\/blowbar_tallinn"]}]}},"_links":{"self":[{"href":"https:\/\/hairdeluxe.ee\/en\/wp-json\/wp\/v2\/product\/35810","targetHints":{"allow":["GET"]}}],"collection":[{"href":"https:\/\/hairdeluxe.ee\/en\/wp-json\/wp\/v2\/product"}],"about":[{"href":"https:\/\/hairdeluxe.ee\/en\/wp-json\/wp\/v2\/types\/product"}],"wp:featuredmedia":[{"embeddable":true,"href":"https:\/\/hairdeluxe.ee\/en\/wp-json\/wp\/v2\/media\/35811"}],"wp:attachment":[{"href":"https:\/\/hairdeluxe.ee\/en\/wp-json\/wp\/v2\/media?parent=35810"}],"wp:term":[{"taxonomy":"product_brand","embeddable":true,"href":"https:\/\/hairdeluxe.ee\/en\/wp-json\/wp\/v2\/product_brand?post=35810"},{"taxonomy":"product_cat","embeddable":true,"href":"https:\/\/hairdeluxe.ee\/en\/wp-json\/wp\/v2\/product_cat?post=35810"},{"taxonomy":"product_tag","embeddable":true,"href":"https:\/\/hairdeluxe.ee\/en\/wp-json\/wp\/v2\/product_tag?post=35810"}],"curies":[{"name":"wp","href":"https:\/\/api.w.org\/{rel}","templated":true}]}}