{"id":37388,"date":"2024-02-03T10:31:15","date_gmt":"2024-02-03T08:31:15","guid":{"rendered":"https:\/\/blowbar.ee\/toode\/balmain-hair-juukseparfuum-vetiver-1974-heritage-hair-perfume-vetiver-1974-100ml\/"},"modified":"2025-03-18T19:22:21","modified_gmt":"2025-03-18T19:22:21","slug":"balmain-juukseparfuum-vetiver-1974-heritage-hair-perfume-vetiver-1974-100ml","status":"publish","type":"product","link":"https:\/\/hairdeluxe.ee\/en\/product\/balmain-juukseparfuum-vetiver-1974-heritage-hair-perfume-vetiver-1974-100ml\/","title":{"rendered":"BALMAIN HAIR juukseparf\u00fc\u00fcm Vetiver 1974 \/ Heritage Hair Perfume Vetiver 1974 100ml"},"content":{"rendered":"<p><em><strong>Koostis:<\/strong>\u00a0<\/em><\/p>\n","protected":false},"excerpt":{"rendered":"<p>Vetiver 1974 on kosutav juuksepaf\u00fc\u00fcm, mis on valmistatud greibi, \u00f5rna lille\u00f5ie, maal\u00e4hedase vetiveri, maandava seedripuu ja toitvate palsamite segust. See sobib suurep\u00e4raselt neile, kes aktsepteerivad oma enesekindlat ja karismaatilist olemust, hindavad elegantsi ja rafineeritust ning naudivad elava v\u00e4rskuse, lillelise graatsilisuse ja sooja sensuaalsuse koosm\u00f5ju. Mehelikuma aroomiga unisex juukseparf\u00fc\u00fcm t\u00e4iendab isikup\u00e4ra ja lisab igap\u00e4evaellu lummavust.<br \/>\nVetiver 1974 juukseparf\u00fc\u00fcm on segu greipfruudist, \u00f5rnadest lilledest, maal\u00e4hedast vetiverist, jahvatatud seedripuust ja toitvatest palsamitest, luues ainulaadse kombinatsiooni, mis pakub s\u00e4ravat, v\u00e4rsket ja maandavat l\u00f5hna. See j\u00e4tab juustele t\u00e4iusliku l\u00f5hna kogu p\u00e4evaks, toites, parandades ja kaitstes neid.<br \/>\n&#8211; Unisex<br \/>\n&#8211; Toitab ja kaitseb<br \/>\n&#8211; Terav, v\u00e4rske ja magus<\/p>\n<p><strong>Kasutamine: <\/strong>Parf\u00fc\u00fcmi\u00a0kasutamiseks eemaldage pudelilt magnetkork ja pihustage juukseparf\u00fc\u00fcmi \u00f5rnalt juukseharjale v\u00f5i juustele.<\/p>\n<p>Kogus: 100ml<\/p>\n","protected":false},"featured_media":37384,"template":"","meta":[],"product_brand":[464],"product_cat":[266,265,276,125,129,121,144,284,192,274,196],"product_tag":[],"class_list":{"0":"post-37388","1":"product","2":"type-product","3":"status-publish","4":"has-post-thumbnail","6":"product_brand-balmain-hair","7":"product_cat-balmain-hair","8":"product_cat-brandid","9":"product_cat-juukseparfuum-meestele","10":"product_cat-juukseparfuum","11":"product_cat-kingitused","12":"product_cat-koik-tooted","13":"product_cat-meestele","14":"product_cat-parfuumid","15":"product_cat-uued-tooted","16":"product_cat-viimistlus-meestele","17":"product_cat-viimistlus","19":"first","20":"instock","21":"taxable","22":"shipping-taxable","23":"purchasable","24":"product-type-simple","25":"add-to-wishlist-after_add_to_cart"},"yoast_head":"<!-- This site is optimized with the Yoast SEO plugin v27.5 - https:\/\/yoast.com\/product\/yoast-seo-wordpress\/ -->\n<title>BALMAIN HAIR juukseparf\u00fc\u00fcm Vetiver 1974 \/ Heritage Hair Perfume Vetiver 1974 100ml - Hair Deluxe<\/title>\n<meta name=\"robots\" content=\"index, follow, max-snippet:-1, max-image-preview:large, max-video-preview:-1\" \/>\n<link rel=\"canonical\" href=\"https:\/\/hairdeluxe.ee\/en\/product\/balmain-juukseparfuum-vetiver-1974-heritage-hair-perfume-vetiver-1974-100ml\/\" \/>\n<meta property=\"og:locale\" content=\"en_US\" \/>\n<meta property=\"og:type\" content=\"article\" \/>\n<meta property=\"og:title\" content=\"BALMAIN HAIR juukseparf\u00fc\u00fcm Vetiver 1974 \/ Heritage Hair Perfume Vetiver 1974 100ml - Hair Deluxe\" \/>\n<meta property=\"og:description\" content=\"Vetiver 1974 on kosutav juuksepaf\u00fc\u00fcm, mis on valmistatud greibi, \u00f5rna lille\u00f5ie, maal\u00e4hedase vetiveri, maandava seedripuu ja toitvate palsamite segust. See sobib suurep\u00e4raselt neile, kes aktsepteerivad oma enesekindlat ja karismaatilist olemust, hindavad elegantsi ja rafineeritust ning naudivad elava v\u00e4rskuse, lillelise graatsilisuse ja sooja sensuaalsuse koosm\u00f5ju. Mehelikuma aroomiga unisex juukseparf\u00fc\u00fcm t\u00e4iendab isikup\u00e4ra ja lisab igap\u00e4evaellu lummavust. Vetiver 1974 juukseparf\u00fc\u00fcm on segu greipfruudist, \u00f5rnadest lilledest, maal\u00e4hedast vetiverist, jahvatatud seedripuust ja toitvatest palsamitest, luues ainulaadse kombinatsiooni, mis pakub s\u00e4ravat, v\u00e4rsket ja maandavat l\u00f5hna. See j\u00e4tab juustele t\u00e4iusliku l\u00f5hna kogu p\u00e4evaks, toites, parandades ja kaitstes neid. - Unisex - Toitab ja kaitseb - Terav, v\u00e4rske ja magus Kasutamine: Parf\u00fc\u00fcmi\u00a0kasutamiseks eemaldage pudelilt magnetkork ja pihustage juukseparf\u00fc\u00fcmi \u00f5rnalt juukseharjale v\u00f5i juustele. Kogus: 100ml\" \/>\n<meta property=\"og:url\" content=\"https:\/\/hairdeluxe.ee\/en\/product\/balmain-juukseparfuum-vetiver-1974-heritage-hair-perfume-vetiver-1974-100ml\/\" \/>\n<meta property=\"og:site_name\" content=\"Hair Deluxe\" \/>\n<meta property=\"article:publisher\" content=\"https:\/\/www.facebook.com\/blowbartallinn\" \/>\n<meta property=\"article:modified_time\" content=\"2025-03-18T19:22:21+00:00\" \/>\n<meta property=\"og:image\" content=\"https:\/\/hairdeluxe.ee\/wp-content\/uploads\/2024\/02\/balmainhair_styling_hairperfume_vetiver1974_withbox_cs_s_s_hp_1974_vet_800x800_38b8.jpg\" \/>\n\t<meta property=\"og:image:width\" content=\"800\" \/>\n\t<meta property=\"og:image:height\" content=\"800\" \/>\n\t<meta property=\"og:image:type\" content=\"image\/jpeg\" \/>\n<meta name=\"twitter:card\" content=\"summary_large_image\" \/>\n<script type=\"application\/ld+json\" class=\"yoast-schema-graph\">{\"@context\":\"https:\\\/\\\/schema.org\",\"@graph\":[{\"@type\":\"WebPage\",\"@id\":\"https:\\\/\\\/hairdeluxe.ee\\\/en\\\/product\\\/balmain-juukseparfuum-vetiver-1974-heritage-hair-perfume-vetiver-1974-100ml\\\/\",\"url\":\"https:\\\/\\\/hairdeluxe.ee\\\/en\\\/product\\\/balmain-juukseparfuum-vetiver-1974-heritage-hair-perfume-vetiver-1974-100ml\\\/\",\"name\":\"BALMAIN HAIR juukseparf\u00fc\u00fcm Vetiver 1974 \\\/ Heritage Hair Perfume Vetiver 1974 100ml - Hair Deluxe\",\"isPartOf\":{\"@id\":\"https:\\\/\\\/hairdeluxe.ee\\\/en\\\/#website\"},\"primaryImageOfPage\":{\"@id\":\"https:\\\/\\\/hairdeluxe.ee\\\/en\\\/product\\\/balmain-juukseparfuum-vetiver-1974-heritage-hair-perfume-vetiver-1974-100ml\\\/#primaryimage\"},\"image\":{\"@id\":\"https:\\\/\\\/hairdeluxe.ee\\\/en\\\/product\\\/balmain-juukseparfuum-vetiver-1974-heritage-hair-perfume-vetiver-1974-100ml\\\/#primaryimage\"},\"thumbnailUrl\":\"https:\\\/\\\/hairdeluxe.ee\\\/wp-content\\\/uploads\\\/2024\\\/02\\\/balmainhair_styling_hairperfume_vetiver1974_withbox_cs_s_s_hp_1974_vet_800x800_38b8.jpg\",\"datePublished\":\"2024-02-03T08:31:15+00:00\",\"dateModified\":\"2025-03-18T19:22:21+00:00\",\"breadcrumb\":{\"@id\":\"https:\\\/\\\/hairdeluxe.ee\\\/en\\\/product\\\/balmain-juukseparfuum-vetiver-1974-heritage-hair-perfume-vetiver-1974-100ml\\\/#breadcrumb\"},\"inLanguage\":\"en-US\",\"potentialAction\":[{\"@type\":\"ReadAction\",\"target\":[\"https:\\\/\\\/hairdeluxe.ee\\\/en\\\/product\\\/balmain-juukseparfuum-vetiver-1974-heritage-hair-perfume-vetiver-1974-100ml\\\/\"]}]},{\"@type\":\"ImageObject\",\"inLanguage\":\"en-US\",\"@id\":\"https:\\\/\\\/hairdeluxe.ee\\\/en\\\/product\\\/balmain-juukseparfuum-vetiver-1974-heritage-hair-perfume-vetiver-1974-100ml\\\/#primaryimage\",\"url\":\"https:\\\/\\\/hairdeluxe.ee\\\/wp-content\\\/uploads\\\/2024\\\/02\\\/balmainhair_styling_hairperfume_vetiver1974_withbox_cs_s_s_hp_1974_vet_800x800_38b8.jpg\",\"contentUrl\":\"https:\\\/\\\/hairdeluxe.ee\\\/wp-content\\\/uploads\\\/2024\\\/02\\\/balmainhair_styling_hairperfume_vetiver1974_withbox_cs_s_s_hp_1974_vet_800x800_38b8.jpg\",\"width\":800,\"height\":800},{\"@type\":\"BreadcrumbList\",\"@id\":\"https:\\\/\\\/hairdeluxe.ee\\\/en\\\/product\\\/balmain-juukseparfuum-vetiver-1974-heritage-hair-perfume-vetiver-1974-100ml\\\/#breadcrumb\",\"itemListElement\":[{\"@type\":\"ListItem\",\"position\":1,\"name\":\"Home\",\"item\":\"https:\\\/\\\/hairdeluxe.ee\\\/en\\\/\"},{\"@type\":\"ListItem\",\"position\":2,\"name\":\"Shop\",\"item\":\"https:\\\/\\\/hairdeluxe.ee\\\/en\\\/shop\\\/\"},{\"@type\":\"ListItem\",\"position\":3,\"name\":\"BALMAIN HAIR juukseparf\u00fc\u00fcm Vetiver 1974 \\\/ Heritage Hair Perfume Vetiver 1974 100ml\"}]},{\"@type\":\"WebSite\",\"@id\":\"https:\\\/\\\/hairdeluxe.ee\\\/en\\\/#website\",\"url\":\"https:\\\/\\\/hairdeluxe.ee\\\/en\\\/\",\"name\":\"Hair Deluxe\",\"description\":\"Highlight your natural beauty\",\"publisher\":{\"@id\":\"https:\\\/\\\/hairdeluxe.ee\\\/en\\\/#organization\"},\"potentialAction\":[{\"@type\":\"SearchAction\",\"target\":{\"@type\":\"EntryPoint\",\"urlTemplate\":\"https:\\\/\\\/hairdeluxe.ee\\\/en\\\/?s={search_term_string}\"},\"query-input\":{\"@type\":\"PropertyValueSpecification\",\"valueRequired\":true,\"valueName\":\"search_term_string\"}}],\"inLanguage\":\"en-US\"},{\"@type\":\"Organization\",\"@id\":\"https:\\\/\\\/hairdeluxe.ee\\\/en\\\/#organization\",\"name\":\"Hair Deluxe\",\"url\":\"https:\\\/\\\/hairdeluxe.ee\\\/en\\\/\",\"logo\":{\"@type\":\"ImageObject\",\"inLanguage\":\"en-US\",\"@id\":\"https:\\\/\\\/hairdeluxe.ee\\\/en\\\/#\\\/schema\\\/logo\\\/image\\\/\",\"url\":\"https:\\\/\\\/hairdeluxe.ee\\\/wp-content\\\/uploads\\\/2024\\\/06\\\/Hair-Deluxe-Logo-Dark-font.png\",\"contentUrl\":\"https:\\\/\\\/hairdeluxe.ee\\\/wp-content\\\/uploads\\\/2024\\\/06\\\/Hair-Deluxe-Logo-Dark-font.png\",\"width\":467,\"height\":177,\"caption\":\"Hair Deluxe\"},\"image\":{\"@id\":\"https:\\\/\\\/hairdeluxe.ee\\\/en\\\/#\\\/schema\\\/logo\\\/image\\\/\"},\"sameAs\":[\"https:\\\/\\\/www.facebook.com\\\/blowbartallinn\",\"https:\\\/\\\/www.instagram.com\\\/blowbar_tallinn\"]}]}<\/script>\n<!-- \/ Yoast SEO plugin. -->","yoast_head_json":{"title":"BALMAIN HAIR juukseparf\u00fc\u00fcm Vetiver 1974 \/ Heritage Hair Perfume Vetiver 1974 100ml - Hair Deluxe","robots":{"index":"index","follow":"follow","max-snippet":"max-snippet:-1","max-image-preview":"max-image-preview:large","max-video-preview":"max-video-preview:-1"},"canonical":"https:\/\/hairdeluxe.ee\/en\/product\/balmain-juukseparfuum-vetiver-1974-heritage-hair-perfume-vetiver-1974-100ml\/","og_locale":"en_US","og_type":"article","og_title":"BALMAIN HAIR juukseparf\u00fc\u00fcm Vetiver 1974 \/ Heritage Hair Perfume Vetiver 1974 100ml - Hair Deluxe","og_description":"Vetiver 1974 on kosutav juuksepaf\u00fc\u00fcm, mis on valmistatud greibi, \u00f5rna lille\u00f5ie, maal\u00e4hedase vetiveri, maandava seedripuu ja toitvate palsamite segust. See sobib suurep\u00e4raselt neile, kes aktsepteerivad oma enesekindlat ja karismaatilist olemust, hindavad elegantsi ja rafineeritust ning naudivad elava v\u00e4rskuse, lillelise graatsilisuse ja sooja sensuaalsuse koosm\u00f5ju. Mehelikuma aroomiga unisex juukseparf\u00fc\u00fcm t\u00e4iendab isikup\u00e4ra ja lisab igap\u00e4evaellu lummavust. Vetiver 1974 juukseparf\u00fc\u00fcm on segu greipfruudist, \u00f5rnadest lilledest, maal\u00e4hedast vetiverist, jahvatatud seedripuust ja toitvatest palsamitest, luues ainulaadse kombinatsiooni, mis pakub s\u00e4ravat, v\u00e4rsket ja maandavat l\u00f5hna. See j\u00e4tab juustele t\u00e4iusliku l\u00f5hna kogu p\u00e4evaks, toites, parandades ja kaitstes neid. - Unisex - Toitab ja kaitseb - Terav, v\u00e4rske ja magus Kasutamine: Parf\u00fc\u00fcmi\u00a0kasutamiseks eemaldage pudelilt magnetkork ja pihustage juukseparf\u00fc\u00fcmi \u00f5rnalt juukseharjale v\u00f5i juustele. Kogus: 100ml","og_url":"https:\/\/hairdeluxe.ee\/en\/product\/balmain-juukseparfuum-vetiver-1974-heritage-hair-perfume-vetiver-1974-100ml\/","og_site_name":"Hair Deluxe","article_publisher":"https:\/\/www.facebook.com\/blowbartallinn","article_modified_time":"2025-03-18T19:22:21+00:00","og_image":[{"width":800,"height":800,"url":"https:\/\/hairdeluxe.ee\/wp-content\/uploads\/2024\/02\/balmainhair_styling_hairperfume_vetiver1974_withbox_cs_s_s_hp_1974_vet_800x800_38b8.jpg","type":"image\/jpeg"}],"twitter_card":"summary_large_image","schema":{"@context":"https:\/\/schema.org","@graph":[{"@type":"WebPage","@id":"https:\/\/hairdeluxe.ee\/en\/product\/balmain-juukseparfuum-vetiver-1974-heritage-hair-perfume-vetiver-1974-100ml\/","url":"https:\/\/hairdeluxe.ee\/en\/product\/balmain-juukseparfuum-vetiver-1974-heritage-hair-perfume-vetiver-1974-100ml\/","name":"BALMAIN HAIR juukseparf\u00fc\u00fcm Vetiver 1974 \/ Heritage Hair Perfume Vetiver 1974 100ml - Hair Deluxe","isPartOf":{"@id":"https:\/\/hairdeluxe.ee\/en\/#website"},"primaryImageOfPage":{"@id":"https:\/\/hairdeluxe.ee\/en\/product\/balmain-juukseparfuum-vetiver-1974-heritage-hair-perfume-vetiver-1974-100ml\/#primaryimage"},"image":{"@id":"https:\/\/hairdeluxe.ee\/en\/product\/balmain-juukseparfuum-vetiver-1974-heritage-hair-perfume-vetiver-1974-100ml\/#primaryimage"},"thumbnailUrl":"https:\/\/hairdeluxe.ee\/wp-content\/uploads\/2024\/02\/balmainhair_styling_hairperfume_vetiver1974_withbox_cs_s_s_hp_1974_vet_800x800_38b8.jpg","datePublished":"2024-02-03T08:31:15+00:00","dateModified":"2025-03-18T19:22:21+00:00","breadcrumb":{"@id":"https:\/\/hairdeluxe.ee\/en\/product\/balmain-juukseparfuum-vetiver-1974-heritage-hair-perfume-vetiver-1974-100ml\/#breadcrumb"},"inLanguage":"en-US","potentialAction":[{"@type":"ReadAction","target":["https:\/\/hairdeluxe.ee\/en\/product\/balmain-juukseparfuum-vetiver-1974-heritage-hair-perfume-vetiver-1974-100ml\/"]}]},{"@type":"ImageObject","inLanguage":"en-US","@id":"https:\/\/hairdeluxe.ee\/en\/product\/balmain-juukseparfuum-vetiver-1974-heritage-hair-perfume-vetiver-1974-100ml\/#primaryimage","url":"https:\/\/hairdeluxe.ee\/wp-content\/uploads\/2024\/02\/balmainhair_styling_hairperfume_vetiver1974_withbox_cs_s_s_hp_1974_vet_800x800_38b8.jpg","contentUrl":"https:\/\/hairdeluxe.ee\/wp-content\/uploads\/2024\/02\/balmainhair_styling_hairperfume_vetiver1974_withbox_cs_s_s_hp_1974_vet_800x800_38b8.jpg","width":800,"height":800},{"@type":"BreadcrumbList","@id":"https:\/\/hairdeluxe.ee\/en\/product\/balmain-juukseparfuum-vetiver-1974-heritage-hair-perfume-vetiver-1974-100ml\/#breadcrumb","itemListElement":[{"@type":"ListItem","position":1,"name":"Home","item":"https:\/\/hairdeluxe.ee\/en\/"},{"@type":"ListItem","position":2,"name":"Shop","item":"https:\/\/hairdeluxe.ee\/en\/shop\/"},{"@type":"ListItem","position":3,"name":"BALMAIN HAIR juukseparf\u00fc\u00fcm Vetiver 1974 \/ Heritage Hair Perfume Vetiver 1974 100ml"}]},{"@type":"WebSite","@id":"https:\/\/hairdeluxe.ee\/en\/#website","url":"https:\/\/hairdeluxe.ee\/en\/","name":"Hair Deluxe","description":"Highlight your natural beauty","publisher":{"@id":"https:\/\/hairdeluxe.ee\/en\/#organization"},"potentialAction":[{"@type":"SearchAction","target":{"@type":"EntryPoint","urlTemplate":"https:\/\/hairdeluxe.ee\/en\/?s={search_term_string}"},"query-input":{"@type":"PropertyValueSpecification","valueRequired":true,"valueName":"search_term_string"}}],"inLanguage":"en-US"},{"@type":"Organization","@id":"https:\/\/hairdeluxe.ee\/en\/#organization","name":"Hair Deluxe","url":"https:\/\/hairdeluxe.ee\/en\/","logo":{"@type":"ImageObject","inLanguage":"en-US","@id":"https:\/\/hairdeluxe.ee\/en\/#\/schema\/logo\/image\/","url":"https:\/\/hairdeluxe.ee\/wp-content\/uploads\/2024\/06\/Hair-Deluxe-Logo-Dark-font.png","contentUrl":"https:\/\/hairdeluxe.ee\/wp-content\/uploads\/2024\/06\/Hair-Deluxe-Logo-Dark-font.png","width":467,"height":177,"caption":"Hair Deluxe"},"image":{"@id":"https:\/\/hairdeluxe.ee\/en\/#\/schema\/logo\/image\/"},"sameAs":["https:\/\/www.facebook.com\/blowbartallinn","https:\/\/www.instagram.com\/blowbar_tallinn"]}]}},"_links":{"self":[{"href":"https:\/\/hairdeluxe.ee\/en\/wp-json\/wp\/v2\/product\/37388","targetHints":{"allow":["GET"]}}],"collection":[{"href":"https:\/\/hairdeluxe.ee\/en\/wp-json\/wp\/v2\/product"}],"about":[{"href":"https:\/\/hairdeluxe.ee\/en\/wp-json\/wp\/v2\/types\/product"}],"wp:featuredmedia":[{"embeddable":true,"href":"https:\/\/hairdeluxe.ee\/en\/wp-json\/wp\/v2\/media\/37384"}],"wp:attachment":[{"href":"https:\/\/hairdeluxe.ee\/en\/wp-json\/wp\/v2\/media?parent=37388"}],"wp:term":[{"taxonomy":"product_brand","embeddable":true,"href":"https:\/\/hairdeluxe.ee\/en\/wp-json\/wp\/v2\/product_brand?post=37388"},{"taxonomy":"product_cat","embeddable":true,"href":"https:\/\/hairdeluxe.ee\/en\/wp-json\/wp\/v2\/product_cat?post=37388"},{"taxonomy":"product_tag","embeddable":true,"href":"https:\/\/hairdeluxe.ee\/en\/wp-json\/wp\/v2\/product_tag?post=37388"}],"curies":[{"name":"wp","href":"https:\/\/api.w.org\/{rel}","templated":true}]}}