{"id":38817,"date":"2024-02-03T12:34:25","date_gmt":"2024-02-03T10:34:25","guid":{"rendered":"https:\/\/blowbar.ee\/toode\/balmain-hair-napa-nahast-juukseklamber-barrette-pour-cheveux-bow-11\/"},"modified":"2025-03-18T19:22:20","modified_gmt":"2025-03-18T19:22:20","slug":"balmain-napa-nahast-juukseklamber-barrette-pour-cheveux-bow-11","status":"publish","type":"product","link":"https:\/\/hairdeluxe.ee\/en\/product\/balmain-napa-nahast-juukseklamber-barrette-pour-cheveux-bow-11\/","title":{"rendered":"BALMAIN HAIR napa nahast juukseklamber \/ Barrette pour Cheveux Bow"},"content":{"rendered":"","protected":false},"excerpt":{"rendered":"<div>\n<p>Les Accessoires 2022. aasta kevad\/suve kollektsiooni kuuluv piiratud v\u00e4ljalaskega lipsuga juukseklamber on kujundatud neoonaktsentidega ja 18K kullatud logoplaadiga, millele on graveeritud Balmain Hair logo. Pehme ja elastse napa nahaga aksessuaar esitleb uue ajastu v\u00e4limust seotuna klassikalise Balmain\u00b4i ajalooga.<br \/>\nKinnitage oma juuksed klassikaliseks madalaks v\u00f5i keskmiseks hobusesabaks ja r\u00f5hutage v\u00e4limust Barette pour Cheveux Bow lipsuga.\u00a0Barrette klambrit on lihtne kinnitada ja lips s\u00e4ilitab alati oma kauni ning luksusliku kuju.<br \/>\n&#8211; Ainulaadse disainiga stiilne juuste aksessuaar<br \/>\n&#8211; Kaunilt graveeritud 18K kullatud logo<br \/>\n&#8211; Valmistatud k\u00f5rgekvaliteedilisest napa nahast<br \/>\n&#8211; Juukseehe on luksuslikus kinkekarbis<\/p>\n<p>Esmakordselt valmistas napa nahka 1829. aastal Emanuel Manasse. See on v\u00e4ga hinnaline ja k\u00f5rge kvaliteediga t\u00f6\u00f6deldud nahk. Selle t\u00f6\u00f6tlusega nahka peetakse maailmas k\u00f5ige kvaliteetsemaks nahaks. Vaatamata sellele, et see nahk on pehme, on see ka v\u00e4ga vastupidav ning tugev.\u00a0Napa nahaks on valitud ainult k\u00f5rgeima kvaliteediga nahad;<span class=\"apple-converted-space\">\u00a0<\/span><strong>nahk mis ei sisalda arme, vigastusi, kriimustusi ega muid f\u00fc\u00fcsilisi puudusi ning defekte.<\/strong><span class=\"apple-converted-space\">\u00a0<\/span>Napa valmistamiseks valitud naha kvaliteedi t\u00f5ttu on materjal ise oluliselt kallim tavaliste nahkadega v\u00f5rreldes.<\/p>\n<\/div>\n","protected":false},"featured_media":35529,"template":"","meta":[],"product_brand":[464],"product_cat":[96,266,265,206,268,129,121],"product_tag":[],"class_list":{"0":"post-38817","1":"product","2":"type-product","3":"status-publish","4":"has-post-thumbnail","6":"product_brand-balmain-hair","7":"product_cat-aksessuaarid","8":"product_cat-balmain-hair","9":"product_cat-brandid","10":"product_cat-erikollektsioonid","11":"product_cat-juukseklambrid","12":"product_cat-kingitused","13":"product_cat-koik-tooted","15":"first","16":"instock","17":"taxable","18":"shipping-taxable","19":"purchasable","20":"product-type-simple","21":"add-to-wishlist-after_add_to_cart"},"yoast_head":"<!-- This site is optimized with the Yoast SEO plugin v27.5 - https:\/\/yoast.com\/product\/yoast-seo-wordpress\/ -->\n<title>BALMAIN HAIR napa nahast juukseklamber \/ Barrette pour Cheveux Bow - Hair Deluxe<\/title>\n<meta name=\"robots\" content=\"index, follow, max-snippet:-1, max-image-preview:large, max-video-preview:-1\" \/>\n<link rel=\"canonical\" href=\"https:\/\/hairdeluxe.ee\/en\/product\/balmain-napa-nahast-juukseklamber-barrette-pour-cheveux-bow-11\/\" \/>\n<meta property=\"og:locale\" content=\"en_US\" \/>\n<meta property=\"og:type\" content=\"article\" \/>\n<meta property=\"og:title\" content=\"BALMAIN HAIR napa nahast juukseklamber \/ Barrette pour Cheveux Bow - Hair Deluxe\" \/>\n<meta property=\"og:description\" content=\"Les Accessoires 2022. aasta kevad\/suve kollektsiooni kuuluv piiratud v\u00e4ljalaskega lipsuga juukseklamber on kujundatud neoonaktsentidega ja 18K kullatud logoplaadiga, millele on graveeritud Balmain Hair logo. Pehme ja elastse napa nahaga aksessuaar esitleb uue ajastu v\u00e4limust seotuna klassikalise Balmain\u00b4i ajalooga. Kinnitage oma juuksed klassikaliseks madalaks v\u00f5i keskmiseks hobusesabaks ja r\u00f5hutage v\u00e4limust Barette pour Cheveux Bow lipsuga.\u00a0Barrette klambrit on lihtne kinnitada ja lips s\u00e4ilitab alati oma kauni ning luksusliku kuju. - Ainulaadse disainiga stiilne juuste aksessuaar - Kaunilt graveeritud 18K kullatud logo - Valmistatud k\u00f5rgekvaliteedilisest napa nahast - Juukseehe on luksuslikus kinkekarbis  Esmakordselt valmistas napa nahka 1829. aastal Emanuel Manasse. See on v\u00e4ga hinnaline ja k\u00f5rge kvaliteediga t\u00f6\u00f6deldud nahk. Selle t\u00f6\u00f6tlusega nahka peetakse maailmas k\u00f5ige kvaliteetsemaks nahaks. Vaatamata sellele, et see nahk on pehme, on see ka v\u00e4ga vastupidav ning tugev.\u00a0Napa nahaks on valitud ainult k\u00f5rgeima kvaliteediga nahad;\u00a0nahk mis ei sisalda arme, vigastusi, kriimustusi ega muid f\u00fc\u00fcsilisi puudusi ning defekte.\u00a0Napa valmistamiseks valitud naha kvaliteedi t\u00f5ttu on materjal ise oluliselt kallim tavaliste nahkadega v\u00f5rreldes.\" \/>\n<meta property=\"og:url\" content=\"https:\/\/hairdeluxe.ee\/en\/product\/balmain-napa-nahast-juukseklamber-barrette-pour-cheveux-bow-11\/\" \/>\n<meta property=\"og:site_name\" content=\"Hair Deluxe\" \/>\n<meta property=\"article:publisher\" content=\"https:\/\/www.facebook.com\/blowbartallinn\" \/>\n<meta property=\"article:modified_time\" content=\"2025-03-18T19:22:20+00:00\" \/>\n<meta property=\"og:image\" content=\"https:\/\/hairdeluxe.ee\/wp-content\/uploads\/2024\/02\/balmainhair_accessoires_limitededition_barrettebow_ss22_le_hj_bar_bow_ss22_01_800x800.jpg\" \/>\n\t<meta property=\"og:image:width\" content=\"800\" \/>\n\t<meta property=\"og:image:height\" content=\"800\" \/>\n\t<meta property=\"og:image:type\" content=\"image\/jpeg\" \/>\n<meta name=\"twitter:card\" content=\"summary_large_image\" \/>\n<script type=\"application\/ld+json\" class=\"yoast-schema-graph\">{\"@context\":\"https:\\\/\\\/schema.org\",\"@graph\":[{\"@type\":\"WebPage\",\"@id\":\"https:\\\/\\\/hairdeluxe.ee\\\/en\\\/product\\\/balmain-napa-nahast-juukseklamber-barrette-pour-cheveux-bow-11\\\/\",\"url\":\"https:\\\/\\\/hairdeluxe.ee\\\/en\\\/product\\\/balmain-napa-nahast-juukseklamber-barrette-pour-cheveux-bow-11\\\/\",\"name\":\"BALMAIN HAIR napa nahast juukseklamber \\\/ Barrette pour Cheveux Bow - Hair Deluxe\",\"isPartOf\":{\"@id\":\"https:\\\/\\\/hairdeluxe.ee\\\/en\\\/#website\"},\"primaryImageOfPage\":{\"@id\":\"https:\\\/\\\/hairdeluxe.ee\\\/en\\\/product\\\/balmain-napa-nahast-juukseklamber-barrette-pour-cheveux-bow-11\\\/#primaryimage\"},\"image\":{\"@id\":\"https:\\\/\\\/hairdeluxe.ee\\\/en\\\/product\\\/balmain-napa-nahast-juukseklamber-barrette-pour-cheveux-bow-11\\\/#primaryimage\"},\"thumbnailUrl\":\"https:\\\/\\\/hairdeluxe.ee\\\/wp-content\\\/uploads\\\/2024\\\/02\\\/balmainhair_accessoires_limitededition_barrettebow_ss22_le_hj_bar_bow_ss22_01_800x800.jpg\",\"datePublished\":\"2024-02-03T10:34:25+00:00\",\"dateModified\":\"2025-03-18T19:22:20+00:00\",\"breadcrumb\":{\"@id\":\"https:\\\/\\\/hairdeluxe.ee\\\/en\\\/product\\\/balmain-napa-nahast-juukseklamber-barrette-pour-cheveux-bow-11\\\/#breadcrumb\"},\"inLanguage\":\"en-US\",\"potentialAction\":[{\"@type\":\"ReadAction\",\"target\":[\"https:\\\/\\\/hairdeluxe.ee\\\/en\\\/product\\\/balmain-napa-nahast-juukseklamber-barrette-pour-cheveux-bow-11\\\/\"]}]},{\"@type\":\"ImageObject\",\"inLanguage\":\"en-US\",\"@id\":\"https:\\\/\\\/hairdeluxe.ee\\\/en\\\/product\\\/balmain-napa-nahast-juukseklamber-barrette-pour-cheveux-bow-11\\\/#primaryimage\",\"url\":\"https:\\\/\\\/hairdeluxe.ee\\\/wp-content\\\/uploads\\\/2024\\\/02\\\/balmainhair_accessoires_limitededition_barrettebow_ss22_le_hj_bar_bow_ss22_01_800x800.jpg\",\"contentUrl\":\"https:\\\/\\\/hairdeluxe.ee\\\/wp-content\\\/uploads\\\/2024\\\/02\\\/balmainhair_accessoires_limitededition_barrettebow_ss22_le_hj_bar_bow_ss22_01_800x800.jpg\",\"width\":800,\"height\":800},{\"@type\":\"BreadcrumbList\",\"@id\":\"https:\\\/\\\/hairdeluxe.ee\\\/en\\\/product\\\/balmain-napa-nahast-juukseklamber-barrette-pour-cheveux-bow-11\\\/#breadcrumb\",\"itemListElement\":[{\"@type\":\"ListItem\",\"position\":1,\"name\":\"Home\",\"item\":\"https:\\\/\\\/hairdeluxe.ee\\\/en\\\/\"},{\"@type\":\"ListItem\",\"position\":2,\"name\":\"Shop\",\"item\":\"https:\\\/\\\/hairdeluxe.ee\\\/en\\\/shop\\\/\"},{\"@type\":\"ListItem\",\"position\":3,\"name\":\"BALMAIN HAIR napa nahast juukseklamber \\\/ Barrette pour Cheveux Bow\"}]},{\"@type\":\"WebSite\",\"@id\":\"https:\\\/\\\/hairdeluxe.ee\\\/en\\\/#website\",\"url\":\"https:\\\/\\\/hairdeluxe.ee\\\/en\\\/\",\"name\":\"Hair Deluxe\",\"description\":\"Highlight your natural beauty\",\"publisher\":{\"@id\":\"https:\\\/\\\/hairdeluxe.ee\\\/en\\\/#organization\"},\"potentialAction\":[{\"@type\":\"SearchAction\",\"target\":{\"@type\":\"EntryPoint\",\"urlTemplate\":\"https:\\\/\\\/hairdeluxe.ee\\\/en\\\/?s={search_term_string}\"},\"query-input\":{\"@type\":\"PropertyValueSpecification\",\"valueRequired\":true,\"valueName\":\"search_term_string\"}}],\"inLanguage\":\"en-US\"},{\"@type\":\"Organization\",\"@id\":\"https:\\\/\\\/hairdeluxe.ee\\\/en\\\/#organization\",\"name\":\"Hair Deluxe\",\"url\":\"https:\\\/\\\/hairdeluxe.ee\\\/en\\\/\",\"logo\":{\"@type\":\"ImageObject\",\"inLanguage\":\"en-US\",\"@id\":\"https:\\\/\\\/hairdeluxe.ee\\\/en\\\/#\\\/schema\\\/logo\\\/image\\\/\",\"url\":\"https:\\\/\\\/hairdeluxe.ee\\\/wp-content\\\/uploads\\\/2024\\\/06\\\/Hair-Deluxe-Logo-Dark-font.png\",\"contentUrl\":\"https:\\\/\\\/hairdeluxe.ee\\\/wp-content\\\/uploads\\\/2024\\\/06\\\/Hair-Deluxe-Logo-Dark-font.png\",\"width\":467,\"height\":177,\"caption\":\"Hair Deluxe\"},\"image\":{\"@id\":\"https:\\\/\\\/hairdeluxe.ee\\\/en\\\/#\\\/schema\\\/logo\\\/image\\\/\"},\"sameAs\":[\"https:\\\/\\\/www.facebook.com\\\/blowbartallinn\",\"https:\\\/\\\/www.instagram.com\\\/blowbar_tallinn\"]}]}<\/script>\n<!-- \/ Yoast SEO plugin. -->","yoast_head_json":{"title":"BALMAIN HAIR napa nahast juukseklamber \/ Barrette pour Cheveux Bow - Hair Deluxe","robots":{"index":"index","follow":"follow","max-snippet":"max-snippet:-1","max-image-preview":"max-image-preview:large","max-video-preview":"max-video-preview:-1"},"canonical":"https:\/\/hairdeluxe.ee\/en\/product\/balmain-napa-nahast-juukseklamber-barrette-pour-cheveux-bow-11\/","og_locale":"en_US","og_type":"article","og_title":"BALMAIN HAIR napa nahast juukseklamber \/ Barrette pour Cheveux Bow - Hair Deluxe","og_description":"Les Accessoires 2022. aasta kevad\/suve kollektsiooni kuuluv piiratud v\u00e4ljalaskega lipsuga juukseklamber on kujundatud neoonaktsentidega ja 18K kullatud logoplaadiga, millele on graveeritud Balmain Hair logo. Pehme ja elastse napa nahaga aksessuaar esitleb uue ajastu v\u00e4limust seotuna klassikalise Balmain\u00b4i ajalooga. Kinnitage oma juuksed klassikaliseks madalaks v\u00f5i keskmiseks hobusesabaks ja r\u00f5hutage v\u00e4limust Barette pour Cheveux Bow lipsuga.\u00a0Barrette klambrit on lihtne kinnitada ja lips s\u00e4ilitab alati oma kauni ning luksusliku kuju. - Ainulaadse disainiga stiilne juuste aksessuaar - Kaunilt graveeritud 18K kullatud logo - Valmistatud k\u00f5rgekvaliteedilisest napa nahast - Juukseehe on luksuslikus kinkekarbis  Esmakordselt valmistas napa nahka 1829. aastal Emanuel Manasse. See on v\u00e4ga hinnaline ja k\u00f5rge kvaliteediga t\u00f6\u00f6deldud nahk. Selle t\u00f6\u00f6tlusega nahka peetakse maailmas k\u00f5ige kvaliteetsemaks nahaks. Vaatamata sellele, et see nahk on pehme, on see ka v\u00e4ga vastupidav ning tugev.\u00a0Napa nahaks on valitud ainult k\u00f5rgeima kvaliteediga nahad;\u00a0nahk mis ei sisalda arme, vigastusi, kriimustusi ega muid f\u00fc\u00fcsilisi puudusi ning defekte.\u00a0Napa valmistamiseks valitud naha kvaliteedi t\u00f5ttu on materjal ise oluliselt kallim tavaliste nahkadega v\u00f5rreldes.","og_url":"https:\/\/hairdeluxe.ee\/en\/product\/balmain-napa-nahast-juukseklamber-barrette-pour-cheveux-bow-11\/","og_site_name":"Hair Deluxe","article_publisher":"https:\/\/www.facebook.com\/blowbartallinn","article_modified_time":"2025-03-18T19:22:20+00:00","og_image":[{"width":800,"height":800,"url":"https:\/\/hairdeluxe.ee\/wp-content\/uploads\/2024\/02\/balmainhair_accessoires_limitededition_barrettebow_ss22_le_hj_bar_bow_ss22_01_800x800.jpg","type":"image\/jpeg"}],"twitter_card":"summary_large_image","schema":{"@context":"https:\/\/schema.org","@graph":[{"@type":"WebPage","@id":"https:\/\/hairdeluxe.ee\/en\/product\/balmain-napa-nahast-juukseklamber-barrette-pour-cheveux-bow-11\/","url":"https:\/\/hairdeluxe.ee\/en\/product\/balmain-napa-nahast-juukseklamber-barrette-pour-cheveux-bow-11\/","name":"BALMAIN HAIR napa nahast juukseklamber \/ Barrette pour Cheveux Bow - Hair Deluxe","isPartOf":{"@id":"https:\/\/hairdeluxe.ee\/en\/#website"},"primaryImageOfPage":{"@id":"https:\/\/hairdeluxe.ee\/en\/product\/balmain-napa-nahast-juukseklamber-barrette-pour-cheveux-bow-11\/#primaryimage"},"image":{"@id":"https:\/\/hairdeluxe.ee\/en\/product\/balmain-napa-nahast-juukseklamber-barrette-pour-cheveux-bow-11\/#primaryimage"},"thumbnailUrl":"https:\/\/hairdeluxe.ee\/wp-content\/uploads\/2024\/02\/balmainhair_accessoires_limitededition_barrettebow_ss22_le_hj_bar_bow_ss22_01_800x800.jpg","datePublished":"2024-02-03T10:34:25+00:00","dateModified":"2025-03-18T19:22:20+00:00","breadcrumb":{"@id":"https:\/\/hairdeluxe.ee\/en\/product\/balmain-napa-nahast-juukseklamber-barrette-pour-cheveux-bow-11\/#breadcrumb"},"inLanguage":"en-US","potentialAction":[{"@type":"ReadAction","target":["https:\/\/hairdeluxe.ee\/en\/product\/balmain-napa-nahast-juukseklamber-barrette-pour-cheveux-bow-11\/"]}]},{"@type":"ImageObject","inLanguage":"en-US","@id":"https:\/\/hairdeluxe.ee\/en\/product\/balmain-napa-nahast-juukseklamber-barrette-pour-cheveux-bow-11\/#primaryimage","url":"https:\/\/hairdeluxe.ee\/wp-content\/uploads\/2024\/02\/balmainhair_accessoires_limitededition_barrettebow_ss22_le_hj_bar_bow_ss22_01_800x800.jpg","contentUrl":"https:\/\/hairdeluxe.ee\/wp-content\/uploads\/2024\/02\/balmainhair_accessoires_limitededition_barrettebow_ss22_le_hj_bar_bow_ss22_01_800x800.jpg","width":800,"height":800},{"@type":"BreadcrumbList","@id":"https:\/\/hairdeluxe.ee\/en\/product\/balmain-napa-nahast-juukseklamber-barrette-pour-cheveux-bow-11\/#breadcrumb","itemListElement":[{"@type":"ListItem","position":1,"name":"Home","item":"https:\/\/hairdeluxe.ee\/en\/"},{"@type":"ListItem","position":2,"name":"Shop","item":"https:\/\/hairdeluxe.ee\/en\/shop\/"},{"@type":"ListItem","position":3,"name":"BALMAIN HAIR napa nahast juukseklamber \/ Barrette pour Cheveux Bow"}]},{"@type":"WebSite","@id":"https:\/\/hairdeluxe.ee\/en\/#website","url":"https:\/\/hairdeluxe.ee\/en\/","name":"Hair Deluxe","description":"Highlight your natural beauty","publisher":{"@id":"https:\/\/hairdeluxe.ee\/en\/#organization"},"potentialAction":[{"@type":"SearchAction","target":{"@type":"EntryPoint","urlTemplate":"https:\/\/hairdeluxe.ee\/en\/?s={search_term_string}"},"query-input":{"@type":"PropertyValueSpecification","valueRequired":true,"valueName":"search_term_string"}}],"inLanguage":"en-US"},{"@type":"Organization","@id":"https:\/\/hairdeluxe.ee\/en\/#organization","name":"Hair Deluxe","url":"https:\/\/hairdeluxe.ee\/en\/","logo":{"@type":"ImageObject","inLanguage":"en-US","@id":"https:\/\/hairdeluxe.ee\/en\/#\/schema\/logo\/image\/","url":"https:\/\/hairdeluxe.ee\/wp-content\/uploads\/2024\/06\/Hair-Deluxe-Logo-Dark-font.png","contentUrl":"https:\/\/hairdeluxe.ee\/wp-content\/uploads\/2024\/06\/Hair-Deluxe-Logo-Dark-font.png","width":467,"height":177,"caption":"Hair Deluxe"},"image":{"@id":"https:\/\/hairdeluxe.ee\/en\/#\/schema\/logo\/image\/"},"sameAs":["https:\/\/www.facebook.com\/blowbartallinn","https:\/\/www.instagram.com\/blowbar_tallinn"]}]}},"_links":{"self":[{"href":"https:\/\/hairdeluxe.ee\/en\/wp-json\/wp\/v2\/product\/38817","targetHints":{"allow":["GET"]}}],"collection":[{"href":"https:\/\/hairdeluxe.ee\/en\/wp-json\/wp\/v2\/product"}],"about":[{"href":"https:\/\/hairdeluxe.ee\/en\/wp-json\/wp\/v2\/types\/product"}],"wp:featuredmedia":[{"embeddable":true,"href":"https:\/\/hairdeluxe.ee\/en\/wp-json\/wp\/v2\/media\/35529"}],"wp:attachment":[{"href":"https:\/\/hairdeluxe.ee\/en\/wp-json\/wp\/v2\/media?parent=38817"}],"wp:term":[{"taxonomy":"product_brand","embeddable":true,"href":"https:\/\/hairdeluxe.ee\/en\/wp-json\/wp\/v2\/product_brand?post=38817"},{"taxonomy":"product_cat","embeddable":true,"href":"https:\/\/hairdeluxe.ee\/en\/wp-json\/wp\/v2\/product_cat?post=38817"},{"taxonomy":"product_tag","embeddable":true,"href":"https:\/\/hairdeluxe.ee\/en\/wp-json\/wp\/v2\/product_tag?post=38817"}],"curies":[{"name":"wp","href":"https:\/\/api.w.org\/{rel}","templated":true}]}}