{"id":39906,"date":"2021-03-17T15:18:51","date_gmt":"2021-03-17T13:18:51","guid":{"rendered":"https:\/\/blowbar.ee\/toode\/import-placeholder-for-400\/"},"modified":"2025-03-18T19:22:42","modified_gmt":"2025-03-18T19:22:42","slug":"balmain-kuivsampoon-75-ml-dry-shampoo","status":"publish","type":"product","link":"https:\/\/hairdeluxe.ee\/en\/product\/balmain-kuivsampoon-75-ml-dry-shampoo\/","title":{"rendered":"BALMAIN HAIR kuiv\u0161ampoon reisile \/ Dry Shampoo 75ml travel"},"content":{"rendered":"<p><em><strong>Koostis<\/strong>: Butane, Isobutane, Alcohol Denat, Propane, Solanum Tuberosum (potato) Starch, Aluminium Starch octenylsuccinate, Aqua, cocotrimonium Methosulfate, Hydrated Silica, Benzophenone-4, Perfume.<\/em><\/p>\n","protected":false},"excerpt":{"rendered":"<p>Balmain Hair signatuurl\u00f5hnaline kuiv\u0161ampoon v\u00e4rskendab ja elustab juukseid pesude vahel. Siidiproteiin ja argaania\u00f5li s\u00e4ilitavad optimaalse niiskustaseme juustes, parandades ja kaitstes kahjustunud, kuivi ja n\u00f5rkasid juukseid kahjuliku keskkonnam\u00f5ju eest.<br \/>\n\u2013 imab endasse liigse rasu ja puhastab peanahka<br \/>\n\u2013 teeb juuksed v\u00e4rskeks, s\u00e4ravaks ja meeldivalt l\u00f5hnastatuks Balmain Hair signatuurl\u00f5hnaga<br \/>\n\u2013 kasuta soengu stiliseerimisel, et saavutada matt, tekstuurne ja kohev tulemus<\/p>\n<p><strong>Kasutamine:<\/strong>\u00a0Raputada hoolikalt. Hoida pudelit 20-30 cm kaugusel juustest ja pihustada salkudele kergete, sujuvate vajutustega. Lasta kuivada ning raputada\/kammida \u00fcleliigne toode juustest v\u00e4lja.<\/p>\n<p><strong>Soovitus:<\/strong>\u00a0Kasutada viimistlusvahendina, et luua matt, tekstureeritud ja vol\u00fc\u00fcmikas soengustiil.<\/p>\n<p>Kogus: 75ml<\/p>\n<p><a href=\"https:\/\/www.balmainhair.ee\/toode\/balmain-kuivsampoon-dry-shampoo-300ml\/\">Saadaval ka t\u00e4issuuruses toode 300ml<\/a><\/p>\n","protected":false},"featured_media":39263,"template":"","meta":[],"product_brand":[464],"product_cat":[266,265,271,273,208,226,213,121,144,158,275,170,227,272,196,274,225],"product_tag":[],"class_list":{"0":"post-39906","1":"product","2":"type-product","3":"status-publish","4":"has-post-thumbnail","6":"product_brand-balmain-hair","7":"product_cat-balmain-hair","8":"product_cat-brandid","9":"product_cat-juuksehooldus-reisile","10":"product_cat-juuksehooldus-meestele","11":"product_cat-juuksehooldus","12":"product_cat-reisile-juuksehooldus","13":"product_cat-kohevus","14":"product_cat-koik-tooted","15":"product_cat-meestele","16":"product_cat-populaarsed","17":"product_cat-reisile-meestele","18":"product_cat-reisile","19":"product_cat-shampoonid","20":"product_cat-viimistlus-reisile","21":"product_cat-viimistlus","22":"product_cat-viimistlus-meestele","23":"product_cat-reisile-viimistlus","25":"first","26":"instock","27":"taxable","28":"shipping-taxable","29":"purchasable","30":"product-type-simple","31":"add-to-wishlist-after_add_to_cart"},"yoast_head":"<!-- This site is optimized with the Yoast SEO plugin v27.4 - https:\/\/yoast.com\/product\/yoast-seo-wordpress\/ -->\n<title>BALMAIN HAIR kuiv\u0161ampoon reisile \/ Dry Shampoo 75ml travel - Hair Deluxe<\/title>\n<meta name=\"robots\" content=\"index, follow, max-snippet:-1, max-image-preview:large, max-video-preview:-1\" \/>\n<link rel=\"canonical\" href=\"https:\/\/hairdeluxe.ee\/en\/product\/balmain-kuivsampoon-75-ml-dry-shampoo\/\" \/>\n<meta property=\"og:locale\" content=\"en_US\" \/>\n<meta property=\"og:type\" content=\"article\" \/>\n<meta property=\"og:title\" content=\"BALMAIN HAIR kuiv\u0161ampoon reisile \/ Dry Shampoo 75ml travel - Hair Deluxe\" \/>\n<meta property=\"og:description\" content=\"Balmain Hair signatuurl\u00f5hnaline kuiv\u0161ampoon v\u00e4rskendab ja elustab juukseid pesude vahel. Siidiproteiin ja argaania\u00f5li s\u00e4ilitavad optimaalse niiskustaseme juustes, parandades ja kaitstes kahjustunud, kuivi ja n\u00f5rkasid juukseid kahjuliku keskkonnam\u00f5ju eest. \u2013 imab endasse liigse rasu ja puhastab peanahka \u2013 teeb juuksed v\u00e4rskeks, s\u00e4ravaks ja meeldivalt l\u00f5hnastatuks Balmain Hair signatuurl\u00f5hnaga \u2013 kasuta soengu stiliseerimisel, et saavutada matt, tekstuurne ja kohev tulemus  Kasutamine:\u00a0Raputada hoolikalt. Hoida pudelit 20-30 cm kaugusel juustest ja pihustada salkudele kergete, sujuvate vajutustega. Lasta kuivada ning raputada\/kammida \u00fcleliigne toode juustest v\u00e4lja.  Soovitus:\u00a0Kasutada viimistlusvahendina, et luua matt, tekstureeritud ja vol\u00fc\u00fcmikas soengustiil.  Kogus: 75ml  Saadaval ka t\u00e4issuuruses toode 300ml\" \/>\n<meta property=\"og:url\" content=\"https:\/\/hairdeluxe.ee\/en\/product\/balmain-kuivsampoon-75-ml-dry-shampoo\/\" \/>\n<meta property=\"og:site_name\" content=\"Hair Deluxe\" \/>\n<meta property=\"article:publisher\" content=\"https:\/\/www.facebook.com\/blowbartallinn\" \/>\n<meta property=\"article:modified_time\" content=\"2025-03-18T19:22:42+00:00\" \/>\n<meta property=\"og:image\" content=\"https:\/\/hairdeluxe.ee\/wp-content\/uploads\/2024\/02\/balmain-hair-kuivshampoon-dry-shampoo-reisile-travel-juustele-peanahk-75ml-1.jpg\" \/>\n\t<meta property=\"og:image:width\" content=\"800\" \/>\n\t<meta property=\"og:image:height\" content=\"800\" \/>\n\t<meta property=\"og:image:type\" content=\"image\/jpeg\" \/>\n<meta name=\"twitter:card\" content=\"summary_large_image\" \/>\n<meta name=\"twitter:label1\" content=\"Est. reading time\" \/>\n\t<meta name=\"twitter:data1\" content=\"1 minute\" \/>\n<script type=\"application\/ld+json\" class=\"yoast-schema-graph\">{\"@context\":\"https:\\\/\\\/schema.org\",\"@graph\":[{\"@type\":\"WebPage\",\"@id\":\"https:\\\/\\\/hairdeluxe.ee\\\/en\\\/product\\\/balmain-kuivsampoon-75-ml-dry-shampoo\\\/\",\"url\":\"https:\\\/\\\/hairdeluxe.ee\\\/en\\\/product\\\/balmain-kuivsampoon-75-ml-dry-shampoo\\\/\",\"name\":\"BALMAIN HAIR kuiv\u0161ampoon reisile \\\/ Dry Shampoo 75ml travel - Hair Deluxe\",\"isPartOf\":{\"@id\":\"https:\\\/\\\/hairdeluxe.ee\\\/en\\\/#website\"},\"primaryImageOfPage\":{\"@id\":\"https:\\\/\\\/hairdeluxe.ee\\\/en\\\/product\\\/balmain-kuivsampoon-75-ml-dry-shampoo\\\/#primaryimage\"},\"image\":{\"@id\":\"https:\\\/\\\/hairdeluxe.ee\\\/en\\\/product\\\/balmain-kuivsampoon-75-ml-dry-shampoo\\\/#primaryimage\"},\"thumbnailUrl\":\"https:\\\/\\\/hairdeluxe.ee\\\/wp-content\\\/uploads\\\/2024\\\/02\\\/balmain-hair-kuivshampoon-dry-shampoo-reisile-travel-juustele-peanahk-75ml-1.jpg\",\"datePublished\":\"2021-03-17T13:18:51+00:00\",\"dateModified\":\"2025-03-18T19:22:42+00:00\",\"breadcrumb\":{\"@id\":\"https:\\\/\\\/hairdeluxe.ee\\\/en\\\/product\\\/balmain-kuivsampoon-75-ml-dry-shampoo\\\/#breadcrumb\"},\"inLanguage\":\"en-US\",\"potentialAction\":[{\"@type\":\"ReadAction\",\"target\":[\"https:\\\/\\\/hairdeluxe.ee\\\/en\\\/product\\\/balmain-kuivsampoon-75-ml-dry-shampoo\\\/\"]}]},{\"@type\":\"ImageObject\",\"inLanguage\":\"en-US\",\"@id\":\"https:\\\/\\\/hairdeluxe.ee\\\/en\\\/product\\\/balmain-kuivsampoon-75-ml-dry-shampoo\\\/#primaryimage\",\"url\":\"https:\\\/\\\/hairdeluxe.ee\\\/wp-content\\\/uploads\\\/2024\\\/02\\\/balmain-hair-kuivshampoon-dry-shampoo-reisile-travel-juustele-peanahk-75ml-1.jpg\",\"contentUrl\":\"https:\\\/\\\/hairdeluxe.ee\\\/wp-content\\\/uploads\\\/2024\\\/02\\\/balmain-hair-kuivshampoon-dry-shampoo-reisile-travel-juustele-peanahk-75ml-1.jpg\",\"width\":800,\"height\":800},{\"@type\":\"BreadcrumbList\",\"@id\":\"https:\\\/\\\/hairdeluxe.ee\\\/en\\\/product\\\/balmain-kuivsampoon-75-ml-dry-shampoo\\\/#breadcrumb\",\"itemListElement\":[{\"@type\":\"ListItem\",\"position\":1,\"name\":\"Home\",\"item\":\"https:\\\/\\\/hairdeluxe.ee\\\/en\\\/\"},{\"@type\":\"ListItem\",\"position\":2,\"name\":\"Shop\",\"item\":\"https:\\\/\\\/hairdeluxe.ee\\\/en\\\/shop\\\/\"},{\"@type\":\"ListItem\",\"position\":3,\"name\":\"BALMAIN HAIR kuiv\u0161ampoon reisile \\\/ Dry Shampoo 75ml travel\"}]},{\"@type\":\"WebSite\",\"@id\":\"https:\\\/\\\/hairdeluxe.ee\\\/en\\\/#website\",\"url\":\"https:\\\/\\\/hairdeluxe.ee\\\/en\\\/\",\"name\":\"Hair Deluxe\",\"description\":\"Highlight your natural beauty\",\"publisher\":{\"@id\":\"https:\\\/\\\/hairdeluxe.ee\\\/en\\\/#organization\"},\"potentialAction\":[{\"@type\":\"SearchAction\",\"target\":{\"@type\":\"EntryPoint\",\"urlTemplate\":\"https:\\\/\\\/hairdeluxe.ee\\\/en\\\/?s={search_term_string}\"},\"query-input\":{\"@type\":\"PropertyValueSpecification\",\"valueRequired\":true,\"valueName\":\"search_term_string\"}}],\"inLanguage\":\"en-US\"},{\"@type\":\"Organization\",\"@id\":\"https:\\\/\\\/hairdeluxe.ee\\\/en\\\/#organization\",\"name\":\"Hair Deluxe\",\"url\":\"https:\\\/\\\/hairdeluxe.ee\\\/en\\\/\",\"logo\":{\"@type\":\"ImageObject\",\"inLanguage\":\"en-US\",\"@id\":\"https:\\\/\\\/hairdeluxe.ee\\\/en\\\/#\\\/schema\\\/logo\\\/image\\\/\",\"url\":\"https:\\\/\\\/hairdeluxe.ee\\\/wp-content\\\/uploads\\\/2024\\\/06\\\/Hair-Deluxe-Logo-Dark-font.png\",\"contentUrl\":\"https:\\\/\\\/hairdeluxe.ee\\\/wp-content\\\/uploads\\\/2024\\\/06\\\/Hair-Deluxe-Logo-Dark-font.png\",\"width\":467,\"height\":177,\"caption\":\"Hair Deluxe\"},\"image\":{\"@id\":\"https:\\\/\\\/hairdeluxe.ee\\\/en\\\/#\\\/schema\\\/logo\\\/image\\\/\"},\"sameAs\":[\"https:\\\/\\\/www.facebook.com\\\/blowbartallinn\",\"https:\\\/\\\/www.instagram.com\\\/blowbar_tallinn\"]}]}<\/script>\n<!-- \/ Yoast SEO plugin. -->","yoast_head_json":{"title":"BALMAIN HAIR kuiv\u0161ampoon reisile \/ Dry Shampoo 75ml travel - Hair Deluxe","robots":{"index":"index","follow":"follow","max-snippet":"max-snippet:-1","max-image-preview":"max-image-preview:large","max-video-preview":"max-video-preview:-1"},"canonical":"https:\/\/hairdeluxe.ee\/en\/product\/balmain-kuivsampoon-75-ml-dry-shampoo\/","og_locale":"en_US","og_type":"article","og_title":"BALMAIN HAIR kuiv\u0161ampoon reisile \/ Dry Shampoo 75ml travel - Hair Deluxe","og_description":"Balmain Hair signatuurl\u00f5hnaline kuiv\u0161ampoon v\u00e4rskendab ja elustab juukseid pesude vahel. Siidiproteiin ja argaania\u00f5li s\u00e4ilitavad optimaalse niiskustaseme juustes, parandades ja kaitstes kahjustunud, kuivi ja n\u00f5rkasid juukseid kahjuliku keskkonnam\u00f5ju eest. \u2013 imab endasse liigse rasu ja puhastab peanahka \u2013 teeb juuksed v\u00e4rskeks, s\u00e4ravaks ja meeldivalt l\u00f5hnastatuks Balmain Hair signatuurl\u00f5hnaga \u2013 kasuta soengu stiliseerimisel, et saavutada matt, tekstuurne ja kohev tulemus  Kasutamine:\u00a0Raputada hoolikalt. Hoida pudelit 20-30 cm kaugusel juustest ja pihustada salkudele kergete, sujuvate vajutustega. Lasta kuivada ning raputada\/kammida \u00fcleliigne toode juustest v\u00e4lja.  Soovitus:\u00a0Kasutada viimistlusvahendina, et luua matt, tekstureeritud ja vol\u00fc\u00fcmikas soengustiil.  Kogus: 75ml  Saadaval ka t\u00e4issuuruses toode 300ml","og_url":"https:\/\/hairdeluxe.ee\/en\/product\/balmain-kuivsampoon-75-ml-dry-shampoo\/","og_site_name":"Hair Deluxe","article_publisher":"https:\/\/www.facebook.com\/blowbartallinn","article_modified_time":"2025-03-18T19:22:42+00:00","og_image":[{"width":800,"height":800,"url":"https:\/\/hairdeluxe.ee\/wp-content\/uploads\/2024\/02\/balmain-hair-kuivshampoon-dry-shampoo-reisile-travel-juustele-peanahk-75ml-1.jpg","type":"image\/jpeg"}],"twitter_card":"summary_large_image","twitter_misc":{"Est. reading time":"1 minute"},"schema":{"@context":"https:\/\/schema.org","@graph":[{"@type":"WebPage","@id":"https:\/\/hairdeluxe.ee\/en\/product\/balmain-kuivsampoon-75-ml-dry-shampoo\/","url":"https:\/\/hairdeluxe.ee\/en\/product\/balmain-kuivsampoon-75-ml-dry-shampoo\/","name":"BALMAIN HAIR kuiv\u0161ampoon reisile \/ Dry Shampoo 75ml travel - Hair Deluxe","isPartOf":{"@id":"https:\/\/hairdeluxe.ee\/en\/#website"},"primaryImageOfPage":{"@id":"https:\/\/hairdeluxe.ee\/en\/product\/balmain-kuivsampoon-75-ml-dry-shampoo\/#primaryimage"},"image":{"@id":"https:\/\/hairdeluxe.ee\/en\/product\/balmain-kuivsampoon-75-ml-dry-shampoo\/#primaryimage"},"thumbnailUrl":"https:\/\/hairdeluxe.ee\/wp-content\/uploads\/2024\/02\/balmain-hair-kuivshampoon-dry-shampoo-reisile-travel-juustele-peanahk-75ml-1.jpg","datePublished":"2021-03-17T13:18:51+00:00","dateModified":"2025-03-18T19:22:42+00:00","breadcrumb":{"@id":"https:\/\/hairdeluxe.ee\/en\/product\/balmain-kuivsampoon-75-ml-dry-shampoo\/#breadcrumb"},"inLanguage":"en-US","potentialAction":[{"@type":"ReadAction","target":["https:\/\/hairdeluxe.ee\/en\/product\/balmain-kuivsampoon-75-ml-dry-shampoo\/"]}]},{"@type":"ImageObject","inLanguage":"en-US","@id":"https:\/\/hairdeluxe.ee\/en\/product\/balmain-kuivsampoon-75-ml-dry-shampoo\/#primaryimage","url":"https:\/\/hairdeluxe.ee\/wp-content\/uploads\/2024\/02\/balmain-hair-kuivshampoon-dry-shampoo-reisile-travel-juustele-peanahk-75ml-1.jpg","contentUrl":"https:\/\/hairdeluxe.ee\/wp-content\/uploads\/2024\/02\/balmain-hair-kuivshampoon-dry-shampoo-reisile-travel-juustele-peanahk-75ml-1.jpg","width":800,"height":800},{"@type":"BreadcrumbList","@id":"https:\/\/hairdeluxe.ee\/en\/product\/balmain-kuivsampoon-75-ml-dry-shampoo\/#breadcrumb","itemListElement":[{"@type":"ListItem","position":1,"name":"Home","item":"https:\/\/hairdeluxe.ee\/en\/"},{"@type":"ListItem","position":2,"name":"Shop","item":"https:\/\/hairdeluxe.ee\/en\/shop\/"},{"@type":"ListItem","position":3,"name":"BALMAIN HAIR kuiv\u0161ampoon reisile \/ Dry Shampoo 75ml travel"}]},{"@type":"WebSite","@id":"https:\/\/hairdeluxe.ee\/en\/#website","url":"https:\/\/hairdeluxe.ee\/en\/","name":"Hair Deluxe","description":"Highlight your natural beauty","publisher":{"@id":"https:\/\/hairdeluxe.ee\/en\/#organization"},"potentialAction":[{"@type":"SearchAction","target":{"@type":"EntryPoint","urlTemplate":"https:\/\/hairdeluxe.ee\/en\/?s={search_term_string}"},"query-input":{"@type":"PropertyValueSpecification","valueRequired":true,"valueName":"search_term_string"}}],"inLanguage":"en-US"},{"@type":"Organization","@id":"https:\/\/hairdeluxe.ee\/en\/#organization","name":"Hair Deluxe","url":"https:\/\/hairdeluxe.ee\/en\/","logo":{"@type":"ImageObject","inLanguage":"en-US","@id":"https:\/\/hairdeluxe.ee\/en\/#\/schema\/logo\/image\/","url":"https:\/\/hairdeluxe.ee\/wp-content\/uploads\/2024\/06\/Hair-Deluxe-Logo-Dark-font.png","contentUrl":"https:\/\/hairdeluxe.ee\/wp-content\/uploads\/2024\/06\/Hair-Deluxe-Logo-Dark-font.png","width":467,"height":177,"caption":"Hair Deluxe"},"image":{"@id":"https:\/\/hairdeluxe.ee\/en\/#\/schema\/logo\/image\/"},"sameAs":["https:\/\/www.facebook.com\/blowbartallinn","https:\/\/www.instagram.com\/blowbar_tallinn"]}]}},"_links":{"self":[{"href":"https:\/\/hairdeluxe.ee\/en\/wp-json\/wp\/v2\/product\/39906","targetHints":{"allow":["GET"]}}],"collection":[{"href":"https:\/\/hairdeluxe.ee\/en\/wp-json\/wp\/v2\/product"}],"about":[{"href":"https:\/\/hairdeluxe.ee\/en\/wp-json\/wp\/v2\/types\/product"}],"wp:featuredmedia":[{"embeddable":true,"href":"https:\/\/hairdeluxe.ee\/en\/wp-json\/wp\/v2\/media\/39263"}],"wp:attachment":[{"href":"https:\/\/hairdeluxe.ee\/en\/wp-json\/wp\/v2\/media?parent=39906"}],"wp:term":[{"taxonomy":"product_brand","embeddable":true,"href":"https:\/\/hairdeluxe.ee\/en\/wp-json\/wp\/v2\/product_brand?post=39906"},{"taxonomy":"product_cat","embeddable":true,"href":"https:\/\/hairdeluxe.ee\/en\/wp-json\/wp\/v2\/product_cat?post=39906"},{"taxonomy":"product_tag","embeddable":true,"href":"https:\/\/hairdeluxe.ee\/en\/wp-json\/wp\/v2\/product_tag?post=39906"}],"curies":[{"name":"wp","href":"https:\/\/api.w.org\/{rel}","templated":true}]}}