{"id":39910,"date":"2021-03-17T15:19:22","date_gmt":"2021-03-17T13:19:22","guid":{"rendered":"https:\/\/blowbar.ee\/toode\/import-placeholder-for-456\/"},"modified":"2025-03-18T19:22:40","modified_gmt":"2025-03-18T19:22:40","slug":"balmain-taaselustav-juuksepalsam-revitalizing-conditioner-300-ml","status":"publish","type":"product","link":"https:\/\/hairdeluxe.ee\/en\/product\/balmain-taaselustav-juuksepalsam-revitalizing-conditioner-300-ml\/","title":{"rendered":"BALMAIN HAIR juukseid taaselustav palsam \/ Revitalizing Conditioner 300ml"},"content":{"rendered":"<p><em><strong>Koostis:\u00a0<\/strong>Aqua\/Water, Cetearyl Alcohol, Behenamidopropyl Dimethylamine, Amodimethicone, Peg\/Ppg-14\/4 Dimethicone, Argania Spinosa Kernel Oil, Stearamidopropyl Dimethylamine, Tridecyl Salicylate, Polyquaternium-7, Polyquaternium-10, Guar Hydroxypropyltrimonium Chloride, Trideceth-10, Cetrimonium Chloride, Xanthan Gum, Lactobacillus\/Wasabia Japonica Root Ferment Extract, Rice Amino Acids, Hydrolyzed Wool, Glycerin, Sorbitol, Lecithin, Retinyl Palmitate, Panthenol, Silanetriol, Melaninate, Plyperfluoroethoxymethoxy Difluoroethyl Peg Phosphate, Superoxide Dismutase, Tocopheryl Acetate, Glyceryl Linolenate, Glyceryl Linoleate Diatomaceous Earth, Lactic Acid, Ethylhexylglycerin, Phenoxyethanol, Parfum.<\/em><\/p>\n","protected":false},"excerpt":{"rendered":"<p>On aeg t\u00f5eliseks energia boostiks! S\u00fcgavuti niisutav palsam kuivadele ja kahjustatud juustele, sisaldab juukseid taaselustavaid ja noorendavaid koostisosi.\u00a0Revitalizing Conditioner kuulub taaselustava hooldussarja valikusse.\u00a0Intensiivne v\u00e4rskendav hooldussari on v\u00e4lja t\u00f6\u00f6tatud kuivadele, kahjustatud ja \u00fclet\u00f6\u00f6deldud juustele. Tugevdab, taaselustab ja taastab juukseid s\u00fcgavuti.\u00a0Taaselustava tootesarja tooted on rikastatud parimate olemasolevate koostisosadega, sisaldades endas vitamiine E, F ja P, samuti ka\u0161miiri ja siidi. Vitamiin E omab juustele s\u00fcgavuti taaselustavad toimet. Vitamin F hoiab peanaha tervena. Vitamiin P taastab kuiva ja kahjustatud juust, tugevdades juuksekiude ja neid s\u00fcgavuti niisutades. T\u00e4nu ka\u0161miiri ja siidi koostisosadele tunduvad juuksed siledad ja siidiselt pehmed. Tulemuseks kaunilt s\u00e4ravad ja terve v\u00e4ljan\u00e4gemisega juuksed.\u00a0Palsam\u00a0on rikastatud parimate olemasolevate koostisosadega, sisaldades endas vitamiine E, F ja P, samuti ka\u0161miiri ja siidi. Parabeeni- ja sulfaadivaba.<\/p>\n<p><strong>Kasutamine:<\/strong> Kanda niisketele juustele, masseerida \u00f5rnalt 3 minutit ja loputada hoolikalt.<\/p>\n<p>Kogus: 300ml<\/p>\n<p><a href=\"https:\/\/www.balmainhair.ee\/toode\/balmain-revitalizing-shampoo-shampoon-palsam-kohevus-taasav-kahjustunud-juuksur-juuksed-salong-soeng\/\"><strong>Vaata lisaks:<\/strong> BALMAIN Hair juukseid taaselustav \u0161ampoon \/ Revitalizing Shampoo, 300 ml<\/a><\/p>\n","protected":false},"featured_media":21674,"template":"","meta":[],"product_brand":[464],"product_cat":[266,265,208,281,121,218],"product_tag":[],"class_list":{"0":"post-39910","1":"product","2":"type-product","3":"status-publish","4":"has-post-thumbnail","6":"product_brand-balmain-hair","7":"product_cat-balmain-hair","8":"product_cat-brandid","9":"product_cat-juuksehooldus","10":"product_cat-juukseid-taaselustav-revitilizing","11":"product_cat-koik-tooted","12":"product_cat-palsamid","14":"first","15":"instock","16":"taxable","17":"shipping-taxable","18":"purchasable","19":"product-type-simple","20":"add-to-wishlist-after_add_to_cart"},"yoast_head":"<!-- This site is optimized with the Yoast SEO plugin v27.3 - https:\/\/yoast.com\/product\/yoast-seo-wordpress\/ -->\n<title>BALMAIN HAIR juukseid taaselustav palsam \/ Revitalizing Conditioner 300ml - Hair Deluxe<\/title>\n<meta name=\"robots\" content=\"index, follow, max-snippet:-1, max-image-preview:large, max-video-preview:-1\" \/>\n<link rel=\"canonical\" href=\"https:\/\/hairdeluxe.ee\/en\/product\/balmain-taaselustav-juuksepalsam-revitalizing-conditioner-300-ml\/\" \/>\n<meta property=\"og:locale\" content=\"en_US\" \/>\n<meta property=\"og:type\" content=\"article\" \/>\n<meta property=\"og:title\" content=\"BALMAIN HAIR juukseid taaselustav palsam \/ Revitalizing Conditioner 300ml - Hair Deluxe\" \/>\n<meta property=\"og:description\" content=\"On aeg t\u00f5eliseks energia boostiks! S\u00fcgavuti niisutav palsam kuivadele ja kahjustatud juustele, sisaldab juukseid taaselustavaid ja noorendavaid koostisosi.\u00a0Revitalizing Conditioner kuulub taaselustava hooldussarja valikusse.\u00a0Intensiivne v\u00e4rskendav hooldussari on v\u00e4lja t\u00f6\u00f6tatud kuivadele, kahjustatud ja \u00fclet\u00f6\u00f6deldud juustele. Tugevdab, taaselustab ja taastab juukseid s\u00fcgavuti.\u00a0Taaselustava tootesarja tooted on rikastatud parimate olemasolevate koostisosadega, sisaldades endas vitamiine E, F ja P, samuti ka\u0161miiri ja siidi. Vitamiin E omab juustele s\u00fcgavuti taaselustavad toimet. Vitamin F hoiab peanaha tervena. Vitamiin P taastab kuiva ja kahjustatud juust, tugevdades juuksekiude ja neid s\u00fcgavuti niisutades. T\u00e4nu ka\u0161miiri ja siidi koostisosadele tunduvad juuksed siledad ja siidiselt pehmed. Tulemuseks kaunilt s\u00e4ravad ja terve v\u00e4ljan\u00e4gemisega juuksed.\u00a0Palsam\u00a0on rikastatud parimate olemasolevate koostisosadega, sisaldades endas vitamiine E, F ja P, samuti ka\u0161miiri ja siidi. Parabeeni- ja sulfaadivaba.  Kasutamine: Kanda niisketele juustele, masseerida \u00f5rnalt 3 minutit ja loputada hoolikalt.  Kogus: 300ml  Vaata lisaks: BALMAIN Hair juukseid taaselustav \u0161ampoon \/ Revitalizing Shampoo, 300 ml\" \/>\n<meta property=\"og:url\" content=\"https:\/\/hairdeluxe.ee\/en\/product\/balmain-taaselustav-juuksepalsam-revitalizing-conditioner-300-ml\/\" \/>\n<meta property=\"og:site_name\" content=\"Hair Deluxe\" \/>\n<meta property=\"article:publisher\" content=\"https:\/\/www.facebook.com\/blowbartallinn\" \/>\n<meta property=\"article:modified_time\" content=\"2025-03-18T19:22:40+00:00\" \/>\n<meta property=\"og:image\" content=\"https:\/\/hairdeluxe.ee\/wp-content\/uploads\/2021\/03\/revi-cond.jpg\" \/>\n\t<meta property=\"og:image:width\" content=\"800\" \/>\n\t<meta property=\"og:image:height\" content=\"800\" \/>\n\t<meta property=\"og:image:type\" content=\"image\/jpeg\" \/>\n<meta name=\"twitter:card\" content=\"summary_large_image\" \/>\n<script type=\"application\/ld+json\" class=\"yoast-schema-graph\">{\"@context\":\"https:\\\/\\\/schema.org\",\"@graph\":[{\"@type\":\"WebPage\",\"@id\":\"https:\\\/\\\/hairdeluxe.ee\\\/en\\\/product\\\/balmain-taaselustav-juuksepalsam-revitalizing-conditioner-300-ml\\\/\",\"url\":\"https:\\\/\\\/hairdeluxe.ee\\\/en\\\/product\\\/balmain-taaselustav-juuksepalsam-revitalizing-conditioner-300-ml\\\/\",\"name\":\"BALMAIN HAIR juukseid taaselustav palsam \\\/ Revitalizing Conditioner 300ml - Hair Deluxe\",\"isPartOf\":{\"@id\":\"https:\\\/\\\/hairdeluxe.ee\\\/en\\\/#website\"},\"primaryImageOfPage\":{\"@id\":\"https:\\\/\\\/hairdeluxe.ee\\\/en\\\/product\\\/balmain-taaselustav-juuksepalsam-revitalizing-conditioner-300-ml\\\/#primaryimage\"},\"image\":{\"@id\":\"https:\\\/\\\/hairdeluxe.ee\\\/en\\\/product\\\/balmain-taaselustav-juuksepalsam-revitalizing-conditioner-300-ml\\\/#primaryimage\"},\"thumbnailUrl\":\"https:\\\/\\\/hairdeluxe.ee\\\/wp-content\\\/uploads\\\/2021\\\/03\\\/revi-cond.jpg\",\"datePublished\":\"2021-03-17T13:19:22+00:00\",\"dateModified\":\"2025-03-18T19:22:40+00:00\",\"breadcrumb\":{\"@id\":\"https:\\\/\\\/hairdeluxe.ee\\\/en\\\/product\\\/balmain-taaselustav-juuksepalsam-revitalizing-conditioner-300-ml\\\/#breadcrumb\"},\"inLanguage\":\"en-US\",\"potentialAction\":[{\"@type\":\"ReadAction\",\"target\":[\"https:\\\/\\\/hairdeluxe.ee\\\/en\\\/product\\\/balmain-taaselustav-juuksepalsam-revitalizing-conditioner-300-ml\\\/\"]}]},{\"@type\":\"ImageObject\",\"inLanguage\":\"en-US\",\"@id\":\"https:\\\/\\\/hairdeluxe.ee\\\/en\\\/product\\\/balmain-taaselustav-juuksepalsam-revitalizing-conditioner-300-ml\\\/#primaryimage\",\"url\":\"https:\\\/\\\/hairdeluxe.ee\\\/wp-content\\\/uploads\\\/2021\\\/03\\\/revi-cond.jpg\",\"contentUrl\":\"https:\\\/\\\/hairdeluxe.ee\\\/wp-content\\\/uploads\\\/2021\\\/03\\\/revi-cond.jpg\",\"width\":800,\"height\":800},{\"@type\":\"BreadcrumbList\",\"@id\":\"https:\\\/\\\/hairdeluxe.ee\\\/en\\\/product\\\/balmain-taaselustav-juuksepalsam-revitalizing-conditioner-300-ml\\\/#breadcrumb\",\"itemListElement\":[{\"@type\":\"ListItem\",\"position\":1,\"name\":\"Home\",\"item\":\"https:\\\/\\\/hairdeluxe.ee\\\/en\\\/\"},{\"@type\":\"ListItem\",\"position\":2,\"name\":\"Shop\",\"item\":\"https:\\\/\\\/hairdeluxe.ee\\\/en\\\/shop\\\/\"},{\"@type\":\"ListItem\",\"position\":3,\"name\":\"BALMAIN HAIR juukseid taaselustav palsam \\\/ Revitalizing Conditioner 300ml\"}]},{\"@type\":\"WebSite\",\"@id\":\"https:\\\/\\\/hairdeluxe.ee\\\/en\\\/#website\",\"url\":\"https:\\\/\\\/hairdeluxe.ee\\\/en\\\/\",\"name\":\"Hair Deluxe\",\"description\":\"Highlight your natural beauty\",\"publisher\":{\"@id\":\"https:\\\/\\\/hairdeluxe.ee\\\/en\\\/#organization\"},\"potentialAction\":[{\"@type\":\"SearchAction\",\"target\":{\"@type\":\"EntryPoint\",\"urlTemplate\":\"https:\\\/\\\/hairdeluxe.ee\\\/en\\\/?s={search_term_string}\"},\"query-input\":{\"@type\":\"PropertyValueSpecification\",\"valueRequired\":true,\"valueName\":\"search_term_string\"}}],\"inLanguage\":\"en-US\"},{\"@type\":\"Organization\",\"@id\":\"https:\\\/\\\/hairdeluxe.ee\\\/en\\\/#organization\",\"name\":\"Hair Deluxe\",\"url\":\"https:\\\/\\\/hairdeluxe.ee\\\/en\\\/\",\"logo\":{\"@type\":\"ImageObject\",\"inLanguage\":\"en-US\",\"@id\":\"https:\\\/\\\/hairdeluxe.ee\\\/en\\\/#\\\/schema\\\/logo\\\/image\\\/\",\"url\":\"https:\\\/\\\/hairdeluxe.ee\\\/wp-content\\\/uploads\\\/2024\\\/06\\\/Hair-Deluxe-Logo-Dark-font.png\",\"contentUrl\":\"https:\\\/\\\/hairdeluxe.ee\\\/wp-content\\\/uploads\\\/2024\\\/06\\\/Hair-Deluxe-Logo-Dark-font.png\",\"width\":467,\"height\":177,\"caption\":\"Hair Deluxe\"},\"image\":{\"@id\":\"https:\\\/\\\/hairdeluxe.ee\\\/en\\\/#\\\/schema\\\/logo\\\/image\\\/\"},\"sameAs\":[\"https:\\\/\\\/www.facebook.com\\\/blowbartallinn\",\"https:\\\/\\\/www.instagram.com\\\/blowbar_tallinn\"]}]}<\/script>\n<!-- \/ Yoast SEO plugin. -->","yoast_head_json":{"title":"BALMAIN HAIR juukseid taaselustav palsam \/ Revitalizing Conditioner 300ml - Hair Deluxe","robots":{"index":"index","follow":"follow","max-snippet":"max-snippet:-1","max-image-preview":"max-image-preview:large","max-video-preview":"max-video-preview:-1"},"canonical":"https:\/\/hairdeluxe.ee\/en\/product\/balmain-taaselustav-juuksepalsam-revitalizing-conditioner-300-ml\/","og_locale":"en_US","og_type":"article","og_title":"BALMAIN HAIR juukseid taaselustav palsam \/ Revitalizing Conditioner 300ml - Hair Deluxe","og_description":"On aeg t\u00f5eliseks energia boostiks! S\u00fcgavuti niisutav palsam kuivadele ja kahjustatud juustele, sisaldab juukseid taaselustavaid ja noorendavaid koostisosi.\u00a0Revitalizing Conditioner kuulub taaselustava hooldussarja valikusse.\u00a0Intensiivne v\u00e4rskendav hooldussari on v\u00e4lja t\u00f6\u00f6tatud kuivadele, kahjustatud ja \u00fclet\u00f6\u00f6deldud juustele. Tugevdab, taaselustab ja taastab juukseid s\u00fcgavuti.\u00a0Taaselustava tootesarja tooted on rikastatud parimate olemasolevate koostisosadega, sisaldades endas vitamiine E, F ja P, samuti ka\u0161miiri ja siidi. Vitamiin E omab juustele s\u00fcgavuti taaselustavad toimet. Vitamin F hoiab peanaha tervena. Vitamiin P taastab kuiva ja kahjustatud juust, tugevdades juuksekiude ja neid s\u00fcgavuti niisutades. T\u00e4nu ka\u0161miiri ja siidi koostisosadele tunduvad juuksed siledad ja siidiselt pehmed. Tulemuseks kaunilt s\u00e4ravad ja terve v\u00e4ljan\u00e4gemisega juuksed.\u00a0Palsam\u00a0on rikastatud parimate olemasolevate koostisosadega, sisaldades endas vitamiine E, F ja P, samuti ka\u0161miiri ja siidi. Parabeeni- ja sulfaadivaba.  Kasutamine: Kanda niisketele juustele, masseerida \u00f5rnalt 3 minutit ja loputada hoolikalt.  Kogus: 300ml  Vaata lisaks: BALMAIN Hair juukseid taaselustav \u0161ampoon \/ Revitalizing Shampoo, 300 ml","og_url":"https:\/\/hairdeluxe.ee\/en\/product\/balmain-taaselustav-juuksepalsam-revitalizing-conditioner-300-ml\/","og_site_name":"Hair Deluxe","article_publisher":"https:\/\/www.facebook.com\/blowbartallinn","article_modified_time":"2025-03-18T19:22:40+00:00","og_image":[{"width":800,"height":800,"url":"https:\/\/hairdeluxe.ee\/wp-content\/uploads\/2021\/03\/revi-cond.jpg","type":"image\/jpeg"}],"twitter_card":"summary_large_image","schema":{"@context":"https:\/\/schema.org","@graph":[{"@type":"WebPage","@id":"https:\/\/hairdeluxe.ee\/en\/product\/balmain-taaselustav-juuksepalsam-revitalizing-conditioner-300-ml\/","url":"https:\/\/hairdeluxe.ee\/en\/product\/balmain-taaselustav-juuksepalsam-revitalizing-conditioner-300-ml\/","name":"BALMAIN HAIR juukseid taaselustav palsam \/ Revitalizing Conditioner 300ml - Hair Deluxe","isPartOf":{"@id":"https:\/\/hairdeluxe.ee\/en\/#website"},"primaryImageOfPage":{"@id":"https:\/\/hairdeluxe.ee\/en\/product\/balmain-taaselustav-juuksepalsam-revitalizing-conditioner-300-ml\/#primaryimage"},"image":{"@id":"https:\/\/hairdeluxe.ee\/en\/product\/balmain-taaselustav-juuksepalsam-revitalizing-conditioner-300-ml\/#primaryimage"},"thumbnailUrl":"https:\/\/hairdeluxe.ee\/wp-content\/uploads\/2021\/03\/revi-cond.jpg","datePublished":"2021-03-17T13:19:22+00:00","dateModified":"2025-03-18T19:22:40+00:00","breadcrumb":{"@id":"https:\/\/hairdeluxe.ee\/en\/product\/balmain-taaselustav-juuksepalsam-revitalizing-conditioner-300-ml\/#breadcrumb"},"inLanguage":"en-US","potentialAction":[{"@type":"ReadAction","target":["https:\/\/hairdeluxe.ee\/en\/product\/balmain-taaselustav-juuksepalsam-revitalizing-conditioner-300-ml\/"]}]},{"@type":"ImageObject","inLanguage":"en-US","@id":"https:\/\/hairdeluxe.ee\/en\/product\/balmain-taaselustav-juuksepalsam-revitalizing-conditioner-300-ml\/#primaryimage","url":"https:\/\/hairdeluxe.ee\/wp-content\/uploads\/2021\/03\/revi-cond.jpg","contentUrl":"https:\/\/hairdeluxe.ee\/wp-content\/uploads\/2021\/03\/revi-cond.jpg","width":800,"height":800},{"@type":"BreadcrumbList","@id":"https:\/\/hairdeluxe.ee\/en\/product\/balmain-taaselustav-juuksepalsam-revitalizing-conditioner-300-ml\/#breadcrumb","itemListElement":[{"@type":"ListItem","position":1,"name":"Home","item":"https:\/\/hairdeluxe.ee\/en\/"},{"@type":"ListItem","position":2,"name":"Shop","item":"https:\/\/hairdeluxe.ee\/en\/shop\/"},{"@type":"ListItem","position":3,"name":"BALMAIN HAIR juukseid taaselustav palsam \/ Revitalizing Conditioner 300ml"}]},{"@type":"WebSite","@id":"https:\/\/hairdeluxe.ee\/en\/#website","url":"https:\/\/hairdeluxe.ee\/en\/","name":"Hair Deluxe","description":"Highlight your natural beauty","publisher":{"@id":"https:\/\/hairdeluxe.ee\/en\/#organization"},"potentialAction":[{"@type":"SearchAction","target":{"@type":"EntryPoint","urlTemplate":"https:\/\/hairdeluxe.ee\/en\/?s={search_term_string}"},"query-input":{"@type":"PropertyValueSpecification","valueRequired":true,"valueName":"search_term_string"}}],"inLanguage":"en-US"},{"@type":"Organization","@id":"https:\/\/hairdeluxe.ee\/en\/#organization","name":"Hair Deluxe","url":"https:\/\/hairdeluxe.ee\/en\/","logo":{"@type":"ImageObject","inLanguage":"en-US","@id":"https:\/\/hairdeluxe.ee\/en\/#\/schema\/logo\/image\/","url":"https:\/\/hairdeluxe.ee\/wp-content\/uploads\/2024\/06\/Hair-Deluxe-Logo-Dark-font.png","contentUrl":"https:\/\/hairdeluxe.ee\/wp-content\/uploads\/2024\/06\/Hair-Deluxe-Logo-Dark-font.png","width":467,"height":177,"caption":"Hair Deluxe"},"image":{"@id":"https:\/\/hairdeluxe.ee\/en\/#\/schema\/logo\/image\/"},"sameAs":["https:\/\/www.facebook.com\/blowbartallinn","https:\/\/www.instagram.com\/blowbar_tallinn"]}]}},"_links":{"self":[{"href":"https:\/\/hairdeluxe.ee\/en\/wp-json\/wp\/v2\/product\/39910","targetHints":{"allow":["GET"]}}],"collection":[{"href":"https:\/\/hairdeluxe.ee\/en\/wp-json\/wp\/v2\/product"}],"about":[{"href":"https:\/\/hairdeluxe.ee\/en\/wp-json\/wp\/v2\/types\/product"}],"wp:featuredmedia":[{"embeddable":true,"href":"https:\/\/hairdeluxe.ee\/en\/wp-json\/wp\/v2\/media\/21674"}],"wp:attachment":[{"href":"https:\/\/hairdeluxe.ee\/en\/wp-json\/wp\/v2\/media?parent=39910"}],"wp:term":[{"taxonomy":"product_brand","embeddable":true,"href":"https:\/\/hairdeluxe.ee\/en\/wp-json\/wp\/v2\/product_brand?post=39910"},{"taxonomy":"product_cat","embeddable":true,"href":"https:\/\/hairdeluxe.ee\/en\/wp-json\/wp\/v2\/product_cat?post=39910"},{"taxonomy":"product_tag","embeddable":true,"href":"https:\/\/hairdeluxe.ee\/en\/wp-json\/wp\/v2\/product_tag?post=39910"}],"curies":[{"name":"wp","href":"https:\/\/api.w.org\/{rel}","templated":true}]}}