{"id":39913,"date":"2021-03-17T15:19:22","date_gmt":"2021-03-17T13:19:22","guid":{"rendered":"https:\/\/blowbar.ee\/toode\/import-placeholder-for-461\/"},"modified":"2025-03-18T19:22:40","modified_gmt":"2025-03-18T19:22:40","slug":"balmain-taaselustav-sampoon-revitalizing-shampoo-300-ml","status":"publish","type":"product","link":"https:\/\/hairdeluxe.ee\/en\/product\/balmain-taaselustav-sampoon-revitalizing-shampoo-300-ml\/","title":{"rendered":"BALMAIN HAIR juukseid taaselustav \u0161ampoon \/ Revitalizing Shampoo 300ml"},"content":{"rendered":"<p><em><strong>Koostis:<\/strong>\u00a0Aqua\/Water, Sodium Coceth Sulfate, Cocamidopropyl, Betaine, Peg-200 Hydrogenated Glyceryl Palmate, Peg\/Ppg-14\/4 Dimethicone, Plyquaternium-7, Distearyl Ether, Dicaprylyl Ether, Sodium Laureth Sulfate, Guar Hydroxypropyltrimonium Chloride, Plyquaternium-10, Xanthan Gum, Peg-7 Glyceryl Cocoate, Peg-4 Distearyl Ether, Lactobacillus\/Wasabia Japonica Root Ferment Extract, Lactobacillus\/Phoenix Dactylifera Fruit Ferment Extract, Hamamelis Virginiana Leaf Extract\/Witch Hazel Leaf Extract, Rice Amino Acids, Hydrolyzed Wool, Glycerin, Sorbitol, Lecithin, Retinyl Palmitate, Panthenol, Silanetriol Melaninate, Polyperfluoroethoxymethoxy Difluoroethyl Peg Phosphate, Superoxide Dismutase, Tocopheryl Acetate, Glyceryl Linoleate, Glyceryl Linoleate Diatomaceous Earth, Sodium Chloride, Citric Acid, Sodium Benzoate, Ethylhexylglycerin, Phenoxyethanol, Parfum\/Fragrance.<\/em><\/p>\n","protected":false},"excerpt":{"rendered":"<p>Revitalizing Shampoo kuulub taaselustava hooldussarja valikusse. Intensiivne v\u00e4rskendav sari on v\u00e4lja t\u00f6\u00f6tatud kuivadele, kahjustatud ja \u00fclet\u00f6\u00f6deldud juustele. Tugevdab, taaselustab ja taastab juukseid s\u00fcgavuti.<br \/>\nKingib juustele uut eluj\u00f5udu!\u00a0Puhastab \u00f5rnalt kuivi ja kahjustatud juukseid, neid samaaegselt s\u00fcgavuti niisutades, toites ja tugevdades.\u00a0Taaselustava tootesarja tooted on rikastatud parimate olemasolevate koostisosadega, sisaldades endas vitamiine E, F ja P, samuti ka\u0161miiri- ja siidiproteiine.\u00a0Vitamiin E omab juustele s\u00fcgavuti taaselustavad toimet.\u00a0Vitamin F hoiab peanaha tervena.\u00a0Vitamiin P taastab kuiva ja kahjustatud juust, tugevdades juuksekiude ja neid s\u00fcgavuti niisutades.<br \/>\nT\u00e4nu ka\u0161miiri ja siidi koostisosadele tunduvad juuksed siledad ning siidiselt pehmed. Tulemuseks kaunilt s\u00e4ravad ja terve v\u00e4ljan\u00e4gemisega juuksed.\u00a0Parabeeni- ja sulfaadivaba.<br \/>\n&#8211; T\u00e4iuslik koostisosade valik l\u00e4ikivate ja tervete juuste jaoks<br \/>\n&#8211; Niisutab s\u00fcgavuti kuive ja kahjustatud juukseid<br \/>\n&#8211; Muudab juuksed pehmeks ja s\u00e4ravaks<\/p>\n<p><strong>Kasutamine:<\/strong> Kanda m\u00e4rgadele juustele, masseerida \u00f5rnalt juukseid ja peanahka ning loputada seej\u00e4rel juustest v\u00e4lja.<\/p>\n<p>Kogus: 300 ml<\/p>\n<p><a href=\"https:\/\/www.balmainhair.ee\/toode\/balmain-revitalizing-conditioner-300-ml\/\"><strong>Vaata lisaks: <\/strong>BALMAIN Hair juukseid taaselustav palsam \/ Revitalizing Conditioner, 300 ml<\/a><\/p>\n","protected":false},"featured_media":21676,"template":"","meta":[],"product_brand":[464],"product_cat":[266,265,208,281,121,227],"product_tag":[],"class_list":{"0":"post-39913","1":"product","2":"type-product","3":"status-publish","4":"has-post-thumbnail","6":"product_brand-balmain-hair","7":"product_cat-balmain-hair","8":"product_cat-brandid","9":"product_cat-juuksehooldus","10":"product_cat-juukseid-taaselustav-revitilizing","11":"product_cat-koik-tooted","12":"product_cat-shampoonid","14":"first","15":"instock","16":"taxable","17":"shipping-taxable","18":"purchasable","19":"product-type-simple","20":"add-to-wishlist-after_add_to_cart"},"yoast_head":"<!-- This site is optimized with the Yoast SEO plugin v27.4 - https:\/\/yoast.com\/product\/yoast-seo-wordpress\/ -->\n<title>BALMAIN HAIR juukseid taaselustav \u0161ampoon \/ Revitalizing Shampoo 300ml - Hair Deluxe<\/title>\n<meta name=\"robots\" content=\"index, follow, max-snippet:-1, max-image-preview:large, max-video-preview:-1\" \/>\n<link rel=\"canonical\" href=\"https:\/\/hairdeluxe.ee\/en\/product\/balmain-taaselustav-sampoon-revitalizing-shampoo-300-ml\/\" \/>\n<meta property=\"og:locale\" content=\"en_US\" \/>\n<meta property=\"og:type\" content=\"article\" \/>\n<meta property=\"og:title\" content=\"BALMAIN HAIR juukseid taaselustav \u0161ampoon \/ Revitalizing Shampoo 300ml - Hair Deluxe\" \/>\n<meta property=\"og:description\" content=\"Revitalizing Shampoo kuulub taaselustava hooldussarja valikusse. Intensiivne v\u00e4rskendav sari on v\u00e4lja t\u00f6\u00f6tatud kuivadele, kahjustatud ja \u00fclet\u00f6\u00f6deldud juustele. Tugevdab, taaselustab ja taastab juukseid s\u00fcgavuti. Kingib juustele uut eluj\u00f5udu!\u00a0Puhastab \u00f5rnalt kuivi ja kahjustatud juukseid, neid samaaegselt s\u00fcgavuti niisutades, toites ja tugevdades.\u00a0Taaselustava tootesarja tooted on rikastatud parimate olemasolevate koostisosadega, sisaldades endas vitamiine E, F ja P, samuti ka\u0161miiri- ja siidiproteiine.\u00a0Vitamiin E omab juustele s\u00fcgavuti taaselustavad toimet.\u00a0Vitamin F hoiab peanaha tervena.\u00a0Vitamiin P taastab kuiva ja kahjustatud juust, tugevdades juuksekiude ja neid s\u00fcgavuti niisutades. T\u00e4nu ka\u0161miiri ja siidi koostisosadele tunduvad juuksed siledad ning siidiselt pehmed. Tulemuseks kaunilt s\u00e4ravad ja terve v\u00e4ljan\u00e4gemisega juuksed.\u00a0Parabeeni- ja sulfaadivaba. - T\u00e4iuslik koostisosade valik l\u00e4ikivate ja tervete juuste jaoks - Niisutab s\u00fcgavuti kuive ja kahjustatud juukseid - Muudab juuksed pehmeks ja s\u00e4ravaks  Kasutamine: Kanda m\u00e4rgadele juustele, masseerida \u00f5rnalt juukseid ja peanahka ning loputada seej\u00e4rel juustest v\u00e4lja.  Kogus: 300 ml  Vaata lisaks: BALMAIN Hair juukseid taaselustav palsam \/ Revitalizing Conditioner, 300 ml\" \/>\n<meta property=\"og:url\" content=\"https:\/\/hairdeluxe.ee\/en\/product\/balmain-taaselustav-sampoon-revitalizing-shampoo-300-ml\/\" \/>\n<meta property=\"og:site_name\" content=\"Hair Deluxe\" \/>\n<meta property=\"article:publisher\" content=\"https:\/\/www.facebook.com\/blowbartallinn\" \/>\n<meta property=\"article:modified_time\" content=\"2025-03-18T19:22:40+00:00\" \/>\n<meta property=\"og:image\" content=\"https:\/\/hairdeluxe.ee\/wp-content\/uploads\/2021\/03\/revitalizing-shampoo.jpg\" \/>\n\t<meta property=\"og:image:width\" content=\"800\" \/>\n\t<meta property=\"og:image:height\" content=\"800\" \/>\n\t<meta property=\"og:image:type\" content=\"image\/jpeg\" \/>\n<meta name=\"twitter:card\" content=\"summary_large_image\" \/>\n<script type=\"application\/ld+json\" class=\"yoast-schema-graph\">{\"@context\":\"https:\\\/\\\/schema.org\",\"@graph\":[{\"@type\":\"WebPage\",\"@id\":\"https:\\\/\\\/hairdeluxe.ee\\\/en\\\/product\\\/balmain-taaselustav-sampoon-revitalizing-shampoo-300-ml\\\/\",\"url\":\"https:\\\/\\\/hairdeluxe.ee\\\/en\\\/product\\\/balmain-taaselustav-sampoon-revitalizing-shampoo-300-ml\\\/\",\"name\":\"BALMAIN HAIR juukseid taaselustav \u0161ampoon \\\/ Revitalizing Shampoo 300ml - Hair Deluxe\",\"isPartOf\":{\"@id\":\"https:\\\/\\\/hairdeluxe.ee\\\/en\\\/#website\"},\"primaryImageOfPage\":{\"@id\":\"https:\\\/\\\/hairdeluxe.ee\\\/en\\\/product\\\/balmain-taaselustav-sampoon-revitalizing-shampoo-300-ml\\\/#primaryimage\"},\"image\":{\"@id\":\"https:\\\/\\\/hairdeluxe.ee\\\/en\\\/product\\\/balmain-taaselustav-sampoon-revitalizing-shampoo-300-ml\\\/#primaryimage\"},\"thumbnailUrl\":\"https:\\\/\\\/hairdeluxe.ee\\\/wp-content\\\/uploads\\\/2021\\\/03\\\/revitalizing-shampoo.jpg\",\"datePublished\":\"2021-03-17T13:19:22+00:00\",\"dateModified\":\"2025-03-18T19:22:40+00:00\",\"breadcrumb\":{\"@id\":\"https:\\\/\\\/hairdeluxe.ee\\\/en\\\/product\\\/balmain-taaselustav-sampoon-revitalizing-shampoo-300-ml\\\/#breadcrumb\"},\"inLanguage\":\"en-US\",\"potentialAction\":[{\"@type\":\"ReadAction\",\"target\":[\"https:\\\/\\\/hairdeluxe.ee\\\/en\\\/product\\\/balmain-taaselustav-sampoon-revitalizing-shampoo-300-ml\\\/\"]}]},{\"@type\":\"ImageObject\",\"inLanguage\":\"en-US\",\"@id\":\"https:\\\/\\\/hairdeluxe.ee\\\/en\\\/product\\\/balmain-taaselustav-sampoon-revitalizing-shampoo-300-ml\\\/#primaryimage\",\"url\":\"https:\\\/\\\/hairdeluxe.ee\\\/wp-content\\\/uploads\\\/2021\\\/03\\\/revitalizing-shampoo.jpg\",\"contentUrl\":\"https:\\\/\\\/hairdeluxe.ee\\\/wp-content\\\/uploads\\\/2021\\\/03\\\/revitalizing-shampoo.jpg\",\"width\":800,\"height\":800},{\"@type\":\"BreadcrumbList\",\"@id\":\"https:\\\/\\\/hairdeluxe.ee\\\/en\\\/product\\\/balmain-taaselustav-sampoon-revitalizing-shampoo-300-ml\\\/#breadcrumb\",\"itemListElement\":[{\"@type\":\"ListItem\",\"position\":1,\"name\":\"Home\",\"item\":\"https:\\\/\\\/hairdeluxe.ee\\\/en\\\/\"},{\"@type\":\"ListItem\",\"position\":2,\"name\":\"Shop\",\"item\":\"https:\\\/\\\/hairdeluxe.ee\\\/en\\\/shop\\\/\"},{\"@type\":\"ListItem\",\"position\":3,\"name\":\"BALMAIN HAIR juukseid taaselustav \u0161ampoon \\\/ Revitalizing Shampoo 300ml\"}]},{\"@type\":\"WebSite\",\"@id\":\"https:\\\/\\\/hairdeluxe.ee\\\/en\\\/#website\",\"url\":\"https:\\\/\\\/hairdeluxe.ee\\\/en\\\/\",\"name\":\"Hair Deluxe\",\"description\":\"Highlight your natural beauty\",\"publisher\":{\"@id\":\"https:\\\/\\\/hairdeluxe.ee\\\/en\\\/#organization\"},\"potentialAction\":[{\"@type\":\"SearchAction\",\"target\":{\"@type\":\"EntryPoint\",\"urlTemplate\":\"https:\\\/\\\/hairdeluxe.ee\\\/en\\\/?s={search_term_string}\"},\"query-input\":{\"@type\":\"PropertyValueSpecification\",\"valueRequired\":true,\"valueName\":\"search_term_string\"}}],\"inLanguage\":\"en-US\"},{\"@type\":\"Organization\",\"@id\":\"https:\\\/\\\/hairdeluxe.ee\\\/en\\\/#organization\",\"name\":\"Hair Deluxe\",\"url\":\"https:\\\/\\\/hairdeluxe.ee\\\/en\\\/\",\"logo\":{\"@type\":\"ImageObject\",\"inLanguage\":\"en-US\",\"@id\":\"https:\\\/\\\/hairdeluxe.ee\\\/en\\\/#\\\/schema\\\/logo\\\/image\\\/\",\"url\":\"https:\\\/\\\/hairdeluxe.ee\\\/wp-content\\\/uploads\\\/2024\\\/06\\\/Hair-Deluxe-Logo-Dark-font.png\",\"contentUrl\":\"https:\\\/\\\/hairdeluxe.ee\\\/wp-content\\\/uploads\\\/2024\\\/06\\\/Hair-Deluxe-Logo-Dark-font.png\",\"width\":467,\"height\":177,\"caption\":\"Hair Deluxe\"},\"image\":{\"@id\":\"https:\\\/\\\/hairdeluxe.ee\\\/en\\\/#\\\/schema\\\/logo\\\/image\\\/\"},\"sameAs\":[\"https:\\\/\\\/www.facebook.com\\\/blowbartallinn\",\"https:\\\/\\\/www.instagram.com\\\/blowbar_tallinn\"]}]}<\/script>\n<!-- \/ Yoast SEO plugin. -->","yoast_head_json":{"title":"BALMAIN HAIR juukseid taaselustav \u0161ampoon \/ Revitalizing Shampoo 300ml - Hair Deluxe","robots":{"index":"index","follow":"follow","max-snippet":"max-snippet:-1","max-image-preview":"max-image-preview:large","max-video-preview":"max-video-preview:-1"},"canonical":"https:\/\/hairdeluxe.ee\/en\/product\/balmain-taaselustav-sampoon-revitalizing-shampoo-300-ml\/","og_locale":"en_US","og_type":"article","og_title":"BALMAIN HAIR juukseid taaselustav \u0161ampoon \/ Revitalizing Shampoo 300ml - Hair Deluxe","og_description":"Revitalizing Shampoo kuulub taaselustava hooldussarja valikusse. Intensiivne v\u00e4rskendav sari on v\u00e4lja t\u00f6\u00f6tatud kuivadele, kahjustatud ja \u00fclet\u00f6\u00f6deldud juustele. Tugevdab, taaselustab ja taastab juukseid s\u00fcgavuti. Kingib juustele uut eluj\u00f5udu!\u00a0Puhastab \u00f5rnalt kuivi ja kahjustatud juukseid, neid samaaegselt s\u00fcgavuti niisutades, toites ja tugevdades.\u00a0Taaselustava tootesarja tooted on rikastatud parimate olemasolevate koostisosadega, sisaldades endas vitamiine E, F ja P, samuti ka\u0161miiri- ja siidiproteiine.\u00a0Vitamiin E omab juustele s\u00fcgavuti taaselustavad toimet.\u00a0Vitamin F hoiab peanaha tervena.\u00a0Vitamiin P taastab kuiva ja kahjustatud juust, tugevdades juuksekiude ja neid s\u00fcgavuti niisutades. T\u00e4nu ka\u0161miiri ja siidi koostisosadele tunduvad juuksed siledad ning siidiselt pehmed. Tulemuseks kaunilt s\u00e4ravad ja terve v\u00e4ljan\u00e4gemisega juuksed.\u00a0Parabeeni- ja sulfaadivaba. - T\u00e4iuslik koostisosade valik l\u00e4ikivate ja tervete juuste jaoks - Niisutab s\u00fcgavuti kuive ja kahjustatud juukseid - Muudab juuksed pehmeks ja s\u00e4ravaks  Kasutamine: Kanda m\u00e4rgadele juustele, masseerida \u00f5rnalt juukseid ja peanahka ning loputada seej\u00e4rel juustest v\u00e4lja.  Kogus: 300 ml  Vaata lisaks: BALMAIN Hair juukseid taaselustav palsam \/ Revitalizing Conditioner, 300 ml","og_url":"https:\/\/hairdeluxe.ee\/en\/product\/balmain-taaselustav-sampoon-revitalizing-shampoo-300-ml\/","og_site_name":"Hair Deluxe","article_publisher":"https:\/\/www.facebook.com\/blowbartallinn","article_modified_time":"2025-03-18T19:22:40+00:00","og_image":[{"width":800,"height":800,"url":"https:\/\/hairdeluxe.ee\/wp-content\/uploads\/2021\/03\/revitalizing-shampoo.jpg","type":"image\/jpeg"}],"twitter_card":"summary_large_image","schema":{"@context":"https:\/\/schema.org","@graph":[{"@type":"WebPage","@id":"https:\/\/hairdeluxe.ee\/en\/product\/balmain-taaselustav-sampoon-revitalizing-shampoo-300-ml\/","url":"https:\/\/hairdeluxe.ee\/en\/product\/balmain-taaselustav-sampoon-revitalizing-shampoo-300-ml\/","name":"BALMAIN HAIR juukseid taaselustav \u0161ampoon \/ Revitalizing Shampoo 300ml - Hair Deluxe","isPartOf":{"@id":"https:\/\/hairdeluxe.ee\/en\/#website"},"primaryImageOfPage":{"@id":"https:\/\/hairdeluxe.ee\/en\/product\/balmain-taaselustav-sampoon-revitalizing-shampoo-300-ml\/#primaryimage"},"image":{"@id":"https:\/\/hairdeluxe.ee\/en\/product\/balmain-taaselustav-sampoon-revitalizing-shampoo-300-ml\/#primaryimage"},"thumbnailUrl":"https:\/\/hairdeluxe.ee\/wp-content\/uploads\/2021\/03\/revitalizing-shampoo.jpg","datePublished":"2021-03-17T13:19:22+00:00","dateModified":"2025-03-18T19:22:40+00:00","breadcrumb":{"@id":"https:\/\/hairdeluxe.ee\/en\/product\/balmain-taaselustav-sampoon-revitalizing-shampoo-300-ml\/#breadcrumb"},"inLanguage":"en-US","potentialAction":[{"@type":"ReadAction","target":["https:\/\/hairdeluxe.ee\/en\/product\/balmain-taaselustav-sampoon-revitalizing-shampoo-300-ml\/"]}]},{"@type":"ImageObject","inLanguage":"en-US","@id":"https:\/\/hairdeluxe.ee\/en\/product\/balmain-taaselustav-sampoon-revitalizing-shampoo-300-ml\/#primaryimage","url":"https:\/\/hairdeluxe.ee\/wp-content\/uploads\/2021\/03\/revitalizing-shampoo.jpg","contentUrl":"https:\/\/hairdeluxe.ee\/wp-content\/uploads\/2021\/03\/revitalizing-shampoo.jpg","width":800,"height":800},{"@type":"BreadcrumbList","@id":"https:\/\/hairdeluxe.ee\/en\/product\/balmain-taaselustav-sampoon-revitalizing-shampoo-300-ml\/#breadcrumb","itemListElement":[{"@type":"ListItem","position":1,"name":"Home","item":"https:\/\/hairdeluxe.ee\/en\/"},{"@type":"ListItem","position":2,"name":"Shop","item":"https:\/\/hairdeluxe.ee\/en\/shop\/"},{"@type":"ListItem","position":3,"name":"BALMAIN HAIR juukseid taaselustav \u0161ampoon \/ Revitalizing Shampoo 300ml"}]},{"@type":"WebSite","@id":"https:\/\/hairdeluxe.ee\/en\/#website","url":"https:\/\/hairdeluxe.ee\/en\/","name":"Hair Deluxe","description":"Highlight your natural beauty","publisher":{"@id":"https:\/\/hairdeluxe.ee\/en\/#organization"},"potentialAction":[{"@type":"SearchAction","target":{"@type":"EntryPoint","urlTemplate":"https:\/\/hairdeluxe.ee\/en\/?s={search_term_string}"},"query-input":{"@type":"PropertyValueSpecification","valueRequired":true,"valueName":"search_term_string"}}],"inLanguage":"en-US"},{"@type":"Organization","@id":"https:\/\/hairdeluxe.ee\/en\/#organization","name":"Hair Deluxe","url":"https:\/\/hairdeluxe.ee\/en\/","logo":{"@type":"ImageObject","inLanguage":"en-US","@id":"https:\/\/hairdeluxe.ee\/en\/#\/schema\/logo\/image\/","url":"https:\/\/hairdeluxe.ee\/wp-content\/uploads\/2024\/06\/Hair-Deluxe-Logo-Dark-font.png","contentUrl":"https:\/\/hairdeluxe.ee\/wp-content\/uploads\/2024\/06\/Hair-Deluxe-Logo-Dark-font.png","width":467,"height":177,"caption":"Hair Deluxe"},"image":{"@id":"https:\/\/hairdeluxe.ee\/en\/#\/schema\/logo\/image\/"},"sameAs":["https:\/\/www.facebook.com\/blowbartallinn","https:\/\/www.instagram.com\/blowbar_tallinn"]}]}},"_links":{"self":[{"href":"https:\/\/hairdeluxe.ee\/en\/wp-json\/wp\/v2\/product\/39913","targetHints":{"allow":["GET"]}}],"collection":[{"href":"https:\/\/hairdeluxe.ee\/en\/wp-json\/wp\/v2\/product"}],"about":[{"href":"https:\/\/hairdeluxe.ee\/en\/wp-json\/wp\/v2\/types\/product"}],"wp:featuredmedia":[{"embeddable":true,"href":"https:\/\/hairdeluxe.ee\/en\/wp-json\/wp\/v2\/media\/21676"}],"wp:attachment":[{"href":"https:\/\/hairdeluxe.ee\/en\/wp-json\/wp\/v2\/media?parent=39913"}],"wp:term":[{"taxonomy":"product_brand","embeddable":true,"href":"https:\/\/hairdeluxe.ee\/en\/wp-json\/wp\/v2\/product_brand?post=39913"},{"taxonomy":"product_cat","embeddable":true,"href":"https:\/\/hairdeluxe.ee\/en\/wp-json\/wp\/v2\/product_cat?post=39913"},{"taxonomy":"product_tag","embeddable":true,"href":"https:\/\/hairdeluxe.ee\/en\/wp-json\/wp\/v2\/product_tag?post=39913"}],"curies":[{"name":"wp","href":"https:\/\/api.w.org\/{rel}","templated":true}]}}