{"id":39915,"date":"2021-03-17T15:19:22","date_gmt":"2021-03-17T13:19:22","guid":{"rendered":"https:\/\/blowbar.ee\/toode\/import-placeholder-for-463\/"},"modified":"2025-03-18T19:22:40","modified_gmt":"2025-03-18T19:22:40","slug":"balmain-paikesekaitse-sprei-200-ml-sun-protection-spray","status":"publish","type":"product","link":"https:\/\/hairdeluxe.ee\/en\/product\/balmain-paikesekaitse-sprei-200-ml-sun-protection-spray\/","title":{"rendered":"BALMAIN HAIR p\u00e4ikesekaitsesprei \/ Sun Protection Spray 200ml"},"content":{"rendered":"<p><em><strong>Koostis:\u00a0<\/strong>Aqua, Glycerin, Silk Amino Acids, Argania Spinosa Kernel Extract, Ethylhexyl Methoxycinnamate, Benzophenone-4, Tocopheryl Acetate, Panthenol, Niacinamide, Sodium Cocoyl Amino Acids, Potassium Dimethicone Peg-7 Panthenyl Phosphate, Cetrimonium Chloride, Peg-40 Hydrogenated Castrol Oil, Pareth-7, C12-16, Pareth-9, Trideceth-12, Butylene Glycol, Phenoxyethanol, Ethylhexylglycerin, Parfum, Citric Acid, CI 42090, CI 47005, CI 61570.<\/em><\/p>\n","protected":false},"excerpt":{"rendered":"<p>Juustesse pihustatav p\u00e4ikesekaitsesprei. Kaitseb juukseid UVA\/UVB kiirte, merevee ja kloori kahjustavate m\u00f5jude eest. J\u00e4tab juuksed siidiselt pehmeteks ja kaunilt l\u00e4ikivateks.<br \/>\nHooli oma juustest sama palju nagu oma nahast. Kaitse juukseid p\u00e4ikese p\u00f5letava m\u00f5ju eest kasutades p\u00e4ikesekaitsespreid.<br \/>\n&#8211; UVA ja UVB kaitse k\u00f5igile juukset\u00fc\u00fcpidele<br \/>\n&#8211; Kaitseb juukseid neid samaaegselt s\u00fcgavuti niisutades<br \/>\n&#8211; Kaitseb juuksev\u00e4rvi tuhmumise ja keratiini kahjustuste eest<br \/>\n&#8211; Hoiab \u00e4ra pusade tekkimise ja lisab s\u00e4ra<\/p>\n<p><strong>Kasutamine:<\/strong>\u00a0Pihustada toodet r\u00e4tikukuivadesse v\u00f5i kuivadesse juustesse. Mitte loputada.<\/p>\n<p><strong>Soovitus:<\/strong>\u00a0Pihustada p\u00e4ikesekaitsespreid juustesse enne magamaminemist, punudes juuksed seej\u00e4rel patsi. Hommikul \u00e4rkate eriti pehmete, UV kiirte eest kaitstud ja laines juustega.<\/p>\n<p>Kogus: 200ml<\/p>\n","protected":false},"featured_media":25983,"template":"","meta":[],"product_brand":[464],"product_cat":[266,265,208,210,121,158,196],"product_tag":[],"class_list":{"0":"post-39915","1":"product","2":"type-product","3":"status-publish","4":"has-post-thumbnail","6":"product_brand-balmain-hair","7":"product_cat-balmain-hair","8":"product_cat-brandid","9":"product_cat-juuksehooldus","10":"product_cat-kaitse","11":"product_cat-koik-tooted","12":"product_cat-populaarsed","13":"product_cat-viimistlus","15":"first","16":"instock","17":"taxable","18":"shipping-taxable","19":"purchasable","20":"product-type-simple","21":"add-to-wishlist-after_add_to_cart"},"yoast_head":"<!-- This site is optimized with the Yoast SEO plugin v27.4 - https:\/\/yoast.com\/product\/yoast-seo-wordpress\/ -->\n<title>BALMAIN HAIR p\u00e4ikesekaitsesprei \/ Sun Protection Spray 200ml - Hair Deluxe<\/title>\n<meta name=\"robots\" content=\"index, follow, max-snippet:-1, max-image-preview:large, max-video-preview:-1\" \/>\n<link rel=\"canonical\" href=\"https:\/\/hairdeluxe.ee\/en\/product\/balmain-paikesekaitse-sprei-200-ml-sun-protection-spray\/\" \/>\n<meta property=\"og:locale\" content=\"en_US\" \/>\n<meta property=\"og:type\" content=\"article\" \/>\n<meta property=\"og:title\" content=\"BALMAIN HAIR p\u00e4ikesekaitsesprei \/ Sun Protection Spray 200ml - Hair Deluxe\" \/>\n<meta property=\"og:description\" content=\"Juustesse pihustatav p\u00e4ikesekaitsesprei. Kaitseb juukseid UVA\/UVB kiirte, merevee ja kloori kahjustavate m\u00f5jude eest. J\u00e4tab juuksed siidiselt pehmeteks ja kaunilt l\u00e4ikivateks. Hooli oma juustest sama palju nagu oma nahast. Kaitse juukseid p\u00e4ikese p\u00f5letava m\u00f5ju eest kasutades p\u00e4ikesekaitsespreid. - UVA ja UVB kaitse k\u00f5igile juukset\u00fc\u00fcpidele - Kaitseb juukseid neid samaaegselt s\u00fcgavuti niisutades - Kaitseb juuksev\u00e4rvi tuhmumise ja keratiini kahjustuste eest - Hoiab \u00e4ra pusade tekkimise ja lisab s\u00e4ra  Kasutamine:\u00a0Pihustada toodet r\u00e4tikukuivadesse v\u00f5i kuivadesse juustesse. Mitte loputada.  Soovitus:\u00a0Pihustada p\u00e4ikesekaitsespreid juustesse enne magamaminemist, punudes juuksed seej\u00e4rel patsi. Hommikul \u00e4rkate eriti pehmete, UV kiirte eest kaitstud ja laines juustega.  Kogus: 200ml\" \/>\n<meta property=\"og:url\" content=\"https:\/\/hairdeluxe.ee\/en\/product\/balmain-paikesekaitse-sprei-200-ml-sun-protection-spray\/\" \/>\n<meta property=\"og:site_name\" content=\"Hair Deluxe\" \/>\n<meta property=\"article:publisher\" content=\"https:\/\/www.facebook.com\/blowbartallinn\" \/>\n<meta property=\"article:modified_time\" content=\"2025-03-18T19:22:40+00:00\" \/>\n<meta property=\"og:image\" content=\"https:\/\/hairdeluxe.ee\/wp-content\/uploads\/2022\/05\/sun-protection-1.jpg\" \/>\n\t<meta property=\"og:image:width\" content=\"800\" \/>\n\t<meta property=\"og:image:height\" content=\"800\" \/>\n\t<meta property=\"og:image:type\" content=\"image\/jpeg\" \/>\n<meta name=\"twitter:card\" content=\"summary_large_image\" \/>\n<meta name=\"twitter:label1\" content=\"Est. reading time\" \/>\n\t<meta name=\"twitter:data1\" content=\"1 minute\" \/>\n<script type=\"application\/ld+json\" class=\"yoast-schema-graph\">{\"@context\":\"https:\\\/\\\/schema.org\",\"@graph\":[{\"@type\":\"WebPage\",\"@id\":\"https:\\\/\\\/hairdeluxe.ee\\\/en\\\/product\\\/balmain-paikesekaitse-sprei-200-ml-sun-protection-spray\\\/\",\"url\":\"https:\\\/\\\/hairdeluxe.ee\\\/en\\\/product\\\/balmain-paikesekaitse-sprei-200-ml-sun-protection-spray\\\/\",\"name\":\"BALMAIN HAIR p\u00e4ikesekaitsesprei \\\/ Sun Protection Spray 200ml - Hair Deluxe\",\"isPartOf\":{\"@id\":\"https:\\\/\\\/hairdeluxe.ee\\\/en\\\/#website\"},\"primaryImageOfPage\":{\"@id\":\"https:\\\/\\\/hairdeluxe.ee\\\/en\\\/product\\\/balmain-paikesekaitse-sprei-200-ml-sun-protection-spray\\\/#primaryimage\"},\"image\":{\"@id\":\"https:\\\/\\\/hairdeluxe.ee\\\/en\\\/product\\\/balmain-paikesekaitse-sprei-200-ml-sun-protection-spray\\\/#primaryimage\"},\"thumbnailUrl\":\"https:\\\/\\\/hairdeluxe.ee\\\/wp-content\\\/uploads\\\/2022\\\/05\\\/sun-protection-1.jpg\",\"datePublished\":\"2021-03-17T13:19:22+00:00\",\"dateModified\":\"2025-03-18T19:22:40+00:00\",\"breadcrumb\":{\"@id\":\"https:\\\/\\\/hairdeluxe.ee\\\/en\\\/product\\\/balmain-paikesekaitse-sprei-200-ml-sun-protection-spray\\\/#breadcrumb\"},\"inLanguage\":\"en-US\",\"potentialAction\":[{\"@type\":\"ReadAction\",\"target\":[\"https:\\\/\\\/hairdeluxe.ee\\\/en\\\/product\\\/balmain-paikesekaitse-sprei-200-ml-sun-protection-spray\\\/\"]}]},{\"@type\":\"ImageObject\",\"inLanguage\":\"en-US\",\"@id\":\"https:\\\/\\\/hairdeluxe.ee\\\/en\\\/product\\\/balmain-paikesekaitse-sprei-200-ml-sun-protection-spray\\\/#primaryimage\",\"url\":\"https:\\\/\\\/hairdeluxe.ee\\\/wp-content\\\/uploads\\\/2022\\\/05\\\/sun-protection-1.jpg\",\"contentUrl\":\"https:\\\/\\\/hairdeluxe.ee\\\/wp-content\\\/uploads\\\/2022\\\/05\\\/sun-protection-1.jpg\",\"width\":800,\"height\":800},{\"@type\":\"BreadcrumbList\",\"@id\":\"https:\\\/\\\/hairdeluxe.ee\\\/en\\\/product\\\/balmain-paikesekaitse-sprei-200-ml-sun-protection-spray\\\/#breadcrumb\",\"itemListElement\":[{\"@type\":\"ListItem\",\"position\":1,\"name\":\"Home\",\"item\":\"https:\\\/\\\/hairdeluxe.ee\\\/en\\\/\"},{\"@type\":\"ListItem\",\"position\":2,\"name\":\"Shop\",\"item\":\"https:\\\/\\\/hairdeluxe.ee\\\/en\\\/shop\\\/\"},{\"@type\":\"ListItem\",\"position\":3,\"name\":\"BALMAIN HAIR p\u00e4ikesekaitsesprei \\\/ Sun Protection Spray 200ml\"}]},{\"@type\":\"WebSite\",\"@id\":\"https:\\\/\\\/hairdeluxe.ee\\\/en\\\/#website\",\"url\":\"https:\\\/\\\/hairdeluxe.ee\\\/en\\\/\",\"name\":\"Hair Deluxe\",\"description\":\"Highlight your natural beauty\",\"publisher\":{\"@id\":\"https:\\\/\\\/hairdeluxe.ee\\\/en\\\/#organization\"},\"potentialAction\":[{\"@type\":\"SearchAction\",\"target\":{\"@type\":\"EntryPoint\",\"urlTemplate\":\"https:\\\/\\\/hairdeluxe.ee\\\/en\\\/?s={search_term_string}\"},\"query-input\":{\"@type\":\"PropertyValueSpecification\",\"valueRequired\":true,\"valueName\":\"search_term_string\"}}],\"inLanguage\":\"en-US\"},{\"@type\":\"Organization\",\"@id\":\"https:\\\/\\\/hairdeluxe.ee\\\/en\\\/#organization\",\"name\":\"Hair Deluxe\",\"url\":\"https:\\\/\\\/hairdeluxe.ee\\\/en\\\/\",\"logo\":{\"@type\":\"ImageObject\",\"inLanguage\":\"en-US\",\"@id\":\"https:\\\/\\\/hairdeluxe.ee\\\/en\\\/#\\\/schema\\\/logo\\\/image\\\/\",\"url\":\"https:\\\/\\\/hairdeluxe.ee\\\/wp-content\\\/uploads\\\/2024\\\/06\\\/Hair-Deluxe-Logo-Dark-font.png\",\"contentUrl\":\"https:\\\/\\\/hairdeluxe.ee\\\/wp-content\\\/uploads\\\/2024\\\/06\\\/Hair-Deluxe-Logo-Dark-font.png\",\"width\":467,\"height\":177,\"caption\":\"Hair Deluxe\"},\"image\":{\"@id\":\"https:\\\/\\\/hairdeluxe.ee\\\/en\\\/#\\\/schema\\\/logo\\\/image\\\/\"},\"sameAs\":[\"https:\\\/\\\/www.facebook.com\\\/blowbartallinn\",\"https:\\\/\\\/www.instagram.com\\\/blowbar_tallinn\"]}]}<\/script>\n<!-- \/ Yoast SEO plugin. -->","yoast_head_json":{"title":"BALMAIN HAIR p\u00e4ikesekaitsesprei \/ Sun Protection Spray 200ml - Hair Deluxe","robots":{"index":"index","follow":"follow","max-snippet":"max-snippet:-1","max-image-preview":"max-image-preview:large","max-video-preview":"max-video-preview:-1"},"canonical":"https:\/\/hairdeluxe.ee\/en\/product\/balmain-paikesekaitse-sprei-200-ml-sun-protection-spray\/","og_locale":"en_US","og_type":"article","og_title":"BALMAIN HAIR p\u00e4ikesekaitsesprei \/ Sun Protection Spray 200ml - Hair Deluxe","og_description":"Juustesse pihustatav p\u00e4ikesekaitsesprei. Kaitseb juukseid UVA\/UVB kiirte, merevee ja kloori kahjustavate m\u00f5jude eest. J\u00e4tab juuksed siidiselt pehmeteks ja kaunilt l\u00e4ikivateks. Hooli oma juustest sama palju nagu oma nahast. Kaitse juukseid p\u00e4ikese p\u00f5letava m\u00f5ju eest kasutades p\u00e4ikesekaitsespreid. - UVA ja UVB kaitse k\u00f5igile juukset\u00fc\u00fcpidele - Kaitseb juukseid neid samaaegselt s\u00fcgavuti niisutades - Kaitseb juuksev\u00e4rvi tuhmumise ja keratiini kahjustuste eest - Hoiab \u00e4ra pusade tekkimise ja lisab s\u00e4ra  Kasutamine:\u00a0Pihustada toodet r\u00e4tikukuivadesse v\u00f5i kuivadesse juustesse. Mitte loputada.  Soovitus:\u00a0Pihustada p\u00e4ikesekaitsespreid juustesse enne magamaminemist, punudes juuksed seej\u00e4rel patsi. Hommikul \u00e4rkate eriti pehmete, UV kiirte eest kaitstud ja laines juustega.  Kogus: 200ml","og_url":"https:\/\/hairdeluxe.ee\/en\/product\/balmain-paikesekaitse-sprei-200-ml-sun-protection-spray\/","og_site_name":"Hair Deluxe","article_publisher":"https:\/\/www.facebook.com\/blowbartallinn","article_modified_time":"2025-03-18T19:22:40+00:00","og_image":[{"width":800,"height":800,"url":"https:\/\/hairdeluxe.ee\/wp-content\/uploads\/2022\/05\/sun-protection-1.jpg","type":"image\/jpeg"}],"twitter_card":"summary_large_image","twitter_misc":{"Est. reading time":"1 minute"},"schema":{"@context":"https:\/\/schema.org","@graph":[{"@type":"WebPage","@id":"https:\/\/hairdeluxe.ee\/en\/product\/balmain-paikesekaitse-sprei-200-ml-sun-protection-spray\/","url":"https:\/\/hairdeluxe.ee\/en\/product\/balmain-paikesekaitse-sprei-200-ml-sun-protection-spray\/","name":"BALMAIN HAIR p\u00e4ikesekaitsesprei \/ Sun Protection Spray 200ml - Hair Deluxe","isPartOf":{"@id":"https:\/\/hairdeluxe.ee\/en\/#website"},"primaryImageOfPage":{"@id":"https:\/\/hairdeluxe.ee\/en\/product\/balmain-paikesekaitse-sprei-200-ml-sun-protection-spray\/#primaryimage"},"image":{"@id":"https:\/\/hairdeluxe.ee\/en\/product\/balmain-paikesekaitse-sprei-200-ml-sun-protection-spray\/#primaryimage"},"thumbnailUrl":"https:\/\/hairdeluxe.ee\/wp-content\/uploads\/2022\/05\/sun-protection-1.jpg","datePublished":"2021-03-17T13:19:22+00:00","dateModified":"2025-03-18T19:22:40+00:00","breadcrumb":{"@id":"https:\/\/hairdeluxe.ee\/en\/product\/balmain-paikesekaitse-sprei-200-ml-sun-protection-spray\/#breadcrumb"},"inLanguage":"en-US","potentialAction":[{"@type":"ReadAction","target":["https:\/\/hairdeluxe.ee\/en\/product\/balmain-paikesekaitse-sprei-200-ml-sun-protection-spray\/"]}]},{"@type":"ImageObject","inLanguage":"en-US","@id":"https:\/\/hairdeluxe.ee\/en\/product\/balmain-paikesekaitse-sprei-200-ml-sun-protection-spray\/#primaryimage","url":"https:\/\/hairdeluxe.ee\/wp-content\/uploads\/2022\/05\/sun-protection-1.jpg","contentUrl":"https:\/\/hairdeluxe.ee\/wp-content\/uploads\/2022\/05\/sun-protection-1.jpg","width":800,"height":800},{"@type":"BreadcrumbList","@id":"https:\/\/hairdeluxe.ee\/en\/product\/balmain-paikesekaitse-sprei-200-ml-sun-protection-spray\/#breadcrumb","itemListElement":[{"@type":"ListItem","position":1,"name":"Home","item":"https:\/\/hairdeluxe.ee\/en\/"},{"@type":"ListItem","position":2,"name":"Shop","item":"https:\/\/hairdeluxe.ee\/en\/shop\/"},{"@type":"ListItem","position":3,"name":"BALMAIN HAIR p\u00e4ikesekaitsesprei \/ Sun Protection Spray 200ml"}]},{"@type":"WebSite","@id":"https:\/\/hairdeluxe.ee\/en\/#website","url":"https:\/\/hairdeluxe.ee\/en\/","name":"Hair Deluxe","description":"Highlight your natural beauty","publisher":{"@id":"https:\/\/hairdeluxe.ee\/en\/#organization"},"potentialAction":[{"@type":"SearchAction","target":{"@type":"EntryPoint","urlTemplate":"https:\/\/hairdeluxe.ee\/en\/?s={search_term_string}"},"query-input":{"@type":"PropertyValueSpecification","valueRequired":true,"valueName":"search_term_string"}}],"inLanguage":"en-US"},{"@type":"Organization","@id":"https:\/\/hairdeluxe.ee\/en\/#organization","name":"Hair Deluxe","url":"https:\/\/hairdeluxe.ee\/en\/","logo":{"@type":"ImageObject","inLanguage":"en-US","@id":"https:\/\/hairdeluxe.ee\/en\/#\/schema\/logo\/image\/","url":"https:\/\/hairdeluxe.ee\/wp-content\/uploads\/2024\/06\/Hair-Deluxe-Logo-Dark-font.png","contentUrl":"https:\/\/hairdeluxe.ee\/wp-content\/uploads\/2024\/06\/Hair-Deluxe-Logo-Dark-font.png","width":467,"height":177,"caption":"Hair Deluxe"},"image":{"@id":"https:\/\/hairdeluxe.ee\/en\/#\/schema\/logo\/image\/"},"sameAs":["https:\/\/www.facebook.com\/blowbartallinn","https:\/\/www.instagram.com\/blowbar_tallinn"]}]}},"_links":{"self":[{"href":"https:\/\/hairdeluxe.ee\/en\/wp-json\/wp\/v2\/product\/39915","targetHints":{"allow":["GET"]}}],"collection":[{"href":"https:\/\/hairdeluxe.ee\/en\/wp-json\/wp\/v2\/product"}],"about":[{"href":"https:\/\/hairdeluxe.ee\/en\/wp-json\/wp\/v2\/types\/product"}],"wp:featuredmedia":[{"embeddable":true,"href":"https:\/\/hairdeluxe.ee\/en\/wp-json\/wp\/v2\/media\/25983"}],"wp:attachment":[{"href":"https:\/\/hairdeluxe.ee\/en\/wp-json\/wp\/v2\/media?parent=39915"}],"wp:term":[{"taxonomy":"product_brand","embeddable":true,"href":"https:\/\/hairdeluxe.ee\/en\/wp-json\/wp\/v2\/product_brand?post=39915"},{"taxonomy":"product_cat","embeddable":true,"href":"https:\/\/hairdeluxe.ee\/en\/wp-json\/wp\/v2\/product_cat?post=39915"},{"taxonomy":"product_tag","embeddable":true,"href":"https:\/\/hairdeluxe.ee\/en\/wp-json\/wp\/v2\/product_tag?post=39915"}],"curies":[{"name":"wp","href":"https:\/\/api.w.org\/{rel}","templated":true}]}}