{"id":39917,"date":"2021-03-17T15:19:22","date_gmt":"2021-03-17T13:19:22","guid":{"rendered":"https:\/\/blowbar.ee\/toode\/import-placeholder-for-468\/"},"modified":"2025-03-18T19:22:40","modified_gmt":"2025-03-18T19:22:40","slug":"balmain-kuumakaitse-sprei-200ml-thermal-protection-spray","status":"publish","type":"product","link":"https:\/\/hairdeluxe.ee\/en\/product\/balmain-kuumakaitse-sprei-200ml-thermal-protection-spray\/","title":{"rendered":"BALMAIN HAIR kuumakaitse sprei juustele \/ Thermal Protection Spray 200ml"},"content":{"rendered":"<p><em><strong>Koostis:<\/strong> Aqua, PEG-12 Dimethicone, Butylene Glycol, Sodium Laneth-40 Maleate\/Styrene Sulfonate Copolymer, Hydrolyzed Vegetable Protein PG-propyl Silanetriol, Silk Amino Acids, Argania Spinosa Kernel Extract, VP\/VA Copolymer, Alcohol Denat., Polysorbate 20, PEG-40 Hydrogenated Castor Oil, Ethylhexyl Methoxycinnamate, Benzophenone-4, Panthenol, Parfum, Phenoxyethanol, Potassium Sorbate, Benzoic Acid, EDTA, Sodium Hydroxide, CI 16255.<\/em><\/p>\n","protected":false},"excerpt":{"rendered":"<p>Balmain Hair kuumakaitsesprei kaitseb juukseid (kuni 220\u00b0C) f\u00f6\u00f6nitamisel, sirgendamisel ja lokitange kasutades. V\u00e4hendab juuste katkemist nii naturaalsetel kui v\u00e4rvitud juustel.<br \/>\nJuustesse j\u00e4etav kaitsesprei lukustab niiskuse, sulgeb juuste soomuskihi, eemaldab kahu ja sisaldab niiskuskaitset.<br \/>\nToode on rikastatud provitamiin B5 ja siidiproteiiniga, mis aitavad parandada niiskuse s\u00e4ilivust, juuste elastsust ja paindlikkust, lisavad juustele tugevust ja kaitset igap\u00e4evasel juuste kuumt\u00f6\u00f6tlemisel.<br \/>\nPusadevastane ja juuste soomuskihti sulgev omadus tagab sirgendaja parema libisemise l\u00e4bi juuste, j\u00e4ttes juuksed seel\u00e4bi eriti s\u00e4ravaks. Parabeenide vaba.<br \/>\n&#8211; Kuumakaitse kuni 220\u00b0C \/ 428\u00b0F<br \/>\n&#8211; Eemaldab kahu ja peidab katkised juukseotsad<br \/>\n&#8211; Kerge koostis<\/p>\n<p>VAATA videost, kuidas Thermal Protection kaitseb kuuma eest: <span style=\"color: #0000ff;\"><a style=\"color: #0000ff;\" href=\"https:\/\/fb.watch\/gZPRlsNj24\/\">https:\/\/fb.watch\/gZPRlsNj24\/<\/a><\/span><\/p>\n<p><strong>Kasutamine:<\/strong> Toodet v\u00f5ib kanda nii niisketele kui kuivadele juustele.\u00a0Optimaalse tulemuse saavutamiseks kanda toodet r\u00e4tikukuivadele juustele juba enne f\u00f6\u00f6nitamist.\u00a0Pihustada toodet juustele 20 cm kauguselt \u2013 nii tagatakse toimeainete \u00fchtlasema jaotuse juuste pinnal.\u00a0Kammida juuksed l\u00e4bi laiade piidega kammiga, et toimeaine oleks veelgi \u00fchtlasemalt jaotunud.\u00a0Kasutada viimistlemisel vaid keraamilisi ja titaaniumist plaatidega (kattega) sirgendajaid\/lokitange, nagu Balmain Hair\u00a0<a href=\"https:\/\/www.balmainhair.ee\/toode\/balmain-professional-titanium-straightener-sirgendaja-juuksuritele\/\"><strong>Titanium Straightener<\/strong><\/a>\u00a0and\u00a0<a href=\"https:\/\/www.balmainhair.ee\/toode\/koonus-loki-pulk\/\"><strong>Professional Ceramic Curling Iron<\/strong><\/a>, mis tagavad kuumuse \u00fchtlase jaotumise ja aitavad lukustada niiskuse juustes.<\/p>\n<p>Kogus: 200ml<\/p>\n","protected":false},"featured_media":21681,"template":"","meta":[],"product_brand":[464],"product_cat":[266,265,208,210,121,214],"product_tag":[],"class_list":{"0":"post-39917","1":"product","2":"type-product","3":"status-publish","4":"has-post-thumbnail","6":"product_brand-balmain-hair","7":"product_cat-balmain-hair","8":"product_cat-brandid","9":"product_cat-juuksehooldus","10":"product_cat-kaitse","11":"product_cat-koik-tooted","12":"product_cat-kuumakaitse","14":"first","15":"instock","16":"taxable","17":"shipping-taxable","18":"purchasable","19":"product-type-simple","20":"add-to-wishlist-after_add_to_cart"},"yoast_head":"<!-- This site is optimized with the Yoast SEO plugin v27.5 - https:\/\/yoast.com\/product\/yoast-seo-wordpress\/ -->\n<title>BALMAIN HAIR kuumakaitse sprei juustele \/ Thermal Protection Spray 200ml - Hair Deluxe<\/title>\n<meta name=\"robots\" content=\"index, follow, max-snippet:-1, max-image-preview:large, max-video-preview:-1\" \/>\n<link rel=\"canonical\" href=\"https:\/\/hairdeluxe.ee\/en\/product\/balmain-kuumakaitse-sprei-200ml-thermal-protection-spray\/\" \/>\n<meta property=\"og:locale\" content=\"en_US\" \/>\n<meta property=\"og:type\" content=\"article\" \/>\n<meta property=\"og:title\" content=\"BALMAIN HAIR kuumakaitse sprei juustele \/ Thermal Protection Spray 200ml - Hair Deluxe\" \/>\n<meta property=\"og:description\" content=\"Balmain Hair kuumakaitsesprei kaitseb juukseid (kuni 220\u00b0C) f\u00f6\u00f6nitamisel, sirgendamisel ja lokitange kasutades. V\u00e4hendab juuste katkemist nii naturaalsetel kui v\u00e4rvitud juustel. Juustesse j\u00e4etav kaitsesprei lukustab niiskuse, sulgeb juuste soomuskihi, eemaldab kahu ja sisaldab niiskuskaitset. Toode on rikastatud provitamiin B5 ja siidiproteiiniga, mis aitavad parandada niiskuse s\u00e4ilivust, juuste elastsust ja paindlikkust, lisavad juustele tugevust ja kaitset igap\u00e4evasel juuste kuumt\u00f6\u00f6tlemisel. Pusadevastane ja juuste soomuskihti sulgev omadus tagab sirgendaja parema libisemise l\u00e4bi juuste, j\u00e4ttes juuksed seel\u00e4bi eriti s\u00e4ravaks. Parabeenide vaba. - Kuumakaitse kuni 220\u00b0C \/ 428\u00b0F - Eemaldab kahu ja peidab katkised juukseotsad - Kerge koostis  VAATA videost, kuidas Thermal Protection kaitseb kuuma eest: https:\/\/fb.watch\/gZPRlsNj24\/  Kasutamine: Toodet v\u00f5ib kanda nii niisketele kui kuivadele juustele.\u00a0Optimaalse tulemuse saavutamiseks kanda toodet r\u00e4tikukuivadele juustele juba enne f\u00f6\u00f6nitamist.\u00a0Pihustada toodet juustele 20 cm kauguselt \u2013 nii tagatakse toimeainete \u00fchtlasema jaotuse juuste pinnal.\u00a0Kammida juuksed l\u00e4bi laiade piidega kammiga, et toimeaine oleks veelgi \u00fchtlasemalt jaotunud.\u00a0Kasutada viimistlemisel vaid keraamilisi ja titaaniumist plaatidega (kattega) sirgendajaid\/lokitange, nagu Balmain Hair\u00a0Titanium Straightener\u00a0and\u00a0Professional Ceramic Curling Iron, mis tagavad kuumuse \u00fchtlase jaotumise ja aitavad lukustada niiskuse juustes.  Kogus: 200ml\" \/>\n<meta property=\"og:url\" content=\"https:\/\/hairdeluxe.ee\/en\/product\/balmain-kuumakaitse-sprei-200ml-thermal-protection-spray\/\" \/>\n<meta property=\"og:site_name\" content=\"Hair Deluxe\" \/>\n<meta property=\"article:publisher\" content=\"https:\/\/www.facebook.com\/blowbartallinn\" \/>\n<meta property=\"article:modified_time\" content=\"2025-03-18T19:22:40+00:00\" \/>\n<meta property=\"og:image\" content=\"https:\/\/hairdeluxe.ee\/wp-content\/uploads\/2021\/03\/thermal-1.jpg\" \/>\n\t<meta property=\"og:image:width\" content=\"800\" \/>\n\t<meta property=\"og:image:height\" content=\"800\" \/>\n\t<meta property=\"og:image:type\" content=\"image\/jpeg\" \/>\n<meta name=\"twitter:card\" content=\"summary_large_image\" \/>\n<meta name=\"twitter:label1\" content=\"Est. reading time\" \/>\n\t<meta name=\"twitter:data1\" content=\"1 minute\" \/>\n<script type=\"application\/ld+json\" class=\"yoast-schema-graph\">{\"@context\":\"https:\\\/\\\/schema.org\",\"@graph\":[{\"@type\":\"WebPage\",\"@id\":\"https:\\\/\\\/hairdeluxe.ee\\\/en\\\/product\\\/balmain-kuumakaitse-sprei-200ml-thermal-protection-spray\\\/\",\"url\":\"https:\\\/\\\/hairdeluxe.ee\\\/en\\\/product\\\/balmain-kuumakaitse-sprei-200ml-thermal-protection-spray\\\/\",\"name\":\"BALMAIN HAIR kuumakaitse sprei juustele \\\/ Thermal Protection Spray 200ml - Hair Deluxe\",\"isPartOf\":{\"@id\":\"https:\\\/\\\/hairdeluxe.ee\\\/en\\\/#website\"},\"primaryImageOfPage\":{\"@id\":\"https:\\\/\\\/hairdeluxe.ee\\\/en\\\/product\\\/balmain-kuumakaitse-sprei-200ml-thermal-protection-spray\\\/#primaryimage\"},\"image\":{\"@id\":\"https:\\\/\\\/hairdeluxe.ee\\\/en\\\/product\\\/balmain-kuumakaitse-sprei-200ml-thermal-protection-spray\\\/#primaryimage\"},\"thumbnailUrl\":\"https:\\\/\\\/hairdeluxe.ee\\\/wp-content\\\/uploads\\\/2021\\\/03\\\/thermal-1.jpg\",\"datePublished\":\"2021-03-17T13:19:22+00:00\",\"dateModified\":\"2025-03-18T19:22:40+00:00\",\"breadcrumb\":{\"@id\":\"https:\\\/\\\/hairdeluxe.ee\\\/en\\\/product\\\/balmain-kuumakaitse-sprei-200ml-thermal-protection-spray\\\/#breadcrumb\"},\"inLanguage\":\"en-US\",\"potentialAction\":[{\"@type\":\"ReadAction\",\"target\":[\"https:\\\/\\\/hairdeluxe.ee\\\/en\\\/product\\\/balmain-kuumakaitse-sprei-200ml-thermal-protection-spray\\\/\"]}]},{\"@type\":\"ImageObject\",\"inLanguage\":\"en-US\",\"@id\":\"https:\\\/\\\/hairdeluxe.ee\\\/en\\\/product\\\/balmain-kuumakaitse-sprei-200ml-thermal-protection-spray\\\/#primaryimage\",\"url\":\"https:\\\/\\\/hairdeluxe.ee\\\/wp-content\\\/uploads\\\/2021\\\/03\\\/thermal-1.jpg\",\"contentUrl\":\"https:\\\/\\\/hairdeluxe.ee\\\/wp-content\\\/uploads\\\/2021\\\/03\\\/thermal-1.jpg\",\"width\":800,\"height\":800},{\"@type\":\"BreadcrumbList\",\"@id\":\"https:\\\/\\\/hairdeluxe.ee\\\/en\\\/product\\\/balmain-kuumakaitse-sprei-200ml-thermal-protection-spray\\\/#breadcrumb\",\"itemListElement\":[{\"@type\":\"ListItem\",\"position\":1,\"name\":\"Home\",\"item\":\"https:\\\/\\\/hairdeluxe.ee\\\/en\\\/\"},{\"@type\":\"ListItem\",\"position\":2,\"name\":\"Shop\",\"item\":\"https:\\\/\\\/hairdeluxe.ee\\\/en\\\/shop\\\/\"},{\"@type\":\"ListItem\",\"position\":3,\"name\":\"BALMAIN HAIR kuumakaitse sprei juustele \\\/ Thermal Protection Spray 200ml\"}]},{\"@type\":\"WebSite\",\"@id\":\"https:\\\/\\\/hairdeluxe.ee\\\/en\\\/#website\",\"url\":\"https:\\\/\\\/hairdeluxe.ee\\\/en\\\/\",\"name\":\"Hair Deluxe\",\"description\":\"Highlight your natural beauty\",\"publisher\":{\"@id\":\"https:\\\/\\\/hairdeluxe.ee\\\/en\\\/#organization\"},\"potentialAction\":[{\"@type\":\"SearchAction\",\"target\":{\"@type\":\"EntryPoint\",\"urlTemplate\":\"https:\\\/\\\/hairdeluxe.ee\\\/en\\\/?s={search_term_string}\"},\"query-input\":{\"@type\":\"PropertyValueSpecification\",\"valueRequired\":true,\"valueName\":\"search_term_string\"}}],\"inLanguage\":\"en-US\"},{\"@type\":\"Organization\",\"@id\":\"https:\\\/\\\/hairdeluxe.ee\\\/en\\\/#organization\",\"name\":\"Hair Deluxe\",\"url\":\"https:\\\/\\\/hairdeluxe.ee\\\/en\\\/\",\"logo\":{\"@type\":\"ImageObject\",\"inLanguage\":\"en-US\",\"@id\":\"https:\\\/\\\/hairdeluxe.ee\\\/en\\\/#\\\/schema\\\/logo\\\/image\\\/\",\"url\":\"https:\\\/\\\/hairdeluxe.ee\\\/wp-content\\\/uploads\\\/2024\\\/06\\\/Hair-Deluxe-Logo-Dark-font.png\",\"contentUrl\":\"https:\\\/\\\/hairdeluxe.ee\\\/wp-content\\\/uploads\\\/2024\\\/06\\\/Hair-Deluxe-Logo-Dark-font.png\",\"width\":467,\"height\":177,\"caption\":\"Hair Deluxe\"},\"image\":{\"@id\":\"https:\\\/\\\/hairdeluxe.ee\\\/en\\\/#\\\/schema\\\/logo\\\/image\\\/\"},\"sameAs\":[\"https:\\\/\\\/www.facebook.com\\\/blowbartallinn\",\"https:\\\/\\\/www.instagram.com\\\/blowbar_tallinn\"]}]}<\/script>\n<!-- \/ Yoast SEO plugin. -->","yoast_head_json":{"title":"BALMAIN HAIR kuumakaitse sprei juustele \/ Thermal Protection Spray 200ml - Hair Deluxe","robots":{"index":"index","follow":"follow","max-snippet":"max-snippet:-1","max-image-preview":"max-image-preview:large","max-video-preview":"max-video-preview:-1"},"canonical":"https:\/\/hairdeluxe.ee\/en\/product\/balmain-kuumakaitse-sprei-200ml-thermal-protection-spray\/","og_locale":"en_US","og_type":"article","og_title":"BALMAIN HAIR kuumakaitse sprei juustele \/ Thermal Protection Spray 200ml - Hair Deluxe","og_description":"Balmain Hair kuumakaitsesprei kaitseb juukseid (kuni 220\u00b0C) f\u00f6\u00f6nitamisel, sirgendamisel ja lokitange kasutades. V\u00e4hendab juuste katkemist nii naturaalsetel kui v\u00e4rvitud juustel. Juustesse j\u00e4etav kaitsesprei lukustab niiskuse, sulgeb juuste soomuskihi, eemaldab kahu ja sisaldab niiskuskaitset. Toode on rikastatud provitamiin B5 ja siidiproteiiniga, mis aitavad parandada niiskuse s\u00e4ilivust, juuste elastsust ja paindlikkust, lisavad juustele tugevust ja kaitset igap\u00e4evasel juuste kuumt\u00f6\u00f6tlemisel. Pusadevastane ja juuste soomuskihti sulgev omadus tagab sirgendaja parema libisemise l\u00e4bi juuste, j\u00e4ttes juuksed seel\u00e4bi eriti s\u00e4ravaks. Parabeenide vaba. - Kuumakaitse kuni 220\u00b0C \/ 428\u00b0F - Eemaldab kahu ja peidab katkised juukseotsad - Kerge koostis  VAATA videost, kuidas Thermal Protection kaitseb kuuma eest: https:\/\/fb.watch\/gZPRlsNj24\/  Kasutamine: Toodet v\u00f5ib kanda nii niisketele kui kuivadele juustele.\u00a0Optimaalse tulemuse saavutamiseks kanda toodet r\u00e4tikukuivadele juustele juba enne f\u00f6\u00f6nitamist.\u00a0Pihustada toodet juustele 20 cm kauguselt \u2013 nii tagatakse toimeainete \u00fchtlasema jaotuse juuste pinnal.\u00a0Kammida juuksed l\u00e4bi laiade piidega kammiga, et toimeaine oleks veelgi \u00fchtlasemalt jaotunud.\u00a0Kasutada viimistlemisel vaid keraamilisi ja titaaniumist plaatidega (kattega) sirgendajaid\/lokitange, nagu Balmain Hair\u00a0Titanium Straightener\u00a0and\u00a0Professional Ceramic Curling Iron, mis tagavad kuumuse \u00fchtlase jaotumise ja aitavad lukustada niiskuse juustes.  Kogus: 200ml","og_url":"https:\/\/hairdeluxe.ee\/en\/product\/balmain-kuumakaitse-sprei-200ml-thermal-protection-spray\/","og_site_name":"Hair Deluxe","article_publisher":"https:\/\/www.facebook.com\/blowbartallinn","article_modified_time":"2025-03-18T19:22:40+00:00","og_image":[{"width":800,"height":800,"url":"https:\/\/hairdeluxe.ee\/wp-content\/uploads\/2021\/03\/thermal-1.jpg","type":"image\/jpeg"}],"twitter_card":"summary_large_image","twitter_misc":{"Est. reading time":"1 minute"},"schema":{"@context":"https:\/\/schema.org","@graph":[{"@type":"WebPage","@id":"https:\/\/hairdeluxe.ee\/en\/product\/balmain-kuumakaitse-sprei-200ml-thermal-protection-spray\/","url":"https:\/\/hairdeluxe.ee\/en\/product\/balmain-kuumakaitse-sprei-200ml-thermal-protection-spray\/","name":"BALMAIN HAIR kuumakaitse sprei juustele \/ Thermal Protection Spray 200ml - Hair Deluxe","isPartOf":{"@id":"https:\/\/hairdeluxe.ee\/en\/#website"},"primaryImageOfPage":{"@id":"https:\/\/hairdeluxe.ee\/en\/product\/balmain-kuumakaitse-sprei-200ml-thermal-protection-spray\/#primaryimage"},"image":{"@id":"https:\/\/hairdeluxe.ee\/en\/product\/balmain-kuumakaitse-sprei-200ml-thermal-protection-spray\/#primaryimage"},"thumbnailUrl":"https:\/\/hairdeluxe.ee\/wp-content\/uploads\/2021\/03\/thermal-1.jpg","datePublished":"2021-03-17T13:19:22+00:00","dateModified":"2025-03-18T19:22:40+00:00","breadcrumb":{"@id":"https:\/\/hairdeluxe.ee\/en\/product\/balmain-kuumakaitse-sprei-200ml-thermal-protection-spray\/#breadcrumb"},"inLanguage":"en-US","potentialAction":[{"@type":"ReadAction","target":["https:\/\/hairdeluxe.ee\/en\/product\/balmain-kuumakaitse-sprei-200ml-thermal-protection-spray\/"]}]},{"@type":"ImageObject","inLanguage":"en-US","@id":"https:\/\/hairdeluxe.ee\/en\/product\/balmain-kuumakaitse-sprei-200ml-thermal-protection-spray\/#primaryimage","url":"https:\/\/hairdeluxe.ee\/wp-content\/uploads\/2021\/03\/thermal-1.jpg","contentUrl":"https:\/\/hairdeluxe.ee\/wp-content\/uploads\/2021\/03\/thermal-1.jpg","width":800,"height":800},{"@type":"BreadcrumbList","@id":"https:\/\/hairdeluxe.ee\/en\/product\/balmain-kuumakaitse-sprei-200ml-thermal-protection-spray\/#breadcrumb","itemListElement":[{"@type":"ListItem","position":1,"name":"Home","item":"https:\/\/hairdeluxe.ee\/en\/"},{"@type":"ListItem","position":2,"name":"Shop","item":"https:\/\/hairdeluxe.ee\/en\/shop\/"},{"@type":"ListItem","position":3,"name":"BALMAIN HAIR kuumakaitse sprei juustele \/ Thermal Protection Spray 200ml"}]},{"@type":"WebSite","@id":"https:\/\/hairdeluxe.ee\/en\/#website","url":"https:\/\/hairdeluxe.ee\/en\/","name":"Hair Deluxe","description":"Highlight your natural beauty","publisher":{"@id":"https:\/\/hairdeluxe.ee\/en\/#organization"},"potentialAction":[{"@type":"SearchAction","target":{"@type":"EntryPoint","urlTemplate":"https:\/\/hairdeluxe.ee\/en\/?s={search_term_string}"},"query-input":{"@type":"PropertyValueSpecification","valueRequired":true,"valueName":"search_term_string"}}],"inLanguage":"en-US"},{"@type":"Organization","@id":"https:\/\/hairdeluxe.ee\/en\/#organization","name":"Hair Deluxe","url":"https:\/\/hairdeluxe.ee\/en\/","logo":{"@type":"ImageObject","inLanguage":"en-US","@id":"https:\/\/hairdeluxe.ee\/en\/#\/schema\/logo\/image\/","url":"https:\/\/hairdeluxe.ee\/wp-content\/uploads\/2024\/06\/Hair-Deluxe-Logo-Dark-font.png","contentUrl":"https:\/\/hairdeluxe.ee\/wp-content\/uploads\/2024\/06\/Hair-Deluxe-Logo-Dark-font.png","width":467,"height":177,"caption":"Hair Deluxe"},"image":{"@id":"https:\/\/hairdeluxe.ee\/en\/#\/schema\/logo\/image\/"},"sameAs":["https:\/\/www.facebook.com\/blowbartallinn","https:\/\/www.instagram.com\/blowbar_tallinn"]}]}},"_links":{"self":[{"href":"https:\/\/hairdeluxe.ee\/en\/wp-json\/wp\/v2\/product\/39917","targetHints":{"allow":["GET"]}}],"collection":[{"href":"https:\/\/hairdeluxe.ee\/en\/wp-json\/wp\/v2\/product"}],"about":[{"href":"https:\/\/hairdeluxe.ee\/en\/wp-json\/wp\/v2\/types\/product"}],"wp:featuredmedia":[{"embeddable":true,"href":"https:\/\/hairdeluxe.ee\/en\/wp-json\/wp\/v2\/media\/21681"}],"wp:attachment":[{"href":"https:\/\/hairdeluxe.ee\/en\/wp-json\/wp\/v2\/media?parent=39917"}],"wp:term":[{"taxonomy":"product_brand","embeddable":true,"href":"https:\/\/hairdeluxe.ee\/en\/wp-json\/wp\/v2\/product_brand?post=39917"},{"taxonomy":"product_cat","embeddable":true,"href":"https:\/\/hairdeluxe.ee\/en\/wp-json\/wp\/v2\/product_cat?post=39917"},{"taxonomy":"product_tag","embeddable":true,"href":"https:\/\/hairdeluxe.ee\/en\/wp-json\/wp\/v2\/product_tag?post=39917"}],"curies":[{"name":"wp","href":"https:\/\/api.w.org\/{rel}","templated":true}]}}