{"id":39942,"date":"2024-02-03T09:11:28","date_gmt":"2024-02-03T07:11:28","guid":{"rendered":"https:\/\/blowbar.ee\/?post_type=product&#038;p=35230"},"modified":"2025-03-18T19:22:30","modified_gmt":"2025-03-18T19:22:30","slug":"balmain-kullatud-juukseklamber-limited-edition-clip-l","status":"publish","type":"product","link":"https:\/\/hairdeluxe.ee\/en\/product\/balmain-kullatud-juukseklamber-limited-edition-clip-l\/","title":{"rendered":"BALMAIN HAIR kullatud juukseklamber \/ Limited Edition Clip L"},"content":{"rendered":"","protected":false},"excerpt":{"rendered":"<p>Piiratud v\u00e4ljaandes kuldne aksessuaar s\u00fcgis\/talv 2021 kollektsioonist on t\u00e4ielikult k\u00e4sitsi valmistatud, kasutades traditsioonilisi tehnikaid. Luksusliku 18k kullatud logomotiiviga kaunistatud klambri abil saab kergelt luua glamuurse v\u00e4limuse.\u00a0Looge madal v\u00f5i k\u00f5rge hobusesaba ja kinnitage elastik-kummiga. Asetage klamber hobusesabale, et luua t\u00e4idlane pats.<br \/>\nKvaliteetsed ja luksuslikud Balmain Hair juukseaksessuaarid annavad rohkelt v\u00f5imalusi juuste kinnitamiseks ja kombineerimiseks.<br \/>\n&#8211; 18K kullatud juukseklamber reljeefse &#8220;B&#8221; logoga.<br \/>\n&#8211; Klambri pandlaosal on spetsiaalselt v\u00e4lja t\u00f6\u00f6tatud painduv lisakaar, mis aitab mistahes paksuses juustest luua t\u00e4iuslikult uhke hobusesaba.<\/p>\n","protected":false},"featured_media":35267,"template":"","meta":[],"product_brand":[464],"product_cat":[96,266,265,206,114,268,129,121],"product_tag":[],"class_list":{"0":"post-39942","1":"product","2":"type-product","3":"status-publish","4":"has-post-thumbnail","6":"product_brand-balmain-hair","7":"product_cat-aksessuaarid","8":"product_cat-balmain-hair","9":"product_cat-brandid","10":"product_cat-erikollektsioonid","11":"product_cat-eripakkumised","12":"product_cat-juukseklambrid","13":"product_cat-kingitused","14":"product_cat-koik-tooted","16":"first","17":"instock","18":"taxable","19":"shipping-taxable","20":"purchasable","21":"product-type-simple","22":"add-to-wishlist-after_add_to_cart"},"yoast_head":"<!-- This site is optimized with the Yoast SEO plugin v27.5 - https:\/\/yoast.com\/product\/yoast-seo-wordpress\/ -->\n<title>BALMAIN HAIR kullatud juukseklamber \/ Limited Edition Clip L - Hair Deluxe<\/title>\n<meta name=\"robots\" content=\"index, follow, max-snippet:-1, max-image-preview:large, max-video-preview:-1\" \/>\n<link rel=\"canonical\" href=\"https:\/\/hairdeluxe.ee\/en\/product\/balmain-kullatud-juukseklamber-limited-edition-clip-l\/\" \/>\n<meta property=\"og:locale\" content=\"en_US\" \/>\n<meta property=\"og:type\" content=\"article\" \/>\n<meta property=\"og:title\" content=\"BALMAIN HAIR kullatud juukseklamber \/ Limited Edition Clip L - Hair Deluxe\" \/>\n<meta property=\"og:description\" content=\"Piiratud v\u00e4ljaandes kuldne aksessuaar s\u00fcgis\/talv 2021 kollektsioonist on t\u00e4ielikult k\u00e4sitsi valmistatud, kasutades traditsioonilisi tehnikaid. Luksusliku 18k kullatud logomotiiviga kaunistatud klambri abil saab kergelt luua glamuurse v\u00e4limuse.\u00a0Looge madal v\u00f5i k\u00f5rge hobusesaba ja kinnitage elastik-kummiga. Asetage klamber hobusesabale, et luua t\u00e4idlane pats. Kvaliteetsed ja luksuslikud Balmain Hair juukseaksessuaarid annavad rohkelt v\u00f5imalusi juuste kinnitamiseks ja kombineerimiseks. - 18K kullatud juukseklamber reljeefse &quot;B&quot; logoga. - Klambri pandlaosal on spetsiaalselt v\u00e4lja t\u00f6\u00f6tatud painduv lisakaar, mis aitab mistahes paksuses juustest luua t\u00e4iuslikult uhke hobusesaba.\" \/>\n<meta property=\"og:url\" content=\"https:\/\/hairdeluxe.ee\/en\/product\/balmain-kullatud-juukseklamber-limited-edition-clip-l\/\" \/>\n<meta property=\"og:site_name\" content=\"Hair Deluxe\" \/>\n<meta property=\"article:publisher\" content=\"https:\/\/www.facebook.com\/blowbartallinn\" \/>\n<meta property=\"article:modified_time\" content=\"2025-03-18T19:22:30+00:00\" \/>\n<meta property=\"og:image\" content=\"https:\/\/hairdeluxe.ee\/wp-content\/uploads\/2024\/02\/balmainhair_accessories_limitededition_cliplarge_fw21_800x800.jpg\" \/>\n\t<meta property=\"og:image:width\" content=\"800\" \/>\n\t<meta property=\"og:image:height\" content=\"800\" \/>\n\t<meta property=\"og:image:type\" content=\"image\/jpeg\" \/>\n<meta name=\"twitter:card\" content=\"summary_large_image\" \/>\n<script type=\"application\/ld+json\" class=\"yoast-schema-graph\">{\"@context\":\"https:\\\/\\\/schema.org\",\"@graph\":[{\"@type\":\"WebPage\",\"@id\":\"https:\\\/\\\/hairdeluxe.ee\\\/en\\\/product\\\/balmain-kullatud-juukseklamber-limited-edition-clip-l\\\/\",\"url\":\"https:\\\/\\\/hairdeluxe.ee\\\/en\\\/product\\\/balmain-kullatud-juukseklamber-limited-edition-clip-l\\\/\",\"name\":\"BALMAIN HAIR kullatud juukseklamber \\\/ Limited Edition Clip L - Hair Deluxe\",\"isPartOf\":{\"@id\":\"https:\\\/\\\/hairdeluxe.ee\\\/en\\\/#website\"},\"primaryImageOfPage\":{\"@id\":\"https:\\\/\\\/hairdeluxe.ee\\\/en\\\/product\\\/balmain-kullatud-juukseklamber-limited-edition-clip-l\\\/#primaryimage\"},\"image\":{\"@id\":\"https:\\\/\\\/hairdeluxe.ee\\\/en\\\/product\\\/balmain-kullatud-juukseklamber-limited-edition-clip-l\\\/#primaryimage\"},\"thumbnailUrl\":\"https:\\\/\\\/hairdeluxe.ee\\\/wp-content\\\/uploads\\\/2024\\\/02\\\/balmainhair_accessories_limitededition_cliplarge_fw21_800x800.jpg\",\"datePublished\":\"2024-02-03T07:11:28+00:00\",\"dateModified\":\"2025-03-18T19:22:30+00:00\",\"breadcrumb\":{\"@id\":\"https:\\\/\\\/hairdeluxe.ee\\\/en\\\/product\\\/balmain-kullatud-juukseklamber-limited-edition-clip-l\\\/#breadcrumb\"},\"inLanguage\":\"en-US\",\"potentialAction\":[{\"@type\":\"ReadAction\",\"target\":[\"https:\\\/\\\/hairdeluxe.ee\\\/en\\\/product\\\/balmain-kullatud-juukseklamber-limited-edition-clip-l\\\/\"]}]},{\"@type\":\"ImageObject\",\"inLanguage\":\"en-US\",\"@id\":\"https:\\\/\\\/hairdeluxe.ee\\\/en\\\/product\\\/balmain-kullatud-juukseklamber-limited-edition-clip-l\\\/#primaryimage\",\"url\":\"https:\\\/\\\/hairdeluxe.ee\\\/wp-content\\\/uploads\\\/2024\\\/02\\\/balmainhair_accessories_limitededition_cliplarge_fw21_800x800.jpg\",\"contentUrl\":\"https:\\\/\\\/hairdeluxe.ee\\\/wp-content\\\/uploads\\\/2024\\\/02\\\/balmainhair_accessories_limitededition_cliplarge_fw21_800x800.jpg\",\"width\":800,\"height\":800},{\"@type\":\"BreadcrumbList\",\"@id\":\"https:\\\/\\\/hairdeluxe.ee\\\/en\\\/product\\\/balmain-kullatud-juukseklamber-limited-edition-clip-l\\\/#breadcrumb\",\"itemListElement\":[{\"@type\":\"ListItem\",\"position\":1,\"name\":\"Home\",\"item\":\"https:\\\/\\\/hairdeluxe.ee\\\/en\\\/\"},{\"@type\":\"ListItem\",\"position\":2,\"name\":\"Shop\",\"item\":\"https:\\\/\\\/hairdeluxe.ee\\\/en\\\/shop\\\/\"},{\"@type\":\"ListItem\",\"position\":3,\"name\":\"BALMAIN HAIR kullatud juukseklamber \\\/ Limited Edition Clip L\"}]},{\"@type\":\"WebSite\",\"@id\":\"https:\\\/\\\/hairdeluxe.ee\\\/en\\\/#website\",\"url\":\"https:\\\/\\\/hairdeluxe.ee\\\/en\\\/\",\"name\":\"Hair Deluxe\",\"description\":\"Highlight your natural beauty\",\"publisher\":{\"@id\":\"https:\\\/\\\/hairdeluxe.ee\\\/en\\\/#organization\"},\"potentialAction\":[{\"@type\":\"SearchAction\",\"target\":{\"@type\":\"EntryPoint\",\"urlTemplate\":\"https:\\\/\\\/hairdeluxe.ee\\\/en\\\/?s={search_term_string}\"},\"query-input\":{\"@type\":\"PropertyValueSpecification\",\"valueRequired\":true,\"valueName\":\"search_term_string\"}}],\"inLanguage\":\"en-US\"},{\"@type\":\"Organization\",\"@id\":\"https:\\\/\\\/hairdeluxe.ee\\\/en\\\/#organization\",\"name\":\"Hair Deluxe\",\"url\":\"https:\\\/\\\/hairdeluxe.ee\\\/en\\\/\",\"logo\":{\"@type\":\"ImageObject\",\"inLanguage\":\"en-US\",\"@id\":\"https:\\\/\\\/hairdeluxe.ee\\\/en\\\/#\\\/schema\\\/logo\\\/image\\\/\",\"url\":\"https:\\\/\\\/hairdeluxe.ee\\\/wp-content\\\/uploads\\\/2024\\\/06\\\/Hair-Deluxe-Logo-Dark-font.png\",\"contentUrl\":\"https:\\\/\\\/hairdeluxe.ee\\\/wp-content\\\/uploads\\\/2024\\\/06\\\/Hair-Deluxe-Logo-Dark-font.png\",\"width\":467,\"height\":177,\"caption\":\"Hair Deluxe\"},\"image\":{\"@id\":\"https:\\\/\\\/hairdeluxe.ee\\\/en\\\/#\\\/schema\\\/logo\\\/image\\\/\"},\"sameAs\":[\"https:\\\/\\\/www.facebook.com\\\/blowbartallinn\",\"https:\\\/\\\/www.instagram.com\\\/blowbar_tallinn\"]}]}<\/script>\n<!-- \/ Yoast SEO plugin. -->","yoast_head_json":{"title":"BALMAIN HAIR kullatud juukseklamber \/ Limited Edition Clip L - Hair Deluxe","robots":{"index":"index","follow":"follow","max-snippet":"max-snippet:-1","max-image-preview":"max-image-preview:large","max-video-preview":"max-video-preview:-1"},"canonical":"https:\/\/hairdeluxe.ee\/en\/product\/balmain-kullatud-juukseklamber-limited-edition-clip-l\/","og_locale":"en_US","og_type":"article","og_title":"BALMAIN HAIR kullatud juukseklamber \/ Limited Edition Clip L - Hair Deluxe","og_description":"Piiratud v\u00e4ljaandes kuldne aksessuaar s\u00fcgis\/talv 2021 kollektsioonist on t\u00e4ielikult k\u00e4sitsi valmistatud, kasutades traditsioonilisi tehnikaid. Luksusliku 18k kullatud logomotiiviga kaunistatud klambri abil saab kergelt luua glamuurse v\u00e4limuse.\u00a0Looge madal v\u00f5i k\u00f5rge hobusesaba ja kinnitage elastik-kummiga. Asetage klamber hobusesabale, et luua t\u00e4idlane pats. Kvaliteetsed ja luksuslikud Balmain Hair juukseaksessuaarid annavad rohkelt v\u00f5imalusi juuste kinnitamiseks ja kombineerimiseks. - 18K kullatud juukseklamber reljeefse \"B\" logoga. - Klambri pandlaosal on spetsiaalselt v\u00e4lja t\u00f6\u00f6tatud painduv lisakaar, mis aitab mistahes paksuses juustest luua t\u00e4iuslikult uhke hobusesaba.","og_url":"https:\/\/hairdeluxe.ee\/en\/product\/balmain-kullatud-juukseklamber-limited-edition-clip-l\/","og_site_name":"Hair Deluxe","article_publisher":"https:\/\/www.facebook.com\/blowbartallinn","article_modified_time":"2025-03-18T19:22:30+00:00","og_image":[{"width":800,"height":800,"url":"https:\/\/hairdeluxe.ee\/wp-content\/uploads\/2024\/02\/balmainhair_accessories_limitededition_cliplarge_fw21_800x800.jpg","type":"image\/jpeg"}],"twitter_card":"summary_large_image","schema":{"@context":"https:\/\/schema.org","@graph":[{"@type":"WebPage","@id":"https:\/\/hairdeluxe.ee\/en\/product\/balmain-kullatud-juukseklamber-limited-edition-clip-l\/","url":"https:\/\/hairdeluxe.ee\/en\/product\/balmain-kullatud-juukseklamber-limited-edition-clip-l\/","name":"BALMAIN HAIR kullatud juukseklamber \/ Limited Edition Clip L - Hair Deluxe","isPartOf":{"@id":"https:\/\/hairdeluxe.ee\/en\/#website"},"primaryImageOfPage":{"@id":"https:\/\/hairdeluxe.ee\/en\/product\/balmain-kullatud-juukseklamber-limited-edition-clip-l\/#primaryimage"},"image":{"@id":"https:\/\/hairdeluxe.ee\/en\/product\/balmain-kullatud-juukseklamber-limited-edition-clip-l\/#primaryimage"},"thumbnailUrl":"https:\/\/hairdeluxe.ee\/wp-content\/uploads\/2024\/02\/balmainhair_accessories_limitededition_cliplarge_fw21_800x800.jpg","datePublished":"2024-02-03T07:11:28+00:00","dateModified":"2025-03-18T19:22:30+00:00","breadcrumb":{"@id":"https:\/\/hairdeluxe.ee\/en\/product\/balmain-kullatud-juukseklamber-limited-edition-clip-l\/#breadcrumb"},"inLanguage":"en-US","potentialAction":[{"@type":"ReadAction","target":["https:\/\/hairdeluxe.ee\/en\/product\/balmain-kullatud-juukseklamber-limited-edition-clip-l\/"]}]},{"@type":"ImageObject","inLanguage":"en-US","@id":"https:\/\/hairdeluxe.ee\/en\/product\/balmain-kullatud-juukseklamber-limited-edition-clip-l\/#primaryimage","url":"https:\/\/hairdeluxe.ee\/wp-content\/uploads\/2024\/02\/balmainhair_accessories_limitededition_cliplarge_fw21_800x800.jpg","contentUrl":"https:\/\/hairdeluxe.ee\/wp-content\/uploads\/2024\/02\/balmainhair_accessories_limitededition_cliplarge_fw21_800x800.jpg","width":800,"height":800},{"@type":"BreadcrumbList","@id":"https:\/\/hairdeluxe.ee\/en\/product\/balmain-kullatud-juukseklamber-limited-edition-clip-l\/#breadcrumb","itemListElement":[{"@type":"ListItem","position":1,"name":"Home","item":"https:\/\/hairdeluxe.ee\/en\/"},{"@type":"ListItem","position":2,"name":"Shop","item":"https:\/\/hairdeluxe.ee\/en\/shop\/"},{"@type":"ListItem","position":3,"name":"BALMAIN HAIR kullatud juukseklamber \/ Limited Edition Clip L"}]},{"@type":"WebSite","@id":"https:\/\/hairdeluxe.ee\/en\/#website","url":"https:\/\/hairdeluxe.ee\/en\/","name":"Hair Deluxe","description":"Highlight your natural beauty","publisher":{"@id":"https:\/\/hairdeluxe.ee\/en\/#organization"},"potentialAction":[{"@type":"SearchAction","target":{"@type":"EntryPoint","urlTemplate":"https:\/\/hairdeluxe.ee\/en\/?s={search_term_string}"},"query-input":{"@type":"PropertyValueSpecification","valueRequired":true,"valueName":"search_term_string"}}],"inLanguage":"en-US"},{"@type":"Organization","@id":"https:\/\/hairdeluxe.ee\/en\/#organization","name":"Hair Deluxe","url":"https:\/\/hairdeluxe.ee\/en\/","logo":{"@type":"ImageObject","inLanguage":"en-US","@id":"https:\/\/hairdeluxe.ee\/en\/#\/schema\/logo\/image\/","url":"https:\/\/hairdeluxe.ee\/wp-content\/uploads\/2024\/06\/Hair-Deluxe-Logo-Dark-font.png","contentUrl":"https:\/\/hairdeluxe.ee\/wp-content\/uploads\/2024\/06\/Hair-Deluxe-Logo-Dark-font.png","width":467,"height":177,"caption":"Hair Deluxe"},"image":{"@id":"https:\/\/hairdeluxe.ee\/en\/#\/schema\/logo\/image\/"},"sameAs":["https:\/\/www.facebook.com\/blowbartallinn","https:\/\/www.instagram.com\/blowbar_tallinn"]}]}},"_links":{"self":[{"href":"https:\/\/hairdeluxe.ee\/en\/wp-json\/wp\/v2\/product\/39942","targetHints":{"allow":["GET"]}}],"collection":[{"href":"https:\/\/hairdeluxe.ee\/en\/wp-json\/wp\/v2\/product"}],"about":[{"href":"https:\/\/hairdeluxe.ee\/en\/wp-json\/wp\/v2\/types\/product"}],"wp:featuredmedia":[{"embeddable":true,"href":"https:\/\/hairdeluxe.ee\/en\/wp-json\/wp\/v2\/media\/35267"}],"wp:attachment":[{"href":"https:\/\/hairdeluxe.ee\/en\/wp-json\/wp\/v2\/media?parent=39942"}],"wp:term":[{"taxonomy":"product_brand","embeddable":true,"href":"https:\/\/hairdeluxe.ee\/en\/wp-json\/wp\/v2\/product_brand?post=39942"},{"taxonomy":"product_cat","embeddable":true,"href":"https:\/\/hairdeluxe.ee\/en\/wp-json\/wp\/v2\/product_cat?post=39942"},{"taxonomy":"product_tag","embeddable":true,"href":"https:\/\/hairdeluxe.ee\/en\/wp-json\/wp\/v2\/product_tag?post=39942"}],"curies":[{"name":"wp","href":"https:\/\/api.w.org\/{rel}","templated":true}]}}