{"id":39948,"date":"2024-02-03T09:38:32","date_gmt":"2024-02-03T07:38:32","guid":{"rendered":"https:\/\/blowbar.ee\/toode\/balmain-hair-ekstra-tugeva-hoidvusega-juuksegeel-styling-gel-maximum-hold-100ml-2\/"},"modified":"2025-03-18T19:22:29","modified_gmt":"2025-03-18T19:22:29","slug":"balmain-ekstra-tugeva-hoidvusega-juuksegeel-styling-gel-maximum-hold-100ml-2-2","status":"publish","type":"product","link":"https:\/\/hairdeluxe.ee\/en\/product\/balmain-ekstra-tugeva-hoidvusega-juuksegeel-styling-gel-maximum-hold-100ml-2-2\/","title":{"rendered":"BALMAIN HAIR ekstra tugeva hoidvusega juuksegeel \/ Styling Gel Maximum Hold 100ml"},"content":{"rendered":"<p><em><strong>Koostis:<\/strong> Aqua, Alcohol Denat, VP\/VA Copolymer, Polyquaternium-69, Propanediol, PVP, PEG-40 Hydrogenated Castor Oil, Argania Spinosa Kernel Oil, Silk Amino Acids, Panthenol, Polysorbate 20, Parfum, Pantolactone, Phenoxyethanol, Ethylhexylglycerin, Acrylates\/C10-30 Alkyl Acrylate Crosspolymer, Benzophenone-4, Benzoic Acid, Tetrasodium EDTA, Aminomethyl Propanol, Citric Acid.<\/em><\/p>\n","protected":false},"excerpt":{"rendered":"<p>Balmain Hair Styling Gel Maximum Hold on selge ja mittekleepuva koostisega geel, mis sobib ideaalselt soengute jaoks, millel on vaja kauakestvat p\u00fcsivust. Vormib kergesti nii m\u00e4rjad, kui ka kuivad juuksed. Suurendab s\u00e4ra ja niisutab igat juuksekarva. T\u00e4nu veep\u00f5hisele koostisele on toode kergelt v\u00e4ljapestav. Ideaalne koostis v\u00f5imsa catwalk-inspireeritud v\u00e4limuse jaoks. Sobib\u00a0l\u00fchikeste kuni keskmiste soengute jaoks, kuid suurep\u00e4rane ka hobusesaba loomisel lenduvate salkude taltsutamiseks. Kerge koostisega stiliseerimisgeel loob puhta ja vastupidava viimistluse. Argan Elixir ja Silk Protein taastavad kuivi ja kahjustatud juukseid.<br \/>\n&#8211; Pikaajaline p\u00fcsivus<br \/>\n&#8211; Sobib nii kuivadele juustele kui ka wet-look soengute loomiseks<br \/>\n&#8211; Non-flexible<\/p>\n<p><strong>Kasutamine:\u00a0<\/strong>Kandke v\u00e4ike kogus Styling Gel Maximum Hold&#8217;i geeli oma s\u00f5rmeotstele, seej\u00e4rel kujundage juuksed vastavalt soovile.<\/p>\n<p>Kogus: 100ml<\/p>\n","protected":false},"featured_media":35425,"template":"","meta":[],"product_brand":[464],"product_cat":[266,265,212,121,144,274,196],"product_tag":[],"class_list":{"0":"post-39948","1":"product","2":"type-product","3":"status-publish","4":"has-post-thumbnail","6":"product_brand-balmain-hair","7":"product_cat-balmain-hair","8":"product_cat-brandid","9":"product_cat-kinnitus","10":"product_cat-koik-tooted","11":"product_cat-meestele","12":"product_cat-viimistlus-meestele","13":"product_cat-viimistlus","15":"first","16":"instock","17":"taxable","18":"shipping-taxable","19":"purchasable","20":"product-type-simple","21":"add-to-wishlist-after_add_to_cart"},"yoast_head":"<!-- This site is optimized with the Yoast SEO plugin v27.5 - https:\/\/yoast.com\/product\/yoast-seo-wordpress\/ -->\n<title>BALMAIN HAIR ekstra tugeva hoidvusega juuksegeel \/ Styling Gel Maximum Hold 100ml - Hair Deluxe<\/title>\n<meta name=\"robots\" content=\"index, follow, max-snippet:-1, max-image-preview:large, max-video-preview:-1\" \/>\n<link rel=\"canonical\" href=\"https:\/\/hairdeluxe.ee\/en\/product\/balmain-ekstra-tugeva-hoidvusega-juuksegeel-styling-gel-maximum-hold-100ml-2-2\/\" \/>\n<meta property=\"og:locale\" content=\"en_US\" \/>\n<meta property=\"og:type\" content=\"article\" \/>\n<meta property=\"og:title\" content=\"BALMAIN HAIR ekstra tugeva hoidvusega juuksegeel \/ Styling Gel Maximum Hold 100ml - Hair Deluxe\" \/>\n<meta property=\"og:description\" content=\"Balmain Hair Styling Gel Maximum Hold on selge ja mittekleepuva koostisega geel, mis sobib ideaalselt soengute jaoks, millel on vaja kauakestvat p\u00fcsivust. Vormib kergesti nii m\u00e4rjad, kui ka kuivad juuksed. Suurendab s\u00e4ra ja niisutab igat juuksekarva. T\u00e4nu veep\u00f5hisele koostisele on toode kergelt v\u00e4ljapestav. Ideaalne koostis v\u00f5imsa catwalk-inspireeritud v\u00e4limuse jaoks. Sobib\u00a0l\u00fchikeste kuni keskmiste soengute jaoks, kuid suurep\u00e4rane ka hobusesaba loomisel lenduvate salkude taltsutamiseks. Kerge koostisega stiliseerimisgeel loob puhta ja vastupidava viimistluse. Argan Elixir ja Silk Protein taastavad kuivi ja kahjustatud juukseid. - Pikaajaline p\u00fcsivus - Sobib nii kuivadele juustele kui ka wet-look soengute loomiseks - Non-flexible  Kasutamine:\u00a0Kandke v\u00e4ike kogus Styling Gel Maximum Hold&#039;i geeli oma s\u00f5rmeotstele, seej\u00e4rel kujundage juuksed vastavalt soovile.  Kogus: 100ml\" \/>\n<meta property=\"og:url\" content=\"https:\/\/hairdeluxe.ee\/en\/product\/balmain-ekstra-tugeva-hoidvusega-juuksegeel-styling-gel-maximum-hold-100ml-2-2\/\" \/>\n<meta property=\"og:site_name\" content=\"Hair Deluxe\" \/>\n<meta property=\"article:publisher\" content=\"https:\/\/www.facebook.com\/blowbartallinn\" \/>\n<meta property=\"article:modified_time\" content=\"2025-03-18T19:22:29+00:00\" \/>\n<meta property=\"og:image\" content=\"https:\/\/hairdeluxe.ee\/wp-content\/uploads\/2024\/02\/balmainhair_styling_stylinggelmaximumhold_800x800_bd08.jpg\" \/>\n\t<meta property=\"og:image:width\" content=\"800\" \/>\n\t<meta property=\"og:image:height\" content=\"800\" \/>\n\t<meta property=\"og:image:type\" content=\"image\/jpeg\" \/>\n<meta name=\"twitter:card\" content=\"summary_large_image\" \/>\n<script type=\"application\/ld+json\" class=\"yoast-schema-graph\">{\"@context\":\"https:\\\/\\\/schema.org\",\"@graph\":[{\"@type\":\"WebPage\",\"@id\":\"https:\\\/\\\/hairdeluxe.ee\\\/en\\\/product\\\/balmain-ekstra-tugeva-hoidvusega-juuksegeel-styling-gel-maximum-hold-100ml-2-2\\\/\",\"url\":\"https:\\\/\\\/hairdeluxe.ee\\\/en\\\/product\\\/balmain-ekstra-tugeva-hoidvusega-juuksegeel-styling-gel-maximum-hold-100ml-2-2\\\/\",\"name\":\"BALMAIN HAIR ekstra tugeva hoidvusega juuksegeel \\\/ Styling Gel Maximum Hold 100ml - Hair Deluxe\",\"isPartOf\":{\"@id\":\"https:\\\/\\\/hairdeluxe.ee\\\/en\\\/#website\"},\"primaryImageOfPage\":{\"@id\":\"https:\\\/\\\/hairdeluxe.ee\\\/en\\\/product\\\/balmain-ekstra-tugeva-hoidvusega-juuksegeel-styling-gel-maximum-hold-100ml-2-2\\\/#primaryimage\"},\"image\":{\"@id\":\"https:\\\/\\\/hairdeluxe.ee\\\/en\\\/product\\\/balmain-ekstra-tugeva-hoidvusega-juuksegeel-styling-gel-maximum-hold-100ml-2-2\\\/#primaryimage\"},\"thumbnailUrl\":\"https:\\\/\\\/hairdeluxe.ee\\\/wp-content\\\/uploads\\\/2024\\\/02\\\/balmainhair_styling_stylinggelmaximumhold_800x800_bd08.jpg\",\"datePublished\":\"2024-02-03T07:38:32+00:00\",\"dateModified\":\"2025-03-18T19:22:29+00:00\",\"breadcrumb\":{\"@id\":\"https:\\\/\\\/hairdeluxe.ee\\\/en\\\/product\\\/balmain-ekstra-tugeva-hoidvusega-juuksegeel-styling-gel-maximum-hold-100ml-2-2\\\/#breadcrumb\"},\"inLanguage\":\"en-US\",\"potentialAction\":[{\"@type\":\"ReadAction\",\"target\":[\"https:\\\/\\\/hairdeluxe.ee\\\/en\\\/product\\\/balmain-ekstra-tugeva-hoidvusega-juuksegeel-styling-gel-maximum-hold-100ml-2-2\\\/\"]}]},{\"@type\":\"ImageObject\",\"inLanguage\":\"en-US\",\"@id\":\"https:\\\/\\\/hairdeluxe.ee\\\/en\\\/product\\\/balmain-ekstra-tugeva-hoidvusega-juuksegeel-styling-gel-maximum-hold-100ml-2-2\\\/#primaryimage\",\"url\":\"https:\\\/\\\/hairdeluxe.ee\\\/wp-content\\\/uploads\\\/2024\\\/02\\\/balmainhair_styling_stylinggelmaximumhold_800x800_bd08.jpg\",\"contentUrl\":\"https:\\\/\\\/hairdeluxe.ee\\\/wp-content\\\/uploads\\\/2024\\\/02\\\/balmainhair_styling_stylinggelmaximumhold_800x800_bd08.jpg\",\"width\":800,\"height\":800},{\"@type\":\"BreadcrumbList\",\"@id\":\"https:\\\/\\\/hairdeluxe.ee\\\/en\\\/product\\\/balmain-ekstra-tugeva-hoidvusega-juuksegeel-styling-gel-maximum-hold-100ml-2-2\\\/#breadcrumb\",\"itemListElement\":[{\"@type\":\"ListItem\",\"position\":1,\"name\":\"Home\",\"item\":\"https:\\\/\\\/hairdeluxe.ee\\\/en\\\/\"},{\"@type\":\"ListItem\",\"position\":2,\"name\":\"Shop\",\"item\":\"https:\\\/\\\/hairdeluxe.ee\\\/en\\\/shop\\\/\"},{\"@type\":\"ListItem\",\"position\":3,\"name\":\"BALMAIN HAIR ekstra tugeva hoidvusega juuksegeel \\\/ Styling Gel Maximum Hold 100ml\"}]},{\"@type\":\"WebSite\",\"@id\":\"https:\\\/\\\/hairdeluxe.ee\\\/en\\\/#website\",\"url\":\"https:\\\/\\\/hairdeluxe.ee\\\/en\\\/\",\"name\":\"Hair Deluxe\",\"description\":\"Highlight your natural beauty\",\"publisher\":{\"@id\":\"https:\\\/\\\/hairdeluxe.ee\\\/en\\\/#organization\"},\"potentialAction\":[{\"@type\":\"SearchAction\",\"target\":{\"@type\":\"EntryPoint\",\"urlTemplate\":\"https:\\\/\\\/hairdeluxe.ee\\\/en\\\/?s={search_term_string}\"},\"query-input\":{\"@type\":\"PropertyValueSpecification\",\"valueRequired\":true,\"valueName\":\"search_term_string\"}}],\"inLanguage\":\"en-US\"},{\"@type\":\"Organization\",\"@id\":\"https:\\\/\\\/hairdeluxe.ee\\\/en\\\/#organization\",\"name\":\"Hair Deluxe\",\"url\":\"https:\\\/\\\/hairdeluxe.ee\\\/en\\\/\",\"logo\":{\"@type\":\"ImageObject\",\"inLanguage\":\"en-US\",\"@id\":\"https:\\\/\\\/hairdeluxe.ee\\\/en\\\/#\\\/schema\\\/logo\\\/image\\\/\",\"url\":\"https:\\\/\\\/hairdeluxe.ee\\\/wp-content\\\/uploads\\\/2024\\\/06\\\/Hair-Deluxe-Logo-Dark-font.png\",\"contentUrl\":\"https:\\\/\\\/hairdeluxe.ee\\\/wp-content\\\/uploads\\\/2024\\\/06\\\/Hair-Deluxe-Logo-Dark-font.png\",\"width\":467,\"height\":177,\"caption\":\"Hair Deluxe\"},\"image\":{\"@id\":\"https:\\\/\\\/hairdeluxe.ee\\\/en\\\/#\\\/schema\\\/logo\\\/image\\\/\"},\"sameAs\":[\"https:\\\/\\\/www.facebook.com\\\/blowbartallinn\",\"https:\\\/\\\/www.instagram.com\\\/blowbar_tallinn\"]}]}<\/script>\n<!-- \/ Yoast SEO plugin. -->","yoast_head_json":{"title":"BALMAIN HAIR ekstra tugeva hoidvusega juuksegeel \/ Styling Gel Maximum Hold 100ml - Hair Deluxe","robots":{"index":"index","follow":"follow","max-snippet":"max-snippet:-1","max-image-preview":"max-image-preview:large","max-video-preview":"max-video-preview:-1"},"canonical":"https:\/\/hairdeluxe.ee\/en\/product\/balmain-ekstra-tugeva-hoidvusega-juuksegeel-styling-gel-maximum-hold-100ml-2-2\/","og_locale":"en_US","og_type":"article","og_title":"BALMAIN HAIR ekstra tugeva hoidvusega juuksegeel \/ Styling Gel Maximum Hold 100ml - Hair Deluxe","og_description":"Balmain Hair Styling Gel Maximum Hold on selge ja mittekleepuva koostisega geel, mis sobib ideaalselt soengute jaoks, millel on vaja kauakestvat p\u00fcsivust. Vormib kergesti nii m\u00e4rjad, kui ka kuivad juuksed. Suurendab s\u00e4ra ja niisutab igat juuksekarva. T\u00e4nu veep\u00f5hisele koostisele on toode kergelt v\u00e4ljapestav. Ideaalne koostis v\u00f5imsa catwalk-inspireeritud v\u00e4limuse jaoks. Sobib\u00a0l\u00fchikeste kuni keskmiste soengute jaoks, kuid suurep\u00e4rane ka hobusesaba loomisel lenduvate salkude taltsutamiseks. Kerge koostisega stiliseerimisgeel loob puhta ja vastupidava viimistluse. Argan Elixir ja Silk Protein taastavad kuivi ja kahjustatud juukseid. - Pikaajaline p\u00fcsivus - Sobib nii kuivadele juustele kui ka wet-look soengute loomiseks - Non-flexible  Kasutamine:\u00a0Kandke v\u00e4ike kogus Styling Gel Maximum Hold'i geeli oma s\u00f5rmeotstele, seej\u00e4rel kujundage juuksed vastavalt soovile.  Kogus: 100ml","og_url":"https:\/\/hairdeluxe.ee\/en\/product\/balmain-ekstra-tugeva-hoidvusega-juuksegeel-styling-gel-maximum-hold-100ml-2-2\/","og_site_name":"Hair Deluxe","article_publisher":"https:\/\/www.facebook.com\/blowbartallinn","article_modified_time":"2025-03-18T19:22:29+00:00","og_image":[{"width":800,"height":800,"url":"https:\/\/hairdeluxe.ee\/wp-content\/uploads\/2024\/02\/balmainhair_styling_stylinggelmaximumhold_800x800_bd08.jpg","type":"image\/jpeg"}],"twitter_card":"summary_large_image","schema":{"@context":"https:\/\/schema.org","@graph":[{"@type":"WebPage","@id":"https:\/\/hairdeluxe.ee\/en\/product\/balmain-ekstra-tugeva-hoidvusega-juuksegeel-styling-gel-maximum-hold-100ml-2-2\/","url":"https:\/\/hairdeluxe.ee\/en\/product\/balmain-ekstra-tugeva-hoidvusega-juuksegeel-styling-gel-maximum-hold-100ml-2-2\/","name":"BALMAIN HAIR ekstra tugeva hoidvusega juuksegeel \/ Styling Gel Maximum Hold 100ml - Hair Deluxe","isPartOf":{"@id":"https:\/\/hairdeluxe.ee\/en\/#website"},"primaryImageOfPage":{"@id":"https:\/\/hairdeluxe.ee\/en\/product\/balmain-ekstra-tugeva-hoidvusega-juuksegeel-styling-gel-maximum-hold-100ml-2-2\/#primaryimage"},"image":{"@id":"https:\/\/hairdeluxe.ee\/en\/product\/balmain-ekstra-tugeva-hoidvusega-juuksegeel-styling-gel-maximum-hold-100ml-2-2\/#primaryimage"},"thumbnailUrl":"https:\/\/hairdeluxe.ee\/wp-content\/uploads\/2024\/02\/balmainhair_styling_stylinggelmaximumhold_800x800_bd08.jpg","datePublished":"2024-02-03T07:38:32+00:00","dateModified":"2025-03-18T19:22:29+00:00","breadcrumb":{"@id":"https:\/\/hairdeluxe.ee\/en\/product\/balmain-ekstra-tugeva-hoidvusega-juuksegeel-styling-gel-maximum-hold-100ml-2-2\/#breadcrumb"},"inLanguage":"en-US","potentialAction":[{"@type":"ReadAction","target":["https:\/\/hairdeluxe.ee\/en\/product\/balmain-ekstra-tugeva-hoidvusega-juuksegeel-styling-gel-maximum-hold-100ml-2-2\/"]}]},{"@type":"ImageObject","inLanguage":"en-US","@id":"https:\/\/hairdeluxe.ee\/en\/product\/balmain-ekstra-tugeva-hoidvusega-juuksegeel-styling-gel-maximum-hold-100ml-2-2\/#primaryimage","url":"https:\/\/hairdeluxe.ee\/wp-content\/uploads\/2024\/02\/balmainhair_styling_stylinggelmaximumhold_800x800_bd08.jpg","contentUrl":"https:\/\/hairdeluxe.ee\/wp-content\/uploads\/2024\/02\/balmainhair_styling_stylinggelmaximumhold_800x800_bd08.jpg","width":800,"height":800},{"@type":"BreadcrumbList","@id":"https:\/\/hairdeluxe.ee\/en\/product\/balmain-ekstra-tugeva-hoidvusega-juuksegeel-styling-gel-maximum-hold-100ml-2-2\/#breadcrumb","itemListElement":[{"@type":"ListItem","position":1,"name":"Home","item":"https:\/\/hairdeluxe.ee\/en\/"},{"@type":"ListItem","position":2,"name":"Shop","item":"https:\/\/hairdeluxe.ee\/en\/shop\/"},{"@type":"ListItem","position":3,"name":"BALMAIN HAIR ekstra tugeva hoidvusega juuksegeel \/ Styling Gel Maximum Hold 100ml"}]},{"@type":"WebSite","@id":"https:\/\/hairdeluxe.ee\/en\/#website","url":"https:\/\/hairdeluxe.ee\/en\/","name":"Hair Deluxe","description":"Highlight your natural beauty","publisher":{"@id":"https:\/\/hairdeluxe.ee\/en\/#organization"},"potentialAction":[{"@type":"SearchAction","target":{"@type":"EntryPoint","urlTemplate":"https:\/\/hairdeluxe.ee\/en\/?s={search_term_string}"},"query-input":{"@type":"PropertyValueSpecification","valueRequired":true,"valueName":"search_term_string"}}],"inLanguage":"en-US"},{"@type":"Organization","@id":"https:\/\/hairdeluxe.ee\/en\/#organization","name":"Hair Deluxe","url":"https:\/\/hairdeluxe.ee\/en\/","logo":{"@type":"ImageObject","inLanguage":"en-US","@id":"https:\/\/hairdeluxe.ee\/en\/#\/schema\/logo\/image\/","url":"https:\/\/hairdeluxe.ee\/wp-content\/uploads\/2024\/06\/Hair-Deluxe-Logo-Dark-font.png","contentUrl":"https:\/\/hairdeluxe.ee\/wp-content\/uploads\/2024\/06\/Hair-Deluxe-Logo-Dark-font.png","width":467,"height":177,"caption":"Hair Deluxe"},"image":{"@id":"https:\/\/hairdeluxe.ee\/en\/#\/schema\/logo\/image\/"},"sameAs":["https:\/\/www.facebook.com\/blowbartallinn","https:\/\/www.instagram.com\/blowbar_tallinn"]}]}},"_links":{"self":[{"href":"https:\/\/hairdeluxe.ee\/en\/wp-json\/wp\/v2\/product\/39948","targetHints":{"allow":["GET"]}}],"collection":[{"href":"https:\/\/hairdeluxe.ee\/en\/wp-json\/wp\/v2\/product"}],"about":[{"href":"https:\/\/hairdeluxe.ee\/en\/wp-json\/wp\/v2\/types\/product"}],"wp:featuredmedia":[{"embeddable":true,"href":"https:\/\/hairdeluxe.ee\/en\/wp-json\/wp\/v2\/media\/35425"}],"wp:attachment":[{"href":"https:\/\/hairdeluxe.ee\/en\/wp-json\/wp\/v2\/media?parent=39948"}],"wp:term":[{"taxonomy":"product_brand","embeddable":true,"href":"https:\/\/hairdeluxe.ee\/en\/wp-json\/wp\/v2\/product_brand?post=39948"},{"taxonomy":"product_cat","embeddable":true,"href":"https:\/\/hairdeluxe.ee\/en\/wp-json\/wp\/v2\/product_cat?post=39948"},{"taxonomy":"product_tag","embeddable":true,"href":"https:\/\/hairdeluxe.ee\/en\/wp-json\/wp\/v2\/product_tag?post=39948"}],"curies":[{"name":"wp","href":"https:\/\/api.w.org\/{rel}","templated":true}]}}