{"id":39955,"date":"2024-02-03T09:39:49","date_gmt":"2024-02-03T07:39:49","guid":{"rendered":"https:\/\/blowbar.ee\/toode\/balmain-hair-juukseklamber-krabi-beez-pince-a-cheveux-m-beige\/"},"modified":"2025-03-18T19:22:28","modified_gmt":"2025-03-18T19:22:28","slug":"balmain-juukseklamber-krabi-beez-pince-a-cheveux-m-beige-2","status":"publish","type":"product","link":"https:\/\/hairdeluxe.ee\/en\/product\/balmain-juukseklamber-krabi-beez-pince-a-cheveux-m-beige-2\/","title":{"rendered":"BALMAIN HAIR juukseklamber krabi beez \/ Pince \u00e0 Cheveux M Beige"},"content":{"rendered":"","protected":false},"excerpt":{"rendered":"<p>2022a kevad\/suve piiratud v\u00e4ljaanded t\u00e4histavad mitmekesisust ja kaasatust, kasutades k\u00f5ikide nahatoonide ja jumede alasti toone ning neile lisatud neoondetaile, j\u00e4\u00e4des samas klassikaliseks Balmainiks. Kollektsioon on t\u00e4ielikult k\u00e4sitsi valmistatud traditsioonilistes tehnikates. Igal selle kollektsiooni esemel on iseloomulikud kuldsed detailid. Seda naasvat disainielementi v\u00f5ib leida k\u00f5igist Balmain Hair kollektsioonidest.<br \/>\nPiiratud v\u00e4ljaandega Pince a Cheveux Medium on keskmise suurusega k\u00e4sit\u00f6\u00f6na valminud vastupidavast tselluloosatsetaadist valmistatud juukseklamber, millel on kaunistuseks Balmain Hair tunnusm\u00e4rgiga 18K kullaga kaetud &#8220;B&#8221; logo. \u00c4\u00e4rmiselt tugev, kuid painduv materjal on h\u00fcpoallergeenne ning \u00f5rn juustele ja peanahale.<br \/>\nKeskmine suurus on v\u00e4ga mitmek\u00fclgne paljude soengute jaoks ja sobib suurep\u00e4raselt sasise krunni, french twist\u00b4i v\u00f5i pooleldi \u00fclespandud soengu jaoks.<br \/>\n&#8211; K\u00f5rge kvaliteediga k\u00e4sitsi valmistatud juukseklamber<br \/>\n&#8211; Vastupidav<br \/>\n&#8211; Kaunistatud 14K kuldse Balmain Hair \u201cB\u201d logoga<br \/>\n&#8211; Sobib ideaalselt igale juukset\u00fc\u00fcbile ja soengule<\/p>\n","protected":false},"featured_media":35498,"template":"","meta":[],"product_brand":[464],"product_cat":[96,266,265,206,268,129,121],"product_tag":[],"class_list":{"0":"post-39955","1":"product","2":"type-product","3":"status-publish","4":"has-post-thumbnail","6":"product_brand-balmain-hair","7":"product_cat-aksessuaarid","8":"product_cat-balmain-hair","9":"product_cat-brandid","10":"product_cat-erikollektsioonid","11":"product_cat-juukseklambrid","12":"product_cat-kingitused","13":"product_cat-koik-tooted","15":"first","16":"instock","17":"taxable","18":"shipping-taxable","19":"purchasable","20":"product-type-simple","21":"add-to-wishlist-after_add_to_cart"},"yoast_head":"<!-- This site is optimized with the Yoast SEO plugin v27.5 - https:\/\/yoast.com\/product\/yoast-seo-wordpress\/ -->\n<title>BALMAIN HAIR juukseklamber krabi beez \/ Pince \u00e0 Cheveux M Beige - Hair Deluxe<\/title>\n<meta name=\"robots\" content=\"index, follow, max-snippet:-1, max-image-preview:large, max-video-preview:-1\" \/>\n<link rel=\"canonical\" href=\"https:\/\/hairdeluxe.ee\/en\/product\/balmain-juukseklamber-krabi-beez-pince-a-cheveux-m-beige-2\/\" \/>\n<meta property=\"og:locale\" content=\"en_US\" \/>\n<meta property=\"og:type\" content=\"article\" \/>\n<meta property=\"og:title\" content=\"BALMAIN HAIR juukseklamber krabi beez \/ Pince \u00e0 Cheveux M Beige - Hair Deluxe\" \/>\n<meta property=\"og:description\" content=\"2022a kevad\/suve piiratud v\u00e4ljaanded t\u00e4histavad mitmekesisust ja kaasatust, kasutades k\u00f5ikide nahatoonide ja jumede alasti toone ning neile lisatud neoondetaile, j\u00e4\u00e4des samas klassikaliseks Balmainiks. Kollektsioon on t\u00e4ielikult k\u00e4sitsi valmistatud traditsioonilistes tehnikates. Igal selle kollektsiooni esemel on iseloomulikud kuldsed detailid. Seda naasvat disainielementi v\u00f5ib leida k\u00f5igist Balmain Hair kollektsioonidest. Piiratud v\u00e4ljaandega Pince a Cheveux Medium on keskmise suurusega k\u00e4sit\u00f6\u00f6na valminud vastupidavast tselluloosatsetaadist valmistatud juukseklamber, millel on kaunistuseks Balmain Hair tunnusm\u00e4rgiga 18K kullaga kaetud &quot;B&quot; logo. \u00c4\u00e4rmiselt tugev, kuid painduv materjal on h\u00fcpoallergeenne ning \u00f5rn juustele ja peanahale. Keskmine suurus on v\u00e4ga mitmek\u00fclgne paljude soengute jaoks ja sobib suurep\u00e4raselt sasise krunni, french twist\u00b4i v\u00f5i pooleldi \u00fclespandud soengu jaoks. - K\u00f5rge kvaliteediga k\u00e4sitsi valmistatud juukseklamber - Vastupidav - Kaunistatud 14K kuldse Balmain Hair \u201cB\u201d logoga - Sobib ideaalselt igale juukset\u00fc\u00fcbile ja soengule\" \/>\n<meta property=\"og:url\" content=\"https:\/\/hairdeluxe.ee\/en\/product\/balmain-juukseklamber-krabi-beez-pince-a-cheveux-m-beige-2\/\" \/>\n<meta property=\"og:site_name\" content=\"Hair Deluxe\" \/>\n<meta property=\"article:publisher\" content=\"https:\/\/www.facebook.com\/blowbartallinn\" \/>\n<meta property=\"article:modified_time\" content=\"2025-03-18T19:22:28+00:00\" \/>\n<meta property=\"og:image\" content=\"https:\/\/hairdeluxe.ee\/wp-content\/uploads\/2024\/02\/balmainhair_accessories_pince_a_cheveux_medium_limitededition_ss22_le_hj_ca_pin_m_ss22_01_800x800.jpg\" \/>\n\t<meta property=\"og:image:width\" content=\"800\" \/>\n\t<meta property=\"og:image:height\" content=\"800\" \/>\n\t<meta property=\"og:image:type\" content=\"image\/jpeg\" \/>\n<meta name=\"twitter:card\" content=\"summary_large_image\" \/>\n<script type=\"application\/ld+json\" class=\"yoast-schema-graph\">{\"@context\":\"https:\\\/\\\/schema.org\",\"@graph\":[{\"@type\":\"WebPage\",\"@id\":\"https:\\\/\\\/hairdeluxe.ee\\\/en\\\/product\\\/balmain-juukseklamber-krabi-beez-pince-a-cheveux-m-beige-2\\\/\",\"url\":\"https:\\\/\\\/hairdeluxe.ee\\\/en\\\/product\\\/balmain-juukseklamber-krabi-beez-pince-a-cheveux-m-beige-2\\\/\",\"name\":\"BALMAIN HAIR juukseklamber krabi beez \\\/ Pince \u00e0 Cheveux M Beige - Hair Deluxe\",\"isPartOf\":{\"@id\":\"https:\\\/\\\/hairdeluxe.ee\\\/en\\\/#website\"},\"primaryImageOfPage\":{\"@id\":\"https:\\\/\\\/hairdeluxe.ee\\\/en\\\/product\\\/balmain-juukseklamber-krabi-beez-pince-a-cheveux-m-beige-2\\\/#primaryimage\"},\"image\":{\"@id\":\"https:\\\/\\\/hairdeluxe.ee\\\/en\\\/product\\\/balmain-juukseklamber-krabi-beez-pince-a-cheveux-m-beige-2\\\/#primaryimage\"},\"thumbnailUrl\":\"https:\\\/\\\/hairdeluxe.ee\\\/wp-content\\\/uploads\\\/2024\\\/02\\\/balmainhair_accessories_pince_a_cheveux_medium_limitededition_ss22_le_hj_ca_pin_m_ss22_01_800x800.jpg\",\"datePublished\":\"2024-02-03T07:39:49+00:00\",\"dateModified\":\"2025-03-18T19:22:28+00:00\",\"breadcrumb\":{\"@id\":\"https:\\\/\\\/hairdeluxe.ee\\\/en\\\/product\\\/balmain-juukseklamber-krabi-beez-pince-a-cheveux-m-beige-2\\\/#breadcrumb\"},\"inLanguage\":\"en-US\",\"potentialAction\":[{\"@type\":\"ReadAction\",\"target\":[\"https:\\\/\\\/hairdeluxe.ee\\\/en\\\/product\\\/balmain-juukseklamber-krabi-beez-pince-a-cheveux-m-beige-2\\\/\"]}]},{\"@type\":\"ImageObject\",\"inLanguage\":\"en-US\",\"@id\":\"https:\\\/\\\/hairdeluxe.ee\\\/en\\\/product\\\/balmain-juukseklamber-krabi-beez-pince-a-cheveux-m-beige-2\\\/#primaryimage\",\"url\":\"https:\\\/\\\/hairdeluxe.ee\\\/wp-content\\\/uploads\\\/2024\\\/02\\\/balmainhair_accessories_pince_a_cheveux_medium_limitededition_ss22_le_hj_ca_pin_m_ss22_01_800x800.jpg\",\"contentUrl\":\"https:\\\/\\\/hairdeluxe.ee\\\/wp-content\\\/uploads\\\/2024\\\/02\\\/balmainhair_accessories_pince_a_cheveux_medium_limitededition_ss22_le_hj_ca_pin_m_ss22_01_800x800.jpg\",\"width\":800,\"height\":800},{\"@type\":\"BreadcrumbList\",\"@id\":\"https:\\\/\\\/hairdeluxe.ee\\\/en\\\/product\\\/balmain-juukseklamber-krabi-beez-pince-a-cheveux-m-beige-2\\\/#breadcrumb\",\"itemListElement\":[{\"@type\":\"ListItem\",\"position\":1,\"name\":\"Home\",\"item\":\"https:\\\/\\\/hairdeluxe.ee\\\/en\\\/\"},{\"@type\":\"ListItem\",\"position\":2,\"name\":\"Shop\",\"item\":\"https:\\\/\\\/hairdeluxe.ee\\\/en\\\/shop\\\/\"},{\"@type\":\"ListItem\",\"position\":3,\"name\":\"BALMAIN HAIR juukseklamber krabi beez \\\/ Pince \u00e0 Cheveux M Beige\"}]},{\"@type\":\"WebSite\",\"@id\":\"https:\\\/\\\/hairdeluxe.ee\\\/en\\\/#website\",\"url\":\"https:\\\/\\\/hairdeluxe.ee\\\/en\\\/\",\"name\":\"Hair Deluxe\",\"description\":\"Highlight your natural beauty\",\"publisher\":{\"@id\":\"https:\\\/\\\/hairdeluxe.ee\\\/en\\\/#organization\"},\"potentialAction\":[{\"@type\":\"SearchAction\",\"target\":{\"@type\":\"EntryPoint\",\"urlTemplate\":\"https:\\\/\\\/hairdeluxe.ee\\\/en\\\/?s={search_term_string}\"},\"query-input\":{\"@type\":\"PropertyValueSpecification\",\"valueRequired\":true,\"valueName\":\"search_term_string\"}}],\"inLanguage\":\"en-US\"},{\"@type\":\"Organization\",\"@id\":\"https:\\\/\\\/hairdeluxe.ee\\\/en\\\/#organization\",\"name\":\"Hair Deluxe\",\"url\":\"https:\\\/\\\/hairdeluxe.ee\\\/en\\\/\",\"logo\":{\"@type\":\"ImageObject\",\"inLanguage\":\"en-US\",\"@id\":\"https:\\\/\\\/hairdeluxe.ee\\\/en\\\/#\\\/schema\\\/logo\\\/image\\\/\",\"url\":\"https:\\\/\\\/hairdeluxe.ee\\\/wp-content\\\/uploads\\\/2024\\\/06\\\/Hair-Deluxe-Logo-Dark-font.png\",\"contentUrl\":\"https:\\\/\\\/hairdeluxe.ee\\\/wp-content\\\/uploads\\\/2024\\\/06\\\/Hair-Deluxe-Logo-Dark-font.png\",\"width\":467,\"height\":177,\"caption\":\"Hair Deluxe\"},\"image\":{\"@id\":\"https:\\\/\\\/hairdeluxe.ee\\\/en\\\/#\\\/schema\\\/logo\\\/image\\\/\"},\"sameAs\":[\"https:\\\/\\\/www.facebook.com\\\/blowbartallinn\",\"https:\\\/\\\/www.instagram.com\\\/blowbar_tallinn\"]}]}<\/script>\n<!-- \/ Yoast SEO plugin. -->","yoast_head_json":{"title":"BALMAIN HAIR juukseklamber krabi beez \/ Pince \u00e0 Cheveux M Beige - Hair Deluxe","robots":{"index":"index","follow":"follow","max-snippet":"max-snippet:-1","max-image-preview":"max-image-preview:large","max-video-preview":"max-video-preview:-1"},"canonical":"https:\/\/hairdeluxe.ee\/en\/product\/balmain-juukseklamber-krabi-beez-pince-a-cheveux-m-beige-2\/","og_locale":"en_US","og_type":"article","og_title":"BALMAIN HAIR juukseklamber krabi beez \/ Pince \u00e0 Cheveux M Beige - Hair Deluxe","og_description":"2022a kevad\/suve piiratud v\u00e4ljaanded t\u00e4histavad mitmekesisust ja kaasatust, kasutades k\u00f5ikide nahatoonide ja jumede alasti toone ning neile lisatud neoondetaile, j\u00e4\u00e4des samas klassikaliseks Balmainiks. Kollektsioon on t\u00e4ielikult k\u00e4sitsi valmistatud traditsioonilistes tehnikates. Igal selle kollektsiooni esemel on iseloomulikud kuldsed detailid. Seda naasvat disainielementi v\u00f5ib leida k\u00f5igist Balmain Hair kollektsioonidest. Piiratud v\u00e4ljaandega Pince a Cheveux Medium on keskmise suurusega k\u00e4sit\u00f6\u00f6na valminud vastupidavast tselluloosatsetaadist valmistatud juukseklamber, millel on kaunistuseks Balmain Hair tunnusm\u00e4rgiga 18K kullaga kaetud \"B\" logo. \u00c4\u00e4rmiselt tugev, kuid painduv materjal on h\u00fcpoallergeenne ning \u00f5rn juustele ja peanahale. Keskmine suurus on v\u00e4ga mitmek\u00fclgne paljude soengute jaoks ja sobib suurep\u00e4raselt sasise krunni, french twist\u00b4i v\u00f5i pooleldi \u00fclespandud soengu jaoks. - K\u00f5rge kvaliteediga k\u00e4sitsi valmistatud juukseklamber - Vastupidav - Kaunistatud 14K kuldse Balmain Hair \u201cB\u201d logoga - Sobib ideaalselt igale juukset\u00fc\u00fcbile ja soengule","og_url":"https:\/\/hairdeluxe.ee\/en\/product\/balmain-juukseklamber-krabi-beez-pince-a-cheveux-m-beige-2\/","og_site_name":"Hair Deluxe","article_publisher":"https:\/\/www.facebook.com\/blowbartallinn","article_modified_time":"2025-03-18T19:22:28+00:00","og_image":[{"width":800,"height":800,"url":"https:\/\/hairdeluxe.ee\/wp-content\/uploads\/2024\/02\/balmainhair_accessories_pince_a_cheveux_medium_limitededition_ss22_le_hj_ca_pin_m_ss22_01_800x800.jpg","type":"image\/jpeg"}],"twitter_card":"summary_large_image","schema":{"@context":"https:\/\/schema.org","@graph":[{"@type":"WebPage","@id":"https:\/\/hairdeluxe.ee\/en\/product\/balmain-juukseklamber-krabi-beez-pince-a-cheveux-m-beige-2\/","url":"https:\/\/hairdeluxe.ee\/en\/product\/balmain-juukseklamber-krabi-beez-pince-a-cheveux-m-beige-2\/","name":"BALMAIN HAIR juukseklamber krabi beez \/ Pince \u00e0 Cheveux M Beige - Hair Deluxe","isPartOf":{"@id":"https:\/\/hairdeluxe.ee\/en\/#website"},"primaryImageOfPage":{"@id":"https:\/\/hairdeluxe.ee\/en\/product\/balmain-juukseklamber-krabi-beez-pince-a-cheveux-m-beige-2\/#primaryimage"},"image":{"@id":"https:\/\/hairdeluxe.ee\/en\/product\/balmain-juukseklamber-krabi-beez-pince-a-cheveux-m-beige-2\/#primaryimage"},"thumbnailUrl":"https:\/\/hairdeluxe.ee\/wp-content\/uploads\/2024\/02\/balmainhair_accessories_pince_a_cheveux_medium_limitededition_ss22_le_hj_ca_pin_m_ss22_01_800x800.jpg","datePublished":"2024-02-03T07:39:49+00:00","dateModified":"2025-03-18T19:22:28+00:00","breadcrumb":{"@id":"https:\/\/hairdeluxe.ee\/en\/product\/balmain-juukseklamber-krabi-beez-pince-a-cheveux-m-beige-2\/#breadcrumb"},"inLanguage":"en-US","potentialAction":[{"@type":"ReadAction","target":["https:\/\/hairdeluxe.ee\/en\/product\/balmain-juukseklamber-krabi-beez-pince-a-cheveux-m-beige-2\/"]}]},{"@type":"ImageObject","inLanguage":"en-US","@id":"https:\/\/hairdeluxe.ee\/en\/product\/balmain-juukseklamber-krabi-beez-pince-a-cheveux-m-beige-2\/#primaryimage","url":"https:\/\/hairdeluxe.ee\/wp-content\/uploads\/2024\/02\/balmainhair_accessories_pince_a_cheveux_medium_limitededition_ss22_le_hj_ca_pin_m_ss22_01_800x800.jpg","contentUrl":"https:\/\/hairdeluxe.ee\/wp-content\/uploads\/2024\/02\/balmainhair_accessories_pince_a_cheveux_medium_limitededition_ss22_le_hj_ca_pin_m_ss22_01_800x800.jpg","width":800,"height":800},{"@type":"BreadcrumbList","@id":"https:\/\/hairdeluxe.ee\/en\/product\/balmain-juukseklamber-krabi-beez-pince-a-cheveux-m-beige-2\/#breadcrumb","itemListElement":[{"@type":"ListItem","position":1,"name":"Home","item":"https:\/\/hairdeluxe.ee\/en\/"},{"@type":"ListItem","position":2,"name":"Shop","item":"https:\/\/hairdeluxe.ee\/en\/shop\/"},{"@type":"ListItem","position":3,"name":"BALMAIN HAIR juukseklamber krabi beez \/ Pince \u00e0 Cheveux M Beige"}]},{"@type":"WebSite","@id":"https:\/\/hairdeluxe.ee\/en\/#website","url":"https:\/\/hairdeluxe.ee\/en\/","name":"Hair Deluxe","description":"Highlight your natural beauty","publisher":{"@id":"https:\/\/hairdeluxe.ee\/en\/#organization"},"potentialAction":[{"@type":"SearchAction","target":{"@type":"EntryPoint","urlTemplate":"https:\/\/hairdeluxe.ee\/en\/?s={search_term_string}"},"query-input":{"@type":"PropertyValueSpecification","valueRequired":true,"valueName":"search_term_string"}}],"inLanguage":"en-US"},{"@type":"Organization","@id":"https:\/\/hairdeluxe.ee\/en\/#organization","name":"Hair Deluxe","url":"https:\/\/hairdeluxe.ee\/en\/","logo":{"@type":"ImageObject","inLanguage":"en-US","@id":"https:\/\/hairdeluxe.ee\/en\/#\/schema\/logo\/image\/","url":"https:\/\/hairdeluxe.ee\/wp-content\/uploads\/2024\/06\/Hair-Deluxe-Logo-Dark-font.png","contentUrl":"https:\/\/hairdeluxe.ee\/wp-content\/uploads\/2024\/06\/Hair-Deluxe-Logo-Dark-font.png","width":467,"height":177,"caption":"Hair Deluxe"},"image":{"@id":"https:\/\/hairdeluxe.ee\/en\/#\/schema\/logo\/image\/"},"sameAs":["https:\/\/www.facebook.com\/blowbartallinn","https:\/\/www.instagram.com\/blowbar_tallinn"]}]}},"_links":{"self":[{"href":"https:\/\/hairdeluxe.ee\/en\/wp-json\/wp\/v2\/product\/39955","targetHints":{"allow":["GET"]}}],"collection":[{"href":"https:\/\/hairdeluxe.ee\/en\/wp-json\/wp\/v2\/product"}],"about":[{"href":"https:\/\/hairdeluxe.ee\/en\/wp-json\/wp\/v2\/types\/product"}],"wp:featuredmedia":[{"embeddable":true,"href":"https:\/\/hairdeluxe.ee\/en\/wp-json\/wp\/v2\/media\/35498"}],"wp:attachment":[{"href":"https:\/\/hairdeluxe.ee\/en\/wp-json\/wp\/v2\/media?parent=39955"}],"wp:term":[{"taxonomy":"product_brand","embeddable":true,"href":"https:\/\/hairdeluxe.ee\/en\/wp-json\/wp\/v2\/product_brand?post=39955"},{"taxonomy":"product_cat","embeddable":true,"href":"https:\/\/hairdeluxe.ee\/en\/wp-json\/wp\/v2\/product_cat?post=39955"},{"taxonomy":"product_tag","embeddable":true,"href":"https:\/\/hairdeluxe.ee\/en\/wp-json\/wp\/v2\/product_tag?post=39955"}],"curies":[{"name":"wp","href":"https:\/\/api.w.org\/{rel}","templated":true}]}}