{"id":39956,"date":"2024-02-03T09:39:52","date_gmt":"2024-02-03T07:39:52","guid":{"rendered":"https:\/\/blowbar.ee\/toode\/balmain-hair-juukseklamber-barrette-pour-cheveux-m-ss22\/"},"modified":"2025-03-18T19:22:28","modified_gmt":"2025-03-18T19:22:28","slug":"balmain-juukseklamber-barrette-pour-cheveux-m-ss22","status":"publish","type":"product","link":"https:\/\/hairdeluxe.ee\/en\/product\/balmain-juukseklamber-barrette-pour-cheveux-m-ss22\/","title":{"rendered":"BALMAIN HAIR juukseklamber \/ Barrette Pour Cheveux M SS22"},"content":{"rendered":"","protected":false},"excerpt":{"rendered":"<p>2022 a. kevad\/suve piiratud v\u00e4ljaanded t\u00e4histavad mitmekesisust ja kaasatust, kasutades k\u00f5ikide nahatoonide ja jumede alasti toone ning neile lisatud neoondetaile, j\u00e4\u00e4des samas klassikaliseks Balmain Hair\u2019iks. Kollektsioon on t\u00e4ielikult k\u00e4sitsi valmistatud traditsioonilistes tehnikates. Igal selle kollektsiooni esemel on iseloomulikud kuldsed detailid. Seda naasvat disainielementi v\u00f5ib leida k\u00f5igist Balmain kollektsioonidest.<br \/>\nBalmain Hair juuste aksessuaar t\u00e4iendab laia valikut stiile ja on lihtne viis oma v\u00e4limust luksuslikumaks muuta. Loo sellega pooleldi kinnitatud \u2013 pooleldi lahtine soeng v\u00f5i madal hobusesaba ning kasuta seda ka lihtsalt kaunistusena.<br \/>\nLuksuslik, k\u00e4sitsi valmistatud juukseklamber Barrette\u2019i kaunistab 18K kullaga kaetud B-t\u00e4ht ja peen neoonkollane aktsent aksessuaari k\u00fclgedel, annab peene ja efektse v\u00e4limuse.<br \/>\n\u00c4\u00e4rmiselt tugev, kuid painduv materjal on h\u00fcpoallergeenne ning \u00f5rn juustele ja peanahale.<br \/>\nJuukseaksessuaari all on k\u00f5rgekvaliteetne ehtne prantsuse juukseklamber, mis tagab t\u00e4iusliku haarde juustega, ning seda saab kanda salkude kinnitamiseks, hobusesaba kaunistamiseks v\u00f5i soengu t\u00e4iustamiseks.<br \/>\n\u2013 K\u00f5rge kvaliteediga k\u00e4sitsi valmistatud juukseklamber<br \/>\n\u2013 Vastupidav<br \/>\n\u2013 Kaunistatud 14K kuldse Balmain Hair \u201cB\u201d logoga<br \/>\n\u2013 Sobib ideaalselt igale juukset\u00fc\u00fcbile<\/p>\n","protected":false},"featured_media":41558,"template":"","meta":[],"product_brand":[464],"product_cat":[96,266,265,206,268,129,121],"product_tag":[],"class_list":{"0":"post-39956","1":"product","2":"type-product","3":"status-publish","4":"has-post-thumbnail","6":"product_brand-balmain-hair","7":"product_cat-aksessuaarid","8":"product_cat-balmain-hair","9":"product_cat-brandid","10":"product_cat-erikollektsioonid","11":"product_cat-juukseklambrid","12":"product_cat-kingitused","13":"product_cat-koik-tooted","15":"first","16":"instock","17":"taxable","18":"shipping-taxable","19":"purchasable","20":"product-type-simple","21":"add-to-wishlist-after_add_to_cart"},"yoast_head":"<!-- This site is optimized with the Yoast SEO plugin v27.5 - https:\/\/yoast.com\/product\/yoast-seo-wordpress\/ -->\n<title>BALMAIN HAIR juukseklamber \/ Barrette Pour Cheveux M SS22 - Hair Deluxe<\/title>\n<meta name=\"robots\" content=\"index, follow, max-snippet:-1, max-image-preview:large, max-video-preview:-1\" \/>\n<link rel=\"canonical\" href=\"https:\/\/hairdeluxe.ee\/en\/product\/balmain-juukseklamber-barrette-pour-cheveux-m-ss22\/\" \/>\n<meta property=\"og:locale\" content=\"en_US\" \/>\n<meta property=\"og:type\" content=\"article\" \/>\n<meta property=\"og:title\" content=\"BALMAIN HAIR juukseklamber \/ Barrette Pour Cheveux M SS22 - Hair Deluxe\" \/>\n<meta property=\"og:description\" content=\"2022 a. kevad\/suve piiratud v\u00e4ljaanded t\u00e4histavad mitmekesisust ja kaasatust, kasutades k\u00f5ikide nahatoonide ja jumede alasti toone ning neile lisatud neoondetaile, j\u00e4\u00e4des samas klassikaliseks Balmain Hair\u2019iks. Kollektsioon on t\u00e4ielikult k\u00e4sitsi valmistatud traditsioonilistes tehnikates. Igal selle kollektsiooni esemel on iseloomulikud kuldsed detailid. Seda naasvat disainielementi v\u00f5ib leida k\u00f5igist Balmain kollektsioonidest. Balmain Hair juuste aksessuaar t\u00e4iendab laia valikut stiile ja on lihtne viis oma v\u00e4limust luksuslikumaks muuta. Loo sellega pooleldi kinnitatud \u2013 pooleldi lahtine soeng v\u00f5i madal hobusesaba ning kasuta seda ka lihtsalt kaunistusena. Luksuslik, k\u00e4sitsi valmistatud juukseklamber Barrette\u2019i kaunistab 18K kullaga kaetud B-t\u00e4ht ja peen neoonkollane aktsent aksessuaari k\u00fclgedel, annab peene ja efektse v\u00e4limuse. \u00c4\u00e4rmiselt tugev, kuid painduv materjal on h\u00fcpoallergeenne ning \u00f5rn juustele ja peanahale. Juukseaksessuaari all on k\u00f5rgekvaliteetne ehtne prantsuse juukseklamber, mis tagab t\u00e4iusliku haarde juustega, ning seda saab kanda salkude kinnitamiseks, hobusesaba kaunistamiseks v\u00f5i soengu t\u00e4iustamiseks. \u2013 K\u00f5rge kvaliteediga k\u00e4sitsi valmistatud juukseklamber \u2013 Vastupidav \u2013 Kaunistatud 14K kuldse Balmain Hair \u201cB\u201d logoga \u2013 Sobib ideaalselt igale juukset\u00fc\u00fcbile\" \/>\n<meta property=\"og:url\" content=\"https:\/\/hairdeluxe.ee\/en\/product\/balmain-juukseklamber-barrette-pour-cheveux-m-ss22\/\" \/>\n<meta property=\"og:site_name\" content=\"Hair Deluxe\" \/>\n<meta property=\"article:publisher\" content=\"https:\/\/www.facebook.com\/blowbartallinn\" \/>\n<meta property=\"article:modified_time\" content=\"2025-03-18T19:22:28+00:00\" \/>\n<meta property=\"og:image\" content=\"https:\/\/hairdeluxe.ee\/wp-content\/uploads\/2024\/02\/barette_pour_cheveux_m_white_.jpeg\" \/>\n\t<meta property=\"og:image:width\" content=\"800\" \/>\n\t<meta property=\"og:image:height\" content=\"800\" \/>\n\t<meta property=\"og:image:type\" content=\"image\/jpeg\" \/>\n<meta name=\"twitter:card\" content=\"summary_large_image\" \/>\n<script type=\"application\/ld+json\" class=\"yoast-schema-graph\">{\"@context\":\"https:\\\/\\\/schema.org\",\"@graph\":[{\"@type\":\"WebPage\",\"@id\":\"https:\\\/\\\/hairdeluxe.ee\\\/en\\\/product\\\/balmain-juukseklamber-barrette-pour-cheveux-m-ss22\\\/\",\"url\":\"https:\\\/\\\/hairdeluxe.ee\\\/en\\\/product\\\/balmain-juukseklamber-barrette-pour-cheveux-m-ss22\\\/\",\"name\":\"BALMAIN HAIR juukseklamber \\\/ Barrette Pour Cheveux M SS22 - Hair Deluxe\",\"isPartOf\":{\"@id\":\"https:\\\/\\\/hairdeluxe.ee\\\/en\\\/#website\"},\"primaryImageOfPage\":{\"@id\":\"https:\\\/\\\/hairdeluxe.ee\\\/en\\\/product\\\/balmain-juukseklamber-barrette-pour-cheveux-m-ss22\\\/#primaryimage\"},\"image\":{\"@id\":\"https:\\\/\\\/hairdeluxe.ee\\\/en\\\/product\\\/balmain-juukseklamber-barrette-pour-cheveux-m-ss22\\\/#primaryimage\"},\"thumbnailUrl\":\"https:\\\/\\\/hairdeluxe.ee\\\/wp-content\\\/uploads\\\/2024\\\/02\\\/barette_pour_cheveux_m_white_.jpeg\",\"datePublished\":\"2024-02-03T07:39:52+00:00\",\"dateModified\":\"2025-03-18T19:22:28+00:00\",\"breadcrumb\":{\"@id\":\"https:\\\/\\\/hairdeluxe.ee\\\/en\\\/product\\\/balmain-juukseklamber-barrette-pour-cheveux-m-ss22\\\/#breadcrumb\"},\"inLanguage\":\"en-US\",\"potentialAction\":[{\"@type\":\"ReadAction\",\"target\":[\"https:\\\/\\\/hairdeluxe.ee\\\/en\\\/product\\\/balmain-juukseklamber-barrette-pour-cheveux-m-ss22\\\/\"]}]},{\"@type\":\"ImageObject\",\"inLanguage\":\"en-US\",\"@id\":\"https:\\\/\\\/hairdeluxe.ee\\\/en\\\/product\\\/balmain-juukseklamber-barrette-pour-cheveux-m-ss22\\\/#primaryimage\",\"url\":\"https:\\\/\\\/hairdeluxe.ee\\\/wp-content\\\/uploads\\\/2024\\\/02\\\/barette_pour_cheveux_m_white_.jpeg\",\"contentUrl\":\"https:\\\/\\\/hairdeluxe.ee\\\/wp-content\\\/uploads\\\/2024\\\/02\\\/barette_pour_cheveux_m_white_.jpeg\",\"width\":800,\"height\":800},{\"@type\":\"BreadcrumbList\",\"@id\":\"https:\\\/\\\/hairdeluxe.ee\\\/en\\\/product\\\/balmain-juukseklamber-barrette-pour-cheveux-m-ss22\\\/#breadcrumb\",\"itemListElement\":[{\"@type\":\"ListItem\",\"position\":1,\"name\":\"Home\",\"item\":\"https:\\\/\\\/hairdeluxe.ee\\\/en\\\/\"},{\"@type\":\"ListItem\",\"position\":2,\"name\":\"Shop\",\"item\":\"https:\\\/\\\/hairdeluxe.ee\\\/en\\\/shop\\\/\"},{\"@type\":\"ListItem\",\"position\":3,\"name\":\"BALMAIN HAIR juukseklamber \\\/ Barrette Pour Cheveux M SS22\"}]},{\"@type\":\"WebSite\",\"@id\":\"https:\\\/\\\/hairdeluxe.ee\\\/en\\\/#website\",\"url\":\"https:\\\/\\\/hairdeluxe.ee\\\/en\\\/\",\"name\":\"Hair Deluxe\",\"description\":\"Highlight your natural beauty\",\"publisher\":{\"@id\":\"https:\\\/\\\/hairdeluxe.ee\\\/en\\\/#organization\"},\"potentialAction\":[{\"@type\":\"SearchAction\",\"target\":{\"@type\":\"EntryPoint\",\"urlTemplate\":\"https:\\\/\\\/hairdeluxe.ee\\\/en\\\/?s={search_term_string}\"},\"query-input\":{\"@type\":\"PropertyValueSpecification\",\"valueRequired\":true,\"valueName\":\"search_term_string\"}}],\"inLanguage\":\"en-US\"},{\"@type\":\"Organization\",\"@id\":\"https:\\\/\\\/hairdeluxe.ee\\\/en\\\/#organization\",\"name\":\"Hair Deluxe\",\"url\":\"https:\\\/\\\/hairdeluxe.ee\\\/en\\\/\",\"logo\":{\"@type\":\"ImageObject\",\"inLanguage\":\"en-US\",\"@id\":\"https:\\\/\\\/hairdeluxe.ee\\\/en\\\/#\\\/schema\\\/logo\\\/image\\\/\",\"url\":\"https:\\\/\\\/hairdeluxe.ee\\\/wp-content\\\/uploads\\\/2024\\\/06\\\/Hair-Deluxe-Logo-Dark-font.png\",\"contentUrl\":\"https:\\\/\\\/hairdeluxe.ee\\\/wp-content\\\/uploads\\\/2024\\\/06\\\/Hair-Deluxe-Logo-Dark-font.png\",\"width\":467,\"height\":177,\"caption\":\"Hair Deluxe\"},\"image\":{\"@id\":\"https:\\\/\\\/hairdeluxe.ee\\\/en\\\/#\\\/schema\\\/logo\\\/image\\\/\"},\"sameAs\":[\"https:\\\/\\\/www.facebook.com\\\/blowbartallinn\",\"https:\\\/\\\/www.instagram.com\\\/blowbar_tallinn\"]}]}<\/script>\n<!-- \/ Yoast SEO plugin. -->","yoast_head_json":{"title":"BALMAIN HAIR juukseklamber \/ Barrette Pour Cheveux M SS22 - Hair Deluxe","robots":{"index":"index","follow":"follow","max-snippet":"max-snippet:-1","max-image-preview":"max-image-preview:large","max-video-preview":"max-video-preview:-1"},"canonical":"https:\/\/hairdeluxe.ee\/en\/product\/balmain-juukseklamber-barrette-pour-cheveux-m-ss22\/","og_locale":"en_US","og_type":"article","og_title":"BALMAIN HAIR juukseklamber \/ Barrette Pour Cheveux M SS22 - Hair Deluxe","og_description":"2022 a. kevad\/suve piiratud v\u00e4ljaanded t\u00e4histavad mitmekesisust ja kaasatust, kasutades k\u00f5ikide nahatoonide ja jumede alasti toone ning neile lisatud neoondetaile, j\u00e4\u00e4des samas klassikaliseks Balmain Hair\u2019iks. Kollektsioon on t\u00e4ielikult k\u00e4sitsi valmistatud traditsioonilistes tehnikates. Igal selle kollektsiooni esemel on iseloomulikud kuldsed detailid. Seda naasvat disainielementi v\u00f5ib leida k\u00f5igist Balmain kollektsioonidest. Balmain Hair juuste aksessuaar t\u00e4iendab laia valikut stiile ja on lihtne viis oma v\u00e4limust luksuslikumaks muuta. Loo sellega pooleldi kinnitatud \u2013 pooleldi lahtine soeng v\u00f5i madal hobusesaba ning kasuta seda ka lihtsalt kaunistusena. Luksuslik, k\u00e4sitsi valmistatud juukseklamber Barrette\u2019i kaunistab 18K kullaga kaetud B-t\u00e4ht ja peen neoonkollane aktsent aksessuaari k\u00fclgedel, annab peene ja efektse v\u00e4limuse. \u00c4\u00e4rmiselt tugev, kuid painduv materjal on h\u00fcpoallergeenne ning \u00f5rn juustele ja peanahale. Juukseaksessuaari all on k\u00f5rgekvaliteetne ehtne prantsuse juukseklamber, mis tagab t\u00e4iusliku haarde juustega, ning seda saab kanda salkude kinnitamiseks, hobusesaba kaunistamiseks v\u00f5i soengu t\u00e4iustamiseks. \u2013 K\u00f5rge kvaliteediga k\u00e4sitsi valmistatud juukseklamber \u2013 Vastupidav \u2013 Kaunistatud 14K kuldse Balmain Hair \u201cB\u201d logoga \u2013 Sobib ideaalselt igale juukset\u00fc\u00fcbile","og_url":"https:\/\/hairdeluxe.ee\/en\/product\/balmain-juukseklamber-barrette-pour-cheveux-m-ss22\/","og_site_name":"Hair Deluxe","article_publisher":"https:\/\/www.facebook.com\/blowbartallinn","article_modified_time":"2025-03-18T19:22:28+00:00","og_image":[{"width":800,"height":800,"url":"https:\/\/hairdeluxe.ee\/wp-content\/uploads\/2024\/02\/barette_pour_cheveux_m_white_.jpeg","type":"image\/jpeg"}],"twitter_card":"summary_large_image","schema":{"@context":"https:\/\/schema.org","@graph":[{"@type":"WebPage","@id":"https:\/\/hairdeluxe.ee\/en\/product\/balmain-juukseklamber-barrette-pour-cheveux-m-ss22\/","url":"https:\/\/hairdeluxe.ee\/en\/product\/balmain-juukseklamber-barrette-pour-cheveux-m-ss22\/","name":"BALMAIN HAIR juukseklamber \/ Barrette Pour Cheveux M SS22 - Hair Deluxe","isPartOf":{"@id":"https:\/\/hairdeluxe.ee\/en\/#website"},"primaryImageOfPage":{"@id":"https:\/\/hairdeluxe.ee\/en\/product\/balmain-juukseklamber-barrette-pour-cheveux-m-ss22\/#primaryimage"},"image":{"@id":"https:\/\/hairdeluxe.ee\/en\/product\/balmain-juukseklamber-barrette-pour-cheveux-m-ss22\/#primaryimage"},"thumbnailUrl":"https:\/\/hairdeluxe.ee\/wp-content\/uploads\/2024\/02\/barette_pour_cheveux_m_white_.jpeg","datePublished":"2024-02-03T07:39:52+00:00","dateModified":"2025-03-18T19:22:28+00:00","breadcrumb":{"@id":"https:\/\/hairdeluxe.ee\/en\/product\/balmain-juukseklamber-barrette-pour-cheveux-m-ss22\/#breadcrumb"},"inLanguage":"en-US","potentialAction":[{"@type":"ReadAction","target":["https:\/\/hairdeluxe.ee\/en\/product\/balmain-juukseklamber-barrette-pour-cheveux-m-ss22\/"]}]},{"@type":"ImageObject","inLanguage":"en-US","@id":"https:\/\/hairdeluxe.ee\/en\/product\/balmain-juukseklamber-barrette-pour-cheveux-m-ss22\/#primaryimage","url":"https:\/\/hairdeluxe.ee\/wp-content\/uploads\/2024\/02\/barette_pour_cheveux_m_white_.jpeg","contentUrl":"https:\/\/hairdeluxe.ee\/wp-content\/uploads\/2024\/02\/barette_pour_cheveux_m_white_.jpeg","width":800,"height":800},{"@type":"BreadcrumbList","@id":"https:\/\/hairdeluxe.ee\/en\/product\/balmain-juukseklamber-barrette-pour-cheveux-m-ss22\/#breadcrumb","itemListElement":[{"@type":"ListItem","position":1,"name":"Home","item":"https:\/\/hairdeluxe.ee\/en\/"},{"@type":"ListItem","position":2,"name":"Shop","item":"https:\/\/hairdeluxe.ee\/en\/shop\/"},{"@type":"ListItem","position":3,"name":"BALMAIN HAIR juukseklamber \/ Barrette Pour Cheveux M SS22"}]},{"@type":"WebSite","@id":"https:\/\/hairdeluxe.ee\/en\/#website","url":"https:\/\/hairdeluxe.ee\/en\/","name":"Hair Deluxe","description":"Highlight your natural beauty","publisher":{"@id":"https:\/\/hairdeluxe.ee\/en\/#organization"},"potentialAction":[{"@type":"SearchAction","target":{"@type":"EntryPoint","urlTemplate":"https:\/\/hairdeluxe.ee\/en\/?s={search_term_string}"},"query-input":{"@type":"PropertyValueSpecification","valueRequired":true,"valueName":"search_term_string"}}],"inLanguage":"en-US"},{"@type":"Organization","@id":"https:\/\/hairdeluxe.ee\/en\/#organization","name":"Hair Deluxe","url":"https:\/\/hairdeluxe.ee\/en\/","logo":{"@type":"ImageObject","inLanguage":"en-US","@id":"https:\/\/hairdeluxe.ee\/en\/#\/schema\/logo\/image\/","url":"https:\/\/hairdeluxe.ee\/wp-content\/uploads\/2024\/06\/Hair-Deluxe-Logo-Dark-font.png","contentUrl":"https:\/\/hairdeluxe.ee\/wp-content\/uploads\/2024\/06\/Hair-Deluxe-Logo-Dark-font.png","width":467,"height":177,"caption":"Hair Deluxe"},"image":{"@id":"https:\/\/hairdeluxe.ee\/en\/#\/schema\/logo\/image\/"},"sameAs":["https:\/\/www.facebook.com\/blowbartallinn","https:\/\/www.instagram.com\/blowbar_tallinn"]}]}},"_links":{"self":[{"href":"https:\/\/hairdeluxe.ee\/en\/wp-json\/wp\/v2\/product\/39956","targetHints":{"allow":["GET"]}}],"collection":[{"href":"https:\/\/hairdeluxe.ee\/en\/wp-json\/wp\/v2\/product"}],"about":[{"href":"https:\/\/hairdeluxe.ee\/en\/wp-json\/wp\/v2\/types\/product"}],"wp:featuredmedia":[{"embeddable":true,"href":"https:\/\/hairdeluxe.ee\/en\/wp-json\/wp\/v2\/media\/41558"}],"wp:attachment":[{"href":"https:\/\/hairdeluxe.ee\/en\/wp-json\/wp\/v2\/media?parent=39956"}],"wp:term":[{"taxonomy":"product_brand","embeddable":true,"href":"https:\/\/hairdeluxe.ee\/en\/wp-json\/wp\/v2\/product_brand?post=39956"},{"taxonomy":"product_cat","embeddable":true,"href":"https:\/\/hairdeluxe.ee\/en\/wp-json\/wp\/v2\/product_cat?post=39956"},{"taxonomy":"product_tag","embeddable":true,"href":"https:\/\/hairdeluxe.ee\/en\/wp-json\/wp\/v2\/product_tag?post=39956"}],"curies":[{"name":"wp","href":"https:\/\/api.w.org\/{rel}","templated":true}]}}