{"id":39965,"date":"2024-02-03T09:40:40","date_gmt":"2024-02-03T07:40:40","guid":{"rendered":"https:\/\/blowbar.ee\/toode\/balmain-hair-mask-blondidele-juuste-hooldamiseks-illuminating-mask-white-pearl-200ml\/"},"modified":"2025-03-18T19:22:27","modified_gmt":"2025-03-18T19:22:27","slug":"balmain-mask-blondidele-juuste-hooldamiseks-illuminating-mask-white-pearl-200ml","status":"publish","type":"product","link":"https:\/\/hairdeluxe.ee\/en\/product\/balmain-mask-blondidele-juuste-hooldamiseks-illuminating-mask-white-pearl-200ml\/","title":{"rendered":"BALMAIN HAIR mask blondidele juuste hooldamiseks \/ Illuminating Mask White Pearl 200ml"},"content":{"rendered":"<p><em><strong>Koostis:\u00a0<\/strong>Aqua, Cetearyl Alcohol, Behentrimonium Chloride, Glycerin, PPG-3 Myristyl Ether, Betaine, Dimethicone, Propylene Glycol, Argania Spinosa Kernel Oil, PCA Dimethicone Crosspolymer, Hydrolyzed Keratin, Silk Amino Acids, Helianthus Annuus Seed Oil, Macadamia Ternifolia Seed Oil, Cocos Nucifera Oil, Glycine Soja Oil, Gardenia Tahitensis Flower Extract, Rosmarinus Officinalis Leaf Extract, Chenopodium Quinoa Seed Extract,\u00a0Tocopherol, Polysilicone-19, Polyacrylamidopropyltrimonium Chloride, Dipalmitoylethyl Hydroxyethylmonium Methosulfate, Linoleamidopropyl PG-Dimonium Chloride Phosphate Dimethicone, Panthenol, Quaternium-91, Cetrimonium Methosulfate, Ethylhexyl\u00a0Methoxycinnamate, Ceteareth-20, Dipropylene Glycol, Pantolactone, Basic Red 76, Basic Red 51, Basic Blue 99, Quaternium-80, Butylene Glycol, Parfum, Benzyl Alcohol, Caprylyl Glycol, Hexylene Glycol, Polysorbate 20, Isopropyl Alcohol, Benzoic Acid, Phenoxyethanol, Ethylhexylglycerin, Succinic Acid, Citric Acid, Sorbic Acid, Dehydroacetic Acid<\/em><\/p>\n","protected":false},"excerpt":{"rendered":"<p>Pleegitatud v\u00f5i triibutatud salkudega blondid juuksed n\u00f5uavad palju ja pidevat hoolt. Soovimatute soojade toonide t\u00f5rjumiseks on v\u00e4rvimiste vahepeal vaja s\u00fcgava violetse pigmendiga rikastatud tooteid.<br \/>\nPuhaste violetsete pigmentidega rikastatud Balmain Hair Couture Illuminating sari aitab murda soovimatud soojad toonid ja muuta juuksev\u00e4rvi heledamaks. Illuminating Mask White Pearl toidab juukseid s\u00fcgavuti, s\u00e4ilitades samal ajal juuste jaheda blondi v\u00e4rvi.\u00a0Korrigeerib kollasust ja j\u00e4tab juustele s\u00e4rava valge p\u00e4rli v\u00f5i erksa helebee\u017ei tooni.\u00a0Spetsiaalselt v\u00e4lja t\u00f6\u00f6tatud blondide ja triibutatud juuste jaoks.<br \/>\nRikastatud merevaikhappe, argaanieliksiiri, siidi- ja ka\u0161miirivalgu v\u00f5imsa seguga, mis tugevdab ja kaitseb juuksestruktuuri.<br \/>\n&#8211; Mask korrigeerib vasekarva ja kollakaid toone juustes<br \/>\n&#8211; S\u00e4ilitab jaheda tooniga blondid juuksed, eriti suvel<br \/>\n&#8211; Elavdab juuksev\u00e4rvi, muutmata seda halliks<\/p>\n<p>Uuendatud v\u00e4limusega maskil on stiilne must matt sissepressitud B-logoga kaas, mille all on kaasas v\u00e4ike spaatel maski mugavaks v\u00f5tmiseks.<br \/>\nMask on pakendatud elegantsesse karpi.<\/p>\n<p><b>Kasutamine:\u00a0<\/b>Kandke maski r\u00e4tikukuivade juuste otstele ja keskosale, masseerige \u00f5rnalt ja loputage hoolikalt 10-15 minuti p\u00e4rast.<br \/>\nParimate tulemuste saavutamiseks kasutage koos helestava White Pearl \u0161ampooniga. Liigne kasutamine ei ole soovitatav, kuna see m\u00f5jutab juuksev\u00e4rvi p\u00fcsivalt.<br \/>\nKasutage alati koos tavalise hooldussarjaga, n\u00e4iteks Couleurs Couture\u00b4ga, et pikendada v\u00e4rvi kestvust, parandamaks, tugevdamaks ning elustamaks juukseid s\u00fcgavalt seestpoolt.<br \/>\nL\u00f5petage juuksepesu palsamiga, mis toidab ning harutab lahti ja tugevdab kahjustatud ja \u00fclet\u00f6\u00f6deldud juukseid.\u2060<\/p>\n<p>Kogus: 200ml<\/p>\n","protected":false},"featured_media":35539,"template":"","meta":[],"product_brand":[464],"product_cat":[266,231,265,208,121,217,282],"product_tag":[],"class_list":{"0":"post-39965","1":"product","2":"type-product","3":"status-publish","4":"has-post-thumbnail","6":"product_brand-balmain-hair","7":"product_cat-balmain-hair","8":"product_cat-blondeeritud-juustele","9":"product_cat-brandid","10":"product_cat-juuksehooldus","11":"product_cat-koik-tooted","12":"product_cat-maskid-ja-hooldus","13":"product_cat-varvitud-juustele-couleurs-couture","15":"first","16":"instock","17":"taxable","18":"shipping-taxable","19":"purchasable","20":"product-type-simple","21":"add-to-wishlist-after_add_to_cart"},"yoast_head":"<!-- This site is optimized with the Yoast SEO plugin v27.5 - https:\/\/yoast.com\/product\/yoast-seo-wordpress\/ -->\n<title>BALMAIN HAIR mask blondidele juuste hooldamiseks \/ Illuminating Mask White Pearl 200ml - Hair Deluxe<\/title>\n<meta name=\"robots\" content=\"index, follow, max-snippet:-1, max-image-preview:large, max-video-preview:-1\" \/>\n<link rel=\"canonical\" href=\"https:\/\/hairdeluxe.ee\/en\/product\/balmain-mask-blondidele-juuste-hooldamiseks-illuminating-mask-white-pearl-200ml\/\" \/>\n<meta property=\"og:locale\" content=\"en_US\" \/>\n<meta property=\"og:type\" content=\"article\" \/>\n<meta property=\"og:title\" content=\"BALMAIN HAIR mask blondidele juuste hooldamiseks \/ Illuminating Mask White Pearl 200ml - Hair Deluxe\" \/>\n<meta property=\"og:description\" content=\"Pleegitatud v\u00f5i triibutatud salkudega blondid juuksed n\u00f5uavad palju ja pidevat hoolt. Soovimatute soojade toonide t\u00f5rjumiseks on v\u00e4rvimiste vahepeal vaja s\u00fcgava violetse pigmendiga rikastatud tooteid. Puhaste violetsete pigmentidega rikastatud Balmain Hair Couture Illuminating sari aitab murda soovimatud soojad toonid ja muuta juuksev\u00e4rvi heledamaks. Illuminating Mask White Pearl toidab juukseid s\u00fcgavuti, s\u00e4ilitades samal ajal juuste jaheda blondi v\u00e4rvi.\u00a0Korrigeerib kollasust ja j\u00e4tab juustele s\u00e4rava valge p\u00e4rli v\u00f5i erksa helebee\u017ei tooni.\u00a0Spetsiaalselt v\u00e4lja t\u00f6\u00f6tatud blondide ja triibutatud juuste jaoks. Rikastatud merevaikhappe, argaanieliksiiri, siidi- ja ka\u0161miirivalgu v\u00f5imsa seguga, mis tugevdab ja kaitseb juuksestruktuuri. - Mask korrigeerib vasekarva ja kollakaid toone juustes - S\u00e4ilitab jaheda tooniga blondid juuksed, eriti suvel - Elavdab juuksev\u00e4rvi, muutmata seda halliks  Uuendatud v\u00e4limusega maskil on stiilne must matt sissepressitud B-logoga kaas, mille all on kaasas v\u00e4ike spaatel maski mugavaks v\u00f5tmiseks. Mask on pakendatud elegantsesse karpi.  Kasutamine:\u00a0Kandke maski r\u00e4tikukuivade juuste otstele ja keskosale, masseerige \u00f5rnalt ja loputage hoolikalt 10-15 minuti p\u00e4rast. Parimate tulemuste saavutamiseks kasutage koos helestava White Pearl \u0161ampooniga. Liigne kasutamine ei ole soovitatav, kuna see m\u00f5jutab juuksev\u00e4rvi p\u00fcsivalt. Kasutage alati koos tavalise hooldussarjaga, n\u00e4iteks Couleurs Couture\u00b4ga, et pikendada v\u00e4rvi kestvust, parandamaks, tugevdamaks ning elustamaks juukseid s\u00fcgavalt seestpoolt. L\u00f5petage juuksepesu palsamiga, mis toidab ning harutab lahti ja tugevdab kahjustatud ja \u00fclet\u00f6\u00f6deldud juukseid.\u2060  Kogus: 200ml\" \/>\n<meta property=\"og:url\" content=\"https:\/\/hairdeluxe.ee\/en\/product\/balmain-mask-blondidele-juuste-hooldamiseks-illuminating-mask-white-pearl-200ml\/\" \/>\n<meta property=\"og:site_name\" content=\"Hair Deluxe\" \/>\n<meta property=\"article:publisher\" content=\"https:\/\/www.facebook.com\/blowbartallinn\" \/>\n<meta property=\"article:modified_time\" content=\"2025-03-18T19:22:27+00:00\" \/>\n<meta property=\"og:image\" content=\"https:\/\/hairdeluxe.ee\/wp-content\/uploads\/2024\/02\/balmainhair_care_illuminatingmasksilver_jar_open_cs_s_m_il_s_01_800x800_e515.jpg\" \/>\n\t<meta property=\"og:image:width\" content=\"740\" \/>\n\t<meta property=\"og:image:height\" content=\"740\" \/>\n\t<meta property=\"og:image:type\" content=\"image\/jpeg\" \/>\n<meta name=\"twitter:card\" content=\"summary_large_image\" \/>\n<meta name=\"twitter:label1\" content=\"Est. reading time\" \/>\n\t<meta name=\"twitter:data1\" content=\"1 minute\" \/>\n<script type=\"application\/ld+json\" class=\"yoast-schema-graph\">{\"@context\":\"https:\\\/\\\/schema.org\",\"@graph\":[{\"@type\":\"WebPage\",\"@id\":\"https:\\\/\\\/hairdeluxe.ee\\\/en\\\/product\\\/balmain-mask-blondidele-juuste-hooldamiseks-illuminating-mask-white-pearl-200ml\\\/\",\"url\":\"https:\\\/\\\/hairdeluxe.ee\\\/en\\\/product\\\/balmain-mask-blondidele-juuste-hooldamiseks-illuminating-mask-white-pearl-200ml\\\/\",\"name\":\"BALMAIN HAIR mask blondidele juuste hooldamiseks \\\/ Illuminating Mask White Pearl 200ml - Hair Deluxe\",\"isPartOf\":{\"@id\":\"https:\\\/\\\/hairdeluxe.ee\\\/en\\\/#website\"},\"primaryImageOfPage\":{\"@id\":\"https:\\\/\\\/hairdeluxe.ee\\\/en\\\/product\\\/balmain-mask-blondidele-juuste-hooldamiseks-illuminating-mask-white-pearl-200ml\\\/#primaryimage\"},\"image\":{\"@id\":\"https:\\\/\\\/hairdeluxe.ee\\\/en\\\/product\\\/balmain-mask-blondidele-juuste-hooldamiseks-illuminating-mask-white-pearl-200ml\\\/#primaryimage\"},\"thumbnailUrl\":\"https:\\\/\\\/hairdeluxe.ee\\\/wp-content\\\/uploads\\\/2024\\\/02\\\/balmainhair_care_illuminatingmasksilver_jar_open_cs_s_m_il_s_01_800x800_e515.jpg\",\"datePublished\":\"2024-02-03T07:40:40+00:00\",\"dateModified\":\"2025-03-18T19:22:27+00:00\",\"breadcrumb\":{\"@id\":\"https:\\\/\\\/hairdeluxe.ee\\\/en\\\/product\\\/balmain-mask-blondidele-juuste-hooldamiseks-illuminating-mask-white-pearl-200ml\\\/#breadcrumb\"},\"inLanguage\":\"en-US\",\"potentialAction\":[{\"@type\":\"ReadAction\",\"target\":[\"https:\\\/\\\/hairdeluxe.ee\\\/en\\\/product\\\/balmain-mask-blondidele-juuste-hooldamiseks-illuminating-mask-white-pearl-200ml\\\/\"]}]},{\"@type\":\"ImageObject\",\"inLanguage\":\"en-US\",\"@id\":\"https:\\\/\\\/hairdeluxe.ee\\\/en\\\/product\\\/balmain-mask-blondidele-juuste-hooldamiseks-illuminating-mask-white-pearl-200ml\\\/#primaryimage\",\"url\":\"https:\\\/\\\/hairdeluxe.ee\\\/wp-content\\\/uploads\\\/2024\\\/02\\\/balmainhair_care_illuminatingmasksilver_jar_open_cs_s_m_il_s_01_800x800_e515.jpg\",\"contentUrl\":\"https:\\\/\\\/hairdeluxe.ee\\\/wp-content\\\/uploads\\\/2024\\\/02\\\/balmainhair_care_illuminatingmasksilver_jar_open_cs_s_m_il_s_01_800x800_e515.jpg\",\"width\":740,\"height\":740},{\"@type\":\"BreadcrumbList\",\"@id\":\"https:\\\/\\\/hairdeluxe.ee\\\/en\\\/product\\\/balmain-mask-blondidele-juuste-hooldamiseks-illuminating-mask-white-pearl-200ml\\\/#breadcrumb\",\"itemListElement\":[{\"@type\":\"ListItem\",\"position\":1,\"name\":\"Home\",\"item\":\"https:\\\/\\\/hairdeluxe.ee\\\/en\\\/\"},{\"@type\":\"ListItem\",\"position\":2,\"name\":\"Shop\",\"item\":\"https:\\\/\\\/hairdeluxe.ee\\\/en\\\/shop\\\/\"},{\"@type\":\"ListItem\",\"position\":3,\"name\":\"BALMAIN HAIR mask blondidele juuste hooldamiseks \\\/ Illuminating Mask White Pearl 200ml\"}]},{\"@type\":\"WebSite\",\"@id\":\"https:\\\/\\\/hairdeluxe.ee\\\/en\\\/#website\",\"url\":\"https:\\\/\\\/hairdeluxe.ee\\\/en\\\/\",\"name\":\"Hair Deluxe\",\"description\":\"Highlight your natural beauty\",\"publisher\":{\"@id\":\"https:\\\/\\\/hairdeluxe.ee\\\/en\\\/#organization\"},\"potentialAction\":[{\"@type\":\"SearchAction\",\"target\":{\"@type\":\"EntryPoint\",\"urlTemplate\":\"https:\\\/\\\/hairdeluxe.ee\\\/en\\\/?s={search_term_string}\"},\"query-input\":{\"@type\":\"PropertyValueSpecification\",\"valueRequired\":true,\"valueName\":\"search_term_string\"}}],\"inLanguage\":\"en-US\"},{\"@type\":\"Organization\",\"@id\":\"https:\\\/\\\/hairdeluxe.ee\\\/en\\\/#organization\",\"name\":\"Hair Deluxe\",\"url\":\"https:\\\/\\\/hairdeluxe.ee\\\/en\\\/\",\"logo\":{\"@type\":\"ImageObject\",\"inLanguage\":\"en-US\",\"@id\":\"https:\\\/\\\/hairdeluxe.ee\\\/en\\\/#\\\/schema\\\/logo\\\/image\\\/\",\"url\":\"https:\\\/\\\/hairdeluxe.ee\\\/wp-content\\\/uploads\\\/2024\\\/06\\\/Hair-Deluxe-Logo-Dark-font.png\",\"contentUrl\":\"https:\\\/\\\/hairdeluxe.ee\\\/wp-content\\\/uploads\\\/2024\\\/06\\\/Hair-Deluxe-Logo-Dark-font.png\",\"width\":467,\"height\":177,\"caption\":\"Hair Deluxe\"},\"image\":{\"@id\":\"https:\\\/\\\/hairdeluxe.ee\\\/en\\\/#\\\/schema\\\/logo\\\/image\\\/\"},\"sameAs\":[\"https:\\\/\\\/www.facebook.com\\\/blowbartallinn\",\"https:\\\/\\\/www.instagram.com\\\/blowbar_tallinn\"]}]}<\/script>\n<!-- \/ Yoast SEO plugin. -->","yoast_head_json":{"title":"BALMAIN HAIR mask blondidele juuste hooldamiseks \/ Illuminating Mask White Pearl 200ml - Hair Deluxe","robots":{"index":"index","follow":"follow","max-snippet":"max-snippet:-1","max-image-preview":"max-image-preview:large","max-video-preview":"max-video-preview:-1"},"canonical":"https:\/\/hairdeluxe.ee\/en\/product\/balmain-mask-blondidele-juuste-hooldamiseks-illuminating-mask-white-pearl-200ml\/","og_locale":"en_US","og_type":"article","og_title":"BALMAIN HAIR mask blondidele juuste hooldamiseks \/ Illuminating Mask White Pearl 200ml - Hair Deluxe","og_description":"Pleegitatud v\u00f5i triibutatud salkudega blondid juuksed n\u00f5uavad palju ja pidevat hoolt. Soovimatute soojade toonide t\u00f5rjumiseks on v\u00e4rvimiste vahepeal vaja s\u00fcgava violetse pigmendiga rikastatud tooteid. Puhaste violetsete pigmentidega rikastatud Balmain Hair Couture Illuminating sari aitab murda soovimatud soojad toonid ja muuta juuksev\u00e4rvi heledamaks. Illuminating Mask White Pearl toidab juukseid s\u00fcgavuti, s\u00e4ilitades samal ajal juuste jaheda blondi v\u00e4rvi.\u00a0Korrigeerib kollasust ja j\u00e4tab juustele s\u00e4rava valge p\u00e4rli v\u00f5i erksa helebee\u017ei tooni.\u00a0Spetsiaalselt v\u00e4lja t\u00f6\u00f6tatud blondide ja triibutatud juuste jaoks. Rikastatud merevaikhappe, argaanieliksiiri, siidi- ja ka\u0161miirivalgu v\u00f5imsa seguga, mis tugevdab ja kaitseb juuksestruktuuri. - Mask korrigeerib vasekarva ja kollakaid toone juustes - S\u00e4ilitab jaheda tooniga blondid juuksed, eriti suvel - Elavdab juuksev\u00e4rvi, muutmata seda halliks  Uuendatud v\u00e4limusega maskil on stiilne must matt sissepressitud B-logoga kaas, mille all on kaasas v\u00e4ike spaatel maski mugavaks v\u00f5tmiseks. Mask on pakendatud elegantsesse karpi.  Kasutamine:\u00a0Kandke maski r\u00e4tikukuivade juuste otstele ja keskosale, masseerige \u00f5rnalt ja loputage hoolikalt 10-15 minuti p\u00e4rast. Parimate tulemuste saavutamiseks kasutage koos helestava White Pearl \u0161ampooniga. Liigne kasutamine ei ole soovitatav, kuna see m\u00f5jutab juuksev\u00e4rvi p\u00fcsivalt. Kasutage alati koos tavalise hooldussarjaga, n\u00e4iteks Couleurs Couture\u00b4ga, et pikendada v\u00e4rvi kestvust, parandamaks, tugevdamaks ning elustamaks juukseid s\u00fcgavalt seestpoolt. L\u00f5petage juuksepesu palsamiga, mis toidab ning harutab lahti ja tugevdab kahjustatud ja \u00fclet\u00f6\u00f6deldud juukseid.\u2060  Kogus: 200ml","og_url":"https:\/\/hairdeluxe.ee\/en\/product\/balmain-mask-blondidele-juuste-hooldamiseks-illuminating-mask-white-pearl-200ml\/","og_site_name":"Hair Deluxe","article_publisher":"https:\/\/www.facebook.com\/blowbartallinn","article_modified_time":"2025-03-18T19:22:27+00:00","og_image":[{"width":740,"height":740,"url":"https:\/\/hairdeluxe.ee\/wp-content\/uploads\/2024\/02\/balmainhair_care_illuminatingmasksilver_jar_open_cs_s_m_il_s_01_800x800_e515.jpg","type":"image\/jpeg"}],"twitter_card":"summary_large_image","twitter_misc":{"Est. reading time":"1 minute"},"schema":{"@context":"https:\/\/schema.org","@graph":[{"@type":"WebPage","@id":"https:\/\/hairdeluxe.ee\/en\/product\/balmain-mask-blondidele-juuste-hooldamiseks-illuminating-mask-white-pearl-200ml\/","url":"https:\/\/hairdeluxe.ee\/en\/product\/balmain-mask-blondidele-juuste-hooldamiseks-illuminating-mask-white-pearl-200ml\/","name":"BALMAIN HAIR mask blondidele juuste hooldamiseks \/ Illuminating Mask White Pearl 200ml - Hair Deluxe","isPartOf":{"@id":"https:\/\/hairdeluxe.ee\/en\/#website"},"primaryImageOfPage":{"@id":"https:\/\/hairdeluxe.ee\/en\/product\/balmain-mask-blondidele-juuste-hooldamiseks-illuminating-mask-white-pearl-200ml\/#primaryimage"},"image":{"@id":"https:\/\/hairdeluxe.ee\/en\/product\/balmain-mask-blondidele-juuste-hooldamiseks-illuminating-mask-white-pearl-200ml\/#primaryimage"},"thumbnailUrl":"https:\/\/hairdeluxe.ee\/wp-content\/uploads\/2024\/02\/balmainhair_care_illuminatingmasksilver_jar_open_cs_s_m_il_s_01_800x800_e515.jpg","datePublished":"2024-02-03T07:40:40+00:00","dateModified":"2025-03-18T19:22:27+00:00","breadcrumb":{"@id":"https:\/\/hairdeluxe.ee\/en\/product\/balmain-mask-blondidele-juuste-hooldamiseks-illuminating-mask-white-pearl-200ml\/#breadcrumb"},"inLanguage":"en-US","potentialAction":[{"@type":"ReadAction","target":["https:\/\/hairdeluxe.ee\/en\/product\/balmain-mask-blondidele-juuste-hooldamiseks-illuminating-mask-white-pearl-200ml\/"]}]},{"@type":"ImageObject","inLanguage":"en-US","@id":"https:\/\/hairdeluxe.ee\/en\/product\/balmain-mask-blondidele-juuste-hooldamiseks-illuminating-mask-white-pearl-200ml\/#primaryimage","url":"https:\/\/hairdeluxe.ee\/wp-content\/uploads\/2024\/02\/balmainhair_care_illuminatingmasksilver_jar_open_cs_s_m_il_s_01_800x800_e515.jpg","contentUrl":"https:\/\/hairdeluxe.ee\/wp-content\/uploads\/2024\/02\/balmainhair_care_illuminatingmasksilver_jar_open_cs_s_m_il_s_01_800x800_e515.jpg","width":740,"height":740},{"@type":"BreadcrumbList","@id":"https:\/\/hairdeluxe.ee\/en\/product\/balmain-mask-blondidele-juuste-hooldamiseks-illuminating-mask-white-pearl-200ml\/#breadcrumb","itemListElement":[{"@type":"ListItem","position":1,"name":"Home","item":"https:\/\/hairdeluxe.ee\/en\/"},{"@type":"ListItem","position":2,"name":"Shop","item":"https:\/\/hairdeluxe.ee\/en\/shop\/"},{"@type":"ListItem","position":3,"name":"BALMAIN HAIR mask blondidele juuste hooldamiseks \/ Illuminating Mask White Pearl 200ml"}]},{"@type":"WebSite","@id":"https:\/\/hairdeluxe.ee\/en\/#website","url":"https:\/\/hairdeluxe.ee\/en\/","name":"Hair Deluxe","description":"Highlight your natural beauty","publisher":{"@id":"https:\/\/hairdeluxe.ee\/en\/#organization"},"potentialAction":[{"@type":"SearchAction","target":{"@type":"EntryPoint","urlTemplate":"https:\/\/hairdeluxe.ee\/en\/?s={search_term_string}"},"query-input":{"@type":"PropertyValueSpecification","valueRequired":true,"valueName":"search_term_string"}}],"inLanguage":"en-US"},{"@type":"Organization","@id":"https:\/\/hairdeluxe.ee\/en\/#organization","name":"Hair Deluxe","url":"https:\/\/hairdeluxe.ee\/en\/","logo":{"@type":"ImageObject","inLanguage":"en-US","@id":"https:\/\/hairdeluxe.ee\/en\/#\/schema\/logo\/image\/","url":"https:\/\/hairdeluxe.ee\/wp-content\/uploads\/2024\/06\/Hair-Deluxe-Logo-Dark-font.png","contentUrl":"https:\/\/hairdeluxe.ee\/wp-content\/uploads\/2024\/06\/Hair-Deluxe-Logo-Dark-font.png","width":467,"height":177,"caption":"Hair Deluxe"},"image":{"@id":"https:\/\/hairdeluxe.ee\/en\/#\/schema\/logo\/image\/"},"sameAs":["https:\/\/www.facebook.com\/blowbartallinn","https:\/\/www.instagram.com\/blowbar_tallinn"]}]}},"_links":{"self":[{"href":"https:\/\/hairdeluxe.ee\/en\/wp-json\/wp\/v2\/product\/39965","targetHints":{"allow":["GET"]}}],"collection":[{"href":"https:\/\/hairdeluxe.ee\/en\/wp-json\/wp\/v2\/product"}],"about":[{"href":"https:\/\/hairdeluxe.ee\/en\/wp-json\/wp\/v2\/types\/product"}],"wp:featuredmedia":[{"embeddable":true,"href":"https:\/\/hairdeluxe.ee\/en\/wp-json\/wp\/v2\/media\/35539"}],"wp:attachment":[{"href":"https:\/\/hairdeluxe.ee\/en\/wp-json\/wp\/v2\/media?parent=39965"}],"wp:term":[{"taxonomy":"product_brand","embeddable":true,"href":"https:\/\/hairdeluxe.ee\/en\/wp-json\/wp\/v2\/product_brand?post=39965"},{"taxonomy":"product_cat","embeddable":true,"href":"https:\/\/hairdeluxe.ee\/en\/wp-json\/wp\/v2\/product_cat?post=39965"},{"taxonomy":"product_tag","embeddable":true,"href":"https:\/\/hairdeluxe.ee\/en\/wp-json\/wp\/v2\/product_tag?post=39965"}],"curies":[{"name":"wp","href":"https:\/\/api.w.org\/{rel}","templated":true}]}}