{"id":39967,"date":"2024-02-03T09:54:04","date_gmt":"2024-02-03T07:54:04","guid":{"rendered":"https:\/\/blowbar.ee\/toode\/balmain-hair-luksuslik-roheline-vegan-nahast-kosmeetikakott-luxury-vegan-pouch-green-gold\/"},"modified":"2025-03-18T19:22:26","modified_gmt":"2025-03-18T19:22:26","slug":"balmain-luksuslik-roheline-vegan-nahast-kosmeetikakott-luxury-vegan-pouch-green-gold-2","status":"publish","type":"product","link":"https:\/\/hairdeluxe.ee\/en\/product\/balmain-luksuslik-roheline-vegan-nahast-kosmeetikakott-luxury-vegan-pouch-green-gold-2\/","title":{"rendered":"BALMAIN HAIR luksuslik roheline vegan-nahast kosmeetikakott \/ Luxury Vegan Pouch Green &#038; Gold"},"content":{"rendered":"<p><strong>Balmain Hair Leave-in Conditioning Spray 200ml<br \/>\n<\/strong><em><strong>Koostis<\/strong>: Aqua, Cetearyl Alcohol, Glyceryl Stearate, Stearamidopropyl Dimethylamine, Argania Spinosa Kernel Oil, Silk Amino Acids, Panthenol, Dimethylpabamidopropyl Lauryldimonium Tosylate, Propylene Glycol Stearate, Sodium Cocoyl Amino Acids, Potassium Dimethicone PEG-7 Panthenyl Phosphate, Behenoyl PG-Trimonium Chloride, Quaternium-80, Amodimethicone, C11-15 Paret h-7, Laureth-9, Glycerin, Trideceth-12, Ethylhexyl Methoxycinnamate, Ceteareth-20, Phenoxyethanol, Ethylhexylglycerin, Polyquaternium-37, Propylene Glycol Dicaprylate\/ Dicaprate, PPG-1 Trideceth-6, Parfum, Citric Acid<\/em><\/p>\n<p><strong>Balmain Hair Texturizing Salt Spray 200ml<\/strong><em><strong><br \/>\n<\/strong><strong>Koostis:\u00a0<\/strong>Aqua, Alcohol Denat., Sorbitol, Polyacrylate-22, Sodium Chloride (Sea Salt), Silk Amino Acids, Panthenol, Glycerin, Ethylhexyl Methoxycinnamate, Parfum, CI 13015, CI 16255.<\/em><\/p>\n<p><strong>Balmain Hair\u00a0Moisturizing Styling Cream 150ml<\/strong><em><strong><br \/>\n<\/strong><strong>Koostis:\u00a0<\/strong>Aqua, Cetyl Alcohol, Propylene Glycol, Ethylhexyl Palmitate, Glyceryl Stearate, Ceteareth-20, Argania Spinosa Kernel Oil, Silk Amino Acids, Panthenol, Tocopheryl Acetate, Hydrolyzed Vegetable Protein PG-propyl Silanetriol, Cetrimonium Chloride, Polyquaternium-7, Ethylhexy Methoxycinnamate, Dimethicone, Polyquaternium-37, Propylene Glycol Dicaprylate Dicaprate, PPG-1 Trideceth-6, C10-11 Isoparaffin, Sorbitan Oleate, Acrylates\/Stearyl Methacrylate Copolymer, Pantolactone, Citric Acid, Parfum, Phenoxyethanol, Ethylhexylglycerin, Potassium Sorbate, Disodium EDTA, Benzoic Acid.<\/em><\/p>\n<p>&nbsp;<\/p>\n<p>&nbsp;<\/p>\n","protected":false},"excerpt":{"rendered":"<p>S\u00fcgis\/talv 2022 kollektsiooni piiratud koguses smaragdroheline kott kahepoolse lukuga.<br \/>\nKuldse B- logoplaadiga kaunistatud kotti saab avada kahepoolse lukuga.\u00a0Kotis leidub ikooniline tekstureeriv soolasprei 200 ml, toitev 200 ml hooldussprei Leave- In spreipalsam, kahuvastane niisutav stiliseerimiskreem ja v\u00e4ike l\u00f5hnak\u00fc\u00fcnal, millele on lisatud Balmain Hair tunnusl\u00f5hna.<br \/>\n&#8211; Piiratud v\u00e4ljaanne<br \/>\n&#8211; Ideaalne kingitus<br \/>\n&#8211; Sisaldab 4 juuksemoe lemmikut<\/p>\n<p><strong>Tekstuuri andev soolasprei<\/strong><br \/>\nMeresoola baasil juukseid stiliseeriv sprei. Lisab definitsiooni, tekstuuri ja tugevust. Annab juustele paindliku hoiaku ja kontrolli. Niisutatud juuste tasakaalu tagamiseks rikastatud siidiproteiini ja argaania\u00f5liga. Niiskuskindel.<\/p>\n<p><strong>Juustesse j\u00e4etav palsam<\/strong><br \/>\nKerge, juustesse j\u00e4etav palsam harutab, toidab juukseid ja peanahka ning silub juuksekutiikulit. Annab tugevust, s\u00e4ra ja niisutust kogu p\u00e4evaks. UV-kiirte eest kaitsvate filtritega.<\/p>\n<p><strong>Niisutav stiliseerimiskreem<\/strong><br \/>\nIdeaalne alus igale soengule. Annab tugevust, taltsutab kahu ning niisutab juukseid. Annab ideaalse p\u00fcsivuse juuste kujundamisel, lokitamisel v\u00f5i f\u00f6\u00f6nitamisel. Lisab vol\u00fc\u00fcmi, s\u00e4ra ja \u00fcmberkujundatavat hoidvust.<\/p>\n","protected":false},"featured_media":35675,"template":"","meta":[],"product_brand":[464],"product_cat":[266,265,206,129,130,121,196],"product_tag":[],"class_list":{"0":"post-39967","1":"product","2":"type-product","3":"status-publish","4":"has-post-thumbnail","6":"product_brand-balmain-hair","7":"product_cat-balmain-hair","8":"product_cat-brandid","9":"product_cat-erikollektsioonid","10":"product_cat-kingitused","11":"product_cat-kinkekomplektid","12":"product_cat-koik-tooted","13":"product_cat-viimistlus","15":"first","16":"instock","17":"taxable","18":"shipping-taxable","19":"purchasable","20":"product-type-simple","21":"add-to-wishlist-after_add_to_cart"},"yoast_head":"<!-- This site is optimized with the Yoast SEO plugin v27.4 - https:\/\/yoast.com\/product\/yoast-seo-wordpress\/ -->\n<title>BALMAIN HAIR luksuslik roheline vegan-nahast kosmeetikakott \/ Luxury Vegan Pouch Green &amp; Gold - Hair Deluxe<\/title>\n<meta name=\"robots\" content=\"index, follow, max-snippet:-1, max-image-preview:large, max-video-preview:-1\" \/>\n<link rel=\"canonical\" href=\"https:\/\/hairdeluxe.ee\/en\/product\/balmain-luksuslik-roheline-vegan-nahast-kosmeetikakott-luxury-vegan-pouch-green-gold-2\/\" \/>\n<meta property=\"og:locale\" content=\"en_US\" \/>\n<meta property=\"og:type\" content=\"article\" \/>\n<meta property=\"og:title\" content=\"BALMAIN HAIR luksuslik roheline vegan-nahast kosmeetikakott \/ Luxury Vegan Pouch Green &amp; Gold - Hair Deluxe\" \/>\n<meta property=\"og:description\" content=\"S\u00fcgis\/talv 2022 kollektsiooni piiratud koguses smaragdroheline kott kahepoolse lukuga. Kuldse B- logoplaadiga kaunistatud kotti saab avada kahepoolse lukuga.\u00a0Kotis leidub ikooniline tekstureeriv soolasprei 200 ml, toitev 200 ml hooldussprei Leave- In spreipalsam, kahuvastane niisutav stiliseerimiskreem ja v\u00e4ike l\u00f5hnak\u00fc\u00fcnal, millele on lisatud Balmain Hair tunnusl\u00f5hna. - Piiratud v\u00e4ljaanne - Ideaalne kingitus - Sisaldab 4 juuksemoe lemmikut  Tekstuuri andev soolasprei Meresoola baasil juukseid stiliseeriv sprei. Lisab definitsiooni, tekstuuri ja tugevust. Annab juustele paindliku hoiaku ja kontrolli. Niisutatud juuste tasakaalu tagamiseks rikastatud siidiproteiini ja argaania\u00f5liga. Niiskuskindel.  Juustesse j\u00e4etav palsam Kerge, juustesse j\u00e4etav palsam harutab, toidab juukseid ja peanahka ning silub juuksekutiikulit. Annab tugevust, s\u00e4ra ja niisutust kogu p\u00e4evaks. UV-kiirte eest kaitsvate filtritega.  Niisutav stiliseerimiskreem Ideaalne alus igale soengule. Annab tugevust, taltsutab kahu ning niisutab juukseid. Annab ideaalse p\u00fcsivuse juuste kujundamisel, lokitamisel v\u00f5i f\u00f6\u00f6nitamisel. Lisab vol\u00fc\u00fcmi, s\u00e4ra ja \u00fcmberkujundatavat hoidvust.\" \/>\n<meta property=\"og:url\" content=\"https:\/\/hairdeluxe.ee\/en\/product\/balmain-luksuslik-roheline-vegan-nahast-kosmeetikakott-luxury-vegan-pouch-green-gold-2\/\" \/>\n<meta property=\"og:site_name\" content=\"Hair Deluxe\" \/>\n<meta property=\"article:publisher\" content=\"https:\/\/www.facebook.com\/blowbartallinn\" \/>\n<meta property=\"article:modified_time\" content=\"2025-03-18T19:22:26+00:00\" \/>\n<meta property=\"og:image\" content=\"https:\/\/hairdeluxe.ee\/wp-content\/uploads\/2024\/02\/balmainhair_limitededition_greenpouch_fw22_le_pouch_g_fw22_800x800.jpg\" \/>\n\t<meta property=\"og:image:width\" content=\"800\" \/>\n\t<meta property=\"og:image:height\" content=\"800\" \/>\n\t<meta property=\"og:image:type\" content=\"image\/jpeg\" \/>\n<meta name=\"twitter:card\" content=\"summary_large_image\" \/>\n<meta name=\"twitter:label1\" content=\"Est. reading time\" \/>\n\t<meta name=\"twitter:data1\" content=\"1 minute\" \/>\n<script type=\"application\/ld+json\" class=\"yoast-schema-graph\">{\"@context\":\"https:\\\/\\\/schema.org\",\"@graph\":[{\"@type\":\"WebPage\",\"@id\":\"https:\\\/\\\/hairdeluxe.ee\\\/en\\\/product\\\/balmain-luksuslik-roheline-vegan-nahast-kosmeetikakott-luxury-vegan-pouch-green-gold-2\\\/\",\"url\":\"https:\\\/\\\/hairdeluxe.ee\\\/en\\\/product\\\/balmain-luksuslik-roheline-vegan-nahast-kosmeetikakott-luxury-vegan-pouch-green-gold-2\\\/\",\"name\":\"BALMAIN HAIR luksuslik roheline vegan-nahast kosmeetikakott \\\/ Luxury Vegan Pouch Green & Gold - Hair Deluxe\",\"isPartOf\":{\"@id\":\"https:\\\/\\\/hairdeluxe.ee\\\/en\\\/#website\"},\"primaryImageOfPage\":{\"@id\":\"https:\\\/\\\/hairdeluxe.ee\\\/en\\\/product\\\/balmain-luksuslik-roheline-vegan-nahast-kosmeetikakott-luxury-vegan-pouch-green-gold-2\\\/#primaryimage\"},\"image\":{\"@id\":\"https:\\\/\\\/hairdeluxe.ee\\\/en\\\/product\\\/balmain-luksuslik-roheline-vegan-nahast-kosmeetikakott-luxury-vegan-pouch-green-gold-2\\\/#primaryimage\"},\"thumbnailUrl\":\"https:\\\/\\\/hairdeluxe.ee\\\/wp-content\\\/uploads\\\/2024\\\/02\\\/balmainhair_limitededition_greenpouch_fw22_le_pouch_g_fw22_800x800.jpg\",\"datePublished\":\"2024-02-03T07:54:04+00:00\",\"dateModified\":\"2025-03-18T19:22:26+00:00\",\"breadcrumb\":{\"@id\":\"https:\\\/\\\/hairdeluxe.ee\\\/en\\\/product\\\/balmain-luksuslik-roheline-vegan-nahast-kosmeetikakott-luxury-vegan-pouch-green-gold-2\\\/#breadcrumb\"},\"inLanguage\":\"en-US\",\"potentialAction\":[{\"@type\":\"ReadAction\",\"target\":[\"https:\\\/\\\/hairdeluxe.ee\\\/en\\\/product\\\/balmain-luksuslik-roheline-vegan-nahast-kosmeetikakott-luxury-vegan-pouch-green-gold-2\\\/\"]}]},{\"@type\":\"ImageObject\",\"inLanguage\":\"en-US\",\"@id\":\"https:\\\/\\\/hairdeluxe.ee\\\/en\\\/product\\\/balmain-luksuslik-roheline-vegan-nahast-kosmeetikakott-luxury-vegan-pouch-green-gold-2\\\/#primaryimage\",\"url\":\"https:\\\/\\\/hairdeluxe.ee\\\/wp-content\\\/uploads\\\/2024\\\/02\\\/balmainhair_limitededition_greenpouch_fw22_le_pouch_g_fw22_800x800.jpg\",\"contentUrl\":\"https:\\\/\\\/hairdeluxe.ee\\\/wp-content\\\/uploads\\\/2024\\\/02\\\/balmainhair_limitededition_greenpouch_fw22_le_pouch_g_fw22_800x800.jpg\",\"width\":800,\"height\":800},{\"@type\":\"BreadcrumbList\",\"@id\":\"https:\\\/\\\/hairdeluxe.ee\\\/en\\\/product\\\/balmain-luksuslik-roheline-vegan-nahast-kosmeetikakott-luxury-vegan-pouch-green-gold-2\\\/#breadcrumb\",\"itemListElement\":[{\"@type\":\"ListItem\",\"position\":1,\"name\":\"Home\",\"item\":\"https:\\\/\\\/hairdeluxe.ee\\\/en\\\/\"},{\"@type\":\"ListItem\",\"position\":2,\"name\":\"Shop\",\"item\":\"https:\\\/\\\/hairdeluxe.ee\\\/en\\\/shop\\\/\"},{\"@type\":\"ListItem\",\"position\":3,\"name\":\"BALMAIN HAIR luksuslik roheline vegan-nahast kosmeetikakott \\\/ Luxury Vegan Pouch Green &#038; Gold\"}]},{\"@type\":\"WebSite\",\"@id\":\"https:\\\/\\\/hairdeluxe.ee\\\/en\\\/#website\",\"url\":\"https:\\\/\\\/hairdeluxe.ee\\\/en\\\/\",\"name\":\"Hair Deluxe\",\"description\":\"Highlight your natural beauty\",\"publisher\":{\"@id\":\"https:\\\/\\\/hairdeluxe.ee\\\/en\\\/#organization\"},\"potentialAction\":[{\"@type\":\"SearchAction\",\"target\":{\"@type\":\"EntryPoint\",\"urlTemplate\":\"https:\\\/\\\/hairdeluxe.ee\\\/en\\\/?s={search_term_string}\"},\"query-input\":{\"@type\":\"PropertyValueSpecification\",\"valueRequired\":true,\"valueName\":\"search_term_string\"}}],\"inLanguage\":\"en-US\"},{\"@type\":\"Organization\",\"@id\":\"https:\\\/\\\/hairdeluxe.ee\\\/en\\\/#organization\",\"name\":\"Hair Deluxe\",\"url\":\"https:\\\/\\\/hairdeluxe.ee\\\/en\\\/\",\"logo\":{\"@type\":\"ImageObject\",\"inLanguage\":\"en-US\",\"@id\":\"https:\\\/\\\/hairdeluxe.ee\\\/en\\\/#\\\/schema\\\/logo\\\/image\\\/\",\"url\":\"https:\\\/\\\/hairdeluxe.ee\\\/wp-content\\\/uploads\\\/2024\\\/06\\\/Hair-Deluxe-Logo-Dark-font.png\",\"contentUrl\":\"https:\\\/\\\/hairdeluxe.ee\\\/wp-content\\\/uploads\\\/2024\\\/06\\\/Hair-Deluxe-Logo-Dark-font.png\",\"width\":467,\"height\":177,\"caption\":\"Hair Deluxe\"},\"image\":{\"@id\":\"https:\\\/\\\/hairdeluxe.ee\\\/en\\\/#\\\/schema\\\/logo\\\/image\\\/\"},\"sameAs\":[\"https:\\\/\\\/www.facebook.com\\\/blowbartallinn\",\"https:\\\/\\\/www.instagram.com\\\/blowbar_tallinn\"]}]}<\/script>\n<!-- \/ Yoast SEO plugin. -->","yoast_head_json":{"title":"BALMAIN HAIR luksuslik roheline vegan-nahast kosmeetikakott \/ Luxury Vegan Pouch Green & Gold - Hair Deluxe","robots":{"index":"index","follow":"follow","max-snippet":"max-snippet:-1","max-image-preview":"max-image-preview:large","max-video-preview":"max-video-preview:-1"},"canonical":"https:\/\/hairdeluxe.ee\/en\/product\/balmain-luksuslik-roheline-vegan-nahast-kosmeetikakott-luxury-vegan-pouch-green-gold-2\/","og_locale":"en_US","og_type":"article","og_title":"BALMAIN HAIR luksuslik roheline vegan-nahast kosmeetikakott \/ Luxury Vegan Pouch Green & Gold - Hair Deluxe","og_description":"S\u00fcgis\/talv 2022 kollektsiooni piiratud koguses smaragdroheline kott kahepoolse lukuga. Kuldse B- logoplaadiga kaunistatud kotti saab avada kahepoolse lukuga.\u00a0Kotis leidub ikooniline tekstureeriv soolasprei 200 ml, toitev 200 ml hooldussprei Leave- In spreipalsam, kahuvastane niisutav stiliseerimiskreem ja v\u00e4ike l\u00f5hnak\u00fc\u00fcnal, millele on lisatud Balmain Hair tunnusl\u00f5hna. - Piiratud v\u00e4ljaanne - Ideaalne kingitus - Sisaldab 4 juuksemoe lemmikut  Tekstuuri andev soolasprei Meresoola baasil juukseid stiliseeriv sprei. Lisab definitsiooni, tekstuuri ja tugevust. Annab juustele paindliku hoiaku ja kontrolli. Niisutatud juuste tasakaalu tagamiseks rikastatud siidiproteiini ja argaania\u00f5liga. Niiskuskindel.  Juustesse j\u00e4etav palsam Kerge, juustesse j\u00e4etav palsam harutab, toidab juukseid ja peanahka ning silub juuksekutiikulit. Annab tugevust, s\u00e4ra ja niisutust kogu p\u00e4evaks. UV-kiirte eest kaitsvate filtritega.  Niisutav stiliseerimiskreem Ideaalne alus igale soengule. Annab tugevust, taltsutab kahu ning niisutab juukseid. Annab ideaalse p\u00fcsivuse juuste kujundamisel, lokitamisel v\u00f5i f\u00f6\u00f6nitamisel. Lisab vol\u00fc\u00fcmi, s\u00e4ra ja \u00fcmberkujundatavat hoidvust.","og_url":"https:\/\/hairdeluxe.ee\/en\/product\/balmain-luksuslik-roheline-vegan-nahast-kosmeetikakott-luxury-vegan-pouch-green-gold-2\/","og_site_name":"Hair Deluxe","article_publisher":"https:\/\/www.facebook.com\/blowbartallinn","article_modified_time":"2025-03-18T19:22:26+00:00","og_image":[{"width":800,"height":800,"url":"https:\/\/hairdeluxe.ee\/wp-content\/uploads\/2024\/02\/balmainhair_limitededition_greenpouch_fw22_le_pouch_g_fw22_800x800.jpg","type":"image\/jpeg"}],"twitter_card":"summary_large_image","twitter_misc":{"Est. reading time":"1 minute"},"schema":{"@context":"https:\/\/schema.org","@graph":[{"@type":"WebPage","@id":"https:\/\/hairdeluxe.ee\/en\/product\/balmain-luksuslik-roheline-vegan-nahast-kosmeetikakott-luxury-vegan-pouch-green-gold-2\/","url":"https:\/\/hairdeluxe.ee\/en\/product\/balmain-luksuslik-roheline-vegan-nahast-kosmeetikakott-luxury-vegan-pouch-green-gold-2\/","name":"BALMAIN HAIR luksuslik roheline vegan-nahast kosmeetikakott \/ Luxury Vegan Pouch Green & Gold - Hair Deluxe","isPartOf":{"@id":"https:\/\/hairdeluxe.ee\/en\/#website"},"primaryImageOfPage":{"@id":"https:\/\/hairdeluxe.ee\/en\/product\/balmain-luksuslik-roheline-vegan-nahast-kosmeetikakott-luxury-vegan-pouch-green-gold-2\/#primaryimage"},"image":{"@id":"https:\/\/hairdeluxe.ee\/en\/product\/balmain-luksuslik-roheline-vegan-nahast-kosmeetikakott-luxury-vegan-pouch-green-gold-2\/#primaryimage"},"thumbnailUrl":"https:\/\/hairdeluxe.ee\/wp-content\/uploads\/2024\/02\/balmainhair_limitededition_greenpouch_fw22_le_pouch_g_fw22_800x800.jpg","datePublished":"2024-02-03T07:54:04+00:00","dateModified":"2025-03-18T19:22:26+00:00","breadcrumb":{"@id":"https:\/\/hairdeluxe.ee\/en\/product\/balmain-luksuslik-roheline-vegan-nahast-kosmeetikakott-luxury-vegan-pouch-green-gold-2\/#breadcrumb"},"inLanguage":"en-US","potentialAction":[{"@type":"ReadAction","target":["https:\/\/hairdeluxe.ee\/en\/product\/balmain-luksuslik-roheline-vegan-nahast-kosmeetikakott-luxury-vegan-pouch-green-gold-2\/"]}]},{"@type":"ImageObject","inLanguage":"en-US","@id":"https:\/\/hairdeluxe.ee\/en\/product\/balmain-luksuslik-roheline-vegan-nahast-kosmeetikakott-luxury-vegan-pouch-green-gold-2\/#primaryimage","url":"https:\/\/hairdeluxe.ee\/wp-content\/uploads\/2024\/02\/balmainhair_limitededition_greenpouch_fw22_le_pouch_g_fw22_800x800.jpg","contentUrl":"https:\/\/hairdeluxe.ee\/wp-content\/uploads\/2024\/02\/balmainhair_limitededition_greenpouch_fw22_le_pouch_g_fw22_800x800.jpg","width":800,"height":800},{"@type":"BreadcrumbList","@id":"https:\/\/hairdeluxe.ee\/en\/product\/balmain-luksuslik-roheline-vegan-nahast-kosmeetikakott-luxury-vegan-pouch-green-gold-2\/#breadcrumb","itemListElement":[{"@type":"ListItem","position":1,"name":"Home","item":"https:\/\/hairdeluxe.ee\/en\/"},{"@type":"ListItem","position":2,"name":"Shop","item":"https:\/\/hairdeluxe.ee\/en\/shop\/"},{"@type":"ListItem","position":3,"name":"BALMAIN HAIR luksuslik roheline vegan-nahast kosmeetikakott \/ Luxury Vegan Pouch Green &#038; Gold"}]},{"@type":"WebSite","@id":"https:\/\/hairdeluxe.ee\/en\/#website","url":"https:\/\/hairdeluxe.ee\/en\/","name":"Hair Deluxe","description":"Highlight your natural beauty","publisher":{"@id":"https:\/\/hairdeluxe.ee\/en\/#organization"},"potentialAction":[{"@type":"SearchAction","target":{"@type":"EntryPoint","urlTemplate":"https:\/\/hairdeluxe.ee\/en\/?s={search_term_string}"},"query-input":{"@type":"PropertyValueSpecification","valueRequired":true,"valueName":"search_term_string"}}],"inLanguage":"en-US"},{"@type":"Organization","@id":"https:\/\/hairdeluxe.ee\/en\/#organization","name":"Hair Deluxe","url":"https:\/\/hairdeluxe.ee\/en\/","logo":{"@type":"ImageObject","inLanguage":"en-US","@id":"https:\/\/hairdeluxe.ee\/en\/#\/schema\/logo\/image\/","url":"https:\/\/hairdeluxe.ee\/wp-content\/uploads\/2024\/06\/Hair-Deluxe-Logo-Dark-font.png","contentUrl":"https:\/\/hairdeluxe.ee\/wp-content\/uploads\/2024\/06\/Hair-Deluxe-Logo-Dark-font.png","width":467,"height":177,"caption":"Hair Deluxe"},"image":{"@id":"https:\/\/hairdeluxe.ee\/en\/#\/schema\/logo\/image\/"},"sameAs":["https:\/\/www.facebook.com\/blowbartallinn","https:\/\/www.instagram.com\/blowbar_tallinn"]}]}},"_links":{"self":[{"href":"https:\/\/hairdeluxe.ee\/en\/wp-json\/wp\/v2\/product\/39967","targetHints":{"allow":["GET"]}}],"collection":[{"href":"https:\/\/hairdeluxe.ee\/en\/wp-json\/wp\/v2\/product"}],"about":[{"href":"https:\/\/hairdeluxe.ee\/en\/wp-json\/wp\/v2\/types\/product"}],"wp:featuredmedia":[{"embeddable":true,"href":"https:\/\/hairdeluxe.ee\/en\/wp-json\/wp\/v2\/media\/35675"}],"wp:attachment":[{"href":"https:\/\/hairdeluxe.ee\/en\/wp-json\/wp\/v2\/media?parent=39967"}],"wp:term":[{"taxonomy":"product_brand","embeddable":true,"href":"https:\/\/hairdeluxe.ee\/en\/wp-json\/wp\/v2\/product_brand?post=39967"},{"taxonomy":"product_cat","embeddable":true,"href":"https:\/\/hairdeluxe.ee\/en\/wp-json\/wp\/v2\/product_cat?post=39967"},{"taxonomy":"product_tag","embeddable":true,"href":"https:\/\/hairdeluxe.ee\/en\/wp-json\/wp\/v2\/product_tag?post=39967"}],"curies":[{"name":"wp","href":"https:\/\/api.w.org\/{rel}","templated":true}]}}