{"id":39972,"date":"2024-02-03T09:54:59","date_gmt":"2024-02-03T07:54:59","guid":{"rendered":"https:\/\/blowbar.ee\/toode\/balmain-hair-juukseid-tihendav-kinkekomplekt-meestele-bodyfying-homme-giftset-2\/"},"modified":"2025-03-18T19:22:26","modified_gmt":"2025-03-18T19:22:26","slug":"balmain-juukseid-tihendav-kinkekomplekt-meestele-bodyfying-homme-set","status":"publish","type":"product","link":"https:\/\/hairdeluxe.ee\/en\/product\/balmain-juukseid-tihendav-kinkekomplekt-meestele-bodyfying-homme-set\/","title":{"rendered":"BALMAIN HAIR juukseid tihendav kinkekomplekt meestele \/ Bodyfying Homme set"},"content":{"rendered":"<p class=\"product-title product_title entry-title\"><strong>Balmain Hair Homme Bodyfying Shampoo 250ml<br \/>\n<em>Koostis:<\/em><\/strong><em>\u00a0Aqua, Sodium C14-16 Olefin Sulfonate, Cocamidopropyl Be taine, Coco-Betaine, Glycerin, PEG-40 Hydrogenated Castor Oil, Capryloyl\/ Caproyl Methyl Glucamide, Lauroyl\/Myristoyl Methyl Glucamide, Sodium Methyl Cocoyl Taurate, Sodium Cocoyl Isethionate, Sodium Cocoyl Apple Amino Acids, Decyl Glucoside, Caffeine, Biotinyl Tripeptide-1, Apigenin, Oleanolic Acid, Silk Amino Acids, Hydrolyzed Keratin, Argania Spinosa Ker nel Oil, Piroctone Olamine, Polyquaternium-110, Dicaprylyl Ether, Glyceryl Oleate, Polyquaternium-7, Parfum, PEG-150 Pentaerythrityl Tetrastearate, PEG-6 Caprylic\/Capric Glycerides, Ethylhexyl Methoxycinnamate, Pheno xyethanol, Benzyl Alcohol, Potassium Sorbate, Tocopherol, Menthol, PPG-26-Buteth-26, Butylene Glycol, Benzyl Salicylate, Propylene Glycol, Ethylhexylglycerin, Benzoic Acid, Sorbic Acid, Hexylene Glycol, Tetrasodium Glutamate Diacetate, Sodium Chloride, Citric Acid<\/em><\/p>\n<p class=\"product-title product_title entry-title\"><strong>Balmain Hair Homme Bodyfying Conditioner 250ml<br \/>\n<\/strong><strong><em>Koostis:\u00a0<\/em><\/strong><em>Aqua, Cetyl Alcohol, PPG-3 Myristyl Ether, Propylheptyl Caprylate, Glycerin, Behentrimonium Chloride, Polyquaternium-110, Par fum, Stearamidopropyl Dimethylamine, Caffeine, Biotinyl Tripeptide-1, Apigenin, Oleanolic Acid, Silk Amino Acids, Hydrolyzed Keratin, Argania Spinosa Kernel Oil, Salicylic Acid, Piroctone Olamine, Butylene Glycol, PPG-26-Buteth-26, PEG-40 Hydrogenated Castor Oil, Ethylhexyl Metho xycinnamate, Isopropyl Alcohol, Benzyl Salicylate, Hydroxyethylcellulose, Phenoxyethanol, Ethylhexylglycerin, Menthol, Benzoic Acid, Sorbic Acid, Citric Acid<\/em><\/p>\n<p class=\"product-title product_title entry-title\"><strong>Balmain Hair Homme Activating Scalp Treatment 50ml<br \/>\n<em>Koostis:\u00a0<\/em><\/strong><em>Aqua, Alcohol Denat, Butylene Glycol, PEG-40 Hydrogenated Castor Oil, Propanediol, Caffeine, Biotinyl Tripeptide-1, Apigenin, Oleanolic Acid, Silk Amino Acids, Hydrolyzed Keratin, Argania Spinosa Kernel Oil, Piroctone Olamine, Salicylic Acid, Menthol, Cerimonium Chloride, Hydro- xyethylcellulose, PPG-26-Buteth-26, Parfum, Benzyl Salicylate, Limonene, Phenoxyethanol, Benzoic Acid, Sorbic Acid.<\/em><\/p>\n","protected":false},"excerpt":{"rendered":"<p>Balmain Hair Homme Bodyfying hooldussari aitab stimuleerida juuste kasvu ning muuta juuksed tihedamaks ja kohevamaks. Bodyfying Gitfset sisaldab Balmain Homme Bodyfying Shampoo 250ml, Bodyfying Conditioner 250ml ja Activating Scalp Treatment 50ml.<br \/>\nJuuksehoolduskomplekt on m\u00f5eldud h\u00f5renevate juustega meestele ning toimib k\u00f5ige paremini juuksehooldusrutiinina<br \/>\ntihedamate, paksemate ja t\u00e4idlasemate juuste jaoks.<\/p>\n<p><strong>Kasutamine:<\/strong>\u00a0Kanda \u0161ampooni niisketele juustele. Vereringe ergutamiseks masseerida peanahka, loputada hoolikalt. Kanda palsam r\u00e4tikukuivadele juustele ja masseerida \u00f5rnalt. Optimaalse hooldava efekti saavutamiseks j\u00e4tta palsam v\u00e4hemalt 3 minutiks juustesse enne p\u00f5hjalikku loputamist. Kuivatage juuksed r\u00e4tikuga. Looge eralduskohad ja kandke pipetiga hooldustoode peanahale. Masseerige s\u00f5rmeotstega peanahka, et toodet \u00fchtaselt jaotada ja vereringet ergutada.<\/p>\n","protected":false},"featured_media":35716,"template":"","meta":[],"product_brand":[464],"product_cat":[266,265,114,273,129,130,121,277,144,158],"product_tag":[],"class_list":{"0":"post-39972","1":"product","2":"type-product","3":"status-publish","4":"has-post-thumbnail","6":"product_brand-balmain-hair","7":"product_cat-balmain-hair","8":"product_cat-brandid","9":"product_cat-eripakkumised","10":"product_cat-juuksehooldus-meestele","11":"product_cat-kingitused","12":"product_cat-kinkekomplektid","13":"product_cat-koik-tooted","14":"product_cat-komplektid","15":"product_cat-meestele","16":"product_cat-populaarsed","18":"first","19":"instock","20":"taxable","21":"shipping-taxable","22":"purchasable","23":"product-type-simple","24":"add-to-wishlist-after_add_to_cart"},"yoast_head":"<!-- This site is optimized with the Yoast SEO plugin v27.5 - https:\/\/yoast.com\/product\/yoast-seo-wordpress\/ -->\n<title>BALMAIN HAIR juukseid tihendav kinkekomplekt meestele \/ Bodyfying Homme set - Hair Deluxe<\/title>\n<meta name=\"robots\" content=\"index, follow, max-snippet:-1, max-image-preview:large, max-video-preview:-1\" \/>\n<link rel=\"canonical\" href=\"https:\/\/hairdeluxe.ee\/en\/product\/balmain-juukseid-tihendav-kinkekomplekt-meestele-bodyfying-homme-set\/\" \/>\n<meta property=\"og:locale\" content=\"en_US\" \/>\n<meta property=\"og:type\" content=\"article\" \/>\n<meta property=\"og:title\" content=\"BALMAIN HAIR juukseid tihendav kinkekomplekt meestele \/ Bodyfying Homme set - Hair Deluxe\" \/>\n<meta property=\"og:description\" content=\"Balmain Hair Homme Bodyfying hooldussari aitab stimuleerida juuste kasvu ning muuta juuksed tihedamaks ja kohevamaks. Bodyfying Gitfset sisaldab Balmain Homme Bodyfying Shampoo 250ml, Bodyfying Conditioner 250ml ja Activating Scalp Treatment 50ml. Juuksehoolduskomplekt on m\u00f5eldud h\u00f5renevate juustega meestele ning toimib k\u00f5ige paremini juuksehooldusrutiinina tihedamate, paksemate ja t\u00e4idlasemate juuste jaoks.  Kasutamine:\u00a0Kanda \u0161ampooni niisketele juustele. Vereringe ergutamiseks masseerida peanahka, loputada hoolikalt. Kanda palsam r\u00e4tikukuivadele juustele ja masseerida \u00f5rnalt. Optimaalse hooldava efekti saavutamiseks j\u00e4tta palsam v\u00e4hemalt 3 minutiks juustesse enne p\u00f5hjalikku loputamist. Kuivatage juuksed r\u00e4tikuga. Looge eralduskohad ja kandke pipetiga hooldustoode peanahale. Masseerige s\u00f5rmeotstega peanahka, et toodet \u00fchtaselt jaotada ja vereringet ergutada.\" \/>\n<meta property=\"og:url\" content=\"https:\/\/hairdeluxe.ee\/en\/product\/balmain-juukseid-tihendav-kinkekomplekt-meestele-bodyfying-homme-set\/\" \/>\n<meta property=\"og:site_name\" content=\"Hair Deluxe\" \/>\n<meta property=\"article:publisher\" content=\"https:\/\/www.facebook.com\/blowbartallinn\" \/>\n<meta property=\"article:modified_time\" content=\"2025-03-18T19:22:26+00:00\" \/>\n<meta property=\"og:image\" content=\"https:\/\/hairdeluxe.ee\/wp-content\/uploads\/2024\/02\/balmainhair_balmainhomme_giftset2_box_open_cs_m_gift_2_800x800_908c.jpg\" \/>\n\t<meta property=\"og:image:width\" content=\"800\" \/>\n\t<meta property=\"og:image:height\" content=\"800\" \/>\n\t<meta property=\"og:image:type\" content=\"image\/jpeg\" \/>\n<meta name=\"twitter:card\" content=\"summary_large_image\" \/>\n<meta name=\"twitter:label1\" content=\"Est. reading time\" \/>\n\t<meta name=\"twitter:data1\" content=\"1 minute\" \/>\n<script type=\"application\/ld+json\" class=\"yoast-schema-graph\">{\"@context\":\"https:\\\/\\\/schema.org\",\"@graph\":[{\"@type\":\"WebPage\",\"@id\":\"https:\\\/\\\/hairdeluxe.ee\\\/en\\\/product\\\/balmain-juukseid-tihendav-kinkekomplekt-meestele-bodyfying-homme-set\\\/\",\"url\":\"https:\\\/\\\/hairdeluxe.ee\\\/en\\\/product\\\/balmain-juukseid-tihendav-kinkekomplekt-meestele-bodyfying-homme-set\\\/\",\"name\":\"BALMAIN HAIR juukseid tihendav kinkekomplekt meestele \\\/ Bodyfying Homme set - Hair Deluxe\",\"isPartOf\":{\"@id\":\"https:\\\/\\\/hairdeluxe.ee\\\/en\\\/#website\"},\"primaryImageOfPage\":{\"@id\":\"https:\\\/\\\/hairdeluxe.ee\\\/en\\\/product\\\/balmain-juukseid-tihendav-kinkekomplekt-meestele-bodyfying-homme-set\\\/#primaryimage\"},\"image\":{\"@id\":\"https:\\\/\\\/hairdeluxe.ee\\\/en\\\/product\\\/balmain-juukseid-tihendav-kinkekomplekt-meestele-bodyfying-homme-set\\\/#primaryimage\"},\"thumbnailUrl\":\"https:\\\/\\\/hairdeluxe.ee\\\/wp-content\\\/uploads\\\/2024\\\/02\\\/balmainhair_balmainhomme_giftset2_box_open_cs_m_gift_2_800x800_908c.jpg\",\"datePublished\":\"2024-02-03T07:54:59+00:00\",\"dateModified\":\"2025-03-18T19:22:26+00:00\",\"breadcrumb\":{\"@id\":\"https:\\\/\\\/hairdeluxe.ee\\\/en\\\/product\\\/balmain-juukseid-tihendav-kinkekomplekt-meestele-bodyfying-homme-set\\\/#breadcrumb\"},\"inLanguage\":\"en-US\",\"potentialAction\":[{\"@type\":\"ReadAction\",\"target\":[\"https:\\\/\\\/hairdeluxe.ee\\\/en\\\/product\\\/balmain-juukseid-tihendav-kinkekomplekt-meestele-bodyfying-homme-set\\\/\"]}]},{\"@type\":\"ImageObject\",\"inLanguage\":\"en-US\",\"@id\":\"https:\\\/\\\/hairdeluxe.ee\\\/en\\\/product\\\/balmain-juukseid-tihendav-kinkekomplekt-meestele-bodyfying-homme-set\\\/#primaryimage\",\"url\":\"https:\\\/\\\/hairdeluxe.ee\\\/wp-content\\\/uploads\\\/2024\\\/02\\\/balmainhair_balmainhomme_giftset2_box_open_cs_m_gift_2_800x800_908c.jpg\",\"contentUrl\":\"https:\\\/\\\/hairdeluxe.ee\\\/wp-content\\\/uploads\\\/2024\\\/02\\\/balmainhair_balmainhomme_giftset2_box_open_cs_m_gift_2_800x800_908c.jpg\",\"width\":800,\"height\":800},{\"@type\":\"BreadcrumbList\",\"@id\":\"https:\\\/\\\/hairdeluxe.ee\\\/en\\\/product\\\/balmain-juukseid-tihendav-kinkekomplekt-meestele-bodyfying-homme-set\\\/#breadcrumb\",\"itemListElement\":[{\"@type\":\"ListItem\",\"position\":1,\"name\":\"Home\",\"item\":\"https:\\\/\\\/hairdeluxe.ee\\\/en\\\/\"},{\"@type\":\"ListItem\",\"position\":2,\"name\":\"Shop\",\"item\":\"https:\\\/\\\/hairdeluxe.ee\\\/en\\\/shop\\\/\"},{\"@type\":\"ListItem\",\"position\":3,\"name\":\"BALMAIN HAIR juukseid tihendav kinkekomplekt meestele \\\/ Bodyfying Homme set\"}]},{\"@type\":\"WebSite\",\"@id\":\"https:\\\/\\\/hairdeluxe.ee\\\/en\\\/#website\",\"url\":\"https:\\\/\\\/hairdeluxe.ee\\\/en\\\/\",\"name\":\"Hair Deluxe\",\"description\":\"Highlight your natural beauty\",\"publisher\":{\"@id\":\"https:\\\/\\\/hairdeluxe.ee\\\/en\\\/#organization\"},\"potentialAction\":[{\"@type\":\"SearchAction\",\"target\":{\"@type\":\"EntryPoint\",\"urlTemplate\":\"https:\\\/\\\/hairdeluxe.ee\\\/en\\\/?s={search_term_string}\"},\"query-input\":{\"@type\":\"PropertyValueSpecification\",\"valueRequired\":true,\"valueName\":\"search_term_string\"}}],\"inLanguage\":\"en-US\"},{\"@type\":\"Organization\",\"@id\":\"https:\\\/\\\/hairdeluxe.ee\\\/en\\\/#organization\",\"name\":\"Hair Deluxe\",\"url\":\"https:\\\/\\\/hairdeluxe.ee\\\/en\\\/\",\"logo\":{\"@type\":\"ImageObject\",\"inLanguage\":\"en-US\",\"@id\":\"https:\\\/\\\/hairdeluxe.ee\\\/en\\\/#\\\/schema\\\/logo\\\/image\\\/\",\"url\":\"https:\\\/\\\/hairdeluxe.ee\\\/wp-content\\\/uploads\\\/2024\\\/06\\\/Hair-Deluxe-Logo-Dark-font.png\",\"contentUrl\":\"https:\\\/\\\/hairdeluxe.ee\\\/wp-content\\\/uploads\\\/2024\\\/06\\\/Hair-Deluxe-Logo-Dark-font.png\",\"width\":467,\"height\":177,\"caption\":\"Hair Deluxe\"},\"image\":{\"@id\":\"https:\\\/\\\/hairdeluxe.ee\\\/en\\\/#\\\/schema\\\/logo\\\/image\\\/\"},\"sameAs\":[\"https:\\\/\\\/www.facebook.com\\\/blowbartallinn\",\"https:\\\/\\\/www.instagram.com\\\/blowbar_tallinn\"]}]}<\/script>\n<!-- \/ Yoast SEO plugin. -->","yoast_head_json":{"title":"BALMAIN HAIR juukseid tihendav kinkekomplekt meestele \/ Bodyfying Homme set - Hair Deluxe","robots":{"index":"index","follow":"follow","max-snippet":"max-snippet:-1","max-image-preview":"max-image-preview:large","max-video-preview":"max-video-preview:-1"},"canonical":"https:\/\/hairdeluxe.ee\/en\/product\/balmain-juukseid-tihendav-kinkekomplekt-meestele-bodyfying-homme-set\/","og_locale":"en_US","og_type":"article","og_title":"BALMAIN HAIR juukseid tihendav kinkekomplekt meestele \/ Bodyfying Homme set - Hair Deluxe","og_description":"Balmain Hair Homme Bodyfying hooldussari aitab stimuleerida juuste kasvu ning muuta juuksed tihedamaks ja kohevamaks. Bodyfying Gitfset sisaldab Balmain Homme Bodyfying Shampoo 250ml, Bodyfying Conditioner 250ml ja Activating Scalp Treatment 50ml. Juuksehoolduskomplekt on m\u00f5eldud h\u00f5renevate juustega meestele ning toimib k\u00f5ige paremini juuksehooldusrutiinina tihedamate, paksemate ja t\u00e4idlasemate juuste jaoks.  Kasutamine:\u00a0Kanda \u0161ampooni niisketele juustele. Vereringe ergutamiseks masseerida peanahka, loputada hoolikalt. Kanda palsam r\u00e4tikukuivadele juustele ja masseerida \u00f5rnalt. Optimaalse hooldava efekti saavutamiseks j\u00e4tta palsam v\u00e4hemalt 3 minutiks juustesse enne p\u00f5hjalikku loputamist. Kuivatage juuksed r\u00e4tikuga. Looge eralduskohad ja kandke pipetiga hooldustoode peanahale. Masseerige s\u00f5rmeotstega peanahka, et toodet \u00fchtaselt jaotada ja vereringet ergutada.","og_url":"https:\/\/hairdeluxe.ee\/en\/product\/balmain-juukseid-tihendav-kinkekomplekt-meestele-bodyfying-homme-set\/","og_site_name":"Hair Deluxe","article_publisher":"https:\/\/www.facebook.com\/blowbartallinn","article_modified_time":"2025-03-18T19:22:26+00:00","og_image":[{"width":800,"height":800,"url":"https:\/\/hairdeluxe.ee\/wp-content\/uploads\/2024\/02\/balmainhair_balmainhomme_giftset2_box_open_cs_m_gift_2_800x800_908c.jpg","type":"image\/jpeg"}],"twitter_card":"summary_large_image","twitter_misc":{"Est. reading time":"1 minute"},"schema":{"@context":"https:\/\/schema.org","@graph":[{"@type":"WebPage","@id":"https:\/\/hairdeluxe.ee\/en\/product\/balmain-juukseid-tihendav-kinkekomplekt-meestele-bodyfying-homme-set\/","url":"https:\/\/hairdeluxe.ee\/en\/product\/balmain-juukseid-tihendav-kinkekomplekt-meestele-bodyfying-homme-set\/","name":"BALMAIN HAIR juukseid tihendav kinkekomplekt meestele \/ Bodyfying Homme set - Hair Deluxe","isPartOf":{"@id":"https:\/\/hairdeluxe.ee\/en\/#website"},"primaryImageOfPage":{"@id":"https:\/\/hairdeluxe.ee\/en\/product\/balmain-juukseid-tihendav-kinkekomplekt-meestele-bodyfying-homme-set\/#primaryimage"},"image":{"@id":"https:\/\/hairdeluxe.ee\/en\/product\/balmain-juukseid-tihendav-kinkekomplekt-meestele-bodyfying-homme-set\/#primaryimage"},"thumbnailUrl":"https:\/\/hairdeluxe.ee\/wp-content\/uploads\/2024\/02\/balmainhair_balmainhomme_giftset2_box_open_cs_m_gift_2_800x800_908c.jpg","datePublished":"2024-02-03T07:54:59+00:00","dateModified":"2025-03-18T19:22:26+00:00","breadcrumb":{"@id":"https:\/\/hairdeluxe.ee\/en\/product\/balmain-juukseid-tihendav-kinkekomplekt-meestele-bodyfying-homme-set\/#breadcrumb"},"inLanguage":"en-US","potentialAction":[{"@type":"ReadAction","target":["https:\/\/hairdeluxe.ee\/en\/product\/balmain-juukseid-tihendav-kinkekomplekt-meestele-bodyfying-homme-set\/"]}]},{"@type":"ImageObject","inLanguage":"en-US","@id":"https:\/\/hairdeluxe.ee\/en\/product\/balmain-juukseid-tihendav-kinkekomplekt-meestele-bodyfying-homme-set\/#primaryimage","url":"https:\/\/hairdeluxe.ee\/wp-content\/uploads\/2024\/02\/balmainhair_balmainhomme_giftset2_box_open_cs_m_gift_2_800x800_908c.jpg","contentUrl":"https:\/\/hairdeluxe.ee\/wp-content\/uploads\/2024\/02\/balmainhair_balmainhomme_giftset2_box_open_cs_m_gift_2_800x800_908c.jpg","width":800,"height":800},{"@type":"BreadcrumbList","@id":"https:\/\/hairdeluxe.ee\/en\/product\/balmain-juukseid-tihendav-kinkekomplekt-meestele-bodyfying-homme-set\/#breadcrumb","itemListElement":[{"@type":"ListItem","position":1,"name":"Home","item":"https:\/\/hairdeluxe.ee\/en\/"},{"@type":"ListItem","position":2,"name":"Shop","item":"https:\/\/hairdeluxe.ee\/en\/shop\/"},{"@type":"ListItem","position":3,"name":"BALMAIN HAIR juukseid tihendav kinkekomplekt meestele \/ Bodyfying Homme set"}]},{"@type":"WebSite","@id":"https:\/\/hairdeluxe.ee\/en\/#website","url":"https:\/\/hairdeluxe.ee\/en\/","name":"Hair Deluxe","description":"Highlight your natural beauty","publisher":{"@id":"https:\/\/hairdeluxe.ee\/en\/#organization"},"potentialAction":[{"@type":"SearchAction","target":{"@type":"EntryPoint","urlTemplate":"https:\/\/hairdeluxe.ee\/en\/?s={search_term_string}"},"query-input":{"@type":"PropertyValueSpecification","valueRequired":true,"valueName":"search_term_string"}}],"inLanguage":"en-US"},{"@type":"Organization","@id":"https:\/\/hairdeluxe.ee\/en\/#organization","name":"Hair Deluxe","url":"https:\/\/hairdeluxe.ee\/en\/","logo":{"@type":"ImageObject","inLanguage":"en-US","@id":"https:\/\/hairdeluxe.ee\/en\/#\/schema\/logo\/image\/","url":"https:\/\/hairdeluxe.ee\/wp-content\/uploads\/2024\/06\/Hair-Deluxe-Logo-Dark-font.png","contentUrl":"https:\/\/hairdeluxe.ee\/wp-content\/uploads\/2024\/06\/Hair-Deluxe-Logo-Dark-font.png","width":467,"height":177,"caption":"Hair Deluxe"},"image":{"@id":"https:\/\/hairdeluxe.ee\/en\/#\/schema\/logo\/image\/"},"sameAs":["https:\/\/www.facebook.com\/blowbartallinn","https:\/\/www.instagram.com\/blowbar_tallinn"]}]}},"_links":{"self":[{"href":"https:\/\/hairdeluxe.ee\/en\/wp-json\/wp\/v2\/product\/39972","targetHints":{"allow":["GET"]}}],"collection":[{"href":"https:\/\/hairdeluxe.ee\/en\/wp-json\/wp\/v2\/product"}],"about":[{"href":"https:\/\/hairdeluxe.ee\/en\/wp-json\/wp\/v2\/types\/product"}],"wp:featuredmedia":[{"embeddable":true,"href":"https:\/\/hairdeluxe.ee\/en\/wp-json\/wp\/v2\/media\/35716"}],"wp:attachment":[{"href":"https:\/\/hairdeluxe.ee\/en\/wp-json\/wp\/v2\/media?parent=39972"}],"wp:term":[{"taxonomy":"product_brand","embeddable":true,"href":"https:\/\/hairdeluxe.ee\/en\/wp-json\/wp\/v2\/product_brand?post=39972"},{"taxonomy":"product_cat","embeddable":true,"href":"https:\/\/hairdeluxe.ee\/en\/wp-json\/wp\/v2\/product_cat?post=39972"},{"taxonomy":"product_tag","embeddable":true,"href":"https:\/\/hairdeluxe.ee\/en\/wp-json\/wp\/v2\/product_tag?post=39972"}],"curies":[{"name":"wp","href":"https:\/\/api.w.org\/{rel}","templated":true}]}}