{"id":40007,"date":"2024-04-22T19:39:38","date_gmt":"2024-04-22T16:39:38","guid":{"rendered":"https:\/\/blowbar.ee\/?post_type=product&#038;p=39753"},"modified":"2025-03-18T19:22:18","modified_gmt":"2025-03-18T19:22:18","slug":"balmain-hair-spa-hoolduskomplekt-limited-edition-hair-spa-treatment-set","status":"publish","type":"product","link":"https:\/\/hairdeluxe.ee\/en\/product\/balmain-hair-spa-hoolduskomplekt-limited-edition-hair-spa-treatment-set\/","title":{"rendered":"BALMAIN HAIR SPA hoolduskomplekt \/ Limited Edition Hair Spa Treatment Set"},"content":{"rendered":"<p class=\"product-title product_title entry-title\"><strong>Balmain Hair Moisturizing Shampoo 300ml<br \/>\n<\/strong><strong><em>Koostis:\u00a0<\/em><\/strong><em>Aqua, Sodium Laureth Sulfate, Cocamidopropyl Hydroxysultaine, Disodium Cocoamphodiacetate, Decyl Glucoside, Glycerin, Glycol Distearate, Argania Spinosa Kernel Oil, Silk Amino Acids, Panthenol, Polyquaternium-53, Cocamidopropyl Betaine, Laureth-4, Dimethylpabamidopropyl Lauryldimonium Tosylate, Ethylhexyl Methoxycinnamate, Amodimethicone\/Morpholinomethyl Silsesquioxane Copolymer, Peg\/Ppg-15\/15 Dimethicone, Trideceth-5, Polyquaternium-10, Parfum, Xanthan Gum, Peg-18 Glyceryl Oleate\/Cocoate, Phenoxyethanol, Iodopropynyl Butylcarbamate, Lactic Acid.<\/em><\/p>\n<p class=\"product-title product_title entry-title\"><strong>Balmain Hair Moisturizing Conditioner 300ml<br \/>\n<\/strong><strong><em>Koostis:\u00a0<\/em><\/strong><em>Aqua, Cetearyl Alcohol, Behentrimonium Chloride, Dipalmitoylethyl Hydroxyethylmonium Methosulfate , Bis-Diglyceryl Polyacyladipate-2, Cetrimonium Chloride, Argania Spinosa Kernel Oil, Silk Amino Acids, Panthenol, Dimethylpabamidopropyl Lauryldimonium Tosylate, Propylene Glycol Stearate, Ceteareth-20, Quaternium-80, Polyquaternium-16, Ethylhexyl Methoxycinnamate, Phenoxyethanol, Ethylhexylglycerin, Parfum, Citric Acid.<\/em><\/p>\n","protected":false},"excerpt":{"rendered":"<p>Suvine kuumus ja soolane ookeanivesi v\u00f5ivad muuta juuksed niisutust ja lisahooldust vajavaks. Tutvustame Balmain Hair Hair SPA juuksehoolduskomplekti, mis on spetsiaalselt loodud, et hoida juuksed piisavalt niisutatud kogu hooaja v\u00e4ltel.\u00a0See komplekt on ideaalne kombinatsioon tervete juuste s\u00e4ilitamiseks suvisel ajal.<br \/>\nBalmain Hair niisutav shampoon ja palsam pakuvad kaitset UV-kiirte ja kuiva \u00f5hu eest. Peanaha massaa\u017eivahend lisab juuksehooldusrutiini l\u00f5\u00f5gastava puudutuse, soodustades vereringet ja v\u00e4hendades pingeid parema juuksekasvu nimel.<br \/>\nEsmaklassiline Hair SPA hooldus tagamaks juustele optimaalne niisutus.<br \/>\n\u2013 Peanaha massaa\u017eivahend<br \/>\n\u2013 UV-kaitse ja niisutus<br \/>\n\u2013 Stimuleerib juuste kasvu ja peanaha tervist<\/p>\n<p><strong>Kasutamine:\u00a0<\/strong>Alustuseks\u00a0kandke juustele niisutav shampoon. Seej\u00e4rel kasutage massaa\u017eivahendit liigutades v\u00e4ikeste ringjate liigutustega \u00fcle terve pea. J\u00e4tkake masseerimist toote v\u00e4lja loputamise ajal, et tagada oma peanaha p\u00f5hjalik puhastus. P\u00e4rast juuste t\u00e4ielikku loputamist kandke niisutav palsam m\u00e4rgadele, puhastele juustele ja loputage kolme minuti p\u00e4rast.<\/p>\n","protected":false},"featured_media":39757,"template":"","meta":[],"product_brand":[464],"product_cat":[266,265,129,130,121,279],"product_tag":[],"class_list":{"0":"post-40007","1":"product","2":"type-product","3":"status-publish","4":"has-post-thumbnail","6":"product_brand-balmain-hair","7":"product_cat-balmain-hair","8":"product_cat-brandid","9":"product_cat-kingitused","10":"product_cat-kinkekomplektid","11":"product_cat-koik-tooted","12":"product_cat-sugavuti-niisutav-moisturizing","14":"first","15":"instock","16":"taxable","17":"shipping-taxable","18":"purchasable","19":"product-type-simple","20":"add-to-wishlist-after_add_to_cart"},"yoast_head":"<!-- This site is optimized with the Yoast SEO plugin v27.4 - https:\/\/yoast.com\/product\/yoast-seo-wordpress\/ -->\n<title>BALMAIN HAIR SPA hoolduskomplekt \/ Limited Edition Hair Spa Treatment Set - Hair Deluxe<\/title>\n<meta name=\"robots\" content=\"index, follow, max-snippet:-1, max-image-preview:large, max-video-preview:-1\" \/>\n<link rel=\"canonical\" href=\"https:\/\/hairdeluxe.ee\/en\/product\/balmain-hair-spa-hoolduskomplekt-limited-edition-hair-spa-treatment-set\/\" \/>\n<meta property=\"og:locale\" content=\"en_US\" \/>\n<meta property=\"og:type\" content=\"article\" \/>\n<meta property=\"og:title\" content=\"BALMAIN HAIR SPA hoolduskomplekt \/ Limited Edition Hair Spa Treatment Set - Hair Deluxe\" \/>\n<meta property=\"og:description\" content=\"Suvine kuumus ja soolane ookeanivesi v\u00f5ivad muuta juuksed niisutust ja lisahooldust vajavaks. Tutvustame Balmain Hair Hair SPA juuksehoolduskomplekti, mis on spetsiaalselt loodud, et hoida juuksed piisavalt niisutatud kogu hooaja v\u00e4ltel.\u00a0See komplekt on ideaalne kombinatsioon tervete juuste s\u00e4ilitamiseks suvisel ajal. Balmain Hair niisutav shampoon ja palsam pakuvad kaitset UV-kiirte ja kuiva \u00f5hu eest. Peanaha massaa\u017eivahend lisab juuksehooldusrutiini l\u00f5\u00f5gastava puudutuse, soodustades vereringet ja v\u00e4hendades pingeid parema juuksekasvu nimel. Esmaklassiline Hair SPA hooldus tagamaks juustele optimaalne niisutus. \u2013 Peanaha massaa\u017eivahend \u2013 UV-kaitse ja niisutus \u2013 Stimuleerib juuste kasvu ja peanaha tervist  Kasutamine:\u00a0Alustuseks\u00a0kandke juustele niisutav shampoon. Seej\u00e4rel kasutage massaa\u017eivahendit liigutades v\u00e4ikeste ringjate liigutustega \u00fcle terve pea. J\u00e4tkake masseerimist toote v\u00e4lja loputamise ajal, et tagada oma peanaha p\u00f5hjalik puhastus. P\u00e4rast juuste t\u00e4ielikku loputamist kandke niisutav palsam m\u00e4rgadele, puhastele juustele ja loputage kolme minuti p\u00e4rast.\" \/>\n<meta property=\"og:url\" content=\"https:\/\/hairdeluxe.ee\/en\/product\/balmain-hair-spa-hoolduskomplekt-limited-edition-hair-spa-treatment-set\/\" \/>\n<meta property=\"og:site_name\" content=\"Hair Deluxe\" \/>\n<meta property=\"article:publisher\" content=\"https:\/\/www.facebook.com\/blowbartallinn\" \/>\n<meta property=\"article:modified_time\" content=\"2025-03-18T19:22:18+00:00\" \/>\n<meta property=\"og:image\" content=\"https:\/\/hairdeluxe.ee\/wp-content\/uploads\/2024\/04\/balmainhair_care_le_hair_spa_treatment_set_products_mood_01_8f5d.jpg\" \/>\n\t<meta property=\"og:image:width\" content=\"1226\" \/>\n\t<meta property=\"og:image:height\" content=\"1600\" \/>\n\t<meta property=\"og:image:type\" content=\"image\/jpeg\" \/>\n<meta name=\"twitter:card\" content=\"summary_large_image\" \/>\n<meta name=\"twitter:label1\" content=\"Est. reading time\" \/>\n\t<meta name=\"twitter:data1\" content=\"1 minute\" \/>\n<script type=\"application\/ld+json\" class=\"yoast-schema-graph\">{\"@context\":\"https:\\\/\\\/schema.org\",\"@graph\":[{\"@type\":\"WebPage\",\"@id\":\"https:\\\/\\\/hairdeluxe.ee\\\/en\\\/product\\\/balmain-hair-spa-hoolduskomplekt-limited-edition-hair-spa-treatment-set\\\/\",\"url\":\"https:\\\/\\\/hairdeluxe.ee\\\/en\\\/product\\\/balmain-hair-spa-hoolduskomplekt-limited-edition-hair-spa-treatment-set\\\/\",\"name\":\"BALMAIN HAIR SPA hoolduskomplekt \\\/ Limited Edition Hair Spa Treatment Set - Hair Deluxe\",\"isPartOf\":{\"@id\":\"https:\\\/\\\/hairdeluxe.ee\\\/en\\\/#website\"},\"primaryImageOfPage\":{\"@id\":\"https:\\\/\\\/hairdeluxe.ee\\\/en\\\/product\\\/balmain-hair-spa-hoolduskomplekt-limited-edition-hair-spa-treatment-set\\\/#primaryimage\"},\"image\":{\"@id\":\"https:\\\/\\\/hairdeluxe.ee\\\/en\\\/product\\\/balmain-hair-spa-hoolduskomplekt-limited-edition-hair-spa-treatment-set\\\/#primaryimage\"},\"thumbnailUrl\":\"https:\\\/\\\/hairdeluxe.ee\\\/wp-content\\\/uploads\\\/2024\\\/04\\\/balmainhair_care_le_hair_spa_treatment_set_products_mood_01_8f5d.jpg\",\"datePublished\":\"2024-04-22T16:39:38+00:00\",\"dateModified\":\"2025-03-18T19:22:18+00:00\",\"breadcrumb\":{\"@id\":\"https:\\\/\\\/hairdeluxe.ee\\\/en\\\/product\\\/balmain-hair-spa-hoolduskomplekt-limited-edition-hair-spa-treatment-set\\\/#breadcrumb\"},\"inLanguage\":\"en-US\",\"potentialAction\":[{\"@type\":\"ReadAction\",\"target\":[\"https:\\\/\\\/hairdeluxe.ee\\\/en\\\/product\\\/balmain-hair-spa-hoolduskomplekt-limited-edition-hair-spa-treatment-set\\\/\"]}]},{\"@type\":\"ImageObject\",\"inLanguage\":\"en-US\",\"@id\":\"https:\\\/\\\/hairdeluxe.ee\\\/en\\\/product\\\/balmain-hair-spa-hoolduskomplekt-limited-edition-hair-spa-treatment-set\\\/#primaryimage\",\"url\":\"https:\\\/\\\/hairdeluxe.ee\\\/wp-content\\\/uploads\\\/2024\\\/04\\\/balmainhair_care_le_hair_spa_treatment_set_products_mood_01_8f5d.jpg\",\"contentUrl\":\"https:\\\/\\\/hairdeluxe.ee\\\/wp-content\\\/uploads\\\/2024\\\/04\\\/balmainhair_care_le_hair_spa_treatment_set_products_mood_01_8f5d.jpg\",\"width\":1226,\"height\":1600},{\"@type\":\"BreadcrumbList\",\"@id\":\"https:\\\/\\\/hairdeluxe.ee\\\/en\\\/product\\\/balmain-hair-spa-hoolduskomplekt-limited-edition-hair-spa-treatment-set\\\/#breadcrumb\",\"itemListElement\":[{\"@type\":\"ListItem\",\"position\":1,\"name\":\"Home\",\"item\":\"https:\\\/\\\/hairdeluxe.ee\\\/en\\\/\"},{\"@type\":\"ListItem\",\"position\":2,\"name\":\"Shop\",\"item\":\"https:\\\/\\\/hairdeluxe.ee\\\/en\\\/shop\\\/\"},{\"@type\":\"ListItem\",\"position\":3,\"name\":\"BALMAIN HAIR SPA hoolduskomplekt \\\/ Limited Edition Hair Spa Treatment Set\"}]},{\"@type\":\"WebSite\",\"@id\":\"https:\\\/\\\/hairdeluxe.ee\\\/en\\\/#website\",\"url\":\"https:\\\/\\\/hairdeluxe.ee\\\/en\\\/\",\"name\":\"Hair Deluxe\",\"description\":\"Highlight your natural beauty\",\"publisher\":{\"@id\":\"https:\\\/\\\/hairdeluxe.ee\\\/en\\\/#organization\"},\"potentialAction\":[{\"@type\":\"SearchAction\",\"target\":{\"@type\":\"EntryPoint\",\"urlTemplate\":\"https:\\\/\\\/hairdeluxe.ee\\\/en\\\/?s={search_term_string}\"},\"query-input\":{\"@type\":\"PropertyValueSpecification\",\"valueRequired\":true,\"valueName\":\"search_term_string\"}}],\"inLanguage\":\"en-US\"},{\"@type\":\"Organization\",\"@id\":\"https:\\\/\\\/hairdeluxe.ee\\\/en\\\/#organization\",\"name\":\"Hair Deluxe\",\"url\":\"https:\\\/\\\/hairdeluxe.ee\\\/en\\\/\",\"logo\":{\"@type\":\"ImageObject\",\"inLanguage\":\"en-US\",\"@id\":\"https:\\\/\\\/hairdeluxe.ee\\\/en\\\/#\\\/schema\\\/logo\\\/image\\\/\",\"url\":\"https:\\\/\\\/hairdeluxe.ee\\\/wp-content\\\/uploads\\\/2024\\\/06\\\/Hair-Deluxe-Logo-Dark-font.png\",\"contentUrl\":\"https:\\\/\\\/hairdeluxe.ee\\\/wp-content\\\/uploads\\\/2024\\\/06\\\/Hair-Deluxe-Logo-Dark-font.png\",\"width\":467,\"height\":177,\"caption\":\"Hair Deluxe\"},\"image\":{\"@id\":\"https:\\\/\\\/hairdeluxe.ee\\\/en\\\/#\\\/schema\\\/logo\\\/image\\\/\"},\"sameAs\":[\"https:\\\/\\\/www.facebook.com\\\/blowbartallinn\",\"https:\\\/\\\/www.instagram.com\\\/blowbar_tallinn\"]}]}<\/script>\n<!-- \/ Yoast SEO plugin. -->","yoast_head_json":{"title":"BALMAIN HAIR SPA hoolduskomplekt \/ Limited Edition Hair Spa Treatment Set - Hair Deluxe","robots":{"index":"index","follow":"follow","max-snippet":"max-snippet:-1","max-image-preview":"max-image-preview:large","max-video-preview":"max-video-preview:-1"},"canonical":"https:\/\/hairdeluxe.ee\/en\/product\/balmain-hair-spa-hoolduskomplekt-limited-edition-hair-spa-treatment-set\/","og_locale":"en_US","og_type":"article","og_title":"BALMAIN HAIR SPA hoolduskomplekt \/ Limited Edition Hair Spa Treatment Set - Hair Deluxe","og_description":"Suvine kuumus ja soolane ookeanivesi v\u00f5ivad muuta juuksed niisutust ja lisahooldust vajavaks. Tutvustame Balmain Hair Hair SPA juuksehoolduskomplekti, mis on spetsiaalselt loodud, et hoida juuksed piisavalt niisutatud kogu hooaja v\u00e4ltel.\u00a0See komplekt on ideaalne kombinatsioon tervete juuste s\u00e4ilitamiseks suvisel ajal. Balmain Hair niisutav shampoon ja palsam pakuvad kaitset UV-kiirte ja kuiva \u00f5hu eest. Peanaha massaa\u017eivahend lisab juuksehooldusrutiini l\u00f5\u00f5gastava puudutuse, soodustades vereringet ja v\u00e4hendades pingeid parema juuksekasvu nimel. Esmaklassiline Hair SPA hooldus tagamaks juustele optimaalne niisutus. \u2013 Peanaha massaa\u017eivahend \u2013 UV-kaitse ja niisutus \u2013 Stimuleerib juuste kasvu ja peanaha tervist  Kasutamine:\u00a0Alustuseks\u00a0kandke juustele niisutav shampoon. Seej\u00e4rel kasutage massaa\u017eivahendit liigutades v\u00e4ikeste ringjate liigutustega \u00fcle terve pea. J\u00e4tkake masseerimist toote v\u00e4lja loputamise ajal, et tagada oma peanaha p\u00f5hjalik puhastus. P\u00e4rast juuste t\u00e4ielikku loputamist kandke niisutav palsam m\u00e4rgadele, puhastele juustele ja loputage kolme minuti p\u00e4rast.","og_url":"https:\/\/hairdeluxe.ee\/en\/product\/balmain-hair-spa-hoolduskomplekt-limited-edition-hair-spa-treatment-set\/","og_site_name":"Hair Deluxe","article_publisher":"https:\/\/www.facebook.com\/blowbartallinn","article_modified_time":"2025-03-18T19:22:18+00:00","og_image":[{"width":1226,"height":1600,"url":"https:\/\/hairdeluxe.ee\/wp-content\/uploads\/2024\/04\/balmainhair_care_le_hair_spa_treatment_set_products_mood_01_8f5d.jpg","type":"image\/jpeg"}],"twitter_card":"summary_large_image","twitter_misc":{"Est. reading time":"1 minute"},"schema":{"@context":"https:\/\/schema.org","@graph":[{"@type":"WebPage","@id":"https:\/\/hairdeluxe.ee\/en\/product\/balmain-hair-spa-hoolduskomplekt-limited-edition-hair-spa-treatment-set\/","url":"https:\/\/hairdeluxe.ee\/en\/product\/balmain-hair-spa-hoolduskomplekt-limited-edition-hair-spa-treatment-set\/","name":"BALMAIN HAIR SPA hoolduskomplekt \/ Limited Edition Hair Spa Treatment Set - Hair Deluxe","isPartOf":{"@id":"https:\/\/hairdeluxe.ee\/en\/#website"},"primaryImageOfPage":{"@id":"https:\/\/hairdeluxe.ee\/en\/product\/balmain-hair-spa-hoolduskomplekt-limited-edition-hair-spa-treatment-set\/#primaryimage"},"image":{"@id":"https:\/\/hairdeluxe.ee\/en\/product\/balmain-hair-spa-hoolduskomplekt-limited-edition-hair-spa-treatment-set\/#primaryimage"},"thumbnailUrl":"https:\/\/hairdeluxe.ee\/wp-content\/uploads\/2024\/04\/balmainhair_care_le_hair_spa_treatment_set_products_mood_01_8f5d.jpg","datePublished":"2024-04-22T16:39:38+00:00","dateModified":"2025-03-18T19:22:18+00:00","breadcrumb":{"@id":"https:\/\/hairdeluxe.ee\/en\/product\/balmain-hair-spa-hoolduskomplekt-limited-edition-hair-spa-treatment-set\/#breadcrumb"},"inLanguage":"en-US","potentialAction":[{"@type":"ReadAction","target":["https:\/\/hairdeluxe.ee\/en\/product\/balmain-hair-spa-hoolduskomplekt-limited-edition-hair-spa-treatment-set\/"]}]},{"@type":"ImageObject","inLanguage":"en-US","@id":"https:\/\/hairdeluxe.ee\/en\/product\/balmain-hair-spa-hoolduskomplekt-limited-edition-hair-spa-treatment-set\/#primaryimage","url":"https:\/\/hairdeluxe.ee\/wp-content\/uploads\/2024\/04\/balmainhair_care_le_hair_spa_treatment_set_products_mood_01_8f5d.jpg","contentUrl":"https:\/\/hairdeluxe.ee\/wp-content\/uploads\/2024\/04\/balmainhair_care_le_hair_spa_treatment_set_products_mood_01_8f5d.jpg","width":1226,"height":1600},{"@type":"BreadcrumbList","@id":"https:\/\/hairdeluxe.ee\/en\/product\/balmain-hair-spa-hoolduskomplekt-limited-edition-hair-spa-treatment-set\/#breadcrumb","itemListElement":[{"@type":"ListItem","position":1,"name":"Home","item":"https:\/\/hairdeluxe.ee\/en\/"},{"@type":"ListItem","position":2,"name":"Shop","item":"https:\/\/hairdeluxe.ee\/en\/shop\/"},{"@type":"ListItem","position":3,"name":"BALMAIN HAIR SPA hoolduskomplekt \/ Limited Edition Hair Spa Treatment Set"}]},{"@type":"WebSite","@id":"https:\/\/hairdeluxe.ee\/en\/#website","url":"https:\/\/hairdeluxe.ee\/en\/","name":"Hair Deluxe","description":"Highlight your natural beauty","publisher":{"@id":"https:\/\/hairdeluxe.ee\/en\/#organization"},"potentialAction":[{"@type":"SearchAction","target":{"@type":"EntryPoint","urlTemplate":"https:\/\/hairdeluxe.ee\/en\/?s={search_term_string}"},"query-input":{"@type":"PropertyValueSpecification","valueRequired":true,"valueName":"search_term_string"}}],"inLanguage":"en-US"},{"@type":"Organization","@id":"https:\/\/hairdeluxe.ee\/en\/#organization","name":"Hair Deluxe","url":"https:\/\/hairdeluxe.ee\/en\/","logo":{"@type":"ImageObject","inLanguage":"en-US","@id":"https:\/\/hairdeluxe.ee\/en\/#\/schema\/logo\/image\/","url":"https:\/\/hairdeluxe.ee\/wp-content\/uploads\/2024\/06\/Hair-Deluxe-Logo-Dark-font.png","contentUrl":"https:\/\/hairdeluxe.ee\/wp-content\/uploads\/2024\/06\/Hair-Deluxe-Logo-Dark-font.png","width":467,"height":177,"caption":"Hair Deluxe"},"image":{"@id":"https:\/\/hairdeluxe.ee\/en\/#\/schema\/logo\/image\/"},"sameAs":["https:\/\/www.facebook.com\/blowbartallinn","https:\/\/www.instagram.com\/blowbar_tallinn"]}]}},"_links":{"self":[{"href":"https:\/\/hairdeluxe.ee\/en\/wp-json\/wp\/v2\/product\/40007","targetHints":{"allow":["GET"]}}],"collection":[{"href":"https:\/\/hairdeluxe.ee\/en\/wp-json\/wp\/v2\/product"}],"about":[{"href":"https:\/\/hairdeluxe.ee\/en\/wp-json\/wp\/v2\/types\/product"}],"wp:featuredmedia":[{"embeddable":true,"href":"https:\/\/hairdeluxe.ee\/en\/wp-json\/wp\/v2\/media\/39757"}],"wp:attachment":[{"href":"https:\/\/hairdeluxe.ee\/en\/wp-json\/wp\/v2\/media?parent=40007"}],"wp:term":[{"taxonomy":"product_brand","embeddable":true,"href":"https:\/\/hairdeluxe.ee\/en\/wp-json\/wp\/v2\/product_brand?post=40007"},{"taxonomy":"product_cat","embeddable":true,"href":"https:\/\/hairdeluxe.ee\/en\/wp-json\/wp\/v2\/product_cat?post=40007"},{"taxonomy":"product_tag","embeddable":true,"href":"https:\/\/hairdeluxe.ee\/en\/wp-json\/wp\/v2\/product_tag?post=40007"}],"curies":[{"name":"wp","href":"https:\/\/api.w.org\/{rel}","templated":true}]}}