{"id":40009,"date":"2024-04-22T19:44:52","date_gmt":"2024-04-22T16:44:52","guid":{"rendered":"https:\/\/blowbar.ee\/?post_type=product&#038;p=39756"},"modified":"2025-03-18T19:22:18","modified_gmt":"2025-03-18T19:22:18","slug":"balmain-juuksehoolduskomplekt-meestele-limited-edition-homme-essentials-set","status":"publish","type":"product","link":"https:\/\/hairdeluxe.ee\/en\/product\/balmain-juuksehoolduskomplekt-meestele-limited-edition-homme-essentials-set\/","title":{"rendered":"BALMAIN HAIR juuksehoolduskomplekt meestele \/ Limited Edition Homme Essentials Set"},"content":{"rendered":"<p><strong>Balmain Homme Styling Gel Medium 100ml<br \/>\n<\/strong>Aqua, Ceteareth-30, Cera Flava, Petrolatum, VP\/VA Copolymer, Microcrystalline Wax, Propylene Glycol, Parfum, Paraffinum Liquidum, Isopropyl Myristate, Glycerin, Lanolin, Cetearyl Alcohol, PVP, Hydrolyzed Keratin, Silk Amino Acids, Pricotone Olamine, Phenoxyethanol, Ethhylhexylglycerin, Sodium Polyacrylate, Hydrogenated Polydecene, Benzyl Salicylate, Citronellol, Coumarin, Limonene, Linalool, Trideceth-6, Sorbic Acid, Benzoic Acid.<\/p>\n<p><strong>Balmain Homme Hair &amp; Body Wash 200ml<\/strong><br \/>\nAqua\/water, Sodium Coceth Sulfate, Cocamidopropyl Betaine, Parfum\/Fragrance, Sodium Lauroyl Sarcosinate, Betaine, Argania Spinosa Kernel Oil, Hydrolyzed Silk, C12-13 Alkyl Lactate, Sodium Methyl Cocoyl Taurate, Sodium Cocoamphoacetate, Lauryl Glucoside, Hydroxyacetophenone, Guar Hydroxypropyltrimonium Chloride, Glyceryl Laurate, Propylene Glycol, Polyquaternium-7, PEG\/PPG-14\/4 Dimethicone, Citric Acid, Benzyl Salicylate, Sodium Chloride, Benzyl Alcohol.<\/p>\n","protected":false},"excerpt":{"rendered":"<p>Homme Essentials komplekt on l\u00e4bim\u00f5eldult loodud, et pakkuda kaasaegsele mehele \u00fclimat hoolduskogemust eelseisvatel p\u00e4ikeselistel p\u00e4evadel. Alates t\u00e4iuslikult kujundatud soengust kuni v\u00e4rskendava juukse- ja kehapuhastuseni, on selles komplektis olemas k\u00f5ik, et tunda end hoolitsetult. Olenemata sellest, kas osalete seltskondlikel koosviibimistel, seiklete looduses v\u00f5i lihtsalt l\u00f5\u00f5gastute, see komplekt annab teile alati parima v\u00e4limuse ja enesetunde.<br \/>\nKasutage Styling Gel Mediumit, et luua t\u00e4iuslik suvine soeng, mis p\u00fcsib muutumatuna iga tegevuse juures.<br \/>\nKasutage v\u00e4rskendavat juukse- ja kehapesuvahendit, et l\u00f5petada seiklusterohke p\u00e4ev meeldiva v\u00e4rskusega.<br \/>\nL\u00f5petage hooldusrutiin kasutades elegantset ja funktsionaalset Limited Edition juuksekammi, mis tagab, et k\u00f5ik juuksed on t\u00e4pselt omal kohal.<br \/>\n\u2013 Kiire v\u00e4rskendus<br \/>\n\u2013 Kaasas mattmust juuksekamm<br \/>\n\u2013 T\u00e4iuslikult sile soeng<\/p>\n<p><strong>Kasutamine:\u00a0<\/strong>Alustage Hair &amp; Body Wash\u00b4i kandmisega niisketele juustele. Masseerige \u00f5rnalt ja loputage. Kui juuksed on puhastatud mustusest ja liigsest rasust- kanda \u00fchtlaselt juustele Styling Gel Medium\u2019it. Kandke v\u00e4ike kogus geeli s\u00f5rmeotstele, seej\u00e4rel kujundage juuksed vastavalt soovile. Soengu kujundamisel kasutage kaasasolevat kammi.<\/p>\n","protected":false},"featured_media":39759,"template":"","meta":[],"product_brand":[464],"product_cat":[266,265,114,273,129,130,121,277,144],"product_tag":[],"class_list":{"0":"post-40009","1":"product","2":"type-product","3":"status-publish","4":"has-post-thumbnail","6":"product_brand-balmain-hair","7":"product_cat-balmain-hair","8":"product_cat-brandid","9":"product_cat-eripakkumised","10":"product_cat-juuksehooldus-meestele","11":"product_cat-kingitused","12":"product_cat-kinkekomplektid","13":"product_cat-koik-tooted","14":"product_cat-komplektid","15":"product_cat-meestele","17":"first","18":"instock","19":"taxable","20":"shipping-taxable","21":"purchasable","22":"product-type-simple","23":"add-to-wishlist-after_add_to_cart"},"yoast_head":"<!-- This site is optimized with the Yoast SEO plugin v27.5 - https:\/\/yoast.com\/product\/yoast-seo-wordpress\/ -->\n<title>BALMAIN HAIR juuksehoolduskomplekt meestele \/ Limited Edition Homme Essentials Set - Hair Deluxe<\/title>\n<meta name=\"robots\" content=\"index, follow, max-snippet:-1, max-image-preview:large, max-video-preview:-1\" \/>\n<link rel=\"canonical\" href=\"https:\/\/hairdeluxe.ee\/en\/product\/balmain-juuksehoolduskomplekt-meestele-limited-edition-homme-essentials-set\/\" \/>\n<meta property=\"og:locale\" content=\"en_US\" \/>\n<meta property=\"og:type\" content=\"article\" \/>\n<meta property=\"og:title\" content=\"BALMAIN HAIR juuksehoolduskomplekt meestele \/ Limited Edition Homme Essentials Set - Hair Deluxe\" \/>\n<meta property=\"og:description\" content=\"Homme Essentials komplekt on l\u00e4bim\u00f5eldult loodud, et pakkuda kaasaegsele mehele \u00fclimat hoolduskogemust eelseisvatel p\u00e4ikeselistel p\u00e4evadel. Alates t\u00e4iuslikult kujundatud soengust kuni v\u00e4rskendava juukse- ja kehapuhastuseni, on selles komplektis olemas k\u00f5ik, et tunda end hoolitsetult. Olenemata sellest, kas osalete seltskondlikel koosviibimistel, seiklete looduses v\u00f5i lihtsalt l\u00f5\u00f5gastute, see komplekt annab teile alati parima v\u00e4limuse ja enesetunde. Kasutage Styling Gel Mediumit, et luua t\u00e4iuslik suvine soeng, mis p\u00fcsib muutumatuna iga tegevuse juures. Kasutage v\u00e4rskendavat juukse- ja kehapesuvahendit, et l\u00f5petada seiklusterohke p\u00e4ev meeldiva v\u00e4rskusega. L\u00f5petage hooldusrutiin kasutades elegantset ja funktsionaalset Limited Edition juuksekammi, mis tagab, et k\u00f5ik juuksed on t\u00e4pselt omal kohal. \u2013 Kiire v\u00e4rskendus \u2013 Kaasas mattmust juuksekamm \u2013 T\u00e4iuslikult sile soeng  Kasutamine:\u00a0Alustage Hair &amp; Body Wash\u00b4i kandmisega niisketele juustele. Masseerige \u00f5rnalt ja loputage. Kui juuksed on puhastatud mustusest ja liigsest rasust- kanda \u00fchtlaselt juustele Styling Gel Medium\u2019it. Kandke v\u00e4ike kogus geeli s\u00f5rmeotstele, seej\u00e4rel kujundage juuksed vastavalt soovile. Soengu kujundamisel kasutage kaasasolevat kammi.\" \/>\n<meta property=\"og:url\" content=\"https:\/\/hairdeluxe.ee\/en\/product\/balmain-juuksehoolduskomplekt-meestele-limited-edition-homme-essentials-set\/\" \/>\n<meta property=\"og:site_name\" content=\"Hair Deluxe\" \/>\n<meta property=\"article:publisher\" content=\"https:\/\/www.facebook.com\/blowbartallinn\" \/>\n<meta property=\"article:modified_time\" content=\"2025-03-18T19:22:18+00:00\" \/>\n<meta property=\"og:image\" content=\"https:\/\/hairdeluxe.ee\/wp-content\/uploads\/2024\/04\/balmainhair_balmainhomme_le_homme_essentials_set_c2_24_01_le_cs_m_set_c2_24_800_c4c8.jpg\" \/>\n\t<meta property=\"og:image:width\" content=\"800\" \/>\n\t<meta property=\"og:image:height\" content=\"800\" \/>\n\t<meta property=\"og:image:type\" content=\"image\/jpeg\" \/>\n<meta name=\"twitter:card\" content=\"summary_large_image\" \/>\n<meta name=\"twitter:label1\" content=\"Est. reading time\" \/>\n\t<meta name=\"twitter:data1\" content=\"1 minute\" \/>\n<script type=\"application\/ld+json\" class=\"yoast-schema-graph\">{\"@context\":\"https:\\\/\\\/schema.org\",\"@graph\":[{\"@type\":\"WebPage\",\"@id\":\"https:\\\/\\\/hairdeluxe.ee\\\/en\\\/product\\\/balmain-juuksehoolduskomplekt-meestele-limited-edition-homme-essentials-set\\\/\",\"url\":\"https:\\\/\\\/hairdeluxe.ee\\\/en\\\/product\\\/balmain-juuksehoolduskomplekt-meestele-limited-edition-homme-essentials-set\\\/\",\"name\":\"BALMAIN HAIR juuksehoolduskomplekt meestele \\\/ Limited Edition Homme Essentials Set - Hair Deluxe\",\"isPartOf\":{\"@id\":\"https:\\\/\\\/hairdeluxe.ee\\\/en\\\/#website\"},\"primaryImageOfPage\":{\"@id\":\"https:\\\/\\\/hairdeluxe.ee\\\/en\\\/product\\\/balmain-juuksehoolduskomplekt-meestele-limited-edition-homme-essentials-set\\\/#primaryimage\"},\"image\":{\"@id\":\"https:\\\/\\\/hairdeluxe.ee\\\/en\\\/product\\\/balmain-juuksehoolduskomplekt-meestele-limited-edition-homme-essentials-set\\\/#primaryimage\"},\"thumbnailUrl\":\"https:\\\/\\\/hairdeluxe.ee\\\/wp-content\\\/uploads\\\/2024\\\/04\\\/balmainhair_balmainhomme_le_homme_essentials_set_c2_24_01_le_cs_m_set_c2_24_800_c4c8.jpg\",\"datePublished\":\"2024-04-22T16:44:52+00:00\",\"dateModified\":\"2025-03-18T19:22:18+00:00\",\"breadcrumb\":{\"@id\":\"https:\\\/\\\/hairdeluxe.ee\\\/en\\\/product\\\/balmain-juuksehoolduskomplekt-meestele-limited-edition-homme-essentials-set\\\/#breadcrumb\"},\"inLanguage\":\"en-US\",\"potentialAction\":[{\"@type\":\"ReadAction\",\"target\":[\"https:\\\/\\\/hairdeluxe.ee\\\/en\\\/product\\\/balmain-juuksehoolduskomplekt-meestele-limited-edition-homme-essentials-set\\\/\"]}]},{\"@type\":\"ImageObject\",\"inLanguage\":\"en-US\",\"@id\":\"https:\\\/\\\/hairdeluxe.ee\\\/en\\\/product\\\/balmain-juuksehoolduskomplekt-meestele-limited-edition-homme-essentials-set\\\/#primaryimage\",\"url\":\"https:\\\/\\\/hairdeluxe.ee\\\/wp-content\\\/uploads\\\/2024\\\/04\\\/balmainhair_balmainhomme_le_homme_essentials_set_c2_24_01_le_cs_m_set_c2_24_800_c4c8.jpg\",\"contentUrl\":\"https:\\\/\\\/hairdeluxe.ee\\\/wp-content\\\/uploads\\\/2024\\\/04\\\/balmainhair_balmainhomme_le_homme_essentials_set_c2_24_01_le_cs_m_set_c2_24_800_c4c8.jpg\",\"width\":800,\"height\":800},{\"@type\":\"BreadcrumbList\",\"@id\":\"https:\\\/\\\/hairdeluxe.ee\\\/en\\\/product\\\/balmain-juuksehoolduskomplekt-meestele-limited-edition-homme-essentials-set\\\/#breadcrumb\",\"itemListElement\":[{\"@type\":\"ListItem\",\"position\":1,\"name\":\"Home\",\"item\":\"https:\\\/\\\/hairdeluxe.ee\\\/en\\\/\"},{\"@type\":\"ListItem\",\"position\":2,\"name\":\"Shop\",\"item\":\"https:\\\/\\\/hairdeluxe.ee\\\/en\\\/shop\\\/\"},{\"@type\":\"ListItem\",\"position\":3,\"name\":\"BALMAIN HAIR juuksehoolduskomplekt meestele \\\/ Limited Edition Homme Essentials Set\"}]},{\"@type\":\"WebSite\",\"@id\":\"https:\\\/\\\/hairdeluxe.ee\\\/en\\\/#website\",\"url\":\"https:\\\/\\\/hairdeluxe.ee\\\/en\\\/\",\"name\":\"Hair Deluxe\",\"description\":\"Highlight your natural beauty\",\"publisher\":{\"@id\":\"https:\\\/\\\/hairdeluxe.ee\\\/en\\\/#organization\"},\"potentialAction\":[{\"@type\":\"SearchAction\",\"target\":{\"@type\":\"EntryPoint\",\"urlTemplate\":\"https:\\\/\\\/hairdeluxe.ee\\\/en\\\/?s={search_term_string}\"},\"query-input\":{\"@type\":\"PropertyValueSpecification\",\"valueRequired\":true,\"valueName\":\"search_term_string\"}}],\"inLanguage\":\"en-US\"},{\"@type\":\"Organization\",\"@id\":\"https:\\\/\\\/hairdeluxe.ee\\\/en\\\/#organization\",\"name\":\"Hair Deluxe\",\"url\":\"https:\\\/\\\/hairdeluxe.ee\\\/en\\\/\",\"logo\":{\"@type\":\"ImageObject\",\"inLanguage\":\"en-US\",\"@id\":\"https:\\\/\\\/hairdeluxe.ee\\\/en\\\/#\\\/schema\\\/logo\\\/image\\\/\",\"url\":\"https:\\\/\\\/hairdeluxe.ee\\\/wp-content\\\/uploads\\\/2024\\\/06\\\/Hair-Deluxe-Logo-Dark-font.png\",\"contentUrl\":\"https:\\\/\\\/hairdeluxe.ee\\\/wp-content\\\/uploads\\\/2024\\\/06\\\/Hair-Deluxe-Logo-Dark-font.png\",\"width\":467,\"height\":177,\"caption\":\"Hair Deluxe\"},\"image\":{\"@id\":\"https:\\\/\\\/hairdeluxe.ee\\\/en\\\/#\\\/schema\\\/logo\\\/image\\\/\"},\"sameAs\":[\"https:\\\/\\\/www.facebook.com\\\/blowbartallinn\",\"https:\\\/\\\/www.instagram.com\\\/blowbar_tallinn\"]}]}<\/script>\n<!-- \/ Yoast SEO plugin. -->","yoast_head_json":{"title":"BALMAIN HAIR juuksehoolduskomplekt meestele \/ Limited Edition Homme Essentials Set - Hair Deluxe","robots":{"index":"index","follow":"follow","max-snippet":"max-snippet:-1","max-image-preview":"max-image-preview:large","max-video-preview":"max-video-preview:-1"},"canonical":"https:\/\/hairdeluxe.ee\/en\/product\/balmain-juuksehoolduskomplekt-meestele-limited-edition-homme-essentials-set\/","og_locale":"en_US","og_type":"article","og_title":"BALMAIN HAIR juuksehoolduskomplekt meestele \/ Limited Edition Homme Essentials Set - Hair Deluxe","og_description":"Homme Essentials komplekt on l\u00e4bim\u00f5eldult loodud, et pakkuda kaasaegsele mehele \u00fclimat hoolduskogemust eelseisvatel p\u00e4ikeselistel p\u00e4evadel. Alates t\u00e4iuslikult kujundatud soengust kuni v\u00e4rskendava juukse- ja kehapuhastuseni, on selles komplektis olemas k\u00f5ik, et tunda end hoolitsetult. Olenemata sellest, kas osalete seltskondlikel koosviibimistel, seiklete looduses v\u00f5i lihtsalt l\u00f5\u00f5gastute, see komplekt annab teile alati parima v\u00e4limuse ja enesetunde. Kasutage Styling Gel Mediumit, et luua t\u00e4iuslik suvine soeng, mis p\u00fcsib muutumatuna iga tegevuse juures. Kasutage v\u00e4rskendavat juukse- ja kehapesuvahendit, et l\u00f5petada seiklusterohke p\u00e4ev meeldiva v\u00e4rskusega. L\u00f5petage hooldusrutiin kasutades elegantset ja funktsionaalset Limited Edition juuksekammi, mis tagab, et k\u00f5ik juuksed on t\u00e4pselt omal kohal. \u2013 Kiire v\u00e4rskendus \u2013 Kaasas mattmust juuksekamm \u2013 T\u00e4iuslikult sile soeng  Kasutamine:\u00a0Alustage Hair &amp; Body Wash\u00b4i kandmisega niisketele juustele. Masseerige \u00f5rnalt ja loputage. Kui juuksed on puhastatud mustusest ja liigsest rasust- kanda \u00fchtlaselt juustele Styling Gel Medium\u2019it. Kandke v\u00e4ike kogus geeli s\u00f5rmeotstele, seej\u00e4rel kujundage juuksed vastavalt soovile. Soengu kujundamisel kasutage kaasasolevat kammi.","og_url":"https:\/\/hairdeluxe.ee\/en\/product\/balmain-juuksehoolduskomplekt-meestele-limited-edition-homme-essentials-set\/","og_site_name":"Hair Deluxe","article_publisher":"https:\/\/www.facebook.com\/blowbartallinn","article_modified_time":"2025-03-18T19:22:18+00:00","og_image":[{"width":800,"height":800,"url":"https:\/\/hairdeluxe.ee\/wp-content\/uploads\/2024\/04\/balmainhair_balmainhomme_le_homme_essentials_set_c2_24_01_le_cs_m_set_c2_24_800_c4c8.jpg","type":"image\/jpeg"}],"twitter_card":"summary_large_image","twitter_misc":{"Est. reading time":"1 minute"},"schema":{"@context":"https:\/\/schema.org","@graph":[{"@type":"WebPage","@id":"https:\/\/hairdeluxe.ee\/en\/product\/balmain-juuksehoolduskomplekt-meestele-limited-edition-homme-essentials-set\/","url":"https:\/\/hairdeluxe.ee\/en\/product\/balmain-juuksehoolduskomplekt-meestele-limited-edition-homme-essentials-set\/","name":"BALMAIN HAIR juuksehoolduskomplekt meestele \/ Limited Edition Homme Essentials Set - Hair Deluxe","isPartOf":{"@id":"https:\/\/hairdeluxe.ee\/en\/#website"},"primaryImageOfPage":{"@id":"https:\/\/hairdeluxe.ee\/en\/product\/balmain-juuksehoolduskomplekt-meestele-limited-edition-homme-essentials-set\/#primaryimage"},"image":{"@id":"https:\/\/hairdeluxe.ee\/en\/product\/balmain-juuksehoolduskomplekt-meestele-limited-edition-homme-essentials-set\/#primaryimage"},"thumbnailUrl":"https:\/\/hairdeluxe.ee\/wp-content\/uploads\/2024\/04\/balmainhair_balmainhomme_le_homme_essentials_set_c2_24_01_le_cs_m_set_c2_24_800_c4c8.jpg","datePublished":"2024-04-22T16:44:52+00:00","dateModified":"2025-03-18T19:22:18+00:00","breadcrumb":{"@id":"https:\/\/hairdeluxe.ee\/en\/product\/balmain-juuksehoolduskomplekt-meestele-limited-edition-homme-essentials-set\/#breadcrumb"},"inLanguage":"en-US","potentialAction":[{"@type":"ReadAction","target":["https:\/\/hairdeluxe.ee\/en\/product\/balmain-juuksehoolduskomplekt-meestele-limited-edition-homme-essentials-set\/"]}]},{"@type":"ImageObject","inLanguage":"en-US","@id":"https:\/\/hairdeluxe.ee\/en\/product\/balmain-juuksehoolduskomplekt-meestele-limited-edition-homme-essentials-set\/#primaryimage","url":"https:\/\/hairdeluxe.ee\/wp-content\/uploads\/2024\/04\/balmainhair_balmainhomme_le_homme_essentials_set_c2_24_01_le_cs_m_set_c2_24_800_c4c8.jpg","contentUrl":"https:\/\/hairdeluxe.ee\/wp-content\/uploads\/2024\/04\/balmainhair_balmainhomme_le_homme_essentials_set_c2_24_01_le_cs_m_set_c2_24_800_c4c8.jpg","width":800,"height":800},{"@type":"BreadcrumbList","@id":"https:\/\/hairdeluxe.ee\/en\/product\/balmain-juuksehoolduskomplekt-meestele-limited-edition-homme-essentials-set\/#breadcrumb","itemListElement":[{"@type":"ListItem","position":1,"name":"Home","item":"https:\/\/hairdeluxe.ee\/en\/"},{"@type":"ListItem","position":2,"name":"Shop","item":"https:\/\/hairdeluxe.ee\/en\/shop\/"},{"@type":"ListItem","position":3,"name":"BALMAIN HAIR juuksehoolduskomplekt meestele \/ Limited Edition Homme Essentials Set"}]},{"@type":"WebSite","@id":"https:\/\/hairdeluxe.ee\/en\/#website","url":"https:\/\/hairdeluxe.ee\/en\/","name":"Hair Deluxe","description":"Highlight your natural beauty","publisher":{"@id":"https:\/\/hairdeluxe.ee\/en\/#organization"},"potentialAction":[{"@type":"SearchAction","target":{"@type":"EntryPoint","urlTemplate":"https:\/\/hairdeluxe.ee\/en\/?s={search_term_string}"},"query-input":{"@type":"PropertyValueSpecification","valueRequired":true,"valueName":"search_term_string"}}],"inLanguage":"en-US"},{"@type":"Organization","@id":"https:\/\/hairdeluxe.ee\/en\/#organization","name":"Hair Deluxe","url":"https:\/\/hairdeluxe.ee\/en\/","logo":{"@type":"ImageObject","inLanguage":"en-US","@id":"https:\/\/hairdeluxe.ee\/en\/#\/schema\/logo\/image\/","url":"https:\/\/hairdeluxe.ee\/wp-content\/uploads\/2024\/06\/Hair-Deluxe-Logo-Dark-font.png","contentUrl":"https:\/\/hairdeluxe.ee\/wp-content\/uploads\/2024\/06\/Hair-Deluxe-Logo-Dark-font.png","width":467,"height":177,"caption":"Hair Deluxe"},"image":{"@id":"https:\/\/hairdeluxe.ee\/en\/#\/schema\/logo\/image\/"},"sameAs":["https:\/\/www.facebook.com\/blowbartallinn","https:\/\/www.instagram.com\/blowbar_tallinn"]}]}},"_links":{"self":[{"href":"https:\/\/hairdeluxe.ee\/en\/wp-json\/wp\/v2\/product\/40009","targetHints":{"allow":["GET"]}}],"collection":[{"href":"https:\/\/hairdeluxe.ee\/en\/wp-json\/wp\/v2\/product"}],"about":[{"href":"https:\/\/hairdeluxe.ee\/en\/wp-json\/wp\/v2\/types\/product"}],"wp:featuredmedia":[{"embeddable":true,"href":"https:\/\/hairdeluxe.ee\/en\/wp-json\/wp\/v2\/media\/39759"}],"wp:attachment":[{"href":"https:\/\/hairdeluxe.ee\/en\/wp-json\/wp\/v2\/media?parent=40009"}],"wp:term":[{"taxonomy":"product_brand","embeddable":true,"href":"https:\/\/hairdeluxe.ee\/en\/wp-json\/wp\/v2\/product_brand?post=40009"},{"taxonomy":"product_cat","embeddable":true,"href":"https:\/\/hairdeluxe.ee\/en\/wp-json\/wp\/v2\/product_cat?post=40009"},{"taxonomy":"product_tag","embeddable":true,"href":"https:\/\/hairdeluxe.ee\/en\/wp-json\/wp\/v2\/product_tag?post=40009"}],"curies":[{"name":"wp","href":"https:\/\/api.w.org\/{rel}","templated":true}]}}